{"id":109,"date":"2020-05-19T14:58:18","date_gmt":"2020-05-19T15:58:18","guid":{"rendered":"https:\/\/tonalibus.org\/?page_id=109"},"modified":"2022-01-29T21:10:26","modified_gmt":"2022-01-29T20:10:26","slug":"harmonic-pivot","status":"publish","type":"page","link":"https:\/\/tonalibus.org\/de\/start\/harmonic-pivot\/","title":{"rendered":"Harmonischer Drehpunkt"},"content":{"rendered":"<p class=\"has-text-color\" style=\"color:#f7b320\">Ein Kernkonzept von Tonalibus ist der <a href=\"https:\/\/tonalibus.org\/de\/fundamentals\/highlights\/highlight-pivots\/\"><mark style=\"background-color:rgba(0, 0, 0, 0);color:#f7b320\" class=\"has-inline-color\">harmonische Drehpunkt<\/mark><\/a>.  Wir k\u00f6nnen einen harmonischen Drehpunkt realisieren, wenn etwas in vollem Einklang erscheint oder wir es als solches erkennen. Dann k\u00f6nnen wir in mehr oder weniger bewusster Realisation individueller oder kollektiver Erfahrung universelle Harmonie erkennen \u2013 oder das, was einige <a aria-label=\"undefiniert (\u00f6ffnet in einer neuen Registerkarte)\" href=\"https:\/\/de.wikipedia.org\/wiki\/Sph\u00e4renharmonie\" target=\"_blank\" rel=\"noreferrer noopener\"><mark style=\"background-color:rgba(0, 0, 0, 0);color:#f7b320\" class=\"has-inline-color\">Musik der Sph\u00e4ren<\/mark><\/a> nennen. Tonalibus zeigt unter anderem, wie <a href=\"https:\/\/tonalibus.org\/de\/fundamentals\/highlights\/even-waves-odd-circles\/\"><mark style=\"background-color:rgba(0, 0, 0, 0);color:#f7b320\" class=\"has-inline-color\">gerade Obert\u00f6ne Wellen erzeugen und ungerade Kreise schliessen<\/mark><\/a>.<\/p>","protected":false},"excerpt":{"rendered":"<p>Ein Kernkonzept von Tonalibus ist der harmonische Drehpunkt. Wir k\u00f6nnen einen harmonischen Drehpunkt erkennen, wenn die Dinge in voller \u00dcbereinstimmung erscheinen oder wir sie so sehen. Dann k\u00f6nnen wir die universelle Harmonie - oder das, was manche auch die Musik der Sph\u00e4ren nennen - in mehr oder weniger bewussten Realisierungen individueller und kollektiver ... <\/p>\n<p class=\"link-more\"><a href=\"https:\/\/tonalibus.org\/de\/start\/harmonic-pivot\/\" class=\"more-link\"><span class=\"screen-reader-text\">\"Harmonischer Drehpunkt\"<\/span> weiterlesen<\/a><\/p>","protected":false},"author":1,"featured_media":361,"parent":416,"menu_order":2,"comment_status":"closed","ping_status":"closed","template":"","meta":{"footnotes":""},"class_list":["post-109","page","type-page","status-publish","has-post-thumbnail","hentry"],"yoast_head":"<!-- This site is optimized with the Yoast SEO plugin v27.4 - https:\/\/yoast.com\/product\/yoast-seo-wordpress\/ -->\n<title>Harmonic Pivot &#8211; TONALIBUS, Anchored Harmony and Tonalities<\/title>\n<meta name=\"description\" content=\"For practical use, Tonalibus provides an overview and reference of anchored tonalities and their inherent harmonic qualities \u2013 including the harmonic pivot.\" \/>\n<meta name=\"robots\" content=\"index, follow, max-snippet:-1, max-image-preview:large, max-video-preview:-1\" \/>\n<link rel=\"canonical\" href=\"https:\/\/tonalibus.org\/de\/start\/harmonic-pivot\/\" \/>\n<meta property=\"og:locale\" content=\"de_DE\" \/>\n<meta property=\"og:type\" content=\"article\" \/>\n<meta property=\"og:title\" content=\"Harmonic Pivot &#8211; TONALIBUS, Anchored Harmony and Tonalities\" \/>\n<meta property=\"og:description\" content=\"For practical use, Tonalibus provides an overview and reference of anchored tonalities and their inherent harmonic qualities \u2013 including the harmonic pivot.\" \/>\n<meta property=\"og:url\" content=\"https:\/\/tonalibus.org\/de\/start\/harmonic-pivot\/\" \/>\n<meta property=\"og:site_name\" content=\"TONALIBUS\" \/>\n<meta property=\"article:modified_time\" content=\"2022-01-29T20:10:26+00:00\" \/>\n<meta property=\"og:image\" content=\"https:\/\/tonalibus.org\/wp-content\/uploads\/2020\/06\/pix-pivot-7d.jpg\" \/>\n\t<meta property=\"og:image:width\" content=\"1280\" \/>\n\t<meta property=\"og:image:height\" content=\"720\" \/>\n\t<meta property=\"og:image:type\" content=\"image\/jpeg\" \/>\n<meta name=\"twitter:card\" content=\"summary_large_image\" \/>\n<meta name=\"twitter:label1\" content=\"Gesch\u00e4tzte Lesezeit\" \/>\n\t<meta name=\"twitter:data1\" content=\"1\u00a0Minute\" \/>\n<script type=\"application\/ld+json\" class=\"yoast-schema-graph\">{\"@context\":\"https:\\\/\\\/schema.org\",\"@graph\":[{\"@type\":\"WebPage\",\"@id\":\"https:\\\/\\\/tonalibus.org\\\/start\\\/harmonic-pivot\\\/\",\"url\":\"https:\\\/\\\/tonalibus.org\\\/start\\\/harmonic-pivot\\\/\",\"name\":\"Harmonic Pivot &#8211; TONALIBUS, Anchored Harmony and Tonalities\",\"isPartOf\":{\"@id\":\"https:\\\/\\\/tonalibus.org\\\/de\\\/#website\"},\"primaryImageOfPage\":{\"@id\":\"https:\\\/\\\/tonalibus.org\\\/start\\\/harmonic-pivot\\\/#primaryimage\"},\"image\":{\"@id\":\"https:\\\/\\\/tonalibus.org\\\/start\\\/harmonic-pivot\\\/#primaryimage\"},\"thumbnailUrl\":\"https:\\\/\\\/tonalibus.org\\\/wp-content\\\/uploads\\\/2020\\\/06\\\/pix-pivot-7d.jpg\",\"datePublished\":\"2020-05-19T15:58:18+00:00\",\"dateModified\":\"2022-01-29T20:10:26+00:00\",\"description\":\"For practical use, Tonalibus provides an overview and reference of anchored tonalities and their inherent harmonic qualities \u2013 including the harmonic pivot.\",\"breadcrumb\":{\"@id\":\"https:\\\/\\\/tonalibus.org\\\/start\\\/harmonic-pivot\\\/#breadcrumb\"},\"inLanguage\":\"de-CH\",\"potentialAction\":[{\"@type\":\"ReadAction\",\"target\":[\"https:\\\/\\\/tonalibus.org\\\/start\\\/harmonic-pivot\\\/\"]}]},{\"@type\":\"ImageObject\",\"inLanguage\":\"de-CH\",\"@id\":\"https:\\\/\\\/tonalibus.org\\\/start\\\/harmonic-pivot\\\/#primaryimage\",\"url\":\"https:\\\/\\\/tonalibus.org\\\/wp-content\\\/uploads\\\/2020\\\/06\\\/pix-pivot-7d.jpg\",\"contentUrl\":\"https:\\\/\\\/tonalibus.org\\\/wp-content\\\/uploads\\\/2020\\\/06\\\/pix-pivot-7d.jpg\",\"width\":1280,\"height\":720,\"caption\":\"pix pivot\"},{\"@type\":\"BreadcrumbList\",\"@id\":\"https:\\\/\\\/tonalibus.org\\\/start\\\/harmonic-pivot\\\/#breadcrumb\",\"itemListElement\":[{\"@type\":\"ListItem\",\"position\":1,\"name\":\"Home\",\"item\":\"https:\\\/\\\/tonalibus.org\\\/\"},{\"@type\":\"ListItem\",\"position\":2,\"name\":\"Start\",\"item\":\"https:\\\/\\\/tonalibus.org\\\/\"},{\"@type\":\"ListItem\",\"position\":3,\"name\":\"Harmonic Pivot\"}]},{\"@type\":\"WebSite\",\"@id\":\"https:\\\/\\\/tonalibus.org\\\/de\\\/#website\",\"url\":\"https:\\\/\\\/tonalibus.org\\\/de\\\/\",\"name\":\"TONALIBUS\",\"description\":\"Anchored Harmony and Tonalities\",\"publisher\":{\"@id\":\"https:\\\/\\\/tonalibus.org\\\/de\\\/#\\\/schema\\\/person\\\/749261d7bc96d1f00127273f83ab96a4\"},\"potentialAction\":[{\"@type\":\"SearchAction\",\"target\":{\"@type\":\"EntryPoint\",\"urlTemplate\":\"https:\\\/\\\/tonalibus.org\\\/de\\\/?s={search_term_string}\"},\"query-input\":{\"@type\":\"PropertyValueSpecification\",\"valueRequired\":true,\"valueName\":\"search_term_string\"}}],\"inLanguage\":\"de-CH\"},{\"@type\":[\"Person\",\"Organization\"],\"@id\":\"https:\\\/\\\/tonalibus.org\\\/de\\\/#\\\/schema\\\/person\\\/749261d7bc96d1f00127273f83ab96a4\",\"name\":\"Ulrico\",\"image\":{\"@type\":\"ImageObject\",\"inLanguage\":\"de-CH\",\"@id\":\"https:\\\/\\\/tonalibus.org\\\/wp-content\\\/uploads\\\/2020\\\/06\\\/uli-pix.jpg\",\"url\":\"https:\\\/\\\/tonalibus.org\\\/wp-content\\\/uploads\\\/2020\\\/06\\\/uli-pix.jpg\",\"contentUrl\":\"https:\\\/\\\/tonalibus.org\\\/wp-content\\\/uploads\\\/2020\\\/06\\\/uli-pix.jpg\",\"width\":960,\"height\":720,\"caption\":\"Ulrico\"},\"logo\":{\"@id\":\"https:\\\/\\\/tonalibus.org\\\/wp-content\\\/uploads\\\/2020\\\/06\\\/uli-pix.jpg\"},\"sameAs\":[\"https:\\\/\\\/tonalibus.cyon.site\"]}]}<\/script>\n<!-- \/ Yoast SEO plugin. -->","yoast_head_json":{"title":"Harmonischer Drehpunkt - TONALIBUS, Verankerte Harmonie und Tonalit\u00e4ten","description":"F\u00fcr den praktischen Gebrauch bietet Tonalibus eine \u00dcbersicht und Referenz \u00fcber verankerte Tonalit\u00e4ten und die ihnen innewohnenden harmonischen Qualit\u00e4ten - einschlie\u00dflich des harmonischen Drehpunkts.","robots":{"index":"index","follow":"follow","max-snippet":"max-snippet:-1","max-image-preview":"max-image-preview:large","max-video-preview":"max-video-preview:-1"},"canonical":"https:\/\/tonalibus.org\/de\/start\/harmonic-pivot\/","og_locale":"de_DE","og_type":"article","og_title":"Harmonic Pivot &#8211; TONALIBUS, Anchored Harmony and Tonalities","og_description":"For practical use, Tonalibus provides an overview and reference of anchored tonalities and their inherent harmonic qualities \u2013 including the harmonic pivot.","og_url":"https:\/\/tonalibus.org\/de\/start\/harmonic-pivot\/","og_site_name":"TONALIBUS","article_modified_time":"2022-01-29T20:10:26+00:00","og_image":[{"width":1280,"height":720,"url":"https:\/\/tonalibus.org\/wp-content\/uploads\/2020\/06\/pix-pivot-7d.jpg","type":"image\/jpeg"}],"twitter_card":"summary_large_image","twitter_misc":{"Gesch\u00e4tzte Lesezeit":"1\u00a0Minute"},"schema":{"@context":"https:\/\/schema.org","@graph":[{"@type":"WebPage","@id":"https:\/\/tonalibus.org\/start\/harmonic-pivot\/","url":"https:\/\/tonalibus.org\/start\/harmonic-pivot\/","name":"Harmonischer Drehpunkt - TONALIBUS, Verankerte Harmonie und Tonalit\u00e4ten","isPartOf":{"@id":"https:\/\/tonalibus.org\/de\/#website"},"primaryImageOfPage":{"@id":"https:\/\/tonalibus.org\/start\/harmonic-pivot\/#primaryimage"},"image":{"@id":"https:\/\/tonalibus.org\/start\/harmonic-pivot\/#primaryimage"},"thumbnailUrl":"https:\/\/tonalibus.org\/wp-content\/uploads\/2020\/06\/pix-pivot-7d.jpg","datePublished":"2020-05-19T15:58:18+00:00","dateModified":"2022-01-29T20:10:26+00:00","description":"F\u00fcr den praktischen Gebrauch bietet Tonalibus eine \u00dcbersicht und Referenz \u00fcber verankerte Tonalit\u00e4ten und die ihnen innewohnenden harmonischen Qualit\u00e4ten - einschlie\u00dflich des harmonischen Drehpunkts.","breadcrumb":{"@id":"https:\/\/tonalibus.org\/start\/harmonic-pivot\/#breadcrumb"},"inLanguage":"de-CH","potentialAction":[{"@type":"ReadAction","target":["https:\/\/tonalibus.org\/start\/harmonic-pivot\/"]}]},{"@type":"ImageObject","inLanguage":"de-CH","@id":"https:\/\/tonalibus.org\/start\/harmonic-pivot\/#primaryimage","url":"https:\/\/tonalibus.org\/wp-content\/uploads\/2020\/06\/pix-pivot-7d.jpg","contentUrl":"https:\/\/tonalibus.org\/wp-content\/uploads\/2020\/06\/pix-pivot-7d.jpg","width":1280,"height":720,"caption":"pix pivot"},{"@type":"BreadcrumbList","@id":"https:\/\/tonalibus.org\/start\/harmonic-pivot\/#breadcrumb","itemListElement":[{"@type":"ListItem","position":1,"name":"Home","item":"https:\/\/tonalibus.org\/"},{"@type":"ListItem","position":2,"name":"Start","item":"https:\/\/tonalibus.org\/"},{"@type":"ListItem","position":3,"name":"Harmonic Pivot"}]},{"@type":"WebSite","@id":"https:\/\/tonalibus.org\/de\/#website","url":"https:\/\/tonalibus.org\/de\/","name":"TONALIBUS","description":"Verankerte Harmonie und Tonalit\u00e4ten","publisher":{"@id":"https:\/\/tonalibus.org\/de\/#\/schema\/person\/749261d7bc96d1f00127273f83ab96a4"},"potentialAction":[{"@type":"SearchAction","target":{"@type":"EntryPoint","urlTemplate":"https:\/\/tonalibus.org\/de\/?s={search_term_string}"},"query-input":{"@type":"PropertyValueSpecification","valueRequired":true,"valueName":"search_term_string"}}],"inLanguage":"de-CH"},{"@type":["Person","Organization"],"@id":"https:\/\/tonalibus.org\/de\/#\/schema\/person\/749261d7bc96d1f00127273f83ab96a4","name":"Ulrico","image":{"@type":"ImageObject","inLanguage":"de-CH","@id":"https:\/\/tonalibus.org\/wp-content\/uploads\/2020\/06\/uli-pix.jpg","url":"https:\/\/tonalibus.org\/wp-content\/uploads\/2020\/06\/uli-pix.jpg","contentUrl":"https:\/\/tonalibus.org\/wp-content\/uploads\/2020\/06\/uli-pix.jpg","width":960,"height":720,"caption":"Ulrico"},"logo":{"@id":"https:\/\/tonalibus.org\/wp-content\/uploads\/2020\/06\/uli-pix.jpg"},"sameAs":["https:\/\/tonalibus.cyon.site"]}]}},"_links":{"self":[{"href":"https:\/\/tonalibus.org\/de\/wp-json\/wp\/v2\/pages\/109","targetHints":{"allow":["GET"]}}],"collection":[{"href":"https:\/\/tonalibus.org\/de\/wp-json\/wp\/v2\/pages"}],"about":[{"href":"https:\/\/tonalibus.org\/de\/wp-json\/wp\/v2\/types\/page"}],"author":[{"embeddable":true,"href":"https:\/\/tonalibus.org\/de\/wp-json\/wp\/v2\/users\/1"}],"replies":[{"embeddable":true,"href":"https:\/\/tonalibus.org\/de\/wp-json\/wp\/v2\/comments?post=109"}],"version-history":[{"count":0,"href":"https:\/\/tonalibus.org\/de\/wp-json\/wp\/v2\/pages\/109\/revisions"}],"up":[{"embeddable":true,"href":"https:\/\/tonalibus.org\/de\/wp-json\/wp\/v2\/pages\/416"}],"wp:featuredmedia":[{"embeddable":true,"href":"https:\/\/tonalibus.org\/de\/wp-json\/wp\/v2\/media\/361"}],"wp:attachment":[{"href":"https:\/\/tonalibus.org\/de\/wp-json\/wp\/v2\/media?parent=109"}],"curies":[{"name":"wp","href":"https:\/\/api.w.org\/{rel}","templated":true}]}}