{"id":11592,"date":"2021-05-30T16:30:37","date_gmt":"2021-05-30T14:30:37","guid":{"rendered":"https:\/\/tonalibus.org\/?page_id=11592"},"modified":"2022-06-22T11:56:02","modified_gmt":"2022-06-22T09:56:02","slug":"lyddorian-or-clusterpro-acoustic-scale-loops","status":"publish","type":"page","link":"https:\/\/tonalibus.org\/de\/tonalities\/clustered-or-melodic-heptatonalities\/lyddorian-or-clusterpro-acoustic-scale\/lyddorian-or-clusterpro-acoustic-scale-loops\/","title":{"rendered":"LydDorisch oder ClusterPro (akustische Skala) Loops"},"content":{"rendered":"<h2 class=\"wp-block-heading\" id=\"sound-sample-loops-of-lyddorian-or-clusterpro-acoustic-scale-a-clustered-heptatonality\"><mark style=\"background-color:rgba(0, 0, 0, 0);color:#f7b320\" class=\"has-inline-color\">Tonbeispiel-Loops von <\/mark><a href=\"https:\/\/tonalibus.org\/de\/tonalities\/clustered-or-melodic-heptatonalities\/lyddorian-or-clusterpro-acoustic-scale\/\"><mark style=\"background-color:rgba(0, 0, 0, 0);color:#f7b320\" class=\"has-inline-color\">LydDorisch oder ClusterPro<\/mark><\/a><mark style=\"background-color:rgba(0, 0, 0, 0);color:#f7b320\" class=\"has-inline-color\"> (akustische Skala), eine <\/mark><a href=\"https:\/\/tonalibus.org\/de\/tonalities\/clustered-or-melodic-heptatonalities\/\"><mark style=\"background-color:rgba(0, 0, 0, 0);color:#f7b320\" class=\"has-inline-color\">geb\u00fcndelte Heptatonalit\u00e4t<\/mark><\/a><\/h2>\n\n\n\n<div style=\"height:15px\" aria-hidden=\"true\" class=\"wp-block-spacer\"><\/div>\n\n\n\n<figure class=\"wp-block-audio\"><audio controls src=\"https:\/\/tonalibus.org\/wp-content\/uploads\/2021\/05\/LydDorian-samp-loop-21-05-24.mp3\" loop><\/audio><figcaption><mark style=\"background-color:rgba(0, 0, 0, 0);color:#f7b320\" class=\"has-inline-color\">3) LydDorisch \/ ClusterPro \u2013 erweitertes Tonbeispiel \u2013 8-saitige Gitarre \u2013 Mai 2021 \u2013 3:36 Loop<\/mark><\/figcaption><\/figure>\n\n\n\n<figure class=\"wp-block-audio\"><audio controls src=\"https:\/\/tonalibus.org\/wp-content\/uploads\/2021\/05\/LydDorian-calm-loop-21-05-24.mp3\" loop><\/audio><figcaption><mark style=\"background-color:rgba(0, 0, 0, 0);color:#f7b320\" class=\"has-inline-color\">2) LydDorisch \/ ClusterPro \u2013 ruhiges Tonbeispiel \u2013 8-saitige Gitarre \u2013 Mai 2021 \u2013 1:03 Loop<\/mark><\/figcaption><\/figure>\n\n\n\n<figure class=\"wp-block-audio\"><audio controls src=\"https:\/\/tonalibus.org\/wp-content\/uploads\/2021\/05\/LydDorian-rhythm-loop-21-05-24.mp3\" loop><\/audio><figcaption><mark style=\"background-color:rgba(0, 0, 0, 0);color:#f7b320\" class=\"has-inline-color\">1) LydDorisch \/ ClusterPro \u2013 rhythmisches Tonbeispiel \u2013 0:49 Loop \u2013 spielt bis du es stoppst oder auf diesem Tab eine andere Seite aufrufst.<\/mark><\/figcaption><\/figure>\n\n\n\n<div style=\"height:36px\" aria-hidden=\"true\" class=\"wp-block-spacer\"><\/div>\n\n\n\n<p><mark style=\"background-color:rgba(0, 0, 0, 0);color:#f7b320\" class=\"has-inline-color\"><mark style=\"background-color:rgba(0, 0, 0, 0);color:#f7b320\" class=\"has-inline-color\"><mark style=\"background-color:rgba(0, 0, 0, 0);color:#f7b320\" class=\"has-inline-color\">Du kannst einen Tonbeispiel- oder Tonalit\u00e4ten-Loop als Ton-Mantra verwenden, zur <\/mark><a href=\"https:\/\/de.wikipedia.org\/wiki\/Kontemplation\" target=\"_blank\" rel=\"noreferrer noopener\"><mark style=\"background-color:rgba(0, 0, 0, 0);color:#f7b320\" class=\"has-inline-color\">Kontemplation<\/mark><\/a><mark style=\"background-color:rgba(0, 0, 0, 0);color:#f7b320\" class=\"has-inline-color\"> oder <\/mark><a href=\"https:\/\/de.wikipedia.org\/wiki\/Meditation\" target=\"_blank\" rel=\"noreferrer noopener\"><mark style=\"background-color:rgba(0, 0, 0, 0);color:#f7b320\" class=\"has-inline-color\">Meditation<\/mark><\/a><mark style=\"background-color:rgba(0, 0, 0, 0);color:#f7b320\" class=\"has-inline-color\">. Dies kann zum Anheben, L\u00e4utern und Fokussieren behilflich sein. Oder du kannst es einfach als beruhigenden Hintergrundton zur Entspannung und Regeneration benutzen. Wenn du mitsummen, chanten oder singen m\u00f6chtest, k\u00f6nntest du dazu z.B. eine spirituell gepr\u00e4gte Silbe verwenden, wie <\/mark><em><a href=\"https:\/\/tonalibus.org\/de\/about-tonalibus\/ulrico\/hu-mantra-of-soul\/\"><mark style=\"background-color:rgba(0, 0, 0, 0);color:#f7b320\" class=\"has-inline-color\">HU<\/mark><\/a><\/em><mark style=\"background-color:rgba(0, 0, 0, 0);color:#f7b320\" class=\"has-inline-color\"> oder <\/mark><a href=\"https:\/\/de.wikipedia.org\/wiki\/Om\" target=\"_blank\" rel=\"noreferrer noopener\"><em><mark style=\"background-color:rgba(0, 0, 0, 0);color:#f7b320\" class=\"has-inline-color\">\u014c\u1e41 \/ Aum<\/mark><\/em><\/a><mark style=\"background-color:rgba(0, 0, 0, 0);color:#f7b320\" class=\"has-inline-color\"> \u0950,<\/mark> oder eine andere f\u00fcr dich stimmige Mantra-Silbe.<\/mark><\/mark><\/p>\n\n\n\n<div style=\"height:56px\" aria-hidden=\"true\" class=\"wp-block-spacer\"><\/div>\n\n\n<div class=\"wp-block-image\">\n<figure class=\"aligncenter size-large is-resized\"><img loading=\"lazy\" decoding=\"async\" src=\"https:\/\/tonalibus.org\/wp-content\/uploads\/2021\/05\/IMG_4216-xcq-1024x342.jpg\" alt=\"LydDorian or ClusterPro (acoustic scale) loops\" class=\"wp-image-11504\" width=\"616\" height=\"206\" srcset=\"https:\/\/tonalibus.org\/wp-content\/uploads\/2021\/05\/IMG_4216-xcq-1024x342.jpg 1024w, https:\/\/tonalibus.org\/wp-content\/uploads\/2021\/05\/IMG_4216-xcq-300x100.jpg 300w, https:\/\/tonalibus.org\/wp-content\/uploads\/2021\/05\/IMG_4216-xcq-768x257.jpg 768w, https:\/\/tonalibus.org\/wp-content\/uploads\/2021\/05\/IMG_4216-xcq-1536x514.jpg 1536w, https:\/\/tonalibus.org\/wp-content\/uploads\/2021\/05\/IMG_4216-xcq-16x5.jpg 16w, https:\/\/tonalibus.org\/wp-content\/uploads\/2021\/05\/IMG_4216-xcq-1320x441.jpg 1320w, https:\/\/tonalibus.org\/wp-content\/uploads\/2021\/05\/IMG_4216-xcq.jpg 1687w\" sizes=\"auto, (max-width: 616px) 100vw, 616px\" \/><figcaption>Gletscherschmelzwasser, das von der Bl\u00fcemlisalp durch die Chiene hinunterfliesst, Kiental, Mai 2021<\/figcaption><\/figure>\n<\/div>\n\n\n<p><\/p>","protected":false},"excerpt":{"rendered":"<p>Klangbeispiele von LydDorian oder ClusterPro (akustische Skala), einer geclusterten Heptatonalit\u00e4t Sie k\u00f6nnen ein Klangbeispiel oder eine Tonalit\u00e4tsschleife als Klangmantra f\u00fcr Kontemplation oder Meditation nutzen. Dies kann bei der Erhebung, Reinigung und Fokussierung helfen. Oder Sie k\u00f6nnen es einfach als beruhigende Hintergrundmusik zur Entspannung und Regeneration verwenden. Wenn Sie summen m\u00f6chten, ... <\/p>\n<p class=\"link-more\"><a href=\"https:\/\/tonalibus.org\/de\/tonalities\/clustered-or-melodic-heptatonalities\/lyddorian-or-clusterpro-acoustic-scale\/lyddorian-or-clusterpro-acoustic-scale-loops\/\" class=\"more-link\"><span class=\"screen-reader-text\">\"LydDorian oder ClusterPro (akustische Skala) Schleifen\"<\/span> weiterlesen<\/a><\/p>","protected":false},"author":1,"featured_media":0,"parent":11585,"menu_order":0,"comment_status":"closed","ping_status":"closed","template":"","meta":{"footnotes":""},"class_list":["post-11592","page","type-page","status-publish","hentry"],"yoast_head":"<!-- This site is optimized with the Yoast SEO plugin v27.4 - https:\/\/yoast.com\/product\/yoast-seo-wordpress\/ -->\n<title>LydDorian or ClusterPro (acoustic scale) loops &#8211; TONALIBUS<\/title>\n<meta name=\"description\" content=\"This page features the sound sample loops of LydDorian or ClusterPro (acoustic scale) loops. You may enjoy a tonality loop as sound mantra.\" \/>\n<meta name=\"robots\" content=\"index, follow, max-snippet:-1, max-image-preview:large, max-video-preview:-1\" \/>\n<link rel=\"canonical\" href=\"https:\/\/tonalibus.org\/de\/tonalities\/clustered-or-melodic-heptatonalities\/lyddorian-or-clusterpro-acoustic-scale\/lyddorian-or-clusterpro-acoustic-scale-loops\/\" \/>\n<meta property=\"og:locale\" content=\"de_DE\" \/>\n<meta property=\"og:type\" content=\"article\" \/>\n<meta property=\"og:title\" content=\"LydDorian or ClusterPro (acoustic scale) loops &#8211; TONALIBUS\" \/>\n<meta property=\"og:description\" content=\"This page features the sound sample loops of LydDorian or ClusterPro (acoustic scale) loops. You may enjoy a tonality loop as sound mantra.\" \/>\n<meta property=\"og:url\" content=\"https:\/\/tonalibus.org\/de\/tonalities\/clustered-or-melodic-heptatonalities\/lyddorian-or-clusterpro-acoustic-scale\/lyddorian-or-clusterpro-acoustic-scale-loops\/\" \/>\n<meta property=\"og:site_name\" content=\"TONALIBUS\" \/>\n<meta property=\"article:modified_time\" content=\"2022-06-22T09:56:02+00:00\" \/>\n<meta property=\"og:image\" content=\"https:\/\/tonalibus.org\/wp-content\/uploads\/2021\/05\/IMG_4216-xcq-1024x342.jpg\" \/>\n<meta name=\"twitter:card\" content=\"summary_large_image\" \/>\n<meta name=\"twitter:label1\" content=\"Gesch\u00e4tzte Lesezeit\" \/>\n\t<meta name=\"twitter:data1\" content=\"1\u00a0Minute\" \/>\n<script type=\"application\/ld+json\" class=\"yoast-schema-graph\">{\"@context\":\"https:\\\/\\\/schema.org\",\"@graph\":[{\"@type\":\"WebPage\",\"@id\":\"https:\\\/\\\/tonalibus.org\\\/tonalities\\\/clustered-or-melodic-heptatonalities\\\/lyddorian-or-clusterpro-acoustic-scale\\\/lyddorian-or-clusterpro-acoustic-scale-loops\\\/\",\"url\":\"https:\\\/\\\/tonalibus.org\\\/tonalities\\\/clustered-or-melodic-heptatonalities\\\/lyddorian-or-clusterpro-acoustic-scale\\\/lyddorian-or-clusterpro-acoustic-scale-loops\\\/\",\"name\":\"LydDorian or ClusterPro (acoustic scale) loops &#8211; TONALIBUS\",\"isPartOf\":{\"@id\":\"https:\\\/\\\/tonalibus.org\\\/de\\\/#website\"},\"primaryImageOfPage\":{\"@id\":\"https:\\\/\\\/tonalibus.org\\\/tonalities\\\/clustered-or-melodic-heptatonalities\\\/lyddorian-or-clusterpro-acoustic-scale\\\/lyddorian-or-clusterpro-acoustic-scale-loops\\\/#primaryimage\"},\"image\":{\"@id\":\"https:\\\/\\\/tonalibus.org\\\/tonalities\\\/clustered-or-melodic-heptatonalities\\\/lyddorian-or-clusterpro-acoustic-scale\\\/lyddorian-or-clusterpro-acoustic-scale-loops\\\/#primaryimage\"},\"thumbnailUrl\":\"https:\\\/\\\/tonalibus.org\\\/wp-content\\\/uploads\\\/2021\\\/05\\\/IMG_4216-xcq-1024x342.jpg\",\"datePublished\":\"2021-05-30T14:30:37+00:00\",\"dateModified\":\"2022-06-22T09:56:02+00:00\",\"description\":\"This page features the sound sample loops of LydDorian or ClusterPro (acoustic scale) loops. You may enjoy a tonality loop as sound mantra.\",\"breadcrumb\":{\"@id\":\"https:\\\/\\\/tonalibus.org\\\/tonalities\\\/clustered-or-melodic-heptatonalities\\\/lyddorian-or-clusterpro-acoustic-scale\\\/lyddorian-or-clusterpro-acoustic-scale-loops\\\/#breadcrumb\"},\"inLanguage\":\"de-CH\",\"potentialAction\":[{\"@type\":\"ReadAction\",\"target\":[\"https:\\\/\\\/tonalibus.org\\\/tonalities\\\/clustered-or-melodic-heptatonalities\\\/lyddorian-or-clusterpro-acoustic-scale\\\/lyddorian-or-clusterpro-acoustic-scale-loops\\\/\"]}]},{\"@type\":\"ImageObject\",\"inLanguage\":\"de-CH\",\"@id\":\"https:\\\/\\\/tonalibus.org\\\/tonalities\\\/clustered-or-melodic-heptatonalities\\\/lyddorian-or-clusterpro-acoustic-scale\\\/lyddorian-or-clusterpro-acoustic-scale-loops\\\/#primaryimage\",\"url\":\"https:\\\/\\\/tonalibus.org\\\/wp-content\\\/uploads\\\/2021\\\/05\\\/IMG_4216-xcq-1024x342.jpg\",\"contentUrl\":\"https:\\\/\\\/tonalibus.org\\\/wp-content\\\/uploads\\\/2021\\\/05\\\/IMG_4216-xcq-1024x342.jpg\"},{\"@type\":\"BreadcrumbList\",\"@id\":\"https:\\\/\\\/tonalibus.org\\\/tonalities\\\/clustered-or-melodic-heptatonalities\\\/lyddorian-or-clusterpro-acoustic-scale\\\/lyddorian-or-clusterpro-acoustic-scale-loops\\\/#breadcrumb\",\"itemListElement\":[{\"@type\":\"ListItem\",\"position\":1,\"name\":\"Home\",\"item\":\"https:\\\/\\\/tonalibus.org\\\/\"},{\"@type\":\"ListItem\",\"position\":2,\"name\":\"Tonalities\",\"item\":\"https:\\\/\\\/tonalibus.org\\\/tonalities\\\/\"},{\"@type\":\"ListItem\",\"position\":3,\"name\":\"Clustered (or Melodic) Heptatonalities\",\"item\":\"https:\\\/\\\/tonalibus.org\\\/tonalities\\\/clustered-or-melodic-heptatonalities\\\/\"},{\"@type\":\"ListItem\",\"position\":4,\"name\":\"LydDorian or ClusterPro (acoustic scale)\",\"item\":\"https:\\\/\\\/tonalibus.org\\\/tonalities\\\/clustered-or-melodic-heptatonalities\\\/lyddorian-or-clusterpro-acoustic-scale\\\/\"},{\"@type\":\"ListItem\",\"position\":5,\"name\":\"LydDorian or ClusterPro (acoustic scale) loops\"}]},{\"@type\":\"WebSite\",\"@id\":\"https:\\\/\\\/tonalibus.org\\\/de\\\/#website\",\"url\":\"https:\\\/\\\/tonalibus.org\\\/de\\\/\",\"name\":\"TONALIBUS\",\"description\":\"Anchored Harmony and Tonalities\",\"publisher\":{\"@id\":\"https:\\\/\\\/tonalibus.org\\\/de\\\/#\\\/schema\\\/person\\\/749261d7bc96d1f00127273f83ab96a4\"},\"potentialAction\":[{\"@type\":\"SearchAction\",\"target\":{\"@type\":\"EntryPoint\",\"urlTemplate\":\"https:\\\/\\\/tonalibus.org\\\/de\\\/?s={search_term_string}\"},\"query-input\":{\"@type\":\"PropertyValueSpecification\",\"valueRequired\":true,\"valueName\":\"search_term_string\"}}],\"inLanguage\":\"de-CH\"},{\"@type\":[\"Person\",\"Organization\"],\"@id\":\"https:\\\/\\\/tonalibus.org\\\/de\\\/#\\\/schema\\\/person\\\/749261d7bc96d1f00127273f83ab96a4\",\"name\":\"Ulrico\",\"image\":{\"@type\":\"ImageObject\",\"inLanguage\":\"de-CH\",\"@id\":\"https:\\\/\\\/tonalibus.org\\\/wp-content\\\/uploads\\\/2020\\\/06\\\/uli-pix.jpg\",\"url\":\"https:\\\/\\\/tonalibus.org\\\/wp-content\\\/uploads\\\/2020\\\/06\\\/uli-pix.jpg\",\"contentUrl\":\"https:\\\/\\\/tonalibus.org\\\/wp-content\\\/uploads\\\/2020\\\/06\\\/uli-pix.jpg\",\"width\":960,\"height\":720,\"caption\":\"Ulrico\"},\"logo\":{\"@id\":\"https:\\\/\\\/tonalibus.org\\\/wp-content\\\/uploads\\\/2020\\\/06\\\/uli-pix.jpg\"},\"sameAs\":[\"https:\\\/\\\/tonalibus.cyon.site\"]}]}<\/script>\n<!-- \/ Yoast SEO plugin. -->","yoast_head_json":{"title":"LydDorian- oder ClusterPro-Schleifen (akustische Skala) - TONALIBUS","description":"Auf dieser Seite finden Sie die Klangbeispiel-Loops von LydDorian oder ClusterPro (akustische Skala). Sie k\u00f6nnen eine Tonality-Loop als Klang-Mantra genie\u00dfen.","robots":{"index":"index","follow":"follow","max-snippet":"max-snippet:-1","max-image-preview":"max-image-preview:large","max-video-preview":"max-video-preview:-1"},"canonical":"https:\/\/tonalibus.org\/de\/tonalities\/clustered-or-melodic-heptatonalities\/lyddorian-or-clusterpro-acoustic-scale\/lyddorian-or-clusterpro-acoustic-scale-loops\/","og_locale":"de_DE","og_type":"article","og_title":"LydDorian or ClusterPro (acoustic scale) loops &#8211; TONALIBUS","og_description":"This page features the sound sample loops of LydDorian or ClusterPro (acoustic scale) loops. You may enjoy a tonality loop as sound mantra.","og_url":"https:\/\/tonalibus.org\/de\/tonalities\/clustered-or-melodic-heptatonalities\/lyddorian-or-clusterpro-acoustic-scale\/lyddorian-or-clusterpro-acoustic-scale-loops\/","og_site_name":"TONALIBUS","article_modified_time":"2022-06-22T09:56:02+00:00","og_image":[{"url":"https:\/\/tonalibus.org\/wp-content\/uploads\/2021\/05\/IMG_4216-xcq-1024x342.jpg","type":"","width":"","height":""}],"twitter_card":"summary_large_image","twitter_misc":{"Gesch\u00e4tzte Lesezeit":"1\u00a0Minute"},"schema":{"@context":"https:\/\/schema.org","@graph":[{"@type":"WebPage","@id":"https:\/\/tonalibus.org\/tonalities\/clustered-or-melodic-heptatonalities\/lyddorian-or-clusterpro-acoustic-scale\/lyddorian-or-clusterpro-acoustic-scale-loops\/","url":"https:\/\/tonalibus.org\/tonalities\/clustered-or-melodic-heptatonalities\/lyddorian-or-clusterpro-acoustic-scale\/lyddorian-or-clusterpro-acoustic-scale-loops\/","name":"LydDorian- oder ClusterPro-Schleifen (akustische Skala) - TONALIBUS","isPartOf":{"@id":"https:\/\/tonalibus.org\/de\/#website"},"primaryImageOfPage":{"@id":"https:\/\/tonalibus.org\/tonalities\/clustered-or-melodic-heptatonalities\/lyddorian-or-clusterpro-acoustic-scale\/lyddorian-or-clusterpro-acoustic-scale-loops\/#primaryimage"},"image":{"@id":"https:\/\/tonalibus.org\/tonalities\/clustered-or-melodic-heptatonalities\/lyddorian-or-clusterpro-acoustic-scale\/lyddorian-or-clusterpro-acoustic-scale-loops\/#primaryimage"},"thumbnailUrl":"https:\/\/tonalibus.org\/wp-content\/uploads\/2021\/05\/IMG_4216-xcq-1024x342.jpg","datePublished":"2021-05-30T14:30:37+00:00","dateModified":"2022-06-22T09:56:02+00:00","description":"Auf dieser Seite finden Sie die Klangbeispiel-Loops von LydDorian oder ClusterPro (akustische Skala). Sie k\u00f6nnen eine Tonality-Loop als Klang-Mantra genie\u00dfen.","breadcrumb":{"@id":"https:\/\/tonalibus.org\/tonalities\/clustered-or-melodic-heptatonalities\/lyddorian-or-clusterpro-acoustic-scale\/lyddorian-or-clusterpro-acoustic-scale-loops\/#breadcrumb"},"inLanguage":"de-CH","potentialAction":[{"@type":"ReadAction","target":["https:\/\/tonalibus.org\/tonalities\/clustered-or-melodic-heptatonalities\/lyddorian-or-clusterpro-acoustic-scale\/lyddorian-or-clusterpro-acoustic-scale-loops\/"]}]},{"@type":"ImageObject","inLanguage":"de-CH","@id":"https:\/\/tonalibus.org\/tonalities\/clustered-or-melodic-heptatonalities\/lyddorian-or-clusterpro-acoustic-scale\/lyddorian-or-clusterpro-acoustic-scale-loops\/#primaryimage","url":"https:\/\/tonalibus.org\/wp-content\/uploads\/2021\/05\/IMG_4216-xcq-1024x342.jpg","contentUrl":"https:\/\/tonalibus.org\/wp-content\/uploads\/2021\/05\/IMG_4216-xcq-1024x342.jpg"},{"@type":"BreadcrumbList","@id":"https:\/\/tonalibus.org\/tonalities\/clustered-or-melodic-heptatonalities\/lyddorian-or-clusterpro-acoustic-scale\/lyddorian-or-clusterpro-acoustic-scale-loops\/#breadcrumb","itemListElement":[{"@type":"ListItem","position":1,"name":"Home","item":"https:\/\/tonalibus.org\/"},{"@type":"ListItem","position":2,"name":"Tonalities","item":"https:\/\/tonalibus.org\/tonalities\/"},{"@type":"ListItem","position":3,"name":"Clustered (or Melodic) Heptatonalities","item":"https:\/\/tonalibus.org\/tonalities\/clustered-or-melodic-heptatonalities\/"},{"@type":"ListItem","position":4,"name":"LydDorian or ClusterPro (acoustic scale)","item":"https:\/\/tonalibus.org\/tonalities\/clustered-or-melodic-heptatonalities\/lyddorian-or-clusterpro-acoustic-scale\/"},{"@type":"ListItem","position":5,"name":"LydDorian or ClusterPro (acoustic scale) loops"}]},{"@type":"WebSite","@id":"https:\/\/tonalibus.org\/de\/#website","url":"https:\/\/tonalibus.org\/de\/","name":"TONALIBUS","description":"Verankerte Harmonie und Tonalit\u00e4ten","publisher":{"@id":"https:\/\/tonalibus.org\/de\/#\/schema\/person\/749261d7bc96d1f00127273f83ab96a4"},"potentialAction":[{"@type":"SearchAction","target":{"@type":"EntryPoint","urlTemplate":"https:\/\/tonalibus.org\/de\/?s={search_term_string}"},"query-input":{"@type":"PropertyValueSpecification","valueRequired":true,"valueName":"search_term_string"}}],"inLanguage":"de-CH"},{"@type":["Person","Organization"],"@id":"https:\/\/tonalibus.org\/de\/#\/schema\/person\/749261d7bc96d1f00127273f83ab96a4","name":"Ulrico","image":{"@type":"ImageObject","inLanguage":"de-CH","@id":"https:\/\/tonalibus.org\/wp-content\/uploads\/2020\/06\/uli-pix.jpg","url":"https:\/\/tonalibus.org\/wp-content\/uploads\/2020\/06\/uli-pix.jpg","contentUrl":"https:\/\/tonalibus.org\/wp-content\/uploads\/2020\/06\/uli-pix.jpg","width":960,"height":720,"caption":"Ulrico"},"logo":{"@id":"https:\/\/tonalibus.org\/wp-content\/uploads\/2020\/06\/uli-pix.jpg"},"sameAs":["https:\/\/tonalibus.cyon.site"]}]}},"_links":{"self":[{"href":"https:\/\/tonalibus.org\/de\/wp-json\/wp\/v2\/pages\/11592","targetHints":{"allow":["GET"]}}],"collection":[{"href":"https:\/\/tonalibus.org\/de\/wp-json\/wp\/v2\/pages"}],"about":[{"href":"https:\/\/tonalibus.org\/de\/wp-json\/wp\/v2\/types\/page"}],"author":[{"embeddable":true,"href":"https:\/\/tonalibus.org\/de\/wp-json\/wp\/v2\/users\/1"}],"replies":[{"embeddable":true,"href":"https:\/\/tonalibus.org\/de\/wp-json\/wp\/v2\/comments?post=11592"}],"version-history":[{"count":0,"href":"https:\/\/tonalibus.org\/de\/wp-json\/wp\/v2\/pages\/11592\/revisions"}],"up":[{"embeddable":true,"href":"https:\/\/tonalibus.org\/de\/wp-json\/wp\/v2\/pages\/11585"}],"wp:attachment":[{"href":"https:\/\/tonalibus.org\/de\/wp-json\/wp\/v2\/media?parent=11592"}],"curies":[{"name":"wp","href":"https:\/\/api.w.org\/{rel}","templated":true}]}}