{"id":11901,"date":"2021-06-15T12:08:22","date_gmt":"2021-06-15T10:08:22","guid":{"rendered":"https:\/\/tonalibus.org\/?page_id=11901"},"modified":"2023-11-10T11:19:00","modified_gmt":"2023-11-10T10:19:00","slug":"omnibus-posts","status":"publish","type":"page","link":"https:\/\/tonalibus.org\/de\/spiritualibus-blog\/omnibus-posts\/","title":{"rendered":"Omnibus-Beitr\u00e4ge"},"content":{"rendered":"<h2 class=\"wp-block-heading has-text-align-center\"><mark style=\"background-color:rgba(0, 0, 0, 0);color:#f7b320\" class=\"has-inline-color\">Spiritualibus Blog-Beitr\u00e4ge der Kategorie Omnibus<\/mark><\/h2>\n\n\n\n<p class=\"has-text-align-center\"><mark style=\"background-color:rgba(0, 0, 0, 0);color:#f7b320\" class=\"has-inline-color\">Beitr\u00e4ge der Kategorie Omnibus sind Highlight-Beitr\u00e4ge aus allen Kategorien.<\/mark><\/p>\n\n\n\n<div style=\"height:20px\" aria-hidden=\"true\" class=\"wp-block-spacer\"><\/div>\n\n\n<ul class=\"wp-block-latest-posts__list has-dates aligncenter wp-block-latest-posts\"><li><a class=\"wp-block-latest-posts__post-title\" href=\"https:\/\/tonalibus.org\/de\/2026\/01\/27\/looking-beyond-duality\/\">\u00dcber die Dualit\u00e4t hinausblicken<\/a><time datetime=\"2026-01-27T14:47:16+01:00\" class=\"wp-block-latest-posts__post-date\">27. Januar 2026<\/time><div class=\"wp-block-latest-posts__post-excerpt\">\u00dcber die Dualit\u00e4t hinausblicken\nbeendet die Entpersonifizierung\nals abgeschlossenes Experiment\nmit der klar gegebenen Erkenntnis\nder Personifizierung in allen Dingen\n. . .<\/div><\/li>\n<li><a class=\"wp-block-latest-posts__post-title\" href=\"https:\/\/tonalibus.org\/de\/2025\/10\/14\/reality-theater\/\">Realit\u00e4ts-Theater<\/a><time datetime=\"2025-10-14T22:39:10+02:00\" class=\"wp-block-latest-posts__post-date\">14. Oktober 2025<\/time><div class=\"wp-block-latest-posts__post-excerpt\">Realit\u00e4ts-Theater\noder Theater-Realit\u00e4t\nwas ist der Unterschied\ngibt es einen Unterschied \n...<\/div><\/li>\n<li><a class=\"wp-block-latest-posts__post-title\" href=\"https:\/\/tonalibus.org\/de\/2025\/08\/26\/a-small-child\/\">Ein kleines Kind<\/a><time datetime=\"2025-08-26T17:27:02+02:00\" class=\"wp-block-latest-posts__post-date\">26. August 2025<\/time><div class=\"wp-block-latest-posts__post-excerpt\">Ein kleines Kind\nversteckt sich im Herz\nund glaubt felsenfest\nan Feen und Zwerge\nan Gutes im Mensch\n...<\/div><\/li>\n<li><a class=\"wp-block-latest-posts__post-title\" href=\"https:\/\/tonalibus.org\/de\/2025\/03\/27\/sound-of-silence\/\">Der Klang der Stille<\/a><time datetime=\"2025-03-27T10:36:29+01:00\" class=\"wp-block-latest-posts__post-date\">27. M\u00e4rz 2025<\/time><div class=\"wp-block-latest-posts__post-excerpt\">Der Klang der Stille...\nzu h\u00f6ren \u2013 wahrzunehmen\neiner f\u00fcr alle und alle f\u00fcr einen\n...<\/div><\/li>\n<li><a class=\"wp-block-latest-posts__post-title\" href=\"https:\/\/tonalibus.org\/de\/2025\/02\/24\/the-good-of-religions\/\">Das Gute der Religionen<\/a><time datetime=\"2025-02-24T06:50:37+01:00\" class=\"wp-block-latest-posts__post-date\">24. Februar 2025<\/time><div class=\"wp-block-latest-posts__post-excerpt\">Das Gute der Religionen und des Glaubens\nDas Gute von Mohammed und Mose\nDas Gute von Jesus und Buddha\nDas Gute von Brahma und Tao\nDas Gute von Gott und Allem...<\/div><\/li>\n<li><a class=\"wp-block-latest-posts__post-title\" href=\"https:\/\/tonalibus.org\/de\/2024\/06\/19\/a-lions-roar\/\">Br\u00fcllen wie ein L\u00f6we<\/a><time datetime=\"2024-06-19T18:10:40+02:00\" class=\"wp-block-latest-posts__post-date\">19. Juni 2024<\/time><div class=\"wp-block-latest-posts__post-excerpt\">Dass alles ist, wie du bist\nDass alles du bist\nDass du bist\nDu alles bist\nDu bist, wie alles ist\nDas ist etwas, das ist\n...<\/div><\/li>\n<li><a class=\"wp-block-latest-posts__post-title\" href=\"https:\/\/tonalibus.org\/de\/2024\/05\/13\/life-love-and-the-divine\/\">Leben, Liebe und das G\u00f6ttliche<\/a><time datetime=\"2024-05-13T09:50:11+02:00\" class=\"wp-block-latest-posts__post-date\">13. Mai 2024<\/time><div class=\"wp-block-latest-posts__post-excerpt\">Leben, Liebe und das G\u00f6ttliche\nMein Stammbaum von Lehrern\nJa, es ist m\u00f6glich, frei zu sein\nVon Pers\u00f6nlichkeits-Bindung \n...<\/div><\/li>\n<li><a class=\"wp-block-latest-posts__post-title\" href=\"https:\/\/tonalibus.org\/de\/2023\/07\/20\/total-honesty\/\">Totale Ehrlichkeit<\/a><time datetime=\"2023-07-20T12:00:17+02:00\" class=\"wp-block-latest-posts__post-date\">20. Juli 2023<\/time><div class=\"wp-block-latest-posts__post-excerpt\">Totale Ehrlichkeit\nInnen und aussen\nWird unbesiegbar\nBis zum Ausmass\nEiner Realisation\n...<\/div><\/li>\n<li><a class=\"wp-block-latest-posts__post-title\" href=\"https:\/\/tonalibus.org\/de\/2022\/04\/17\/tathagata\/\">Tathagata<\/a><time datetime=\"2022-04-17T14:32:20+02:00\" class=\"wp-block-latest-posts__post-date\">17. April 2022<\/time><div class=\"wp-block-latest-posts__post-excerpt\">Tathagata\nwas und wer\nirgendetwas\ngar nichts\nalle Dinge\n...\n<\/div><\/li>\n<li><a class=\"wp-block-latest-posts__post-title\" href=\"https:\/\/tonalibus.org\/de\/2021\/05\/15\/ones-own-way\/\">Der eigene Weg<\/a><time datetime=\"2021-05-15T04:08:46+02:00\" class=\"wp-block-latest-posts__post-date\">15. Mai 2021<\/time><div class=\"wp-block-latest-posts__post-excerpt\">Ja, ich gehe meinen Weg!\nGehst du deinen Weg?\nDenn wenn nicht, tats\u00e4chlich\nGehst du nicht deinen Weg.\nKann jemand \u00fcberhaupt jemals\nDen Weg eines anderen gehen ...<\/div><\/li>\n<li><a class=\"wp-block-latest-posts__post-title\" href=\"https:\/\/tonalibus.org\/de\/2020\/12\/10\/dear-god-dear-love\/\">Lieber Gott<\/a><time datetime=\"2020-12-10T10:12:38+01:00\" class=\"wp-block-latest-posts__post-date\">10. Dezember 2020<\/time><div class=\"wp-block-latest-posts__post-excerpt\">Lieber Gott, liebe Liebe, ich liebe mit allem, mein Herz bewusst, du liebst auch mich mit allem, dein Herz. Das ist alles. Dein Herz mit allem, auch mich, du liebst, bewusst mein Herz mit allem, ich liebe, liebe Liebe.\n...<\/div><\/li>\n<li><a class=\"wp-block-latest-posts__post-title\" href=\"https:\/\/tonalibus.org\/de\/2020\/06\/21\/have-i-ever-told-you\/\">Habe ich's dir jemals gesagt?<\/a><time datetime=\"2020-06-21T11:59:37+02:00\" class=\"wp-block-latest-posts__post-date\">21. Juni 2020<\/time><div class=\"wp-block-latest-posts__post-excerpt\">Habe ich dir jemals gesagt\nwie sch\u00f6n du bist,\nwie wunderbar und besonders?\nUnd dass ich dich liebe?\n...<\/div><\/li>\n<\/ul>\n\n\n<div class=\"wp-block-buttons is-content-justification-center is-layout-flex wp-container-core-buttons-is-layout-16018d1d wp-block-buttons-is-layout-flex\">\n<div class=\"wp-block-button is-style-outline is-style-outline--1\"><a class=\"wp-block-button__link wp-element-button\" href=\"https:\/\/tonalibus.org\/de\/category\/omnibus\/\">Vollst\u00e4ndige Ansicht <br>aller Omnibus-Beitr\u00e4ge<\/a><\/div>\n<\/div>\n\n\n\n<div style=\"height:64px\" aria-hidden=\"true\" class=\"wp-block-spacer\"><\/div>\n\n\n\n<figure class=\"wp-block-image size-large\"><img loading=\"lazy\" decoding=\"async\" width=\"1024\" height=\"293\" src=\"https:\/\/tonalibus.org\/wp-content\/uploads\/2020\/12\/IMG_3085-cxv-1024x293.jpg\" alt=\"IMG_3085 cxv - Omnibus Posts\" class=\"wp-image-6936\" srcset=\"https:\/\/tonalibus.org\/wp-content\/uploads\/2020\/12\/IMG_3085-cxv-1024x293.jpg 1024w, https:\/\/tonalibus.org\/wp-content\/uploads\/2020\/12\/IMG_3085-cxv-300x86.jpg 300w, https:\/\/tonalibus.org\/wp-content\/uploads\/2020\/12\/IMG_3085-cxv-768x219.jpg 768w, https:\/\/tonalibus.org\/wp-content\/uploads\/2020\/12\/IMG_3085-cxv-1536x439.jpg 1536w, https:\/\/tonalibus.org\/wp-content\/uploads\/2020\/12\/IMG_3085-cxv-2048x585.jpg 2048w, https:\/\/tonalibus.org\/wp-content\/uploads\/2020\/12\/IMG_3085-cxv-16x5.jpg 16w, https:\/\/tonalibus.org\/wp-content\/uploads\/2020\/12\/IMG_3085-cxv-1320x377.jpg 1320w\" sizes=\"auto, (max-width: 706px) 89vw, (max-width: 767px) 82vw, 740px\" \/><figcaption class=\"wp-element-caption\">Die Sonne geht unter, um an einem anderen Tag wieder aufzugehen \u2013 Eriz, Schweiz \u2013 Juni 2020<\/figcaption><\/figure>","protected":false},"excerpt":{"rendered":"<p>Spiritualibus Blogbeitr\u00e4ge der Kategorie Omnibus Beitr\u00e4ge der Kategorie Omnibus sind Highlight-Beitr\u00e4ge aus allen Kategorien.<\/p>","protected":false},"author":1,"featured_media":0,"parent":3857,"menu_order":8,"comment_status":"closed","ping_status":"closed","template":"","meta":{"footnotes":""},"class_list":["post-11901","page","type-page","status-publish","hentry"],"yoast_head":"<!-- This site is optimized with the Yoast SEO plugin v27.5 - https:\/\/yoast.com\/product\/yoast-seo-wordpress\/ -->\n<title>Omnibus Posts &#8211; TONALIBUS, Anchored Harmony and Tonalities<\/title>\n<meta name=\"description\" content=\"Omnibus Posts \u2013 This Tonalibus webpage features a list of Spiritualibus blog posts that are of the category &quot;Omnibus&quot;, i.e. highlight posts.\" \/>\n<meta name=\"robots\" content=\"index, follow, max-snippet:-1, max-image-preview:large, max-video-preview:-1\" \/>\n<link rel=\"canonical\" href=\"https:\/\/tonalibus.org\/de\/spiritualibus-blog\/omnibus-posts\/\" \/>\n<meta property=\"og:locale\" content=\"de_DE\" \/>\n<meta property=\"og:type\" content=\"article\" \/>\n<meta property=\"og:title\" content=\"Omnibus Posts &#8211; TONALIBUS, Anchored Harmony and Tonalities\" \/>\n<meta property=\"og:description\" content=\"Omnibus Posts \u2013 This Tonalibus webpage features a list of Spiritualibus blog posts that are of the category &quot;Omnibus&quot;, i.e. highlight posts.\" \/>\n<meta property=\"og:url\" content=\"https:\/\/tonalibus.org\/de\/spiritualibus-blog\/omnibus-posts\/\" \/>\n<meta property=\"og:site_name\" content=\"TONALIBUS\" \/>\n<meta property=\"article:modified_time\" content=\"2023-11-10T10:19:00+00:00\" \/>\n<meta property=\"og:image\" content=\"https:\/\/tonalibus.org\/wp-content\/uploads\/2020\/12\/IMG_3085-cxv-1024x293.jpg\" \/>\n<meta name=\"twitter:card\" content=\"summary_large_image\" \/>\n<meta name=\"twitter:label1\" content=\"Gesch\u00e4tzte Lesezeit\" \/>\n\t<meta name=\"twitter:data1\" content=\"1\u00a0Minute\" \/>\n<script type=\"application\/ld+json\" class=\"yoast-schema-graph\">{\"@context\":\"https:\\\/\\\/schema.org\",\"@graph\":[{\"@type\":\"WebPage\",\"@id\":\"https:\\\/\\\/tonalibus.org\\\/spiritualibus-blog\\\/omnibus-posts\\\/\",\"url\":\"https:\\\/\\\/tonalibus.org\\\/spiritualibus-blog\\\/omnibus-posts\\\/\",\"name\":\"Omnibus Posts &#8211; TONALIBUS, Anchored Harmony and Tonalities\",\"isPartOf\":{\"@id\":\"https:\\\/\\\/tonalibus.org\\\/de\\\/#website\"},\"primaryImageOfPage\":{\"@id\":\"https:\\\/\\\/tonalibus.org\\\/spiritualibus-blog\\\/omnibus-posts\\\/#primaryimage\"},\"image\":{\"@id\":\"https:\\\/\\\/tonalibus.org\\\/spiritualibus-blog\\\/omnibus-posts\\\/#primaryimage\"},\"thumbnailUrl\":\"https:\\\/\\\/tonalibus.org\\\/wp-content\\\/uploads\\\/2020\\\/12\\\/IMG_3085-cxv-1024x293.jpg\",\"datePublished\":\"2021-06-15T10:08:22+00:00\",\"dateModified\":\"2023-11-10T10:19:00+00:00\",\"description\":\"Omnibus Posts \u2013 This Tonalibus webpage features a list of Spiritualibus blog posts that are of the category \\\"Omnibus\\\", i.e. highlight posts.\",\"breadcrumb\":{\"@id\":\"https:\\\/\\\/tonalibus.org\\\/spiritualibus-blog\\\/omnibus-posts\\\/#breadcrumb\"},\"inLanguage\":\"de-CH\",\"potentialAction\":[{\"@type\":\"ReadAction\",\"target\":[\"https:\\\/\\\/tonalibus.org\\\/spiritualibus-blog\\\/omnibus-posts\\\/\"]}]},{\"@type\":\"ImageObject\",\"inLanguage\":\"de-CH\",\"@id\":\"https:\\\/\\\/tonalibus.org\\\/spiritualibus-blog\\\/omnibus-posts\\\/#primaryimage\",\"url\":\"https:\\\/\\\/tonalibus.org\\\/wp-content\\\/uploads\\\/2020\\\/12\\\/IMG_3085-cxv-1024x293.jpg\",\"contentUrl\":\"https:\\\/\\\/tonalibus.org\\\/wp-content\\\/uploads\\\/2020\\\/12\\\/IMG_3085-cxv-1024x293.jpg\"},{\"@type\":\"BreadcrumbList\",\"@id\":\"https:\\\/\\\/tonalibus.org\\\/spiritualibus-blog\\\/omnibus-posts\\\/#breadcrumb\",\"itemListElement\":[{\"@type\":\"ListItem\",\"position\":1,\"name\":\"Home\",\"item\":\"https:\\\/\\\/tonalibus.org\\\/\"},{\"@type\":\"ListItem\",\"position\":2,\"name\":\"Spiritualibus Blog\",\"item\":\"https:\\\/\\\/tonalibus.org\\\/spiritualibus-blog\\\/\"},{\"@type\":\"ListItem\",\"position\":3,\"name\":\"Omnibus Posts\"}]},{\"@type\":\"WebSite\",\"@id\":\"https:\\\/\\\/tonalibus.org\\\/de\\\/#website\",\"url\":\"https:\\\/\\\/tonalibus.org\\\/de\\\/\",\"name\":\"TONALIBUS\",\"description\":\"Anchored Harmony and Tonalities\",\"publisher\":{\"@id\":\"https:\\\/\\\/tonalibus.org\\\/de\\\/#\\\/schema\\\/person\\\/749261d7bc96d1f00127273f83ab96a4\"},\"potentialAction\":[{\"@type\":\"SearchAction\",\"target\":{\"@type\":\"EntryPoint\",\"urlTemplate\":\"https:\\\/\\\/tonalibus.org\\\/de\\\/?s={search_term_string}\"},\"query-input\":{\"@type\":\"PropertyValueSpecification\",\"valueRequired\":true,\"valueName\":\"search_term_string\"}}],\"inLanguage\":\"de-CH\"},{\"@type\":[\"Person\",\"Organization\"],\"@id\":\"https:\\\/\\\/tonalibus.org\\\/de\\\/#\\\/schema\\\/person\\\/749261d7bc96d1f00127273f83ab96a4\",\"name\":\"Ulrico\",\"image\":{\"@type\":\"ImageObject\",\"inLanguage\":\"de-CH\",\"@id\":\"https:\\\/\\\/tonalibus.org\\\/wp-content\\\/uploads\\\/2020\\\/06\\\/uli-pix.jpg\",\"url\":\"https:\\\/\\\/tonalibus.org\\\/wp-content\\\/uploads\\\/2020\\\/06\\\/uli-pix.jpg\",\"contentUrl\":\"https:\\\/\\\/tonalibus.org\\\/wp-content\\\/uploads\\\/2020\\\/06\\\/uli-pix.jpg\",\"width\":960,\"height\":720,\"caption\":\"Ulrico\"},\"logo\":{\"@id\":\"https:\\\/\\\/tonalibus.org\\\/wp-content\\\/uploads\\\/2020\\\/06\\\/uli-pix.jpg\"},\"sameAs\":[\"https:\\\/\\\/tonalibus.cyon.site\"]}]}<\/script>\n<!-- \/ Yoast SEO plugin. -->","yoast_head_json":{"title":"Omnibus Posts - TONALIBUS, Verankerte Harmonie und Tonalit\u00e4ten","description":"Omnibus-Beitr\u00e4ge - Diese Tonalibus-Webseite enth\u00e4lt eine Liste von Spiritualibus-Blogbeitr\u00e4gen der Kategorie \"Omnibus\", d.h. Highlight-Beitr\u00e4ge.","robots":{"index":"index","follow":"follow","max-snippet":"max-snippet:-1","max-image-preview":"max-image-preview:large","max-video-preview":"max-video-preview:-1"},"canonical":"https:\/\/tonalibus.org\/de\/spiritualibus-blog\/omnibus-posts\/","og_locale":"de_DE","og_type":"article","og_title":"Omnibus Posts &#8211; TONALIBUS, Anchored Harmony and Tonalities","og_description":"Omnibus Posts \u2013 This Tonalibus webpage features a list of Spiritualibus blog posts that are of the category \"Omnibus\", i.e. highlight posts.","og_url":"https:\/\/tonalibus.org\/de\/spiritualibus-blog\/omnibus-posts\/","og_site_name":"TONALIBUS","article_modified_time":"2023-11-10T10:19:00+00:00","og_image":[{"url":"https:\/\/tonalibus.org\/wp-content\/uploads\/2020\/12\/IMG_3085-cxv-1024x293.jpg","type":"","width":"","height":""}],"twitter_card":"summary_large_image","twitter_misc":{"Gesch\u00e4tzte Lesezeit":"1\u00a0Minute"},"schema":{"@context":"https:\/\/schema.org","@graph":[{"@type":"WebPage","@id":"https:\/\/tonalibus.org\/spiritualibus-blog\/omnibus-posts\/","url":"https:\/\/tonalibus.org\/spiritualibus-blog\/omnibus-posts\/","name":"Omnibus Posts - TONALIBUS, Verankerte Harmonie und Tonalit\u00e4ten","isPartOf":{"@id":"https:\/\/tonalibus.org\/de\/#website"},"primaryImageOfPage":{"@id":"https:\/\/tonalibus.org\/spiritualibus-blog\/omnibus-posts\/#primaryimage"},"image":{"@id":"https:\/\/tonalibus.org\/spiritualibus-blog\/omnibus-posts\/#primaryimage"},"thumbnailUrl":"https:\/\/tonalibus.org\/wp-content\/uploads\/2020\/12\/IMG_3085-cxv-1024x293.jpg","datePublished":"2021-06-15T10:08:22+00:00","dateModified":"2023-11-10T10:19:00+00:00","description":"Omnibus-Beitr\u00e4ge - Diese Tonalibus-Webseite enth\u00e4lt eine Liste von Spiritualibus-Blogbeitr\u00e4gen der Kategorie \"Omnibus\", d.h. Highlight-Beitr\u00e4ge.","breadcrumb":{"@id":"https:\/\/tonalibus.org\/spiritualibus-blog\/omnibus-posts\/#breadcrumb"},"inLanguage":"de-CH","potentialAction":[{"@type":"ReadAction","target":["https:\/\/tonalibus.org\/spiritualibus-blog\/omnibus-posts\/"]}]},{"@type":"ImageObject","inLanguage":"de-CH","@id":"https:\/\/tonalibus.org\/spiritualibus-blog\/omnibus-posts\/#primaryimage","url":"https:\/\/tonalibus.org\/wp-content\/uploads\/2020\/12\/IMG_3085-cxv-1024x293.jpg","contentUrl":"https:\/\/tonalibus.org\/wp-content\/uploads\/2020\/12\/IMG_3085-cxv-1024x293.jpg"},{"@type":"BreadcrumbList","@id":"https:\/\/tonalibus.org\/spiritualibus-blog\/omnibus-posts\/#breadcrumb","itemListElement":[{"@type":"ListItem","position":1,"name":"Home","item":"https:\/\/tonalibus.org\/"},{"@type":"ListItem","position":2,"name":"Spiritualibus Blog","item":"https:\/\/tonalibus.org\/spiritualibus-blog\/"},{"@type":"ListItem","position":3,"name":"Omnibus Posts"}]},{"@type":"WebSite","@id":"https:\/\/tonalibus.org\/de\/#website","url":"https:\/\/tonalibus.org\/de\/","name":"TONALIBUS","description":"Verankerte Harmonie und Tonalit\u00e4ten","publisher":{"@id":"https:\/\/tonalibus.org\/de\/#\/schema\/person\/749261d7bc96d1f00127273f83ab96a4"},"potentialAction":[{"@type":"SearchAction","target":{"@type":"EntryPoint","urlTemplate":"https:\/\/tonalibus.org\/de\/?s={search_term_string}"},"query-input":{"@type":"PropertyValueSpecification","valueRequired":true,"valueName":"search_term_string"}}],"inLanguage":"de-CH"},{"@type":["Person","Organization"],"@id":"https:\/\/tonalibus.org\/de\/#\/schema\/person\/749261d7bc96d1f00127273f83ab96a4","name":"Ulrico","image":{"@type":"ImageObject","inLanguage":"de-CH","@id":"https:\/\/tonalibus.org\/wp-content\/uploads\/2020\/06\/uli-pix.jpg","url":"https:\/\/tonalibus.org\/wp-content\/uploads\/2020\/06\/uli-pix.jpg","contentUrl":"https:\/\/tonalibus.org\/wp-content\/uploads\/2020\/06\/uli-pix.jpg","width":960,"height":720,"caption":"Ulrico"},"logo":{"@id":"https:\/\/tonalibus.org\/wp-content\/uploads\/2020\/06\/uli-pix.jpg"},"sameAs":["https:\/\/tonalibus.cyon.site"]}]}},"_links":{"self":[{"href":"https:\/\/tonalibus.org\/de\/wp-json\/wp\/v2\/pages\/11901","targetHints":{"allow":["GET"]}}],"collection":[{"href":"https:\/\/tonalibus.org\/de\/wp-json\/wp\/v2\/pages"}],"about":[{"href":"https:\/\/tonalibus.org\/de\/wp-json\/wp\/v2\/types\/page"}],"author":[{"embeddable":true,"href":"https:\/\/tonalibus.org\/de\/wp-json\/wp\/v2\/users\/1"}],"replies":[{"embeddable":true,"href":"https:\/\/tonalibus.org\/de\/wp-json\/wp\/v2\/comments?post=11901"}],"version-history":[{"count":0,"href":"https:\/\/tonalibus.org\/de\/wp-json\/wp\/v2\/pages\/11901\/revisions"}],"up":[{"embeddable":true,"href":"https:\/\/tonalibus.org\/de\/wp-json\/wp\/v2\/pages\/3857"}],"wp:attachment":[{"href":"https:\/\/tonalibus.org\/de\/wp-json\/wp\/v2\/media?parent=11901"}],"curies":[{"name":"wp","href":"https:\/\/api.w.org\/{rel}","templated":true}]}}