{"id":11970,"date":"2021-06-22T17:50:21","date_gmt":"2021-06-22T15:50:21","guid":{"rendered":"https:\/\/tonalibus.org\/?page_id=11970"},"modified":"2022-06-22T13:06:06","modified_gmt":"2022-06-22T11:06:06","slug":"summer-2021-loops","status":"publish","type":"page","link":"https:\/\/tonalibus.org\/de\/sounds\/2021-sound-and-images\/summer-2021\/summer-2021-loops\/","title":{"rendered":"Sommer 2021 Loops"},"content":{"rendered":"<h2 class=\"wp-block-heading\" id=\"personal-sound-samples-from-summer-2021-as-loop\"><mark style=\"background-color:rgba(0, 0, 0, 0);color:#f7b320\" class=\"has-inline-color\">Pers\u00f6nliche Tonbeispiele vom Sommer 2021 als Loop<\/mark><\/h2>\n\n\n\n<div class=\"wp-block-buttons is-horizontal is-content-justification-center is-layout-flex wp-container-core-buttons-is-layout-499968f5 wp-block-buttons-is-layout-flex\">\n<div class=\"wp-block-button is-style-outline is-style-outline--1\"><a class=\"wp-block-button__link\" href=\"#August\">August 2021<\/a><\/div>\n\n\n\n<div class=\"wp-block-button is-style-outline is-style-outline--2\"><a class=\"wp-block-button__link\" href=\"#July\">Juli 2021<\/a><\/div>\n\n\n\n<div class=\"wp-block-button is-style-outline is-style-outline--3\"><a class=\"wp-block-button__link\" href=\"#June\">Juni 2021<\/a><\/div>\n<\/div>\n\n\n\n<div style=\"height:40px\" aria-hidden=\"true\" class=\"wp-block-spacer\"><\/div>\n\n\n\n<p id=\"August\"><mark style=\"background-color:rgba(0, 0, 0, 0);color:#f7b320\" class=\"has-inline-color\">Wie der Titel dieser Seite, <em>Sommer 2021 Loops<\/em>, anzeigt, findest du hier die pers\u00f6nlichen Tonbeispiele vom <\/mark><a href=\"https:\/\/tonalibus.org\/de\/sounds\/summer-2021\/\"><mark style=\"background-color:rgba(0, 0, 0, 0);color:#f7b320\" class=\"has-inline-color\">Sommer 2021<\/mark><\/a><mark style=\"background-color:rgba(0, 0, 0, 0);color:#f7b320\" class=\"has-inline-color\"> als Loop zum kontinuierlichen Abspielen im Hintergrund oder zum Kontemplieren.<\/mark><\/p>\n\n\n\n<h2 class=\"wp-block-heading\" id=\"summer-2021-august-loops\">Sommer 2021 \u2013 August-Loop<\/h2>\n\n\n\n<h3 class=\"wp-block-heading\" id=\"na-track-for-michi\"><mark style=\"background-color:rgba(0, 0, 0, 0);color:#f7b320\" class=\"has-inline-color\">\u201cNa track\u201d \u2013 f\u00fcr Michi<\/mark><\/h3>\n\n\n\n<figure id=\"July\" class=\"wp-block-audio\"><audio controls src=\"https:\/\/tonalibus.org\/wp-content\/uploads\/2021\/09\/2021-08-30-GGGS-Moon-x.mp3\" loop><\/audio><figcaption><a href=\"https:\/\/tonalibus.org\/de\/tonalities\/pentatonalities\/tetrana\/\"><span style=\"color:#f7b320\" class=\"has-inline-color\">TetraNa<\/span><\/a><span style=\"color:#f7b320\" class=\"has-inline-color\"> mit einem Hauch von Mixolydisch \u2013 zwefach 8-saitige Gitarre, Gong, singende S\u00e4ge \u2013 10:31 Loop<\/span><\/figcaption><\/figure>\n\n\n\n<h2 class=\"wp-block-heading\" id=\"summer-2021-july-loops\">Sommer 2021 \u2013 Juli-Loops<\/h2>\n\n\n\n<h3 class=\"wp-block-heading\" id=\"natural-harmonics-gateway-first-step-in-a-na-tonality\"><mark style=\"background-color:rgba(0, 0, 0, 0);color:#f7b320\" class=\"has-inline-color\">\u201cNatural harmonics gateway\u201d \u2013 erster Schritt in einer Na-Tonalit\u00e4t<\/mark><\/h3>\n\n\n\n<figure id=\"July-1\" class=\"wp-block-audio\"><audio controls src=\"https:\/\/tonalibus.org\/wp-content\/uploads\/2021\/08\/2021-07-24-GGG-loop.mp3\" loop><\/audio><figcaption><mark style=\"background-color:rgba(0, 0, 0, 0);color:#f7b320\" class=\"has-inline-color\">PentaNa \u2013 dreifach 8-saitige Gitarre \u2013 4:36 Loop<\/mark><\/figcaption><\/figure>\n\n\n\n<h3 class=\"wp-block-heading\" id=\"\u0950-\u092e\u0923-\u092a\u0926-\u092e-\u0939-au\u1e43-ma\u1e47i-padme-hu\u1e43-blues\"><mark style=\"background-color:rgba(0, 0, 0, 0);color:#f7b320\" class=\"has-inline-color\">\u201c\u0950 \u092e\u0923\u093f\u092a\u0926\u094d\u092e\u0947 \u0939\u0942\u0901 <\/mark><em><a href=\"https:\/\/de.wikipedia.org\/wiki\/Om_mani_padme_hum\" target=\"_blank\" rel=\"noreferrer noopener\"><mark style=\"background-color:rgba(0, 0, 0, 0);color:#f7b320\" class=\"has-inline-color\">Au\u1e43 ma\u1e47i ma\u1e47i padme h\u016b\u1e43<\/mark><\/a><\/em><mark style=\"background-color:rgba(0, 0, 0, 0);color:#f7b320\" class=\"has-inline-color\"> \u2013 Blues\u201d<\/mark><\/h3>\n\n\n\n<figure id=\"June\" class=\"wp-block-audio\"><audio controls src=\"https:\/\/tonalibus.org\/wp-content\/uploads\/2021\/07\/2021-07-03-7GGGV-loop.mp3\" loop><\/audio><figcaption><a href=\"https:\/\/tonalibus.org\/de\/tonalities\/pentatonalities\/pentamix-or-pentador-egyptian-scale\/\"><span style=\"color:#f7b320\" class=\"has-inline-color\">PentaMix \/ PentaDor (\u00e4gyptische Tonart)<\/span><\/a><span style=\"color:#f7b320\" class=\"has-inline-color\"> \u2013 dreifach 7-saitige Gitarre und Stimme \u2013 8:30 Loop<\/span><\/figcaption><\/figure>\n\n\n\n<h2 class=\"wp-block-heading\" id=\"summer-2021-june-loops\">Sommer 2021 \u2013 Juni-Loops<\/h2>\n\n\n\n<h3 class=\"wp-block-heading\" id=\"reaching-up-to-heaven-in-reachup-tonality\"><mark style=\"background-color:rgba(0, 0, 0, 0);color:#f7b320\" class=\"has-inline-color\">\u201cReaching up to heaven\u201d \u2013 in ReachUp-Tonalit\u00e4t<\/mark><\/h3>\n\n\n\n<figure id=\"June-1\" class=\"wp-block-audio\"><audio controls src=\"https:\/\/tonalibus.org\/wp-content\/uploads\/2021\/06\/2021-06-27-ReachUp-GGGB-loop.mp3\" loop><\/audio><figcaption><a href=\"https:\/\/tonalibus.org\/de\/tonalities\/reach-or-harmonic-heptatonalities\/reachup-dbl-h-gypsy-min\/reachup-double-harmonic-gypsy-minor-loops\/\"><span style=\"color:#f7b320\" class=\"has-inline-color\">ReachUp<\/span><\/a><span style=\"color:#f7b320\" class=\"has-inline-color\"> \u2013 dreifach 8-saitige Gitarre und Bass \u2013 7:11 Loop<\/span><\/figcaption><\/figure>\n\n\n\n<h3 class=\"wp-block-heading\" id=\"back-on-a-blue-track-treasuring-healthy-roots\"><mark style=\"background-color:rgba(0, 0, 0, 0);color:#f7b320\" class=\"has-inline-color\">\u201cBack on a blue track\u201d \u2013 gesunde Wurzeln pflegen<\/mark><\/h3>\n\n\n\n<figure class=\"wp-block-audio\"><audio controls src=\"https:\/\/tonalibus.org\/wp-content\/uploads\/2021\/06\/2021-06-21-GGBD-loop.mp3\" loop><\/audio><figcaption><a href=\"https:\/\/tonalibus.org\/de\/tonalities\/pentatonalities\/pentamin-or-pentaeol-pentatonic-minor\/\"><span style=\"color:#f7b320\" class=\"has-inline-color\">PentaMin \/ Penta\u00c4ol (pentatonisch Moll)<\/span><\/a><span style=\"color:#f7b320\" class=\"has-inline-color\"> auf F \u2013 zweifach 8-saitige Gitarre, Bass, <\/span><a href=\"https:\/\/de.wikipedia.org\/wiki\/Djemb\u00e9\" target=\"_blank\" rel=\"noreferrer noopener\"><span style=\"color:#f7b320\" class=\"has-inline-color\">Djembe<\/span><\/a><span style=\"color:#f7b320\" class=\"has-inline-color\"> \u2013 7:41 Loop<\/span><\/figcaption><\/figure>\n\n\n\n<div style=\"height:40px\" aria-hidden=\"true\" class=\"wp-block-spacer\"><\/div>\n\n\n\n<p><mark style=\"background-color:rgba(0, 0, 0, 0);color:#f7b320\" class=\"has-inline-color\"><mark style=\"background-color:rgba(0, 0, 0, 0);color:#f7b320\" class=\"has-inline-color\">Du kannst einen Tonbeispiel- oder Tonalit\u00e4ten-Loop als Ton-Mantra verwenden, zur <\/mark><a href=\"https:\/\/de.wikipedia.org\/wiki\/Kontemplation\" target=\"_blank\" rel=\"noreferrer noopener\"><mark style=\"background-color:rgba(0, 0, 0, 0);color:#f7b320\" class=\"has-inline-color\">Kontemplation<\/mark><\/a><mark style=\"background-color:rgba(0, 0, 0, 0);color:#f7b320\" class=\"has-inline-color\"> oder <\/mark><a href=\"https:\/\/de.wikipedia.org\/wiki\/Meditation\" target=\"_blank\" rel=\"noreferrer noopener\"><mark style=\"background-color:rgba(0, 0, 0, 0);color:#f7b320\" class=\"has-inline-color\">Meditation<\/mark><\/a><mark style=\"background-color:rgba(0, 0, 0, 0);color:#f7b320\" class=\"has-inline-color\">. Dies kann zum Anheben, L\u00e4utern und Fokussieren behilflich sein. Oder du kannst es einfach als beruhigenden Hintergrundton zur Entspannung und Regeneration benutzen. Wenn du mitsummen, chanten oder singen m\u00f6chtest, k\u00f6nntest du dazu z.B. eine spirituell gepr\u00e4gte Silbe verwenden, wie <\/mark><em><a href=\"https:\/\/tonalibus.org\/de\/about-tonalibus\/ulrico\/hu-mantra-of-soul\/\"><mark style=\"background-color:rgba(0, 0, 0, 0);color:#f7b320\" class=\"has-inline-color\">HU<\/mark><\/a><\/em><mark style=\"background-color:rgba(0, 0, 0, 0);color:#f7b320\" class=\"has-inline-color\"> oder <\/mark><a href=\"https:\/\/de.wikipedia.org\/wiki\/Om\" target=\"_blank\" rel=\"noreferrer noopener\"><em><mark style=\"background-color:rgba(0, 0, 0, 0);color:#f7b320\" class=\"has-inline-color\">\u014c\u1e41 \/ Aum<\/mark><\/em><\/a><mark style=\"background-color:rgba(0, 0, 0, 0);color:#f7b320\" class=\"has-inline-color\"> \u0950,<\/mark> oder eine andere f\u00fcr dich stimmige Mantra-Silbe.<\/mark><\/p>\n\n\n\n<div style=\"height:56px\" aria-hidden=\"true\" class=\"wp-block-spacer\"><\/div>\n\n\n<div class=\"wp-block-image\">\n<figure class=\"aligncenter size-large is-resized\"><img loading=\"lazy\" decoding=\"async\" src=\"https:\/\/tonalibus.org\/wp-content\/uploads\/2021\/06\/Bluemlisalp-KG-5-22-2021-xc-1024x624.jpg\" alt=\"Summer 2021 loops\" class=\"wp-image-11701\" width=\"544\" height=\"331\" srcset=\"https:\/\/tonalibus.org\/wp-content\/uploads\/2021\/06\/Bluemlisalp-KG-5-22-2021-xc-1024x624.jpg 1024w, https:\/\/tonalibus.org\/wp-content\/uploads\/2021\/06\/Bluemlisalp-KG-5-22-2021-xc-300x183.jpg 300w, https:\/\/tonalibus.org\/wp-content\/uploads\/2021\/06\/Bluemlisalp-KG-5-22-2021-xc-768x468.jpg 768w, https:\/\/tonalibus.org\/wp-content\/uploads\/2021\/06\/Bluemlisalp-KG-5-22-2021-xc-1536x937.jpg 1536w, https:\/\/tonalibus.org\/wp-content\/uploads\/2021\/06\/Bluemlisalp-KG-5-22-2021-xc-16x10.jpg 16w, https:\/\/tonalibus.org\/wp-content\/uploads\/2021\/06\/Bluemlisalp-KG-5-22-2021-xc-1320x805.jpg 1320w, https:\/\/tonalibus.org\/wp-content\/uploads\/2021\/06\/Bluemlisalp-KG-5-22-2021-xc.jpg 1607w\" sizes=\"auto, (max-width: 544px) 100vw, 544px\" \/><figcaption>Morgensonne erleuchtet die Bl\u00fcemlisalp, Mai 2021 \u2013 Foto von Karin Gs\u00f6llpointner<\/figcaption><\/figure>\n<\/div>","protected":false},"excerpt":{"rendered":"<p>Pers\u00f6nliche Klangbeispiele aus dem Sommer 2021 als Loop Wie der Titel dieser Seite, Sommer 2021 Loops, schon sagt, finden Sie hier die pers\u00f6nlichen Klangbeispiele aus dem Sommer 2021 als Loop zum kontinuierlichen Abspielen im Hintergrund oder zum kontemplativen H\u00f6ren. Sommer 2021 - August-Loop \"Na-Track\" - f\u00fcr Michi Sommer 2021 - Juli-Loops \"Natural harmonics ... <\/p>\n<p class=\"link-more\"><a href=\"https:\/\/tonalibus.org\/de\/sounds\/2021-sound-and-images\/summer-2021\/summer-2021-loops\/\" class=\"more-link\"><span class=\"screen-reader-text\">\"Sommer 2021 Schleifen\"<\/span> weiterlesen<\/a><\/p>","protected":false},"author":1,"featured_media":0,"parent":11963,"menu_order":0,"comment_status":"closed","ping_status":"closed","template":"","meta":{"footnotes":""},"class_list":["post-11970","page","type-page","status-publish","hentry"],"yoast_head":"<!-- This site is optimized with the Yoast SEO plugin v27.4 - https:\/\/yoast.com\/product\/yoast-seo-wordpress\/ -->\n<title>Summer 2021 loops &#8211; TONALIBUS Harmony and Tonalities<\/title>\n<meta name=\"description\" content=\"The Summer 2021 loops page offers personal sound samples available as loop for continual background playing or contemplative listening.\" \/>\n<meta name=\"robots\" content=\"index, follow, max-snippet:-1, max-image-preview:large, max-video-preview:-1\" \/>\n<link rel=\"canonical\" href=\"https:\/\/tonalibus.org\/de\/sounds\/2021-sound-and-images\/summer-2021\/summer-2021-loops\/\" \/>\n<meta property=\"og:locale\" content=\"de_DE\" \/>\n<meta property=\"og:type\" content=\"article\" \/>\n<meta property=\"og:title\" content=\"Summer 2021 loops &#8211; TONALIBUS Harmony and Tonalities\" \/>\n<meta property=\"og:description\" content=\"The Summer 2021 loops page offers personal sound samples available as loop for continual background playing or contemplative listening.\" \/>\n<meta property=\"og:url\" content=\"https:\/\/tonalibus.org\/de\/sounds\/2021-sound-and-images\/summer-2021\/summer-2021-loops\/\" \/>\n<meta property=\"og:site_name\" content=\"TONALIBUS\" \/>\n<meta property=\"article:modified_time\" content=\"2022-06-22T11:06:06+00:00\" \/>\n<meta property=\"og:image\" content=\"https:\/\/tonalibus.org\/wp-content\/uploads\/2021\/06\/Bluemlisalp-KG-5-22-2021-xc-1024x624.jpg\" \/>\n<meta name=\"twitter:card\" content=\"summary_large_image\" \/>\n<meta name=\"twitter:label1\" content=\"Gesch\u00e4tzte Lesezeit\" \/>\n\t<meta name=\"twitter:data1\" content=\"2\u00a0Minuten\" \/>\n<script type=\"application\/ld+json\" class=\"yoast-schema-graph\">{\"@context\":\"https:\\\/\\\/schema.org\",\"@graph\":[{\"@type\":\"WebPage\",\"@id\":\"https:\\\/\\\/tonalibus.org\\\/sounds\\\/2021-sound-and-images\\\/summer-2021\\\/summer-2021-loops\\\/\",\"url\":\"https:\\\/\\\/tonalibus.org\\\/sounds\\\/2021-sound-and-images\\\/summer-2021\\\/summer-2021-loops\\\/\",\"name\":\"Summer 2021 loops &#8211; TONALIBUS Harmony and Tonalities\",\"isPartOf\":{\"@id\":\"https:\\\/\\\/tonalibus.org\\\/de\\\/#website\"},\"primaryImageOfPage\":{\"@id\":\"https:\\\/\\\/tonalibus.org\\\/sounds\\\/2021-sound-and-images\\\/summer-2021\\\/summer-2021-loops\\\/#primaryimage\"},\"image\":{\"@id\":\"https:\\\/\\\/tonalibus.org\\\/sounds\\\/2021-sound-and-images\\\/summer-2021\\\/summer-2021-loops\\\/#primaryimage\"},\"thumbnailUrl\":\"https:\\\/\\\/tonalibus.org\\\/wp-content\\\/uploads\\\/2021\\\/06\\\/Bluemlisalp-KG-5-22-2021-xc-1024x624.jpg\",\"datePublished\":\"2021-06-22T15:50:21+00:00\",\"dateModified\":\"2022-06-22T11:06:06+00:00\",\"description\":\"The Summer 2021 loops page offers personal sound samples available as loop for continual background playing or contemplative listening.\",\"breadcrumb\":{\"@id\":\"https:\\\/\\\/tonalibus.org\\\/sounds\\\/2021-sound-and-images\\\/summer-2021\\\/summer-2021-loops\\\/#breadcrumb\"},\"inLanguage\":\"de-CH\",\"potentialAction\":[{\"@type\":\"ReadAction\",\"target\":[\"https:\\\/\\\/tonalibus.org\\\/sounds\\\/2021-sound-and-images\\\/summer-2021\\\/summer-2021-loops\\\/\"]}]},{\"@type\":\"ImageObject\",\"inLanguage\":\"de-CH\",\"@id\":\"https:\\\/\\\/tonalibus.org\\\/sounds\\\/2021-sound-and-images\\\/summer-2021\\\/summer-2021-loops\\\/#primaryimage\",\"url\":\"https:\\\/\\\/tonalibus.org\\\/wp-content\\\/uploads\\\/2021\\\/06\\\/Bluemlisalp-KG-5-22-2021-xc-1024x624.jpg\",\"contentUrl\":\"https:\\\/\\\/tonalibus.org\\\/wp-content\\\/uploads\\\/2021\\\/06\\\/Bluemlisalp-KG-5-22-2021-xc-1024x624.jpg\"},{\"@type\":\"BreadcrumbList\",\"@id\":\"https:\\\/\\\/tonalibus.org\\\/sounds\\\/2021-sound-and-images\\\/summer-2021\\\/summer-2021-loops\\\/#breadcrumb\",\"itemListElement\":[{\"@type\":\"ListItem\",\"position\":1,\"name\":\"Home\",\"item\":\"https:\\\/\\\/tonalibus.org\\\/\"},{\"@type\":\"ListItem\",\"position\":2,\"name\":\"Sounds\",\"item\":\"https:\\\/\\\/tonalibus.org\\\/sounds\\\/\"},{\"@type\":\"ListItem\",\"position\":3,\"name\":\"2021 Sounds and Images\",\"item\":\"https:\\\/\\\/tonalibus.org\\\/sounds\\\/2021-sound-and-images\\\/\"},{\"@type\":\"ListItem\",\"position\":4,\"name\":\"Summer 2021\",\"item\":\"https:\\\/\\\/tonalibus.org\\\/sounds\\\/2021-sound-and-images\\\/summer-2021\\\/\"},{\"@type\":\"ListItem\",\"position\":5,\"name\":\"Summer 2021 loops\"}]},{\"@type\":\"WebSite\",\"@id\":\"https:\\\/\\\/tonalibus.org\\\/de\\\/#website\",\"url\":\"https:\\\/\\\/tonalibus.org\\\/de\\\/\",\"name\":\"TONALIBUS\",\"description\":\"Anchored Harmony and Tonalities\",\"publisher\":{\"@id\":\"https:\\\/\\\/tonalibus.org\\\/de\\\/#\\\/schema\\\/person\\\/749261d7bc96d1f00127273f83ab96a4\"},\"potentialAction\":[{\"@type\":\"SearchAction\",\"target\":{\"@type\":\"EntryPoint\",\"urlTemplate\":\"https:\\\/\\\/tonalibus.org\\\/de\\\/?s={search_term_string}\"},\"query-input\":{\"@type\":\"PropertyValueSpecification\",\"valueRequired\":true,\"valueName\":\"search_term_string\"}}],\"inLanguage\":\"de-CH\"},{\"@type\":[\"Person\",\"Organization\"],\"@id\":\"https:\\\/\\\/tonalibus.org\\\/de\\\/#\\\/schema\\\/person\\\/749261d7bc96d1f00127273f83ab96a4\",\"name\":\"Ulrico\",\"image\":{\"@type\":\"ImageObject\",\"inLanguage\":\"de-CH\",\"@id\":\"https:\\\/\\\/tonalibus.org\\\/wp-content\\\/uploads\\\/2020\\\/06\\\/uli-pix.jpg\",\"url\":\"https:\\\/\\\/tonalibus.org\\\/wp-content\\\/uploads\\\/2020\\\/06\\\/uli-pix.jpg\",\"contentUrl\":\"https:\\\/\\\/tonalibus.org\\\/wp-content\\\/uploads\\\/2020\\\/06\\\/uli-pix.jpg\",\"width\":960,\"height\":720,\"caption\":\"Ulrico\"},\"logo\":{\"@id\":\"https:\\\/\\\/tonalibus.org\\\/wp-content\\\/uploads\\\/2020\\\/06\\\/uli-pix.jpg\"},\"sameAs\":[\"https:\\\/\\\/tonalibus.cyon.site\"]}]}<\/script>\n<!-- \/ Yoast SEO plugin. -->","yoast_head_json":{"title":"Sommer 2021 Schleifen - TONALIBUS Harmonie und Tonalit\u00e4ten","description":"Die Seite Summer 2021 loops bietet pers\u00f6nliche Klangbeispiele, die als Loop zum kontinuierlichen Abspielen im Hintergrund oder zum kontemplativen H\u00f6ren zur Verf\u00fcgung stehen.","robots":{"index":"index","follow":"follow","max-snippet":"max-snippet:-1","max-image-preview":"max-image-preview:large","max-video-preview":"max-video-preview:-1"},"canonical":"https:\/\/tonalibus.org\/de\/sounds\/2021-sound-and-images\/summer-2021\/summer-2021-loops\/","og_locale":"de_DE","og_type":"article","og_title":"Summer 2021 loops &#8211; TONALIBUS Harmony and Tonalities","og_description":"The Summer 2021 loops page offers personal sound samples available as loop for continual background playing or contemplative listening.","og_url":"https:\/\/tonalibus.org\/de\/sounds\/2021-sound-and-images\/summer-2021\/summer-2021-loops\/","og_site_name":"TONALIBUS","article_modified_time":"2022-06-22T11:06:06+00:00","og_image":[{"url":"https:\/\/tonalibus.org\/wp-content\/uploads\/2021\/06\/Bluemlisalp-KG-5-22-2021-xc-1024x624.jpg","type":"","width":"","height":""}],"twitter_card":"summary_large_image","twitter_misc":{"Gesch\u00e4tzte Lesezeit":"2\u00a0Minuten"},"schema":{"@context":"https:\/\/schema.org","@graph":[{"@type":"WebPage","@id":"https:\/\/tonalibus.org\/sounds\/2021-sound-and-images\/summer-2021\/summer-2021-loops\/","url":"https:\/\/tonalibus.org\/sounds\/2021-sound-and-images\/summer-2021\/summer-2021-loops\/","name":"Sommer 2021 Schleifen - TONALIBUS Harmonie und Tonalit\u00e4ten","isPartOf":{"@id":"https:\/\/tonalibus.org\/de\/#website"},"primaryImageOfPage":{"@id":"https:\/\/tonalibus.org\/sounds\/2021-sound-and-images\/summer-2021\/summer-2021-loops\/#primaryimage"},"image":{"@id":"https:\/\/tonalibus.org\/sounds\/2021-sound-and-images\/summer-2021\/summer-2021-loops\/#primaryimage"},"thumbnailUrl":"https:\/\/tonalibus.org\/wp-content\/uploads\/2021\/06\/Bluemlisalp-KG-5-22-2021-xc-1024x624.jpg","datePublished":"2021-06-22T15:50:21+00:00","dateModified":"2022-06-22T11:06:06+00:00","description":"Die Seite Summer 2021 loops bietet pers\u00f6nliche Klangbeispiele, die als Loop zum kontinuierlichen Abspielen im Hintergrund oder zum kontemplativen H\u00f6ren zur Verf\u00fcgung stehen.","breadcrumb":{"@id":"https:\/\/tonalibus.org\/sounds\/2021-sound-and-images\/summer-2021\/summer-2021-loops\/#breadcrumb"},"inLanguage":"de-CH","potentialAction":[{"@type":"ReadAction","target":["https:\/\/tonalibus.org\/sounds\/2021-sound-and-images\/summer-2021\/summer-2021-loops\/"]}]},{"@type":"ImageObject","inLanguage":"de-CH","@id":"https:\/\/tonalibus.org\/sounds\/2021-sound-and-images\/summer-2021\/summer-2021-loops\/#primaryimage","url":"https:\/\/tonalibus.org\/wp-content\/uploads\/2021\/06\/Bluemlisalp-KG-5-22-2021-xc-1024x624.jpg","contentUrl":"https:\/\/tonalibus.org\/wp-content\/uploads\/2021\/06\/Bluemlisalp-KG-5-22-2021-xc-1024x624.jpg"},{"@type":"BreadcrumbList","@id":"https:\/\/tonalibus.org\/sounds\/2021-sound-and-images\/summer-2021\/summer-2021-loops\/#breadcrumb","itemListElement":[{"@type":"ListItem","position":1,"name":"Home","item":"https:\/\/tonalibus.org\/"},{"@type":"ListItem","position":2,"name":"Sounds","item":"https:\/\/tonalibus.org\/sounds\/"},{"@type":"ListItem","position":3,"name":"2021 Sounds and Images","item":"https:\/\/tonalibus.org\/sounds\/2021-sound-and-images\/"},{"@type":"ListItem","position":4,"name":"Summer 2021","item":"https:\/\/tonalibus.org\/sounds\/2021-sound-and-images\/summer-2021\/"},{"@type":"ListItem","position":5,"name":"Summer 2021 loops"}]},{"@type":"WebSite","@id":"https:\/\/tonalibus.org\/de\/#website","url":"https:\/\/tonalibus.org\/de\/","name":"TONALIBUS","description":"Verankerte Harmonie und Tonalit\u00e4ten","publisher":{"@id":"https:\/\/tonalibus.org\/de\/#\/schema\/person\/749261d7bc96d1f00127273f83ab96a4"},"potentialAction":[{"@type":"SearchAction","target":{"@type":"EntryPoint","urlTemplate":"https:\/\/tonalibus.org\/de\/?s={search_term_string}"},"query-input":{"@type":"PropertyValueSpecification","valueRequired":true,"valueName":"search_term_string"}}],"inLanguage":"de-CH"},{"@type":["Person","Organization"],"@id":"https:\/\/tonalibus.org\/de\/#\/schema\/person\/749261d7bc96d1f00127273f83ab96a4","name":"Ulrico","image":{"@type":"ImageObject","inLanguage":"de-CH","@id":"https:\/\/tonalibus.org\/wp-content\/uploads\/2020\/06\/uli-pix.jpg","url":"https:\/\/tonalibus.org\/wp-content\/uploads\/2020\/06\/uli-pix.jpg","contentUrl":"https:\/\/tonalibus.org\/wp-content\/uploads\/2020\/06\/uli-pix.jpg","width":960,"height":720,"caption":"Ulrico"},"logo":{"@id":"https:\/\/tonalibus.org\/wp-content\/uploads\/2020\/06\/uli-pix.jpg"},"sameAs":["https:\/\/tonalibus.cyon.site"]}]}},"_links":{"self":[{"href":"https:\/\/tonalibus.org\/de\/wp-json\/wp\/v2\/pages\/11970","targetHints":{"allow":["GET"]}}],"collection":[{"href":"https:\/\/tonalibus.org\/de\/wp-json\/wp\/v2\/pages"}],"about":[{"href":"https:\/\/tonalibus.org\/de\/wp-json\/wp\/v2\/types\/page"}],"author":[{"embeddable":true,"href":"https:\/\/tonalibus.org\/de\/wp-json\/wp\/v2\/users\/1"}],"replies":[{"embeddable":true,"href":"https:\/\/tonalibus.org\/de\/wp-json\/wp\/v2\/comments?post=11970"}],"version-history":[{"count":0,"href":"https:\/\/tonalibus.org\/de\/wp-json\/wp\/v2\/pages\/11970\/revisions"}],"up":[{"embeddable":true,"href":"https:\/\/tonalibus.org\/de\/wp-json\/wp\/v2\/pages\/11963"}],"wp:attachment":[{"href":"https:\/\/tonalibus.org\/de\/wp-json\/wp\/v2\/media?parent=11970"}],"curies":[{"name":"wp","href":"https:\/\/api.w.org\/{rel}","templated":true}]}}