{"id":12181,"date":"2021-07-11T17:42:40","date_gmt":"2021-07-11T15:42:40","guid":{"rendered":"https:\/\/tonalibus.org\/?page_id=12181"},"modified":"2023-08-01T15:54:37","modified_gmt":"2023-08-01T13:54:37","slug":"tonalibus-a-b-c-album","status":"publish","type":"page","link":"https:\/\/tonalibus.org\/de\/shop\/tonalibus-a-b-c-album\/","title":{"rendered":"Tonalibus A, B, &amp; C \u2013 Album"},"content":{"rendered":"<p><mark style=\"background-color:rgba(0, 0, 0, 0);color:#f7b320\" class=\"has-inline-color\">Ein umfangreiches Album namens <em>Tonalibus A, B, &amp; C<\/em> mit einunddreissig St\u00fccken von <\/mark><a href=\"https:\/\/tonalibus.org\/de\/about-tonalibus\/ulrico\/\"><mark style=\"background-color:rgba(0, 0, 0, 0);color:#f7b320\" class=\"has-inline-color\">Ulrico<\/mark><\/a><mark style=\"background-color:rgba(0, 0, 0, 0);color:#f7b320\" class=\"has-inline-color\"> ist weltweit auf vielen Musik-Plattformen verf\u00fcgbar, wie unten aufgef\u00fchrt. Es enth\u00e4lt zweieinhalb Stunden erbauliche Musik.<\/mark><\/p>\n\n\n\n<div class=\"wp-block-buttons is-horizontal is-content-justification-center is-layout-flex wp-container-core-buttons-is-layout-499968f5 wp-block-buttons-is-layout-flex\">\n<div class=\"wp-block-button is-style-outline is-style-outline--1\"><a class=\"wp-block-button__link wp-element-button\" href=\"#pforms\">Musik-Plattformen <\/a><\/div>\n\n\n\n<div class=\"wp-block-button is-style-outline is-style-outline--2\"><a class=\"wp-block-button__link wp-element-button\" href=\"#tracks\">Album-Titel<\/a><\/div>\n\n\n\n<div class=\"wp-block-button is-style-outline is-style-outline--3\"><a class=\"wp-block-button__link wp-element-button\" href=\"#cover\">Album-Cover<\/a><\/div>\n\n\n\n<div class=\"wp-block-button is-style-outline is-style-outline--4\"><a class=\"wp-block-button__link wp-element-button\" href=\"https:\/\/tonalibus.org\/de\/shop\/playlists\/\">Playlists<\/a><\/div>\n<\/div>\n\n\n\n<div style=\"height:40px\" aria-hidden=\"true\" class=\"wp-block-spacer\"><\/div>\n\n\n\n<p><mark style=\"background-color:rgba(0, 0, 0, 0);color:#f7b320\" class=\"has-inline-color\">Tonalibus ver\u00f6ffentlichte drei Singles am 16. Juni 2021 und das Album <em>Tonalibus A, B, &amp; C<\/em> am 7. Juli 2021. Die Singles entsprechen den Titeln #10, #11 und #17 auf dem Album. Weitere Singles k\u00f6nnen folgen. Diese Singles und das Album sind auf den folgenden Plattformen erh\u00e4ltlich, wie unten angegeben. Einige Musik-Dienste sind auf bestimmte Regionen oder L\u00e4nder beschr\u00e4nkt oder bieten internationale Musik nur innerhalb ihres Gebietes an. Die unten angebotenen Links f\u00fchren zu den verf\u00fcgbaren Tonalibus-Ver\u00f6ffentlichungen. Die zugeh\u00f6rigen Kommentare entsprechen dem Stand vom Juli 2021.<\/mark><\/p>\n\n\n\n<h2 class=\"wp-block-heading\" id=\"pforms\"><mark style=\"background-color:rgba(0, 0, 0, 0);color:#f7b320\" class=\"has-inline-color\">Verwendete Musik-Vertriebs-Plattformen<\/mark><\/h2>\n\n\n\n<ul class=\"wp-block-list\">\n<li><a href=\"https:\/\/open.spotify.com\/artist\/3JiD2vdPrQKW5cQ1kzVUfR?si=lxVEt0QvSbGfaokgnVPlhw&amp;dl_branch=1\" target=\"_blank\" rel=\"noreferrer noopener\"><span style=\"color:#f7b320\" class=\"has-inline-color\">Spotify<\/span><\/a><span style=\"color:#f7b320\" class=\"has-inline-color\"> \u2013 Album, Titel, Singles \u2013 kostenlos Online-H\u00f6ren, gegen Bezahlung werbefrei und Download<\/span><\/li>\n\n\n\n<li><a href=\"https:\/\/music.youtube.com\/channel\/UCihsJzyNwheaIF6_KHl7iPg?feature=share\" target=\"_blank\" rel=\"noreferrer noopener\"><span style=\"color:#f7b320\" class=\"has-inline-color\">YouTube Music<\/span><\/a><span style=\"color:#f7b320\" class=\"has-inline-color\"> \u2013 Album, Titel, Singles \u2013 kostenlos Online-H\u00f6ren, gegen Bezahlung werbefrei<\/span><\/li>\n\n\n\n<li><a href=\"https:\/\/music.apple.com\/us\/artist\/ulrico\/1572759764\" target=\"_blank\" rel=\"noreferrer noopener\"><span style=\"color:#f7b320\" class=\"has-inline-color\"><span style=\"color:#f7b320\" class=\"has-inline-color\"><\/span><span style=\"color:#f7b320\" class=\"has-inline-color\"><\/span><\/span><\/a><a href=\"https:\/\/www.amazon.com\/s?k=Ulrico&amp;i=digital-music&amp;search-type=ss&amp;ref=ntt_srch_drd_B097D6BL1S\" target=\"_blank\" rel=\"noreferrer noopener\"><span style=\"color:#f7b320\" class=\"has-inline-color\"><span style=\"color:#f7b320\" class=\"has-inline-color\"><\/span><\/span><\/a><a href=\"https:\/\/www.deezer.com\/en\/artist\/136505382\" target=\"_blank\" rel=\"noreferrer noopener\"><span style=\"color:#f7b320\" class=\"has-inline-color\">Deezer<\/span><\/a><span style=\"color:#f7b320\" class=\"has-inline-color\"> \u2013 Album, Titel, Singles \u2013 kostenlos Online-H\u00f6ren, gegen Bezahlung werbefrei und Download<\/span><\/li>\n\n\n\n<li><a href=\"https:\/\/music.apple.com\/us\/artist\/ulrico\/1572759764\" target=\"_blank\" rel=\"noreferrer noopener\"><span style=\"color:#f7b320\" class=\"has-inline-color\">Apple Music\/iTunes<\/span><\/a><span style=\"color:#f7b320\" class=\"has-inline-color\"> \u2013 Album, Titel, Singles \u2013 90-Sek. H\u00f6rproben, gegen Bezahlung Online-H\u00f6ren oder Download<\/span><\/li>\n\n\n\n<li><a href=\"https:\/\/www.amazon.com\/s?k=tonalibus+music\" target=\"_blank\" rel=\"noreferrer noopener\"><mark style=\"background-color:rgba(0, 0, 0, 0);color:#f7b320\" class=\"has-inline-color\">Amazon<\/mark><\/a><mark style=\"background-color:rgba(0, 0, 0, 0);color:#f7b320\" class=\"has-inline-color\"> \u2013 Album, Titel, Singles (mit Duplikaten) \u2013 30-Sek. H\u00f6rproben, gegen Bezahlung Download<\/mark><\/li>\n\n\n\n<li><a href=\"https:\/\/listen.tidal.com\/artist\/26118548\" target=\"_blank\" rel=\"noreferrer noopener\"><span style=\"color:#f7b320\" class=\"has-inline-color\">Tidal<\/span><\/a><span style=\"color:#f7b320\" class=\"has-inline-color\"> \u2013 Album, Titel, Singles \u2013 30-Sek. H\u00f6rproben, mehr mit Anmeldung<\/span><\/li>\n\n\n\n<li><a href=\"https:\/\/www.kkbox.com\/sg\/sc\/artist\/HFnzgcp4zhE1k0F01oKRF08L-index-1.html\" target=\"_blank\" rel=\"noreferrer noopener\"><span style=\"color:#f7b320\" class=\"has-inline-color\">KKBox<\/span><\/a><span style=\"color:#f7b320\" class=\"has-inline-color\"> \u2013 Album, Titel, Singles \u2013 30-Sek. H\u00f6rproben, mehr mit Anmeldung<\/span><\/li>\n\n\n\n<li><a href=\"https:\/\/music.163.com\/#\/album?id=130158288\" target=\"_blank\" rel=\"noreferrer noopener\"><span style=\"color:#f7b320\" class=\"has-inline-color\">NetEase<\/span><\/a><span style=\"color:#f7b320\" class=\"has-inline-color\"> \u2013 Album, Titel, Singles \u2013 erfordert Anmeldung<\/span><\/li>\n\n\n\n<li><a href=\"https:\/\/y.qq.com\/n\/ryqq\/singer\/003m5rJP3c7eLM\" target=\"_blank\" rel=\"noreferrer noopener\"><span style=\"color:#f7b320\" class=\"has-inline-color\">QQ Music<\/span><\/a><span style=\"color:#f7b320\" class=\"has-inline-color\">\/Tencent \u2013 Album, Titel, Singles \u2013 erfordert Anmeldung<\/span><\/li>\n\n\n\n<li><a href=\"https:\/\/music.yandex.com\/artist\/12238825\" target=\"_blank\" rel=\"noreferrer noopener\"><span style=\"color:#f7b320\" class=\"has-inline-color\">Yandex Music<\/span><\/a><span style=\"color:#f7b320\" class=\"has-inline-color\"> \u2013 Album, Titel, Playlist: Best of Ulrico \u2013 aus der Schweiz nicht zug\u00e4nglich<\/span><\/li>\n\n\n\n<li><mark style=\"background-color:rgba(0, 0, 0, 0);color:#f7b320\" class=\"has-inline-color\">Zudem: Anghami, Boomplay, Instagram\/Facebook, iHeartRadio, ClaroMusica, Pandora, Saavn, TikTok\/Resso, Triller, Soundtrack by Twitch, MediaNet, sowie viele kleinere Plattformen.<\/mark><\/li>\n<\/ul>\n\n\n\n<h2 class=\"wp-block-heading\" id=\"tracks\"><mark style=\"background-color:rgba(0, 0, 0, 0);color:#f7b320\" class=\"has-inline-color\"><em>Tonalibus A, B, &amp; C<\/em> \u2013 Album-Titel<\/mark><\/h2>\n\n\n\n<p class=\"has-text-color\" style=\"color:#f7b320\">Aus den Playlists C <em>\u201c<\/em>Auf der Wellen Kamm reiten<em>\u201c<\/em>, B <em>\u201c<\/em>Die Gegenwart geniessen<em>\u201c<\/em>, und A <em>\u201c<\/em>Kreative Freude eines neuen Lebens<em>\u201c<\/em><\/p>\n\n\n\n<ol class=\"wp-block-list\">\n<li><mark style=\"background-color:rgba(0, 0, 0, 0);color:#f7b320\" class=\"has-inline-color\">Aum Mani Padme Hum \u2013 Blues \u2013 dreifach 7-saitige Gitarre und Stimme \u2013 8:28<\/mark><\/li>\n\n\n\n<li><mark style=\"background-color:rgba(0, 0, 0, 0);color:#f7b320\" class=\"has-inline-color\">Reaching Up to Heaven \u2013 dreifach 8-saitige Gitarre und Bass \u2013 7:11<\/mark><\/li>\n\n\n\n<li><mark style=\"background-color:rgba(0, 0, 0, 0);color:#f7b320\" class=\"has-inline-color\">Back on a Blue Track \u2013 zweifach 8-saitige Gitarre, Bass und Djembe \u2013 7:41<\/mark><\/li>\n\n\n\n<li><mark style=\"background-color:rgba(0, 0, 0, 0);color:#f7b320\" class=\"has-inline-color\">Acoustic Acceptance \u2013 8-saitige Gitarre \u2013 3:36<\/mark><\/li>\n\n\n\n<li><mark style=\"background-color:rgba(0, 0, 0, 0);color:#f7b320\" class=\"has-inline-color\">Just Be, No More \u2013 8-saitige Gitarre, Fujara, Crotales und Gongs \u2013 1:19<\/mark><\/li>\n\n\n\n<li><mark style=\"background-color:rgba(0, 0, 0, 0);color:#f7b320\" class=\"has-inline-color\">Journey Around the Sun \u2013 8-saitige Gitarre \u2013 7:08<\/mark><\/li>\n\n\n\n<li><mark style=\"background-color:rgba(0, 0, 0, 0);color:#f7b320\" class=\"has-inline-color\">Happy Sadness or Sad Happiness? \u2013 8-saitige Gitarre und zweifach Stimme \u2013 3:04<\/mark><\/li>\n\n\n\n<li><mark style=\"background-color:rgba(0, 0, 0, 0);color:#f7b320\" class=\"has-inline-color\">Progress, No Regress \u2013 8-saitige Gitarre und Gong \u2013 11:53<\/mark><\/li>\n\n\n\n<li><mark style=\"background-color:rgba(0, 0, 0, 0);color:#f7b320\" class=\"has-inline-color\">Spontane Schong Jen Puja \u2013 zweifach 8-saitige Gitarre, vier Gongs und Cortales \u2013 3:42<\/mark><\/li>\n\n\n\n<li><mark style=\"background-color:rgba(0, 0, 0, 0);color:#f7b320\" class=\"has-inline-color\">Flowing Upward \u2013 8-saitige Gitarre \u2013 13:24<\/mark><\/li>\n\n\n\n<li><mark style=\"background-color:rgba(0, 0, 0, 0);color:#f7b320\" class=\"has-inline-color\">Over and Under-Tone Presents \u2013 dreifach Fujara und Tenor-Blockfl\u00f6te \u2013 2:30<\/mark><\/li>\n\n\n\n<li><mark style=\"background-color:rgba(0, 0, 0, 0);color:#f7b320\" class=\"has-inline-color\">First Baby Angel Steps \u2013 doppelt besaitete Harfe \u2013 1:40<\/mark><\/li>\n\n\n\n<li><mark style=\"background-color:rgba(0, 0, 0, 0);color:#f7b320\" class=\"has-inline-color\">Prayer in Gratitude for the Golden Heart \u2013 8-saitige Gitarre \u2013 4:44<\/mark><\/li>\n\n\n\n<li><mark style=\"background-color:rgba(0, 0, 0, 0);color:#f7b320\" class=\"has-inline-color\">Four Corners of the Sound Temple \u2013 8-saitige Gitarre und vier Gongs \u2013 8:22<\/mark><\/li>\n\n\n\n<li><mark style=\"background-color:rgba(0, 0, 0, 0);color:#f7b320\" class=\"has-inline-color\">Guggisberg-Melody \u2013 zweifach 8-saitige Gitarre, Bass und Crotales \u2013 9:23<\/mark><\/li>\n\n\n\n<li><mark style=\"background-color:rgba(0, 0, 0, 0);color:#f7b320\" class=\"has-inline-color\">Sooner Rather than Later \u2013 zweifach Tenor-Blockfl\u00f6te, nepalesische und tibetische (tingsha) Zimbel-Paare und Stimme \u2013 6:13<\/mark><\/li>\n\n\n\n<li><mark style=\"background-color:rgba(0, 0, 0, 0);color:#f7b320\" class=\"has-inline-color\">BlueMix Syntropy \u2013 mehrfache 8-saitige Gitarre \u2013 5:53<\/mark><\/li>\n\n\n\n<li><mark style=\"background-color:rgba(0, 0, 0, 0);color:#f7b320\" class=\"has-inline-color\">Louder Call for Peace \u2013 dreifach und vierfach Fujara \u2013 2:40<\/mark><\/li>\n\n\n\n<li><mark style=\"background-color:rgba(0, 0, 0, 0);color:#f7b320\" class=\"has-inline-color\">Remembering Boudhanath \u2013 zweifach Tenor-Blockfl\u00f6te, singende S\u00e4ge, tibetische Tingsha-Zimbeln \u2013 3:42<\/mark><\/li>\n\n\n\n<li><mark style=\"background-color:rgba(0, 0, 0, 0);color:#f7b320\" class=\"has-inline-color\">Little Balloon \u2013 mehrfach 8-saitige Gitarre und Bass \u2013 3:28<\/mark><\/li>\n\n\n\n<li><mark style=\"background-color:rgba(0, 0, 0, 0);color:#f7b320\" class=\"has-inline-color\">Ornate Gateway to Heaven and Hell \u2013 nepalesische und tibetische Zimbel-Paare, Gongs, 8-saitige Gitarre, Vichitra-Veena und Stimme \u2013 6:43<\/mark><\/li>\n\n\n\n<li><mark style=\"background-color:rgba(0, 0, 0, 0);color:#f7b320\" class=\"has-inline-color\">Plain Gateway to Heaven and Hell \u2013 nepalesische und tibetische Zimbel-Paare, und Gongs \u2013 6:39<\/mark><\/li>\n\n\n\n<li><mark style=\"background-color:rgba(0, 0, 0, 0);color:#f7b320\" class=\"has-inline-color\">Dear God (mono-lingual) \u2013 vierfach kanonische Stimme, einsprachig Englisch \u2013 2:08<\/mark><\/li>\n\n\n\n<li><mark style=\"background-color:rgba(0, 0, 0, 0);color:#f7b320\" class=\"has-inline-color\">Dear God (quadri-lingual) \u2013 vierfach kanonische Stimme, viersprachig EN, DE, FR, und lT \u2013 2:08<\/mark><\/li>\n\n\n\n<li><mark style=\"background-color:rgba(0, 0, 0, 0);color:#f7b320\" class=\"has-inline-color\">Tongue in Guitars Cheek \u2013 dreifach 8-saitige Gitarre und Stimme \u2013 2:51<\/mark><\/li>\n\n\n\n<li><mark style=\"background-color:rgba(0, 0, 0, 0);color:#f7b320\" class=\"has-inline-color\">Spontaneous Surprise \u2013 8-saitige Gitarre und Stimme \u2013 4:46<\/mark><\/li>\n\n\n\n<li><mark style=\"background-color:rgba(0, 0, 0, 0);color:#f7b320\" class=\"has-inline-color\">Call to Peace \u2013 dreifach Fujara und Tenor-Blockfl\u00f6te \u2013 3:03<\/mark><\/li>\n\n\n\n<li><mark style=\"background-color:rgba(0, 0, 0, 0);color:#f7b320\" class=\"has-inline-color\">Courtesy of Grace \u2013 Hang Bal \u2013 2:28<\/mark><\/li>\n\n\n\n<li><mark style=\"background-color:rgba(0, 0, 0, 0);color:#f7b320\" class=\"has-inline-color\">On Eagels Wings \u2013 dreifach Fujara \u2013 1:45<\/mark><\/li>\n\n\n\n<li><mark style=\"background-color:rgba(0, 0, 0, 0);color:#f7b320\" class=\"has-inline-color\">As God Realizes the Moment \u2013 8-saitige Gitarre, mehfach Fujara, Tenor-Blockfl\u00f6te und Stimme \u2013 2:25<\/mark><\/li>\n\n\n\n<li><mark style=\"background-color:rgba(0, 0, 0, 0);color:#f7b320\" class=\"has-inline-color\">Dancing above the Clouds \u2013 doppelt 8-saitige Gitarre \u2013 0:40<\/mark><\/li>\n<\/ol>\n\n\n\n<p><mark style=\"background-color:rgba(0, 0, 0, 0);color:#f7b320\" class=\"has-inline-color\">Diese St\u00fccke sind eine Auswahl pers\u00f6nlicher Tonbeispiele, verf\u00fcgbar auch unter <\/mark><a href=\"https:\/\/tonalibus.org\/de\/sounds\/\"><mark style=\"background-color:rgba(0, 0, 0, 0);color:#f7b320\" class=\"has-inline-color\">Kl\u00e4nge<\/mark><\/a><mark style=\"background-color:rgba(0, 0, 0, 0);color:#f7b320\" class=\"has-inline-color\">. Sie sind Kreationen von Ulrico zwischen April 2020 und Juli 2021.<\/mark><\/p>\n\n\n\n<h2 class=\"wp-block-heading\" id=\"cover\"><mark style=\"background-color:rgba(0, 0, 0, 0);color:#f7b320\" class=\"has-inline-color\"><em>Tonalibus A, B, &amp; C<\/em> \u2013 Album-Cover<\/mark><\/h2>\n\n\n\n<div style=\"height:16px\" aria-hidden=\"true\" class=\"wp-block-spacer\"><\/div>\n\n\n<div class=\"wp-block-image\">\n<figure class=\"aligncenter size-large is-resized\"><img loading=\"lazy\" decoding=\"async\" src=\"https:\/\/tonalibus.org\/wp-content\/uploads\/2021\/07\/IMG_2850-xcyz-1024x1024.jpg\" alt=\"Tonalibus A, B, &amp; C - album\" class=\"wp-image-12179\" width=\"531\" height=\"531\" srcset=\"https:\/\/tonalibus.org\/wp-content\/uploads\/2021\/07\/IMG_2850-xcyz-1024x1024.jpg 1024w, https:\/\/tonalibus.org\/wp-content\/uploads\/2021\/07\/IMG_2850-xcyz-300x300.jpg 300w, https:\/\/tonalibus.org\/wp-content\/uploads\/2021\/07\/IMG_2850-xcyz-150x150.jpg 150w, https:\/\/tonalibus.org\/wp-content\/uploads\/2021\/07\/IMG_2850-xcyz-768x768.jpg 768w, https:\/\/tonalibus.org\/wp-content\/uploads\/2021\/07\/IMG_2850-xcyz-1536x1536.jpg 1536w, https:\/\/tonalibus.org\/wp-content\/uploads\/2021\/07\/IMG_2850-xcyz-2048x2048.jpg 2048w, https:\/\/tonalibus.org\/wp-content\/uploads\/2021\/07\/IMG_2850-xcyz-12x12.jpg 12w, https:\/\/tonalibus.org\/wp-content\/uploads\/2021\/07\/IMG_2850-xcyz-100x100.jpg 100w, https:\/\/tonalibus.org\/wp-content\/uploads\/2021\/07\/IMG_2850-xcyz-1320x1320.jpg 1320w\" sizes=\"auto, (max-width: 531px) 100vw, 531px\" \/><figcaption class=\"wp-element-caption\">Eine freundliche, etwas einsame Birke vor den Alpen \u2013 Gr\u00e4chwil\/Meikirch, Schweiz<\/figcaption><\/figure>\n<\/div>","protected":false},"excerpt":{"rendered":"<p>Ein umfangreiches Album mit dem Titel Tonalibus A, B, &amp; C mit einunddrei\u00dfig St\u00fccken von Ulrico ist inzwischen weltweit auf vielen Musikplattformen erh\u00e4ltlich, wie unten aufgef\u00fchrt. Es enth\u00e4lt zweieinhalb Stunden erhebender Musik. Tonalibus ver\u00f6ffentlichte drei Singles am 16. Juni 2021 und das Album Tonalibus A, B, &amp; C am 7. Juli 2021. ... <\/p>\n<p class=\"link-more\"><a href=\"https:\/\/tonalibus.org\/de\/shop\/tonalibus-a-b-c-album\/\" class=\"more-link\"><span class=\"screen-reader-text\">\"Tonalibus A, B, &amp; C - Album\"<\/span> weiterlesen<\/a><\/p>","protected":false},"author":1,"featured_media":0,"parent":490,"menu_order":31,"comment_status":"closed","ping_status":"closed","template":"","meta":{"footnotes":""},"class_list":["post-12181","page","type-page","status-publish","hentry"],"yoast_head":"<!-- This site is optimized with the Yoast SEO plugin v27.5 - https:\/\/yoast.com\/product\/yoast-seo-wordpress\/ -->\n<title>Tonalibus A, B, &amp; C \u2013 Album &#8211; TONALIBUS Harmony and Tonlities<\/title>\n<meta name=\"description\" content=\"An extensive album called Tonalibus A, B, &amp; C with thirty-one pieces by Ulrico has become available globally on many music platforms.\" \/>\n<meta name=\"robots\" content=\"index, follow, max-snippet:-1, max-image-preview:large, max-video-preview:-1\" \/>\n<link rel=\"canonical\" href=\"https:\/\/tonalibus.org\/de\/shop\/tonalibus-a-b-c-album\/\" \/>\n<meta property=\"og:locale\" content=\"de_DE\" \/>\n<meta property=\"og:type\" content=\"article\" \/>\n<meta property=\"og:title\" content=\"Tonalibus A, B, &amp; C \u2013 Album &#8211; TONALIBUS Harmony and Tonlities\" \/>\n<meta property=\"og:description\" content=\"An extensive album called Tonalibus A, B, &amp; C with thirty-one pieces by Ulrico has become available globally on many music platforms.\" \/>\n<meta property=\"og:url\" content=\"https:\/\/tonalibus.org\/de\/shop\/tonalibus-a-b-c-album\/\" \/>\n<meta property=\"og:site_name\" content=\"TONALIBUS\" \/>\n<meta property=\"article:modified_time\" content=\"2023-08-01T13:54:37+00:00\" \/>\n<meta property=\"og:image\" content=\"https:\/\/tonalibus.org\/wp-content\/uploads\/2021\/07\/IMG_2850-xcyz-1024x1024.jpg\" \/>\n<meta name=\"twitter:card\" content=\"summary_large_image\" \/>\n<meta name=\"twitter:label1\" content=\"Gesch\u00e4tzte Lesezeit\" \/>\n\t<meta name=\"twitter:data1\" content=\"3\u00a0Minuten\" \/>\n<script type=\"application\/ld+json\" class=\"yoast-schema-graph\">{\"@context\":\"https:\\\/\\\/schema.org\",\"@graph\":[{\"@type\":\"WebPage\",\"@id\":\"https:\\\/\\\/tonalibus.org\\\/shop\\\/tonalibus-a-b-c-album\\\/\",\"url\":\"https:\\\/\\\/tonalibus.org\\\/shop\\\/tonalibus-a-b-c-album\\\/\",\"name\":\"Tonalibus A, B, & C \u2013 Album &#8211; TONALIBUS Harmony and Tonlities\",\"isPartOf\":{\"@id\":\"https:\\\/\\\/tonalibus.org\\\/de\\\/#website\"},\"primaryImageOfPage\":{\"@id\":\"https:\\\/\\\/tonalibus.org\\\/shop\\\/tonalibus-a-b-c-album\\\/#primaryimage\"},\"image\":{\"@id\":\"https:\\\/\\\/tonalibus.org\\\/shop\\\/tonalibus-a-b-c-album\\\/#primaryimage\"},\"thumbnailUrl\":\"https:\\\/\\\/tonalibus.org\\\/wp-content\\\/uploads\\\/2021\\\/07\\\/IMG_2850-xcyz-1024x1024.jpg\",\"datePublished\":\"2021-07-11T15:42:40+00:00\",\"dateModified\":\"2023-08-01T13:54:37+00:00\",\"description\":\"An extensive album called Tonalibus A, B, & C with thirty-one pieces by Ulrico has become available globally on many music platforms.\",\"breadcrumb\":{\"@id\":\"https:\\\/\\\/tonalibus.org\\\/shop\\\/tonalibus-a-b-c-album\\\/#breadcrumb\"},\"inLanguage\":\"de-CH\",\"potentialAction\":[{\"@type\":\"ReadAction\",\"target\":[\"https:\\\/\\\/tonalibus.org\\\/shop\\\/tonalibus-a-b-c-album\\\/\"]}]},{\"@type\":\"ImageObject\",\"inLanguage\":\"de-CH\",\"@id\":\"https:\\\/\\\/tonalibus.org\\\/shop\\\/tonalibus-a-b-c-album\\\/#primaryimage\",\"url\":\"https:\\\/\\\/tonalibus.org\\\/wp-content\\\/uploads\\\/2021\\\/07\\\/IMG_2850-xcyz-1024x1024.jpg\",\"contentUrl\":\"https:\\\/\\\/tonalibus.org\\\/wp-content\\\/uploads\\\/2021\\\/07\\\/IMG_2850-xcyz-1024x1024.jpg\"},{\"@type\":\"BreadcrumbList\",\"@id\":\"https:\\\/\\\/tonalibus.org\\\/shop\\\/tonalibus-a-b-c-album\\\/#breadcrumb\",\"itemListElement\":[{\"@type\":\"ListItem\",\"position\":1,\"name\":\"Home\",\"item\":\"https:\\\/\\\/tonalibus.org\\\/\"},{\"@type\":\"ListItem\",\"position\":2,\"name\":\"Fidibus Shop\",\"item\":\"https:\\\/\\\/tonalibus.org\\\/shop\\\/\"},{\"@type\":\"ListItem\",\"position\":3,\"name\":\"Tonalibus A, B, &#038; C \u2013 Album\"}]},{\"@type\":\"WebSite\",\"@id\":\"https:\\\/\\\/tonalibus.org\\\/de\\\/#website\",\"url\":\"https:\\\/\\\/tonalibus.org\\\/de\\\/\",\"name\":\"TONALIBUS\",\"description\":\"Anchored Harmony and Tonalities\",\"publisher\":{\"@id\":\"https:\\\/\\\/tonalibus.org\\\/de\\\/#\\\/schema\\\/person\\\/749261d7bc96d1f00127273f83ab96a4\"},\"potentialAction\":[{\"@type\":\"SearchAction\",\"target\":{\"@type\":\"EntryPoint\",\"urlTemplate\":\"https:\\\/\\\/tonalibus.org\\\/de\\\/?s={search_term_string}\"},\"query-input\":{\"@type\":\"PropertyValueSpecification\",\"valueRequired\":true,\"valueName\":\"search_term_string\"}}],\"inLanguage\":\"de-CH\"},{\"@type\":[\"Person\",\"Organization\"],\"@id\":\"https:\\\/\\\/tonalibus.org\\\/de\\\/#\\\/schema\\\/person\\\/749261d7bc96d1f00127273f83ab96a4\",\"name\":\"Ulrico\",\"image\":{\"@type\":\"ImageObject\",\"inLanguage\":\"de-CH\",\"@id\":\"https:\\\/\\\/tonalibus.org\\\/wp-content\\\/uploads\\\/2020\\\/06\\\/uli-pix.jpg\",\"url\":\"https:\\\/\\\/tonalibus.org\\\/wp-content\\\/uploads\\\/2020\\\/06\\\/uli-pix.jpg\",\"contentUrl\":\"https:\\\/\\\/tonalibus.org\\\/wp-content\\\/uploads\\\/2020\\\/06\\\/uli-pix.jpg\",\"width\":960,\"height\":720,\"caption\":\"Ulrico\"},\"logo\":{\"@id\":\"https:\\\/\\\/tonalibus.org\\\/wp-content\\\/uploads\\\/2020\\\/06\\\/uli-pix.jpg\"},\"sameAs\":[\"https:\\\/\\\/tonalibus.cyon.site\"]}]}<\/script>\n<!-- \/ Yoast SEO plugin. -->","yoast_head_json":{"title":"Tonalibus A, B, &amp; C - Album - TONALIBUS Harmonie und Tonarten","description":"Ein umfangreiches Album namens Tonalibus A, B, &amp; C mit einunddrei\u00dfig St\u00fccken von Ulrico ist inzwischen weltweit auf vielen Musikplattformen erh\u00e4ltlich.","robots":{"index":"index","follow":"follow","max-snippet":"max-snippet:-1","max-image-preview":"max-image-preview:large","max-video-preview":"max-video-preview:-1"},"canonical":"https:\/\/tonalibus.org\/de\/shop\/tonalibus-a-b-c-album\/","og_locale":"de_DE","og_type":"article","og_title":"Tonalibus A, B, & C \u2013 Album &#8211; TONALIBUS Harmony and Tonlities","og_description":"An extensive album called Tonalibus A, B, & C with thirty-one pieces by Ulrico has become available globally on many music platforms.","og_url":"https:\/\/tonalibus.org\/de\/shop\/tonalibus-a-b-c-album\/","og_site_name":"TONALIBUS","article_modified_time":"2023-08-01T13:54:37+00:00","og_image":[{"url":"https:\/\/tonalibus.org\/wp-content\/uploads\/2021\/07\/IMG_2850-xcyz-1024x1024.jpg","type":"","width":"","height":""}],"twitter_card":"summary_large_image","twitter_misc":{"Gesch\u00e4tzte Lesezeit":"3\u00a0Minuten"},"schema":{"@context":"https:\/\/schema.org","@graph":[{"@type":"WebPage","@id":"https:\/\/tonalibus.org\/shop\/tonalibus-a-b-c-album\/","url":"https:\/\/tonalibus.org\/shop\/tonalibus-a-b-c-album\/","name":"Tonalibus A, B, &amp; C - Album - TONALIBUS Harmonie und Tonarten","isPartOf":{"@id":"https:\/\/tonalibus.org\/de\/#website"},"primaryImageOfPage":{"@id":"https:\/\/tonalibus.org\/shop\/tonalibus-a-b-c-album\/#primaryimage"},"image":{"@id":"https:\/\/tonalibus.org\/shop\/tonalibus-a-b-c-album\/#primaryimage"},"thumbnailUrl":"https:\/\/tonalibus.org\/wp-content\/uploads\/2021\/07\/IMG_2850-xcyz-1024x1024.jpg","datePublished":"2021-07-11T15:42:40+00:00","dateModified":"2023-08-01T13:54:37+00:00","description":"Ein umfangreiches Album namens Tonalibus A, B, &amp; C mit einunddrei\u00dfig St\u00fccken von Ulrico ist inzwischen weltweit auf vielen Musikplattformen erh\u00e4ltlich.","breadcrumb":{"@id":"https:\/\/tonalibus.org\/shop\/tonalibus-a-b-c-album\/#breadcrumb"},"inLanguage":"de-CH","potentialAction":[{"@type":"ReadAction","target":["https:\/\/tonalibus.org\/shop\/tonalibus-a-b-c-album\/"]}]},{"@type":"ImageObject","inLanguage":"de-CH","@id":"https:\/\/tonalibus.org\/shop\/tonalibus-a-b-c-album\/#primaryimage","url":"https:\/\/tonalibus.org\/wp-content\/uploads\/2021\/07\/IMG_2850-xcyz-1024x1024.jpg","contentUrl":"https:\/\/tonalibus.org\/wp-content\/uploads\/2021\/07\/IMG_2850-xcyz-1024x1024.jpg"},{"@type":"BreadcrumbList","@id":"https:\/\/tonalibus.org\/shop\/tonalibus-a-b-c-album\/#breadcrumb","itemListElement":[{"@type":"ListItem","position":1,"name":"Home","item":"https:\/\/tonalibus.org\/"},{"@type":"ListItem","position":2,"name":"Fidibus Shop","item":"https:\/\/tonalibus.org\/shop\/"},{"@type":"ListItem","position":3,"name":"Tonalibus A, B, &#038; C \u2013 Album"}]},{"@type":"WebSite","@id":"https:\/\/tonalibus.org\/de\/#website","url":"https:\/\/tonalibus.org\/de\/","name":"TONALIBUS","description":"Verankerte Harmonie und Tonalit\u00e4ten","publisher":{"@id":"https:\/\/tonalibus.org\/de\/#\/schema\/person\/749261d7bc96d1f00127273f83ab96a4"},"potentialAction":[{"@type":"SearchAction","target":{"@type":"EntryPoint","urlTemplate":"https:\/\/tonalibus.org\/de\/?s={search_term_string}"},"query-input":{"@type":"PropertyValueSpecification","valueRequired":true,"valueName":"search_term_string"}}],"inLanguage":"de-CH"},{"@type":["Person","Organization"],"@id":"https:\/\/tonalibus.org\/de\/#\/schema\/person\/749261d7bc96d1f00127273f83ab96a4","name":"Ulrico","image":{"@type":"ImageObject","inLanguage":"de-CH","@id":"https:\/\/tonalibus.org\/wp-content\/uploads\/2020\/06\/uli-pix.jpg","url":"https:\/\/tonalibus.org\/wp-content\/uploads\/2020\/06\/uli-pix.jpg","contentUrl":"https:\/\/tonalibus.org\/wp-content\/uploads\/2020\/06\/uli-pix.jpg","width":960,"height":720,"caption":"Ulrico"},"logo":{"@id":"https:\/\/tonalibus.org\/wp-content\/uploads\/2020\/06\/uli-pix.jpg"},"sameAs":["https:\/\/tonalibus.cyon.site"]}]}},"_links":{"self":[{"href":"https:\/\/tonalibus.org\/de\/wp-json\/wp\/v2\/pages\/12181","targetHints":{"allow":["GET"]}}],"collection":[{"href":"https:\/\/tonalibus.org\/de\/wp-json\/wp\/v2\/pages"}],"about":[{"href":"https:\/\/tonalibus.org\/de\/wp-json\/wp\/v2\/types\/page"}],"author":[{"embeddable":true,"href":"https:\/\/tonalibus.org\/de\/wp-json\/wp\/v2\/users\/1"}],"replies":[{"embeddable":true,"href":"https:\/\/tonalibus.org\/de\/wp-json\/wp\/v2\/comments?post=12181"}],"version-history":[{"count":0,"href":"https:\/\/tonalibus.org\/de\/wp-json\/wp\/v2\/pages\/12181\/revisions"}],"up":[{"embeddable":true,"href":"https:\/\/tonalibus.org\/de\/wp-json\/wp\/v2\/pages\/490"}],"wp:attachment":[{"href":"https:\/\/tonalibus.org\/de\/wp-json\/wp\/v2\/media?parent=12181"}],"curies":[{"name":"wp","href":"https:\/\/api.w.org\/{rel}","templated":true}]}}