{"id":1283,"date":"2020-06-24T23:28:38","date_gmt":"2020-06-24T21:28:38","guid":{"rendered":"https:\/\/tonalibus.org\/?page_id=1283"},"modified":"2025-12-16T14:20:59","modified_gmt":"2025-12-16T13:20:59","slug":"highlight-pivots","status":"publish","type":"page","link":"https:\/\/tonalibus.org\/de\/harmony\/highlight-pivots\/","title":{"rendered":"Harmonische Drehpunkte"},"content":{"rendered":"<div class=\"wp-block-buttons is-horizontal is-content-justification-center is-layout-flex wp-container-core-buttons-is-layout-499968f5 wp-block-buttons-is-layout-flex\">\n<div class=\"wp-block-button is-style-outline is-style-outline--1\"><a class=\"wp-block-button__link wp-element-button\" href=\"#visual\"><em>Harmonische Drehpunkte<\/em> \u2014<br>eine Darstellung der visuellen Grundlagen der Harmonie<\/a><\/div>\n<\/div>\n\n\n\n<div style=\"height:48px\" aria-hidden=\"true\" class=\"wp-block-spacer\"><\/div>\n\n\n\n<p class=\"has-text-color has-link-color wp-elements-9933e91656cd1f4dee1edc09ff45b556\" style=\"color:#f7b320\">Wir k\u00f6nnen harmonische Drehpunkte, vogestellt auch in <a href=\"https:\/\/tonalibus.org\/de\/fundamentals\/five-course-series\/basics-a\/\"><em><mark style=\"background-color:rgba(0, 0, 0, 0);color:#f7b320\" class=\"has-inline-color\">Der harmonische Drehpunkt und Anker-T\u00f6ne<\/mark><\/em><\/a>, dem ersten Modul der <a href=\"https:\/\/tonalibus.org\/de\/fundamentals\/five-course-series\/\"><mark style=\"background-color:rgba(0, 0, 0, 0);color:#f7b320\" class=\"has-inline-color\">Reihe der Kurs-Pr\u00e4sentationen<\/mark><\/a> <em>Grundlagen der Harmonie und Tonalit\u00e4ten<\/em>, realisieren, wenn etwas in vollem Einklang erscheint oder wir es als solches erkennen. Dann kann man mehr oder weniger bewusst, individuell oder kollektiv, universelle Harmonie wharnehmen, einigen auch bekannt als Klang der Stille oder <a href=\"https:\/\/de.wikipedia.org\/wiki\/Sph\u00e4renharmonie\" target=\"_blank\" rel=\"noreferrer noopener\"><mark style=\"background-color:rgba(0, 0, 0, 0);color:#f7b320\" class=\"has-inline-color\">Musik der Sph\u00e4ren<\/mark><\/a>, vielleicht auch dir.<\/p>\n\n\n\n<h3 class=\"wp-block-heading has-text-color\" style=\"color:#f7b320\">Harmonische Drehpunkte \u2013 eine visuelle Darstellung<\/h3>\n\n\n\n<figure id=\"visual\" class=\"wp-block-video\"><video height=\"1080\" style=\"aspect-ratio: 1920 \/ 1080;\" width=\"1920\" controls loop muted poster=\"https:\/\/tonalibus.org\/wp-content\/uploads\/2020\/08\/Pivot-2020-08-14w.jpg\" src=\"https:\/\/tonalibus.org\/wp-content\/uploads\/2020\/08\/Pivot-2020-08.mp4\"><\/video><figcaption class=\"wp-element-caption\"><mark style=\"background-color:rgba(0, 0, 0, 0);color:#f7b320\" class=\"has-inline-color\">Video-Loop ohne Ton \u2013 Einmal gestartet, wiederholt sich das Video, bis du es stoppst oder auf eine anderen Seite wechselst. Du kannst auch den Punkt in der Video-Kontroll-Leiste manuell verschieben, um dich in deinem eigenen Tempo durch die Bilder zu bewegen. <\/mark><\/figcaption><\/figure>\n\n\n\n<p><\/p>","protected":false},"excerpt":{"rendered":"<p>Wir k\u00f6nnen harmonische Drehpunkte erkennen, wie in The Harmonic Pivot and Anchor Tones, dem ersten Modul der Kurs-Pr\u00e4sentationsreihe Harmonic and Tonality Fundamentals, gezeigt, wenn Dinge erscheinen oder wir sie in voller \u00dcbereinstimmung sehen. Dann k\u00f6nnen wir die universelle Harmonie erkennen oder das, was manche den Klang der Stille oder die Musik der ... <\/p>\n<p class=\"link-more\"><a href=\"https:\/\/tonalibus.org\/de\/harmony\/highlight-pivots\/\" class=\"more-link\"><span class=\"screen-reader-text\">\"Harmonische Pivots\"<\/span> weiterlesen<\/a><\/p>","protected":false},"author":1,"featured_media":0,"parent":35638,"menu_order":11,"comment_status":"closed","ping_status":"closed","template":"","meta":{"footnotes":""},"class_list":["post-1283","page","type-page","status-publish","hentry"],"yoast_head":"<!-- This site is optimized with the Yoast SEO plugin v27.5 - https:\/\/yoast.com\/product\/yoast-seo-wordpress\/ -->\n<title>Harmonic Pivots &#8211; TONALIBUS, Anchored Harmony and Tonalities<\/title>\n<meta name=\"description\" content=\"A short visual progression presents a view of &quot;harmonic pivots&quot; from the course presentations series Harmonic and Tonality Fundamentals.\" \/>\n<meta name=\"robots\" content=\"index, follow, max-snippet:-1, max-image-preview:large, max-video-preview:-1\" \/>\n<link rel=\"canonical\" href=\"https:\/\/tonalibus.org\/de\/harmony\/highlight-pivots\/\" \/>\n<meta property=\"og:locale\" content=\"de_DE\" \/>\n<meta property=\"og:type\" content=\"article\" \/>\n<meta property=\"og:title\" content=\"Harmonic Pivots &#8211; TONALIBUS, Anchored Harmony and Tonalities\" \/>\n<meta property=\"og:description\" content=\"A short visual progression presents a view of &quot;harmonic pivots&quot; from the course presentations series Harmonic and Tonality Fundamentals.\" \/>\n<meta property=\"og:url\" content=\"https:\/\/tonalibus.org\/de\/harmony\/highlight-pivots\/\" \/>\n<meta property=\"og:site_name\" content=\"TONALIBUS\" \/>\n<meta property=\"article:modified_time\" content=\"2025-12-16T13:20:59+00:00\" \/>\n<meta name=\"twitter:card\" content=\"summary_large_image\" \/>\n<meta name=\"twitter:label1\" content=\"Gesch\u00e4tzte Lesezeit\" \/>\n\t<meta name=\"twitter:data1\" content=\"1\u00a0Minute\" \/>\n<script type=\"application\/ld+json\" class=\"yoast-schema-graph\">{\"@context\":\"https:\\\/\\\/schema.org\",\"@graph\":[{\"@type\":\"WebPage\",\"@id\":\"https:\\\/\\\/tonalibus.org\\\/harmony\\\/highlight-pivots\\\/\",\"url\":\"https:\\\/\\\/tonalibus.org\\\/harmony\\\/highlight-pivots\\\/\",\"name\":\"Harmonic Pivots &#8211; TONALIBUS, Anchored Harmony and Tonalities\",\"isPartOf\":{\"@id\":\"https:\\\/\\\/tonalibus.org\\\/de\\\/#website\"},\"datePublished\":\"2020-06-24T21:28:38+00:00\",\"dateModified\":\"2025-12-16T13:20:59+00:00\",\"description\":\"A short visual progression presents a view of \\\"harmonic pivots\\\" from the course presentations series Harmonic and Tonality Fundamentals.\",\"breadcrumb\":{\"@id\":\"https:\\\/\\\/tonalibus.org\\\/harmony\\\/highlight-pivots\\\/#breadcrumb\"},\"inLanguage\":\"de-CH\",\"potentialAction\":[{\"@type\":\"ReadAction\",\"target\":[\"https:\\\/\\\/tonalibus.org\\\/harmony\\\/highlight-pivots\\\/\"]}]},{\"@type\":\"BreadcrumbList\",\"@id\":\"https:\\\/\\\/tonalibus.org\\\/harmony\\\/highlight-pivots\\\/#breadcrumb\",\"itemListElement\":[{\"@type\":\"ListItem\",\"position\":1,\"name\":\"Home\",\"item\":\"https:\\\/\\\/tonalibus.org\\\/\"},{\"@type\":\"ListItem\",\"position\":2,\"name\":\"Harmony\",\"item\":\"https:\\\/\\\/tonalibus.org\\\/harmony\\\/\"},{\"@type\":\"ListItem\",\"position\":3,\"name\":\"Harmonic Pivots\"}]},{\"@type\":\"WebSite\",\"@id\":\"https:\\\/\\\/tonalibus.org\\\/de\\\/#website\",\"url\":\"https:\\\/\\\/tonalibus.org\\\/de\\\/\",\"name\":\"TONALIBUS\",\"description\":\"Anchored Harmony and Tonalities\",\"publisher\":{\"@id\":\"https:\\\/\\\/tonalibus.org\\\/de\\\/#\\\/schema\\\/person\\\/749261d7bc96d1f00127273f83ab96a4\"},\"potentialAction\":[{\"@type\":\"SearchAction\",\"target\":{\"@type\":\"EntryPoint\",\"urlTemplate\":\"https:\\\/\\\/tonalibus.org\\\/de\\\/?s={search_term_string}\"},\"query-input\":{\"@type\":\"PropertyValueSpecification\",\"valueRequired\":true,\"valueName\":\"search_term_string\"}}],\"inLanguage\":\"de-CH\"},{\"@type\":[\"Person\",\"Organization\"],\"@id\":\"https:\\\/\\\/tonalibus.org\\\/de\\\/#\\\/schema\\\/person\\\/749261d7bc96d1f00127273f83ab96a4\",\"name\":\"Ulrico\",\"image\":{\"@type\":\"ImageObject\",\"inLanguage\":\"de-CH\",\"@id\":\"https:\\\/\\\/tonalibus.org\\\/wp-content\\\/uploads\\\/2020\\\/06\\\/uli-pix.jpg\",\"url\":\"https:\\\/\\\/tonalibus.org\\\/wp-content\\\/uploads\\\/2020\\\/06\\\/uli-pix.jpg\",\"contentUrl\":\"https:\\\/\\\/tonalibus.org\\\/wp-content\\\/uploads\\\/2020\\\/06\\\/uli-pix.jpg\",\"width\":960,\"height\":720,\"caption\":\"Ulrico\"},\"logo\":{\"@id\":\"https:\\\/\\\/tonalibus.org\\\/wp-content\\\/uploads\\\/2020\\\/06\\\/uli-pix.jpg\"},\"sameAs\":[\"https:\\\/\\\/tonalibus.cyon.site\"]}]}<\/script>\n<!-- \/ Yoast SEO plugin. -->","yoast_head_json":{"title":"Harmonische Drehpunkte - TONALIBUS, verankerte Harmonie und Tonalit\u00e4ten","description":"Ein kurzer visueller Verlauf zeigt einen Blick auf \"harmonische Drehpunkte\" aus der Reihe der Kurspr\u00e4sentationen \"Harmonische und tonale Grundlagen\".","robots":{"index":"index","follow":"follow","max-snippet":"max-snippet:-1","max-image-preview":"max-image-preview:large","max-video-preview":"max-video-preview:-1"},"canonical":"https:\/\/tonalibus.org\/de\/harmony\/highlight-pivots\/","og_locale":"de_DE","og_type":"article","og_title":"Harmonic Pivots &#8211; TONALIBUS, Anchored Harmony and Tonalities","og_description":"A short visual progression presents a view of \"harmonic pivots\" from the course presentations series Harmonic and Tonality Fundamentals.","og_url":"https:\/\/tonalibus.org\/de\/harmony\/highlight-pivots\/","og_site_name":"TONALIBUS","article_modified_time":"2025-12-16T13:20:59+00:00","twitter_card":"summary_large_image","twitter_misc":{"Gesch\u00e4tzte Lesezeit":"1\u00a0Minute"},"schema":{"@context":"https:\/\/schema.org","@graph":[{"@type":"WebPage","@id":"https:\/\/tonalibus.org\/harmony\/highlight-pivots\/","url":"https:\/\/tonalibus.org\/harmony\/highlight-pivots\/","name":"Harmonische Drehpunkte - TONALIBUS, verankerte Harmonie und Tonalit\u00e4ten","isPartOf":{"@id":"https:\/\/tonalibus.org\/de\/#website"},"datePublished":"2020-06-24T21:28:38+00:00","dateModified":"2025-12-16T13:20:59+00:00","description":"Ein kurzer visueller Verlauf zeigt einen Blick auf \"harmonische Drehpunkte\" aus der Reihe der Kurspr\u00e4sentationen \"Harmonische und tonale Grundlagen\".","breadcrumb":{"@id":"https:\/\/tonalibus.org\/harmony\/highlight-pivots\/#breadcrumb"},"inLanguage":"de-CH","potentialAction":[{"@type":"ReadAction","target":["https:\/\/tonalibus.org\/harmony\/highlight-pivots\/"]}]},{"@type":"BreadcrumbList","@id":"https:\/\/tonalibus.org\/harmony\/highlight-pivots\/#breadcrumb","itemListElement":[{"@type":"ListItem","position":1,"name":"Home","item":"https:\/\/tonalibus.org\/"},{"@type":"ListItem","position":2,"name":"Harmony","item":"https:\/\/tonalibus.org\/harmony\/"},{"@type":"ListItem","position":3,"name":"Harmonic Pivots"}]},{"@type":"WebSite","@id":"https:\/\/tonalibus.org\/de\/#website","url":"https:\/\/tonalibus.org\/de\/","name":"TONALIBUS","description":"Verankerte Harmonie und Tonalit\u00e4ten","publisher":{"@id":"https:\/\/tonalibus.org\/de\/#\/schema\/person\/749261d7bc96d1f00127273f83ab96a4"},"potentialAction":[{"@type":"SearchAction","target":{"@type":"EntryPoint","urlTemplate":"https:\/\/tonalibus.org\/de\/?s={search_term_string}"},"query-input":{"@type":"PropertyValueSpecification","valueRequired":true,"valueName":"search_term_string"}}],"inLanguage":"de-CH"},{"@type":["Person","Organization"],"@id":"https:\/\/tonalibus.org\/de\/#\/schema\/person\/749261d7bc96d1f00127273f83ab96a4","name":"Ulrico","image":{"@type":"ImageObject","inLanguage":"de-CH","@id":"https:\/\/tonalibus.org\/wp-content\/uploads\/2020\/06\/uli-pix.jpg","url":"https:\/\/tonalibus.org\/wp-content\/uploads\/2020\/06\/uli-pix.jpg","contentUrl":"https:\/\/tonalibus.org\/wp-content\/uploads\/2020\/06\/uli-pix.jpg","width":960,"height":720,"caption":"Ulrico"},"logo":{"@id":"https:\/\/tonalibus.org\/wp-content\/uploads\/2020\/06\/uli-pix.jpg"},"sameAs":["https:\/\/tonalibus.cyon.site"]}]}},"_links":{"self":[{"href":"https:\/\/tonalibus.org\/de\/wp-json\/wp\/v2\/pages\/1283","targetHints":{"allow":["GET"]}}],"collection":[{"href":"https:\/\/tonalibus.org\/de\/wp-json\/wp\/v2\/pages"}],"about":[{"href":"https:\/\/tonalibus.org\/de\/wp-json\/wp\/v2\/types\/page"}],"author":[{"embeddable":true,"href":"https:\/\/tonalibus.org\/de\/wp-json\/wp\/v2\/users\/1"}],"replies":[{"embeddable":true,"href":"https:\/\/tonalibus.org\/de\/wp-json\/wp\/v2\/comments?post=1283"}],"version-history":[{"count":1,"href":"https:\/\/tonalibus.org\/de\/wp-json\/wp\/v2\/pages\/1283\/revisions"}],"predecessor-version":[{"id":37953,"href":"https:\/\/tonalibus.org\/de\/wp-json\/wp\/v2\/pages\/1283\/revisions\/37953"}],"up":[{"embeddable":true,"href":"https:\/\/tonalibus.org\/de\/wp-json\/wp\/v2\/pages\/35638"}],"wp:attachment":[{"href":"https:\/\/tonalibus.org\/de\/wp-json\/wp\/v2\/media?parent=1283"}],"curies":[{"name":"wp","href":"https:\/\/api.w.org\/{rel}","templated":true}]}}