{"id":14120,"date":"2021-09-17T23:38:17","date_gmt":"2021-09-17T21:38:17","guid":{"rendered":"https:\/\/tonalibus.org\/?page_id=14120"},"modified":"2022-06-22T11:52:32","modified_gmt":"2022-06-22T09:52:32","slug":"hexalocorreach-loops","status":"publish","type":"page","link":"https:\/\/tonalibus.org\/de\/tonalities\/hexatonalities\/hexalocorreach\/hexalocorreach-loops\/","title":{"rendered":"HexaLocorReach Loops"},"content":{"rendered":"<h2 class=\"wp-block-heading\" id=\"sound-sample-loops-of-hexalocorreach-a-hexatonality\"><mark style=\"background-color:rgba(0, 0, 0, 0);color:#f7b320\" class=\"has-inline-color\">Tonbeispiel-Loops von <\/mark><a href=\"https:\/\/tonalibus.org\/de\/tonalities\/hexatonalities\/hexalocorreach\/\"><mark style=\"background-color:rgba(0, 0, 0, 0);color:#f7b320\" class=\"has-inline-color\">HexaLocorReach<\/mark><\/a><mark style=\"background-color:rgba(0, 0, 0, 0);color:#f7b320\" class=\"has-inline-color\">, eine <\/mark><a href=\"https:\/\/tonalibus.org\/de\/tonalities\/hexatonalities\/\"><mark style=\"background-color:rgba(0, 0, 0, 0);color:#f7b320\" class=\"has-inline-color\">Hexatonalit\u00e4t<\/mark><\/a><\/h2>\n\n\n\n<div style=\"height:16px\" aria-hidden=\"true\" class=\"wp-block-spacer\"><\/div>\n\n\n\n<figure class=\"wp-block-audio\"><audio controls src=\"https:\/\/tonalibus.org\/wp-content\/uploads\/2021\/09\/2021-08-31-HEXALOCORREACH-CALM-loop.mp3\" loop><\/audio><figcaption><mark style=\"background-color:rgba(0, 0, 0, 0);color:#f7b320\" class=\"has-inline-color\">2) <mark style=\"background-color:rgba(0, 0, 0, 0);color:#f7b320\" class=\"has-inline-color\"><mark style=\"background-color:rgba(0, 0, 0, 0);color:#f7b320\" class=\"has-inline-color\">HexaLocorReach<\/mark><\/mark><\/mark> <mark style=\"background-color:rgba(0, 0, 0, 0);color:#f7b320\" class=\"has-inline-color\">\u2013 ruhiges Tonbeispiel \u2013 August 2021 \u2013 4:00 Loop<\/mark><\/figcaption><\/figure>\n\n\n\n<figure class=\"wp-block-audio\"><audio controls src=\"https:\/\/tonalibus.org\/wp-content\/uploads\/2021\/09\/2021-08-31-HEXALOCORREACH-RHYTHM-loop.mp3\" loop><\/audio><figcaption><mark style=\"background-color:rgba(0, 0, 0, 0);color:#f7b320\" class=\"has-inline-color\">1) <mark style=\"background-color:rgba(0, 0, 0, 0);color:#f7b320\" class=\"has-inline-color\">HexaLocorReach<\/mark><\/mark> <mark style=\"background-color:rgba(0, 0, 0, 0);color:#f7b320\" class=\"has-inline-color\">\u2013 rhythmisches Tonbeispiel \u2013 1:35 Loop \u2013 spielt bis du es stoppst oder auf diesem Tab eine andere Seite aufrufst.<\/mark><\/figcaption><\/figure>\n\n\n\n<div style=\"height:24px\" aria-hidden=\"true\" class=\"wp-block-spacer\"><\/div>\n\n\n\n<p class=\"has-text-color\" style=\"color:#f7b320\">Willkommen bei HexaLocorReach Loops!<\/p>\n\n\n\n<p><mark style=\"background-color:rgba(0, 0, 0, 0);color:#f7b320\" class=\"has-inline-color\"><mark style=\"background-color:rgba(0, 0, 0, 0);color:#f7b320\" class=\"has-inline-color\">Du kannst einen Tonbeispiel- oder Tonalit\u00e4ten-Loop als Ton-Mantra verwenden, zur <\/mark><a href=\"https:\/\/de.wikipedia.org\/wiki\/Kontemplation\" target=\"_blank\" rel=\"noreferrer noopener\"><mark style=\"background-color:rgba(0, 0, 0, 0);color:#f7b320\" class=\"has-inline-color\">Kontemplation<\/mark><\/a><mark style=\"background-color:rgba(0, 0, 0, 0);color:#f7b320\" class=\"has-inline-color\"> oder <\/mark><a href=\"https:\/\/de.wikipedia.org\/wiki\/Meditation\" target=\"_blank\" rel=\"noreferrer noopener\"><mark style=\"background-color:rgba(0, 0, 0, 0);color:#f7b320\" class=\"has-inline-color\">Meditation<\/mark><\/a><mark style=\"background-color:rgba(0, 0, 0, 0);color:#f7b320\" class=\"has-inline-color\">. Dies kann zum Anheben, L\u00e4utern und Fokussieren behilflich sein. Oder du kannst es einfach als beruhigenden Hintergrundton zur Entspannung und Regeneration benutzen. Wenn du mitsummen, chanten oder singen m\u00f6chtest, k\u00f6nntest du dazu z.B. eine spirituell gepr\u00e4gte Silbe verwenden, wie <\/mark><em><a href=\"https:\/\/tonalibus.org\/de\/about-tonalibus\/ulrico\/hu-mantra-of-soul\/\"><mark style=\"background-color:rgba(0, 0, 0, 0);color:#f7b320\" class=\"has-inline-color\">HU<\/mark><\/a><\/em><mark style=\"background-color:rgba(0, 0, 0, 0);color:#f7b320\" class=\"has-inline-color\"> oder <\/mark><a href=\"https:\/\/de.wikipedia.org\/wiki\/Om\" target=\"_blank\" rel=\"noreferrer noopener\"><em><mark style=\"background-color:rgba(0, 0, 0, 0);color:#f7b320\" class=\"has-inline-color\">\u014c\u1e41 \/ Aum<\/mark><\/em><\/a><mark style=\"background-color:rgba(0, 0, 0, 0);color:#f7b320\" class=\"has-inline-color\"> \u0950,<\/mark> oder eine andere f\u00fcr dich stimmige Mantra-Silbe.<\/mark><\/p>\n\n\n\n<div style=\"height:28px\" aria-hidden=\"true\" class=\"wp-block-spacer\"><\/div>\n\n\n\n<figure class=\"wp-block-image size-large\"><img loading=\"lazy\" decoding=\"async\" width=\"1024\" height=\"576\" src=\"https:\/\/tonalibus.org\/wp-content\/uploads\/2021\/08\/IMG_4979xc-1024x576.jpg\" alt=\"HexaLocorReach loops\" class=\"wp-image-13190\" srcset=\"https:\/\/tonalibus.org\/wp-content\/uploads\/2021\/08\/IMG_4979xc-1024x576.jpg 1024w, https:\/\/tonalibus.org\/wp-content\/uploads\/2021\/08\/IMG_4979xc-300x169.jpg 300w, https:\/\/tonalibus.org\/wp-content\/uploads\/2021\/08\/IMG_4979xc-768x432.jpg 768w, https:\/\/tonalibus.org\/wp-content\/uploads\/2021\/08\/IMG_4979xc-1536x864.jpg 1536w, https:\/\/tonalibus.org\/wp-content\/uploads\/2021\/08\/IMG_4979xc-18x10.jpg 18w, https:\/\/tonalibus.org\/wp-content\/uploads\/2021\/08\/IMG_4979xc-1320x742.jpg 1320w, https:\/\/tonalibus.org\/wp-content\/uploads\/2021\/08\/IMG_4979xc.jpg 1842w\" sizes=\"auto, (max-width: 706px) 89vw, (max-width: 767px) 82vw, 740px\" \/><figcaption>Tonalibus B\u00fcro und Balkon vor Sonnenaufgang \u2013 August 2021 \u2013 Gr\u00e4chwil, Schweiz<\/figcaption><\/figure>","protected":false},"excerpt":{"rendered":"<p>Sound Sample Loops von HexaLocorReach, einer Hexatonalit\u00e4t Willkommen bei HexaLocorReach Loops! Sie k\u00f6nnen ein Klangbeispiel oder eine Tonalit\u00e4tsschleife als Klangmantra f\u00fcr Kontemplation oder Meditation genie\u00dfen. Dies kann bei der Erhebung, Reinigung und Fokussierung helfen. Oder Sie k\u00f6nnen es einfach als beruhigende Hintergrundmusik zur Entspannung und Regeneration verwenden. Wenn Sie summen, singen, ... <\/p>\n<p class=\"link-more\"><a href=\"https:\/\/tonalibus.org\/de\/tonalities\/hexatonalities\/hexalocorreach\/hexalocorreach-loops\/\" class=\"more-link\"><span class=\"screen-reader-text\">\"HexaLocorReach-Schleifen\"<\/span> weiterlesen<\/a><\/p>","protected":false},"author":1,"featured_media":0,"parent":13588,"menu_order":0,"comment_status":"closed","ping_status":"closed","template":"","meta":{"footnotes":""},"class_list":["post-14120","page","type-page","status-publish","hentry"],"yoast_head":"<!-- This site is optimized with the Yoast SEO plugin v27.4 - https:\/\/yoast.com\/product\/yoast-seo-wordpress\/ -->\n<title>HexaLocorReach loops &#8211; TONALIBUS Harmony and Tonalities<\/title>\n<meta name=\"description\" content=\"This page features HexaLocorReach loops. Tonality loops may be used as sound mantra for attunement, contemplation or meditation.\" \/>\n<meta name=\"robots\" content=\"index, follow, max-snippet:-1, max-image-preview:large, max-video-preview:-1\" \/>\n<link rel=\"canonical\" href=\"https:\/\/tonalibus.org\/de\/tonalities\/hexatonalities\/hexalocorreach\/hexalocorreach-loops\/\" \/>\n<meta property=\"og:locale\" content=\"de_DE\" \/>\n<meta property=\"og:type\" content=\"article\" \/>\n<meta property=\"og:title\" content=\"HexaLocorReach loops &#8211; TONALIBUS Harmony and Tonalities\" \/>\n<meta property=\"og:description\" content=\"This page features HexaLocorReach loops. Tonality loops may be used as sound mantra for attunement, contemplation or meditation.\" \/>\n<meta property=\"og:url\" content=\"https:\/\/tonalibus.org\/de\/tonalities\/hexatonalities\/hexalocorreach\/hexalocorreach-loops\/\" \/>\n<meta property=\"og:site_name\" content=\"TONALIBUS\" \/>\n<meta property=\"article:modified_time\" content=\"2022-06-22T09:52:32+00:00\" \/>\n<meta property=\"og:image\" content=\"https:\/\/tonalibus.org\/wp-content\/uploads\/2021\/08\/IMG_4979xc-1024x576.jpg\" \/>\n<meta name=\"twitter:card\" content=\"summary_large_image\" \/>\n<meta name=\"twitter:label1\" content=\"Gesch\u00e4tzte Lesezeit\" \/>\n\t<meta name=\"twitter:data1\" content=\"1\u00a0Minute\" \/>\n<script type=\"application\/ld+json\" class=\"yoast-schema-graph\">{\"@context\":\"https:\\\/\\\/schema.org\",\"@graph\":[{\"@type\":\"WebPage\",\"@id\":\"https:\\\/\\\/tonalibus.org\\\/tonalities\\\/hexatonalities\\\/hexalocorreach\\\/hexalocorreach-loops\\\/\",\"url\":\"https:\\\/\\\/tonalibus.org\\\/tonalities\\\/hexatonalities\\\/hexalocorreach\\\/hexalocorreach-loops\\\/\",\"name\":\"HexaLocorReach loops &#8211; TONALIBUS Harmony and Tonalities\",\"isPartOf\":{\"@id\":\"https:\\\/\\\/tonalibus.org\\\/de\\\/#website\"},\"primaryImageOfPage\":{\"@id\":\"https:\\\/\\\/tonalibus.org\\\/tonalities\\\/hexatonalities\\\/hexalocorreach\\\/hexalocorreach-loops\\\/#primaryimage\"},\"image\":{\"@id\":\"https:\\\/\\\/tonalibus.org\\\/tonalities\\\/hexatonalities\\\/hexalocorreach\\\/hexalocorreach-loops\\\/#primaryimage\"},\"thumbnailUrl\":\"https:\\\/\\\/tonalibus.org\\\/wp-content\\\/uploads\\\/2021\\\/08\\\/IMG_4979xc-1024x576.jpg\",\"datePublished\":\"2021-09-17T21:38:17+00:00\",\"dateModified\":\"2022-06-22T09:52:32+00:00\",\"description\":\"This page features HexaLocorReach loops. Tonality loops may be used as sound mantra for attunement, contemplation or meditation.\",\"breadcrumb\":{\"@id\":\"https:\\\/\\\/tonalibus.org\\\/tonalities\\\/hexatonalities\\\/hexalocorreach\\\/hexalocorreach-loops\\\/#breadcrumb\"},\"inLanguage\":\"de-CH\",\"potentialAction\":[{\"@type\":\"ReadAction\",\"target\":[\"https:\\\/\\\/tonalibus.org\\\/tonalities\\\/hexatonalities\\\/hexalocorreach\\\/hexalocorreach-loops\\\/\"]}]},{\"@type\":\"ImageObject\",\"inLanguage\":\"de-CH\",\"@id\":\"https:\\\/\\\/tonalibus.org\\\/tonalities\\\/hexatonalities\\\/hexalocorreach\\\/hexalocorreach-loops\\\/#primaryimage\",\"url\":\"https:\\\/\\\/tonalibus.org\\\/wp-content\\\/uploads\\\/2021\\\/08\\\/IMG_4979xc-1024x576.jpg\",\"contentUrl\":\"https:\\\/\\\/tonalibus.org\\\/wp-content\\\/uploads\\\/2021\\\/08\\\/IMG_4979xc-1024x576.jpg\"},{\"@type\":\"BreadcrumbList\",\"@id\":\"https:\\\/\\\/tonalibus.org\\\/tonalities\\\/hexatonalities\\\/hexalocorreach\\\/hexalocorreach-loops\\\/#breadcrumb\",\"itemListElement\":[{\"@type\":\"ListItem\",\"position\":1,\"name\":\"Home\",\"item\":\"https:\\\/\\\/tonalibus.org\\\/\"},{\"@type\":\"ListItem\",\"position\":2,\"name\":\"Tonalities\",\"item\":\"https:\\\/\\\/tonalibus.org\\\/tonalities\\\/\"},{\"@type\":\"ListItem\",\"position\":3,\"name\":\"Hexatonalities\",\"item\":\"https:\\\/\\\/tonalibus.org\\\/tonalities\\\/hexatonalities\\\/\"},{\"@type\":\"ListItem\",\"position\":4,\"name\":\"HexaLocorReach\",\"item\":\"https:\\\/\\\/tonalibus.org\\\/tonalities\\\/hexatonalities\\\/hexalocorreach\\\/\"},{\"@type\":\"ListItem\",\"position\":5,\"name\":\"HexaLocorReach loops\"}]},{\"@type\":\"WebSite\",\"@id\":\"https:\\\/\\\/tonalibus.org\\\/de\\\/#website\",\"url\":\"https:\\\/\\\/tonalibus.org\\\/de\\\/\",\"name\":\"TONALIBUS\",\"description\":\"Anchored Harmony and Tonalities\",\"publisher\":{\"@id\":\"https:\\\/\\\/tonalibus.org\\\/de\\\/#\\\/schema\\\/person\\\/749261d7bc96d1f00127273f83ab96a4\"},\"potentialAction\":[{\"@type\":\"SearchAction\",\"target\":{\"@type\":\"EntryPoint\",\"urlTemplate\":\"https:\\\/\\\/tonalibus.org\\\/de\\\/?s={search_term_string}\"},\"query-input\":{\"@type\":\"PropertyValueSpecification\",\"valueRequired\":true,\"valueName\":\"search_term_string\"}}],\"inLanguage\":\"de-CH\"},{\"@type\":[\"Person\",\"Organization\"],\"@id\":\"https:\\\/\\\/tonalibus.org\\\/de\\\/#\\\/schema\\\/person\\\/749261d7bc96d1f00127273f83ab96a4\",\"name\":\"Ulrico\",\"image\":{\"@type\":\"ImageObject\",\"inLanguage\":\"de-CH\",\"@id\":\"https:\\\/\\\/tonalibus.org\\\/wp-content\\\/uploads\\\/2020\\\/06\\\/uli-pix.jpg\",\"url\":\"https:\\\/\\\/tonalibus.org\\\/wp-content\\\/uploads\\\/2020\\\/06\\\/uli-pix.jpg\",\"contentUrl\":\"https:\\\/\\\/tonalibus.org\\\/wp-content\\\/uploads\\\/2020\\\/06\\\/uli-pix.jpg\",\"width\":960,\"height\":720,\"caption\":\"Ulrico\"},\"logo\":{\"@id\":\"https:\\\/\\\/tonalibus.org\\\/wp-content\\\/uploads\\\/2020\\\/06\\\/uli-pix.jpg\"},\"sameAs\":[\"https:\\\/\\\/tonalibus.cyon.site\"]}]}<\/script>\n<!-- \/ Yoast SEO plugin. -->","yoast_head_json":{"title":"HexaLocorReach Schleifen - TONALIBUS Harmonie und Tonalit\u00e4ten","description":"Diese Seite enth\u00e4lt HexaLocorReach-Schleifen. Tonality Loops k\u00f6nnen als Klangmantra zur Einstimmung, Kontemplation oder Meditation verwendet werden.","robots":{"index":"index","follow":"follow","max-snippet":"max-snippet:-1","max-image-preview":"max-image-preview:large","max-video-preview":"max-video-preview:-1"},"canonical":"https:\/\/tonalibus.org\/de\/tonalities\/hexatonalities\/hexalocorreach\/hexalocorreach-loops\/","og_locale":"de_DE","og_type":"article","og_title":"HexaLocorReach loops &#8211; TONALIBUS Harmony and Tonalities","og_description":"This page features HexaLocorReach loops. Tonality loops may be used as sound mantra for attunement, contemplation or meditation.","og_url":"https:\/\/tonalibus.org\/de\/tonalities\/hexatonalities\/hexalocorreach\/hexalocorreach-loops\/","og_site_name":"TONALIBUS","article_modified_time":"2022-06-22T09:52:32+00:00","og_image":[{"url":"https:\/\/tonalibus.org\/wp-content\/uploads\/2021\/08\/IMG_4979xc-1024x576.jpg","type":"","width":"","height":""}],"twitter_card":"summary_large_image","twitter_misc":{"Gesch\u00e4tzte Lesezeit":"1\u00a0Minute"},"schema":{"@context":"https:\/\/schema.org","@graph":[{"@type":"WebPage","@id":"https:\/\/tonalibus.org\/tonalities\/hexatonalities\/hexalocorreach\/hexalocorreach-loops\/","url":"https:\/\/tonalibus.org\/tonalities\/hexatonalities\/hexalocorreach\/hexalocorreach-loops\/","name":"HexaLocorReach Schleifen - TONALIBUS Harmonie und Tonalit\u00e4ten","isPartOf":{"@id":"https:\/\/tonalibus.org\/de\/#website"},"primaryImageOfPage":{"@id":"https:\/\/tonalibus.org\/tonalities\/hexatonalities\/hexalocorreach\/hexalocorreach-loops\/#primaryimage"},"image":{"@id":"https:\/\/tonalibus.org\/tonalities\/hexatonalities\/hexalocorreach\/hexalocorreach-loops\/#primaryimage"},"thumbnailUrl":"https:\/\/tonalibus.org\/wp-content\/uploads\/2021\/08\/IMG_4979xc-1024x576.jpg","datePublished":"2021-09-17T21:38:17+00:00","dateModified":"2022-06-22T09:52:32+00:00","description":"Diese Seite enth\u00e4lt HexaLocorReach-Schleifen. Tonality Loops k\u00f6nnen als Klangmantra zur Einstimmung, Kontemplation oder Meditation verwendet werden.","breadcrumb":{"@id":"https:\/\/tonalibus.org\/tonalities\/hexatonalities\/hexalocorreach\/hexalocorreach-loops\/#breadcrumb"},"inLanguage":"de-CH","potentialAction":[{"@type":"ReadAction","target":["https:\/\/tonalibus.org\/tonalities\/hexatonalities\/hexalocorreach\/hexalocorreach-loops\/"]}]},{"@type":"ImageObject","inLanguage":"de-CH","@id":"https:\/\/tonalibus.org\/tonalities\/hexatonalities\/hexalocorreach\/hexalocorreach-loops\/#primaryimage","url":"https:\/\/tonalibus.org\/wp-content\/uploads\/2021\/08\/IMG_4979xc-1024x576.jpg","contentUrl":"https:\/\/tonalibus.org\/wp-content\/uploads\/2021\/08\/IMG_4979xc-1024x576.jpg"},{"@type":"BreadcrumbList","@id":"https:\/\/tonalibus.org\/tonalities\/hexatonalities\/hexalocorreach\/hexalocorreach-loops\/#breadcrumb","itemListElement":[{"@type":"ListItem","position":1,"name":"Home","item":"https:\/\/tonalibus.org\/"},{"@type":"ListItem","position":2,"name":"Tonalities","item":"https:\/\/tonalibus.org\/tonalities\/"},{"@type":"ListItem","position":3,"name":"Hexatonalities","item":"https:\/\/tonalibus.org\/tonalities\/hexatonalities\/"},{"@type":"ListItem","position":4,"name":"HexaLocorReach","item":"https:\/\/tonalibus.org\/tonalities\/hexatonalities\/hexalocorreach\/"},{"@type":"ListItem","position":5,"name":"HexaLocorReach loops"}]},{"@type":"WebSite","@id":"https:\/\/tonalibus.org\/de\/#website","url":"https:\/\/tonalibus.org\/de\/","name":"TONALIBUS","description":"Verankerte Harmonie und Tonalit\u00e4ten","publisher":{"@id":"https:\/\/tonalibus.org\/de\/#\/schema\/person\/749261d7bc96d1f00127273f83ab96a4"},"potentialAction":[{"@type":"SearchAction","target":{"@type":"EntryPoint","urlTemplate":"https:\/\/tonalibus.org\/de\/?s={search_term_string}"},"query-input":{"@type":"PropertyValueSpecification","valueRequired":true,"valueName":"search_term_string"}}],"inLanguage":"de-CH"},{"@type":["Person","Organization"],"@id":"https:\/\/tonalibus.org\/de\/#\/schema\/person\/749261d7bc96d1f00127273f83ab96a4","name":"Ulrico","image":{"@type":"ImageObject","inLanguage":"de-CH","@id":"https:\/\/tonalibus.org\/wp-content\/uploads\/2020\/06\/uli-pix.jpg","url":"https:\/\/tonalibus.org\/wp-content\/uploads\/2020\/06\/uli-pix.jpg","contentUrl":"https:\/\/tonalibus.org\/wp-content\/uploads\/2020\/06\/uli-pix.jpg","width":960,"height":720,"caption":"Ulrico"},"logo":{"@id":"https:\/\/tonalibus.org\/wp-content\/uploads\/2020\/06\/uli-pix.jpg"},"sameAs":["https:\/\/tonalibus.cyon.site"]}]}},"_links":{"self":[{"href":"https:\/\/tonalibus.org\/de\/wp-json\/wp\/v2\/pages\/14120","targetHints":{"allow":["GET"]}}],"collection":[{"href":"https:\/\/tonalibus.org\/de\/wp-json\/wp\/v2\/pages"}],"about":[{"href":"https:\/\/tonalibus.org\/de\/wp-json\/wp\/v2\/types\/page"}],"author":[{"embeddable":true,"href":"https:\/\/tonalibus.org\/de\/wp-json\/wp\/v2\/users\/1"}],"replies":[{"embeddable":true,"href":"https:\/\/tonalibus.org\/de\/wp-json\/wp\/v2\/comments?post=14120"}],"version-history":[{"count":0,"href":"https:\/\/tonalibus.org\/de\/wp-json\/wp\/v2\/pages\/14120\/revisions"}],"up":[{"embeddable":true,"href":"https:\/\/tonalibus.org\/de\/wp-json\/wp\/v2\/pages\/13588"}],"wp:attachment":[{"href":"https:\/\/tonalibus.org\/de\/wp-json\/wp\/v2\/media?parent=14120"}],"curies":[{"name":"wp","href":"https:\/\/api.w.org\/{rel}","templated":true}]}}