{"id":17276,"date":"2022-02-27T09:47:58","date_gmt":"2022-02-27T08:47:58","guid":{"rendered":"https:\/\/tonalibus.org\/?page_id=17276"},"modified":"2024-09-06T10:16:31","modified_gmt":"2024-09-06T08:16:31","slug":"cooperation-a-album","status":"publish","type":"page","link":"https:\/\/tonalibus.org\/de\/shop\/cooperation-a-album\/","title":{"rendered":"Cooperation A \u2013 Album"},"content":{"rendered":"<p class=\"has-text-color\" style=\"color:#f7b320\">Das Tonalibus-Album <em>Cooperation A<\/em> ist jetzt weltweit auf vielen Musik-Plattformen ver\u00f6ffentlicht. Dies umfasst vierzehn spontane Improvisationen von <a href=\"https:\/\/bewegung-tanz-stimme.ch\/\" target=\"_blank\" rel=\"noreferrer noopener\"><mark style=\"background-color:rgba(0, 0, 0, 0);color:#f7b320\" class=\"has-inline-color\">Christina Braun<\/mark><\/a>, Stimme, und <a href=\"https:\/\/tonalibus.org\/de\/about-tonalibus\/ulrico\/\"><mark style=\"background-color:rgba(0, 0, 0, 0);color:#f7b320\" class=\"has-inline-color\">Ulrico<\/mark><\/a> auf verschiedenen Instrumenten. Die St\u00fccke umfassen rund eineinviertel Stunden vielf\u00e4ltiger originaler Weltmusik.<\/p>\n\n\n\n<div class=\"wp-block-buttons is-content-justification-center is-layout-flex wp-container-core-buttons-is-layout-16018d1d wp-block-buttons-is-layout-flex\">\n<div class=\"wp-block-button is-style-outline is-style-outline--1\"><a class=\"wp-block-button__link wp-element-button\" href=\"#pforms\">Musik-Plattformen<\/a><\/div>\n\n\n\n<div class=\"wp-block-button is-style-outline is-style-outline--2\"><a class=\"wp-block-button__link wp-element-button\" href=\"#tracks\">Album-Titel<\/a><\/div>\n\n\n\n<div class=\"wp-block-button is-style-outline is-style-outline--3\"><a class=\"wp-block-button__link wp-element-button\" href=\"#cover\">Album-Cover<\/a><\/div>\n\n\n\n<div class=\"wp-block-button is-style-outline is-style-outline--4\"><a class=\"wp-block-button__link wp-element-button\" href=\"https:\/\/tonalibus.org\/de\/shop\/playlists-2\/playlist-coops\/#coopA\">Playlist Cooperation A<\/a><\/div>\n<\/div>\n\n\n\n<div style=\"height:44px\" aria-hidden=\"true\" class=\"wp-block-spacer\"><\/div>\n\n\n\n<p class=\"has-text-color\" id=\"pforms\" style=\"color:#f7b320\">Tonalibus ver\u00f6ffentlichte das Album <em>Cooperation A<\/em> am 22. Februar 2022. Nun wird dieses Album auf den unten angegebenen Plattformen zur Verf\u00fcgung gestellt. Einige Musik-Dienste sind jedoch auf bestimmte Regionen oder L\u00e4nder beschr\u00e4nkt oder bieten internationale Musik nur in ihrem Gebiet an. Die unten angebotenen Links f\u00fchren zu den vorhandenen Tonalibus-Releases. Zugeh\u00f6rige Kommentare geben den Stand vom Februar 2022 wieder.<\/p>\n\n\n\n<h2 class=\"wp-block-heading\"><mark style=\"background-color:rgba(0, 0, 0, 0);color:#f7b320\" class=\"has-inline-color\">Verwendete Musik-Vertriebs-Plattformen<\/mark><\/h2>\n\n\n\n<ul class=\"wp-block-list\">\n<li><a href=\"https:\/\/open.spotify.com\/artist\/3JiD2vdPrQKW5cQ1kzVUfR?si=lxVEt0QvSbGfaokgnVPlhw&amp;dl_branch=1\" target=\"_blank\" rel=\"noreferrer noopener\"><mark style=\"background-color:rgba(0, 0, 0, 0);color:#f7b320\" class=\"has-inline-color\">Spotify<\/mark><\/a><mark style=\"background-color:rgba(0, 0, 0, 0);color:#f7b320\" class=\"has-inline-color\"> \u2013 kostenlose Anmeldung zum Online-H\u00f6ren, gegen Bezahlung werbefrei und Download<\/mark><\/li>\n\n\n\n<li><a href=\"https:\/\/music.youtube.com\/channel\/UCihsJzyNwheaIF6_KHl7iPg?feature=share\" target=\"_blank\" rel=\"noreferrer noopener\"><mark style=\"background-color:rgba(0, 0, 0, 0);color:#f7b320\" class=\"has-inline-color\">YouTube Music<\/mark><\/a><mark style=\"background-color:rgba(0, 0, 0, 0);color:#f7b320\" class=\"has-inline-color\"> \u2013 kostenlose Anmeldung zum Online-H\u00f6ren\/Anschauen, gegen Bezahlung werbefrei<\/mark><\/li>\n\n\n\n<li><a href=\"https:\/\/music.apple.com\/us\/artist\/ulrico\/1572759764\" target=\"_blank\" rel=\"noreferrer noopener\"><mark style=\"background-color:rgba(0, 0, 0, 0);color:#f7b320\" class=\"has-inline-color\"><\/mark><mark style=\"background-color:rgba(0, 0, 0, 0);color:#f7b320\" class=\"has-inline-color\"><\/mark><\/a><a href=\"https:\/\/www.amazon.com\/s?k=Ulrico&amp;i=digital-music&amp;search-type=ss&amp;ref=ntt_srch_drd_B097D6BL1S\" target=\"_blank\" rel=\"noreferrer noopener\"><mark style=\"background-color:rgba(0, 0, 0, 0);color:#f7b320\" class=\"has-inline-color\"><\/mark><\/a><a href=\"https:\/\/www.deezer.com\/en\/artist\/136505382\" target=\"_blank\" rel=\"noreferrer noopener\"><mark style=\"background-color:rgba(0, 0, 0, 0);color:#f7b320\" class=\"has-inline-color\">Deezer<\/mark><\/a><mark style=\"background-color:rgba(0, 0, 0, 0);color:#f7b320\" class=\"has-inline-color\"> \u2013 kostenlose Anmeldung zum Online-H\u00f6ren, gegen Bezahlung werbefrei und Download<\/mark><\/li>\n\n\n\n<li><a href=\"https:\/\/music.apple.com\/us\/artist\/ulrico\/1572759764\" target=\"_blank\" rel=\"noreferrer noopener\"><mark style=\"background-color:rgba(0, 0, 0, 0);color:#f7b320\" class=\"has-inline-color\">Apple Music \/ iTunes<\/mark><\/a><mark style=\"background-color:rgba(0, 0, 0, 0);color:#f7b320\" class=\"has-inline-color\"> \u2013 90-sek\u00fcndige H\u00f6rproben, gegen Bezahlung Online-H\u00f6ren oder Download<\/mark><\/li>\n\n\n\n<li><a href=\"https:\/\/www.amazon.com\/s?k=tonalibus+music\" target=\"_blank\" rel=\"noreferrer noopener\"><mark style=\"background-color:rgba(0, 0, 0, 0);color:#f7b320\" class=\"has-inline-color\">Amazon<\/mark><\/a><mark style=\"background-color:rgba(0, 0, 0, 0);color:#f7b320\" class=\"has-inline-color\"> \u2013 gegen Bezahlung Online-H\u00f6ren und Download<\/mark><\/li>\n\n\n\n<li><a href=\"https:\/\/listen.tidal.com\/artist\/26118548\" target=\"_blank\" rel=\"noreferrer noopener\"><mark style=\"background-color:rgba(0, 0, 0, 0);color:#f7b320\" class=\"has-inline-color\">Tidal<\/mark><\/a><mark style=\"background-color:rgba(0, 0, 0, 0);color:#f7b320\" class=\"has-inline-color\"> \u2013 begrenzte 30-sek\u00fcndige H\u00f6rproben, mehr nach Anmeldung, HiFi<\/mark><\/li>\n\n\n\n<li><a href=\"https:\/\/www.kkbox.com\/sg\/sc\/artist\/HFnzgcp4zhE1k0F01oKRF08L-index-1.html\" target=\"_blank\" rel=\"noreferrer noopener\"><mark style=\"background-color:rgba(0, 0, 0, 0);color:#f7b320\" class=\"has-inline-color\">KKBox<\/mark><\/a><mark style=\"background-color:rgba(0, 0, 0, 0);color:#f7b320\" class=\"has-inline-color\"> \u2013 30-sek\u00fcndige H\u00f6rproben, mehr nach Anmeldung<\/mark><\/li>\n\n\n\n<li><a href=\"https:\/\/music.163.com\/#\/album?id=130158288\" target=\"_blank\" rel=\"noreferrer noopener\"><mark style=\"background-color:rgba(0, 0, 0, 0);color:#f7b320\" class=\"has-inline-color\">NetEase<\/mark><\/a>, <a href=\"https:\/\/y.qq.com\/n\/ryqq\/singer\/003m5rJP3c7eLM\" target=\"_blank\" rel=\"noreferrer noopener\"><mark style=\"background-color:rgba(0, 0, 0, 0);color:#f7b320\" class=\"has-inline-color\">QQ Music<\/mark><\/a><mark style=\"background-color:rgba(0, 0, 0, 0);color:#f7b320\" class=\"has-inline-color\"> \/ Tencent, und <\/mark><a href=\"https:\/\/music.yandex.com\/artist\/12238825\" target=\"_blank\" rel=\"noreferrer noopener\"><mark style=\"background-color:rgba(0, 0, 0, 0);color:#f7b320\" class=\"has-inline-color\">Yandex Music<\/mark><\/a><mark style=\"background-color:rgba(0, 0, 0, 0);color:#f7b320\" class=\"has-inline-color\"> \u2013 Anmeldung erforderlich<\/mark><\/li>\n\n\n\n<li><mark style=\"background-color:rgba(0, 0, 0, 0);color:#f7b320\" class=\"has-inline-color\">Zudem: Anghami, Boomplay, Instagram \/ Facebook, iHeartRadio, ClaroMusica, Joox, Qobuz, Pandora, Saavn, TikTok \/ Resso, Triller, Soundtrack by Twitch, MediaNet, sowie kleinere Anbieter<\/mark><\/li>\n<\/ul>\n\n\n\n<h2 class=\"wp-block-heading\" id=\"tracks\"><mark style=\"background-color:rgba(0, 0, 0, 0);color:#f7b320\" class=\"has-inline-color\"><em>Cooperation A<\/em> \u2013 Album-Titel<\/mark><\/h2>\n\n\n\n<ol class=\"wp-block-list\">\n<li><mark style=\"background-color:rgba(0, 0, 0, 0);color:#f7b320\" class=\"has-inline-color\">Tale of Words and Sounds \u2013 2:32 \u2013 Stimme und 8-saitige Gitarre<\/mark><\/li>\n\n\n\n<li><mark style=\"background-color:rgba(0, 0, 0, 0);color:#f7b320\" class=\"has-inline-color\">Whiff of Wings \u2013 3:13 \u2013 Stimme und Fujara<\/mark><\/li>\n\n\n\n<li><mark style=\"background-color:rgba(0, 0, 0, 0);color:#f7b320\" class=\"has-inline-color\">Blue Wrap Rap \u2013 2:50 \u2013 Stimme und Bass \u2013 PentaMin \/ Penta\u00c4ol<\/mark><\/li>\n\n\n\n<li><mark style=\"background-color:rgba(0, 0, 0, 0);color:#f7b320\" class=\"has-inline-color\">Stroll along Soul's River Bank \u2013 8:53 \u2013 Stimme; Zimbeln, Schalen, Crotales und Gongs<\/mark><\/li>\n\n\n\n<li><mark style=\"background-color:rgba(0, 0, 0, 0);color:#f7b320\" class=\"has-inline-color\">Reach und Mix, Carried by the Wind \u2013 6:30 \u2013 Stimme und 8-saitige Gitarre \u2013 ReachMix<\/mark><\/li>\n\n\n\n<li><mark style=\"background-color:rgba(0, 0, 0, 0);color:#f7b320\" class=\"has-inline-color\">Roots Reaching for Heaven \u2013 5:54 \u2013 Stimme und 8-saitige Gitarre \u2013 HexaProMix<\/mark><\/li>\n\n\n\n<li><mark style=\"background-color:rgba(0, 0, 0, 0);color:#f7b320\" class=\"has-inline-color\">Wild Thing \u2013 3:48 \u2013 Stimme und 8-saitige Gitarre \u2013 ReachUp (Gypsy-Moll)<\/mark><\/li>\n\n\n\n<li><mark style=\"background-color:rgba(0, 0, 0, 0);color:#f7b320\" class=\"has-inline-color\">Christina's Theme, a work in progress \u2013 8:49 \u2013 Stimme; 6- und 8-saitige Gitarre \u2013 \u00c4olisch<\/mark><\/li>\n\n\n\n<li><mark style=\"background-color:rgba(0, 0, 0, 0);color:#f7b320\" class=\"has-inline-color\">Go Be \u2013 6:34 \u2013 Stimme; grosser Gong und Crotales<\/mark><\/li>\n\n\n\n<li><mark style=\"background-color:rgba(0, 0, 0, 0);color:#f7b320\" class=\"has-inline-color\">Gentle Echoes of a Wild Thing \u2013 6:59 \u2013 Stimme und 8-saitige Gitarre<\/mark><\/li>\n\n\n\n<li><mark style=\"background-color:rgba(0, 0, 0, 0);color:#f7b320\" class=\"has-inline-color\">Christina's Theme \u2013 5:57 \u2013 Stimme und 6-saitige Gitarre \u2013 \u00c4olisch (nat\u00fcrlich Moll)<\/mark><\/li>\n\n\n\n<li><mark style=\"background-color:rgba(0, 0, 0, 0);color:#f7b320\" class=\"has-inline-color\">Cheerful Hey, Hey! \u2013 ein fr\u00f6hlicher Tanz \u2013 5:18 \u2013 Stimme und 8-saitige Gitarre \u2013 Mixolydisch<\/mark><\/li>\n\n\n\n<li><mark style=\"background-color:rgba(0, 0, 0, 0);color:#f7b320\" class=\"has-inline-color\">Heart in Misty Forest \u2013 3:30 \u2013 Stimme; Fujara, Gong und Crotales<\/mark><\/li>\n\n\n\n<li><mark style=\"background-color:rgba(0, 0, 0, 0);color:#f7b320\" class=\"has-inline-color\">Starry Sky \u2013 3:49 \u2013 Stimme; nepalesische und tibetische (tingsha) Zimbeln, Crotales<\/mark><\/li>\n<\/ol>\n\n\n\n<p class=\"has-text-color\" style=\"color:#f7b320\">Diese Titel sind eine Auswahl der spontanen Improvisationen, zug\u00e4nglich unter <a href=\"https:\/\/tonalibus.org\/de\/sounds\/cooperation-2020-2021\/\"><mark style=\"background-color:rgba(0, 0, 0, 0);color:#f7b320\" class=\"has-inline-color\">Kl\u00e4nge \/ Zusammenarbeit 2020-2021<\/mark><\/a>. Es sind freie Kooperations-Kreationen von Christina Braun und Ulrico, die zwischen Juli 2020 und Februar 2022, haupts\u00e4chlich im Jahr 2021, aufgenommen wurden.<\/p>\n\n\n\n<h2 class=\"wp-block-heading\"><mark style=\"background-color:rgba(0, 0, 0, 0);color:#f7b320\" class=\"has-inline-color\"><em>Cooperation A<\/em> \u2013 Album-Cover<\/mark><\/h2>\n\n\n\n<div style=\"height:16px\" aria-hidden=\"true\" id=\"cover\" class=\"wp-block-spacer cover\"><\/div>\n\n\n<div class=\"wp-block-image\">\n<figure class=\"aligncenter size-full is-resized\"><img loading=\"lazy\" decoding=\"async\" width=\"479\" height=\"479\" src=\"https:\/\/tonalibus.org\/wp-content\/uploads\/2022\/01\/IMG_3194-v-square.jpg\" alt=\"Tonalibus Cooperation A \u2013 Album\" class=\"wp-image-16398\" style=\"width:479px;height:479px\" srcset=\"https:\/\/tonalibus.org\/wp-content\/uploads\/2022\/01\/IMG_3194-v-square.jpg 479w, https:\/\/tonalibus.org\/wp-content\/uploads\/2022\/01\/IMG_3194-v-square-300x300.jpg 300w, https:\/\/tonalibus.org\/wp-content\/uploads\/2022\/01\/IMG_3194-v-square-150x150.jpg 150w, https:\/\/tonalibus.org\/wp-content\/uploads\/2022\/01\/IMG_3194-v-square-12x12.jpg 12w, https:\/\/tonalibus.org\/wp-content\/uploads\/2022\/01\/IMG_3194-v-square-100x100.jpg 100w\" sizes=\"auto, (max-width: 479px) 100vw, 479px\" \/><figcaption class=\"wp-element-caption\">Historische Steinbr\u00fccke \u00fcber den Fluss Areuse \u2013 Areuse-Schlucht, Schweiz<\/figcaption><\/figure>\n<\/div>","protected":false},"excerpt":{"rendered":"<p>Das Tonalibus-Album Cooperation A ist jetzt weltweit auf vielen Musikplattformen erh\u00e4ltlich. Es enth\u00e4lt vierzehn spontane Improvisationen von Christina Braun, Gesang, und Ulrico auf verschiedenen Instrumenten. Diese St\u00fccke umfassen fast eineinviertel Stunden vielf\u00e4ltiger Original-Weltmusik. Tonalibus ver\u00f6ffentlichte das Album Cooperation A am 22. Februar 2022. Somit ist dieses Album ... <\/p>\n<p class=\"link-more\"><a href=\"https:\/\/tonalibus.org\/de\/shop\/cooperation-a-album\/\" class=\"more-link\"><span class=\"screen-reader-text\">\"Kooperation A - Album\"<\/span> weiterlesen<\/a><\/p>","protected":false},"author":1,"featured_media":0,"parent":490,"menu_order":42,"comment_status":"closed","ping_status":"closed","template":"","meta":{"footnotes":""},"class_list":["post-17276","page","type-page","status-publish","hentry"],"yoast_head":"<!-- This site is optimized with the Yoast SEO plugin v27.5 - https:\/\/yoast.com\/product\/yoast-seo-wordpress\/ -->\n<title>Cooperation A \u2013 Album &#8211; TONALIBUS Harmony and Tonalities<\/title>\n<meta name=\"description\" content=\"The Tonalibus album &quot;Cooperation A&quot; is now available globally on many music platforms. It features fourteen spontaneous improvisations.\" \/>\n<meta name=\"robots\" content=\"index, follow, max-snippet:-1, max-image-preview:large, max-video-preview:-1\" \/>\n<link rel=\"canonical\" href=\"https:\/\/tonalibus.org\/de\/shop\/cooperation-a-album\/\" \/>\n<meta property=\"og:locale\" content=\"de_DE\" \/>\n<meta property=\"og:type\" content=\"article\" \/>\n<meta property=\"og:title\" content=\"Cooperation A \u2013 Album &#8211; TONALIBUS Harmony and Tonalities\" \/>\n<meta property=\"og:description\" content=\"The Tonalibus album &quot;Cooperation A&quot; is now available globally on many music platforms. It features fourteen spontaneous improvisations.\" \/>\n<meta property=\"og:url\" content=\"https:\/\/tonalibus.org\/de\/shop\/cooperation-a-album\/\" \/>\n<meta property=\"og:site_name\" content=\"TONALIBUS\" \/>\n<meta property=\"article:modified_time\" content=\"2024-09-06T08:16:31+00:00\" \/>\n<meta property=\"og:image\" content=\"https:\/\/tonalibus.org\/wp-content\/uploads\/2022\/01\/IMG_3194-v-square.jpg\" \/>\n<meta name=\"twitter:card\" content=\"summary_large_image\" \/>\n<meta name=\"twitter:label1\" content=\"Gesch\u00e4tzte Lesezeit\" \/>\n\t<meta name=\"twitter:data1\" content=\"3\u00a0Minuten\" \/>\n<script type=\"application\/ld+json\" class=\"yoast-schema-graph\">{\"@context\":\"https:\\\/\\\/schema.org\",\"@graph\":[{\"@type\":\"WebPage\",\"@id\":\"https:\\\/\\\/tonalibus.org\\\/shop\\\/cooperation-a-album\\\/\",\"url\":\"https:\\\/\\\/tonalibus.org\\\/shop\\\/cooperation-a-album\\\/\",\"name\":\"Cooperation A \u2013 Album &#8211; TONALIBUS Harmony and Tonalities\",\"isPartOf\":{\"@id\":\"https:\\\/\\\/tonalibus.org\\\/de\\\/#website\"},\"primaryImageOfPage\":{\"@id\":\"https:\\\/\\\/tonalibus.org\\\/shop\\\/cooperation-a-album\\\/#primaryimage\"},\"image\":{\"@id\":\"https:\\\/\\\/tonalibus.org\\\/shop\\\/cooperation-a-album\\\/#primaryimage\"},\"thumbnailUrl\":\"https:\\\/\\\/tonalibus.org\\\/wp-content\\\/uploads\\\/2022\\\/01\\\/IMG_3194-v-square.jpg\",\"datePublished\":\"2022-02-27T08:47:58+00:00\",\"dateModified\":\"2024-09-06T08:16:31+00:00\",\"description\":\"The Tonalibus album \\\"Cooperation A\\\" is now available globally on many music platforms. It features fourteen spontaneous improvisations.\",\"breadcrumb\":{\"@id\":\"https:\\\/\\\/tonalibus.org\\\/shop\\\/cooperation-a-album\\\/#breadcrumb\"},\"inLanguage\":\"de-CH\",\"potentialAction\":[{\"@type\":\"ReadAction\",\"target\":[\"https:\\\/\\\/tonalibus.org\\\/shop\\\/cooperation-a-album\\\/\"]}]},{\"@type\":\"ImageObject\",\"inLanguage\":\"de-CH\",\"@id\":\"https:\\\/\\\/tonalibus.org\\\/shop\\\/cooperation-a-album\\\/#primaryimage\",\"url\":\"https:\\\/\\\/tonalibus.org\\\/wp-content\\\/uploads\\\/2022\\\/01\\\/IMG_3194-v-square.jpg\",\"contentUrl\":\"https:\\\/\\\/tonalibus.org\\\/wp-content\\\/uploads\\\/2022\\\/01\\\/IMG_3194-v-square.jpg\"},{\"@type\":\"BreadcrumbList\",\"@id\":\"https:\\\/\\\/tonalibus.org\\\/shop\\\/cooperation-a-album\\\/#breadcrumb\",\"itemListElement\":[{\"@type\":\"ListItem\",\"position\":1,\"name\":\"Home\",\"item\":\"https:\\\/\\\/tonalibus.org\\\/\"},{\"@type\":\"ListItem\",\"position\":2,\"name\":\"Fidibus Shop\",\"item\":\"https:\\\/\\\/tonalibus.org\\\/shop\\\/\"},{\"@type\":\"ListItem\",\"position\":3,\"name\":\"Cooperation A \u2013 Album\"}]},{\"@type\":\"WebSite\",\"@id\":\"https:\\\/\\\/tonalibus.org\\\/de\\\/#website\",\"url\":\"https:\\\/\\\/tonalibus.org\\\/de\\\/\",\"name\":\"TONALIBUS\",\"description\":\"Anchored Harmony and Tonalities\",\"publisher\":{\"@id\":\"https:\\\/\\\/tonalibus.org\\\/de\\\/#\\\/schema\\\/person\\\/749261d7bc96d1f00127273f83ab96a4\"},\"potentialAction\":[{\"@type\":\"SearchAction\",\"target\":{\"@type\":\"EntryPoint\",\"urlTemplate\":\"https:\\\/\\\/tonalibus.org\\\/de\\\/?s={search_term_string}\"},\"query-input\":{\"@type\":\"PropertyValueSpecification\",\"valueRequired\":true,\"valueName\":\"search_term_string\"}}],\"inLanguage\":\"de-CH\"},{\"@type\":[\"Person\",\"Organization\"],\"@id\":\"https:\\\/\\\/tonalibus.org\\\/de\\\/#\\\/schema\\\/person\\\/749261d7bc96d1f00127273f83ab96a4\",\"name\":\"Ulrico\",\"image\":{\"@type\":\"ImageObject\",\"inLanguage\":\"de-CH\",\"@id\":\"https:\\\/\\\/tonalibus.org\\\/wp-content\\\/uploads\\\/2020\\\/06\\\/uli-pix.jpg\",\"url\":\"https:\\\/\\\/tonalibus.org\\\/wp-content\\\/uploads\\\/2020\\\/06\\\/uli-pix.jpg\",\"contentUrl\":\"https:\\\/\\\/tonalibus.org\\\/wp-content\\\/uploads\\\/2020\\\/06\\\/uli-pix.jpg\",\"width\":960,\"height\":720,\"caption\":\"Ulrico\"},\"logo\":{\"@id\":\"https:\\\/\\\/tonalibus.org\\\/wp-content\\\/uploads\\\/2020\\\/06\\\/uli-pix.jpg\"},\"sameAs\":[\"https:\\\/\\\/tonalibus.cyon.site\"]}]}<\/script>\n<!-- \/ Yoast SEO plugin. -->","yoast_head_json":{"title":"Kooperation A - Album - TONALIBUS Harmonie und Klangfarben","description":"Das Tonalibus-Album \"Cooperation A\" ist jetzt weltweit auf vielen Musikplattformen erh\u00e4ltlich. Es enth\u00e4lt vierzehn spontane Improvisationen.","robots":{"index":"index","follow":"follow","max-snippet":"max-snippet:-1","max-image-preview":"max-image-preview:large","max-video-preview":"max-video-preview:-1"},"canonical":"https:\/\/tonalibus.org\/de\/shop\/cooperation-a-album\/","og_locale":"de_DE","og_type":"article","og_title":"Cooperation A \u2013 Album &#8211; TONALIBUS Harmony and Tonalities","og_description":"The Tonalibus album \"Cooperation A\" is now available globally on many music platforms. It features fourteen spontaneous improvisations.","og_url":"https:\/\/tonalibus.org\/de\/shop\/cooperation-a-album\/","og_site_name":"TONALIBUS","article_modified_time":"2024-09-06T08:16:31+00:00","og_image":[{"url":"https:\/\/tonalibus.org\/wp-content\/uploads\/2022\/01\/IMG_3194-v-square.jpg","type":"","width":"","height":""}],"twitter_card":"summary_large_image","twitter_misc":{"Gesch\u00e4tzte Lesezeit":"3\u00a0Minuten"},"schema":{"@context":"https:\/\/schema.org","@graph":[{"@type":"WebPage","@id":"https:\/\/tonalibus.org\/shop\/cooperation-a-album\/","url":"https:\/\/tonalibus.org\/shop\/cooperation-a-album\/","name":"Kooperation A - Album - TONALIBUS Harmonie und Klangfarben","isPartOf":{"@id":"https:\/\/tonalibus.org\/de\/#website"},"primaryImageOfPage":{"@id":"https:\/\/tonalibus.org\/shop\/cooperation-a-album\/#primaryimage"},"image":{"@id":"https:\/\/tonalibus.org\/shop\/cooperation-a-album\/#primaryimage"},"thumbnailUrl":"https:\/\/tonalibus.org\/wp-content\/uploads\/2022\/01\/IMG_3194-v-square.jpg","datePublished":"2022-02-27T08:47:58+00:00","dateModified":"2024-09-06T08:16:31+00:00","description":"Das Tonalibus-Album \"Cooperation A\" ist jetzt weltweit auf vielen Musikplattformen erh\u00e4ltlich. Es enth\u00e4lt vierzehn spontane Improvisationen.","breadcrumb":{"@id":"https:\/\/tonalibus.org\/shop\/cooperation-a-album\/#breadcrumb"},"inLanguage":"de-CH","potentialAction":[{"@type":"ReadAction","target":["https:\/\/tonalibus.org\/shop\/cooperation-a-album\/"]}]},{"@type":"ImageObject","inLanguage":"de-CH","@id":"https:\/\/tonalibus.org\/shop\/cooperation-a-album\/#primaryimage","url":"https:\/\/tonalibus.org\/wp-content\/uploads\/2022\/01\/IMG_3194-v-square.jpg","contentUrl":"https:\/\/tonalibus.org\/wp-content\/uploads\/2022\/01\/IMG_3194-v-square.jpg"},{"@type":"BreadcrumbList","@id":"https:\/\/tonalibus.org\/shop\/cooperation-a-album\/#breadcrumb","itemListElement":[{"@type":"ListItem","position":1,"name":"Home","item":"https:\/\/tonalibus.org\/"},{"@type":"ListItem","position":2,"name":"Fidibus Shop","item":"https:\/\/tonalibus.org\/shop\/"},{"@type":"ListItem","position":3,"name":"Cooperation A \u2013 Album"}]},{"@type":"WebSite","@id":"https:\/\/tonalibus.org\/de\/#website","url":"https:\/\/tonalibus.org\/de\/","name":"TONALIBUS","description":"Verankerte Harmonie und Tonalit\u00e4ten","publisher":{"@id":"https:\/\/tonalibus.org\/de\/#\/schema\/person\/749261d7bc96d1f00127273f83ab96a4"},"potentialAction":[{"@type":"SearchAction","target":{"@type":"EntryPoint","urlTemplate":"https:\/\/tonalibus.org\/de\/?s={search_term_string}"},"query-input":{"@type":"PropertyValueSpecification","valueRequired":true,"valueName":"search_term_string"}}],"inLanguage":"de-CH"},{"@type":["Person","Organization"],"@id":"https:\/\/tonalibus.org\/de\/#\/schema\/person\/749261d7bc96d1f00127273f83ab96a4","name":"Ulrico","image":{"@type":"ImageObject","inLanguage":"de-CH","@id":"https:\/\/tonalibus.org\/wp-content\/uploads\/2020\/06\/uli-pix.jpg","url":"https:\/\/tonalibus.org\/wp-content\/uploads\/2020\/06\/uli-pix.jpg","contentUrl":"https:\/\/tonalibus.org\/wp-content\/uploads\/2020\/06\/uli-pix.jpg","width":960,"height":720,"caption":"Ulrico"},"logo":{"@id":"https:\/\/tonalibus.org\/wp-content\/uploads\/2020\/06\/uli-pix.jpg"},"sameAs":["https:\/\/tonalibus.cyon.site"]}]}},"_links":{"self":[{"href":"https:\/\/tonalibus.org\/de\/wp-json\/wp\/v2\/pages\/17276","targetHints":{"allow":["GET"]}}],"collection":[{"href":"https:\/\/tonalibus.org\/de\/wp-json\/wp\/v2\/pages"}],"about":[{"href":"https:\/\/tonalibus.org\/de\/wp-json\/wp\/v2\/types\/page"}],"author":[{"embeddable":true,"href":"https:\/\/tonalibus.org\/de\/wp-json\/wp\/v2\/users\/1"}],"replies":[{"embeddable":true,"href":"https:\/\/tonalibus.org\/de\/wp-json\/wp\/v2\/comments?post=17276"}],"version-history":[{"count":0,"href":"https:\/\/tonalibus.org\/de\/wp-json\/wp\/v2\/pages\/17276\/revisions"}],"up":[{"embeddable":true,"href":"https:\/\/tonalibus.org\/de\/wp-json\/wp\/v2\/pages\/490"}],"wp:attachment":[{"href":"https:\/\/tonalibus.org\/de\/wp-json\/wp\/v2\/media?parent=17276"}],"curies":[{"name":"wp","href":"https:\/\/api.w.org\/{rel}","templated":true}]}}