{"id":2,"date":"2020-05-19T09:02:44","date_gmt":"2020-05-19T09:02:44","guid":{"rendered":"https:\/\/tonalibus.cyon.site\/?page_id=2"},"modified":"2025-12-16T14:03:00","modified_gmt":"2025-12-16T13:03:00","slug":"about-tonalibus","status":"publish","type":"page","link":"https:\/\/tonalibus.org\/de\/about-tonalibus\/","title":{"rendered":"\u00dcber"},"content":{"rendered":"<div class=\"wp-block-buttons is-horizontal is-content-justification-center is-layout-flex wp-container-core-buttons-is-layout-499968f5 wp-block-buttons-is-layout-flex\">\n<div class=\"wp-block-button is-style-outline is-style-outline--1\"><a class=\"wp-block-button__link wp-element-button\" href=\"#search\">Seite durchsuchen<\/a><\/div>\n\n\n\n<div class=\"wp-block-button is-style-outline is-style-outline--2\"><a class=\"wp-block-button__link wp-element-button\" href=\"https:\/\/tonalibus.org\/de\/about-tonalibus\/tonalibus\/\">Tonalibus<\/a><\/div>\n\n\n\n<div class=\"wp-block-button is-style-outline is-style-outline--3\"><a class=\"wp-block-button__link wp-element-button\" href=\"https:\/\/tonalibus.org\/de\/about-tonalibus\/fidibus\/\">Fidibus<\/a><\/div>\n\n\n\n<div class=\"wp-block-button is-style-outline is-style-outline--4\"><a class=\"wp-block-button__link wp-element-button\" href=\"https:\/\/tonalibus.org\/de\/about-tonalibus\/spiritualibus\/\">Spiritualibus<\/a><\/div>\n<\/div>\n\n\n\n<div class=\"wp-block-buttons is-horizontal is-content-justification-center is-layout-flex wp-container-core-buttons-is-layout-499968f5 wp-block-buttons-is-layout-flex\">\n<div class=\"wp-block-button is-style-outline is-style-outline--5\"><a class=\"wp-block-button__link wp-element-button\" href=\"https:\/\/tonalibus.org\/de\/about-tonalibus\/ulrico\/hu-mantra-of-soul\/\">Mantras der Seele<\/a><\/div>\n\n\n\n<div class=\"wp-block-button is-style-outline is-style-outline--6\"><a class=\"wp-block-button__link wp-element-button\" href=\"https:\/\/tonalibus.org\/de\/about-tonalibus\/ulrico\/\">Ulrico<\/a><\/div>\n\n\n\n<div class=\"wp-block-button is-style-outline is-style-outline--7\"><a class=\"wp-block-button__link wp-element-button\" href=\"https:\/\/tonalibus.org\/de\/contact\/\">Kontakt<\/a><\/div>\n<\/div>\n\n\n\n<div style=\"height:46px\" aria-hidden=\"true\" class=\"wp-block-spacer\"><\/div>\n\n\n\n<p class=\"has-text-color\" style=\"color:#f7b320\">Hier findest du eine \u00dcbersicht \u00fcber Tonalibus, Spiritualibus und Fidibus, sowie \u00fcber Ulrico, den Verfasser von Tonalibus. Zudem gibt es hier eine pers\u00f6nliche Referenz-Seite \u00fcber Mantras der Seele, sowie die Kontakt-Seite und die Such-Funktion dieser Website.<\/p>\n\n\n\n<p class=\"has-text-color has-link-color wp-elements-05b8f90e80acf6f242acdfba3bcf9aaa\" style=\"color:#f7b320\">Tonalibus, die Realisierung verankerter Harmonie und Tonalit\u00e4ten, erschien Anfang 2020 mit einigen <a href=\"https:\/\/tonalibus.org\/de\/harmony\/\"><mark style=\"background-color:rgba(0, 0, 0, 0);color:#f7b320\" class=\"has-inline-color\">Harmonie-Grundlagen<\/mark><\/a> gesammelt als <em>Grundlagen der Harmonie und Tonalit\u00e4ten<\/em> und mit dem Beginn des Katalogs der verankerten <a href=\"https:\/\/tonalibus.org\/de\/tonalities\/\"><mark style=\"background-color:rgba(0, 0, 0, 0);color:#f7b320\" class=\"has-inline-color\">Tonalit\u00e4ten<\/mark><\/a>. Seitdem hat sich dies alles kontinuierlich erweitert, mit einer <a href=\"https:\/\/tonalibus.org\/de\/sounds\/\"><mark style=\"background-color:rgba(0, 0, 0, 0);color:#f7b320\" class=\"has-inline-color\">wachsenden Sammlung von pers\u00f6nlichen Tonbeispielen<\/mark><\/a>, mit dem <a href=\"https:\/\/tonalibus.org\/de\/spiritualibus-blog\/\"><mark style=\"background-color:rgba(0, 0, 0, 0);color:#f7b320\" class=\"has-inline-color\">Spiritualibus-Blog<\/mark><\/a> und der <a href=\"https:\/\/tonalibus.org\/de\/shop\/\"><mark style=\"background-color:rgba(0, 0, 0, 0);color:#f7b320\" class=\"has-inline-color\">Fidibus-Shop<\/mark><\/a>.<\/p>\n\n\n\n<p class=\"has-text-color\" style=\"color:#f7b320\">Diese Website wird kontinuierlich verbessert und benutzerfreundlicher gestaltet. Seit Ende 2020 pr\u00e4sentiert sich die gesamte Site neben der englischen Originalsprache auch auf Deutsch, Franz\u00f6sisch und Italienisch.  Zus\u00e4tzliche Tonalit\u00e4ten und Kategorien wurden in den Katalog aufgenommen. Zudem erscheinen immer wieder neue Tonbeispiele, Blog-Eintr\u00e4ge, Einsichten etc. auf dieser rasant wachsenden Website. <\/p>\n\n\n\n<p class=\"has-text-color has-link-color wp-elements-b78f6445c5bdcb33c8bd2e0ff8405730\" style=\"color:#f7b320\">\"Von alters bis heute sind die Namen nicht zu entbehren, um alle Dinge zu \u00fcberschauen. Woher weiss ich aller Dinge Art? Eben  durch sie.\"<br>\u2014 aus Vers 21 des <a href=\"https:\/\/de.wikipedia.org\/wiki\/Daodejing\" target=\"_blank\" rel=\"noreferrer noopener\"><em><mark style=\"background-color:rgba(0, 0, 0, 0);color:#f7b320\" class=\"has-inline-color\">Tao te king\/Daodejing<\/mark><\/em><\/a> \u9053\u5fb7\u7ecf von Laotse\/Laozi (Diederichs 1972, S. 61)<\/p>\n\n\n\n<h2 class=\"wp-block-heading has-text-align-left has-text-color has-link-color wp-elements-60eaea0ae8ef1090ea8afeebe6993129\" id=\"search\" style=\"color:#f7b320\">Alle Seiten und Beitr\u00e4ge dieser Website durchsuchen<\/h2>\n\n\n\n<div style=\"height:10px\" aria-hidden=\"true\" class=\"wp-block-spacer\"><\/div>\n\n\n<form role=\"search\" method=\"get\" action=\"https:\/\/tonalibus.org\/de\/\" class=\"wp-block-search__button-outside wp-block-search__text-button aligncenter wp-block-search\" data-trp-original-action=\"https:\/\/tonalibus.org\/de\/\"    ><label class=\"wp-block-search__label screen-reader-text\" for=\"wp-block-search__input-8\" >Suchen<\/label><div class=\"wp-block-search__inside-wrapper\"  style=\"width: 409px\"><input class=\"wp-block-search__input\" id=\"wp-block-search__input-8\" placeholder=\"Suchbegriff eingeben...\" value=\"\" type=\"search\" name=\"s\" required \/><button aria-label=\"suche\" class=\"wp-block-search__button wp-element-button\" type=\"submit\" >suche<\/button><\/div><input type=\"hidden\" name=\"trp-form-language\" value=\"de\"\/><\/form>\n\n\n<div style=\"height:100px\" aria-hidden=\"true\" class=\"wp-block-spacer\"><\/div>\n\n\n<div class=\"wp-block-image is-resized\">\n<figure class=\"aligncenter size-full\"><img loading=\"lazy\" decoding=\"async\" width=\"720\" height=\"720\" src=\"https:\/\/tonalibus.org\/wp-content\/uploads\/2021\/12\/fat-logo-square.jpg\" alt=\"About\" class=\"wp-image-15748\" style=\"width:408px;height:auto\" srcset=\"https:\/\/tonalibus.org\/wp-content\/uploads\/2021\/12\/fat-logo-square.jpg 720w, https:\/\/tonalibus.org\/wp-content\/uploads\/2021\/12\/fat-logo-square-300x300.jpg 300w, https:\/\/tonalibus.org\/wp-content\/uploads\/2021\/12\/fat-logo-square-150x150.jpg 150w, https:\/\/tonalibus.org\/wp-content\/uploads\/2021\/12\/fat-logo-square-12x12.jpg 12w, https:\/\/tonalibus.org\/wp-content\/uploads\/2021\/12\/fat-logo-square-100x100.jpg 100w, https:\/\/tonalibus.org\/wp-content\/uploads\/2021\/12\/fat-logo-square-560x560.jpg 560w\" sizes=\"auto, (max-width: 720px) 100vw, 720px\" \/><figcaption class=\"wp-element-caption\">Harmonischer Drehpunkt zweier entgegengesetzter und sich \u00fcberschneidender Spiralen<\/figcaption><\/figure>\n<\/div>","protected":false},"excerpt":{"rendered":"<p>Here you find general overview information about Tonalibus, Spiritualibus and Fidibus, as well as about Ulrico, the creator of Tonalibus. Plus there is a personal reference page about mantras of soul, as well as this website&#8217;s contact page and search function. Tonalibus, the realization of Anchored Harmony and Tonalities, emerged in early 2020 with some &hellip; <\/p>\n<p class=\"link-more\"><a href=\"https:\/\/tonalibus.org\/de\/about-tonalibus\/\" class=\"more-link\"><span class=\"screen-reader-text\">\"\u00dcber\"<\/span> weiterlesen<\/a><\/p>","protected":false},"author":1,"featured_media":0,"parent":0,"menu_order":2,"comment_status":"closed","ping_status":"open","template":"","meta":{"footnotes":""},"class_list":["post-2","page","type-page","status-publish","hentry"],"yoast_head":"<!-- This site is optimized with the Yoast SEO plugin v27.3 - https:\/\/yoast.com\/product\/yoast-seo-wordpress\/ -->\n<title>About &#8211; TONALIBUS, Anchored Harmony and Tonalities<\/title>\n<meta name=\"description\" content=\"Here you find an overview about Tonalibus, Spiritualibus Fidibus, and Ulrico. Plus here is the website&#039;s contact page.\" \/>\n<meta name=\"robots\" content=\"index, follow, max-snippet:-1, max-image-preview:large, max-video-preview:-1\" \/>\n<link rel=\"canonical\" href=\"https:\/\/tonalibus.org\/de\/about-tonalibus\/\" \/>\n<meta property=\"og:locale\" content=\"de_DE\" \/>\n<meta property=\"og:type\" content=\"article\" \/>\n<meta property=\"og:title\" content=\"About &#8211; TONALIBUS, Anchored Harmony and Tonalities\" \/>\n<meta property=\"og:description\" content=\"Here you find an overview about Tonalibus, Spiritualibus Fidibus, and Ulrico. Plus here is the website&#039;s contact page.\" \/>\n<meta property=\"og:url\" content=\"https:\/\/tonalibus.org\/de\/about-tonalibus\/\" \/>\n<meta property=\"og:site_name\" content=\"TONALIBUS\" \/>\n<meta property=\"article:modified_time\" content=\"2025-12-16T13:03:00+00:00\" \/>\n<meta property=\"og:image\" content=\"https:\/\/tonalibus.org\/wp-content\/uploads\/2021\/12\/fat-logo-square.jpg\" \/>\n\t<meta property=\"og:image:width\" content=\"720\" \/>\n\t<meta property=\"og:image:height\" content=\"720\" \/>\n\t<meta property=\"og:image:type\" content=\"image\/jpeg\" \/>\n<meta name=\"twitter:card\" content=\"summary_large_image\" \/>\n<meta name=\"twitter:label1\" content=\"Gesch\u00e4tzte Lesezeit\" \/>\n\t<meta name=\"twitter:data1\" content=\"2\u00a0Minuten\" \/>\n<script type=\"application\/ld+json\" class=\"yoast-schema-graph\">{\"@context\":\"https:\\\/\\\/schema.org\",\"@graph\":[{\"@type\":\"WebPage\",\"@id\":\"https:\\\/\\\/tonalibus.org\\\/about-tonalibus\\\/\",\"url\":\"https:\\\/\\\/tonalibus.org\\\/about-tonalibus\\\/\",\"name\":\"About &#8211; TONALIBUS, Anchored Harmony and Tonalities\",\"isPartOf\":{\"@id\":\"https:\\\/\\\/tonalibus.org\\\/de\\\/#website\"},\"primaryImageOfPage\":{\"@id\":\"https:\\\/\\\/tonalibus.org\\\/about-tonalibus\\\/#primaryimage\"},\"image\":{\"@id\":\"https:\\\/\\\/tonalibus.org\\\/about-tonalibus\\\/#primaryimage\"},\"thumbnailUrl\":\"https:\\\/\\\/tonalibus.org\\\/wp-content\\\/uploads\\\/2021\\\/12\\\/fat-logo-square.jpg\",\"datePublished\":\"2020-05-19T09:02:44+00:00\",\"dateModified\":\"2025-12-16T13:03:00+00:00\",\"description\":\"Here you find an overview about Tonalibus, Spiritualibus Fidibus, and Ulrico. Plus here is the website's contact page.\",\"breadcrumb\":{\"@id\":\"https:\\\/\\\/tonalibus.org\\\/about-tonalibus\\\/#breadcrumb\"},\"inLanguage\":\"de-CH\",\"potentialAction\":[{\"@type\":\"ReadAction\",\"target\":[\"https:\\\/\\\/tonalibus.org\\\/about-tonalibus\\\/\"]}]},{\"@type\":\"ImageObject\",\"inLanguage\":\"de-CH\",\"@id\":\"https:\\\/\\\/tonalibus.org\\\/about-tonalibus\\\/#primaryimage\",\"url\":\"https:\\\/\\\/tonalibus.org\\\/wp-content\\\/uploads\\\/2021\\\/12\\\/fat-logo-square.jpg\",\"contentUrl\":\"https:\\\/\\\/tonalibus.org\\\/wp-content\\\/uploads\\\/2021\\\/12\\\/fat-logo-square.jpg\"},{\"@type\":\"BreadcrumbList\",\"@id\":\"https:\\\/\\\/tonalibus.org\\\/about-tonalibus\\\/#breadcrumb\",\"itemListElement\":[{\"@type\":\"ListItem\",\"position\":1,\"name\":\"Home\",\"item\":\"https:\\\/\\\/tonalibus.org\\\/\"},{\"@type\":\"ListItem\",\"position\":2,\"name\":\"About\"}]},{\"@type\":\"WebSite\",\"@id\":\"https:\\\/\\\/tonalibus.org\\\/de\\\/#website\",\"url\":\"https:\\\/\\\/tonalibus.org\\\/de\\\/\",\"name\":\"TONALIBUS\",\"description\":\"Anchored Harmony and Tonalities\",\"publisher\":{\"@id\":\"https:\\\/\\\/tonalibus.org\\\/de\\\/#\\\/schema\\\/person\\\/749261d7bc96d1f00127273f83ab96a4\"},\"potentialAction\":[{\"@type\":\"SearchAction\",\"target\":{\"@type\":\"EntryPoint\",\"urlTemplate\":\"https:\\\/\\\/tonalibus.org\\\/de\\\/?s={search_term_string}\"},\"query-input\":{\"@type\":\"PropertyValueSpecification\",\"valueRequired\":true,\"valueName\":\"search_term_string\"}}],\"inLanguage\":\"de-CH\"},{\"@type\":[\"Person\",\"Organization\"],\"@id\":\"https:\\\/\\\/tonalibus.org\\\/de\\\/#\\\/schema\\\/person\\\/749261d7bc96d1f00127273f83ab96a4\",\"name\":\"Ulrico\",\"image\":{\"@type\":\"ImageObject\",\"inLanguage\":\"de-CH\",\"@id\":\"https:\\\/\\\/tonalibus.org\\\/wp-content\\\/uploads\\\/2020\\\/06\\\/uli-pix.jpg\",\"url\":\"https:\\\/\\\/tonalibus.org\\\/wp-content\\\/uploads\\\/2020\\\/06\\\/uli-pix.jpg\",\"contentUrl\":\"https:\\\/\\\/tonalibus.org\\\/wp-content\\\/uploads\\\/2020\\\/06\\\/uli-pix.jpg\",\"width\":960,\"height\":720,\"caption\":\"Ulrico\"},\"logo\":{\"@id\":\"https:\\\/\\\/tonalibus.org\\\/wp-content\\\/uploads\\\/2020\\\/06\\\/uli-pix.jpg\"},\"sameAs\":[\"https:\\\/\\\/tonalibus.cyon.site\"]}]}<\/script>\n<!-- \/ Yoast SEO plugin. -->","yoast_head_json":{"title":"\u00dcber - TONALIBUS, Verankerte Harmonie und Tonalit\u00e4ten","description":"Hier finden Sie eine \u00dcbersicht \u00fcber Tonalibus, Spiritualibus Fidibus, und Ulrico. Au\u00dferdem gibt es hier die Kontaktseite der Website.","robots":{"index":"index","follow":"follow","max-snippet":"max-snippet:-1","max-image-preview":"max-image-preview:large","max-video-preview":"max-video-preview:-1"},"canonical":"https:\/\/tonalibus.org\/de\/about-tonalibus\/","og_locale":"de_DE","og_type":"article","og_title":"About &#8211; TONALIBUS, Anchored Harmony and Tonalities","og_description":"Here you find an overview about Tonalibus, Spiritualibus Fidibus, and Ulrico. Plus here is the website's contact page.","og_url":"https:\/\/tonalibus.org\/de\/about-tonalibus\/","og_site_name":"TONALIBUS","article_modified_time":"2025-12-16T13:03:00+00:00","og_image":[{"width":720,"height":720,"url":"https:\/\/tonalibus.org\/wp-content\/uploads\/2021\/12\/fat-logo-square.jpg","type":"image\/jpeg"}],"twitter_card":"summary_large_image","twitter_misc":{"Gesch\u00e4tzte Lesezeit":"2\u00a0Minuten"},"schema":{"@context":"https:\/\/schema.org","@graph":[{"@type":"WebPage","@id":"https:\/\/tonalibus.org\/about-tonalibus\/","url":"https:\/\/tonalibus.org\/about-tonalibus\/","name":"\u00dcber - TONALIBUS, Verankerte Harmonie und Tonalit\u00e4ten","isPartOf":{"@id":"https:\/\/tonalibus.org\/de\/#website"},"primaryImageOfPage":{"@id":"https:\/\/tonalibus.org\/about-tonalibus\/#primaryimage"},"image":{"@id":"https:\/\/tonalibus.org\/about-tonalibus\/#primaryimage"},"thumbnailUrl":"https:\/\/tonalibus.org\/wp-content\/uploads\/2021\/12\/fat-logo-square.jpg","datePublished":"2020-05-19T09:02:44+00:00","dateModified":"2025-12-16T13:03:00+00:00","description":"Hier finden Sie eine \u00dcbersicht \u00fcber Tonalibus, Spiritualibus Fidibus, und Ulrico. Au\u00dferdem gibt es hier die Kontaktseite der Website.","breadcrumb":{"@id":"https:\/\/tonalibus.org\/about-tonalibus\/#breadcrumb"},"inLanguage":"de-CH","potentialAction":[{"@type":"ReadAction","target":["https:\/\/tonalibus.org\/about-tonalibus\/"]}]},{"@type":"ImageObject","inLanguage":"de-CH","@id":"https:\/\/tonalibus.org\/about-tonalibus\/#primaryimage","url":"https:\/\/tonalibus.org\/wp-content\/uploads\/2021\/12\/fat-logo-square.jpg","contentUrl":"https:\/\/tonalibus.org\/wp-content\/uploads\/2021\/12\/fat-logo-square.jpg"},{"@type":"BreadcrumbList","@id":"https:\/\/tonalibus.org\/about-tonalibus\/#breadcrumb","itemListElement":[{"@type":"ListItem","position":1,"name":"Home","item":"https:\/\/tonalibus.org\/"},{"@type":"ListItem","position":2,"name":"About"}]},{"@type":"WebSite","@id":"https:\/\/tonalibus.org\/de\/#website","url":"https:\/\/tonalibus.org\/de\/","name":"TONALIBUS","description":"Verankerte Harmonie und Tonalit\u00e4ten","publisher":{"@id":"https:\/\/tonalibus.org\/de\/#\/schema\/person\/749261d7bc96d1f00127273f83ab96a4"},"potentialAction":[{"@type":"SearchAction","target":{"@type":"EntryPoint","urlTemplate":"https:\/\/tonalibus.org\/de\/?s={search_term_string}"},"query-input":{"@type":"PropertyValueSpecification","valueRequired":true,"valueName":"search_term_string"}}],"inLanguage":"de-CH"},{"@type":["Person","Organization"],"@id":"https:\/\/tonalibus.org\/de\/#\/schema\/person\/749261d7bc96d1f00127273f83ab96a4","name":"Ulrico","image":{"@type":"ImageObject","inLanguage":"de-CH","@id":"https:\/\/tonalibus.org\/wp-content\/uploads\/2020\/06\/uli-pix.jpg","url":"https:\/\/tonalibus.org\/wp-content\/uploads\/2020\/06\/uli-pix.jpg","contentUrl":"https:\/\/tonalibus.org\/wp-content\/uploads\/2020\/06\/uli-pix.jpg","width":960,"height":720,"caption":"Ulrico"},"logo":{"@id":"https:\/\/tonalibus.org\/wp-content\/uploads\/2020\/06\/uli-pix.jpg"},"sameAs":["https:\/\/tonalibus.cyon.site"]}]}},"_links":{"self":[{"href":"https:\/\/tonalibus.org\/de\/wp-json\/wp\/v2\/pages\/2","targetHints":{"allow":["GET"]}}],"collection":[{"href":"https:\/\/tonalibus.org\/de\/wp-json\/wp\/v2\/pages"}],"about":[{"href":"https:\/\/tonalibus.org\/de\/wp-json\/wp\/v2\/types\/page"}],"author":[{"embeddable":true,"href":"https:\/\/tonalibus.org\/de\/wp-json\/wp\/v2\/users\/1"}],"replies":[{"embeddable":true,"href":"https:\/\/tonalibus.org\/de\/wp-json\/wp\/v2\/comments?post=2"}],"version-history":[{"count":6,"href":"https:\/\/tonalibus.org\/de\/wp-json\/wp\/v2\/pages\/2\/revisions"}],"predecessor-version":[{"id":37941,"href":"https:\/\/tonalibus.org\/de\/wp-json\/wp\/v2\/pages\/2\/revisions\/37941"}],"wp:attachment":[{"href":"https:\/\/tonalibus.org\/de\/wp-json\/wp\/v2\/media?parent=2"}],"curies":[{"name":"wp","href":"https:\/\/api.w.org\/{rel}","templated":true}]}}