{"id":20014,"date":"2022-08-11T23:35:45","date_gmt":"2022-08-11T21:35:45","guid":{"rendered":"https:\/\/tonalibus.org\/?page_id=20014"},"modified":"2025-03-08T22:17:32","modified_gmt":"2025-03-08T21:17:32","slug":"most-recent-blog-post","status":"publish","type":"page","link":"https:\/\/tonalibus.org\/de\/spiritualibus-blog\/most-recent-blog-post\/","title":{"rendered":"Neuester Blog-Beitrag"},"content":{"rendered":"<h2 class=\"wp-block-heading has-text-align-center\">Volle Ansicht des neuesten Spiritualibus-Blog-Beitrags<\/h2>\n\n\n\n<h2 class=\"wp-block-heading has-luminous-vivid-orange-color has-text-color\"><strong>UNBENUTZT - UNBEFRIEDIGENDES FORMAT<\/strong><\/h2>\n\n\n\n<div style=\"height:40px\" aria-hidden=\"true\" class=\"wp-block-spacer\"><\/div>\n\n\n<ul class=\"wp-block-latest-posts__list has-dates has-author wp-block-latest-posts\"><li><a class=\"wp-block-latest-posts__post-title\" href=\"https:\/\/tonalibus.org\/de\/2026\/04\/29\/tonalibus-r-s-t-the-album\/\">Tonalibus R, S &amp; T \u2013 das Album<\/a><div class=\"wp-block-latest-posts__post-author\">von Ulrico<\/div><time datetime=\"2026-04-29T07:32:57+02:00\" class=\"wp-block-latest-posts__post-date\">29. April 2026<\/time><div class=\"wp-block-latest-posts__post-full-content\"><!-- wp:paragraph {\"style\":{\"elements\":{\"link\":{\"color\":{\"text\":\"#f7b320\"}}},\"color\":{\"text\":\"#f7b320\"}}} -->\n<p class=\"has-text-color has-link-color\" style=\"color:#f7b320\">Das Triple-Album \u201cTonalibus R, S &amp; T\u201d erscheint weltweit auf vielen Musik-Plattformen am 1. Mai 2026 \u2013 auf <a href=\"https:\/\/open.spotify.com\/artist\/3JiD2vdPrQKW5cQ1kzVUfR\" target=\"_blank\" rel=\"noreferrer noopener\"><mark style=\"color:#f7b320\" class=\"has-inline-color\">Spotify<\/mark><\/a><mark style=\"color:#f7b320\" class=\"has-inline-color\">, <\/mark><a href=\"https:\/\/music.youtube.com\/channel\/UCihsJzyNwheaIF6_KHl7iPg\" target=\"_blank\" rel=\"noreferrer noopener\"><mark style=\"color:#f7b320\" class=\"has-inline-color\">YouTube Music<\/mark><\/a><mark style=\"color:#f7b320\" class=\"has-inline-color\"><mark style=\"color:#f7b320\" class=\"has-inline-color\">, <\/mark><\/mark><a href=\"https:\/\/www.youtube.com\/channel\/UCihsJzyNwheaIF6_KHl7iPg\/featured\" target=\"_blank\" rel=\"noreferrer noopener\"><mark style=\"color:#f7b320\" class=\"has-inline-color\">YouTube Channel<\/mark><\/a><mark style=\"color:#f7b320\" class=\"has-inline-color\">, <mark style=\"color:#f7b320\" class=\"has-inline-color\"><mark style=\"color:#f7b320\" class=\"has-inline-color\"><a href=\"https:\/\/tidal.com\/artist\/26118548\" target=\"_blank\" rel=\"noreferrer noopener\"><mark style=\"color:#f7b320\" class=\"has-inline-color\">Tidal<\/mark><\/a><\/mark>, <\/mark><\/mark><a href=\"https:\/\/music.apple.com\/us\/artist\/ulrico\/1572759764\" target=\"_blank\" rel=\"noreferrer noopener\"><mark style=\"color:#f7b320\" class=\"has-inline-color\">Apple Music<\/mark><\/a><mark style=\"color:#f7b320\" class=\"has-inline-color\"><mark style=\"color:#f7b320\" class=\"has-inline-color\">, <\/mark><\/mark><a href=\"https:\/\/www.amazon.com\/music\/player\/artists\/B097D6BL1S\/ulrico\" target=\"_blank\" rel=\"noreferrer noopener\"><mark style=\"color:#f7b320\" class=\"has-inline-color\">Amazon Music<\/mark><\/a><mark style=\"color:#f7b320\" class=\"has-inline-color\">, <a href=\"https:\/\/www.deezer.com\/us\/artist\/136505382\" target=\"_blank\" rel=\"noreferrer noopener\"><mark style=\"color:#f7b320\" class=\"has-inline-color\">Deezer<\/mark><\/a>, <\/mark>usw. Es bietet 27 meditative Improvisationen von <a href=\"https:\/\/tonalibus.org\/de\/about-tonalibus\/ulrico\/\"><mark style=\"color:#f7b320\" class=\"has-inline-color\">Ulrico<\/mark><\/a> vom vergangenen Jahr in drei Stunden erbaulicher Musik, manchmal mit einem Hauch von Blues. Diese stammen aus den folgenden drei Themenbereichen:<\/p>\n<!-- \/wp:paragraph -->\n\n<!-- wp:paragraph {\"align\":\"left\",\"style\":{\"color\":{\"text\":\"#f7b320\"},\"elements\":{\"link\":{\"color\":{\"text\":\"#f7b320\"}}}},\"fontSize\":\"medium\"} -->\n<p class=\"has-text-align-left has-text-color has-link-color has-medium-font-size\" style=\"color:#f7b320\"><em><strong>Wellen des stillen Friedens<\/strong><\/em>,<\/p>\n<!-- \/wp:paragraph -->\n\n<!-- wp:paragraph {\"align\":\"center\",\"style\":{\"color\":{\"text\":\"#f7b320\"},\"elements\":{\"link\":{\"color\":{\"text\":\"#f7b320\"}}}},\"fontSize\":\"medium\"} -->\n<p class=\"has-text-align-center has-text-color has-link-color has-medium-font-size\" style=\"color:#f7b320\"><em><strong>Geniesse die L\u00fccken dazwischen<\/strong><\/em>, und<\/p>\n<!-- \/wp:paragraph -->\n\n<!-- wp:paragraph {\"align\":\"right\",\"style\":{\"color\":{\"text\":\"#f7b320\"},\"elements\":{\"link\":{\"color\":{\"text\":\"#f7b320\"}}}},\"fontSize\":\"medium\"} -->\n<p class=\"has-text-align-right has-text-color has-link-color has-medium-font-size\" style=\"color:#f7b320\"><em><strong>Vorw\u00e4rts im Klang des Lichts<\/strong><\/em><\/p>\n<!-- \/wp:paragraph -->\n\n<!-- wp:columns -->\n<div class=\"wp-block-columns\"><!-- wp:column {\"width\":\"66.66%\"} -->\n<div class=\"wp-block-column\" style=\"flex-basis:66.66%\"><!-- wp:media-text {\"mediaId\":38788,\"mediaLink\":\"https:\/\/tonalibus.org\/tonalibus-rst-mtbb\/\",\"mediaType\":\"image\",\"mediaWidth\":48} -->\n<div class=\"wp-block-media-text is-stacked-on-mobile\" style=\"grid-template-columns:48% auto\"><figure class=\"wp-block-media-text__media\"><img loading=\"lazy\" decoding=\"async\" width=\"576\" height=\"1024\" src=\"https:\/\/tonalibus.org\/wp-content\/uploads\/2026\/04\/Tonalibus-RST-mtbb-576x1024.jpg\" alt=\"Tonalibus R, S &amp; T \u2013 the album\" class=\"wp-image-38788 size-full\" srcset=\"https:\/\/tonalibus.org\/wp-content\/uploads\/2026\/04\/Tonalibus-RST-mtbb-576x1024.jpg 576w, https:\/\/tonalibus.org\/wp-content\/uploads\/2026\/04\/Tonalibus-RST-mtbb-169x300.jpg 169w, https:\/\/tonalibus.org\/wp-content\/uploads\/2026\/04\/Tonalibus-RST-mtbb-7x12.jpg 7w, https:\/\/tonalibus.org\/wp-content\/uploads\/2026\/04\/Tonalibus-RST-mtbb.jpg 720w\" sizes=\"auto, (max-width: 576px) 100vw, 576px\" \/><\/figure><div class=\"wp-block-media-text__content\"><!-- wp:paragraph {\"align\":\"left\",\"placeholder\":\"Content\u2026\",\"style\":{\"color\":{\"text\":\"#f7b320\"},\"elements\":{\"link\":{\"color\":{\"text\":\"#f7b320\"}}}}} -->\n<p class=\"has-text-align-left has-text-color has-link-color\" style=\"color:#f7b320\">Die ersten zwei Minuten <br>des neuen Albums<br>\u201cTonalibus R, S &amp; T\u201d<\/p>\n<!-- \/wp:paragraph -->\n\n<!-- wp:audio {\"id\":38783} -->\n<figure class=\"wp-block-audio\"><audio controls src=\"https:\/\/tonalibus.org\/wp-content\/uploads\/2026\/04\/2025-12-04-8GG-1st-2-min.mp3\"><\/audio><\/figure>\n<!-- \/wp:audio -->\n\n<!-- wp:paragraph {\"align\":\"left\",\"placeholder\":\"Content\u2026\",\"style\":{\"color\":{\"text\":\"#f7b320\"},\"elements\":{\"link\":{\"color\":{\"text\":\"#f7b320\"}}}}} -->\n<p class=\"has-text-align-left has-text-color has-link-color\" style=\"color:#f7b320\">Starte die Musik<br>und entz\u00fcnde das Feuer.<\/p>\n<!-- \/wp:paragraph --><\/div><\/div>\n<!-- \/wp:media-text --><\/div>\n<!-- \/wp:column -->\n\n<!-- wp:column {\"width\":\"33.33%\"} -->\n<div class=\"wp-block-column\" style=\"flex-basis:33.33%\"><!-- wp:video {\"id\":38789} -->\n<figure class=\"wp-block-video\"><video controls loop muted poster=\"https:\/\/tonalibus.org\/wp-content\/uploads\/2026\/04\/20250910_130048791_iOS-xcz-scaled.jpg\" src=\"https:\/\/tonalibus.org\/wp-content\/uploads\/2026\/04\/fire-10-25.mp4\" playsinline><\/video><\/figure>\n<!-- \/wp:video --><\/div>\n<!-- \/wp:column --><\/div>\n<!-- \/wp:columns -->\n\n<!-- wp:paragraph {\"style\":{\"color\":{\"text\":\"#f7b320\"},\"elements\":{\"link\":{\"color\":{\"text\":\"#f7b320\"}}}}} -->\n<p class=\"has-text-color has-link-color\" style=\"color:#f7b320\"> Weitere Informationen findest du im Fidibus-Shop unter <em><a href=\"https:\/\/tonalibus.org\/de\/shop\/tonalibus-r-s-t-album\/\"><mark style=\"color:#f7b320\" class=\"has-inline-color\">Tonalibus R, S &amp; T \u2013 Album<\/mark><\/a><\/em>.<\/p>\n<!-- \/wp:paragraph -->\n\n<!-- wp:spacer {\"height\":\"30px\"} -->\n<div style=\"height:30px\" aria-hidden=\"true\" class=\"wp-block-spacer\"><\/div>\n<!-- \/wp:spacer -->\n\n<!-- wp:image {\"id\":35018,\"width\":\"416px\",\"height\":\"auto\",\"sizeSlug\":\"large\",\"linkDestination\":\"none\",\"align\":\"center\"} -->\n<figure class=\"wp-block-image aligncenter size-large is-resized\"><img loading=\"lazy\" decoding=\"async\" width=\"1024\" height=\"1024\" src=\"https:\/\/tonalibus.org\/wp-content\/uploads\/2025\/01\/20250102_070422267_iOS-xc-sqr-RST-1024x1024.jpg\" alt=\"Tonalibus R, S &amp; T \u2013 the album\" class=\"wp-image-35018\" style=\"width:416px;height:auto\" srcset=\"https:\/\/tonalibus.org\/wp-content\/uploads\/2025\/01\/20250102_070422267_iOS-xc-sqr-RST-1024x1024.jpg 1024w, https:\/\/tonalibus.org\/wp-content\/uploads\/2025\/01\/20250102_070422267_iOS-xc-sqr-RST-300x300.jpg 300w, https:\/\/tonalibus.org\/wp-content\/uploads\/2025\/01\/20250102_070422267_iOS-xc-sqr-RST-150x150.jpg 150w, https:\/\/tonalibus.org\/wp-content\/uploads\/2025\/01\/20250102_070422267_iOS-xc-sqr-RST-768x768.jpg 768w, https:\/\/tonalibus.org\/wp-content\/uploads\/2025\/01\/20250102_070422267_iOS-xc-sqr-RST-1536x1536.jpg 1536w, https:\/\/tonalibus.org\/wp-content\/uploads\/2025\/01\/20250102_070422267_iOS-xc-sqr-RST-2048x2048.jpg 2048w, https:\/\/tonalibus.org\/wp-content\/uploads\/2025\/01\/20250102_070422267_iOS-xc-sqr-RST-12x12.jpg 12w, https:\/\/tonalibus.org\/wp-content\/uploads\/2025\/01\/20250102_070422267_iOS-xc-sqr-RST-100x100.jpg 100w, https:\/\/tonalibus.org\/wp-content\/uploads\/2025\/01\/20250102_070422267_iOS-xc-sqr-RST-1320x1320.jpg 1320w, https:\/\/tonalibus.org\/wp-content\/uploads\/2025\/01\/20250102_070422267_iOS-xc-sqr-RST-560x560.jpg 560w\" sizes=\"auto, (max-width: 706px) 89vw, (max-width: 767px) 82vw, 740px\" \/><figcaption class=\"wp-element-caption\"><em>Wellen des stillen Friedens<\/em> \u2014 <em>Geniesse die L\u00fccken dazwischen <\/em>\u2014 <em>Vorw\u00e4rts im Klang des Lichts<\/em><\/figcaption><\/figure>\n<!-- \/wp:image -->\n\n<!-- wp:heading {\"style\":{\"color\":{\"text\":\"#f7b320\"},\"elements\":{\"link\":{\"color\":{\"text\":\"#f7b320\"}}}}} -->\n<h2 class=\"wp-block-heading has-text-color has-link-color\" style=\"color:#f7b320\">Der Klang der Stille<\/h2>\n<!-- \/wp:heading -->\n\n<!-- wp:paragraph {\"style\":{\"color\":{\"text\":\"#f7b320\"},\"elements\":{\"link\":{\"color\":{\"text\":\"#f7b320\"}}}}} -->\n<p class=\"has-text-color has-link-color\" style=\"color:#f7b320\">\u201cIch nehme die Art von Klang im Hintergrund wahr, auf die ich mich als Klang der Stille beziehe, einen vibrierenden, nachhallenden Klang... eine Art hohe Schwingung, die immer pr\u00e4sent ist. ... Wenn du diesen Klang der Stille erkennst, h\u00f6rt dein Denk-Prozess auf \u2013 du kannst in diesem Strom ruhen. Es ist wie ein Strom. Es ist kein gew\u00f6hnlicher Klang, der auftaucht und verschwindet oder beginnt und endet. ... Dahinter, hinter allen anderen Kl\u00e4ngen, ist dieser Klang der Stille. ... Er ist immer pr\u00e4sent, er ist einfach da, ob ich ihn wahrnehme oder nicht.\u201d<\/p>\n<!-- \/wp:paragraph -->\n\n<!-- wp:paragraph {\"style\":{\"color\":{\"text\":\"#f7b320\"},\"elements\":{\"link\":{\"color\":{\"text\":\"#f7b320\"}}}}} -->\n<p class=\"has-text-color has-link-color\" style=\"color:#f7b320\">\u2014 <em>The Sound of Silence<\/em>, Ajahn Sumedho, S. 65-66<\/p>\n<!-- \/wp:paragraph --><\/div><\/li>\n<\/ul>\n\n\n<h2 class=\"wp-block-heading has-text-align-center has-black-color has-text-color\"><a href=\"https:\/\/tonalibus.org\/de\/spiritualibus-blog\/\">Zur Spiritualibus-Blog-\u00dcbersicht<\/a><\/h2>","protected":false},"excerpt":{"rendered":"<p>Vollansicht des neuesten Spiritualibus-Blogbeitrags UNGEBRAUCHT - UNSATISFACTORY FORMAT Zur Spiritualibus-Blog\u00fcbersicht<\/p>","protected":false},"author":1,"featured_media":0,"parent":3857,"menu_order":0,"comment_status":"closed","ping_status":"closed","template":"","meta":{"footnotes":""},"class_list":["post-20014","page","type-page","status-publish","hentry"],"yoast_head":"<!-- This site is optimized with the Yoast SEO plugin v27.5 - https:\/\/yoast.com\/product\/yoast-seo-wordpress\/ -->\n<title>Most Recent Blog Post &#8211; TONALIBUS Harmony and Tonalities<\/title>\n<meta name=\"description\" content=\"Full view of the entire contents of the single most recent Spiritualibus blog post, no matter its category.\" \/>\n<meta name=\"robots\" content=\"index, follow, max-snippet:-1, max-image-preview:large, max-video-preview:-1\" \/>\n<link rel=\"canonical\" href=\"https:\/\/tonalibus.org\/de\/spiritualibus-blog\/most-recent-blog-post\/\" \/>\n<meta property=\"og:locale\" content=\"de_DE\" \/>\n<meta property=\"og:type\" content=\"article\" \/>\n<meta property=\"og:title\" content=\"Most Recent Blog Post &#8211; TONALIBUS Harmony and Tonalities\" \/>\n<meta property=\"og:description\" content=\"Full view of the entire contents of the single most recent Spiritualibus blog post, no matter its category.\" \/>\n<meta property=\"og:url\" content=\"https:\/\/tonalibus.org\/de\/spiritualibus-blog\/most-recent-blog-post\/\" \/>\n<meta property=\"og:site_name\" content=\"TONALIBUS\" \/>\n<meta property=\"article:modified_time\" content=\"2025-03-08T21:17:32+00:00\" \/>\n<meta name=\"twitter:card\" content=\"summary_large_image\" \/>\n<meta name=\"twitter:label1\" content=\"Gesch\u00e4tzte Lesezeit\" \/>\n\t<meta name=\"twitter:data1\" content=\"1\u00a0Minute\" \/>\n<script type=\"application\/ld+json\" class=\"yoast-schema-graph\">{\"@context\":\"https:\\\/\\\/schema.org\",\"@graph\":[{\"@type\":\"WebPage\",\"@id\":\"https:\\\/\\\/tonalibus.org\\\/spiritualibus-blog\\\/most-recent-blog-post\\\/\",\"url\":\"https:\\\/\\\/tonalibus.org\\\/spiritualibus-blog\\\/most-recent-blog-post\\\/\",\"name\":\"Most Recent Blog Post &#8211; TONALIBUS Harmony and Tonalities\",\"isPartOf\":{\"@id\":\"https:\\\/\\\/tonalibus.org\\\/de\\\/#website\"},\"datePublished\":\"2022-08-11T21:35:45+00:00\",\"dateModified\":\"2025-03-08T21:17:32+00:00\",\"description\":\"Full view of the entire contents of the single most recent Spiritualibus blog post, no matter its category.\",\"breadcrumb\":{\"@id\":\"https:\\\/\\\/tonalibus.org\\\/spiritualibus-blog\\\/most-recent-blog-post\\\/#breadcrumb\"},\"inLanguage\":\"de-CH\",\"potentialAction\":[{\"@type\":\"ReadAction\",\"target\":[\"https:\\\/\\\/tonalibus.org\\\/spiritualibus-blog\\\/most-recent-blog-post\\\/\"]}]},{\"@type\":\"BreadcrumbList\",\"@id\":\"https:\\\/\\\/tonalibus.org\\\/spiritualibus-blog\\\/most-recent-blog-post\\\/#breadcrumb\",\"itemListElement\":[{\"@type\":\"ListItem\",\"position\":1,\"name\":\"Home\",\"item\":\"https:\\\/\\\/tonalibus.org\\\/\"},{\"@type\":\"ListItem\",\"position\":2,\"name\":\"Spiritualibus Blog\",\"item\":\"https:\\\/\\\/tonalibus.org\\\/spiritualibus-blog\\\/\"},{\"@type\":\"ListItem\",\"position\":3,\"name\":\"Most Recent Blog Post\"}]},{\"@type\":\"WebSite\",\"@id\":\"https:\\\/\\\/tonalibus.org\\\/de\\\/#website\",\"url\":\"https:\\\/\\\/tonalibus.org\\\/de\\\/\",\"name\":\"TONALIBUS\",\"description\":\"Anchored Harmony and Tonalities\",\"publisher\":{\"@id\":\"https:\\\/\\\/tonalibus.org\\\/de\\\/#\\\/schema\\\/person\\\/749261d7bc96d1f00127273f83ab96a4\"},\"potentialAction\":[{\"@type\":\"SearchAction\",\"target\":{\"@type\":\"EntryPoint\",\"urlTemplate\":\"https:\\\/\\\/tonalibus.org\\\/de\\\/?s={search_term_string}\"},\"query-input\":{\"@type\":\"PropertyValueSpecification\",\"valueRequired\":true,\"valueName\":\"search_term_string\"}}],\"inLanguage\":\"de-CH\"},{\"@type\":[\"Person\",\"Organization\"],\"@id\":\"https:\\\/\\\/tonalibus.org\\\/de\\\/#\\\/schema\\\/person\\\/749261d7bc96d1f00127273f83ab96a4\",\"name\":\"Ulrico\",\"image\":{\"@type\":\"ImageObject\",\"inLanguage\":\"de-CH\",\"@id\":\"https:\\\/\\\/tonalibus.org\\\/wp-content\\\/uploads\\\/2020\\\/06\\\/uli-pix.jpg\",\"url\":\"https:\\\/\\\/tonalibus.org\\\/wp-content\\\/uploads\\\/2020\\\/06\\\/uli-pix.jpg\",\"contentUrl\":\"https:\\\/\\\/tonalibus.org\\\/wp-content\\\/uploads\\\/2020\\\/06\\\/uli-pix.jpg\",\"width\":960,\"height\":720,\"caption\":\"Ulrico\"},\"logo\":{\"@id\":\"https:\\\/\\\/tonalibus.org\\\/wp-content\\\/uploads\\\/2020\\\/06\\\/uli-pix.jpg\"},\"sameAs\":[\"https:\\\/\\\/tonalibus.cyon.site\"]}]}<\/script>\n<!-- \/ Yoast SEO plugin. -->","yoast_head_json":{"title":"Neuester Blog-Beitrag - TONALIBUS Harmonie und Tonalit\u00e4ten","description":"Vollst\u00e4ndige Ansicht des gesamten Inhalts des letzten Spiritualibus-Blogbeitrags, unabh\u00e4ngig von der Kategorie.","robots":{"index":"index","follow":"follow","max-snippet":"max-snippet:-1","max-image-preview":"max-image-preview:large","max-video-preview":"max-video-preview:-1"},"canonical":"https:\/\/tonalibus.org\/de\/spiritualibus-blog\/most-recent-blog-post\/","og_locale":"de_DE","og_type":"article","og_title":"Most Recent Blog Post &#8211; TONALIBUS Harmony and Tonalities","og_description":"Full view of the entire contents of the single most recent Spiritualibus blog post, no matter its category.","og_url":"https:\/\/tonalibus.org\/de\/spiritualibus-blog\/most-recent-blog-post\/","og_site_name":"TONALIBUS","article_modified_time":"2025-03-08T21:17:32+00:00","twitter_card":"summary_large_image","twitter_misc":{"Gesch\u00e4tzte Lesezeit":"1\u00a0Minute"},"schema":{"@context":"https:\/\/schema.org","@graph":[{"@type":"WebPage","@id":"https:\/\/tonalibus.org\/spiritualibus-blog\/most-recent-blog-post\/","url":"https:\/\/tonalibus.org\/spiritualibus-blog\/most-recent-blog-post\/","name":"Neuester Blog-Beitrag - TONALIBUS Harmonie und Tonalit\u00e4ten","isPartOf":{"@id":"https:\/\/tonalibus.org\/de\/#website"},"datePublished":"2022-08-11T21:35:45+00:00","dateModified":"2025-03-08T21:17:32+00:00","description":"Vollst\u00e4ndige Ansicht des gesamten Inhalts des letzten Spiritualibus-Blogbeitrags, unabh\u00e4ngig von der Kategorie.","breadcrumb":{"@id":"https:\/\/tonalibus.org\/spiritualibus-blog\/most-recent-blog-post\/#breadcrumb"},"inLanguage":"de-CH","potentialAction":[{"@type":"ReadAction","target":["https:\/\/tonalibus.org\/spiritualibus-blog\/most-recent-blog-post\/"]}]},{"@type":"BreadcrumbList","@id":"https:\/\/tonalibus.org\/spiritualibus-blog\/most-recent-blog-post\/#breadcrumb","itemListElement":[{"@type":"ListItem","position":1,"name":"Home","item":"https:\/\/tonalibus.org\/"},{"@type":"ListItem","position":2,"name":"Spiritualibus Blog","item":"https:\/\/tonalibus.org\/spiritualibus-blog\/"},{"@type":"ListItem","position":3,"name":"Most Recent Blog Post"}]},{"@type":"WebSite","@id":"https:\/\/tonalibus.org\/de\/#website","url":"https:\/\/tonalibus.org\/de\/","name":"TONALIBUS","description":"Verankerte Harmonie und Tonalit\u00e4ten","publisher":{"@id":"https:\/\/tonalibus.org\/de\/#\/schema\/person\/749261d7bc96d1f00127273f83ab96a4"},"potentialAction":[{"@type":"SearchAction","target":{"@type":"EntryPoint","urlTemplate":"https:\/\/tonalibus.org\/de\/?s={search_term_string}"},"query-input":{"@type":"PropertyValueSpecification","valueRequired":true,"valueName":"search_term_string"}}],"inLanguage":"de-CH"},{"@type":["Person","Organization"],"@id":"https:\/\/tonalibus.org\/de\/#\/schema\/person\/749261d7bc96d1f00127273f83ab96a4","name":"Ulrico","image":{"@type":"ImageObject","inLanguage":"de-CH","@id":"https:\/\/tonalibus.org\/wp-content\/uploads\/2020\/06\/uli-pix.jpg","url":"https:\/\/tonalibus.org\/wp-content\/uploads\/2020\/06\/uli-pix.jpg","contentUrl":"https:\/\/tonalibus.org\/wp-content\/uploads\/2020\/06\/uli-pix.jpg","width":960,"height":720,"caption":"Ulrico"},"logo":{"@id":"https:\/\/tonalibus.org\/wp-content\/uploads\/2020\/06\/uli-pix.jpg"},"sameAs":["https:\/\/tonalibus.cyon.site"]}]}},"_links":{"self":[{"href":"https:\/\/tonalibus.org\/de\/wp-json\/wp\/v2\/pages\/20014","targetHints":{"allow":["GET"]}}],"collection":[{"href":"https:\/\/tonalibus.org\/de\/wp-json\/wp\/v2\/pages"}],"about":[{"href":"https:\/\/tonalibus.org\/de\/wp-json\/wp\/v2\/types\/page"}],"author":[{"embeddable":true,"href":"https:\/\/tonalibus.org\/de\/wp-json\/wp\/v2\/users\/1"}],"replies":[{"embeddable":true,"href":"https:\/\/tonalibus.org\/de\/wp-json\/wp\/v2\/comments?post=20014"}],"version-history":[{"count":0,"href":"https:\/\/tonalibus.org\/de\/wp-json\/wp\/v2\/pages\/20014\/revisions"}],"up":[{"embeddable":true,"href":"https:\/\/tonalibus.org\/de\/wp-json\/wp\/v2\/pages\/3857"}],"wp:attachment":[{"href":"https:\/\/tonalibus.org\/de\/wp-json\/wp\/v2\/media?parent=20014"}],"curies":[{"name":"wp","href":"https:\/\/api.w.org\/{rel}","templated":true}]}}