{"id":20580,"date":"2022-10-02T23:02:52","date_gmt":"2022-10-02T21:02:52","guid":{"rendered":"https:\/\/tonalibus.org\/?page_id=20580"},"modified":"2022-12-14T20:13:56","modified_gmt":"2022-12-14T19:13:56","slug":"autumn-winter-2022-loops","status":"publish","type":"page","link":"https:\/\/tonalibus.org\/de\/sounds\/2022-sounds-and-images\/autumn-winter-2022\/autumn-winter-2022-loops\/","title":{"rendered":"Herbst-Winter 2022 Loops"},"content":{"rendered":"<h2 class=\"wp-block-heading\"><mark style=\"background-color:rgba(0, 0, 0, 0);color:#f7b320\" class=\"has-inline-color\">Pers\u00f6nliche Tonbeispiele vom Herbst-Winter 2022 als Loop<\/mark><\/h2>\n\n\n\n<div class=\"wp-block-buttons is-content-justification-center is-layout-flex wp-container-core-buttons-is-layout-16018d1d wp-block-buttons-is-layout-flex\">\n<div class=\"wp-block-button is-style-outline is-style-outline--1\"><a class=\"wp-block-button__link wp-element-button\" href=\"#dec\">Dezember 2022<\/a><\/div>\n\n\n\n<div class=\"wp-block-button is-style-outline is-style-outline--2\"><a class=\"wp-block-button__link wp-element-button\" href=\"#oct\">Oktober 2022<\/a><\/div>\n\n\n\n<div class=\"wp-block-button is-style-outline is-style-outline--3\"><a class=\"wp-block-button__link wp-element-button\" href=\"#sept\">September 2022<\/a><\/div>\n<\/div>\n\n\n\n<div style=\"height:40px\" aria-hidden=\"true\" class=\"wp-block-spacer\"><\/div>\n\n\n\n<p><mark style=\"background-color:rgba(0, 0, 0, 0);color:#f7b320\" class=\"has-inline-color\">Wie der Titel <\/mark><em><mark style=\"background-color:rgba(0, 0, 0, 0);color:#f7b320\" class=\"has-inline-color\">Herbst-Winter 2022<\/mark><\/em><mark style=\"background-color:rgba(0, 0, 0, 0);color:#f7b320\" class=\"has-inline-color\"><em> Loops<\/em> anzeigt, findest du hier die entsprechenden pers\u00f6nlichen Tonbeispiele als Loop zum kontinuierlichen Abspielen im Hintergrund oder zum kontemplativen Anh\u00f6ren einzelner St\u00fccke.<\/mark> <\/p>\n\n\n\n<h2 class=\"wp-block-heading\" id=\"dec\">Winter 2022 \u2013 Dezember-Loops<\/h2>\n\n\n\n<h3 class=\"has-text-color wp-block-heading\" id=\"letgo\" style=\"color:#f7b320\">\u201cNever give up, let go completely\u201d \u2013 ein Wunder der Natur<\/h3>\n\n\n\n<figure class=\"wp-block-audio\"><audio controls src=\"https:\/\/tonalibus.org\/wp-content\/uploads\/2022\/12\/2022-12-12-G-REACHMIN-loop.mp3\" loop><\/audio><figcaption class=\"wp-element-caption\"><a href=\"https:\/\/tonalibus.org\/de\/tonalities\/reach-or-harmonic-heptatonalities\/reachmin-phryg-dominant\/\"><mark style=\"background-color:rgba(0, 0, 0, 0);color:#f7b320\" class=\"has-inline-color\">ReachMin<\/mark><\/a><mark style=\"background-color:rgba(0, 0, 0, 0);color:#f7b320\" class=\"has-inline-color\"> \u2013 8-saitige Gitarre \u2013 5:15 Loop<\/mark><\/figcaption><\/figure>\n\n\n\n<h2 class=\"wp-block-heading\" id=\"oct\">Herbst 2022 \u2013 Oktober-Loops<\/h2>\n\n\n\n<h3 class=\"has-text-color wp-block-heading\" id=\"joy\" style=\"color:#f7b320\">\u201cCelebration joy\u201d \u2013 ein neuer Anfang \u2013 f\u00fcr Metta (und Moon)<\/h3>\n\n\n\n<figure class=\"wp-block-audio\"><audio controls src=\"https:\/\/tonalibus.org\/wp-content\/uploads\/2022\/10\/2022-10-10-GIT-sml.mp3\" loop><\/audio><figcaption class=\"wp-element-caption\"><a href=\"https:\/\/tonalibus.org\/de\/tonalities\/pentatonalities\/tetrana\/\"><mark style=\"background-color:rgba(0, 0, 0, 0);color:#f7b320\" class=\"has-inline-color\">TetraNa<\/mark><\/a><mark style=\"background-color:rgba(0, 0, 0, 0);color:#f7b320\" class=\"has-inline-color\"> <\/mark><a href=\"https:\/\/tonalibus.org\/de\/tonalities\/diatonic-heptatonalities\/mixolydian\/\"><mark style=\"background-color:rgba(0, 0, 0, 0);color:#f7b320\" class=\"has-inline-color\">Mixolydisch<\/mark><\/a><mark style=\"background-color:rgba(0, 0, 0, 0);color:#f7b320\" class=\"has-inline-color\"> Mischung \u2013 8-saitige Gitarre \u2013 12:05<em> <\/em>Loop (Stopp am Ende via Rechtsklick, falls vorhanden)<\/mark><\/figcaption><\/figure>\n\n\n\n<h2 class=\"wp-block-heading\" id=\"sept\">Herbst 2022 \u2013 September-Loops<\/h2>\n\n\n\n<h3 class=\"has-text-color wp-block-heading\" id=\"oms\" style=\"color:#f7b320\">\u201c\u0950 \u0936\u093e\u0928\u094d\u0924\u093f\u0903 Om Shanti HU\u201d \u2013 mit Elijahs Glocken und Zikaden<\/h3>\n\n\n\n<figure class=\"wp-block-audio\"><audio controls src=\"https:\/\/tonalibus.org\/wp-content\/uploads\/2022\/09\/2022-09-29-YdrXGiVo.mp3\" loop><\/audio><figcaption class=\"wp-element-caption\"><a href=\"https:\/\/tonalibus.org\/de\/tonalities\/pentatonalities\/pentaprola-or-pentaion-pentatonic-major\/\"><mark style=\"background-color:rgba(0, 0, 0, 0);color:#f7b320\" class=\"has-inline-color\">PentaProLa oder PentaIon<\/mark><\/a><mark style=\"background-color:rgba(0, 0, 0, 0);color:#f7b320\" class=\"has-inline-color\"> (pentatonisch Dur) auf A# \u2013 Tenor-Blockfl\u00f6te, orthodoxe Kirchen-Glocken, nat\u00fcrliche Zikaden, 8-saitige Gitarre, tief chantende Stimmen im Unisono mit Obert\u00f6nen \u2013 4:43<em> <\/em>Loop (Stopp am Ende via Rechtsklick, falls vorhanden)<\/mark> <\/figcaption><\/figure>\n\n\n\n<h3 class=\"has-text-color wp-block-heading\" id=\"omsvg\" style=\"color:#f7b320\">\u201c\u0950 \u0936\u093e\u0928\u094d\u0924\u093f\u0903 Om Shanti HU\u201d \u2013 nur Chant und Zupfen<\/h3>\n\n\n\n<figure class=\"wp-block-audio\"><audio controls src=\"https:\/\/tonalibus.org\/wp-content\/uploads\/2022\/09\/2022-09-29-GiVo.mp3\" loop><\/audio><figcaption class=\"wp-element-caption\"><a href=\"https:\/\/tonalibus.org\/de\/tonalities\/pentatonalities\/pentaprola-or-pentaion-pentatonic-major\/\"><mark style=\"background-color:rgba(0, 0, 0, 0);color:#f7b320\" class=\"has-inline-color\">PentaProLa oder PentaIon<\/mark><\/a><mark style=\"background-color:rgba(0, 0, 0, 0);color:#f7b320\" class=\"has-inline-color\"> (pentatonisch Dur) auf A# \u2013 8-saitige Gitarre, tief chantende Stimmen im Unisono mit Obert\u00f6nen \u2013 4:43<em> <\/em>Loop (Stopp am Ende via Rechtsklick, falls vorhanden)<\/mark> <\/figcaption><\/figure>\n\n\n\n<h3 class=\"has-text-color wp-block-heading\" id=\"omsv\" style=\"color:#f7b320\">\u201c\u0950 \u0936\u093e\u0928\u094d\u0924\u093f\u0903 Om Shanti HU\u201d \u2013 einfach nur Chant<\/h3>\n\n\n\n<figure class=\"wp-block-audio\"><audio controls src=\"https:\/\/tonalibus.org\/wp-content\/uploads\/2022\/09\/2022-09-29-Vo.mp3\" loop><\/audio><figcaption class=\"wp-element-caption\"><mark style=\"background-color:rgba(0, 0, 0, 0);color:#f7b320\" class=\"has-inline-color\">A# \u2013 tief chantende Stimmen im Unisono mit Obert\u00f6nen \u2013 4:43<\/mark> <mark style=\"background-color:rgba(0, 0, 0, 0);color:#f7b320\" class=\"has-inline-color\">Loop (Stopp am Ende via Rechtsklick, falls vorhanden)<\/mark><\/figcaption><\/figure>\n\n\n\n<h3 class=\"has-text-color wp-block-heading\" id=\"nom\" style=\"color:#f7b320\">\u201cNo mistake\u201d \u2013 grosser Himmel, Strand, Felsen, Kiefer, gebrochener Ast<\/h3>\n\n\n\n<figure class=\"wp-block-audio\"><audio controls src=\"https:\/\/tonalibus.org\/wp-content\/uploads\/2022\/09\/2022-09-19-GWIREC-loop.mp3\" loop><\/audio><figcaption class=\"wp-element-caption\"><a href=\"https:\/\/tonalibus.org\/de\/tonalities\/diatonic-heptatonalities\/phrygian\/\"><mark style=\"background-color:rgba(0, 0, 0, 0);color:#f7b320\" class=\"has-inline-color\">Phrygisch<\/mark><\/a><mark style=\"background-color:rgba(0, 0, 0, 0);color:#f7b320\" class=\"has-inline-color\"> auf A umrahmend HexaBlueUp (<\/mark><a href=\"https:\/\/tonalibus.org\/de\/tonalities\/tritone-or-blues-tonalities\/blueup\/\"><mark style=\"background-color:rgba(0, 0, 0, 0);color:#f7b320\" class=\"has-inline-color\">BlueUp<\/mark><\/a><mark style=\"background-color:rgba(0, 0, 0, 0);color:#f7b320\" class=\"has-inline-color\"> ohne 7+) auf E \u2013 8-saitige Gitarre und Tenor-Blockfl\u00f6te \u2013 6:40<\/mark> <mark style=\"background-color:rgba(0, 0, 0, 0);color:#f7b320\" class=\"has-inline-color\">Loop (Stopp am Ende via Rechtsklick, falls vorhanden) <\/mark><\/figcaption><\/figure>\n\n\n\n<div style=\"height:40px\" aria-hidden=\"true\" class=\"wp-block-spacer\"><\/div>\n\n\n\n<p class=\"has-text-color\" style=\"color:#f7b320\">Du kannst einen Tonbeispiel- oder Tonalit\u00e4ten-Loop als Ton-Mantra verwenden, zur <a href=\"https:\/\/de.wikipedia.org\/wiki\/Kontemplation\" target=\"_blank\" rel=\"noreferrer noopener\"><mark style=\"background-color:rgba(0, 0, 0, 0);color:#f7b320\" class=\"has-inline-color\">Kontemplation<\/mark><\/a> oder <a href=\"https:\/\/de.wikipedia.org\/wiki\/Meditation\" target=\"_blank\" rel=\"noreferrer noopener\"><mark style=\"background-color:rgba(0, 0, 0, 0);color:#f7b320\" class=\"has-inline-color\">Meditation<\/mark><\/a>. Dies kann zum Anheben, L\u00e4utern und Fokussieren behilflich sein. Oder du kannst es einfach als beruhigenden Hintergrundton zur Entspannung und Regeneration benutzen. Wenn du mitsummen, chanten oder singen m\u00f6chtest, k\u00f6nntest du dazu z.B. eine spirituell gepr\u00e4gte Silbe verwenden, wie <em><a href=\"https:\/\/tonalibus.org\/de\/about-tonalibus\/hu-mantra-of-soul\/\"><mark style=\"background-color:rgba(0, 0, 0, 0);color:#f7b320\" class=\"has-inline-color\">HU<\/mark><\/a><\/em> oder <a href=\"https:\/\/de.wikipedia.org\/wiki\/Om\" target=\"_blank\" rel=\"noreferrer noopener\"><mark style=\"background-color:rgba(0, 0, 0, 0);color:#f7b320\" class=\"has-inline-color\"><em>\u014c\u1e43<\/em> \/ Aum<\/mark><\/a> \u0950, oder eine andere f\u00fcr dich stimmige Mantra-Silbe.<\/p>\n\n\n\n<div style=\"height:56px\" aria-hidden=\"true\" class=\"wp-block-spacer\"><\/div>\n\n\n<div class=\"wp-block-image\">\n<figure class=\"aligncenter size-large is-resized\"><img loading=\"lazy\" decoding=\"async\" src=\"https:\/\/tonalibus.org\/wp-content\/uploads\/2022\/09\/20220917_110227000_iOS-2-1024x653.jpg\" alt=\"Autumn-Winter 2022 loops\" class=\"wp-image-20251\" width=\"455\" height=\"289\" srcset=\"https:\/\/tonalibus.org\/wp-content\/uploads\/2022\/09\/20220917_110227000_iOS-2-1024x653.jpg 1024w, https:\/\/tonalibus.org\/wp-content\/uploads\/2022\/09\/20220917_110227000_iOS-2-300x191.jpg 300w, https:\/\/tonalibus.org\/wp-content\/uploads\/2022\/09\/20220917_110227000_iOS-2-768x490.jpg 768w, https:\/\/tonalibus.org\/wp-content\/uploads\/2022\/09\/20220917_110227000_iOS-2-1536x979.jpg 1536w, https:\/\/tonalibus.org\/wp-content\/uploads\/2022\/09\/20220917_110227000_iOS-2-18x12.jpg 18w, https:\/\/tonalibus.org\/wp-content\/uploads\/2022\/09\/20220917_110227000_iOS-2-1320x842.jpg 1320w, https:\/\/tonalibus.org\/wp-content\/uploads\/2022\/09\/20220917_110227000_iOS-2.jpg 1708w\" sizes=\"auto, (max-width: 455px) 100vw, 455px\" \/><figcaption class=\"wp-element-caption\">Kein Fehler, Om Shanti HU \u2013 September 2022 \u2013 Bisti-Strand, \u038e\u03b4\u03c1\u03b1 \/ Hydra<em> <\/em>\u2013 Foto: Karin Gs\u00f6llpointner<\/figcaption><\/figure>\n<\/div>","protected":false},"excerpt":{"rendered":"<p>Pers\u00f6nliche Klangbeispiele aus Herbst-Winter 2022 als Loops Wie der Titel Herbst-Winter 2022 Loops schon sagt, findest du hier die entsprechenden pers\u00f6nlichen Klangbeispiele als Loop. Das erm\u00f6glicht ein kontinuierliches Abspielen im Hintergrund oder ein kontemplatives Anh\u00f6ren einzelner St\u00fccke. Winter 2022 - Dezember-Loops \"Niemals aufgeben, ganz loslassen\" - ein Wunder der Natur Herbst 2022 ... <\/p>\n<p class=\"link-more\"><a href=\"https:\/\/tonalibus.org\/de\/sounds\/2022-sounds-and-images\/autumn-winter-2022\/autumn-winter-2022-loops\/\" class=\"more-link\"><span class=\"screen-reader-text\">\"Herbst-Winter 2022 Schleifen\"<\/span> weiterlesen<\/a><\/p>","protected":false},"author":1,"featured_media":0,"parent":20568,"menu_order":0,"comment_status":"closed","ping_status":"closed","template":"","meta":{"footnotes":""},"class_list":["post-20580","page","type-page","status-publish","hentry"],"yoast_head":"<!-- This site is optimized with the Yoast SEO plugin v27.5 - https:\/\/yoast.com\/product\/yoast-seo-wordpress\/ -->\n<title>Autumn-Winter 2022 loops &#8211; TONALIBUS Harmony and Tonalities<\/title>\n<meta name=\"description\" content=\"As the title Autumn-Winter 2022 loops indicates, here you find the corresponding personal sound samples available as loop.\" \/>\n<meta name=\"robots\" content=\"index, follow, max-snippet:-1, max-image-preview:large, max-video-preview:-1\" \/>\n<link rel=\"canonical\" href=\"https:\/\/tonalibus.org\/de\/sounds\/2022-sounds-and-images\/autumn-winter-2022\/autumn-winter-2022-loops\/\" \/>\n<meta property=\"og:locale\" content=\"de_DE\" \/>\n<meta property=\"og:type\" content=\"article\" \/>\n<meta property=\"og:title\" content=\"Autumn-Winter 2022 loops &#8211; TONALIBUS Harmony and Tonalities\" \/>\n<meta property=\"og:description\" content=\"As the title Autumn-Winter 2022 loops indicates, here you find the corresponding personal sound samples available as loop.\" \/>\n<meta property=\"og:url\" content=\"https:\/\/tonalibus.org\/de\/sounds\/2022-sounds-and-images\/autumn-winter-2022\/autumn-winter-2022-loops\/\" \/>\n<meta property=\"og:site_name\" content=\"TONALIBUS\" \/>\n<meta property=\"article:modified_time\" content=\"2022-12-14T19:13:56+00:00\" \/>\n<meta property=\"og:image\" content=\"https:\/\/tonalibus.org\/wp-content\/uploads\/2022\/09\/20220917_110227000_iOS-2-1024x653.jpg\" \/>\n<meta name=\"twitter:card\" content=\"summary_large_image\" \/>\n<meta name=\"twitter:label1\" content=\"Gesch\u00e4tzte Lesezeit\" \/>\n\t<meta name=\"twitter:data1\" content=\"2\u00a0Minuten\" \/>\n<script type=\"application\/ld+json\" class=\"yoast-schema-graph\">{\"@context\":\"https:\\\/\\\/schema.org\",\"@graph\":[{\"@type\":\"WebPage\",\"@id\":\"https:\\\/\\\/tonalibus.org\\\/sounds\\\/2022-sounds-and-images\\\/autumn-winter-2022\\\/autumn-winter-2022-loops\\\/\",\"url\":\"https:\\\/\\\/tonalibus.org\\\/sounds\\\/2022-sounds-and-images\\\/autumn-winter-2022\\\/autumn-winter-2022-loops\\\/\",\"name\":\"Autumn-Winter 2022 loops &#8211; TONALIBUS Harmony and Tonalities\",\"isPartOf\":{\"@id\":\"https:\\\/\\\/tonalibus.org\\\/de\\\/#website\"},\"primaryImageOfPage\":{\"@id\":\"https:\\\/\\\/tonalibus.org\\\/sounds\\\/2022-sounds-and-images\\\/autumn-winter-2022\\\/autumn-winter-2022-loops\\\/#primaryimage\"},\"image\":{\"@id\":\"https:\\\/\\\/tonalibus.org\\\/sounds\\\/2022-sounds-and-images\\\/autumn-winter-2022\\\/autumn-winter-2022-loops\\\/#primaryimage\"},\"thumbnailUrl\":\"https:\\\/\\\/tonalibus.org\\\/wp-content\\\/uploads\\\/2022\\\/09\\\/20220917_110227000_iOS-2-1024x653.jpg\",\"datePublished\":\"2022-10-02T21:02:52+00:00\",\"dateModified\":\"2022-12-14T19:13:56+00:00\",\"description\":\"As the title Autumn-Winter 2022 loops indicates, here you find the corresponding personal sound samples available as loop.\",\"breadcrumb\":{\"@id\":\"https:\\\/\\\/tonalibus.org\\\/sounds\\\/2022-sounds-and-images\\\/autumn-winter-2022\\\/autumn-winter-2022-loops\\\/#breadcrumb\"},\"inLanguage\":\"de-CH\",\"potentialAction\":[{\"@type\":\"ReadAction\",\"target\":[\"https:\\\/\\\/tonalibus.org\\\/sounds\\\/2022-sounds-and-images\\\/autumn-winter-2022\\\/autumn-winter-2022-loops\\\/\"]}]},{\"@type\":\"ImageObject\",\"inLanguage\":\"de-CH\",\"@id\":\"https:\\\/\\\/tonalibus.org\\\/sounds\\\/2022-sounds-and-images\\\/autumn-winter-2022\\\/autumn-winter-2022-loops\\\/#primaryimage\",\"url\":\"https:\\\/\\\/tonalibus.org\\\/wp-content\\\/uploads\\\/2022\\\/09\\\/20220917_110227000_iOS-2-1024x653.jpg\",\"contentUrl\":\"https:\\\/\\\/tonalibus.org\\\/wp-content\\\/uploads\\\/2022\\\/09\\\/20220917_110227000_iOS-2-1024x653.jpg\"},{\"@type\":\"BreadcrumbList\",\"@id\":\"https:\\\/\\\/tonalibus.org\\\/sounds\\\/2022-sounds-and-images\\\/autumn-winter-2022\\\/autumn-winter-2022-loops\\\/#breadcrumb\",\"itemListElement\":[{\"@type\":\"ListItem\",\"position\":1,\"name\":\"Home\",\"item\":\"https:\\\/\\\/tonalibus.org\\\/\"},{\"@type\":\"ListItem\",\"position\":2,\"name\":\"Sounds\",\"item\":\"https:\\\/\\\/tonalibus.org\\\/sounds\\\/\"},{\"@type\":\"ListItem\",\"position\":3,\"name\":\"2022 Sounds and Images\",\"item\":\"https:\\\/\\\/tonalibus.org\\\/sounds\\\/2022-sounds-and-images\\\/\"},{\"@type\":\"ListItem\",\"position\":4,\"name\":\"Autumn-Winter 2022\",\"item\":\"https:\\\/\\\/tonalibus.org\\\/sounds\\\/2022-sounds-and-images\\\/autumn-winter-2022\\\/\"},{\"@type\":\"ListItem\",\"position\":5,\"name\":\"Autumn-Winter 2022 loops\"}]},{\"@type\":\"WebSite\",\"@id\":\"https:\\\/\\\/tonalibus.org\\\/de\\\/#website\",\"url\":\"https:\\\/\\\/tonalibus.org\\\/de\\\/\",\"name\":\"TONALIBUS\",\"description\":\"Anchored Harmony and Tonalities\",\"publisher\":{\"@id\":\"https:\\\/\\\/tonalibus.org\\\/de\\\/#\\\/schema\\\/person\\\/749261d7bc96d1f00127273f83ab96a4\"},\"potentialAction\":[{\"@type\":\"SearchAction\",\"target\":{\"@type\":\"EntryPoint\",\"urlTemplate\":\"https:\\\/\\\/tonalibus.org\\\/de\\\/?s={search_term_string}\"},\"query-input\":{\"@type\":\"PropertyValueSpecification\",\"valueRequired\":true,\"valueName\":\"search_term_string\"}}],\"inLanguage\":\"de-CH\"},{\"@type\":[\"Person\",\"Organization\"],\"@id\":\"https:\\\/\\\/tonalibus.org\\\/de\\\/#\\\/schema\\\/person\\\/749261d7bc96d1f00127273f83ab96a4\",\"name\":\"Ulrico\",\"image\":{\"@type\":\"ImageObject\",\"inLanguage\":\"de-CH\",\"@id\":\"https:\\\/\\\/tonalibus.org\\\/wp-content\\\/uploads\\\/2020\\\/06\\\/uli-pix.jpg\",\"url\":\"https:\\\/\\\/tonalibus.org\\\/wp-content\\\/uploads\\\/2020\\\/06\\\/uli-pix.jpg\",\"contentUrl\":\"https:\\\/\\\/tonalibus.org\\\/wp-content\\\/uploads\\\/2020\\\/06\\\/uli-pix.jpg\",\"width\":960,\"height\":720,\"caption\":\"Ulrico\"},\"logo\":{\"@id\":\"https:\\\/\\\/tonalibus.org\\\/wp-content\\\/uploads\\\/2020\\\/06\\\/uli-pix.jpg\"},\"sameAs\":[\"https:\\\/\\\/tonalibus.cyon.site\"]}]}<\/script>\n<!-- \/ Yoast SEO plugin. -->","yoast_head_json":{"title":"Herbst-Winter 2022 Schleifen - TONALIBUS Harmonie und Klangfarben","description":"Wie der Titel Autumn-Winter 2022 loops andeutet, finden Sie hier die entsprechenden pers\u00f6nlichen Klangbeispiele als Loop.","robots":{"index":"index","follow":"follow","max-snippet":"max-snippet:-1","max-image-preview":"max-image-preview:large","max-video-preview":"max-video-preview:-1"},"canonical":"https:\/\/tonalibus.org\/de\/sounds\/2022-sounds-and-images\/autumn-winter-2022\/autumn-winter-2022-loops\/","og_locale":"de_DE","og_type":"article","og_title":"Autumn-Winter 2022 loops &#8211; TONALIBUS Harmony and Tonalities","og_description":"As the title Autumn-Winter 2022 loops indicates, here you find the corresponding personal sound samples available as loop.","og_url":"https:\/\/tonalibus.org\/de\/sounds\/2022-sounds-and-images\/autumn-winter-2022\/autumn-winter-2022-loops\/","og_site_name":"TONALIBUS","article_modified_time":"2022-12-14T19:13:56+00:00","og_image":[{"url":"https:\/\/tonalibus.org\/wp-content\/uploads\/2022\/09\/20220917_110227000_iOS-2-1024x653.jpg","type":"","width":"","height":""}],"twitter_card":"summary_large_image","twitter_misc":{"Gesch\u00e4tzte Lesezeit":"2\u00a0Minuten"},"schema":{"@context":"https:\/\/schema.org","@graph":[{"@type":"WebPage","@id":"https:\/\/tonalibus.org\/sounds\/2022-sounds-and-images\/autumn-winter-2022\/autumn-winter-2022-loops\/","url":"https:\/\/tonalibus.org\/sounds\/2022-sounds-and-images\/autumn-winter-2022\/autumn-winter-2022-loops\/","name":"Herbst-Winter 2022 Schleifen - TONALIBUS Harmonie und Klangfarben","isPartOf":{"@id":"https:\/\/tonalibus.org\/de\/#website"},"primaryImageOfPage":{"@id":"https:\/\/tonalibus.org\/sounds\/2022-sounds-and-images\/autumn-winter-2022\/autumn-winter-2022-loops\/#primaryimage"},"image":{"@id":"https:\/\/tonalibus.org\/sounds\/2022-sounds-and-images\/autumn-winter-2022\/autumn-winter-2022-loops\/#primaryimage"},"thumbnailUrl":"https:\/\/tonalibus.org\/wp-content\/uploads\/2022\/09\/20220917_110227000_iOS-2-1024x653.jpg","datePublished":"2022-10-02T21:02:52+00:00","dateModified":"2022-12-14T19:13:56+00:00","description":"Wie der Titel Autumn-Winter 2022 loops andeutet, finden Sie hier die entsprechenden pers\u00f6nlichen Klangbeispiele als Loop.","breadcrumb":{"@id":"https:\/\/tonalibus.org\/sounds\/2022-sounds-and-images\/autumn-winter-2022\/autumn-winter-2022-loops\/#breadcrumb"},"inLanguage":"de-CH","potentialAction":[{"@type":"ReadAction","target":["https:\/\/tonalibus.org\/sounds\/2022-sounds-and-images\/autumn-winter-2022\/autumn-winter-2022-loops\/"]}]},{"@type":"ImageObject","inLanguage":"de-CH","@id":"https:\/\/tonalibus.org\/sounds\/2022-sounds-and-images\/autumn-winter-2022\/autumn-winter-2022-loops\/#primaryimage","url":"https:\/\/tonalibus.org\/wp-content\/uploads\/2022\/09\/20220917_110227000_iOS-2-1024x653.jpg","contentUrl":"https:\/\/tonalibus.org\/wp-content\/uploads\/2022\/09\/20220917_110227000_iOS-2-1024x653.jpg"},{"@type":"BreadcrumbList","@id":"https:\/\/tonalibus.org\/sounds\/2022-sounds-and-images\/autumn-winter-2022\/autumn-winter-2022-loops\/#breadcrumb","itemListElement":[{"@type":"ListItem","position":1,"name":"Home","item":"https:\/\/tonalibus.org\/"},{"@type":"ListItem","position":2,"name":"Sounds","item":"https:\/\/tonalibus.org\/sounds\/"},{"@type":"ListItem","position":3,"name":"2022 Sounds and Images","item":"https:\/\/tonalibus.org\/sounds\/2022-sounds-and-images\/"},{"@type":"ListItem","position":4,"name":"Autumn-Winter 2022","item":"https:\/\/tonalibus.org\/sounds\/2022-sounds-and-images\/autumn-winter-2022\/"},{"@type":"ListItem","position":5,"name":"Autumn-Winter 2022 loops"}]},{"@type":"WebSite","@id":"https:\/\/tonalibus.org\/de\/#website","url":"https:\/\/tonalibus.org\/de\/","name":"TONALIBUS","description":"Verankerte Harmonie und Tonalit\u00e4ten","publisher":{"@id":"https:\/\/tonalibus.org\/de\/#\/schema\/person\/749261d7bc96d1f00127273f83ab96a4"},"potentialAction":[{"@type":"SearchAction","target":{"@type":"EntryPoint","urlTemplate":"https:\/\/tonalibus.org\/de\/?s={search_term_string}"},"query-input":{"@type":"PropertyValueSpecification","valueRequired":true,"valueName":"search_term_string"}}],"inLanguage":"de-CH"},{"@type":["Person","Organization"],"@id":"https:\/\/tonalibus.org\/de\/#\/schema\/person\/749261d7bc96d1f00127273f83ab96a4","name":"Ulrico","image":{"@type":"ImageObject","inLanguage":"de-CH","@id":"https:\/\/tonalibus.org\/wp-content\/uploads\/2020\/06\/uli-pix.jpg","url":"https:\/\/tonalibus.org\/wp-content\/uploads\/2020\/06\/uli-pix.jpg","contentUrl":"https:\/\/tonalibus.org\/wp-content\/uploads\/2020\/06\/uli-pix.jpg","width":960,"height":720,"caption":"Ulrico"},"logo":{"@id":"https:\/\/tonalibus.org\/wp-content\/uploads\/2020\/06\/uli-pix.jpg"},"sameAs":["https:\/\/tonalibus.cyon.site"]}]}},"_links":{"self":[{"href":"https:\/\/tonalibus.org\/de\/wp-json\/wp\/v2\/pages\/20580","targetHints":{"allow":["GET"]}}],"collection":[{"href":"https:\/\/tonalibus.org\/de\/wp-json\/wp\/v2\/pages"}],"about":[{"href":"https:\/\/tonalibus.org\/de\/wp-json\/wp\/v2\/types\/page"}],"author":[{"embeddable":true,"href":"https:\/\/tonalibus.org\/de\/wp-json\/wp\/v2\/users\/1"}],"replies":[{"embeddable":true,"href":"https:\/\/tonalibus.org\/de\/wp-json\/wp\/v2\/comments?post=20580"}],"version-history":[{"count":0,"href":"https:\/\/tonalibus.org\/de\/wp-json\/wp\/v2\/pages\/20580\/revisions"}],"up":[{"embeddable":true,"href":"https:\/\/tonalibus.org\/de\/wp-json\/wp\/v2\/pages\/20568"}],"wp:attachment":[{"href":"https:\/\/tonalibus.org\/de\/wp-json\/wp\/v2\/media?parent=20580"}],"curies":[{"name":"wp","href":"https:\/\/api.w.org\/{rel}","templated":true}]}}