{"id":2215,"date":"2020-07-04T07:13:51","date_gmt":"2020-07-04T05:13:51","guid":{"rendered":"https:\/\/tonalibus.org\/?page_id=2215"},"modified":"2025-03-21T11:47:15","modified_gmt":"2025-03-21T10:47:15","slug":"concepts-highlights","status":"publish","type":"page","link":"https:\/\/tonalibus.org\/de\/inner-circle\/repository\/concepts\/concepts-highlights\/","title":{"rendered":"Visualisierungen"},"content":{"rendered":"<p class=\"has-text-color\" style=\"color:#f7b320\">Mit Ausnahme der letzten, pr\u00e4sentiert jede der folgenden Harmonie-Visualisierungen eine Schl\u00fcssel-Progression oder ein Schl\u00fcssel-Muster aus der <a href=\"https:\/\/tonalibus.org\/de\/fundamentals\/five-course-series\/\"><mark style=\"background-color:rgba(0, 0, 0, 0);color:#f7b320\" class=\"has-inline-color\">Reihe der Kurs-Pr\u00e4sentationen<\/mark><\/a> <em>Grundlagen der Harmonie und Tonalit\u00e4ten<\/em> in einem kurzen Video-Loop \u2013 rein visuell, ohne Ton und ohne viel Erkl\u00e4rung.<em> <\/em>Die letzte Visualisierung ist eine neuere Entdeckung und nicht in einem Video, sondern in einer Reihe von Bildern.<\/p>\n\n\n\n<div class=\"wp-block-buttons is-horizontal is-content-justification-center is-layout-flex wp-container-core-buttons-is-layout-499968f5 wp-block-buttons-is-layout-flex\">\n<div class=\"wp-block-button is-style-outline is-style-outline--1\"><a class=\"wp-block-button__link wp-element-button\" href=\"https:\/\/tonalibus.org\/de\/fundamentals\/highlight-pivots\/\"><img loading=\"lazy\" decoding=\"async\" width=\"150\" height=\"113\" class=\"wp-image-1131\" style=\"width: 150px;\" src=\"https:\/\/tonalibus.org\/wp-content\/uploads\/2020\/06\/Tonalibus-1a-0-pivot-2020-05-65.jpg\" alt=\"1a-0-65\" srcset=\"https:\/\/tonalibus.org\/wp-content\/uploads\/2020\/06\/Tonalibus-1a-0-pivot-2020-05-65.jpg 960w, https:\/\/tonalibus.org\/wp-content\/uploads\/2020\/06\/Tonalibus-1a-0-pivot-2020-05-65-300x225.jpg 300w, https:\/\/tonalibus.org\/wp-content\/uploads\/2020\/06\/Tonalibus-1a-0-pivot-2020-05-65-768x576.jpg 768w\" sizes=\"auto, (max-width: 150px) 100vw, 150px\" \/><br>1) Harmonische<br>Drehpunkte<\/a><\/div>\n\n\n\n<div class=\"wp-block-button is-style-outline is-style-outline--2\"><a class=\"wp-block-button__link wp-element-button\" href=\"https:\/\/tonalibus.org\/de\/fundamentals\/highlights\/even-waves-odd-circles\/\"><img loading=\"lazy\" decoding=\"async\" width=\"150\" height=\"113\" class=\"wp-image-999\" style=\"width: 150px;\" src=\"https:\/\/tonalibus.org\/wp-content\/uploads\/2020\/06\/Tonalibus-1b-B-harmonics-2020-05-27.jpg\" alt=\"1b-B-27\" srcset=\"https:\/\/tonalibus.org\/wp-content\/uploads\/2020\/06\/Tonalibus-1b-B-harmonics-2020-05-27.jpg 960w, https:\/\/tonalibus.org\/wp-content\/uploads\/2020\/06\/Tonalibus-1b-B-harmonics-2020-05-27-300x225.jpg 300w, https:\/\/tonalibus.org\/wp-content\/uploads\/2020\/06\/Tonalibus-1b-B-harmonics-2020-05-27-768x576.jpg 768w\" sizes=\"auto, (max-width: 150px) 100vw, 150px\" \/><br>2) Gerade Wellen \u2013<br>ungerade Kreise<\/a><\/div>\n\n\n\n<div class=\"wp-block-button is-style-outline is-style-outline--3\"><a class=\"wp-block-button__link wp-element-button\" href=\"https:\/\/tonalibus.org\/de\/fundamentals\/highlights\/realization-shift\/\"><img loading=\"lazy\" decoding=\"async\" width=\"150\" height=\"113\" class=\"wp-image-1048\" style=\"width: 150px;\" src=\"https:\/\/tonalibus.org\/wp-content\/uploads\/2020\/06\/Tonalibus-1b-B-harmonics-2020-05-76.jpg\" alt=\"1b-B-76\" srcset=\"https:\/\/tonalibus.org\/wp-content\/uploads\/2020\/06\/Tonalibus-1b-B-harmonics-2020-05-76.jpg 960w, https:\/\/tonalibus.org\/wp-content\/uploads\/2020\/06\/Tonalibus-1b-B-harmonics-2020-05-76-300x225.jpg 300w, https:\/\/tonalibus.org\/wp-content\/uploads\/2020\/06\/Tonalibus-1b-B-harmonics-2020-05-76-768x576.jpg 768w\" sizes=\"auto, (max-width: 150px) 100vw, 150px\" \/><br>3) Harmonische Realisa-<br>tions-Verschiebung<\/a><\/div>\n\n\n\n<div class=\"wp-block-button is-style-outline is-style-outline--4\"><a class=\"wp-block-button__link wp-element-button\" href=\"https:\/\/tonalibus.org\/de\/fundamentals\/highlights\/anchored-tonalities\/\"><img loading=\"lazy\" decoding=\"async\" width=\"150\" height=\"113\" class=\"wp-image-939\" style=\"width: 150px;\" src=\"https:\/\/tonalibus.org\/wp-content\/uploads\/2020\/06\/Tonalibus-1c-1-steps-2020-05-47.jpg\" alt=\"1c-1-47\" srcset=\"https:\/\/tonalibus.org\/wp-content\/uploads\/2020\/06\/Tonalibus-1c-1-steps-2020-05-47.jpg 960w, https:\/\/tonalibus.org\/wp-content\/uploads\/2020\/06\/Tonalibus-1c-1-steps-2020-05-47-300x225.jpg 300w, https:\/\/tonalibus.org\/wp-content\/uploads\/2020\/06\/Tonalibus-1c-1-steps-2020-05-47-768x576.jpg 768w\" sizes=\"auto, (max-width: 150px) 100vw, 150px\" \/><br>4) Verankerte Tonali-<br>t\u00e4ten-Matrix<\/a><\/div>\n\n\n\n<div class=\"wp-block-button is-style-outline is-style-outline--5\"><a class=\"wp-block-button__link wp-element-button\" href=\"https:\/\/tonalibus.org\/de\/fundamentals\/highlights\/quad-harmonic-anchors\/\"><img loading=\"lazy\" decoding=\"async\" width=\"150\" height=\"113\" class=\"wp-image-823\" style=\"width: 150px;\" src=\"https:\/\/tonalibus.org\/wp-content\/uploads\/2020\/06\/Tonalibus-1d-2-anchors-2020-05-23.jpg\" alt=\"1d-2-23\" srcset=\"https:\/\/tonalibus.org\/wp-content\/uploads\/2020\/06\/Tonalibus-1d-2-anchors-2020-05-23.jpg 960w, https:\/\/tonalibus.org\/wp-content\/uploads\/2020\/06\/Tonalibus-1d-2-anchors-2020-05-23-300x225.jpg 300w, https:\/\/tonalibus.org\/wp-content\/uploads\/2020\/06\/Tonalibus-1d-2-anchors-2020-05-23-768x576.jpg 768w\" sizes=\"auto, (max-width: 150px) 100vw, 150px\" \/><br>5) Vier harmonische<br>Anker<\/a><\/div>\n\n\n\n<div class=\"wp-block-button is-style-outline is-style-outline--6\"><a class=\"wp-block-button__link wp-element-button\" href=\"https:\/\/tonalibus.org\/de\/fundamentals\/highlights\/quint-cycle\/\"><img loading=\"lazy\" decoding=\"async\" width=\"150\" height=\"113\" class=\"wp-image-872\" style=\"width: 150px;\" src=\"https:\/\/tonalibus.org\/wp-content\/uploads\/2020\/06\/Tonalibus-1d-2-anchors-2020-05-72.jpg\" alt=\"1d-2-72\" srcset=\"https:\/\/tonalibus.org\/wp-content\/uploads\/2020\/06\/Tonalibus-1d-2-anchors-2020-05-72.jpg 960w, https:\/\/tonalibus.org\/wp-content\/uploads\/2020\/06\/Tonalibus-1d-2-anchors-2020-05-72-300x225.jpg 300w, https:\/\/tonalibus.org\/wp-content\/uploads\/2020\/06\/Tonalibus-1d-2-anchors-2020-05-72-768x576.jpg 768w\" sizes=\"auto, (max-width: 150px) 100vw, 150px\" \/><br>6) Der Quinten-<br>Zyklus<\/a><\/div>\n\n\n\n<div class=\"wp-block-button is-style-outline is-style-outline--7\"><a class=\"wp-block-button__link wp-element-button\" href=\"https:\/\/tonalibus.org\/de\/fundamentals\/highlights\/harmonic-anchor-cycle\/\"><img loading=\"lazy\" decoding=\"async\" width=\"150\" height=\"113\" class=\"wp-image-691\" style=\"width: 150px;\" src=\"https:\/\/tonalibus.org\/wp-content\/uploads\/2020\/06\/Tonalibus-1e-3-tonalities-2020-05-27.jpg\" alt=\"1e-3-27\" srcset=\"https:\/\/tonalibus.org\/wp-content\/uploads\/2020\/06\/Tonalibus-1e-3-tonalities-2020-05-27.jpg 960w, https:\/\/tonalibus.org\/wp-content\/uploads\/2020\/06\/Tonalibus-1e-3-tonalities-2020-05-27-300x225.jpg 300w, https:\/\/tonalibus.org\/wp-content\/uploads\/2020\/06\/Tonalibus-1e-3-tonalities-2020-05-27-768x576.jpg 768w\" sizes=\"auto, (max-width: 150px) 100vw, 150px\" \/><br>7) Der harmonische<br>Anker-Zyklus<\/a><\/div>\n\n\n\n<div class=\"wp-block-button is-style-outline is-style-outline--8\"><a class=\"wp-block-button__link wp-element-button\" href=\"https:\/\/tonalibus.org\/de\/concepts\/concepts-highlights\/harmonics-cycle\/\"><sup>extra<\/sup><br><img loading=\"lazy\" decoding=\"async\" width=\"150\" height=\"84\" class=\"wp-image-25457\" style=\"width: 150px;\" src=\"https:\/\/tonalibus.org\/wp-content\/uploads\/2023\/06\/harmonics-cycle-2023-06-01-01.jpg\" alt=\"\" srcset=\"https:\/\/tonalibus.org\/wp-content\/uploads\/2023\/06\/harmonics-cycle-2023-06-01-01.jpg 1280w, https:\/\/tonalibus.org\/wp-content\/uploads\/2023\/06\/harmonics-cycle-2023-06-01-01-300x169.jpg 300w, https:\/\/tonalibus.org\/wp-content\/uploads\/2023\/06\/harmonics-cycle-2023-06-01-01-1024x576.jpg 1024w, https:\/\/tonalibus.org\/wp-content\/uploads\/2023\/06\/harmonics-cycle-2023-06-01-01-768x432.jpg 768w, https:\/\/tonalibus.org\/wp-content\/uploads\/2023\/06\/harmonics-cycle-2023-06-01-01-18x10.jpg 18w\" sizes=\"auto, (max-width: 150px) 100vw, 150px\" \/><br>Oberton-<br>Zyklus<\/a><\/div>\n<\/div>\n\n\n\n<div style=\"height:20px\" aria-hidden=\"true\" class=\"wp-block-spacer\"><\/div>\n\n\n\n<h2 class=\"wp-block-heading has-text-color\" id=\"beyond-highlights-universal-harmony\" style=\"color:#f7b320\">Jenseits von Highlights \u2013 universelle Harmonie<\/h2>\n\n\n\n<p class=\"has-text-color\" style=\"color:#f7b320\">Gibt es eine universelle Harmonie, nach der wir leben und die wir erkennen k\u00f6nnen? Spiegelt sie sich auch in Tonalit\u00e4ten wider? Erfahrung im gegenw\u00e4rtigen Augenblick kann dies best\u00e4tigen. H\u00f6rst du den Klang der Stille, die <a href=\"https:\/\/de.wikipedia.org\/wiki\/Sph\u00e4renharmonie\" target=\"_blank\" rel=\"noreferrer noopener\"><mark style=\"background-color:rgba(0, 0, 0, 0);color:#f7b320\" class=\"has-inline-color\">Musik der Sph\u00e4ren<\/mark><\/a>? Es gibt eine unendliche F\u00fclle von Wegen im Leben und von Harmonie \u2013 keinen ausschliesslich einzigen Weg! Hier und jetzt im gegenw\u00e4rtigen Moment sind wir alle eins und gleich \u2013 und zugleich ist jedes Wesen, jeder von uns individuell einzigartig und deutlich anders als alle anderen.<\/p>","protected":false},"excerpt":{"rendered":"<p>Mit Ausnahme des letzten Bildes stammt jedes der folgenden Harmonie-Visualisierungen aus der Kurs-Pr\u00e4sentationsreihe Harmonic and Tonality Fundamentals und stellt eine wichtige Progression oder ein Muster der Harmonie in einer kurzen, stillen Videoschleife vor - visuell und ohne gro\u00dfe Erkl\u00e4rungen. Das letzte Bild ist eine neuere Entdeckung und nicht in einem Video ... <\/p>\n<p class=\"link-more\"><a href=\"https:\/\/tonalibus.org\/de\/inner-circle\/repository\/concepts\/concepts-highlights\/\" class=\"more-link\"><span class=\"screen-reader-text\">\"Harmony Visuals\"<\/span> weiterlesen<\/a><\/p>","protected":false},"author":1,"featured_media":0,"parent":458,"menu_order":0,"comment_status":"closed","ping_status":"closed","template":"","meta":{"footnotes":""},"class_list":["post-2215","page","type-page","status-publish","hentry"],"yoast_head":"<!-- This site is optimized with the Yoast SEO plugin v27.3 - https:\/\/yoast.com\/product\/yoast-seo-wordpress\/ -->\n<title>Harmony Visuals &#8211; TONALIBUS, Harmony and Tonalities<\/title>\n<meta name=\"description\" content=\"These concepts highlights present short visual representations of key progressions from the Harmonic and Tonality Fundamentals series.\" \/>\n<meta name=\"robots\" content=\"index, follow, max-snippet:-1, max-image-preview:large, max-video-preview:-1\" \/>\n<link rel=\"canonical\" href=\"https:\/\/tonalibus.org\/de\/inner-circle\/repository\/concepts\/concepts-highlights\/\" \/>\n<meta property=\"og:locale\" content=\"de_DE\" \/>\n<meta property=\"og:type\" content=\"article\" \/>\n<meta property=\"og:title\" content=\"Harmony Visuals &#8211; TONALIBUS, Harmony and Tonalities\" \/>\n<meta property=\"og:description\" content=\"These concepts highlights present short visual representations of key progressions from the Harmonic and Tonality Fundamentals series.\" \/>\n<meta property=\"og:url\" content=\"https:\/\/tonalibus.org\/de\/inner-circle\/repository\/concepts\/concepts-highlights\/\" \/>\n<meta property=\"og:site_name\" content=\"TONALIBUS\" \/>\n<meta property=\"article:modified_time\" content=\"2025-03-21T10:47:15+00:00\" \/>\n<meta property=\"og:image\" content=\"https:\/\/tonalibus.org\/wp-content\/uploads\/2020\/06\/Tonalibus-1a-0-pivot-2020-05-65.jpg\" \/>\n<meta name=\"twitter:card\" content=\"summary_large_image\" \/>\n<script type=\"application\/ld+json\" class=\"yoast-schema-graph\">{\"@context\":\"https:\\\/\\\/schema.org\",\"@graph\":[{\"@type\":\"WebPage\",\"@id\":\"https:\\\/\\\/tonalibus.org\\\/de\\\/inner-circle\\\/repository\\\/concepts\\\/concepts-highlights\\\/\",\"url\":\"https:\\\/\\\/tonalibus.org\\\/de\\\/inner-circle\\\/repository\\\/concepts\\\/concepts-highlights\\\/\",\"name\":\"Harmony Visuals &#8211; TONALIBUS, Harmony and Tonalities\",\"isPartOf\":{\"@id\":\"https:\\\/\\\/tonalibus.org\\\/de\\\/#website\"},\"primaryImageOfPage\":{\"@id\":\"https:\\\/\\\/tonalibus.org\\\/de\\\/inner-circle\\\/repository\\\/concepts\\\/concepts-highlights\\\/#primaryimage\"},\"image\":{\"@id\":\"https:\\\/\\\/tonalibus.org\\\/de\\\/inner-circle\\\/repository\\\/concepts\\\/concepts-highlights\\\/#primaryimage\"},\"thumbnailUrl\":\"https:\\\/\\\/tonalibus.org\\\/wp-content\\\/uploads\\\/2020\\\/06\\\/Tonalibus-1a-0-pivot-2020-05-65.jpg\",\"datePublished\":\"2020-07-04T05:13:51+00:00\",\"dateModified\":\"2025-03-21T10:47:15+00:00\",\"description\":\"These concepts highlights present short visual representations of key progressions from the Harmonic and Tonality Fundamentals series.\",\"breadcrumb\":{\"@id\":\"https:\\\/\\\/tonalibus.org\\\/de\\\/inner-circle\\\/repository\\\/concepts\\\/concepts-highlights\\\/#breadcrumb\"},\"inLanguage\":\"de-CH\",\"potentialAction\":[{\"@type\":\"ReadAction\",\"target\":[\"https:\\\/\\\/tonalibus.org\\\/de\\\/inner-circle\\\/repository\\\/concepts\\\/concepts-highlights\\\/\"]}]},{\"@type\":\"ImageObject\",\"inLanguage\":\"de-CH\",\"@id\":\"https:\\\/\\\/tonalibus.org\\\/de\\\/inner-circle\\\/repository\\\/concepts\\\/concepts-highlights\\\/#primaryimage\",\"url\":\"https:\\\/\\\/tonalibus.org\\\/wp-content\\\/uploads\\\/2020\\\/06\\\/Tonalibus-1a-0-pivot-2020-05-65.jpg\",\"contentUrl\":\"https:\\\/\\\/tonalibus.org\\\/wp-content\\\/uploads\\\/2020\\\/06\\\/Tonalibus-1a-0-pivot-2020-05-65.jpg\"},{\"@type\":\"BreadcrumbList\",\"@id\":\"https:\\\/\\\/tonalibus.org\\\/de\\\/inner-circle\\\/repository\\\/concepts\\\/concepts-highlights\\\/#breadcrumb\",\"itemListElement\":[{\"@type\":\"ListItem\",\"position\":1,\"name\":\"Home\",\"item\":\"https:\\\/\\\/tonalibus.org\\\/\"},{\"@type\":\"ListItem\",\"position\":2,\"name\":\"Protected: Inner Circle\",\"item\":\"https:\\\/\\\/tonalibus.org\\\/en\\\/inner-circle\\\/\"},{\"@type\":\"ListItem\",\"position\":3,\"name\":\"Gesch\u00fctzt: Repository\",\"item\":\"https:\\\/\\\/tonalibus.org\\\/de\\\/inner-circle\\\/repository\\\/\"},{\"@type\":\"ListItem\",\"position\":4,\"name\":\"Concepts\",\"item\":\"https:\\\/\\\/tonalibus.org\\\/de\\\/inner-circle\\\/repository\\\/concepts\\\/\"},{\"@type\":\"ListItem\",\"position\":5,\"name\":\"Harmony Visuals\"}]},{\"@type\":\"WebSite\",\"@id\":\"https:\\\/\\\/tonalibus.org\\\/de\\\/#website\",\"url\":\"https:\\\/\\\/tonalibus.org\\\/de\\\/\",\"name\":\"TONALIBUS\",\"description\":\"Anchored Harmony and Tonalities\",\"publisher\":{\"@id\":\"https:\\\/\\\/tonalibus.org\\\/de\\\/#\\\/schema\\\/person\\\/749261d7bc96d1f00127273f83ab96a4\"},\"potentialAction\":[{\"@type\":\"SearchAction\",\"target\":{\"@type\":\"EntryPoint\",\"urlTemplate\":\"https:\\\/\\\/tonalibus.org\\\/de\\\/?s={search_term_string}\"},\"query-input\":{\"@type\":\"PropertyValueSpecification\",\"valueRequired\":true,\"valueName\":\"search_term_string\"}}],\"inLanguage\":\"de-CH\"},{\"@type\":[\"Person\",\"Organization\"],\"@id\":\"https:\\\/\\\/tonalibus.org\\\/de\\\/#\\\/schema\\\/person\\\/749261d7bc96d1f00127273f83ab96a4\",\"name\":\"Ulrico\",\"image\":{\"@type\":\"ImageObject\",\"inLanguage\":\"de-CH\",\"@id\":\"https:\\\/\\\/tonalibus.org\\\/wp-content\\\/uploads\\\/2020\\\/06\\\/uli-pix.jpg\",\"url\":\"https:\\\/\\\/tonalibus.org\\\/wp-content\\\/uploads\\\/2020\\\/06\\\/uli-pix.jpg\",\"contentUrl\":\"https:\\\/\\\/tonalibus.org\\\/wp-content\\\/uploads\\\/2020\\\/06\\\/uli-pix.jpg\",\"width\":960,\"height\":720,\"caption\":\"Ulrico\"},\"logo\":{\"@id\":\"https:\\\/\\\/tonalibus.org\\\/wp-content\\\/uploads\\\/2020\\\/06\\\/uli-pix.jpg\"},\"sameAs\":[\"https:\\\/\\\/tonalibus.cyon.site\"]}]}<\/script>\n<!-- \/ Yoast SEO plugin. -->","yoast_head_json":{"title":"Harmony Visuals - TONALIBUS, Harmonie und Tonalit\u00e4ten","description":"Diese Konzept-Highlights zeigen kurze visuelle Darstellungen der wichtigsten Progressionen aus der Reihe Grundlagen der Harmonielehre und Tonalit\u00e4t.","robots":{"index":"index","follow":"follow","max-snippet":"max-snippet:-1","max-image-preview":"max-image-preview:large","max-video-preview":"max-video-preview:-1"},"canonical":"https:\/\/tonalibus.org\/de\/inner-circle\/repository\/concepts\/concepts-highlights\/","og_locale":"de_DE","og_type":"article","og_title":"Harmony Visuals &#8211; TONALIBUS, Harmony and Tonalities","og_description":"These concepts highlights present short visual representations of key progressions from the Harmonic and Tonality Fundamentals series.","og_url":"https:\/\/tonalibus.org\/de\/inner-circle\/repository\/concepts\/concepts-highlights\/","og_site_name":"TONALIBUS","article_modified_time":"2025-03-21T10:47:15+00:00","og_image":[{"url":"https:\/\/tonalibus.org\/wp-content\/uploads\/2020\/06\/Tonalibus-1a-0-pivot-2020-05-65.jpg","type":"","width":"","height":""}],"twitter_card":"summary_large_image","schema":{"@context":"https:\/\/schema.org","@graph":[{"@type":"WebPage","@id":"https:\/\/tonalibus.org\/de\/inner-circle\/repository\/concepts\/concepts-highlights\/","url":"https:\/\/tonalibus.org\/de\/inner-circle\/repository\/concepts\/concepts-highlights\/","name":"Harmony Visuals - TONALIBUS, Harmonie und Tonalit\u00e4ten","isPartOf":{"@id":"https:\/\/tonalibus.org\/de\/#website"},"primaryImageOfPage":{"@id":"https:\/\/tonalibus.org\/de\/inner-circle\/repository\/concepts\/concepts-highlights\/#primaryimage"},"image":{"@id":"https:\/\/tonalibus.org\/de\/inner-circle\/repository\/concepts\/concepts-highlights\/#primaryimage"},"thumbnailUrl":"https:\/\/tonalibus.org\/wp-content\/uploads\/2020\/06\/Tonalibus-1a-0-pivot-2020-05-65.jpg","datePublished":"2020-07-04T05:13:51+00:00","dateModified":"2025-03-21T10:47:15+00:00","description":"Diese Konzept-Highlights zeigen kurze visuelle Darstellungen der wichtigsten Progressionen aus der Reihe Grundlagen der Harmonielehre und Tonalit\u00e4t.","breadcrumb":{"@id":"https:\/\/tonalibus.org\/de\/inner-circle\/repository\/concepts\/concepts-highlights\/#breadcrumb"},"inLanguage":"de-CH","potentialAction":[{"@type":"ReadAction","target":["https:\/\/tonalibus.org\/de\/inner-circle\/repository\/concepts\/concepts-highlights\/"]}]},{"@type":"ImageObject","inLanguage":"de-CH","@id":"https:\/\/tonalibus.org\/de\/inner-circle\/repository\/concepts\/concepts-highlights\/#primaryimage","url":"https:\/\/tonalibus.org\/wp-content\/uploads\/2020\/06\/Tonalibus-1a-0-pivot-2020-05-65.jpg","contentUrl":"https:\/\/tonalibus.org\/wp-content\/uploads\/2020\/06\/Tonalibus-1a-0-pivot-2020-05-65.jpg"},{"@type":"BreadcrumbList","@id":"https:\/\/tonalibus.org\/de\/inner-circle\/repository\/concepts\/concepts-highlights\/#breadcrumb","itemListElement":[{"@type":"ListItem","position":1,"name":"Home","item":"https:\/\/tonalibus.org\/"},{"@type":"ListItem","position":2,"name":"Protected: Inner Circle","item":"https:\/\/tonalibus.org\/en\/inner-circle\/"},{"@type":"ListItem","position":3,"name":"Gesch\u00fctzt: Repository","item":"https:\/\/tonalibus.org\/de\/inner-circle\/repository\/"},{"@type":"ListItem","position":4,"name":"Concepts","item":"https:\/\/tonalibus.org\/de\/inner-circle\/repository\/concepts\/"},{"@type":"ListItem","position":5,"name":"Harmony Visuals"}]},{"@type":"WebSite","@id":"https:\/\/tonalibus.org\/de\/#website","url":"https:\/\/tonalibus.org\/de\/","name":"TONALIBUS","description":"Verankerte Harmonie und Tonalit\u00e4ten","publisher":{"@id":"https:\/\/tonalibus.org\/de\/#\/schema\/person\/749261d7bc96d1f00127273f83ab96a4"},"potentialAction":[{"@type":"SearchAction","target":{"@type":"EntryPoint","urlTemplate":"https:\/\/tonalibus.org\/de\/?s={search_term_string}"},"query-input":{"@type":"PropertyValueSpecification","valueRequired":true,"valueName":"search_term_string"}}],"inLanguage":"de-CH"},{"@type":["Person","Organization"],"@id":"https:\/\/tonalibus.org\/de\/#\/schema\/person\/749261d7bc96d1f00127273f83ab96a4","name":"Ulrico","image":{"@type":"ImageObject","inLanguage":"de-CH","@id":"https:\/\/tonalibus.org\/wp-content\/uploads\/2020\/06\/uli-pix.jpg","url":"https:\/\/tonalibus.org\/wp-content\/uploads\/2020\/06\/uli-pix.jpg","contentUrl":"https:\/\/tonalibus.org\/wp-content\/uploads\/2020\/06\/uli-pix.jpg","width":960,"height":720,"caption":"Ulrico"},"logo":{"@id":"https:\/\/tonalibus.org\/wp-content\/uploads\/2020\/06\/uli-pix.jpg"},"sameAs":["https:\/\/tonalibus.cyon.site"]}]}},"_links":{"self":[{"href":"https:\/\/tonalibus.org\/de\/wp-json\/wp\/v2\/pages\/2215","targetHints":{"allow":["GET"]}}],"collection":[{"href":"https:\/\/tonalibus.org\/de\/wp-json\/wp\/v2\/pages"}],"about":[{"href":"https:\/\/tonalibus.org\/de\/wp-json\/wp\/v2\/types\/page"}],"author":[{"embeddable":true,"href":"https:\/\/tonalibus.org\/de\/wp-json\/wp\/v2\/users\/1"}],"replies":[{"embeddable":true,"href":"https:\/\/tonalibus.org\/de\/wp-json\/wp\/v2\/comments?post=2215"}],"version-history":[{"count":0,"href":"https:\/\/tonalibus.org\/de\/wp-json\/wp\/v2\/pages\/2215\/revisions"}],"up":[{"embeddable":true,"href":"https:\/\/tonalibus.org\/de\/wp-json\/wp\/v2\/pages\/458"}],"wp:attachment":[{"href":"https:\/\/tonalibus.org\/de\/wp-json\/wp\/v2\/media?parent=2215"}],"curies":[{"name":"wp","href":"https:\/\/api.w.org\/{rel}","templated":true}]}}