{"id":2241,"date":"2020-07-05T10:10:39","date_gmt":"2020-07-05T08:10:39","guid":{"rendered":"https:\/\/tonalibus.org\/?page_id=2241"},"modified":"2023-08-02T17:45:58","modified_gmt":"2023-08-02T15:45:58","slug":"sound-mantra","status":"publish","type":"page","link":"https:\/\/tonalibus.org\/de\/inner-circle\/ism-repository\/sound-mantra\/","title":{"rendered":"Individuelles Ton-Mantra"},"content":{"rendered":"<p class=\"has-text-color\" id=\"PSM-appl\" style=\"color:#f7b320\"><mark style=\"background-color:rgba(0, 0, 0, 0);color:#f7b320\" class=\"has-inline-color\">Du kannst ein Ton-Mantra anwenden, z.B. den Tonbeispiel-Loop jeder Tonalit\u00e4t im Katalog der verankerten <\/mark><a href=\"https:\/\/tonalibus.org\/de\/tonalities\/\"><mark style=\"background-color:rgba(0, 0, 0, 0);color:#f7b320\" class=\"has-inline-color\">Tonalit\u00e4ten<\/mark><\/a>, zur <a aria-label=\"undefiniert (\u00f6ffnet in einer neuen Registerkarte)\" href=\"https:\/\/de.wikipedia.org\/wiki\/Kontemplation\" target=\"_blank\" rel=\"noreferrer noopener\"><mark style=\"background-color:rgba(0, 0, 0, 0);color:#f7b320\" class=\"has-inline-color\">Kontemplation<\/mark><\/a> oder <a href=\"https:\/\/de.wikipedia.org\/wiki\/Meditation\" target=\"_blank\" rel=\"noreferrer noopener\"><mark style=\"background-color:rgba(0, 0, 0, 0);color:#f7b320\" class=\"has-inline-color\">Meditation<\/mark><\/a>, zum Anheben, Entgiften und Fokussieren, zum Summen, Chanten oder Mitsingen, oder einfach als beruhigenden Hintergrundton zur Entspannung und Regeneration, wann immer du dies dies m\u00f6chtest. Falls du damit noch einen Schritt weiter gehen m\u00f6chtest, kannst du unten ein individuell eingestimmtes Ton-Mantra beantragen.<\/p>\n\n\n\n<div class=\"wp-block-buttons is-content-justification-center is-layout-flex wp-container-core-buttons-is-layout-16018d1d wp-block-buttons-is-layout-flex\">\n<div class=\"wp-block-button is-style-outline is-style-outline--1\"><a class=\"wp-block-button__link\" href=\"https:\/\/tonalibus.org\/de\/shop\/sound-mantra\/request\/\">Individuelles Ton-Mantra <br>Anfrage<\/a><\/div>\n\n\n\n<div class=\"wp-block-button is-style-outline is-style-outline--2\"><a class=\"wp-block-button__link\" href=\"https:\/\/tonalibus.org\/de\/start\/practical-use-and-purpose\/clarification-of-purpose\/\">Kl\u00e4rung des<br>Zwecks von Tonalibus<\/a><\/div>\n<\/div>\n\n\n\n<div style=\"height:40px\" aria-hidden=\"true\" class=\"wp-block-spacer\"><\/div>\n\n\n\n<p class=\"has-text-color\" style=\"color:#f7b320\"><mark style=\"background-color:rgba(0, 0, 0, 0);color:#f7b320\" class=\"has-inline-color\">Der Grundstein f\u00fcr die Realisierung eines individuellen Ton-Mantras, die eigene Grundtonh\u00f6he und passende Tonalit\u00e4ten zu finden, liegt darin, dass dies so weit wie m\u00f6glich jeder selbst tun muss. Musikalisch bietet Tonalibus an, die eigenen Erkenntnisse und Beitr\u00e4ge des Einzelnen zu f\u00f6rdern und auf diesen weiter aufzubauen. Dazu geh\u00f6rt eine \u00dcbung zur Bestimmung der Grundtonh\u00f6he und gezielte Anleitung zu den umfassenden M\u00f6glichkeiten der Tonalit\u00e4ten-Bewertung. Die eigene Grundtonh\u00f6he und Wahl von Tonalit\u00e4ten ist rein individuell. Tonalibus kann lediglich das, was der Einzelne f\u00fcr sich selbst gew\u00e4hlt hat, zusammenstellen und erweitern, soweit dies notwendig oder m\u00f6glich ist. So kann ein individuelles Ton-Mantra erstellt werden. Nachstehend findest du Einzelheiten \u00fcber die Tonalibus-Methode zur Erstellung eines individuellen Ton-Mantras.<\/mark><\/p>\n\n\n\n<h2 class=\"has-text-color wp-block-heading\" style=\"color:#f7b320\">Ton-Mantra-Details<\/h2>\n\n\n\n<p class=\"has-text-color\" style=\"color:#f7b320\">Viele, meist subtile Betrachtungen fliessen in die Gestaltung eines gut passenden individuellen Ton-Mantras. Dazu geh\u00f6ren Tonh\u00f6he, Tonalit\u00e4t, Melodie, Rhythmus und Klangfarbe auf der einen Seite und auf der anderen der Grundton des Individuums, dessen Pers\u00f6nlichkeit, Charakter, Lebenssituationen, Haltungen, Ziele und Bewusstsein.  <\/p>\n\n\n\n<p class=\"has-text-color\" style=\"color:#f7b320\">Wir offerieren drei Stufen individueller Ton-Mantra-Einstimmung \u2013 <em>einfach<\/em>, <em>mittel<\/em>, und <em>umfangreich<\/em> \u2013 wie in der folgenden Tabelle definiert. <\/p>\n\n\n\n<figure class=\"wp-block-table is-style-regular\"><table class=\"has-fixed-layout\"><thead><tr><th class=\"has-text-align-left\" data-align=\"left\">Merkmal \/ Stufe<\/th><th class=\"has-text-align-center\" data-align=\"center\"><em>Einfach<\/em><\/th><th class=\"has-text-align-center\" data-align=\"center\"><em>Mittel<\/em><\/th><th class=\"has-text-align-center\" data-align=\"center\"><em>Umfangreich<\/em><\/th><\/tr><\/thead><tbody><tr><td class=\"has-text-align-left\" data-align=\"left\">Priorit\u00e4t in der Warteschlange und Erstellungsquote<\/td><td class=\"has-text-align-center\" data-align=\"center\"><span style=\"color:#f7b320\" class=\"has-inline-color\">wer zuerst kommt, mahlt zuerst \u2013 eines pro Woche<\/span> <\/td><td class=\"has-text-align-center\" data-align=\"center\"><span style=\"color:#f7b320\" class=\"has-inline-color\">wer zuerst kommt, mahlt zuerst \u2013 eines pro zwei Wochen<\/span><\/td><td class=\"has-text-align-center\" data-align=\"center\"><span style=\"color:#f7b320\" class=\"has-inline-color\">wer zuerst kommt, mahlt zuerst \u2013 eines pro Monat<\/span><\/td><\/tr><tr><td class=\"has-text-align-left\" data-align=\"left\">Anweisungen und erste Angaben<\/td><td class=\"has-text-align-center\" data-align=\"center\"><span style=\"color:#f7b320\" class=\"has-inline-color\">per E-Mail auf Englisch, Deutsch oder Franz\u00f6sisch<\/span> <\/td><td class=\"has-text-align-center\" data-align=\"center\"><span style=\"color:#f7b320\" class=\"has-inline-color\">per E-Mail auf Englisch, Deutsch oder Franz\u00f6sisch<\/span><\/td><td class=\"has-text-align-center\" data-align=\"center\"><span style=\"color:#f7b320\" class=\"has-inline-color\">per E-Mail auf Englisch, Deutsch oder Franz\u00f6sisch<\/span><\/td><\/tr><tr><td class=\"has-text-align-left\" data-align=\"left\">Einstimmungs-Sessionen<\/td><td class=\"has-text-align-center\" data-align=\"center\"><span style=\"color:#f7b320\" class=\"has-inline-color\">eine \u2013 vor der Ton-Mantra-Erstellung<\/span> <\/td><td class=\"has-text-align-center\" data-align=\"center\"><span style=\"color:#f7b320\" class=\"has-inline-color\">zwei \u2013 eine wie Einfach, plus eine weitere w\u00e4hrend den Tonalit\u00e4ten-Bewertungen<\/span> <\/td><td class=\"has-text-align-center\" data-align=\"center\"><span style=\"color:#f7b320\" class=\"has-inline-color\">drei \u2013 wie die anderen beiden, plus eine weitere bei der Mantra-\u00dcbergabe<\/span><\/td><\/tr><tr><td class=\"has-text-align-left\" data-align=\"left\">Sessionen-Dauer<\/td><td class=\"has-text-align-center\" data-align=\"center\"><span style=\"color:#f7b320\" class=\"has-inline-color\">1\/2 Stunde<\/span><\/td><td class=\"has-text-align-center\" data-align=\"center\"><span style=\"color:#f7b320\" class=\"has-inline-color\">1,5 Stunden kumulativ<\/span><\/td><td class=\"has-text-align-center\" data-align=\"center\"><span style=\"color:#f7b320\" class=\"has-inline-color\">bis zu je einer Stunde<\/span><\/td><\/tr><tr><td class=\"has-text-align-left\" data-align=\"left\">Virtuelle Sessionen<\/td><td class=\"has-text-align-center\" data-align=\"center\"><span style=\"color:#f7b320\" class=\"has-inline-color\">per Telefon oder Video-Link<\/span><\/td><td class=\"has-text-align-center\" data-align=\"center\"><span style=\"color:#f7b320\" class=\"has-inline-color\">per Telefon oder Video-Link<\/span><\/td><td class=\"has-text-align-center\" data-align=\"center\"><span style=\"color:#f7b320\" class=\"has-inline-color\">per Telefon oder Video-Link<\/span><\/td><\/tr><tr><td class=\"has-text-align-left\" data-align=\"left\">Pers\u00f6nliche Sessionen<\/td><td class=\"has-text-align-center\" data-align=\"center\"><span style=\"color:#f7b320\" class=\"has-inline-color\">\u2014<\/span><\/td><td class=\"has-text-align-center\" data-align=\"center\"><span style=\"color:#f7b320\" class=\"has-inline-color\">\u2014<\/span><\/td><td class=\"has-text-align-center\" data-align=\"center\"><span style=\"color:#f7b320\" class=\"has-inline-color\">eine, wenn m\u00f6glich<\/span><\/td><\/tr><tr><td class=\"has-text-align-left\" data-align=\"left\">Individueller Grundton <\/td><td class=\"has-text-align-center\" data-align=\"center\"><span style=\"color:#f7b320\" class=\"has-inline-color\">statisch<\/span><\/td><td class=\"has-text-align-center\" data-align=\"center\"><span style=\"color:#f7b320\" class=\"has-inline-color\">richtungsweisend<\/span><\/td><td class=\"has-text-align-center\" data-align=\"center\"><span style=\"color:#f7b320\" class=\"has-inline-color\">bi-direktional<\/span><\/td><\/tr><tr><td class=\"has-text-align-left\" data-align=\"left\">Individuelle Ton-Mantra-L\u00e4nge (f\u00fcr den Loop)<\/td><td class=\"has-text-align-center\" data-align=\"center\"><span style=\"color:#f7b320\" class=\"has-inline-color\">30-60 Sekunden<\/span><\/td><td class=\"has-text-align-center\" data-align=\"center\"><span style=\"color:#f7b320\" class=\"has-inline-color\">40-90 Sekunden<\/span><\/td><td class=\"has-text-align-center\" data-align=\"center\"><span style=\"color:#f7b320\" class=\"has-inline-color\">50-120 Sekunden<\/span><\/td><\/tr><tr><td class=\"has-text-align-left\" data-align=\"left\">Ton-Mantra-Datei-Format<\/td><td class=\"has-text-align-center\" data-align=\"center\"><span style=\"color:#f7b320\" class=\"has-inline-color\">WAV oder MP3<\/span><\/td><td class=\"has-text-align-center\" data-align=\"center\"><span style=\"color:#f7b320\" class=\"has-inline-color\">WAV oder MP3<\/span><\/td><td class=\"has-text-align-center\" data-align=\"center\"><span style=\"color:#f7b320\" class=\"has-inline-color\">WAV oder MP3<\/span><\/td><\/tr><tr><td class=\"has-text-align-left\" data-align=\"left\">Lieferung des Ton-Mantras und Anwendungs-Diskussion<\/td><td class=\"has-text-align-center\" data-align=\"center\"><span style=\"color:#f7b320\" class=\"has-inline-color\">E-Mail &amp; Telefon- oder Video-Anruf ca. 10 Minuten<\/span><\/td><td class=\"has-text-align-center\" data-align=\"center\"><span style=\"color:#f7b320\" class=\"has-inline-color\">E-Mail &amp; Telefon- oder Video-Anruf ca. 20 Minuten<\/span> <\/td><td class=\"has-text-align-center\" data-align=\"center\"><span style=\"color:#f7b320\" class=\"has-inline-color\">E-Mail &amp; Telefon- oder Video-Anruf ca. 30 Minuten<\/span><\/td><\/tr><tr><td class=\"has-text-align-left\" data-align=\"left\">Allgegenw\u00e4rtiger Zugang zum individuellen Ton-Mantra<\/td><td class=\"has-text-align-center\" data-align=\"center\"><span style=\"color:#f7b320\" class=\"has-inline-color\">\u2014<\/span><\/td><td class=\"has-text-align-center\" data-align=\"center\"><span style=\"color:#f7b320\" class=\"has-inline-color\">Web-Link zur individuellen Ton-Mantra-Datei<\/span><\/td><td class=\"has-text-align-center\" data-align=\"center\"><span style=\"color:#f7b320\" class=\"has-inline-color\">private Webseite mit individuellem Mantra-Loop<\/span><\/td><\/tr><tr><td class=\"has-text-align-left\" data-align=\"left\">Follow-up\/Abschluss<\/td><td class=\"has-text-align-center\" data-align=\"center\"><span style=\"color:#f7b320\" class=\"has-inline-color\">E-Mail nach einem Monat<\/span><\/td><td class=\"has-text-align-center\" data-align=\"center\"><span style=\"color:#f7b320\" class=\"has-inline-color\">E-Mail und kurzer Telefon-Anruf nach einem Monat<\/span><\/td><td class=\"has-text-align-center\" data-align=\"center\"><span style=\"color:#f7b320\" class=\"has-inline-color\">E-Mail und kurzer Telefon-Anruf nach einem und nach zwei Monaten<\/span><\/td><\/tr><tr><td class=\"has-text-align-left\" data-align=\"left\">Mehrschichtiges Ton-Mantra<\/td><td class=\"has-text-align-center\" data-align=\"center\"><span style=\"color:#f7b320\" class=\"has-inline-color\">\u2014<\/span><\/td><td class=\"has-text-align-center\" data-align=\"center\"><span style=\"color:#f7b320\" class=\"has-inline-color\">\u2014<\/span><\/td><td class=\"has-text-align-center\" data-align=\"center\"><span style=\"color:#f7b320\" class=\"has-inline-color\">Zusatz-Option<\/span><\/td><\/tr><tr><td class=\"has-text-align-left\" data-align=\"left\">Individuelles Ton-Mantra-Konzert<\/td><td class=\"has-text-align-center\" data-align=\"center\"><span style=\"color:#f7b320\" class=\"has-inline-color\">\u2014<\/span><\/td><td class=\"has-text-align-center\" data-align=\"center\"><span style=\"color:#f7b320\" class=\"has-inline-color\">\u2014<\/span><\/td><td class=\"has-text-align-center\" data-align=\"center\"><span style=\"color:#f7b320\" class=\"has-inline-color\">Zusatz-Option <\/span><\/td><\/tr><tr><td class=\"has-text-align-left\" data-align=\"left\">Erneuerung des Ton-Mantras<\/td><td class=\"has-text-align-center\" data-align=\"center\"><span style=\"color:#f7b320\" class=\"has-inline-color\">ohne Modulation<\/span><\/td><td class=\"has-text-align-center\" data-align=\"center\"><span style=\"color:#f7b320\" class=\"has-inline-color\">Einfache Modulation<\/span><\/td><td class=\"has-text-align-center\" data-align=\"center\"><span style=\"color:#f7b320\" class=\"has-inline-color\">Zweifache Modulation<\/span><\/td><\/tr><\/tbody><\/table><figcaption>(Merkmale der individuellen Ton-Mantra-Einstimmungs-Stufen \u2013 g\u00fcltig ab November 2020)<\/figcaption><\/figure>\n\n\n\n<p class=\"has-text-color\" style=\"color:#f7b320\">Ein individuelles Ton-Mantra ist unbezahlbar \u2013 in mehr als einem Sinn. Es gibt keinen monet\u00e4ren Preis. Aber eine Spende kann best\u00e4tigen, dass du es zu sch\u00e4tzen weisst. Als Anhaltspunkt sind auf den Antrags-Formularen vorgeschlagene, nicht r\u00fcckzahlbare Spendenbetr\u00e4ge angegeben. Es besteht keine verbindliche Verpflichtung f\u00fcr beide Seiten. Es bleibt dir freigestellt, wie viel du spenden willst oder ob \u00fcberhaupt; und wir behalten uns das Recht vor, bei der Annahme von Anfragen f\u00fcr individuelle Ton-Mantras w\u00e4hlerisch zu sein \u2013 in Anbetracht von Gleichgewicht und Fokus. Nach unserem ersten E-Mail-Austausch werden wir dir auf Grund deiner Angaben und unserer Arbeitsbelastung unsere Entscheidung und deinen Platz in der Warteschlange mitteilen.<\/p>\n\n\n\n<p class=\"has-text-color\" style=\"color:#f7b320\">Dein individuelles Ton-Mantra wird weitgehend auf deinen Angaben beruhen. Seine Erstellung erfordert deine Mitarbeit. Der Umfang und die Tiefe deines Beitrags wird sich direkt auf die Einstimmung und Qualit\u00e4t des resultierenden Ton-Mantras auswirken. Als Antwort auf eine angemessene Anfrage schicken wir dir per E-Mailden den Zugang zu Schritt-1, einige Fragen und Anweisungen als Anfang der Zusammenarbeit und Einstimmung. <\/p>\n\n\n\n<p class=\"has-text-color\" style=\"color:#f7b320\">Alle pers\u00f6nlichen Daten, die du uns zur Verf\u00fcgung stellst, werden vertraulich behandelt und nur f\u00fcr den gew\u00fcnschten Zweck verwendet \u2013 gem\u00e4ss unserer <a href=\"https:\/\/tonalibus.org\/de\/privacy-policy\/\"><mark style=\"background-color:rgba(0, 0, 0, 0);color:#f7b320\" class=\"has-inline-color\">Datenschutz-Erkl\u00e4rung<\/mark><\/a>.  <\/p>\n\n\n\n<h2 class=\"wp-block-heading\"><mark style=\"background-color:rgba(0, 0, 0, 0);color:#f7b320\" class=\"has-inline-color\">Schritte zur Schaffung eines individuellen Ton-Mantra<\/mark><\/h2>\n\n\n\n<p><mark style=\"background-color:rgba(0, 0, 0, 0);color:#f7b320\" class=\"has-inline-color\">Nachdem du eine entsprechende Anfrage f\u00fcr ein individuelles Ton-Mantra gemacht hast, \u00fcber die angebotene Anfragemaske <\/mark><a href=\"#PSM-appl\"><mark style=\"background-color:rgba(0, 0, 0, 0);color:#f7b320\" class=\"has-inline-color\">oben<\/mark><\/a><mark style=\"background-color:rgba(0, 0, 0, 0);color:#f7b320\" class=\"has-inline-color\">, senden wir dir das Passwort f\u00fcr den Zugang zu Schritt-1 unten. Basierend auf den gegebenen Schritt-1-Antworten senden wir dir dann das Passwort f\u00fcr Schritt-2, wenn deine Anfrage f\u00fcr ein individuelles Ton-Mantra angenommen wurde. Deine Bewertungen einer Auswahl von Tonalit\u00e4ten in Schritt-2 f\u00fchrt dann zu Schritt-3 mit individuellen Anweisungen, welche weiteren Tonalit\u00e4ten oder Gruppen von Tonalit\u00e4ten zu bewerten sind. <\/mark><\/p>\n\n\n\n<div class=\"wp-block-buttons is-content-justification-center is-layout-flex wp-container-core-buttons-is-layout-16018d1d wp-block-buttons-is-layout-flex\">\n<div class=\"wp-block-button is-style-outline is-style-outline--3\"><a class=\"wp-block-button__link\" href=\"https:\/\/tonalibus.org\/de\/shop\/sound-mantra\/ism-step-1\/\">Individuelles Ton-Mantra <br>Schritt-1 (gesch\u00fctzt)<\/a><\/div>\n\n\n\n<div class=\"wp-block-button is-style-outline is-style-outline--4\"><a class=\"wp-block-button__link\" href=\"https:\/\/tonalibus.org\/de\/shop\/sound-mantra\/ism-step-2\/\">Individuelles Ton-Mantra <br>Schritt-2 (gesch\u00fctzt)<\/a><\/div>\n\n\n\n<div class=\"wp-block-button is-style-outline is-style-outline--5\"><a class=\"wp-block-button__link\" href=\"https:\/\/tonalibus.org\/de\/shop\/sound-mantra\/ism-step-3\/\">Individuelles Ton-Mantra <br>Schritt-3 (gesch\u00fctzt)<\/a><\/div>\n\n\n\n<div class=\"wp-block-button is-style-outline is-style-outline--6\"><a class=\"wp-block-button__link\" href=\"https:\/\/tonalibus.org\/de\/shop\/sound-mantra\/ism-meet\/\">Individuelles Ton-Mantra <br>Treffen (gesch\u00fctzt)<\/a><\/div>\n<\/div>\n\n\n\n<p><\/p>","protected":false},"excerpt":{"rendered":"<p>Du kannst ein Klangmantra, wie die Klangbeispielschleifen jeder Tonalit\u00e4t im Katalog der verankerten Tonalit\u00e4ten, zur Kontemplation oder Meditation, zur Erhebung, Entgiftung und Fokussierung, zum Summen, Chanten oder Mitsingen oder einfach zur Entspannung und Regeneration als beruhigenden Hintergrundsound verwenden, wann immer du willst. Falls du jetzt Lust hast ... <\/p>\n<p class=\"link-more\"><a href=\"https:\/\/tonalibus.org\/de\/inner-circle\/ism-repository\/sound-mantra\/\" class=\"more-link\"><span class=\"screen-reader-text\">\"Individuelles Klangmantra\"<\/span> weiterlesen<\/a><\/p>","protected":false},"author":1,"featured_media":0,"parent":5531,"menu_order":80,"comment_status":"closed","ping_status":"closed","template":"","meta":{"footnotes":""},"class_list":["post-2241","page","type-page","status-publish","hentry"],"yoast_head":"<!-- This site is optimized with the Yoast SEO plugin v27.3 - https:\/\/yoast.com\/product\/yoast-seo-wordpress\/ -->\n<title>Individual Sound Mantra &#8211; TONALIBUS, Harmony and Tonalities<\/title>\n<meta name=\"description\" content=\"You can use an individual sound mantra for meditation, contemplation, upliftment, focusing, to hum along, or for relaxation and regeneration.\" \/>\n<meta name=\"robots\" content=\"index, follow, max-snippet:-1, max-image-preview:large, max-video-preview:-1\" \/>\n<link rel=\"canonical\" href=\"https:\/\/tonalibus.org\/de\/inner-circle\/ism-repository\/sound-mantra\/\" \/>\n<meta property=\"og:locale\" content=\"de_DE\" \/>\n<meta property=\"og:type\" content=\"article\" \/>\n<meta property=\"og:title\" content=\"Individual Sound Mantra &#8211; TONALIBUS, Harmony and Tonalities\" \/>\n<meta property=\"og:description\" content=\"You can use an individual sound mantra for meditation, contemplation, upliftment, focusing, to hum along, or for relaxation and regeneration.\" \/>\n<meta property=\"og:url\" content=\"https:\/\/tonalibus.org\/de\/inner-circle\/ism-repository\/sound-mantra\/\" \/>\n<meta property=\"og:site_name\" content=\"TONALIBUS\" \/>\n<meta property=\"article:modified_time\" content=\"2023-08-02T15:45:58+00:00\" \/>\n<meta name=\"twitter:card\" content=\"summary_large_image\" \/>\n<meta name=\"twitter:label1\" content=\"Gesch\u00e4tzte Lesezeit\" \/>\n\t<meta name=\"twitter:data1\" content=\"4\u00a0Minuten\" \/>\n<script type=\"application\/ld+json\" class=\"yoast-schema-graph\">{\"@context\":\"https:\\\/\\\/schema.org\",\"@graph\":[{\"@type\":\"WebPage\",\"@id\":\"https:\\\/\\\/tonalibus.org\\\/en\\\/inner-circle\\\/ism-repository\\\/sound-mantra\\\/\",\"url\":\"https:\\\/\\\/tonalibus.org\\\/en\\\/inner-circle\\\/ism-repository\\\/sound-mantra\\\/\",\"name\":\"Individual Sound Mantra &#8211; TONALIBUS, Harmony and Tonalities\",\"isPartOf\":{\"@id\":\"https:\\\/\\\/tonalibus.org\\\/de\\\/#website\"},\"datePublished\":\"2020-07-05T08:10:39+00:00\",\"dateModified\":\"2023-08-02T15:45:58+00:00\",\"description\":\"You can use an individual sound mantra for meditation, contemplation, upliftment, focusing, to hum along, or for relaxation and regeneration.\",\"breadcrumb\":{\"@id\":\"https:\\\/\\\/tonalibus.org\\\/en\\\/inner-circle\\\/ism-repository\\\/sound-mantra\\\/#breadcrumb\"},\"inLanguage\":\"de-CH\",\"potentialAction\":[{\"@type\":\"ReadAction\",\"target\":[\"https:\\\/\\\/tonalibus.org\\\/en\\\/inner-circle\\\/ism-repository\\\/sound-mantra\\\/\"]}]},{\"@type\":\"BreadcrumbList\",\"@id\":\"https:\\\/\\\/tonalibus.org\\\/en\\\/inner-circle\\\/ism-repository\\\/sound-mantra\\\/#breadcrumb\",\"itemListElement\":[{\"@type\":\"ListItem\",\"position\":1,\"name\":\"Home\",\"item\":\"https:\\\/\\\/tonalibus.org\\\/\"},{\"@type\":\"ListItem\",\"position\":2,\"name\":\"Protected: Inner Circle\",\"item\":\"https:\\\/\\\/tonalibus.org\\\/en\\\/inner-circle\\\/\"},{\"@type\":\"ListItem\",\"position\":3,\"name\":\"Protected: ISM Repository\",\"item\":\"https:\\\/\\\/tonalibus.org\\\/en\\\/inner-circle\\\/ism-repository\\\/\"},{\"@type\":\"ListItem\",\"position\":4,\"name\":\"Individual Sound Mantra\"}]},{\"@type\":\"WebSite\",\"@id\":\"https:\\\/\\\/tonalibus.org\\\/de\\\/#website\",\"url\":\"https:\\\/\\\/tonalibus.org\\\/de\\\/\",\"name\":\"TONALIBUS\",\"description\":\"Anchored Harmony and Tonalities\",\"publisher\":{\"@id\":\"https:\\\/\\\/tonalibus.org\\\/de\\\/#\\\/schema\\\/person\\\/749261d7bc96d1f00127273f83ab96a4\"},\"potentialAction\":[{\"@type\":\"SearchAction\",\"target\":{\"@type\":\"EntryPoint\",\"urlTemplate\":\"https:\\\/\\\/tonalibus.org\\\/de\\\/?s={search_term_string}\"},\"query-input\":{\"@type\":\"PropertyValueSpecification\",\"valueRequired\":true,\"valueName\":\"search_term_string\"}}],\"inLanguage\":\"de-CH\"},{\"@type\":[\"Person\",\"Organization\"],\"@id\":\"https:\\\/\\\/tonalibus.org\\\/de\\\/#\\\/schema\\\/person\\\/749261d7bc96d1f00127273f83ab96a4\",\"name\":\"Ulrico\",\"image\":{\"@type\":\"ImageObject\",\"inLanguage\":\"de-CH\",\"@id\":\"https:\\\/\\\/tonalibus.org\\\/wp-content\\\/uploads\\\/2020\\\/06\\\/uli-pix.jpg\",\"url\":\"https:\\\/\\\/tonalibus.org\\\/wp-content\\\/uploads\\\/2020\\\/06\\\/uli-pix.jpg\",\"contentUrl\":\"https:\\\/\\\/tonalibus.org\\\/wp-content\\\/uploads\\\/2020\\\/06\\\/uli-pix.jpg\",\"width\":960,\"height\":720,\"caption\":\"Ulrico\"},\"logo\":{\"@id\":\"https:\\\/\\\/tonalibus.org\\\/wp-content\\\/uploads\\\/2020\\\/06\\\/uli-pix.jpg\"},\"sameAs\":[\"https:\\\/\\\/tonalibus.cyon.site\"]}]}<\/script>\n<!-- \/ Yoast SEO plugin. -->","yoast_head_json":{"title":"Individuelles Klangmantra - TONALIBUS, Harmonie und Tonalit\u00e4ten","description":"Sie k\u00f6nnen ein individuelles Klangmantra zur Meditation, Kontemplation, Erhebung, Fokussierung, zum Mitsummen oder zur Entspannung und Regeneration verwenden.","robots":{"index":"index","follow":"follow","max-snippet":"max-snippet:-1","max-image-preview":"max-image-preview:large","max-video-preview":"max-video-preview:-1"},"canonical":"https:\/\/tonalibus.org\/de\/inner-circle\/ism-repository\/sound-mantra\/","og_locale":"de_DE","og_type":"article","og_title":"Individual Sound Mantra &#8211; TONALIBUS, Harmony and Tonalities","og_description":"You can use an individual sound mantra for meditation, contemplation, upliftment, focusing, to hum along, or for relaxation and regeneration.","og_url":"https:\/\/tonalibus.org\/de\/inner-circle\/ism-repository\/sound-mantra\/","og_site_name":"TONALIBUS","article_modified_time":"2023-08-02T15:45:58+00:00","twitter_card":"summary_large_image","twitter_misc":{"Gesch\u00e4tzte Lesezeit":"4\u00a0Minuten"},"schema":{"@context":"https:\/\/schema.org","@graph":[{"@type":"WebPage","@id":"https:\/\/tonalibus.org\/en\/inner-circle\/ism-repository\/sound-mantra\/","url":"https:\/\/tonalibus.org\/en\/inner-circle\/ism-repository\/sound-mantra\/","name":"Individuelles Klangmantra - TONALIBUS, Harmonie und Tonalit\u00e4ten","isPartOf":{"@id":"https:\/\/tonalibus.org\/de\/#website"},"datePublished":"2020-07-05T08:10:39+00:00","dateModified":"2023-08-02T15:45:58+00:00","description":"Sie k\u00f6nnen ein individuelles Klangmantra zur Meditation, Kontemplation, Erhebung, Fokussierung, zum Mitsummen oder zur Entspannung und Regeneration verwenden.","breadcrumb":{"@id":"https:\/\/tonalibus.org\/en\/inner-circle\/ism-repository\/sound-mantra\/#breadcrumb"},"inLanguage":"de-CH","potentialAction":[{"@type":"ReadAction","target":["https:\/\/tonalibus.org\/en\/inner-circle\/ism-repository\/sound-mantra\/"]}]},{"@type":"BreadcrumbList","@id":"https:\/\/tonalibus.org\/en\/inner-circle\/ism-repository\/sound-mantra\/#breadcrumb","itemListElement":[{"@type":"ListItem","position":1,"name":"Home","item":"https:\/\/tonalibus.org\/"},{"@type":"ListItem","position":2,"name":"Protected: Inner Circle","item":"https:\/\/tonalibus.org\/en\/inner-circle\/"},{"@type":"ListItem","position":3,"name":"Protected: ISM Repository","item":"https:\/\/tonalibus.org\/en\/inner-circle\/ism-repository\/"},{"@type":"ListItem","position":4,"name":"Individual Sound Mantra"}]},{"@type":"WebSite","@id":"https:\/\/tonalibus.org\/de\/#website","url":"https:\/\/tonalibus.org\/de\/","name":"TONALIBUS","description":"Verankerte Harmonie und Tonalit\u00e4ten","publisher":{"@id":"https:\/\/tonalibus.org\/de\/#\/schema\/person\/749261d7bc96d1f00127273f83ab96a4"},"potentialAction":[{"@type":"SearchAction","target":{"@type":"EntryPoint","urlTemplate":"https:\/\/tonalibus.org\/de\/?s={search_term_string}"},"query-input":{"@type":"PropertyValueSpecification","valueRequired":true,"valueName":"search_term_string"}}],"inLanguage":"de-CH"},{"@type":["Person","Organization"],"@id":"https:\/\/tonalibus.org\/de\/#\/schema\/person\/749261d7bc96d1f00127273f83ab96a4","name":"Ulrico","image":{"@type":"ImageObject","inLanguage":"de-CH","@id":"https:\/\/tonalibus.org\/wp-content\/uploads\/2020\/06\/uli-pix.jpg","url":"https:\/\/tonalibus.org\/wp-content\/uploads\/2020\/06\/uli-pix.jpg","contentUrl":"https:\/\/tonalibus.org\/wp-content\/uploads\/2020\/06\/uli-pix.jpg","width":960,"height":720,"caption":"Ulrico"},"logo":{"@id":"https:\/\/tonalibus.org\/wp-content\/uploads\/2020\/06\/uli-pix.jpg"},"sameAs":["https:\/\/tonalibus.cyon.site"]}]}},"_links":{"self":[{"href":"https:\/\/tonalibus.org\/de\/wp-json\/wp\/v2\/pages\/2241","targetHints":{"allow":["GET"]}}],"collection":[{"href":"https:\/\/tonalibus.org\/de\/wp-json\/wp\/v2\/pages"}],"about":[{"href":"https:\/\/tonalibus.org\/de\/wp-json\/wp\/v2\/types\/page"}],"author":[{"embeddable":true,"href":"https:\/\/tonalibus.org\/de\/wp-json\/wp\/v2\/users\/1"}],"replies":[{"embeddable":true,"href":"https:\/\/tonalibus.org\/de\/wp-json\/wp\/v2\/comments?post=2241"}],"version-history":[{"count":0,"href":"https:\/\/tonalibus.org\/de\/wp-json\/wp\/v2\/pages\/2241\/revisions"}],"up":[{"embeddable":true,"href":"https:\/\/tonalibus.org\/de\/wp-json\/wp\/v2\/pages\/5531"}],"wp:attachment":[{"href":"https:\/\/tonalibus.org\/de\/wp-json\/wp\/v2\/media?parent=2241"}],"curies":[{"name":"wp","href":"https:\/\/api.w.org\/{rel}","templated":true}]}}