{"id":2303,"date":"2020-07-09T07:48:17","date_gmt":"2020-07-09T05:48:17","guid":{"rendered":"https:\/\/tonalibus.org\/?page_id=2303"},"modified":"2025-12-16T14:21:58","modified_gmt":"2025-12-16T13:21:58","slug":"even-waves-odd-circles","status":"publish","type":"page","link":"https:\/\/tonalibus.org\/de\/harmony\/even-waves-odd-circles\/","title":{"rendered":"Gerade Wellen \u2013 ungerade Kreise"},"content":{"rendered":"<div class=\"wp-block-buttons is-horizontal is-content-justification-center is-layout-flex wp-container-core-buttons-is-layout-499968f5 wp-block-buttons-is-layout-flex\">\n<div class=\"wp-block-button is-style-outline is-style-outline--1\"><a class=\"wp-block-button__link wp-element-button\" href=\"#visuals\"><em>Gerade Wellen \u2013 ungerade Kreise<\/em><br>eine Darstellung der visuellen Grundlagen der Harmonie <\/a><\/div>\n<\/div>\n\n\n\n<div style=\"height:48px\" aria-hidden=\"true\" class=\"wp-block-spacer\"><\/div>\n\n\n\n<p class=\"has-text-color has-link-color wp-elements-fb9e5ca5c2e6db4e6b466187e034f65d\" style=\"color:#f7b320\"><em>Gerade Wellen \u2013 ungerade Kreise<\/em> bezieht sich darauf, wie gerade Obert\u00f6ne Wellen erzeugen und ungerade Obert\u00f6ne Kreise schliessen. <a aria-label=\"undefiniert (\u00f6ffnet in einer neuen Registerkarte)\" href=\"https:\/\/de.wikipedia.org\/wiki\/Harmonische\" target=\"_blank\" rel=\"noreferrer noopener\"><mark style=\"background-color:rgba(0, 0, 0, 0);color:#f7b320\" class=\"has-inline-color\">Obert\u00f6ne<\/mark><\/a> sind Eigenschwingungen, deren Frequenz ein ganzzahliges Vielfaches der Grundfrequenz ist. In der Musik sind Obert\u00f6ne die reinen T\u00f6ne, aus denen sich Kl\u00e4nge zusammensetzen \u2013 aus einem Grundton und seinen Teilt\u00f6nen oder Obert\u00f6nen. Wie gerade Obert\u00f6ne Wellen und ungerade Kreise bilden, wird gezeigt in <a href=\"https:\/\/tonalibus.org\/de\/fundamentals\/five-course-series\/basics-b\/\"><em><mark style=\"background-color:rgba(0, 0, 0, 0);color:#f7b320\" class=\"has-inline-color\">Harmonische Basis und Realisations-Verschiebung<\/mark><\/em><\/a>, dem zweiten Modul der <a href=\"https:\/\/tonalibus.org\/de\/fundamentals\/five-course-series\/\"><mark style=\"background-color:rgba(0, 0, 0, 0);color:#f7b320\" class=\"has-inline-color\">Reihe der Kurs-Pr\u00e4sentationen<\/mark><\/a> <em>Grundlagen der Harmonie und Tonalit\u00e4ten<\/em>.<\/p>\n\n\n\n<h3 class=\"wp-block-heading has-text-color has-link-color wp-elements-bdc7dd667a9eacb025661e36d50f5ffc\" style=\"color:#f7b320\">Gerade Wellen, ungerade Kreise \u2013 eine visuelle Darstellung<\/h3>\n\n\n\n<figure id=\"visuals\" class=\"wp-block-video\"><video height=\"1080\" style=\"aspect-ratio: 1920 \/ 1080;\" width=\"1920\" controls loop muted poster=\"https:\/\/tonalibus.org\/wp-content\/uploads\/2020\/08\/even-odd-2020-08-09w.jpg\" src=\"https:\/\/tonalibus.org\/wp-content\/uploads\/2020\/08\/even-odd-2020-08.mp4\"><\/video><figcaption class=\"wp-element-caption\"><mark style=\"background-color:rgba(0, 0, 0, 0);color:#f7b320\" class=\"has-inline-color\">Video-Loop ohne Ton \u2013 Einmal gestartet, wiederholt sich das Video, bis du es stoppst oder auf eine anderen Seite wechselst. Du kannst auch den Punkt in der Video-Kontroll-Leiste manuell verschieben, um dich in deinem eigenen Tempo durch die Bilder zu bewegen.<\/mark><\/figcaption><\/figure>\n\n\n\n<p><\/p>","protected":false},"excerpt":{"rendered":"<p>Gerade Wellen - ungerade Kreise bezieht sich darauf, dass gerade Obert\u00f6ne Wellen bilden und ungerade Obert\u00f6ne Kreise vervollst\u00e4ndigen. Harmonische oder Obert\u00f6ne sind Eigenschwingungen mit einem positiven ganzzahligen Vielfachen der Frequenz des entsprechenden Grundtons. In der Musik sind Obert\u00f6ne die reinen T\u00f6ne, die sich aus einem Grundton und seinen Teilt\u00f6nen oder Obert\u00f6nen zusammensetzen. Wie gleichm\u00e4\u00dfige Obert\u00f6ne ... <\/p>\n<p class=\"link-more\"><a href=\"https:\/\/tonalibus.org\/de\/harmony\/even-waves-odd-circles\/\" class=\"more-link\"><span class=\"screen-reader-text\">\"Gerade Wellen - ungerade Kreise\"<\/span> weiterlesen<\/a><\/p>","protected":false},"author":1,"featured_media":0,"parent":35638,"menu_order":12,"comment_status":"closed","ping_status":"closed","template":"","meta":{"footnotes":""},"class_list":["post-2303","page","type-page","status-publish","hentry"],"yoast_head":"<!-- This site is optimized with the Yoast SEO plugin v27.5 - https:\/\/yoast.com\/product\/yoast-seo-wordpress\/ -->\n<title>Even Waves -- Odd Circles &#8211; TONALIBUS, Harmony and Tonalities<\/title>\n<meta name=\"description\" content=\"A short visual progression presents &quot;even waves \u2013 odd circles&quot; from the course presentations series Harmonic and Tonality Fundamentals.\" \/>\n<meta name=\"robots\" content=\"index, follow, max-snippet:-1, max-image-preview:large, max-video-preview:-1\" \/>\n<link rel=\"canonical\" href=\"https:\/\/tonalibus.org\/de\/harmony\/even-waves-odd-circles\/\" \/>\n<meta property=\"og:locale\" content=\"de_DE\" \/>\n<meta property=\"og:type\" content=\"article\" \/>\n<meta property=\"og:title\" content=\"Even Waves -- Odd Circles &#8211; TONALIBUS, Harmony and Tonalities\" \/>\n<meta property=\"og:description\" content=\"A short visual progression presents &quot;even waves \u2013 odd circles&quot; from the course presentations series Harmonic and Tonality Fundamentals.\" \/>\n<meta property=\"og:url\" content=\"https:\/\/tonalibus.org\/de\/harmony\/even-waves-odd-circles\/\" \/>\n<meta property=\"og:site_name\" content=\"TONALIBUS\" \/>\n<meta property=\"article:modified_time\" content=\"2025-12-16T13:21:58+00:00\" \/>\n<meta name=\"twitter:card\" content=\"summary_large_image\" \/>\n<meta name=\"twitter:label1\" content=\"Gesch\u00e4tzte Lesezeit\" \/>\n\t<meta name=\"twitter:data1\" content=\"1\u00a0Minute\" \/>\n<script type=\"application\/ld+json\" class=\"yoast-schema-graph\">{\"@context\":\"https:\\\/\\\/schema.org\",\"@graph\":[{\"@type\":\"WebPage\",\"@id\":\"https:\\\/\\\/tonalibus.org\\\/harmony\\\/even-waves-odd-circles\\\/\",\"url\":\"https:\\\/\\\/tonalibus.org\\\/harmony\\\/even-waves-odd-circles\\\/\",\"name\":\"Even Waves -- Odd Circles &#8211; TONALIBUS, Harmony and Tonalities\",\"isPartOf\":{\"@id\":\"https:\\\/\\\/tonalibus.org\\\/de\\\/#website\"},\"datePublished\":\"2020-07-09T05:48:17+00:00\",\"dateModified\":\"2025-12-16T13:21:58+00:00\",\"description\":\"A short visual progression presents \\\"even waves \u2013 odd circles\\\" from the course presentations series Harmonic and Tonality Fundamentals.\",\"breadcrumb\":{\"@id\":\"https:\\\/\\\/tonalibus.org\\\/harmony\\\/even-waves-odd-circles\\\/#breadcrumb\"},\"inLanguage\":\"de-CH\",\"potentialAction\":[{\"@type\":\"ReadAction\",\"target\":[\"https:\\\/\\\/tonalibus.org\\\/harmony\\\/even-waves-odd-circles\\\/\"]}]},{\"@type\":\"BreadcrumbList\",\"@id\":\"https:\\\/\\\/tonalibus.org\\\/harmony\\\/even-waves-odd-circles\\\/#breadcrumb\",\"itemListElement\":[{\"@type\":\"ListItem\",\"position\":1,\"name\":\"Home\",\"item\":\"https:\\\/\\\/tonalibus.org\\\/\"},{\"@type\":\"ListItem\",\"position\":2,\"name\":\"Harmony\",\"item\":\"https:\\\/\\\/tonalibus.org\\\/harmony\\\/\"},{\"@type\":\"ListItem\",\"position\":3,\"name\":\"Even Waves &#8212; Odd Circles\"}]},{\"@type\":\"WebSite\",\"@id\":\"https:\\\/\\\/tonalibus.org\\\/de\\\/#website\",\"url\":\"https:\\\/\\\/tonalibus.org\\\/de\\\/\",\"name\":\"TONALIBUS\",\"description\":\"Anchored Harmony and Tonalities\",\"publisher\":{\"@id\":\"https:\\\/\\\/tonalibus.org\\\/de\\\/#\\\/schema\\\/person\\\/749261d7bc96d1f00127273f83ab96a4\"},\"potentialAction\":[{\"@type\":\"SearchAction\",\"target\":{\"@type\":\"EntryPoint\",\"urlTemplate\":\"https:\\\/\\\/tonalibus.org\\\/de\\\/?s={search_term_string}\"},\"query-input\":{\"@type\":\"PropertyValueSpecification\",\"valueRequired\":true,\"valueName\":\"search_term_string\"}}],\"inLanguage\":\"de-CH\"},{\"@type\":[\"Person\",\"Organization\"],\"@id\":\"https:\\\/\\\/tonalibus.org\\\/de\\\/#\\\/schema\\\/person\\\/749261d7bc96d1f00127273f83ab96a4\",\"name\":\"Ulrico\",\"image\":{\"@type\":\"ImageObject\",\"inLanguage\":\"de-CH\",\"@id\":\"https:\\\/\\\/tonalibus.org\\\/wp-content\\\/uploads\\\/2020\\\/06\\\/uli-pix.jpg\",\"url\":\"https:\\\/\\\/tonalibus.org\\\/wp-content\\\/uploads\\\/2020\\\/06\\\/uli-pix.jpg\",\"contentUrl\":\"https:\\\/\\\/tonalibus.org\\\/wp-content\\\/uploads\\\/2020\\\/06\\\/uli-pix.jpg\",\"width\":960,\"height\":720,\"caption\":\"Ulrico\"},\"logo\":{\"@id\":\"https:\\\/\\\/tonalibus.org\\\/wp-content\\\/uploads\\\/2020\\\/06\\\/uli-pix.jpg\"},\"sameAs\":[\"https:\\\/\\\/tonalibus.cyon.site\"]}]}<\/script>\n<!-- \/ Yoast SEO plugin. -->","yoast_head_json":{"title":"Gerade Wellen - Ungerade Kreise - TONALIBUS, Harmonie und Tonalit\u00e4ten","description":"Eine kurze visuelle Progression pr\u00e4sentiert \"gerade Wellen - ungerade Kreise\" aus der Kurspr\u00e4sentationsreihe Harmonische und tonale Grundlagen.","robots":{"index":"index","follow":"follow","max-snippet":"max-snippet:-1","max-image-preview":"max-image-preview:large","max-video-preview":"max-video-preview:-1"},"canonical":"https:\/\/tonalibus.org\/de\/harmony\/even-waves-odd-circles\/","og_locale":"de_DE","og_type":"article","og_title":"Even Waves -- Odd Circles &#8211; TONALIBUS, Harmony and Tonalities","og_description":"A short visual progression presents \"even waves \u2013 odd circles\" from the course presentations series Harmonic and Tonality Fundamentals.","og_url":"https:\/\/tonalibus.org\/de\/harmony\/even-waves-odd-circles\/","og_site_name":"TONALIBUS","article_modified_time":"2025-12-16T13:21:58+00:00","twitter_card":"summary_large_image","twitter_misc":{"Gesch\u00e4tzte Lesezeit":"1\u00a0Minute"},"schema":{"@context":"https:\/\/schema.org","@graph":[{"@type":"WebPage","@id":"https:\/\/tonalibus.org\/harmony\/even-waves-odd-circles\/","url":"https:\/\/tonalibus.org\/harmony\/even-waves-odd-circles\/","name":"Gerade Wellen - Ungerade Kreise - TONALIBUS, Harmonie und Tonalit\u00e4ten","isPartOf":{"@id":"https:\/\/tonalibus.org\/de\/#website"},"datePublished":"2020-07-09T05:48:17+00:00","dateModified":"2025-12-16T13:21:58+00:00","description":"Eine kurze visuelle Progression pr\u00e4sentiert \"gerade Wellen - ungerade Kreise\" aus der Kurspr\u00e4sentationsreihe Harmonische und tonale Grundlagen.","breadcrumb":{"@id":"https:\/\/tonalibus.org\/harmony\/even-waves-odd-circles\/#breadcrumb"},"inLanguage":"de-CH","potentialAction":[{"@type":"ReadAction","target":["https:\/\/tonalibus.org\/harmony\/even-waves-odd-circles\/"]}]},{"@type":"BreadcrumbList","@id":"https:\/\/tonalibus.org\/harmony\/even-waves-odd-circles\/#breadcrumb","itemListElement":[{"@type":"ListItem","position":1,"name":"Home","item":"https:\/\/tonalibus.org\/"},{"@type":"ListItem","position":2,"name":"Harmony","item":"https:\/\/tonalibus.org\/harmony\/"},{"@type":"ListItem","position":3,"name":"Even Waves &#8212; Odd Circles"}]},{"@type":"WebSite","@id":"https:\/\/tonalibus.org\/de\/#website","url":"https:\/\/tonalibus.org\/de\/","name":"TONALIBUS","description":"Verankerte Harmonie und Tonalit\u00e4ten","publisher":{"@id":"https:\/\/tonalibus.org\/de\/#\/schema\/person\/749261d7bc96d1f00127273f83ab96a4"},"potentialAction":[{"@type":"SearchAction","target":{"@type":"EntryPoint","urlTemplate":"https:\/\/tonalibus.org\/de\/?s={search_term_string}"},"query-input":{"@type":"PropertyValueSpecification","valueRequired":true,"valueName":"search_term_string"}}],"inLanguage":"de-CH"},{"@type":["Person","Organization"],"@id":"https:\/\/tonalibus.org\/de\/#\/schema\/person\/749261d7bc96d1f00127273f83ab96a4","name":"Ulrico","image":{"@type":"ImageObject","inLanguage":"de-CH","@id":"https:\/\/tonalibus.org\/wp-content\/uploads\/2020\/06\/uli-pix.jpg","url":"https:\/\/tonalibus.org\/wp-content\/uploads\/2020\/06\/uli-pix.jpg","contentUrl":"https:\/\/tonalibus.org\/wp-content\/uploads\/2020\/06\/uli-pix.jpg","width":960,"height":720,"caption":"Ulrico"},"logo":{"@id":"https:\/\/tonalibus.org\/wp-content\/uploads\/2020\/06\/uli-pix.jpg"},"sameAs":["https:\/\/tonalibus.cyon.site"]}]}},"_links":{"self":[{"href":"https:\/\/tonalibus.org\/de\/wp-json\/wp\/v2\/pages\/2303","targetHints":{"allow":["GET"]}}],"collection":[{"href":"https:\/\/tonalibus.org\/de\/wp-json\/wp\/v2\/pages"}],"about":[{"href":"https:\/\/tonalibus.org\/de\/wp-json\/wp\/v2\/types\/page"}],"author":[{"embeddable":true,"href":"https:\/\/tonalibus.org\/de\/wp-json\/wp\/v2\/users\/1"}],"replies":[{"embeddable":true,"href":"https:\/\/tonalibus.org\/de\/wp-json\/wp\/v2\/comments?post=2303"}],"version-history":[{"count":1,"href":"https:\/\/tonalibus.org\/de\/wp-json\/wp\/v2\/pages\/2303\/revisions"}],"predecessor-version":[{"id":37954,"href":"https:\/\/tonalibus.org\/de\/wp-json\/wp\/v2\/pages\/2303\/revisions\/37954"}],"up":[{"embeddable":true,"href":"https:\/\/tonalibus.org\/de\/wp-json\/wp\/v2\/pages\/35638"}],"wp:attachment":[{"href":"https:\/\/tonalibus.org\/de\/wp-json\/wp\/v2\/media?parent=2303"}],"curies":[{"name":"wp","href":"https:\/\/api.w.org\/{rel}","templated":true}]}}