{"id":23227,"date":"2023-02-04T16:08:17","date_gmt":"2023-02-04T15:08:17","guid":{"rendered":"https:\/\/tonalibus.org\/?page_id=23227"},"modified":"2023-03-04T10:14:08","modified_gmt":"2023-03-04T09:14:08","slug":"february-2023-sounds","status":"publish","type":"page","link":"https:\/\/tonalibus.org\/de\/sounds\/2023-sounds-and-images\/february-2023-sounds\/","title":{"rendered":"Februar 2023 Kl\u00e4nge"},"content":{"rendered":"<h2 class=\"has-text-color wp-block-heading\" style=\"color:#f7b320\">Pers\u00f6nliche und kooperative Kl\u00e4nge<em> <\/em>vom Februar 2023<\/h2>\n\n\n\n<p class=\"has-text-color\" style=\"color:#f7b320\">Nachfolgend findst du pers\u00f6nliche und kooperative Kl\u00e4nge<em> <\/em>vom Februar 2023.<em> <\/em>Dies sind spontane, originelle Improvisationen und Soundscapes von <a href=\"https:\/\/tonalibus.org\/de\/about-tonalibus\/ulrico\/\"><mark style=\"background-color:rgba(0, 0, 0, 0);color:#f7b320\" class=\"has-inline-color\">Ulrico<\/mark><\/a><mark style=\"background-color:rgba(0, 0, 0, 0)\" class=\"has-inline-color has-black-color\"> <\/mark>auf verschiedenen Instrumenten, mehrschichtig oder einspurig, sowie Kooperations-St\u00fccke mit anderen Musikern, wie angegeben.<\/p>\n\n\n\n<h3 class=\"has-text-color wp-block-heading\" id=\"roots\" style=\"color:#f7b320\">\u201cRoots and crowns\u201d \u2013 vom Himmel zur Erde zum Himmel<\/h3>\n\n\n\n<figure class=\"wp-block-audio\"><audio controls src=\"https:\/\/tonalibus.org\/wp-content\/uploads\/2023\/02\/2023-02-23-REACHMIX-GITAGOTI.mp3\" preload=\"metadata\"><\/audio><figcaption class=\"wp-element-caption\"><a href=\"https:\/\/tonalibus.org\/de\/tonalities\/reach-or-harmonic-heptatonalities\/reachmix\/\"><mark style=\"background-color:rgba(0, 0, 0, 0);color:#f7b320\" class=\"has-inline-color\">ReachMix<\/mark><\/a><mark style=\"background-color:rgba(0, 0, 0, 0);color:#f7b320\" class=\"has-inline-color\"> \u2013 136 Hz 8-saitige Gitarre, grosser Gong, Tingsha-Zimbeln, Tanpura \u2013 4:19 \u2013 <\/mark><a href=\"https:\/\/tonalibus.org\/de\/tonalities\/reach-or-harmonic-heptatonalities\/reachmix\/reachmix-loops\/\" target=\"_blank\" rel=\"noreferrer noopener\"><mark style=\"background-color:rgba(0, 0, 0, 0);color:#f7b320\" class=\"has-inline-color\">als Loop<\/mark><\/a><mark style=\"background-color:rgba(0, 0, 0, 0);color:#f7b320\" class=\"has-inline-color\"> auf separatem Tab<\/mark><\/figcaption><\/figure>\n\n\n\n<h3 class=\"has-text-color wp-block-heading\" id=\"nirak\" style=\"color:#f7b320\">\u201cAwakening pixie Nirak\u201d \u2013 funkelnder Elfenstaub<\/h3>\n\n\n\n<figure class=\"wp-block-audio\"><audio controls src=\"https:\/\/tonalibus.org\/wp-content\/uploads\/2023\/02\/2023-02-04-XSOELLx.mp3\" preload=\"metadata\"><\/audio><figcaption class=\"wp-element-caption\"><a href=\"https:\/\/tonalibus.org\/de\/tonalities\/pentatonalities\/tetrana\/\"><mark style=\"background-color:rgba(0, 0, 0, 0);color:#f7b320\" class=\"has-inline-color\">TetraNa<\/mark><\/a><mark style=\"background-color:rgba(0, 0, 0, 0);color:#f7b320\" class=\"has-inline-color\"> Basis \u2013 Stimme von Karin Gs\u00f6llpointner, 8-saitige Gitarre von Ulrico \u2013 8:21<\/mark><\/figcaption><\/figure>\n\n\n\n<h3 class=\"has-text-color wp-block-heading\" id=\"wake\" style=\"color:#f7b320\">\u201cWake to a new dream\u201d \u2013 LocorReach-Meditation<\/h3>\n\n\n\n<figure class=\"wp-block-audio\"><audio controls src=\"https:\/\/tonalibus.org\/wp-content\/uploads\/2023\/02\/2023-02-01-LOCORREACH-CALM3Rhythm-v.mp3\" preload=\"metadata\"><\/audio><figcaption class=\"wp-element-caption\"><a href=\"https:\/\/tonalibus.org\/de\/tonalities\/reach-or-harmonic-heptatonalities\/locorreach\/\"><mark style=\"background-color:rgba(0, 0, 0, 0);color:#f7b320\" class=\"has-inline-color\">LocorReach<\/mark><\/a><mark style=\"background-color:rgba(0, 0, 0, 0);color:#f7b320\" class=\"has-inline-color\"> \u2013 8-saitige Gitarre und Tanpura \u2013 15:44 \u2013 <\/mark><a href=\"https:\/\/tonalibus.org\/de\/tonalities\/reach-or-harmonic-heptatonalities\/locorreach\/locorreach-loops\/\" target=\"_blank\" rel=\"noreferrer noopener\"><mark style=\"background-color:rgba(0, 0, 0, 0);color:#f7b320\" class=\"has-inline-color\">als Loop<\/mark><\/a><mark style=\"background-color:rgba(0, 0, 0, 0);color:#f7b320\" class=\"has-inline-color\"> auf separatem Tab<\/mark><\/figcaption><\/figure>\n\n\n\n<div style=\"height:56px\" aria-hidden=\"true\" class=\"wp-block-spacer\"><\/div>\n\n\n\n<figure class=\"wp-block-image size-large\"><img loading=\"lazy\" decoding=\"async\" width=\"1024\" height=\"589\" src=\"https:\/\/tonalibus.org\/wp-content\/uploads\/2023\/01\/20221217_075255024_iOS-xc-1024x589.jpg\" alt=\"February 2023 sounds\" class=\"wp-image-22993\" srcset=\"https:\/\/tonalibus.org\/wp-content\/uploads\/2023\/01\/20221217_075255024_iOS-xc-1024x589.jpg 1024w, https:\/\/tonalibus.org\/wp-content\/uploads\/2023\/01\/20221217_075255024_iOS-xc-300x172.jpg 300w, https:\/\/tonalibus.org\/wp-content\/uploads\/2023\/01\/20221217_075255024_iOS-xc-768x441.jpg 768w, https:\/\/tonalibus.org\/wp-content\/uploads\/2023\/01\/20221217_075255024_iOS-xc-1536x883.jpg 1536w, https:\/\/tonalibus.org\/wp-content\/uploads\/2023\/01\/20221217_075255024_iOS-xc-2048x1177.jpg 2048w, https:\/\/tonalibus.org\/wp-content\/uploads\/2023\/01\/20221217_075255024_iOS-xc-18x10.jpg 18w, https:\/\/tonalibus.org\/wp-content\/uploads\/2023\/01\/20221217_075255024_iOS-xc-1320x759.jpg 1320w\" sizes=\"auto, (max-width: 706px) 89vw, (max-width: 767px) 82vw, 740px\" \/><figcaption class=\"wp-element-caption\">Wovon mag die scheue Gl\u00fccksdrachenkatze Luna tr\u00e4umen? - Dezember 2022 - Gr\u00e4chwil, Schweiz<\/figcaption><\/figure>","protected":false},"excerpt":{"rendered":"<p>Pers\u00f6nliche und kooperative Sounds vom Februar 2023 Unten findest du pers\u00f6nliche und kooperative Sounds vom Februar 2023. Es sind spontane, originelle Improvisationen und Klanglandschaften von Ulrico auf verschiedenen Instrumenten, mehrschichtig oder einspurig, sowie Kooperationsst\u00fccke mit anderen Musikern, wie angegeben. \"Roots and crowns\" - Himmel zu Erde zu Himmel \"Awakening pixie Nirak\" - funkelnde ... <\/p>\n<p class=\"link-more\"><a href=\"https:\/\/tonalibus.org\/de\/sounds\/2023-sounds-and-images\/february-2023-sounds\/\" class=\"more-link\"><span class=\"screen-reader-text\">\"Februar 2023 klingt\"<\/span> weiterlesen<\/a><\/p>","protected":false},"author":1,"featured_media":0,"parent":22314,"menu_order":2,"comment_status":"closed","ping_status":"closed","template":"","meta":{"footnotes":""},"class_list":["post-23227","page","type-page","status-publish","hentry"],"yoast_head":"<!-- This site is optimized with the Yoast SEO plugin v27.5 - https:\/\/yoast.com\/product\/yoast-seo-wordpress\/ -->\n<title>February 2023 sounds &#8211; TONALIBUS Harmony and Tonalities<\/title>\n<meta name=\"description\" content=\"Here you find personal February 2023 sounds. They are spontaneous, original improvisations and soundscapes by Ulrico.\" \/>\n<meta name=\"robots\" content=\"index, follow, max-snippet:-1, max-image-preview:large, max-video-preview:-1\" \/>\n<link rel=\"canonical\" href=\"https:\/\/tonalibus.org\/de\/sounds\/2023-sounds-and-images\/february-2023-sounds\/\" \/>\n<meta property=\"og:locale\" content=\"de_DE\" \/>\n<meta property=\"og:type\" content=\"article\" \/>\n<meta property=\"og:title\" content=\"February 2023 sounds &#8211; TONALIBUS Harmony and Tonalities\" \/>\n<meta property=\"og:description\" content=\"Here you find personal February 2023 sounds. They are spontaneous, original improvisations and soundscapes by Ulrico.\" \/>\n<meta property=\"og:url\" content=\"https:\/\/tonalibus.org\/de\/sounds\/2023-sounds-and-images\/february-2023-sounds\/\" \/>\n<meta property=\"og:site_name\" content=\"TONALIBUS\" \/>\n<meta property=\"article:modified_time\" content=\"2023-03-04T09:14:08+00:00\" \/>\n<meta property=\"og:image\" content=\"https:\/\/tonalibus.org\/wp-content\/uploads\/2023\/01\/20221217_075255024_iOS-xc-1024x589.jpg\" \/>\n<meta name=\"twitter:card\" content=\"summary_large_image\" \/>\n<meta name=\"twitter:label1\" content=\"Gesch\u00e4tzte Lesezeit\" \/>\n\t<meta name=\"twitter:data1\" content=\"1\u00a0Minute\" \/>\n<script type=\"application\/ld+json\" class=\"yoast-schema-graph\">{\"@context\":\"https:\\\/\\\/schema.org\",\"@graph\":[{\"@type\":\"WebPage\",\"@id\":\"https:\\\/\\\/tonalibus.org\\\/sounds\\\/2023-sounds-and-images\\\/february-2023-sounds\\\/\",\"url\":\"https:\\\/\\\/tonalibus.org\\\/sounds\\\/2023-sounds-and-images\\\/february-2023-sounds\\\/\",\"name\":\"February 2023 sounds &#8211; TONALIBUS Harmony and Tonalities\",\"isPartOf\":{\"@id\":\"https:\\\/\\\/tonalibus.org\\\/de\\\/#website\"},\"primaryImageOfPage\":{\"@id\":\"https:\\\/\\\/tonalibus.org\\\/sounds\\\/2023-sounds-and-images\\\/february-2023-sounds\\\/#primaryimage\"},\"image\":{\"@id\":\"https:\\\/\\\/tonalibus.org\\\/sounds\\\/2023-sounds-and-images\\\/february-2023-sounds\\\/#primaryimage\"},\"thumbnailUrl\":\"https:\\\/\\\/tonalibus.org\\\/wp-content\\\/uploads\\\/2023\\\/01\\\/20221217_075255024_iOS-xc-1024x589.jpg\",\"datePublished\":\"2023-02-04T15:08:17+00:00\",\"dateModified\":\"2023-03-04T09:14:08+00:00\",\"description\":\"Here you find personal February 2023 sounds. They are spontaneous, original improvisations and soundscapes by Ulrico.\",\"breadcrumb\":{\"@id\":\"https:\\\/\\\/tonalibus.org\\\/sounds\\\/2023-sounds-and-images\\\/february-2023-sounds\\\/#breadcrumb\"},\"inLanguage\":\"de-CH\",\"potentialAction\":[{\"@type\":\"ReadAction\",\"target\":[\"https:\\\/\\\/tonalibus.org\\\/sounds\\\/2023-sounds-and-images\\\/february-2023-sounds\\\/\"]}]},{\"@type\":\"ImageObject\",\"inLanguage\":\"de-CH\",\"@id\":\"https:\\\/\\\/tonalibus.org\\\/sounds\\\/2023-sounds-and-images\\\/february-2023-sounds\\\/#primaryimage\",\"url\":\"https:\\\/\\\/tonalibus.org\\\/wp-content\\\/uploads\\\/2023\\\/01\\\/20221217_075255024_iOS-xc-1024x589.jpg\",\"contentUrl\":\"https:\\\/\\\/tonalibus.org\\\/wp-content\\\/uploads\\\/2023\\\/01\\\/20221217_075255024_iOS-xc-1024x589.jpg\"},{\"@type\":\"BreadcrumbList\",\"@id\":\"https:\\\/\\\/tonalibus.org\\\/sounds\\\/2023-sounds-and-images\\\/february-2023-sounds\\\/#breadcrumb\",\"itemListElement\":[{\"@type\":\"ListItem\",\"position\":1,\"name\":\"Home\",\"item\":\"https:\\\/\\\/tonalibus.org\\\/\"},{\"@type\":\"ListItem\",\"position\":2,\"name\":\"Sounds\",\"item\":\"https:\\\/\\\/tonalibus.org\\\/sounds\\\/\"},{\"@type\":\"ListItem\",\"position\":3,\"name\":\"2023 Sounds and Images\",\"item\":\"https:\\\/\\\/tonalibus.org\\\/sounds\\\/2023-sounds-and-images\\\/\"},{\"@type\":\"ListItem\",\"position\":4,\"name\":\"February 2023 sounds\"}]},{\"@type\":\"WebSite\",\"@id\":\"https:\\\/\\\/tonalibus.org\\\/de\\\/#website\",\"url\":\"https:\\\/\\\/tonalibus.org\\\/de\\\/\",\"name\":\"TONALIBUS\",\"description\":\"Anchored Harmony and Tonalities\",\"publisher\":{\"@id\":\"https:\\\/\\\/tonalibus.org\\\/de\\\/#\\\/schema\\\/person\\\/749261d7bc96d1f00127273f83ab96a4\"},\"potentialAction\":[{\"@type\":\"SearchAction\",\"target\":{\"@type\":\"EntryPoint\",\"urlTemplate\":\"https:\\\/\\\/tonalibus.org\\\/de\\\/?s={search_term_string}\"},\"query-input\":{\"@type\":\"PropertyValueSpecification\",\"valueRequired\":true,\"valueName\":\"search_term_string\"}}],\"inLanguage\":\"de-CH\"},{\"@type\":[\"Person\",\"Organization\"],\"@id\":\"https:\\\/\\\/tonalibus.org\\\/de\\\/#\\\/schema\\\/person\\\/749261d7bc96d1f00127273f83ab96a4\",\"name\":\"Ulrico\",\"image\":{\"@type\":\"ImageObject\",\"inLanguage\":\"de-CH\",\"@id\":\"https:\\\/\\\/tonalibus.org\\\/wp-content\\\/uploads\\\/2020\\\/06\\\/uli-pix.jpg\",\"url\":\"https:\\\/\\\/tonalibus.org\\\/wp-content\\\/uploads\\\/2020\\\/06\\\/uli-pix.jpg\",\"contentUrl\":\"https:\\\/\\\/tonalibus.org\\\/wp-content\\\/uploads\\\/2020\\\/06\\\/uli-pix.jpg\",\"width\":960,\"height\":720,\"caption\":\"Ulrico\"},\"logo\":{\"@id\":\"https:\\\/\\\/tonalibus.org\\\/wp-content\\\/uploads\\\/2020\\\/06\\\/uli-pix.jpg\"},\"sameAs\":[\"https:\\\/\\\/tonalibus.cyon.site\"]}]}<\/script>\n<!-- \/ Yoast SEO plugin. -->","yoast_head_json":{"title":"Februar 2023 Kl\u00e4nge - TONALIBUS Harmonie und Tonalit\u00e4ten","description":"Hier finden Sie pers\u00f6nliche Februar 2023 Sounds. Es sind spontane, originelle Improvisationen und Soundscapes von Ulrico.","robots":{"index":"index","follow":"follow","max-snippet":"max-snippet:-1","max-image-preview":"max-image-preview:large","max-video-preview":"max-video-preview:-1"},"canonical":"https:\/\/tonalibus.org\/de\/sounds\/2023-sounds-and-images\/february-2023-sounds\/","og_locale":"de_DE","og_type":"article","og_title":"February 2023 sounds &#8211; TONALIBUS Harmony and Tonalities","og_description":"Here you find personal February 2023 sounds. They are spontaneous, original improvisations and soundscapes by Ulrico.","og_url":"https:\/\/tonalibus.org\/de\/sounds\/2023-sounds-and-images\/february-2023-sounds\/","og_site_name":"TONALIBUS","article_modified_time":"2023-03-04T09:14:08+00:00","og_image":[{"url":"https:\/\/tonalibus.org\/wp-content\/uploads\/2023\/01\/20221217_075255024_iOS-xc-1024x589.jpg","type":"","width":"","height":""}],"twitter_card":"summary_large_image","twitter_misc":{"Gesch\u00e4tzte Lesezeit":"1\u00a0Minute"},"schema":{"@context":"https:\/\/schema.org","@graph":[{"@type":"WebPage","@id":"https:\/\/tonalibus.org\/sounds\/2023-sounds-and-images\/february-2023-sounds\/","url":"https:\/\/tonalibus.org\/sounds\/2023-sounds-and-images\/february-2023-sounds\/","name":"Februar 2023 Kl\u00e4nge - TONALIBUS Harmonie und Tonalit\u00e4ten","isPartOf":{"@id":"https:\/\/tonalibus.org\/de\/#website"},"primaryImageOfPage":{"@id":"https:\/\/tonalibus.org\/sounds\/2023-sounds-and-images\/february-2023-sounds\/#primaryimage"},"image":{"@id":"https:\/\/tonalibus.org\/sounds\/2023-sounds-and-images\/february-2023-sounds\/#primaryimage"},"thumbnailUrl":"https:\/\/tonalibus.org\/wp-content\/uploads\/2023\/01\/20221217_075255024_iOS-xc-1024x589.jpg","datePublished":"2023-02-04T15:08:17+00:00","dateModified":"2023-03-04T09:14:08+00:00","description":"Hier finden Sie pers\u00f6nliche Februar 2023 Sounds. Es sind spontane, originelle Improvisationen und Soundscapes von Ulrico.","breadcrumb":{"@id":"https:\/\/tonalibus.org\/sounds\/2023-sounds-and-images\/february-2023-sounds\/#breadcrumb"},"inLanguage":"de-CH","potentialAction":[{"@type":"ReadAction","target":["https:\/\/tonalibus.org\/sounds\/2023-sounds-and-images\/february-2023-sounds\/"]}]},{"@type":"ImageObject","inLanguage":"de-CH","@id":"https:\/\/tonalibus.org\/sounds\/2023-sounds-and-images\/february-2023-sounds\/#primaryimage","url":"https:\/\/tonalibus.org\/wp-content\/uploads\/2023\/01\/20221217_075255024_iOS-xc-1024x589.jpg","contentUrl":"https:\/\/tonalibus.org\/wp-content\/uploads\/2023\/01\/20221217_075255024_iOS-xc-1024x589.jpg"},{"@type":"BreadcrumbList","@id":"https:\/\/tonalibus.org\/sounds\/2023-sounds-and-images\/february-2023-sounds\/#breadcrumb","itemListElement":[{"@type":"ListItem","position":1,"name":"Home","item":"https:\/\/tonalibus.org\/"},{"@type":"ListItem","position":2,"name":"Sounds","item":"https:\/\/tonalibus.org\/sounds\/"},{"@type":"ListItem","position":3,"name":"2023 Sounds and Images","item":"https:\/\/tonalibus.org\/sounds\/2023-sounds-and-images\/"},{"@type":"ListItem","position":4,"name":"February 2023 sounds"}]},{"@type":"WebSite","@id":"https:\/\/tonalibus.org\/de\/#website","url":"https:\/\/tonalibus.org\/de\/","name":"TONALIBUS","description":"Verankerte Harmonie und Tonalit\u00e4ten","publisher":{"@id":"https:\/\/tonalibus.org\/de\/#\/schema\/person\/749261d7bc96d1f00127273f83ab96a4"},"potentialAction":[{"@type":"SearchAction","target":{"@type":"EntryPoint","urlTemplate":"https:\/\/tonalibus.org\/de\/?s={search_term_string}"},"query-input":{"@type":"PropertyValueSpecification","valueRequired":true,"valueName":"search_term_string"}}],"inLanguage":"de-CH"},{"@type":["Person","Organization"],"@id":"https:\/\/tonalibus.org\/de\/#\/schema\/person\/749261d7bc96d1f00127273f83ab96a4","name":"Ulrico","image":{"@type":"ImageObject","inLanguage":"de-CH","@id":"https:\/\/tonalibus.org\/wp-content\/uploads\/2020\/06\/uli-pix.jpg","url":"https:\/\/tonalibus.org\/wp-content\/uploads\/2020\/06\/uli-pix.jpg","contentUrl":"https:\/\/tonalibus.org\/wp-content\/uploads\/2020\/06\/uli-pix.jpg","width":960,"height":720,"caption":"Ulrico"},"logo":{"@id":"https:\/\/tonalibus.org\/wp-content\/uploads\/2020\/06\/uli-pix.jpg"},"sameAs":["https:\/\/tonalibus.cyon.site"]}]}},"_links":{"self":[{"href":"https:\/\/tonalibus.org\/de\/wp-json\/wp\/v2\/pages\/23227","targetHints":{"allow":["GET"]}}],"collection":[{"href":"https:\/\/tonalibus.org\/de\/wp-json\/wp\/v2\/pages"}],"about":[{"href":"https:\/\/tonalibus.org\/de\/wp-json\/wp\/v2\/types\/page"}],"author":[{"embeddable":true,"href":"https:\/\/tonalibus.org\/de\/wp-json\/wp\/v2\/users\/1"}],"replies":[{"embeddable":true,"href":"https:\/\/tonalibus.org\/de\/wp-json\/wp\/v2\/comments?post=23227"}],"version-history":[{"count":0,"href":"https:\/\/tonalibus.org\/de\/wp-json\/wp\/v2\/pages\/23227\/revisions"}],"up":[{"embeddable":true,"href":"https:\/\/tonalibus.org\/de\/wp-json\/wp\/v2\/pages\/22314"}],"wp:attachment":[{"href":"https:\/\/tonalibus.org\/de\/wp-json\/wp\/v2\/media?parent=23227"}],"curies":[{"name":"wp","href":"https:\/\/api.w.org\/{rel}","templated":true}]}}