{"id":23858,"date":"2023-02-16T10:48:53","date_gmt":"2023-02-16T09:48:53","guid":{"rendered":"https:\/\/tonalibus.org\/?page_id=23858"},"modified":"2023-12-25T22:08:22","modified_gmt":"2023-12-25T21:08:22","slug":"tonalibus-f-g-h-album","status":"publish","type":"page","link":"https:\/\/tonalibus.org\/de\/shop\/tonalibus-f-g-h-album\/","title":{"rendered":"Tonalibus F, G, &amp; H \u2013 Album"},"content":{"rendered":"<p class=\"has-text-color\" style=\"color:#f7b320\">Das Album \u201cTonalibus F, G, &amp; H\u201d erscheint am 2. M\u00e4rz 2023 weltweit auf vielen Musik-Plattformen und pr\u00e4sentiert 25 meditative Improvisationen von <a href=\"https:\/\/tonalibus.org\/de\/about-tonalibus\/ulrico\/\"><mark style=\"background-color:rgba(0, 0, 0, 0);color:#f7b320\" class=\"has-inline-color\">Ulrico<\/mark><\/a>, mit 3\u00bd Stunden anhebender, heilender Musik. <\/p>\n\n\n\n<div class=\"wp-block-buttons is-content-justification-center is-layout-flex wp-container-core-buttons-is-layout-16018d1d wp-block-buttons-is-layout-flex\">\n<div class=\"wp-block-button is-style-outline is-style-outline--1\"><a class=\"wp-block-button__link wp-element-button\" href=\"#pforms\">Musik-Plattformen<\/a><\/div>\n\n\n\n<div class=\"wp-block-button is-style-outline is-style-outline--2\"><a class=\"wp-block-button__link wp-element-button\" href=\"#tracks\">Album-Titel<\/a><\/div>\n\n\n\n<div class=\"wp-block-button is-style-outline is-style-outline--3\"><a class=\"wp-block-button__link wp-element-button\" href=\"#cover\">Album-Cover<\/a><\/div>\n\n\n\n<div class=\"wp-block-button is-style-outline is-style-outline--4\"><a class=\"wp-block-button__link wp-element-button\" href=\"https:\/\/tonalibus.org\/de\/shop\/playlists\/\">Playlists<\/a><\/div>\n<\/div>\n\n\n\n<div style=\"height:50px\" aria-hidden=\"true\" class=\"wp-block-spacer\"><\/div>\n\n\n\n<p class=\"has-text-color\" style=\"color:#f7b320\">Dieses Album pr\u00e4sentiert Aufnahmen vom Fr\u00fchsommer bis Ende 2022, aus den Playlists F, G &amp; H. Am 28. November 2022 ver\u00f6ffentlichte Tonalibus bereits den Track #24 \u201cPhrygian HU \u2013 a meditative blues\u201d als Single. <\/p>\n\n\n\n<h2 class=\"wp-block-heading has-text-color\" id=\"pforms\" style=\"color:#f7b320\">Verwendete Musik-Vertriebs-Plattformen<\/h2>\n\n\n\n<p class=\"has-text-color\" style=\"color:#f7b320\">Diese und weitere Tonalibus-Ver\u00f6ffentlichungen sind auf den folgenden Musik-Plattformen zug\u00e4nglich. Einige dieser Musik-Dienste sind auf bestimmte Regionen oder L\u00e4nder beschr\u00e4nkt oder bieten internationale Musik nur in ihrem Gebiet an. Die unten angebotenen Links f\u00fchren zu den verf\u00fcgbaren Tonalibus-Ver\u00f6ffentlichungen.<\/p>\n\n\n\n<ul class=\"wp-block-list\">\n<li><a href=\"https:\/\/open.spotify.com\/artist\/3JiD2vdPrQKW5cQ1kzVUfR?si=lxVEt0QvSbGfaokgnVPlhw&amp;dl_branch=1\" target=\"_blank\" rel=\"noreferrer noopener\"><mark style=\"background-color:rgba(0, 0, 0, 0);color:#f7b320\" class=\"has-inline-color\">Spotify<\/mark><\/a><mark style=\"background-color:rgba(0, 0, 0, 0);color:#f7b320\" class=\"has-inline-color\">, <\/mark><a href=\"https:\/\/www.deezer.com\/en\/artist\/136505382\" target=\"_blank\" rel=\"noreferrer noopener\"><mark style=\"background-color:rgba(0, 0, 0, 0);color:#f7b320\" class=\"has-inline-color\">Deezer<\/mark><\/a><mark style=\"background-color:rgba(0, 0, 0, 0);color:#f7b320\" class=\"has-inline-color\">, <\/mark><a href=\"https:\/\/www.boomplay.com\/search\/default\/ulrico\" target=\"_blank\" rel=\"noreferrer noopener\"><mark style=\"background-color:rgba(0, 0, 0, 0);color:#f7b320\" class=\"has-inline-color\">Boomplay<\/mark><\/a><mark style=\"background-color:rgba(0, 0, 0, 0);color:#f7b320\" class=\"has-inline-color\"><mark style=\"background-color:rgba(0, 0, 0, 0);color:#f7b320\" class=\"has-inline-color\">, <\/mark>und <\/mark><a href=\"https:\/\/music.youtube.com\/channel\/UCihsJzyNwheaIF6_KHl7iPg?feature=share\" target=\"_blank\" rel=\"noreferrer noopener\"><mark style=\"background-color:rgba(0, 0, 0, 0);color:#f7b320\" class=\"has-inline-color\">YouTube Music<\/mark><\/a><mark style=\"background-color:rgba(0, 0, 0, 0);color:#f7b320\" class=\"has-inline-color\"> \u2013 kostenlos online h\u00f6ren, gegen Bezahlung werbefrei, etc.<\/mark><\/li>\n\n\n\n<li><a href=\"https:\/\/music.apple.com\/us\/artist\/ulrico\/1572759764\" target=\"_blank\" rel=\"noreferrer noopener\"><mark style=\"background-color:rgba(0, 0, 0, 0);color:#f7b320\" class=\"has-inline-color\">Apple Music \/ iTunes<\/mark><\/a><mark style=\"background-color:rgba(0, 0, 0, 0);color:#f7b320\" class=\"has-inline-color\">, <a href=\"https:\/\/www.kkbox.com\/sg\/sc\/artist\/HFnzgcp4zhE1k0F01oKRF08L-index-1.html\" target=\"_blank\" rel=\"noreferrer noopener\"><mark style=\"background-color:rgba(0, 0, 0, 0);color:#f7b320\" class=\"has-inline-color\">KKBox<\/mark><\/a> \u2013 90- oder 30-Sekunden H\u00f6rproben, gegen Bezahlung Online-H\u00f6ren oder Download<\/mark><\/li>\n\n\n\n<li><mark style=\"background-color:rgba(0, 0, 0, 0);color:#f7b320\" class=\"has-inline-color\">Zudem: <\/mark><a href=\"https:\/\/www.amazon.com\/s?k=tonalibus+music\" target=\"_blank\" rel=\"noreferrer noopener\"><mark style=\"background-color:rgba(0, 0, 0, 0);color:#f7b320\" class=\"has-inline-color\">Amazon<\/mark><\/a><mark style=\"background-color:rgba(0, 0, 0, 0);color:#f7b320\" class=\"has-inline-color\">, <\/mark><a href=\"https:\/\/listen.tidal.com\/artist\/26118548\" target=\"_blank\" rel=\"noreferrer noopener\"><mark style=\"background-color:rgba(0, 0, 0, 0);color:#f7b320\" class=\"has-inline-color\">Tidal<\/mark><\/a><mark style=\"background-color:rgba(0, 0, 0, 0);color:#f7b320\" class=\"has-inline-color\">, <\/mark><a href=\"https:\/\/music.163.com\/#\/album?id=130158288\" target=\"_blank\" rel=\"noreferrer noopener\"><mark style=\"background-color:rgba(0, 0, 0, 0);color:#f7b320\" class=\"has-inline-color\">NetEase<\/mark><\/a><mark style=\"background-color:rgba(0, 0, 0, 0);color:#f7b320\" class=\"has-inline-color\">, <\/mark><a href=\"https:\/\/y.qq.com\/n\/ryqq\/singer\/003m5rJP3c7eLM\" target=\"_blank\" rel=\"noreferrer noopener\"><mark style=\"background-color:rgba(0, 0, 0, 0);color:#f7b320\" class=\"has-inline-color\">QQ Music<\/mark><\/a><mark style=\"background-color:rgba(0, 0, 0, 0);color:#f7b320\" class=\"has-inline-color\">\/Tencent, <\/mark><a href=\"https:\/\/music.yandex.com\/artist\/12238825\" target=\"_blank\" rel=\"noreferrer noopener\"><mark style=\"background-color:rgba(0, 0, 0, 0);color:#f7b320\" class=\"has-inline-color\">Yandex Music<\/mark><\/a><mark style=\"background-color:rgba(0, 0, 0, 0);color:#f7b320\" class=\"has-inline-color\"> (beta), Adaptr, Anghami, ClaroMusica,<\/mark> <mark style=\"background-color:rgba(0, 0, 0, 0);color:#f7b320\" class=\"has-inline-color\">Flo, Instagram\/Facebook, iHeartRadio, Joox, Kuack Media, MediaNet,<\/mark> <mark style=\"background-color:rgba(0, 0, 0, 0);color:#f7b320\" class=\"has-inline-color\">NetEase, Qobuz, Pandora, Saavn, TikTok, Resso und Luna, Soundtrack by Twitch, etc. <\/mark><\/li>\n<\/ul>\n\n\n\n<h2 class=\"wp-block-heading has-text-color\" id=\"tracks\" style=\"color:#f7b320\">\u201cTonalibus F, G, &amp; H\u201d \u2013 Album-Titel<\/h2>\n\n\n\n<h3 class=\"wp-block-heading has-text-color\" style=\"color:#f7b320\">Aus der Playlist Tonalibus H \u2013<em> Wurzeln, Anf\u00e4nge und Enden<\/em><\/h3>\n\n\n\n<p class=\"has-text-color\" style=\"color:#f7b320\">1)<em> <\/em>\u201cNever give up, let go completely\u201d \u2013 ein Wunder der Natur<em> \u2014 <\/em>ReachMin \u2013 8-saitige Gitarre \u2013 5:05<\/p>\n\n\n\n<p class=\"has-text-color\" style=\"color:#f7b320\">2)<em> <\/em>\u201cGitasa\u201d \u2013 Familien-Ggeschenk f\u00fcr das Geschenk einer Familie<em> \u2014 <\/em>PentaMin \/ Penta\u00c4ol (pentatonisch Moll) mit einem Hauch von HexaBluMin \u2013 8-saitige Gitarre, singende S\u00e4ge, Tanpura \u2013 6:58<\/p>\n\n\n\n<p class=\"has-text-color\" style=\"color:#f7b320\">3)<em> <\/em>\u201cEmbracing Ma\u201d \u2013 Pro-Reg-Pro-Meditation<em> \u2014 <\/em>HexaBluMin, PentaReg \/ PentaPhryg (Blues-Moll) \u2013 8-saitige Gitarre, Tanpura \u2013 8:46<\/p>\n\n\n\n<p class=\"has-text-color\" style=\"color:#f7b320\">4)<em> <\/em>\u201cGitigota\u201d \u2013 ein erstes Inversions-Paar-Experiment \u2013 f\u00fcr K<em> <\/em>\u2013 PentaReg \/ PentaPhryg (Blues-Moll), PentaMin \/ Penta\u00c4ol (pentatonisch Moll), Phrygisch, HexaBluMin \u2013 8-saitige Gitarre, tibetisches Tingsha-Zimbel-Paar, grosser Gong, Tanpura \u2013 16:03<\/p>\n\n\n\n<p class=\"has-text-color\" style=\"color:#f7b320\">5)<em> <\/em>\u201c\u0950 \u0936\u093e\u0928\u094d\u0924\u093f\u0903 \u092d\u0915\u094d\u0924\u093f \u0950 \u2013 \u014c\u1e43 \u015a\u0101nti\u1e25 Bhakti \u014c\u1e43\u201d \u2013 Kontemplation<em> \u2014 <\/em>ReachMin \u2013 mehrfach 8-saitige Gitarre und Stimme \u2013 5:15<\/p>\n\n\n\n<p class=\"has-text-color\" style=\"color:#f7b320\">6)<em> <\/em>\u201cHeptaNa Gita\u201d \u2013 Oberton-Medley<em> \u2014 <\/em>HeptaNa \/ Lyd\u00c4olisch \u2013 8-saitige Gitarre, grosser Gong, Tanpura \u2013 3:46<\/p>\n\n\n\n<p class=\"has-text-color\" style=\"color:#f7b320\">7)<em> <\/em>\u201cQuad Pro square anchored octa Core\u201d \u2013 eine Entdeckungsreise<em> \u2014 <\/em>OctaCor, Core-Tonalit\u00e4t Ableitung \u2013 8-saitige Gitarre, Gongs, Harmonium \u2013 9:08<\/p>\n\n\n\n<p class=\"has-text-color\" style=\"color:#f7b320\">8)<em> <\/em>\u201cHexaNa Gita\u201d \u2013 harmonisches Six-Pack<em> \u2014 <\/em>HexaNa mit einem Hauch ClusterPro \/ LydDorisch \u2013 8-saitige Gitarre und Tanpura \u2013 3:19<\/p>\n\n\n\n<p class=\"has-text-color\" style=\"color:#f7b320\">9)<em> <\/em>\u201cGihahatigo Bhairav\u201d \u2013 ReachBal Kontemplation<em> \u2014 <\/em>ReachBal \u2013 8-saitige Gitarre, Harmonium, Tingsha-Zimbel-Paar, Gong \u2013 8:15<\/p>\n\n\n\n<p class=\"has-text-color\" style=\"color:#f7b320\">10)<em> <\/em>\u201cConscious derivative\u201d \u2013 eine Insel-Erinnerung<em> \u2014 <\/em>HexaBlueUp (BlueUp Ableitung ohne 7+) \u2013 8-saitige Gitarre, Tanpura \u2013 5:23<\/p>\n\n\n\n<p class=\"has-text-color\" style=\"color:#f7b320\">11)<em> <\/em>\u201cLife is great!\u201d \u2013 eine feierliche Meditation \u2013 f\u00fcr M\u00e4tti<em> \u2014 <\/em>PentaCor \u2013 8-saitige Gitarre, Crotales, grosser Gong, Tanpura \u2013 6:27<\/p>\n\n\n\n<h3 class=\"wp-block-heading has-text-color\" style=\"color:#f7b320\">Aus der Playlist Tonalibus G \u2013<em> Weit Hinaus- und Hineinwagen<\/em><\/h3>\n\n\n\n<p class=\"has-text-color\" style=\"color:#f7b320\">12)<em> <\/em>\u201cCelebration joy\u201d \u2013 ein neuer Anfang \u2013 f\u00fcr Metta (und Moon)<em> \u2014 <\/em>TetraNa Mixolydisch Mischung \u2013 8-saitige Gitarre \u2013 12:05<\/p>\n\n\n\n<p class=\"has-text-color\" style=\"color:#f7b320\">13)<em> <\/em>\u201c\u0950 \u0936\u093e\u0928\u094d\u0924\u093f\u0903 Om Shanti HU\u201d \u2013 mit Elijahs Glocken und Zikaden<em> \u2014 <\/em>PentaProLa oder PentaIon (pentatonisch Dur) auf A# \u2013 Tenor-Blockfl\u00f6te, orthodoxe Kirchen-Glocken, nat\u00fcrliche Zikaden, 8-saitige Gitarre, tief chantende Stimmen im Unisono mit Obert\u00f6nen \u2013 4:43<\/p>\n\n\n\n<p class=\"has-text-color\" style=\"color:#f7b320\">14)<em> <\/em>\u201cNo mistake\u201d \u2013 grosser Himmel, Strand, Felsen, Kiefer, gebrochener Ast<em> \u2014 <\/em>Phrygisch auf A umrahmend HexaBlueUp (BlueUp ohne 7+) auf E \u2013 8-saitige Gitarre und Tenor-Blockfl\u00f6te \u2013 6:40<\/p>\n\n\n\n<p class=\"has-text-color\" style=\"color:#f7b320\">15)<em> <\/em>\u201cHoly sham\u201d \u2013 eine kurze Klang-Exkursion weit hinaus \u2013 f\u00fcr M&amp;M<em> \u2014 <\/em>Mixolydisch auf G, gew\u00fcrzt \u2013 mehrfach Fujara und 8-saitige Gitarre \u2013 4:25<\/p>\n\n\n\n<p class=\"has-text-color\" style=\"color:#f7b320\">16)<em> <\/em>\u201cAn embrace of divine love\u201d \u2013 keine Scheinheiligkeit<em> \u2014 <\/em>Ionisch \u2013 7-saitige Gitarre \u2013 9:51<\/p>\n\n\n\n<p class=\"has-text-color\" style=\"color:#f7b320\">17)<em> <\/em>\u201c\u0938\u0902\u092a\u094d\u0930\u092f\u093e\u0923 Sa\u1e43pray\u0101\u1e47a\u201d \u2013 Aufbruch aus der Vergangenheit in die Zukunft!<em> \u2014 <\/em>TetraNa mit Mixolydisch \u2013 zweifach 7-saitige Gitarre, 8-saitige Gitarre, Crotales \u2013 15:10<\/p>\n\n\n\n<p class=\"has-text-color\" style=\"color:#f7b320\">18)<em> <\/em>\u201cGratitude in advance\u201d \u2013 ein wahres Geschenk<em> \u2014 <\/em>HexaBluNa oder HexaLolo \u2013 7-saitige Gitarre, 8-saitige Gitarre, Crotales, Gong, und Tanpura \u2013 6:10<\/p>\n\n\n\n<h3 class=\"wp-block-heading has-text-color\" style=\"color:#f7b320\">Aus der Playlist Tonalibus F \u2013<em> So viele Farben der Realit\u00e4t<\/em><\/h3>\n\n\n\n<p class=\"has-text-color\" style=\"color:#f7b320\">19)<em> <\/em>\u201cIndividual bhajan\u201d \u2013 ein Progressions-Experiment<em> \u2014 <\/em>Phrygisch, ReachMin, ReachMix, Mixolydisch \u2013 8-saitige Gitarre, Tingsha-Zimbeln, Gong und zweifach Stimme \u2013 13:08<\/p>\n\n\n\n<p class=\"has-text-color\" style=\"color:#f7b320\">20)<em> <\/em>\u201cNew moon rising\u201d \u2013 eine feinf\u00fchlige Begr\u00fcssung<em> \u2014 <\/em>ReachNaBal \u2013 8-saitige Gitarre \u2013 4:52<\/p>\n\n\n\n<p class=\"has-text-color\" style=\"color:#f7b320\">21)<em> <\/em>\u201cLet\u2019s talk\u201d \u2013 ein pers\u00f6nliches Manifest<em> \u2014 <\/em>basierend auf den vier Ecken des Klangtempels, von PentaCor \u00fcber HexaCorMix zu LoReachUpMix und zur\u00fcck \u2013 zweifach 8-saitige Gitarre, Stimme und Gongs \u2013 13:21<\/p>\n\n\n\n<p class=\"has-text-color\" style=\"color:#f7b320\">22)<em> <\/em>\u201cFour by four\u201d \u2013 Ecken des Klangtempels<em> <\/em>\u2013 vier Gongs \u2013 14:09<\/p>\n\n\n\n<p class=\"has-text-color\" style=\"color:#f7b320\">23)<em> <\/em>\u201cHU cares\u201d \u2013 eine Klangzyklus-P\u016bj\u0101<em> \u2014 <\/em>\u00c4olisch \u2013 zweifach 8-saitige Gitarre und mehrfach Stimme \u2013 5:09<\/p>\n\n\n\n<p class=\"has-text-color\" style=\"color:#f7b320\">24)<em> <\/em>\u201cPhrygian HU\u201d \u2013 ein meditativer Blues<em> \u2014 <\/em>Phrygisch \u2013 mehrfach 8-saitige Gitarre, Stimme, Crotales, Tampura \u2013 10:20<\/p>\n\n\n\n<p class=\"has-text-color\" style=\"color:#f7b320\">25)<em> <\/em>\u201cFarewell welcome blues\u201d \u2013 von einem Mond zum n\u00e4chsten<em> \u2014 <\/em>PentaMin \/ Penta\u00c4ol \u2013 zweifach Bass, 8-saitige Gitarre und Stimme \u2013 6:27<\/p>\n\n\n\n<h2 class=\"wp-block-heading has-text-color\" id=\"cover\" style=\"color:#f7b320\">\u201cTonalibus F, G, &amp; H\u201d \u2013 Album-Cover<\/h2>\n\n\n\n<div style=\"height:16px\" aria-hidden=\"true\" class=\"wp-block-spacer\"><\/div>\n\n\n<div class=\"wp-block-image\">\n<figure class=\"aligncenter size-large is-resized\"><img loading=\"lazy\" decoding=\"async\" width=\"1024\" height=\"1024\" src=\"https:\/\/tonalibus.org\/wp-content\/uploads\/2022\/03\/IMG_6294-cv-sqr-nE-1024x1024.jpg\" alt=\"Tonalibus F, G, &amp; H \u2013 Album\" class=\"wp-image-18249\" style=\"width:512px;height:512px\" srcset=\"https:\/\/tonalibus.org\/wp-content\/uploads\/2022\/03\/IMG_6294-cv-sqr-nE-1024x1024.jpg 1024w, https:\/\/tonalibus.org\/wp-content\/uploads\/2022\/03\/IMG_6294-cv-sqr-nE-300x300.jpg 300w, https:\/\/tonalibus.org\/wp-content\/uploads\/2022\/03\/IMG_6294-cv-sqr-nE-150x150.jpg 150w, https:\/\/tonalibus.org\/wp-content\/uploads\/2022\/03\/IMG_6294-cv-sqr-nE-768x768.jpg 768w, https:\/\/tonalibus.org\/wp-content\/uploads\/2022\/03\/IMG_6294-cv-sqr-nE-12x12.jpg 12w, https:\/\/tonalibus.org\/wp-content\/uploads\/2022\/03\/IMG_6294-cv-sqr-nE-100x100.jpg 100w, https:\/\/tonalibus.org\/wp-content\/uploads\/2022\/03\/IMG_6294-cv-sqr-nE-560x560.jpg 560w, https:\/\/tonalibus.org\/wp-content\/uploads\/2022\/03\/IMG_6294-cv-sqr-nE.jpg 1303w\" sizes=\"auto, (max-width: 706px) 89vw, (max-width: 767px) 82vw, 740px\" \/><figcaption class=\"wp-element-caption\">So viele Farben der Realit\u00e4t<em> \u2014 <\/em>Weit Hinaus- und Hineinwagen<em> \u2014 <\/em>Wurzeln, Anf\u00e4nge und Enden<\/figcaption><\/figure>\n<\/div>\n\n\n<p><\/p>","protected":false},"excerpt":{"rendered":"<p>Das Album \"Tonalibus F, G, &amp; H\" erscheint am 2. M\u00e4rz 2023 weltweit auf vielen Musikplattformen und bietet 25 meditative Improvisationen von Ulrico, die sich \u00fcber 3\u00bd Stunden erhebender Heilungsmusik erstrecken. Das Album pr\u00e4sentiert Aufnahmen vom Fr\u00fchsommer bis Ende 2022 aus den Playlists F, G &amp; H. Am 28. November 2022 ver\u00f6ffentlichte Tonalibus bereits ... <\/p>\n<p class=\"link-more\"><a href=\"https:\/\/tonalibus.org\/de\/shop\/tonalibus-f-g-h-album\/\" class=\"more-link\"><span class=\"screen-reader-text\">\"Tonalibus F, G, &amp; H - Album\"<\/span> weiterlesen<\/a><\/p>","protected":false},"author":1,"featured_media":0,"parent":490,"menu_order":33,"comment_status":"closed","ping_status":"closed","template":"","meta":{"footnotes":""},"class_list":["post-23858","page","type-page","status-publish","hentry"],"yoast_head":"<!-- This site is optimized with the Yoast SEO plugin v27.3 - https:\/\/yoast.com\/product\/yoast-seo-wordpress\/ -->\n<title>Tonalibus F, G, &amp; H \u2013 Album &#8211; TONALIBUS Harmony and Tonalities<\/title>\n<meta name=\"description\" content=\"The album &quot;Tonalibus F, G, &amp; H&quot; offers 25 original, meditative improvisations by Ulrico, spanning 3\u00bd hours of uplifting healing music.\" \/>\n<meta name=\"robots\" content=\"index, follow, max-snippet:-1, max-image-preview:large, max-video-preview:-1\" \/>\n<link rel=\"canonical\" href=\"https:\/\/tonalibus.org\/de\/shop\/tonalibus-f-g-h-album\/\" \/>\n<meta property=\"og:locale\" content=\"de_DE\" \/>\n<meta property=\"og:type\" content=\"article\" \/>\n<meta property=\"og:title\" content=\"Tonalibus F, G, &amp; H \u2013 Album &#8211; TONALIBUS Harmony and Tonalities\" \/>\n<meta property=\"og:description\" content=\"The album &quot;Tonalibus F, G, &amp; H&quot; offers 25 original, meditative improvisations by Ulrico, spanning 3\u00bd hours of uplifting healing music.\" \/>\n<meta property=\"og:url\" content=\"https:\/\/tonalibus.org\/de\/shop\/tonalibus-f-g-h-album\/\" \/>\n<meta property=\"og:site_name\" content=\"TONALIBUS\" \/>\n<meta property=\"article:modified_time\" content=\"2023-12-25T21:08:22+00:00\" \/>\n<meta property=\"og:image\" content=\"https:\/\/tonalibus.org\/wp-content\/uploads\/2022\/03\/IMG_6294-cv-sqr-nE-1024x1024.jpg\" \/>\n<meta name=\"twitter:card\" content=\"summary_large_image\" \/>\n<meta name=\"twitter:label1\" content=\"Gesch\u00e4tzte Lesezeit\" \/>\n\t<meta name=\"twitter:data1\" content=\"4\u00a0Minuten\" \/>\n<script type=\"application\/ld+json\" class=\"yoast-schema-graph\">{\"@context\":\"https:\\\/\\\/schema.org\",\"@graph\":[{\"@type\":\"WebPage\",\"@id\":\"https:\\\/\\\/tonalibus.org\\\/shop\\\/tonalibus-f-g-h-album\\\/\",\"url\":\"https:\\\/\\\/tonalibus.org\\\/shop\\\/tonalibus-f-g-h-album\\\/\",\"name\":\"Tonalibus F, G, & H \u2013 Album &#8211; TONALIBUS Harmony and Tonalities\",\"isPartOf\":{\"@id\":\"https:\\\/\\\/tonalibus.org\\\/de\\\/#website\"},\"primaryImageOfPage\":{\"@id\":\"https:\\\/\\\/tonalibus.org\\\/shop\\\/tonalibus-f-g-h-album\\\/#primaryimage\"},\"image\":{\"@id\":\"https:\\\/\\\/tonalibus.org\\\/shop\\\/tonalibus-f-g-h-album\\\/#primaryimage\"},\"thumbnailUrl\":\"https:\\\/\\\/tonalibus.org\\\/wp-content\\\/uploads\\\/2022\\\/03\\\/IMG_6294-cv-sqr-nE-1024x1024.jpg\",\"datePublished\":\"2023-02-16T09:48:53+00:00\",\"dateModified\":\"2023-12-25T21:08:22+00:00\",\"description\":\"The album \\\"Tonalibus F, G, & H\\\" offers 25 original, meditative improvisations by Ulrico, spanning 3\u00bd hours of uplifting healing music.\",\"breadcrumb\":{\"@id\":\"https:\\\/\\\/tonalibus.org\\\/shop\\\/tonalibus-f-g-h-album\\\/#breadcrumb\"},\"inLanguage\":\"de-CH\",\"potentialAction\":[{\"@type\":\"ReadAction\",\"target\":[\"https:\\\/\\\/tonalibus.org\\\/shop\\\/tonalibus-f-g-h-album\\\/\"]}]},{\"@type\":\"ImageObject\",\"inLanguage\":\"de-CH\",\"@id\":\"https:\\\/\\\/tonalibus.org\\\/shop\\\/tonalibus-f-g-h-album\\\/#primaryimage\",\"url\":\"https:\\\/\\\/tonalibus.org\\\/wp-content\\\/uploads\\\/2022\\\/03\\\/IMG_6294-cv-sqr-nE-1024x1024.jpg\",\"contentUrl\":\"https:\\\/\\\/tonalibus.org\\\/wp-content\\\/uploads\\\/2022\\\/03\\\/IMG_6294-cv-sqr-nE-1024x1024.jpg\"},{\"@type\":\"BreadcrumbList\",\"@id\":\"https:\\\/\\\/tonalibus.org\\\/shop\\\/tonalibus-f-g-h-album\\\/#breadcrumb\",\"itemListElement\":[{\"@type\":\"ListItem\",\"position\":1,\"name\":\"Home\",\"item\":\"https:\\\/\\\/tonalibus.org\\\/\"},{\"@type\":\"ListItem\",\"position\":2,\"name\":\"Fidibus Shop\",\"item\":\"https:\\\/\\\/tonalibus.org\\\/shop\\\/\"},{\"@type\":\"ListItem\",\"position\":3,\"name\":\"Tonalibus F, G, &#038; H \u2013 Album\"}]},{\"@type\":\"WebSite\",\"@id\":\"https:\\\/\\\/tonalibus.org\\\/de\\\/#website\",\"url\":\"https:\\\/\\\/tonalibus.org\\\/de\\\/\",\"name\":\"TONALIBUS\",\"description\":\"Anchored Harmony and Tonalities\",\"publisher\":{\"@id\":\"https:\\\/\\\/tonalibus.org\\\/de\\\/#\\\/schema\\\/person\\\/749261d7bc96d1f00127273f83ab96a4\"},\"potentialAction\":[{\"@type\":\"SearchAction\",\"target\":{\"@type\":\"EntryPoint\",\"urlTemplate\":\"https:\\\/\\\/tonalibus.org\\\/de\\\/?s={search_term_string}\"},\"query-input\":{\"@type\":\"PropertyValueSpecification\",\"valueRequired\":true,\"valueName\":\"search_term_string\"}}],\"inLanguage\":\"de-CH\"},{\"@type\":[\"Person\",\"Organization\"],\"@id\":\"https:\\\/\\\/tonalibus.org\\\/de\\\/#\\\/schema\\\/person\\\/749261d7bc96d1f00127273f83ab96a4\",\"name\":\"Ulrico\",\"image\":{\"@type\":\"ImageObject\",\"inLanguage\":\"de-CH\",\"@id\":\"https:\\\/\\\/tonalibus.org\\\/wp-content\\\/uploads\\\/2020\\\/06\\\/uli-pix.jpg\",\"url\":\"https:\\\/\\\/tonalibus.org\\\/wp-content\\\/uploads\\\/2020\\\/06\\\/uli-pix.jpg\",\"contentUrl\":\"https:\\\/\\\/tonalibus.org\\\/wp-content\\\/uploads\\\/2020\\\/06\\\/uli-pix.jpg\",\"width\":960,\"height\":720,\"caption\":\"Ulrico\"},\"logo\":{\"@id\":\"https:\\\/\\\/tonalibus.org\\\/wp-content\\\/uploads\\\/2020\\\/06\\\/uli-pix.jpg\"},\"sameAs\":[\"https:\\\/\\\/tonalibus.cyon.site\"]}]}<\/script>\n<!-- \/ Yoast SEO plugin. -->","yoast_head_json":{"title":"Tonalibus F, G, &amp; H - Album - TONALIBUS Harmonie und Tonarten","description":"Das Album \"Tonalibus F, G, &amp; H\" bietet 25 originelle, meditative Improvisationen von Ulrico, die sich \u00fcber 3\u00bd Stunden erhebender, heilender Musik erstrecken.","robots":{"index":"index","follow":"follow","max-snippet":"max-snippet:-1","max-image-preview":"max-image-preview:large","max-video-preview":"max-video-preview:-1"},"canonical":"https:\/\/tonalibus.org\/de\/shop\/tonalibus-f-g-h-album\/","og_locale":"de_DE","og_type":"article","og_title":"Tonalibus F, G, & H \u2013 Album &#8211; TONALIBUS Harmony and Tonalities","og_description":"The album \"Tonalibus F, G, & H\" offers 25 original, meditative improvisations by Ulrico, spanning 3\u00bd hours of uplifting healing music.","og_url":"https:\/\/tonalibus.org\/de\/shop\/tonalibus-f-g-h-album\/","og_site_name":"TONALIBUS","article_modified_time":"2023-12-25T21:08:22+00:00","og_image":[{"url":"https:\/\/tonalibus.org\/wp-content\/uploads\/2022\/03\/IMG_6294-cv-sqr-nE-1024x1024.jpg","type":"","width":"","height":""}],"twitter_card":"summary_large_image","twitter_misc":{"Gesch\u00e4tzte Lesezeit":"4\u00a0Minuten"},"schema":{"@context":"https:\/\/schema.org","@graph":[{"@type":"WebPage","@id":"https:\/\/tonalibus.org\/shop\/tonalibus-f-g-h-album\/","url":"https:\/\/tonalibus.org\/shop\/tonalibus-f-g-h-album\/","name":"Tonalibus F, G, &amp; H - Album - TONALIBUS Harmonie und Tonarten","isPartOf":{"@id":"https:\/\/tonalibus.org\/de\/#website"},"primaryImageOfPage":{"@id":"https:\/\/tonalibus.org\/shop\/tonalibus-f-g-h-album\/#primaryimage"},"image":{"@id":"https:\/\/tonalibus.org\/shop\/tonalibus-f-g-h-album\/#primaryimage"},"thumbnailUrl":"https:\/\/tonalibus.org\/wp-content\/uploads\/2022\/03\/IMG_6294-cv-sqr-nE-1024x1024.jpg","datePublished":"2023-02-16T09:48:53+00:00","dateModified":"2023-12-25T21:08:22+00:00","description":"Das Album \"Tonalibus F, G, &amp; H\" bietet 25 originelle, meditative Improvisationen von Ulrico, die sich \u00fcber 3\u00bd Stunden erhebender, heilender Musik erstrecken.","breadcrumb":{"@id":"https:\/\/tonalibus.org\/shop\/tonalibus-f-g-h-album\/#breadcrumb"},"inLanguage":"de-CH","potentialAction":[{"@type":"ReadAction","target":["https:\/\/tonalibus.org\/shop\/tonalibus-f-g-h-album\/"]}]},{"@type":"ImageObject","inLanguage":"de-CH","@id":"https:\/\/tonalibus.org\/shop\/tonalibus-f-g-h-album\/#primaryimage","url":"https:\/\/tonalibus.org\/wp-content\/uploads\/2022\/03\/IMG_6294-cv-sqr-nE-1024x1024.jpg","contentUrl":"https:\/\/tonalibus.org\/wp-content\/uploads\/2022\/03\/IMG_6294-cv-sqr-nE-1024x1024.jpg"},{"@type":"BreadcrumbList","@id":"https:\/\/tonalibus.org\/shop\/tonalibus-f-g-h-album\/#breadcrumb","itemListElement":[{"@type":"ListItem","position":1,"name":"Home","item":"https:\/\/tonalibus.org\/"},{"@type":"ListItem","position":2,"name":"Fidibus Shop","item":"https:\/\/tonalibus.org\/shop\/"},{"@type":"ListItem","position":3,"name":"Tonalibus F, G, &#038; H \u2013 Album"}]},{"@type":"WebSite","@id":"https:\/\/tonalibus.org\/de\/#website","url":"https:\/\/tonalibus.org\/de\/","name":"TONALIBUS","description":"Verankerte Harmonie und Tonalit\u00e4ten","publisher":{"@id":"https:\/\/tonalibus.org\/de\/#\/schema\/person\/749261d7bc96d1f00127273f83ab96a4"},"potentialAction":[{"@type":"SearchAction","target":{"@type":"EntryPoint","urlTemplate":"https:\/\/tonalibus.org\/de\/?s={search_term_string}"},"query-input":{"@type":"PropertyValueSpecification","valueRequired":true,"valueName":"search_term_string"}}],"inLanguage":"de-CH"},{"@type":["Person","Organization"],"@id":"https:\/\/tonalibus.org\/de\/#\/schema\/person\/749261d7bc96d1f00127273f83ab96a4","name":"Ulrico","image":{"@type":"ImageObject","inLanguage":"de-CH","@id":"https:\/\/tonalibus.org\/wp-content\/uploads\/2020\/06\/uli-pix.jpg","url":"https:\/\/tonalibus.org\/wp-content\/uploads\/2020\/06\/uli-pix.jpg","contentUrl":"https:\/\/tonalibus.org\/wp-content\/uploads\/2020\/06\/uli-pix.jpg","width":960,"height":720,"caption":"Ulrico"},"logo":{"@id":"https:\/\/tonalibus.org\/wp-content\/uploads\/2020\/06\/uli-pix.jpg"},"sameAs":["https:\/\/tonalibus.cyon.site"]}]}},"_links":{"self":[{"href":"https:\/\/tonalibus.org\/de\/wp-json\/wp\/v2\/pages\/23858","targetHints":{"allow":["GET"]}}],"collection":[{"href":"https:\/\/tonalibus.org\/de\/wp-json\/wp\/v2\/pages"}],"about":[{"href":"https:\/\/tonalibus.org\/de\/wp-json\/wp\/v2\/types\/page"}],"author":[{"embeddable":true,"href":"https:\/\/tonalibus.org\/de\/wp-json\/wp\/v2\/users\/1"}],"replies":[{"embeddable":true,"href":"https:\/\/tonalibus.org\/de\/wp-json\/wp\/v2\/comments?post=23858"}],"version-history":[{"count":0,"href":"https:\/\/tonalibus.org\/de\/wp-json\/wp\/v2\/pages\/23858\/revisions"}],"up":[{"embeddable":true,"href":"https:\/\/tonalibus.org\/de\/wp-json\/wp\/v2\/pages\/490"}],"wp:attachment":[{"href":"https:\/\/tonalibus.org\/de\/wp-json\/wp\/v2\/media?parent=23858"}],"curies":[{"name":"wp","href":"https:\/\/api.w.org\/{rel}","templated":true}]}}