{"id":24097,"date":"2023-03-04T10:07:47","date_gmt":"2023-03-04T09:07:47","guid":{"rendered":"https:\/\/tonalibus.org\/?page_id=24097"},"modified":"2023-03-31T18:43:23","modified_gmt":"2023-03-31T16:43:23","slug":"march-2023-sounds","status":"publish","type":"page","link":"https:\/\/tonalibus.org\/de\/sounds\/2023-sounds-and-images\/march-2023-sounds\/","title":{"rendered":"M\u00e4rz 2023 Kl\u00e4nge"},"content":{"rendered":"<h2 class=\"wp-block-heading has-text-color\" style=\"color:#f7b320\">Pers\u00f6nliche und kooperative Kl\u00e4nge<em> <\/em>vom M\u00e4rz 2023<\/h2>\n\n\n\n<p class=\"has-text-color\" style=\"color:#f7b320\">Nachfolgend findst du pers\u00f6nliche und kooperative Kl\u00e4nge<em> <\/em>vom M\u00e4rz 2023.<em> <\/em>Dies sind spontane, originelle Improvisationen und Soundscapes von <a href=\"https:\/\/tonalibus.org\/de\/about-tonalibus\/ulrico\/\"><mark style=\"background-color:rgba(0, 0, 0, 0);color:#f7b320\" class=\"has-inline-color\">Ulrico<\/mark><\/a><mark style=\"background-color:rgba(0, 0, 0, 0)\" class=\"has-inline-color has-black-color\"> <\/mark>auf verschiedenen Instrumenten, mehrschichtig oder einspurig, sowie Kooperations-St\u00fccke mit anderen Musikern, wie angegeben.<\/p>\n\n\n\n<h3 class=\"wp-block-heading has-text-color\" id=\"echoes\" style=\"color:#f7b320\">\u201cEchoes of growing silence\u201d \u2013 Feier einer neuen Geburt<\/h3>\n\n\n\n<figure class=\"wp-block-audio\"><audio controls src=\"https:\/\/tonalibus.org\/wp-content\/uploads\/2023\/03\/2023-03-30-GGGB.mp3\"><\/audio><figcaption class=\"wp-element-caption\"><a href=\"https:\/\/tonalibus.org\/de\/tonalities\/clustered-or-melodic-heptatonalities\/ionaeolian-or-clusterbal-melodic-major\/\"><mark style=\"background-color:rgba(0, 0, 0, 0);color:#f7b320\" class=\"has-inline-color\">Ion\u00c4olisch \/ ClusterBal<\/mark><\/a><mark style=\"background-color:rgba(0, 0, 0, 0);color:#f7b320\" class=\"has-inline-color\"> (melodisch Dur) \u2013 8-saitige Gitarre mit anhaltendem Echo, Bass \u2013 6:14 \u2013<em> <\/em>(Loop via Rechts-Klick, falls vorhanden)<\/mark><\/figcaption><\/figure>\n\n\n\n<h3 class=\"wp-block-heading has-text-color\" id=\"umbilical\" style=\"color:#f7b320\">\u201cUmbilical\u201d \u2013 Kl\u00e4nge in der Stille<\/h3>\n\n\n\n<figure class=\"wp-block-audio\"><audio controls src=\"https:\/\/tonalibus.org\/wp-content\/uploads\/2023\/03\/2023-Feb-Mar-PHU-guit-s.mp3\" preload=\"metadata\"><\/audio><figcaption class=\"wp-element-caption\"><a href=\"https:\/\/tonalibus.org\/de\/tonalities\/reach-or-harmonic-heptatonalities\/reachmin-phryg-dominant\/\"><mark style=\"background-color:rgba(0, 0, 0, 0);color:#f7b320\" class=\"has-inline-color\">ReachMin<\/mark><\/a><mark style=\"background-color:rgba(0, 0, 0, 0);color:#f7b320\" class=\"has-inline-color\"> oder<em> <\/em>Phrygisch dominant<em> <\/em>auf 136 Hz \u2013 mehrfach 8-saitige Gitarre \u2013 10:05<\/mark><em> <\/em><mark style=\"background-color:rgba(0, 0, 0, 0);color:#f7b320\" class=\"has-inline-color\">\u2013 aus Tonaufnahmen f\u00fcr \u201cKlanggeschichte\u201d, die <\/mark><a href=\"https:\/\/tonalibus.org\/de\/shop\/story-nabelschnur\/\"><em><mark style=\"background-color:rgba(0, 0, 0, 0);color:#f7b320\" class=\"has-inline-color\">Geschichte: Nabelschnur<\/mark><\/em><\/a><mark style=\"background-color:rgba(0, 0, 0, 0);color:#f7b320\" class=\"has-inline-color\"> \u00fcber die Entwicklung der Nabelschnur<\/mark><\/figcaption><\/figure>\n\n\n\n<h3 class=\"wp-block-heading has-text-color\" id=\"nabelschnur\" style=\"color:#f7b320\">\u201cKlanggeschichte\u201d \u2013 die Entwicklung der Nabelschnur<\/h3>\n\n\n\n<p class=\"has-text-color\" style=\"color:#f7b320\">Eine Klanggeschichte \u00fcber Verbindung, Wachstum und Abnabelung<em> <\/em>\u2013 10 Kapitel \u2013 Stimme und Geschichte (auf Deutsch) von Philine Harte, 8-saitige Gitarre (und Zimbeln) von Ulrico \u2013 63 Minuten \u2013 <a href=\"https:\/\/tonalibus.org\/de\/shop\/story-nabelschnur\/\"><mark style=\"background-color:rgba(0, 0, 0, 0);color:#f7b320\" class=\"has-inline-color\">Playlist \/ Album<\/mark><\/a><br><\/p>\n\n\n\n<h3 class=\"wp-block-heading has-text-color\" id=\"horizon\" style=\"color:#f7b320\">\u201cTo a new horizon\u201d \u2013 den Horizont loslassen, um einen neuen zu finden<\/h3>\n\n\n\n<figure class=\"wp-block-audio\"><audio controls src=\"https:\/\/tonalibus.org\/wp-content\/uploads\/2023\/03\/2023-03-09-CBU4-ViBoCy.mp3\" preload=\"metadata\"><\/audio><figcaption class=\"wp-element-caption\"><mark style=\"background-color:rgba(0, 0, 0, 0);color:#f7b320\" class=\"has-inline-color\">Violine von Christina Braun, Schale und Zimbeln von Ulrico \u2013 5:55<\/mark><\/figcaption><\/figure>\n\n\n\n<h3 class=\"wp-block-heading has-text-color\" id=\"again\" style=\"color:#f7b320\">\u201cEver again, keep going!\u201d \u2013 das Leben geht weiter<\/h3>\n\n\n\n<figure class=\"wp-block-audio\"><audio controls src=\"https:\/\/tonalibus.org\/wp-content\/uploads\/2023\/03\/2023-03-09-CBU1.mp3\"><\/audio><figcaption class=\"wp-element-caption\"><a href=\"https:\/\/tonalibus.org\/de\/tonalities\/pentatonalities\/tetrana\/\"><mark style=\"background-color:rgba(0, 0, 0, 0);color:#f7b320\" class=\"has-inline-color\">TetraNa<\/mark><\/a><mark style=\"background-color:rgba(0, 0, 0, 0);color:#f7b320\" class=\"has-inline-color\"> based \u2013 Stimme von Christina Braun, 8-saitige Gitarre von Ulrico \u2013 3:48<\/mark><\/figcaption><\/figure>\n\n\n\n<h3 class=\"wp-block-heading has-text-color\" id=\"bears\" style=\"color:#f7b320\">\u201cBears and butterflies\u201d \u2013 durch farbigen Sand sieben<\/h3>\n\n\n\n<figure class=\"wp-block-audio\"><audio controls src=\"https:\/\/tonalibus.org\/wp-content\/uploads\/2023\/03\/2023-03-01-VGGB.mp3\" preload=\"metadata\"><\/audio><figcaption class=\"wp-element-caption\"><mark style=\"background-color:rgba(0, 0, 0, 0);color:#f7b320\" class=\"has-inline-color\">Diffus D#, G#\/C# <\/mark><a href=\"https:\/\/tonalibus.org\/de\/tonalities\/diatonic-heptatonalities\/phrygian\/\"><mark style=\"background-color:rgba(0, 0, 0, 0);color:#f7b320\" class=\"has-inline-color\">Phrygisch<\/mark><\/a><mark style=\"background-color:rgba(0, 0, 0, 0);color:#f7b320\" class=\"has-inline-color\">, C# <\/mark><a href=\"https:\/\/tonalibus.org\/de\/tonalities\/diatonic-heptatonalities\/aeolian-natural-minor\/\"><mark style=\"background-color:rgba(0, 0, 0, 0);color:#f7b320\" class=\"has-inline-color\">\u00c4olisch<\/mark><\/a><mark style=\"background-color:rgba(0, 0, 0, 0);color:#f7b320\" class=\"has-inline-color\">, ein Hauch G# <\/mark><a href=\"https:\/\/tonalibus.org\/de\/tonalities\/reach-or-harmonic-heptatonalities\/reachmin-phryg-dominant\/\"><mark style=\"background-color:rgba(0, 0, 0, 0);color:#f7b320\" class=\"has-inline-color\">ReachMin<\/mark><\/a><mark style=\"background-color:rgba(0, 0, 0, 0);color:#f7b320\" class=\"has-inline-color\"> \u2013 Stimme, zweifach 8-saitige Gitarre, Glocken \u2013 8:00<\/mark><\/figcaption><\/figure>\n\n\n\n<div style=\"height:56px\" aria-hidden=\"true\" class=\"wp-block-spacer\"><\/div>\n\n\n\n<figure class=\"wp-block-image size-large\"><img loading=\"lazy\" decoding=\"async\" width=\"1024\" height=\"541\" src=\"https:\/\/tonalibus.org\/wp-content\/uploads\/2023\/02\/20230218_143454292_iOS-xc-1024x541.jpg\" alt=\"March 2023 sounds\" class=\"wp-image-23998\" srcset=\"https:\/\/tonalibus.org\/wp-content\/uploads\/2023\/02\/20230218_143454292_iOS-xc-1024x541.jpg 1024w, https:\/\/tonalibus.org\/wp-content\/uploads\/2023\/02\/20230218_143454292_iOS-xc-300x158.jpg 300w, https:\/\/tonalibus.org\/wp-content\/uploads\/2023\/02\/20230218_143454292_iOS-xc-768x406.jpg 768w, https:\/\/tonalibus.org\/wp-content\/uploads\/2023\/02\/20230218_143454292_iOS-xc-1536x811.jpg 1536w, https:\/\/tonalibus.org\/wp-content\/uploads\/2023\/02\/20230218_143454292_iOS-xc-2048x1082.jpg 2048w, https:\/\/tonalibus.org\/wp-content\/uploads\/2023\/02\/20230218_143454292_iOS-xc-18x10.jpg 18w, https:\/\/tonalibus.org\/wp-content\/uploads\/2023\/02\/20230218_143454292_iOS-xc-1320x697.jpg 1320w\" sizes=\"auto, (max-width: 706px) 89vw, (max-width: 767px) 82vw, 740px\" \/><figcaption class=\"wp-element-caption\">Wurzeln und Kronen, oben und unten, Himmel zu Erde zu Himmel \u2013 Februar 2023 \u2013 San Carlo di Negrentino, Tessin<\/figcaption><\/figure>","protected":false},"excerpt":{"rendered":"<p>Pers\u00f6nliche und kooperative Sounds vom M\u00e4rz 2023 Unten findest du pers\u00f6nliche und kooperative Sounds vom M\u00e4rz 2023. Es sind spontane, originelle Improvisationen und Klanglandschaften von Ulrico auf verschiedenen Instrumenten, mehrschichtig oder einspurig, sowie Kooperationsst\u00fccke mit anderen Musikern, wie angegeben. \"Echoes of growing silence\" - zur Feier einer neuen Geburt \"Umbilical\" - Kl\u00e4nge in der Stille ... <\/p>\n<p class=\"link-more\"><a href=\"https:\/\/tonalibus.org\/de\/sounds\/2023-sounds-and-images\/march-2023-sounds\/\" class=\"more-link\"><span class=\"screen-reader-text\">\"M\u00e4rz 2023 klingt\"<\/span> weiterlesen<\/a><\/p>","protected":false},"author":1,"featured_media":0,"parent":22314,"menu_order":3,"comment_status":"closed","ping_status":"closed","template":"","meta":{"footnotes":""},"class_list":["post-24097","page","type-page","status-publish","hentry"],"yoast_head":"<!-- This site is optimized with the Yoast SEO plugin v27.3 - https:\/\/yoast.com\/product\/yoast-seo-wordpress\/ -->\n<title>March 2023 sounds &#8211; TONALIBUS Harmony and Tonalities<\/title>\n<meta name=\"description\" content=\"Here you find personal March 2023 sounds. They are spontaneous, original improvisations and soundscapes by Ulrico.\" \/>\n<meta name=\"robots\" content=\"index, follow, max-snippet:-1, max-image-preview:large, max-video-preview:-1\" \/>\n<link rel=\"canonical\" href=\"https:\/\/tonalibus.org\/de\/sounds\/2023-sounds-and-images\/march-2023-sounds\/\" \/>\n<meta property=\"og:locale\" content=\"de_DE\" \/>\n<meta property=\"og:type\" content=\"article\" \/>\n<meta property=\"og:title\" content=\"March 2023 sounds &#8211; TONALIBUS Harmony and Tonalities\" \/>\n<meta property=\"og:description\" content=\"Here you find personal March 2023 sounds. They are spontaneous, original improvisations and soundscapes by Ulrico.\" \/>\n<meta property=\"og:url\" content=\"https:\/\/tonalibus.org\/de\/sounds\/2023-sounds-and-images\/march-2023-sounds\/\" \/>\n<meta property=\"og:site_name\" content=\"TONALIBUS\" \/>\n<meta property=\"article:modified_time\" content=\"2023-03-31T16:43:23+00:00\" \/>\n<meta property=\"og:image\" content=\"https:\/\/tonalibus.org\/wp-content\/uploads\/2023\/02\/20230218_143454292_iOS-xc-1024x541.jpg\" \/>\n<meta name=\"twitter:card\" content=\"summary_large_image\" \/>\n<meta name=\"twitter:label1\" content=\"Gesch\u00e4tzte Lesezeit\" \/>\n\t<meta name=\"twitter:data1\" content=\"2\u00a0Minuten\" \/>\n<script type=\"application\/ld+json\" class=\"yoast-schema-graph\">{\"@context\":\"https:\\\/\\\/schema.org\",\"@graph\":[{\"@type\":\"WebPage\",\"@id\":\"https:\\\/\\\/tonalibus.org\\\/sounds\\\/2023-sounds-and-images\\\/march-2023-sounds\\\/\",\"url\":\"https:\\\/\\\/tonalibus.org\\\/sounds\\\/2023-sounds-and-images\\\/march-2023-sounds\\\/\",\"name\":\"March 2023 sounds &#8211; TONALIBUS Harmony and Tonalities\",\"isPartOf\":{\"@id\":\"https:\\\/\\\/tonalibus.org\\\/de\\\/#website\"},\"primaryImageOfPage\":{\"@id\":\"https:\\\/\\\/tonalibus.org\\\/sounds\\\/2023-sounds-and-images\\\/march-2023-sounds\\\/#primaryimage\"},\"image\":{\"@id\":\"https:\\\/\\\/tonalibus.org\\\/sounds\\\/2023-sounds-and-images\\\/march-2023-sounds\\\/#primaryimage\"},\"thumbnailUrl\":\"https:\\\/\\\/tonalibus.org\\\/wp-content\\\/uploads\\\/2023\\\/02\\\/20230218_143454292_iOS-xc-1024x541.jpg\",\"datePublished\":\"2023-03-04T09:07:47+00:00\",\"dateModified\":\"2023-03-31T16:43:23+00:00\",\"description\":\"Here you find personal March 2023 sounds. They are spontaneous, original improvisations and soundscapes by Ulrico.\",\"breadcrumb\":{\"@id\":\"https:\\\/\\\/tonalibus.org\\\/sounds\\\/2023-sounds-and-images\\\/march-2023-sounds\\\/#breadcrumb\"},\"inLanguage\":\"de-CH\",\"potentialAction\":[{\"@type\":\"ReadAction\",\"target\":[\"https:\\\/\\\/tonalibus.org\\\/sounds\\\/2023-sounds-and-images\\\/march-2023-sounds\\\/\"]}]},{\"@type\":\"ImageObject\",\"inLanguage\":\"de-CH\",\"@id\":\"https:\\\/\\\/tonalibus.org\\\/sounds\\\/2023-sounds-and-images\\\/march-2023-sounds\\\/#primaryimage\",\"url\":\"https:\\\/\\\/tonalibus.org\\\/wp-content\\\/uploads\\\/2023\\\/02\\\/20230218_143454292_iOS-xc-1024x541.jpg\",\"contentUrl\":\"https:\\\/\\\/tonalibus.org\\\/wp-content\\\/uploads\\\/2023\\\/02\\\/20230218_143454292_iOS-xc-1024x541.jpg\"},{\"@type\":\"BreadcrumbList\",\"@id\":\"https:\\\/\\\/tonalibus.org\\\/sounds\\\/2023-sounds-and-images\\\/march-2023-sounds\\\/#breadcrumb\",\"itemListElement\":[{\"@type\":\"ListItem\",\"position\":1,\"name\":\"Home\",\"item\":\"https:\\\/\\\/tonalibus.org\\\/\"},{\"@type\":\"ListItem\",\"position\":2,\"name\":\"Sounds\",\"item\":\"https:\\\/\\\/tonalibus.org\\\/sounds\\\/\"},{\"@type\":\"ListItem\",\"position\":3,\"name\":\"2023 Sounds and Images\",\"item\":\"https:\\\/\\\/tonalibus.org\\\/sounds\\\/2023-sounds-and-images\\\/\"},{\"@type\":\"ListItem\",\"position\":4,\"name\":\"March 2023 sounds\"}]},{\"@type\":\"WebSite\",\"@id\":\"https:\\\/\\\/tonalibus.org\\\/de\\\/#website\",\"url\":\"https:\\\/\\\/tonalibus.org\\\/de\\\/\",\"name\":\"TONALIBUS\",\"description\":\"Anchored Harmony and Tonalities\",\"publisher\":{\"@id\":\"https:\\\/\\\/tonalibus.org\\\/de\\\/#\\\/schema\\\/person\\\/749261d7bc96d1f00127273f83ab96a4\"},\"potentialAction\":[{\"@type\":\"SearchAction\",\"target\":{\"@type\":\"EntryPoint\",\"urlTemplate\":\"https:\\\/\\\/tonalibus.org\\\/de\\\/?s={search_term_string}\"},\"query-input\":{\"@type\":\"PropertyValueSpecification\",\"valueRequired\":true,\"valueName\":\"search_term_string\"}}],\"inLanguage\":\"de-CH\"},{\"@type\":[\"Person\",\"Organization\"],\"@id\":\"https:\\\/\\\/tonalibus.org\\\/de\\\/#\\\/schema\\\/person\\\/749261d7bc96d1f00127273f83ab96a4\",\"name\":\"Ulrico\",\"image\":{\"@type\":\"ImageObject\",\"inLanguage\":\"de-CH\",\"@id\":\"https:\\\/\\\/tonalibus.org\\\/wp-content\\\/uploads\\\/2020\\\/06\\\/uli-pix.jpg\",\"url\":\"https:\\\/\\\/tonalibus.org\\\/wp-content\\\/uploads\\\/2020\\\/06\\\/uli-pix.jpg\",\"contentUrl\":\"https:\\\/\\\/tonalibus.org\\\/wp-content\\\/uploads\\\/2020\\\/06\\\/uli-pix.jpg\",\"width\":960,\"height\":720,\"caption\":\"Ulrico\"},\"logo\":{\"@id\":\"https:\\\/\\\/tonalibus.org\\\/wp-content\\\/uploads\\\/2020\\\/06\\\/uli-pix.jpg\"},\"sameAs\":[\"https:\\\/\\\/tonalibus.cyon.site\"]}]}<\/script>\n<!-- \/ Yoast SEO plugin. -->","yoast_head_json":{"title":"M\u00e4rz 2023 Kl\u00e4nge - TONALIBUS Harmonie und Tonalit\u00e4ten","description":"Hier finden Sie pers\u00f6nliche March 2023 Sounds. Es sind spontane, originelle Improvisationen und Soundscapes von Ulrico.","robots":{"index":"index","follow":"follow","max-snippet":"max-snippet:-1","max-image-preview":"max-image-preview:large","max-video-preview":"max-video-preview:-1"},"canonical":"https:\/\/tonalibus.org\/de\/sounds\/2023-sounds-and-images\/march-2023-sounds\/","og_locale":"de_DE","og_type":"article","og_title":"March 2023 sounds &#8211; TONALIBUS Harmony and Tonalities","og_description":"Here you find personal March 2023 sounds. They are spontaneous, original improvisations and soundscapes by Ulrico.","og_url":"https:\/\/tonalibus.org\/de\/sounds\/2023-sounds-and-images\/march-2023-sounds\/","og_site_name":"TONALIBUS","article_modified_time":"2023-03-31T16:43:23+00:00","og_image":[{"url":"https:\/\/tonalibus.org\/wp-content\/uploads\/2023\/02\/20230218_143454292_iOS-xc-1024x541.jpg","type":"","width":"","height":""}],"twitter_card":"summary_large_image","twitter_misc":{"Gesch\u00e4tzte Lesezeit":"2\u00a0Minuten"},"schema":{"@context":"https:\/\/schema.org","@graph":[{"@type":"WebPage","@id":"https:\/\/tonalibus.org\/sounds\/2023-sounds-and-images\/march-2023-sounds\/","url":"https:\/\/tonalibus.org\/sounds\/2023-sounds-and-images\/march-2023-sounds\/","name":"M\u00e4rz 2023 Kl\u00e4nge - TONALIBUS Harmonie und Tonalit\u00e4ten","isPartOf":{"@id":"https:\/\/tonalibus.org\/de\/#website"},"primaryImageOfPage":{"@id":"https:\/\/tonalibus.org\/sounds\/2023-sounds-and-images\/march-2023-sounds\/#primaryimage"},"image":{"@id":"https:\/\/tonalibus.org\/sounds\/2023-sounds-and-images\/march-2023-sounds\/#primaryimage"},"thumbnailUrl":"https:\/\/tonalibus.org\/wp-content\/uploads\/2023\/02\/20230218_143454292_iOS-xc-1024x541.jpg","datePublished":"2023-03-04T09:07:47+00:00","dateModified":"2023-03-31T16:43:23+00:00","description":"Hier finden Sie pers\u00f6nliche March 2023 Sounds. Es sind spontane, originelle Improvisationen und Soundscapes von Ulrico.","breadcrumb":{"@id":"https:\/\/tonalibus.org\/sounds\/2023-sounds-and-images\/march-2023-sounds\/#breadcrumb"},"inLanguage":"de-CH","potentialAction":[{"@type":"ReadAction","target":["https:\/\/tonalibus.org\/sounds\/2023-sounds-and-images\/march-2023-sounds\/"]}]},{"@type":"ImageObject","inLanguage":"de-CH","@id":"https:\/\/tonalibus.org\/sounds\/2023-sounds-and-images\/march-2023-sounds\/#primaryimage","url":"https:\/\/tonalibus.org\/wp-content\/uploads\/2023\/02\/20230218_143454292_iOS-xc-1024x541.jpg","contentUrl":"https:\/\/tonalibus.org\/wp-content\/uploads\/2023\/02\/20230218_143454292_iOS-xc-1024x541.jpg"},{"@type":"BreadcrumbList","@id":"https:\/\/tonalibus.org\/sounds\/2023-sounds-and-images\/march-2023-sounds\/#breadcrumb","itemListElement":[{"@type":"ListItem","position":1,"name":"Home","item":"https:\/\/tonalibus.org\/"},{"@type":"ListItem","position":2,"name":"Sounds","item":"https:\/\/tonalibus.org\/sounds\/"},{"@type":"ListItem","position":3,"name":"2023 Sounds and Images","item":"https:\/\/tonalibus.org\/sounds\/2023-sounds-and-images\/"},{"@type":"ListItem","position":4,"name":"March 2023 sounds"}]},{"@type":"WebSite","@id":"https:\/\/tonalibus.org\/de\/#website","url":"https:\/\/tonalibus.org\/de\/","name":"TONALIBUS","description":"Verankerte Harmonie und Tonalit\u00e4ten","publisher":{"@id":"https:\/\/tonalibus.org\/de\/#\/schema\/person\/749261d7bc96d1f00127273f83ab96a4"},"potentialAction":[{"@type":"SearchAction","target":{"@type":"EntryPoint","urlTemplate":"https:\/\/tonalibus.org\/de\/?s={search_term_string}"},"query-input":{"@type":"PropertyValueSpecification","valueRequired":true,"valueName":"search_term_string"}}],"inLanguage":"de-CH"},{"@type":["Person","Organization"],"@id":"https:\/\/tonalibus.org\/de\/#\/schema\/person\/749261d7bc96d1f00127273f83ab96a4","name":"Ulrico","image":{"@type":"ImageObject","inLanguage":"de-CH","@id":"https:\/\/tonalibus.org\/wp-content\/uploads\/2020\/06\/uli-pix.jpg","url":"https:\/\/tonalibus.org\/wp-content\/uploads\/2020\/06\/uli-pix.jpg","contentUrl":"https:\/\/tonalibus.org\/wp-content\/uploads\/2020\/06\/uli-pix.jpg","width":960,"height":720,"caption":"Ulrico"},"logo":{"@id":"https:\/\/tonalibus.org\/wp-content\/uploads\/2020\/06\/uli-pix.jpg"},"sameAs":["https:\/\/tonalibus.cyon.site"]}]}},"_links":{"self":[{"href":"https:\/\/tonalibus.org\/de\/wp-json\/wp\/v2\/pages\/24097","targetHints":{"allow":["GET"]}}],"collection":[{"href":"https:\/\/tonalibus.org\/de\/wp-json\/wp\/v2\/pages"}],"about":[{"href":"https:\/\/tonalibus.org\/de\/wp-json\/wp\/v2\/types\/page"}],"author":[{"embeddable":true,"href":"https:\/\/tonalibus.org\/de\/wp-json\/wp\/v2\/users\/1"}],"replies":[{"embeddable":true,"href":"https:\/\/tonalibus.org\/de\/wp-json\/wp\/v2\/comments?post=24097"}],"version-history":[{"count":0,"href":"https:\/\/tonalibus.org\/de\/wp-json\/wp\/v2\/pages\/24097\/revisions"}],"up":[{"embeddable":true,"href":"https:\/\/tonalibus.org\/de\/wp-json\/wp\/v2\/pages\/22314"}],"wp:attachment":[{"href":"https:\/\/tonalibus.org\/de\/wp-json\/wp\/v2\/media?parent=24097"}],"curies":[{"name":"wp","href":"https:\/\/api.w.org\/{rel}","templated":true}]}}