{"id":2438,"date":"2020-07-11T16:35:53","date_gmt":"2020-07-11T14:35:53","guid":{"rendered":"https:\/\/tonalibus.org\/?page_id=2438"},"modified":"2023-08-02T17:44:54","modified_gmt":"2023-08-02T15:44:54","slug":"mini-concerts","status":"publish","type":"page","link":"https:\/\/tonalibus.org\/de\/inner-circle\/mcs-repository\/mini-concerts\/","title":{"rendered":"Mini-Konzert-Sessionen"},"content":{"rendered":"<p class=\"has-text-color\" id=\"MCS-request\" style=\"color:#f7b320\">Tonalibus bietet \u00f6ffentliche, private und pers\u00f6nliche Mini-Konzert-Sessionen an. Ihr prim\u00e4rer Fokus liegt auf anhebendem Wohlbefinden, den meditativen und kontemplativen Qualit\u00e4ten der Musik, auf der Entspannung und Regeneration aller Anwesenden, vergleichbar mit Ton-Mantras oder den Tonbeispiel-Loops jeder Tonalit\u00e4t im Katalog der verankerten <a href=\"https:\/\/tonalibus.org\/de\/tonalities\/\"><mark style=\"background-color:rgba(0, 0, 0, 0);color:#f7b320\" class=\"has-inline-color\">Tonalit\u00e4ten<\/mark><\/a>.<\/p>\n\n\n\n<div class=\"wp-block-buttons is-horizontal is-content-justification-center is-layout-flex wp-container-core-buttons-is-layout-499968f5 wp-block-buttons-is-layout-flex\">\n<div class=\"wp-block-button is-style-outline is-style-outline--1\"><a class=\"wp-block-button__link\" href=\"https:\/\/tonalibus.org\/de\/shop\/mini-concerts\/private-mini-concert\/\">Private oder pers\u00f6nliche<br>Mini-Konzert-Session \u2013 Anfrage <\/a><\/div>\n\n\n\n<div class=\"wp-block-button is-style-outline is-style-outline--2\"><a class=\"wp-block-button__link\" href=\"https:\/\/tonalibus.org\/de\/shop\/mini-concerts\/open-mini-concerts\/\">\u00d6ffentliche Mini-Konzert-Session<br> Sitzplatz-Anfrage<\/a><\/div>\n<\/div>\n\n\n\n<div style=\"height:44px\" aria-hidden=\"true\" class=\"wp-block-spacer\"><\/div>\n\n\n\n<p class=\"has-text-color\" style=\"color:#f7b320\">In Minikonzert-Sessionen wird improvisiert \u2013 auf der Grundlage spezifischer oder spontaner Themen, verankerter Tonalit\u00e4ten und ihrer Modulationen, die dem Moment und den anwesenden Personen so weit m\u00f6glich entsprechen; und sie beinhalten auch Einstimmungs-\u00dcbungen, m\u00f6glicherweise Ton-Mantra <a aria-label=\"undefiniert (\u00f6ffnet in einer neuen Registerkarte)\" href=\"https:\/\/de.wikipedia.org\/wiki\/Kontemplation\" target=\"_blank\" rel=\"noreferrer noopener\"><mark style=\"background-color:rgba(0, 0, 0, 0);color:#f7b320\" class=\"has-inline-color\">Kontemplation<\/mark><\/a> oder <a href=\"https:\/\/de.wikipedia.org\/wiki\/Meditation\" target=\"_blank\" rel=\"noreferrer noopener\"><mark style=\"background-color:rgba(0, 0, 0, 0);color:#f7b320\" class=\"has-inline-color\">Meditation<\/mark><\/a>, woran sich alle Anwesenden so aktiv beteiligen k\u00f6nnen, wie sie gerne wollen. <\/p>\n\n\n\n<h2 class=\"has-text-color wp-block-heading\" id=\"mini-concert-session-details\" style=\"color:#f7b320\">Details der Mini-Konzert-Sessionen<\/h2>\n\n\n\n<p class=\"has-text-color\" style=\"color:#f7b320\">Wenn nicht anders angegeben, finden die Mini-Konzerte in einem kleinen privaten Studio ca. 10 km von Bern entfernt statt und pr\u00e4sentieren <a href=\"https:\/\/tonalibus.org\/de\/about-tonalibus\/ulrico\/\"><mark style=\"background-color:rgba(0, 0, 0, 0);color:#f7b320\" class=\"has-inline-color\">Ulrico<\/mark><\/a> auf verschiedenen Saiten-, Blas-, Schlag- und Tasten-Instrumenten. Von der Haltstelle der \u00f6ffentlichen Verkehrsmittel kann man das Studio in wenigen Minuten zu Fuss erreichen. Autos k\u00f6nnen in der Nachbarschaft parkieren. Detaillierte Informationen findest du dann in deiner Konzert- oder Sitzplatz-Reservations-Best\u00e4tigung. <\/p>\n\n\n\n<p class=\"has-text-color\" style=\"color:#f7b320\">Du kannst eine <a href=\"#MCS-request\"><mark style=\"background-color:rgba(0, 0, 0, 0);color:#f7b320\" class=\"has-inline-color\">private oder pers\u00f6nliche Mini-Konzert-Session<\/mark><\/a> im Studio beantragen. Nach Absprache kommen ausnahmsweise auch andere Orte in Frage. <a href=\"https:\/\/tonalibus.org\/wp-content\/uploads\/2021\/03\/Tonaliconcert-2021-03-07.pdf\" target=\"_blank\" rel=\"noreferrer noopener\"><mark style=\"background-color:rgba(0, 0, 0, 0);color:#f7b320\" class=\"has-inline-color\">Programm-Beispiel einer privaten Mini-Konzert-Session<\/mark><\/a> (pdf).<\/p>\n\n\n\n<p class=\"has-text-color\" style=\"color:#f7b320\">Manchmal sind Mini-Konzert-Sessionen auch \u00f6ffentlich zug\u00e4nglich. <a href=\"https:\/\/tonalibus.org\/wp-content\/uploads\/2021\/01\/Tonaliconcert-2020-12-16.pdf\" target=\"_blank\" rel=\"noreferrer noopener\"><mark style=\"background-color:rgba(0, 0, 0, 0);color:#f7b320\" class=\"has-inline-color\">Programm-Beispiel einer \u00f6ffentlichen Mini-Konzert-Session<\/mark><\/a> (pdf). Da nur wenig Sitzpl\u00e4tze im Studio zur Verf\u00fcgung stehen, ist eine Reservierung unerl\u00e4sslich. Der Eintritt ist gratis. Falls du dich f\u00fcr eine Spende entscheidest, steht vor Ort ein Spendenkorb zur Verf\u00fcgung. Wenn vorhanden, findest du geplante Mini-Konzert-Termine auf der <a href=\"#MCS-request\"><mark style=\"background-color:rgba(0, 0, 0, 0);color:#f7b320\" class=\"has-inline-color\">Sitzplatz-Anfrage-Seite f\u00fcr \u00f6ffentliche Mini-Konzert-Sessionen<\/mark><\/a> . <\/p>\n\n\n\n<div style=\"height:50px\" aria-hidden=\"true\" class=\"wp-block-spacer\"><\/div>\n\n\n\n<div class=\"wp-block-image\"><figure class=\"aligncenter size-large is-resized\"><a href=\"https:\/\/tonalibus.org\/de\/about\/personal-sound-samples\/\"><img loading=\"lazy\" decoding=\"async\" src=\"https:\/\/tonalibus.org\/wp-content\/uploads\/2020\/06\/Kiental-2020-02.jpg\" alt=\"Keintal\" class=\"wp-image-1350\" width=\"348\" height=\"382\" srcset=\"https:\/\/tonalibus.org\/wp-content\/uploads\/2020\/06\/Kiental-2020-02.jpg 482w, https:\/\/tonalibus.org\/wp-content\/uploads\/2020\/06\/Kiental-2020-02-273x300.jpg 273w\" sizes=\"auto, (max-width: 348px) 100vw, 348px\" \/><\/a><figcaption>Ulrico im Kiental \u2013 Februar 2020 \u2013 Foto: Francisco Garcia<\/figcaption><\/figure><\/div>\n\n\n\n<p><\/p>","protected":false},"excerpt":{"rendered":"<p>Tonalibus bietet offene, private und pers\u00f6nliche Mini-Konzertsitzungen an. Ihr Hauptaugenmerk liegt auf wohltuendem Uplifting, den meditativen und kontemplativen Qualit\u00e4ten der Musik, auf Entspannung und Regeneration aller Anwesenden, vergleichbar mit Klangmantras oder den Sound-Sample-Loops der einzelnen Tonalit\u00e4ten im Katalog der verankerten Tonalit\u00e4ten. Die Mini-Konzertsitzungen werden improvisiert, basierend auf spezifischen ... <\/p>\n<p class=\"link-more\"><a href=\"https:\/\/tonalibus.org\/de\/inner-circle\/mcs-repository\/mini-concerts\/\" class=\"more-link\"><span class=\"screen-reader-text\">\"Mini-Konzert-Sessions\"<\/span> weiterlesen<\/a><\/p>","protected":false},"author":1,"featured_media":0,"parent":5557,"menu_order":60,"comment_status":"closed","ping_status":"closed","template":"","meta":{"footnotes":""},"class_list":["post-2438","page","type-page","status-publish","hentry"],"yoast_head":"<!-- This site is optimized with the Yoast SEO plugin v27.4 - https:\/\/yoast.com\/product\/yoast-seo-wordpress\/ -->\n<title>Mini-Concert Sessions &#8211; TONALIBUS, Harmony and Tonalities<\/title>\n<meta name=\"description\" content=\"Tonalibus offers monthly open sound mantra-type mini-concert sessions, as well as private or personal sound mantra mini-concert sessions.\" \/>\n<meta name=\"robots\" content=\"index, follow, max-snippet:-1, max-image-preview:large, max-video-preview:-1\" \/>\n<link rel=\"canonical\" href=\"https:\/\/tonalibus.org\/de\/inner-circle\/mcs-repository\/mini-concerts\/\" \/>\n<meta property=\"og:locale\" content=\"de_DE\" \/>\n<meta property=\"og:type\" content=\"article\" \/>\n<meta property=\"og:title\" content=\"Mini-Concert Sessions &#8211; TONALIBUS, Harmony and Tonalities\" \/>\n<meta property=\"og:description\" content=\"Tonalibus offers monthly open sound mantra-type mini-concert sessions, as well as private or personal sound mantra mini-concert sessions.\" \/>\n<meta property=\"og:url\" content=\"https:\/\/tonalibus.org\/de\/inner-circle\/mcs-repository\/mini-concerts\/\" \/>\n<meta property=\"og:site_name\" content=\"TONALIBUS\" \/>\n<meta property=\"article:modified_time\" content=\"2023-08-02T15:44:54+00:00\" \/>\n<meta property=\"og:image\" content=\"https:\/\/tonalibus.org\/wp-content\/uploads\/2020\/06\/Kiental-2020-02.jpg\" \/>\n<meta name=\"twitter:card\" content=\"summary_large_image\" \/>\n<meta name=\"twitter:label1\" content=\"Gesch\u00e4tzte Lesezeit\" \/>\n\t<meta name=\"twitter:data1\" content=\"2\u00a0Minuten\" \/>\n<script type=\"application\/ld+json\" class=\"yoast-schema-graph\">{\"@context\":\"https:\\\/\\\/schema.org\",\"@graph\":[{\"@type\":\"WebPage\",\"@id\":\"https:\\\/\\\/tonalibus.org\\\/it\\\/inner-circle\\\/mcs-repository\\\/mini-concerts\\\/\",\"url\":\"https:\\\/\\\/tonalibus.org\\\/it\\\/inner-circle\\\/mcs-repository\\\/mini-concerts\\\/\",\"name\":\"Mini-Concert Sessions &#8211; TONALIBUS, Harmony and Tonalities\",\"isPartOf\":{\"@id\":\"https:\\\/\\\/tonalibus.org\\\/de\\\/#website\"},\"primaryImageOfPage\":{\"@id\":\"https:\\\/\\\/tonalibus.org\\\/it\\\/inner-circle\\\/mcs-repository\\\/mini-concerts\\\/#primaryimage\"},\"image\":{\"@id\":\"https:\\\/\\\/tonalibus.org\\\/it\\\/inner-circle\\\/mcs-repository\\\/mini-concerts\\\/#primaryimage\"},\"thumbnailUrl\":\"https:\\\/\\\/tonalibus.org\\\/wp-content\\\/uploads\\\/2020\\\/06\\\/Kiental-2020-02.jpg\",\"datePublished\":\"2020-07-11T14:35:53+00:00\",\"dateModified\":\"2023-08-02T15:44:54+00:00\",\"description\":\"Tonalibus offers monthly open sound mantra-type mini-concert sessions, as well as private or personal sound mantra mini-concert sessions.\",\"breadcrumb\":{\"@id\":\"https:\\\/\\\/tonalibus.org\\\/it\\\/inner-circle\\\/mcs-repository\\\/mini-concerts\\\/#breadcrumb\"},\"inLanguage\":\"de-CH\",\"potentialAction\":[{\"@type\":\"ReadAction\",\"target\":[\"https:\\\/\\\/tonalibus.org\\\/it\\\/inner-circle\\\/mcs-repository\\\/mini-concerts\\\/\"]}]},{\"@type\":\"ImageObject\",\"inLanguage\":\"de-CH\",\"@id\":\"https:\\\/\\\/tonalibus.org\\\/it\\\/inner-circle\\\/mcs-repository\\\/mini-concerts\\\/#primaryimage\",\"url\":\"https:\\\/\\\/tonalibus.org\\\/wp-content\\\/uploads\\\/2020\\\/06\\\/Kiental-2020-02.jpg\",\"contentUrl\":\"https:\\\/\\\/tonalibus.org\\\/wp-content\\\/uploads\\\/2020\\\/06\\\/Kiental-2020-02.jpg\"},{\"@type\":\"BreadcrumbList\",\"@id\":\"https:\\\/\\\/tonalibus.org\\\/it\\\/inner-circle\\\/mcs-repository\\\/mini-concerts\\\/#breadcrumb\",\"itemListElement\":[{\"@type\":\"ListItem\",\"position\":1,\"name\":\"Home\",\"item\":\"https:\\\/\\\/tonalibus.org\\\/\"},{\"@type\":\"ListItem\",\"position\":2,\"name\":\"Protected: Inner Circle\",\"item\":\"https:\\\/\\\/tonalibus.org\\\/en\\\/inner-circle\\\/\"},{\"@type\":\"ListItem\",\"position\":3,\"name\":\"Prot\u00e9g\u00e9\u00a0: MCS Repository\",\"item\":\"https:\\\/\\\/tonalibus.org\\\/fr\\\/inner-circle\\\/mcs-repository\\\/\"},{\"@type\":\"ListItem\",\"position\":4,\"name\":\"Mini-Concert Sessions\"}]},{\"@type\":\"WebSite\",\"@id\":\"https:\\\/\\\/tonalibus.org\\\/de\\\/#website\",\"url\":\"https:\\\/\\\/tonalibus.org\\\/de\\\/\",\"name\":\"TONALIBUS\",\"description\":\"Anchored Harmony and Tonalities\",\"publisher\":{\"@id\":\"https:\\\/\\\/tonalibus.org\\\/de\\\/#\\\/schema\\\/person\\\/749261d7bc96d1f00127273f83ab96a4\"},\"potentialAction\":[{\"@type\":\"SearchAction\",\"target\":{\"@type\":\"EntryPoint\",\"urlTemplate\":\"https:\\\/\\\/tonalibus.org\\\/de\\\/?s={search_term_string}\"},\"query-input\":{\"@type\":\"PropertyValueSpecification\",\"valueRequired\":true,\"valueName\":\"search_term_string\"}}],\"inLanguage\":\"de-CH\"},{\"@type\":[\"Person\",\"Organization\"],\"@id\":\"https:\\\/\\\/tonalibus.org\\\/de\\\/#\\\/schema\\\/person\\\/749261d7bc96d1f00127273f83ab96a4\",\"name\":\"Ulrico\",\"image\":{\"@type\":\"ImageObject\",\"inLanguage\":\"de-CH\",\"@id\":\"https:\\\/\\\/tonalibus.org\\\/wp-content\\\/uploads\\\/2020\\\/06\\\/uli-pix.jpg\",\"url\":\"https:\\\/\\\/tonalibus.org\\\/wp-content\\\/uploads\\\/2020\\\/06\\\/uli-pix.jpg\",\"contentUrl\":\"https:\\\/\\\/tonalibus.org\\\/wp-content\\\/uploads\\\/2020\\\/06\\\/uli-pix.jpg\",\"width\":960,\"height\":720,\"caption\":\"Ulrico\"},\"logo\":{\"@id\":\"https:\\\/\\\/tonalibus.org\\\/wp-content\\\/uploads\\\/2020\\\/06\\\/uli-pix.jpg\"},\"sameAs\":[\"https:\\\/\\\/tonalibus.cyon.site\"]}]}<\/script>\n<!-- \/ Yoast SEO plugin. -->","yoast_head_json":{"title":"Mini-Konzertsitzungen - TONALIBUS, Harmonie und Klangfarben","description":"Tonalibus bietet monatlich offene Klangmantra-Minikonzert-Sitzungen sowie private oder pers\u00f6nliche Klangmantra-Minikonzert-Sitzungen an.","robots":{"index":"index","follow":"follow","max-snippet":"max-snippet:-1","max-image-preview":"max-image-preview:large","max-video-preview":"max-video-preview:-1"},"canonical":"https:\/\/tonalibus.org\/de\/inner-circle\/mcs-repository\/mini-concerts\/","og_locale":"de_DE","og_type":"article","og_title":"Mini-Concert Sessions &#8211; TONALIBUS, Harmony and Tonalities","og_description":"Tonalibus offers monthly open sound mantra-type mini-concert sessions, as well as private or personal sound mantra mini-concert sessions.","og_url":"https:\/\/tonalibus.org\/de\/inner-circle\/mcs-repository\/mini-concerts\/","og_site_name":"TONALIBUS","article_modified_time":"2023-08-02T15:44:54+00:00","og_image":[{"url":"https:\/\/tonalibus.org\/wp-content\/uploads\/2020\/06\/Kiental-2020-02.jpg","type":"","width":"","height":""}],"twitter_card":"summary_large_image","twitter_misc":{"Gesch\u00e4tzte Lesezeit":"2\u00a0Minuten"},"schema":{"@context":"https:\/\/schema.org","@graph":[{"@type":"WebPage","@id":"https:\/\/tonalibus.org\/it\/inner-circle\/mcs-repository\/mini-concerts\/","url":"https:\/\/tonalibus.org\/it\/inner-circle\/mcs-repository\/mini-concerts\/","name":"Mini-Konzertsitzungen - TONALIBUS, Harmonie und Klangfarben","isPartOf":{"@id":"https:\/\/tonalibus.org\/de\/#website"},"primaryImageOfPage":{"@id":"https:\/\/tonalibus.org\/it\/inner-circle\/mcs-repository\/mini-concerts\/#primaryimage"},"image":{"@id":"https:\/\/tonalibus.org\/it\/inner-circle\/mcs-repository\/mini-concerts\/#primaryimage"},"thumbnailUrl":"https:\/\/tonalibus.org\/wp-content\/uploads\/2020\/06\/Kiental-2020-02.jpg","datePublished":"2020-07-11T14:35:53+00:00","dateModified":"2023-08-02T15:44:54+00:00","description":"Tonalibus bietet monatlich offene Klangmantra-Minikonzert-Sitzungen sowie private oder pers\u00f6nliche Klangmantra-Minikonzert-Sitzungen an.","breadcrumb":{"@id":"https:\/\/tonalibus.org\/it\/inner-circle\/mcs-repository\/mini-concerts\/#breadcrumb"},"inLanguage":"de-CH","potentialAction":[{"@type":"ReadAction","target":["https:\/\/tonalibus.org\/it\/inner-circle\/mcs-repository\/mini-concerts\/"]}]},{"@type":"ImageObject","inLanguage":"de-CH","@id":"https:\/\/tonalibus.org\/it\/inner-circle\/mcs-repository\/mini-concerts\/#primaryimage","url":"https:\/\/tonalibus.org\/wp-content\/uploads\/2020\/06\/Kiental-2020-02.jpg","contentUrl":"https:\/\/tonalibus.org\/wp-content\/uploads\/2020\/06\/Kiental-2020-02.jpg"},{"@type":"BreadcrumbList","@id":"https:\/\/tonalibus.org\/it\/inner-circle\/mcs-repository\/mini-concerts\/#breadcrumb","itemListElement":[{"@type":"ListItem","position":1,"name":"Home","item":"https:\/\/tonalibus.org\/"},{"@type":"ListItem","position":2,"name":"Protected: Inner Circle","item":"https:\/\/tonalibus.org\/en\/inner-circle\/"},{"@type":"ListItem","position":3,"name":"Prot\u00e9g\u00e9\u00a0: MCS Repository","item":"https:\/\/tonalibus.org\/fr\/inner-circle\/mcs-repository\/"},{"@type":"ListItem","position":4,"name":"Mini-Concert Sessions"}]},{"@type":"WebSite","@id":"https:\/\/tonalibus.org\/de\/#website","url":"https:\/\/tonalibus.org\/de\/","name":"TONALIBUS","description":"Verankerte Harmonie und Tonalit\u00e4ten","publisher":{"@id":"https:\/\/tonalibus.org\/de\/#\/schema\/person\/749261d7bc96d1f00127273f83ab96a4"},"potentialAction":[{"@type":"SearchAction","target":{"@type":"EntryPoint","urlTemplate":"https:\/\/tonalibus.org\/de\/?s={search_term_string}"},"query-input":{"@type":"PropertyValueSpecification","valueRequired":true,"valueName":"search_term_string"}}],"inLanguage":"de-CH"},{"@type":["Person","Organization"],"@id":"https:\/\/tonalibus.org\/de\/#\/schema\/person\/749261d7bc96d1f00127273f83ab96a4","name":"Ulrico","image":{"@type":"ImageObject","inLanguage":"de-CH","@id":"https:\/\/tonalibus.org\/wp-content\/uploads\/2020\/06\/uli-pix.jpg","url":"https:\/\/tonalibus.org\/wp-content\/uploads\/2020\/06\/uli-pix.jpg","contentUrl":"https:\/\/tonalibus.org\/wp-content\/uploads\/2020\/06\/uli-pix.jpg","width":960,"height":720,"caption":"Ulrico"},"logo":{"@id":"https:\/\/tonalibus.org\/wp-content\/uploads\/2020\/06\/uli-pix.jpg"},"sameAs":["https:\/\/tonalibus.cyon.site"]}]}},"_links":{"self":[{"href":"https:\/\/tonalibus.org\/de\/wp-json\/wp\/v2\/pages\/2438","targetHints":{"allow":["GET"]}}],"collection":[{"href":"https:\/\/tonalibus.org\/de\/wp-json\/wp\/v2\/pages"}],"about":[{"href":"https:\/\/tonalibus.org\/de\/wp-json\/wp\/v2\/types\/page"}],"author":[{"embeddable":true,"href":"https:\/\/tonalibus.org\/de\/wp-json\/wp\/v2\/users\/1"}],"replies":[{"embeddable":true,"href":"https:\/\/tonalibus.org\/de\/wp-json\/wp\/v2\/comments?post=2438"}],"version-history":[{"count":0,"href":"https:\/\/tonalibus.org\/de\/wp-json\/wp\/v2\/pages\/2438\/revisions"}],"up":[{"embeddable":true,"href":"https:\/\/tonalibus.org\/de\/wp-json\/wp\/v2\/pages\/5557"}],"wp:attachment":[{"href":"https:\/\/tonalibus.org\/de\/wp-json\/wp\/v2\/media?parent=2438"}],"curies":[{"name":"wp","href":"https:\/\/api.w.org\/{rel}","templated":true}]}}