{"id":25668,"date":"2023-06-16T14:49:36","date_gmt":"2023-06-16T12:49:36","guid":{"rendered":"https:\/\/tonalibus.org\/?page_id=25668"},"modified":"2026-03-20T15:51:13","modified_gmt":"2026-03-20T14:51:13","slug":"playlist-a-b-c","status":"publish","type":"page","link":"https:\/\/tonalibus.org\/de\/shop\/playlists-2\/playlist-a-b-c\/","title":{"rendered":"Playlist A, B &amp; C"},"content":{"rendered":"<div class=\"wp-block-buttons is-content-justification-center is-layout-flex wp-container-core-buttons-is-layout-16018d1d wp-block-buttons-is-layout-flex\">\n<div class=\"wp-block-button is-style-outline is-style-outline--1\"><a class=\"wp-block-button__link wp-element-button\" href=\"#samp\"><sup>SAMPLER<\/sup><br><img loading=\"lazy\" decoding=\"async\" width=\"110\" height=\"110\" class=\"wp-image-19111\" style=\"width: 110px;\" src=\"https:\/\/tonalibus.org\/wp-content\/uploads\/2022\/06\/IMG_2850-xc-ABC-zsq-comp.jpg\" alt=\"\" srcset=\"https:\/\/tonalibus.org\/wp-content\/uploads\/2022\/06\/IMG_2850-xc-ABC-zsq-comp.jpg 1069w, https:\/\/tonalibus.org\/wp-content\/uploads\/2022\/06\/IMG_2850-xc-ABC-zsq-comp-300x300.jpg 300w, https:\/\/tonalibus.org\/wp-content\/uploads\/2022\/06\/IMG_2850-xc-ABC-zsq-comp-1024x1024.jpg 1024w, https:\/\/tonalibus.org\/wp-content\/uploads\/2022\/06\/IMG_2850-xc-ABC-zsq-comp-150x150.jpg 150w, https:\/\/tonalibus.org\/wp-content\/uploads\/2022\/06\/IMG_2850-xc-ABC-zsq-comp-768x768.jpg 768w, https:\/\/tonalibus.org\/wp-content\/uploads\/2022\/06\/IMG_2850-xc-ABC-zsq-comp-12x12.jpg 12w, https:\/\/tonalibus.org\/wp-content\/uploads\/2022\/06\/IMG_2850-xc-ABC-zsq-comp-100x100.jpg 100w, https:\/\/tonalibus.org\/wp-content\/uploads\/2022\/06\/IMG_2850-xc-ABC-zsq-comp-560x560.jpg 560w\" sizes=\"auto, (max-width: 110px) 100vw, 110px\" \/><\/a><\/div>\n\n\n\n<div class=\"wp-block-button is-style-outline is-style-outline--2\"><a class=\"wp-block-button__link wp-element-button\" href=\"#c\"><sup>\u2013 'C' \u2013<\/sup><br><img loading=\"lazy\" decoding=\"async\" width=\"110\" height=\"110\" class=\"wp-image-15694\" style=\"width: 110px;\" src=\"https:\/\/tonalibus.org\/wp-content\/uploads\/2021\/12\/IMG_2850-xc-zsq-c.jpg\" alt=\"\" srcset=\"https:\/\/tonalibus.org\/wp-content\/uploads\/2021\/12\/IMG_2850-xc-zsq-c.jpg 1069w, https:\/\/tonalibus.org\/wp-content\/uploads\/2021\/12\/IMG_2850-xc-zsq-c-300x300.jpg 300w, https:\/\/tonalibus.org\/wp-content\/uploads\/2021\/12\/IMG_2850-xc-zsq-c-1024x1024.jpg 1024w, https:\/\/tonalibus.org\/wp-content\/uploads\/2021\/12\/IMG_2850-xc-zsq-c-150x150.jpg 150w, https:\/\/tonalibus.org\/wp-content\/uploads\/2021\/12\/IMG_2850-xc-zsq-c-768x768.jpg 768w, https:\/\/tonalibus.org\/wp-content\/uploads\/2021\/12\/IMG_2850-xc-zsq-c-12x12.jpg 12w, https:\/\/tonalibus.org\/wp-content\/uploads\/2021\/12\/IMG_2850-xc-zsq-c-100x100.jpg 100w, https:\/\/tonalibus.org\/wp-content\/uploads\/2021\/12\/IMG_2850-xc-zsq-c-560x560.jpg 560w\" sizes=\"auto, (max-width: 110px) 100vw, 110px\" \/><\/a><\/div>\n\n\n\n<div class=\"wp-block-button is-style-outline is-style-outline--3\"><a class=\"wp-block-button__link wp-element-button\" href=\"#b\"><sup>\u2013 'B' \u2013<\/sup><br><img loading=\"lazy\" decoding=\"async\" width=\"110\" height=\"110\" class=\"wp-image-15696\" style=\"width: 110px;\" src=\"https:\/\/tonalibus.org\/wp-content\/uploads\/2021\/12\/IMG_2850-xc-zsq-b.jpg\" alt=\"\" srcset=\"https:\/\/tonalibus.org\/wp-content\/uploads\/2021\/12\/IMG_2850-xc-zsq-b.jpg 1069w, https:\/\/tonalibus.org\/wp-content\/uploads\/2021\/12\/IMG_2850-xc-zsq-b-300x300.jpg 300w, https:\/\/tonalibus.org\/wp-content\/uploads\/2021\/12\/IMG_2850-xc-zsq-b-1024x1024.jpg 1024w, https:\/\/tonalibus.org\/wp-content\/uploads\/2021\/12\/IMG_2850-xc-zsq-b-150x150.jpg 150w, https:\/\/tonalibus.org\/wp-content\/uploads\/2021\/12\/IMG_2850-xc-zsq-b-768x768.jpg 768w, https:\/\/tonalibus.org\/wp-content\/uploads\/2021\/12\/IMG_2850-xc-zsq-b-12x12.jpg 12w, https:\/\/tonalibus.org\/wp-content\/uploads\/2021\/12\/IMG_2850-xc-zsq-b-100x100.jpg 100w, https:\/\/tonalibus.org\/wp-content\/uploads\/2021\/12\/IMG_2850-xc-zsq-b-560x560.jpg 560w\" sizes=\"auto, (max-width: 110px) 100vw, 110px\" \/><\/a><\/div>\n\n\n\n<div class=\"wp-block-button is-style-outline is-style-outline--4\"><a class=\"wp-block-button__link wp-element-button\" href=\"#a\"><sup>\u2013 'A' \u2013<\/sup><br><img loading=\"lazy\" decoding=\"async\" width=\"110\" height=\"110\" class=\"wp-image-15695\" style=\"width: 110px;\" src=\"https:\/\/tonalibus.org\/wp-content\/uploads\/2021\/12\/IMG_2850-xc-zsq-a.jpg\" alt=\"\" srcset=\"https:\/\/tonalibus.org\/wp-content\/uploads\/2021\/12\/IMG_2850-xc-zsq-a.jpg 1069w, https:\/\/tonalibus.org\/wp-content\/uploads\/2021\/12\/IMG_2850-xc-zsq-a-300x300.jpg 300w, https:\/\/tonalibus.org\/wp-content\/uploads\/2021\/12\/IMG_2850-xc-zsq-a-1024x1024.jpg 1024w, https:\/\/tonalibus.org\/wp-content\/uploads\/2021\/12\/IMG_2850-xc-zsq-a-150x150.jpg 150w, https:\/\/tonalibus.org\/wp-content\/uploads\/2021\/12\/IMG_2850-xc-zsq-a-768x768.jpg 768w, https:\/\/tonalibus.org\/wp-content\/uploads\/2021\/12\/IMG_2850-xc-zsq-a-12x12.jpg 12w, https:\/\/tonalibus.org\/wp-content\/uploads\/2021\/12\/IMG_2850-xc-zsq-a-100x100.jpg 100w, https:\/\/tonalibus.org\/wp-content\/uploads\/2021\/12\/IMG_2850-xc-zsq-a-560x560.jpg 560w\" sizes=\"auto, (max-width: 110px) 100vw, 110px\" \/><\/a><\/div>\n<\/div>\n\n\n\n<div style=\"height:50px\" aria-hidden=\"true\" class=\"wp-block-spacer\"><\/div>\n\n\n\n<p class=\"has-text-color\" style=\"color:#f7b320\">Das Album <em><a href=\"https:\/\/tonalibus.org\/de\/shop\/tonalibus-a-b-c-album\/\"><mark style=\"background-color:rgba(0, 0, 0, 0);color:#f7b320\" class=\"has-inline-color\">Tonalibus A, B &amp; C<\/mark><\/a><\/em> wurde im Juli 2021 ver\u00f6ffentlicht. Playlist \u201cTonalibus A\u201d enth\u00e4lt St\u00fccke aus dem Jahr 2020, \u201cB\u201d von Anfang 2021 und \u201cC\u201d von Mitte 2021 <\/p>\n\n\n\n<h2 class=\"wp-block-heading has-text-color has-link-color wp-elements-ca42b43b0a740dd4dfa311b0f674fc07\" id=\"samp\" style=\"color:#f7b320\"><strong><em>Tonalibus ABC Sampler<\/em><\/strong> \u2013 Auswahl von 14 St\u00fccken, 78 Min.<\/h2>\n\n\n<div id=\"audioigniter-32136\" class=\"audioigniter-root\" data-player-type=\"full\" data-tracks-url=\"https:\/\/tonalibus.org\/de\/?audioigniter_playlist_id=32136\" data-display-track-no=\"true\" data-reverse-track-order=\"false\" data-display-tracklist-covers=\"true\" data-display-active-cover=\"true\" data-display-artist-names=\"true\" data-display-buy-buttons=\"true\" data-buy-buttons-target=\"true\" data-cycle-tracks=\"true\" data-display-credits=\"false\" data-display-tracklist=\"true\" data-allow-tracklist-toggle=\"true\" data-allow-tracklist-loop=\"true\" data-limit-tracklist-height=\"false\" data-volume=\"70\" data-tracklist-height=\"0\" data-allow-track-loop=\"false\" data-shuffle=\"true\" data-shuffle-default=\"false\" data-allow-playback-rate=\"false\" data-timer-countdown=\"true\" data-skip-amount=\"30\" data-stop-on-finish=\"false\" data-remember-last=\"false\" data-player-buttons=\"[]\" ><\/div>\n\n\n\n<h2 class=\"wp-block-heading has-text-color\" id=\"c\" style=\"color:#f7b320\"><em><strong>Auf der Wellen Kamm reiten<\/strong><\/em> \u2013 10 St\u00fccke, 68 Minuten  <\/h2>\n\n\n<div id=\"audioigniter-15706\" class=\"audioigniter-root\" data-player-type=\"full\" data-tracks-url=\"https:\/\/tonalibus.org\/de\/?audioigniter_playlist_id=15706\" data-display-track-no=\"false\" data-reverse-track-order=\"false\" data-display-tracklist-covers=\"true\" data-display-active-cover=\"true\" data-display-artist-names=\"true\" data-display-buy-buttons=\"true\" data-buy-buttons-target=\"true\" data-cycle-tracks=\"false\" data-display-credits=\"false\" data-display-tracklist=\"true\" data-allow-tracklist-toggle=\"true\" data-allow-tracklist-loop=\"true\" data-limit-tracklist-height=\"false\" data-volume=\"70\" data-tracklist-height=\"0\" data-allow-track-loop=\"true\" data-shuffle=\"true\" data-shuffle-default=\"false\" data-allow-playback-rate=\"false\" data-timer-countdown=\"true\" data-skip-amount=\"30\" data-tracks-delay=\"0\" data-stop-on-finish=\"false\" data-remember-last=\"false\" data-player-buttons=\"[]\" ><\/div>\n\n\n\n<h2 class=\"wp-block-heading has-text-color\" id=\"b\" style=\"color:#f7b320\"><em><strong>Die Gegenwart geniessen<\/strong><\/em> \u2013 9 St\u00fccke, 45 Minuten  <\/h2>\n\n\n<div id=\"audioigniter-15701\" class=\"audioigniter-root\" data-player-type=\"full\" data-tracks-url=\"https:\/\/tonalibus.org\/de\/?audioigniter_playlist_id=15701\" data-display-track-no=\"false\" data-reverse-track-order=\"false\" data-display-tracklist-covers=\"true\" data-display-active-cover=\"true\" data-display-artist-names=\"true\" data-display-buy-buttons=\"true\" data-buy-buttons-target=\"true\" data-cycle-tracks=\"false\" data-display-credits=\"false\" data-display-tracklist=\"true\" data-allow-tracklist-toggle=\"true\" data-allow-tracklist-loop=\"true\" data-limit-tracklist-height=\"false\" data-volume=\"70\" data-tracklist-height=\"0\" data-allow-track-loop=\"true\" data-shuffle=\"true\" data-shuffle-default=\"false\" data-allow-playback-rate=\"false\" data-timer-countdown=\"true\" data-skip-amount=\"30\" data-tracks-delay=\"0\" data-stop-on-finish=\"false\" data-remember-last=\"false\" data-player-buttons=\"[]\" ><\/div>\n\n\n\n<h2 class=\"wp-block-heading has-text-color\" id=\"a\" style=\"color:#f7b320\"><em><strong>Kreative Freude eines neuen Lebens<\/strong><\/em> \u2013 12 St\u00fccke, 39 Min. <\/h2>\n\n\n<div id=\"audioigniter-15655\" class=\"audioigniter-root\" data-player-type=\"full\" data-tracks-url=\"https:\/\/tonalibus.org\/de\/?audioigniter_playlist_id=15655\" data-display-track-no=\"false\" data-reverse-track-order=\"false\" data-display-tracklist-covers=\"true\" data-display-active-cover=\"true\" data-display-artist-names=\"true\" data-display-buy-buttons=\"true\" data-buy-buttons-target=\"true\" data-cycle-tracks=\"false\" data-display-credits=\"false\" data-display-tracklist=\"true\" data-allow-tracklist-toggle=\"true\" data-allow-tracklist-loop=\"true\" data-limit-tracklist-height=\"false\" data-volume=\"70\" data-tracklist-height=\"0\" data-allow-track-loop=\"true\" data-shuffle=\"true\" data-shuffle-default=\"false\" data-allow-playback-rate=\"false\" data-timer-countdown=\"true\" data-skip-amount=\"30\" data-tracks-delay=\"0\" data-stop-on-finish=\"false\" data-remember-last=\"false\" data-player-buttons=\"[]\" ><\/div>\n\n\n\n<div style=\"height:50px\" aria-hidden=\"true\" class=\"wp-block-spacer\"><\/div>\n\n\n<div class=\"wp-block-image is-resized\">\n<figure class=\"aligncenter size-large\"><img loading=\"lazy\" decoding=\"async\" width=\"1024\" height=\"1024\" src=\"https:\/\/tonalibus.org\/wp-content\/uploads\/2022\/01\/IMG_2850-xcyz-1024x1024.jpg\" alt=\"Playlist A, B &amp; C\" class=\"wp-image-16494\" style=\"object-fit:contain;width:465px;height:465px\" srcset=\"https:\/\/tonalibus.org\/wp-content\/uploads\/2022\/01\/IMG_2850-xcyz-1024x1024.jpg 1024w, https:\/\/tonalibus.org\/wp-content\/uploads\/2022\/01\/IMG_2850-xcyz-300x300.jpg 300w, https:\/\/tonalibus.org\/wp-content\/uploads\/2022\/01\/IMG_2850-xcyz-150x150.jpg 150w, https:\/\/tonalibus.org\/wp-content\/uploads\/2022\/01\/IMG_2850-xcyz-768x768.jpg 768w, https:\/\/tonalibus.org\/wp-content\/uploads\/2022\/01\/IMG_2850-xcyz-1536x1536.jpg 1536w, https:\/\/tonalibus.org\/wp-content\/uploads\/2022\/01\/IMG_2850-xcyz-2048x2048.jpg 2048w, https:\/\/tonalibus.org\/wp-content\/uploads\/2022\/01\/IMG_2850-xcyz-12x12.jpg 12w, https:\/\/tonalibus.org\/wp-content\/uploads\/2022\/01\/IMG_2850-xcyz-100x100.jpg 100w, https:\/\/tonalibus.org\/wp-content\/uploads\/2022\/01\/IMG_2850-xcyz-1320x1320.jpg 1320w, https:\/\/tonalibus.org\/wp-content\/uploads\/2022\/01\/IMG_2850-xcyz-560x560.jpg 560w\" sizes=\"auto, (max-width: 706px) 89vw, (max-width: 767px) 82vw, 740px\" \/><\/figure>\n<\/div>","protected":false},"excerpt":{"rendered":"<p>Das Album Tonalibus A, B &amp; C wurde im Juli 2021 ver\u00f6ffentlicht. Die Playlist \"Tonalibus A\" enth\u00e4lt St\u00fccke aus dem Jahr 2020, \"B\" von Anfang 2021 und \"C\" von Mitte 2021. Tonalibus ABC Sampler - Auswahl von 14 St\u00fccken, 78 Minuten Riding the wave's crest - 10 St\u00fccke, 68 Minuten Relishing the present - 9 St\u00fccke, 45 Minuten ... <\/p>\n<p class=\"link-more\"><a href=\"https:\/\/tonalibus.org\/de\/shop\/playlists-2\/playlist-a-b-c\/\" class=\"more-link\"><span class=\"screen-reader-text\">\"Playlist A, B &amp; C\"<\/span> weiterlesen<\/a><\/p>","protected":false},"author":1,"featured_media":0,"parent":15628,"menu_order":11,"comment_status":"closed","ping_status":"closed","template":"","meta":{"footnotes":""},"class_list":["post-25668","page","type-page","status-publish","hentry"],"yoast_head":"<!-- This site is optimized with the Yoast SEO plugin v27.4 - https:\/\/yoast.com\/product\/yoast-seo-wordpress\/ -->\n<title>Playlist A, B &amp; C &#8211; TONALIBUS<\/title>\n<meta name=\"description\" content=\"Tonalibus A, B &amp; C was released in July 2021. Playlist &quot;Tonalibus A&quot; features pieces from 2020, &quot;B&quot; from early 2021, and &quot;C&quot; from mid 2021.\" \/>\n<meta name=\"robots\" content=\"index, follow, max-snippet:-1, max-image-preview:large, max-video-preview:-1\" \/>\n<link rel=\"canonical\" href=\"https:\/\/tonalibus.org\/de\/shop\/playlists-2\/playlist-a-b-c\/\" \/>\n<meta property=\"og:locale\" content=\"de_DE\" \/>\n<meta property=\"og:type\" content=\"article\" \/>\n<meta property=\"og:title\" content=\"Playlist A, B &amp; C &#8211; TONALIBUS\" \/>\n<meta property=\"og:description\" content=\"Tonalibus A, B &amp; C was released in July 2021. Playlist &quot;Tonalibus A&quot; features pieces from 2020, &quot;B&quot; from early 2021, and &quot;C&quot; from mid 2021.\" \/>\n<meta property=\"og:url\" content=\"https:\/\/tonalibus.org\/de\/shop\/playlists-2\/playlist-a-b-c\/\" \/>\n<meta property=\"og:site_name\" content=\"TONALIBUS\" \/>\n<meta property=\"article:modified_time\" content=\"2026-03-20T14:51:13+00:00\" \/>\n<meta property=\"og:image\" content=\"https:\/\/tonalibus.org\/wp-content\/uploads\/2022\/06\/IMG_2850-xc-ABC-zsq-comp.jpg\" \/>\n\t<meta property=\"og:image:width\" content=\"1069\" \/>\n\t<meta property=\"og:image:height\" content=\"1069\" \/>\n\t<meta property=\"og:image:type\" content=\"image\/jpeg\" \/>\n<meta name=\"twitter:card\" content=\"summary_large_image\" \/>\n<meta name=\"twitter:label1\" content=\"Gesch\u00e4tzte Lesezeit\" \/>\n\t<meta name=\"twitter:data1\" content=\"2\u00a0Minuten\" \/>\n<script type=\"application\/ld+json\" class=\"yoast-schema-graph\">{\"@context\":\"https:\\\/\\\/schema.org\",\"@graph\":[{\"@type\":\"WebPage\",\"@id\":\"https:\\\/\\\/tonalibus.org\\\/shop\\\/playlists-2\\\/playlist-a-b-c\\\/\",\"url\":\"https:\\\/\\\/tonalibus.org\\\/shop\\\/playlists-2\\\/playlist-a-b-c\\\/\",\"name\":\"Playlist A, B & C &#8211; TONALIBUS\",\"isPartOf\":{\"@id\":\"https:\\\/\\\/tonalibus.org\\\/de\\\/#website\"},\"primaryImageOfPage\":{\"@id\":\"https:\\\/\\\/tonalibus.org\\\/shop\\\/playlists-2\\\/playlist-a-b-c\\\/#primaryimage\"},\"image\":{\"@id\":\"https:\\\/\\\/tonalibus.org\\\/shop\\\/playlists-2\\\/playlist-a-b-c\\\/#primaryimage\"},\"thumbnailUrl\":\"https:\\\/\\\/tonalibus.org\\\/wp-content\\\/uploads\\\/2022\\\/06\\\/IMG_2850-xc-ABC-zsq-comp.jpg\",\"datePublished\":\"2023-06-16T12:49:36+00:00\",\"dateModified\":\"2026-03-20T14:51:13+00:00\",\"description\":\"Tonalibus A, B & C was released in July 2021. Playlist \\\"Tonalibus A\\\" features pieces from 2020, \\\"B\\\" from early 2021, and \\\"C\\\" from mid 2021.\",\"breadcrumb\":{\"@id\":\"https:\\\/\\\/tonalibus.org\\\/shop\\\/playlists-2\\\/playlist-a-b-c\\\/#breadcrumb\"},\"inLanguage\":\"de-CH\",\"potentialAction\":[{\"@type\":\"ReadAction\",\"target\":[\"https:\\\/\\\/tonalibus.org\\\/shop\\\/playlists-2\\\/playlist-a-b-c\\\/\"]}]},{\"@type\":\"ImageObject\",\"inLanguage\":\"de-CH\",\"@id\":\"https:\\\/\\\/tonalibus.org\\\/shop\\\/playlists-2\\\/playlist-a-b-c\\\/#primaryimage\",\"url\":\"https:\\\/\\\/tonalibus.org\\\/wp-content\\\/uploads\\\/2022\\\/06\\\/IMG_2850-xc-ABC-zsq-comp.jpg\",\"contentUrl\":\"https:\\\/\\\/tonalibus.org\\\/wp-content\\\/uploads\\\/2022\\\/06\\\/IMG_2850-xc-ABC-zsq-comp.jpg\"},{\"@type\":\"BreadcrumbList\",\"@id\":\"https:\\\/\\\/tonalibus.org\\\/shop\\\/playlists-2\\\/playlist-a-b-c\\\/#breadcrumb\",\"itemListElement\":[{\"@type\":\"ListItem\",\"position\":1,\"name\":\"Home\",\"item\":\"https:\\\/\\\/tonalibus.org\\\/\"},{\"@type\":\"ListItem\",\"position\":2,\"name\":\"Fidibus Shop\",\"item\":\"https:\\\/\\\/tonalibus.org\\\/shop\\\/\"},{\"@type\":\"ListItem\",\"position\":3,\"name\":\"Playlists\",\"item\":\"https:\\\/\\\/tonalibus.org\\\/shop\\\/playlists-2\\\/\"},{\"@type\":\"ListItem\",\"position\":4,\"name\":\"Playlist A, B &#038; C\"}]},{\"@type\":\"WebSite\",\"@id\":\"https:\\\/\\\/tonalibus.org\\\/de\\\/#website\",\"url\":\"https:\\\/\\\/tonalibus.org\\\/de\\\/\",\"name\":\"TONALIBUS\",\"description\":\"Anchored Harmony and Tonalities\",\"publisher\":{\"@id\":\"https:\\\/\\\/tonalibus.org\\\/de\\\/#\\\/schema\\\/person\\\/749261d7bc96d1f00127273f83ab96a4\"},\"potentialAction\":[{\"@type\":\"SearchAction\",\"target\":{\"@type\":\"EntryPoint\",\"urlTemplate\":\"https:\\\/\\\/tonalibus.org\\\/de\\\/?s={search_term_string}\"},\"query-input\":{\"@type\":\"PropertyValueSpecification\",\"valueRequired\":true,\"valueName\":\"search_term_string\"}}],\"inLanguage\":\"de-CH\"},{\"@type\":[\"Person\",\"Organization\"],\"@id\":\"https:\\\/\\\/tonalibus.org\\\/de\\\/#\\\/schema\\\/person\\\/749261d7bc96d1f00127273f83ab96a4\",\"name\":\"Ulrico\",\"image\":{\"@type\":\"ImageObject\",\"inLanguage\":\"de-CH\",\"@id\":\"https:\\\/\\\/tonalibus.org\\\/wp-content\\\/uploads\\\/2020\\\/06\\\/uli-pix.jpg\",\"url\":\"https:\\\/\\\/tonalibus.org\\\/wp-content\\\/uploads\\\/2020\\\/06\\\/uli-pix.jpg\",\"contentUrl\":\"https:\\\/\\\/tonalibus.org\\\/wp-content\\\/uploads\\\/2020\\\/06\\\/uli-pix.jpg\",\"width\":960,\"height\":720,\"caption\":\"Ulrico\"},\"logo\":{\"@id\":\"https:\\\/\\\/tonalibus.org\\\/wp-content\\\/uploads\\\/2020\\\/06\\\/uli-pix.jpg\"},\"sameAs\":[\"https:\\\/\\\/tonalibus.cyon.site\"]}]}<\/script>\n<!-- \/ Yoast SEO plugin. -->","yoast_head_json":{"title":"Wiedergabeliste A, B &amp; C - TONALIBUS","description":"Tonalibus A, B &amp; C wurde im Juli 2021 ver\u00f6ffentlicht. Die Playlist \"Tonalibus A\" enth\u00e4lt St\u00fccke aus dem Jahr 2020, \"B\" von Anfang 2021 und \"C\" von Mitte 2021.","robots":{"index":"index","follow":"follow","max-snippet":"max-snippet:-1","max-image-preview":"max-image-preview:large","max-video-preview":"max-video-preview:-1"},"canonical":"https:\/\/tonalibus.org\/de\/shop\/playlists-2\/playlist-a-b-c\/","og_locale":"de_DE","og_type":"article","og_title":"Playlist A, B & C &#8211; TONALIBUS","og_description":"Tonalibus A, B & C was released in July 2021. Playlist \"Tonalibus A\" features pieces from 2020, \"B\" from early 2021, and \"C\" from mid 2021.","og_url":"https:\/\/tonalibus.org\/de\/shop\/playlists-2\/playlist-a-b-c\/","og_site_name":"TONALIBUS","article_modified_time":"2026-03-20T14:51:13+00:00","og_image":[{"width":1069,"height":1069,"url":"https:\/\/tonalibus.org\/wp-content\/uploads\/2022\/06\/IMG_2850-xc-ABC-zsq-comp.jpg","type":"image\/jpeg"}],"twitter_card":"summary_large_image","twitter_misc":{"Gesch\u00e4tzte Lesezeit":"2\u00a0Minuten"},"schema":{"@context":"https:\/\/schema.org","@graph":[{"@type":"WebPage","@id":"https:\/\/tonalibus.org\/shop\/playlists-2\/playlist-a-b-c\/","url":"https:\/\/tonalibus.org\/shop\/playlists-2\/playlist-a-b-c\/","name":"Wiedergabeliste A, B &amp; C - TONALIBUS","isPartOf":{"@id":"https:\/\/tonalibus.org\/de\/#website"},"primaryImageOfPage":{"@id":"https:\/\/tonalibus.org\/shop\/playlists-2\/playlist-a-b-c\/#primaryimage"},"image":{"@id":"https:\/\/tonalibus.org\/shop\/playlists-2\/playlist-a-b-c\/#primaryimage"},"thumbnailUrl":"https:\/\/tonalibus.org\/wp-content\/uploads\/2022\/06\/IMG_2850-xc-ABC-zsq-comp.jpg","datePublished":"2023-06-16T12:49:36+00:00","dateModified":"2026-03-20T14:51:13+00:00","description":"Tonalibus A, B &amp; C wurde im Juli 2021 ver\u00f6ffentlicht. Die Playlist \"Tonalibus A\" enth\u00e4lt St\u00fccke aus dem Jahr 2020, \"B\" von Anfang 2021 und \"C\" von Mitte 2021.","breadcrumb":{"@id":"https:\/\/tonalibus.org\/shop\/playlists-2\/playlist-a-b-c\/#breadcrumb"},"inLanguage":"de-CH","potentialAction":[{"@type":"ReadAction","target":["https:\/\/tonalibus.org\/shop\/playlists-2\/playlist-a-b-c\/"]}]},{"@type":"ImageObject","inLanguage":"de-CH","@id":"https:\/\/tonalibus.org\/shop\/playlists-2\/playlist-a-b-c\/#primaryimage","url":"https:\/\/tonalibus.org\/wp-content\/uploads\/2022\/06\/IMG_2850-xc-ABC-zsq-comp.jpg","contentUrl":"https:\/\/tonalibus.org\/wp-content\/uploads\/2022\/06\/IMG_2850-xc-ABC-zsq-comp.jpg"},{"@type":"BreadcrumbList","@id":"https:\/\/tonalibus.org\/shop\/playlists-2\/playlist-a-b-c\/#breadcrumb","itemListElement":[{"@type":"ListItem","position":1,"name":"Home","item":"https:\/\/tonalibus.org\/"},{"@type":"ListItem","position":2,"name":"Fidibus Shop","item":"https:\/\/tonalibus.org\/shop\/"},{"@type":"ListItem","position":3,"name":"Playlists","item":"https:\/\/tonalibus.org\/shop\/playlists-2\/"},{"@type":"ListItem","position":4,"name":"Playlist A, B &#038; C"}]},{"@type":"WebSite","@id":"https:\/\/tonalibus.org\/de\/#website","url":"https:\/\/tonalibus.org\/de\/","name":"TONALIBUS","description":"Verankerte Harmonie und Tonalit\u00e4ten","publisher":{"@id":"https:\/\/tonalibus.org\/de\/#\/schema\/person\/749261d7bc96d1f00127273f83ab96a4"},"potentialAction":[{"@type":"SearchAction","target":{"@type":"EntryPoint","urlTemplate":"https:\/\/tonalibus.org\/de\/?s={search_term_string}"},"query-input":{"@type":"PropertyValueSpecification","valueRequired":true,"valueName":"search_term_string"}}],"inLanguage":"de-CH"},{"@type":["Person","Organization"],"@id":"https:\/\/tonalibus.org\/de\/#\/schema\/person\/749261d7bc96d1f00127273f83ab96a4","name":"Ulrico","image":{"@type":"ImageObject","inLanguage":"de-CH","@id":"https:\/\/tonalibus.org\/wp-content\/uploads\/2020\/06\/uli-pix.jpg","url":"https:\/\/tonalibus.org\/wp-content\/uploads\/2020\/06\/uli-pix.jpg","contentUrl":"https:\/\/tonalibus.org\/wp-content\/uploads\/2020\/06\/uli-pix.jpg","width":960,"height":720,"caption":"Ulrico"},"logo":{"@id":"https:\/\/tonalibus.org\/wp-content\/uploads\/2020\/06\/uli-pix.jpg"},"sameAs":["https:\/\/tonalibus.cyon.site"]}]}},"_links":{"self":[{"href":"https:\/\/tonalibus.org\/de\/wp-json\/wp\/v2\/pages\/25668","targetHints":{"allow":["GET"]}}],"collection":[{"href":"https:\/\/tonalibus.org\/de\/wp-json\/wp\/v2\/pages"}],"about":[{"href":"https:\/\/tonalibus.org\/de\/wp-json\/wp\/v2\/types\/page"}],"author":[{"embeddable":true,"href":"https:\/\/tonalibus.org\/de\/wp-json\/wp\/v2\/users\/1"}],"replies":[{"embeddable":true,"href":"https:\/\/tonalibus.org\/de\/wp-json\/wp\/v2\/comments?post=25668"}],"version-history":[{"count":1,"href":"https:\/\/tonalibus.org\/de\/wp-json\/wp\/v2\/pages\/25668\/revisions"}],"predecessor-version":[{"id":38707,"href":"https:\/\/tonalibus.org\/de\/wp-json\/wp\/v2\/pages\/25668\/revisions\/38707"}],"up":[{"embeddable":true,"href":"https:\/\/tonalibus.org\/de\/wp-json\/wp\/v2\/pages\/15628"}],"wp:attachment":[{"href":"https:\/\/tonalibus.org\/de\/wp-json\/wp\/v2\/media?parent=25668"}],"curies":[{"name":"wp","href":"https:\/\/api.w.org\/{rel}","templated":true}]}}