{"id":2568,"date":"2020-07-12T18:36:06","date_gmt":"2020-07-12T16:36:06","guid":{"rendered":"https:\/\/tonalibus.org\/?page_id=2568"},"modified":"2023-08-01T15:58:27","modified_gmt":"2023-08-01T13:58:27","slug":"open-mini-concerts","status":"publish","type":"page","link":"https:\/\/tonalibus.org\/de\/inner-circle\/mcs-repository\/mini-concerts\/open-mini-concerts\/","title":{"rendered":"\u00d6ffentliche Mini-Konzert-Sessionen"},"content":{"rendered":"<h2 class=\"has-text-color wp-block-heading\" style=\"color:#f7b320\">Sitzplatz an einer \u00f6ffentlichen Minikonzert-Session \u2013 Anfrage<\/h2>\n\n\n\n<div style=\"height:20px\" aria-hidden=\"true\" class=\"wp-block-spacer\"><\/div>\n\n\n\n\n\n<h3 class=\"wp-block-heading\"><a href=\"https:\/\/tonalibus.org\/de\/privacy-policy\/\"><span style=\"color:#f7b320\" class=\"has-inline-color\">Datenschutz-Erkl\u00e4rung<\/span><\/a><\/h3>\n\n\n\n<div style=\"height:46px\" aria-hidden=\"true\" class=\"wp-block-spacer\"><\/div>\n\n\n\n<p class=\"has-text-color\" style=\"color:#f7b320\">Wenn du monatlich per E-Mail \u00fcber neue Spiritualibus-Blog-Eintr\u00e4ge und Fidibus-Shop-Angebote informiert werden m\u00f6chtest, kannst du den Tonalibus-Newsletter unten links in der Fuss-Zeile dieser Website gratis abonnieren.<\/p>","protected":false},"excerpt":{"rendered":"<p>Open mini-concert session seat request Privacy Policy If you would like to receive a monthly e-mail update of new Spiritualibus blog entries and Fidibus shop offers, you are welcome to subscribe to the Tonalibus newsletter in the page footer below.<\/p>","protected":false},"author":1,"featured_media":0,"parent":2438,"menu_order":62,"comment_status":"closed","ping_status":"closed","template":"","meta":{"footnotes":""},"class_list":["post-2568","page","type-page","status-publish","hentry"],"yoast_head":"<!-- This site is optimized with the Yoast SEO plugin v27.4 - https:\/\/yoast.com\/product\/yoast-seo-wordpress\/ -->\n<title>Open Mini-Concert Sessions &#8211; TONALIBUS, Harmony &amp; Tonalities<\/title>\n<meta name=\"description\" content=\"Here you can request seats for Tonalibus open mini-concert sessions.\" \/>\n<meta name=\"robots\" content=\"noindex, nofollow\" \/>\n<meta property=\"og:locale\" content=\"de_DE\" \/>\n<meta property=\"og:type\" content=\"article\" \/>\n<meta property=\"og:title\" content=\"Open Mini-Concert Sessions &#8211; TONALIBUS, Harmony &amp; Tonalities\" \/>\n<meta property=\"og:description\" content=\"Here you can request seats for Tonalibus open mini-concert sessions.\" \/>\n<meta property=\"og:url\" content=\"https:\/\/tonalibus.org\/de\/inner-circle\/mcs-repository\/mini-concerts\/open-mini-concerts\/\" \/>\n<meta property=\"og:site_name\" content=\"TONALIBUS\" \/>\n<meta property=\"article:modified_time\" content=\"2023-08-01T13:58:27+00:00\" \/>\n<meta name=\"twitter:card\" content=\"summary_large_image\" \/>\n<meta name=\"twitter:label1\" content=\"Gesch\u00e4tzte Lesezeit\" \/>\n\t<meta name=\"twitter:data1\" content=\"1\u00a0Minute\" \/>\n<script type=\"application\/ld+json\" class=\"yoast-schema-graph\">{\"@context\":\"https:\\\/\\\/schema.org\",\"@graph\":[{\"@type\":\"WebPage\",\"@id\":\"https:\\\/\\\/tonalibus.org\\\/de\\\/inner-circle\\\/mcs-repository\\\/mini-concerts\\\/open-mini-concerts\\\/\",\"url\":\"https:\\\/\\\/tonalibus.org\\\/de\\\/inner-circle\\\/mcs-repository\\\/mini-concerts\\\/open-mini-concerts\\\/\",\"name\":\"Open Mini-Concert Sessions &#8211; TONALIBUS, Harmony & Tonalities\",\"isPartOf\":{\"@id\":\"https:\\\/\\\/tonalibus.org\\\/de\\\/#website\"},\"datePublished\":\"2020-07-12T16:36:06+00:00\",\"dateModified\":\"2023-08-01T13:58:27+00:00\",\"description\":\"Here you can request seats for Tonalibus open mini-concert sessions.\",\"breadcrumb\":{\"@id\":\"https:\\\/\\\/tonalibus.org\\\/de\\\/inner-circle\\\/mcs-repository\\\/mini-concerts\\\/open-mini-concerts\\\/#breadcrumb\"},\"inLanguage\":\"de-CH\",\"potentialAction\":[{\"@type\":\"ReadAction\",\"target\":[\"https:\\\/\\\/tonalibus.org\\\/de\\\/inner-circle\\\/mcs-repository\\\/mini-concerts\\\/open-mini-concerts\\\/\"]}]},{\"@type\":\"BreadcrumbList\",\"@id\":\"https:\\\/\\\/tonalibus.org\\\/de\\\/inner-circle\\\/mcs-repository\\\/mini-concerts\\\/open-mini-concerts\\\/#breadcrumb\",\"itemListElement\":[{\"@type\":\"ListItem\",\"position\":1,\"name\":\"Home\",\"item\":\"https:\\\/\\\/tonalibus.org\\\/\"},{\"@type\":\"ListItem\",\"position\":2,\"name\":\"Protected: Inner Circle\",\"item\":\"https:\\\/\\\/tonalibus.org\\\/en\\\/inner-circle\\\/\"},{\"@type\":\"ListItem\",\"position\":3,\"name\":\"Prot\u00e9g\u00e9\u00a0: MCS Repository\",\"item\":\"https:\\\/\\\/tonalibus.org\\\/fr\\\/inner-circle\\\/mcs-repository\\\/\"},{\"@type\":\"ListItem\",\"position\":4,\"name\":\"Mini-Concert Sessions\",\"item\":\"https:\\\/\\\/tonalibus.org\\\/it\\\/inner-circle\\\/mcs-repository\\\/mini-concerts\\\/\"},{\"@type\":\"ListItem\",\"position\":5,\"name\":\"Open Mini-Concert Sessions\"}]},{\"@type\":\"WebSite\",\"@id\":\"https:\\\/\\\/tonalibus.org\\\/de\\\/#website\",\"url\":\"https:\\\/\\\/tonalibus.org\\\/de\\\/\",\"name\":\"TONALIBUS\",\"description\":\"Anchored Harmony and Tonalities\",\"publisher\":{\"@id\":\"https:\\\/\\\/tonalibus.org\\\/de\\\/#\\\/schema\\\/person\\\/749261d7bc96d1f00127273f83ab96a4\"},\"potentialAction\":[{\"@type\":\"SearchAction\",\"target\":{\"@type\":\"EntryPoint\",\"urlTemplate\":\"https:\\\/\\\/tonalibus.org\\\/de\\\/?s={search_term_string}\"},\"query-input\":{\"@type\":\"PropertyValueSpecification\",\"valueRequired\":true,\"valueName\":\"search_term_string\"}}],\"inLanguage\":\"de-CH\"},{\"@type\":[\"Person\",\"Organization\"],\"@id\":\"https:\\\/\\\/tonalibus.org\\\/de\\\/#\\\/schema\\\/person\\\/749261d7bc96d1f00127273f83ab96a4\",\"name\":\"Ulrico\",\"image\":{\"@type\":\"ImageObject\",\"inLanguage\":\"de-CH\",\"@id\":\"https:\\\/\\\/tonalibus.org\\\/wp-content\\\/uploads\\\/2020\\\/06\\\/uli-pix.jpg\",\"url\":\"https:\\\/\\\/tonalibus.org\\\/wp-content\\\/uploads\\\/2020\\\/06\\\/uli-pix.jpg\",\"contentUrl\":\"https:\\\/\\\/tonalibus.org\\\/wp-content\\\/uploads\\\/2020\\\/06\\\/uli-pix.jpg\",\"width\":960,\"height\":720,\"caption\":\"Ulrico\"},\"logo\":{\"@id\":\"https:\\\/\\\/tonalibus.org\\\/wp-content\\\/uploads\\\/2020\\\/06\\\/uli-pix.jpg\"},\"sameAs\":[\"https:\\\/\\\/tonalibus.cyon.site\"]}]}<\/script>\n<!-- \/ Yoast SEO plugin. -->","yoast_head_json":{"title":"Offene Mini-Konzertsitzungen - TONALIBUS, Harmonie &amp; Tonalit\u00e4ten","description":"Hier k\u00f6nnen Sie Pl\u00e4tze f\u00fcr offene Minikonzert-Sitzungen im Tonalibus beantragen.","robots":{"index":"noindex","follow":"nofollow"},"og_locale":"de_DE","og_type":"article","og_title":"Open Mini-Concert Sessions &#8211; TONALIBUS, Harmony & Tonalities","og_description":"Here you can request seats for Tonalibus open mini-concert sessions.","og_url":"https:\/\/tonalibus.org\/de\/inner-circle\/mcs-repository\/mini-concerts\/open-mini-concerts\/","og_site_name":"TONALIBUS","article_modified_time":"2023-08-01T13:58:27+00:00","twitter_card":"summary_large_image","twitter_misc":{"Gesch\u00e4tzte Lesezeit":"1\u00a0Minute"},"schema":{"@context":"https:\/\/schema.org","@graph":[{"@type":"WebPage","@id":"https:\/\/tonalibus.org\/de\/inner-circle\/mcs-repository\/mini-concerts\/open-mini-concerts\/","url":"https:\/\/tonalibus.org\/de\/inner-circle\/mcs-repository\/mini-concerts\/open-mini-concerts\/","name":"Offene Mini-Konzertsitzungen - TONALIBUS, Harmonie &amp; Tonalit\u00e4ten","isPartOf":{"@id":"https:\/\/tonalibus.org\/de\/#website"},"datePublished":"2020-07-12T16:36:06+00:00","dateModified":"2023-08-01T13:58:27+00:00","description":"Hier k\u00f6nnen Sie Pl\u00e4tze f\u00fcr offene Minikonzert-Sitzungen im Tonalibus beantragen.","breadcrumb":{"@id":"https:\/\/tonalibus.org\/de\/inner-circle\/mcs-repository\/mini-concerts\/open-mini-concerts\/#breadcrumb"},"inLanguage":"de-CH","potentialAction":[{"@type":"ReadAction","target":["https:\/\/tonalibus.org\/de\/inner-circle\/mcs-repository\/mini-concerts\/open-mini-concerts\/"]}]},{"@type":"BreadcrumbList","@id":"https:\/\/tonalibus.org\/de\/inner-circle\/mcs-repository\/mini-concerts\/open-mini-concerts\/#breadcrumb","itemListElement":[{"@type":"ListItem","position":1,"name":"Home","item":"https:\/\/tonalibus.org\/"},{"@type":"ListItem","position":2,"name":"Protected: Inner Circle","item":"https:\/\/tonalibus.org\/en\/inner-circle\/"},{"@type":"ListItem","position":3,"name":"Prot\u00e9g\u00e9\u00a0: MCS Repository","item":"https:\/\/tonalibus.org\/fr\/inner-circle\/mcs-repository\/"},{"@type":"ListItem","position":4,"name":"Mini-Concert Sessions","item":"https:\/\/tonalibus.org\/it\/inner-circle\/mcs-repository\/mini-concerts\/"},{"@type":"ListItem","position":5,"name":"Open Mini-Concert Sessions"}]},{"@type":"WebSite","@id":"https:\/\/tonalibus.org\/de\/#website","url":"https:\/\/tonalibus.org\/de\/","name":"TONALIBUS","description":"Verankerte Harmonie und Tonalit\u00e4ten","publisher":{"@id":"https:\/\/tonalibus.org\/de\/#\/schema\/person\/749261d7bc96d1f00127273f83ab96a4"},"potentialAction":[{"@type":"SearchAction","target":{"@type":"EntryPoint","urlTemplate":"https:\/\/tonalibus.org\/de\/?s={search_term_string}"},"query-input":{"@type":"PropertyValueSpecification","valueRequired":true,"valueName":"search_term_string"}}],"inLanguage":"de-CH"},{"@type":["Person","Organization"],"@id":"https:\/\/tonalibus.org\/de\/#\/schema\/person\/749261d7bc96d1f00127273f83ab96a4","name":"Ulrico","image":{"@type":"ImageObject","inLanguage":"de-CH","@id":"https:\/\/tonalibus.org\/wp-content\/uploads\/2020\/06\/uli-pix.jpg","url":"https:\/\/tonalibus.org\/wp-content\/uploads\/2020\/06\/uli-pix.jpg","contentUrl":"https:\/\/tonalibus.org\/wp-content\/uploads\/2020\/06\/uli-pix.jpg","width":960,"height":720,"caption":"Ulrico"},"logo":{"@id":"https:\/\/tonalibus.org\/wp-content\/uploads\/2020\/06\/uli-pix.jpg"},"sameAs":["https:\/\/tonalibus.cyon.site"]}]}},"_links":{"self":[{"href":"https:\/\/tonalibus.org\/de\/wp-json\/wp\/v2\/pages\/2568","targetHints":{"allow":["GET"]}}],"collection":[{"href":"https:\/\/tonalibus.org\/de\/wp-json\/wp\/v2\/pages"}],"about":[{"href":"https:\/\/tonalibus.org\/de\/wp-json\/wp\/v2\/types\/page"}],"author":[{"embeddable":true,"href":"https:\/\/tonalibus.org\/de\/wp-json\/wp\/v2\/users\/1"}],"replies":[{"embeddable":true,"href":"https:\/\/tonalibus.org\/de\/wp-json\/wp\/v2\/comments?post=2568"}],"version-history":[{"count":0,"href":"https:\/\/tonalibus.org\/de\/wp-json\/wp\/v2\/pages\/2568\/revisions"}],"up":[{"embeddable":true,"href":"https:\/\/tonalibus.org\/de\/wp-json\/wp\/v2\/pages\/2438"}],"wp:attachment":[{"href":"https:\/\/tonalibus.org\/de\/wp-json\/wp\/v2\/media?parent=2568"}],"curies":[{"name":"wp","href":"https:\/\/api.w.org\/{rel}","templated":true}]}}