{"id":25685,"date":"2023-06-16T15:23:16","date_gmt":"2023-06-16T13:23:16","guid":{"rendered":"https:\/\/tonalibus.org\/?page_id=25685"},"modified":"2026-03-20T15:49:19","modified_gmt":"2026-03-20T14:49:19","slug":"playlist-d-e","status":"publish","type":"page","link":"https:\/\/tonalibus.org\/de\/shop\/playlists-2\/playlist-d-e\/","title":{"rendered":"Playlist D &amp; E"},"content":{"rendered":"<div class=\"wp-block-buttons is-content-justification-center is-layout-flex wp-container-core-buttons-is-layout-16018d1d wp-block-buttons-is-layout-flex\">\n<div class=\"wp-block-button is-style-outline is-style-outline--1\"><a class=\"wp-block-button__link wp-element-button\" href=\"#samp\"><sup>SAMPLER<\/sup><br><img loading=\"lazy\" decoding=\"async\" width=\"110\" height=\"110\" class=\"wp-image-18231\" style=\"width: 110px;\" src=\"https:\/\/tonalibus.org\/wp-content\/uploads\/2022\/03\/xc-square-DE-NOC.jpg\" alt=\"\" srcset=\"https:\/\/tonalibus.org\/wp-content\/uploads\/2022\/03\/xc-square-DE-NOC.jpg 1230w, https:\/\/tonalibus.org\/wp-content\/uploads\/2022\/03\/xc-square-DE-NOC-300x300.jpg 300w, https:\/\/tonalibus.org\/wp-content\/uploads\/2022\/03\/xc-square-DE-NOC-1024x1024.jpg 1024w, https:\/\/tonalibus.org\/wp-content\/uploads\/2022\/03\/xc-square-DE-NOC-150x150.jpg 150w, https:\/\/tonalibus.org\/wp-content\/uploads\/2022\/03\/xc-square-DE-NOC-768x769.jpg 768w, https:\/\/tonalibus.org\/wp-content\/uploads\/2022\/03\/xc-square-DE-NOC-12x12.jpg 12w, https:\/\/tonalibus.org\/wp-content\/uploads\/2022\/03\/xc-square-DE-NOC-100x100.jpg 100w, https:\/\/tonalibus.org\/wp-content\/uploads\/2022\/03\/xc-square-DE-NOC-560x560.jpg 560w\" sizes=\"auto, (max-width: 110px) 100vw, 110px\" \/><\/a><\/div>\n\n\n\n<div class=\"wp-block-button is-style-outline is-style-outline--2\"><a class=\"wp-block-button__link wp-element-button\" href=\"#e\"><sup>\u2013 'E' \u2013<\/sup><br><img loading=\"lazy\" decoding=\"async\" width=\"110\" height=\"110\" class=\"wp-image-18248\" style=\"width: 110px;\" src=\"https:\/\/tonalibus.org\/wp-content\/uploads\/2022\/03\/xc-square-E.jpg\" alt=\"\" srcset=\"https:\/\/tonalibus.org\/wp-content\/uploads\/2022\/03\/xc-square-E.jpg 1230w, https:\/\/tonalibus.org\/wp-content\/uploads\/2022\/03\/xc-square-E-300x300.jpg 300w, https:\/\/tonalibus.org\/wp-content\/uploads\/2022\/03\/xc-square-E-1024x1024.jpg 1024w, https:\/\/tonalibus.org\/wp-content\/uploads\/2022\/03\/xc-square-E-150x150.jpg 150w, https:\/\/tonalibus.org\/wp-content\/uploads\/2022\/03\/xc-square-E-768x769.jpg 768w, https:\/\/tonalibus.org\/wp-content\/uploads\/2022\/03\/xc-square-E-12x12.jpg 12w, https:\/\/tonalibus.org\/wp-content\/uploads\/2022\/03\/xc-square-E-100x100.jpg 100w, https:\/\/tonalibus.org\/wp-content\/uploads\/2022\/03\/xc-square-E-560x560.jpg 560w\" sizes=\"auto, (max-width: 110px) 100vw, 110px\" \/><\/a><\/div>\n\n\n\n<div class=\"wp-block-button is-style-outline is-style-outline--3\"><a class=\"wp-block-button__link wp-element-button\" href=\"#d\"><sup>\u2013 'D' \u2013<\/sup><br><img loading=\"lazy\" decoding=\"async\" width=\"110\" height=\"110\" class=\"wp-image-15764\" style=\"width: 110px;\" src=\"https:\/\/tonalibus.org\/wp-content\/uploads\/2021\/12\/xc-square-comp-d.jpg\" alt=\"Playlists: Tonalibus D\" srcset=\"https:\/\/tonalibus.org\/wp-content\/uploads\/2021\/12\/xc-square-comp-d.jpg 1230w, https:\/\/tonalibus.org\/wp-content\/uploads\/2021\/12\/xc-square-comp-d-300x300.jpg 300w, https:\/\/tonalibus.org\/wp-content\/uploads\/2021\/12\/xc-square-comp-d-1024x1024.jpg 1024w, https:\/\/tonalibus.org\/wp-content\/uploads\/2021\/12\/xc-square-comp-d-150x150.jpg 150w, https:\/\/tonalibus.org\/wp-content\/uploads\/2021\/12\/xc-square-comp-d-768x769.jpg 768w, https:\/\/tonalibus.org\/wp-content\/uploads\/2021\/12\/xc-square-comp-d-12x12.jpg 12w, https:\/\/tonalibus.org\/wp-content\/uploads\/2021\/12\/xc-square-comp-d-100x100.jpg 100w, https:\/\/tonalibus.org\/wp-content\/uploads\/2021\/12\/xc-square-comp-d-560x560.jpg 560w\" sizes=\"auto, (max-width: 110px) 100vw, 110px\" \/><\/a><\/div>\n<\/div>\n\n\n\n<div style=\"height:50px\" aria-hidden=\"true\" class=\"wp-block-spacer\"><\/div>\n\n\n\n<p class=\"has-text-color\" style=\"color:#f7b320\">Das Album <em><a href=\"https:\/\/tonalibus.org\/de\/shop\/tonalibus-d-e-album\/\"><mark style=\"background-color:rgba(0, 0, 0, 0);color:#f7b320\" class=\"has-inline-color\">Tonalibus D &amp; E<\/mark><\/a><\/em> wurde im Juni 2022 auf den g\u00e4ngigen globalen Musik-Plattformen ver\u00f6ffentlicht. Die Playlist \u201cTonalibus D\u201d enth\u00e4lt Kl\u00e4nge von Ende 2021 und Anfang 2022, \u201cE\u201d vom Fr\u00fchling 2022.<\/p>\n\n\n\n<h2 class=\"wp-block-heading has-text-color has-link-color wp-elements-a06c98c8b582df2167f25514eb3a0ab7\" id=\"samp\" style=\"color:#f7b320\"><strong><em>Tonalibus DE Sampler<\/em><\/strong> \u2013 Auswahl von 10 St\u00fccken, 69 Minuten<\/h2>\n\n\n<div id=\"audioigniter-32127\" class=\"audioigniter-root\" data-player-type=\"full\" data-tracks-url=\"https:\/\/tonalibus.org\/de\/?audioigniter_playlist_id=32127\" data-display-track-no=\"true\" data-reverse-track-order=\"false\" data-display-tracklist-covers=\"true\" data-display-active-cover=\"true\" data-display-artist-names=\"true\" data-display-buy-buttons=\"true\" data-buy-buttons-target=\"true\" data-cycle-tracks=\"false\" data-display-credits=\"false\" data-display-tracklist=\"true\" data-allow-tracklist-toggle=\"true\" data-allow-tracklist-loop=\"true\" data-limit-tracklist-height=\"false\" data-volume=\"70\" data-tracklist-height=\"0\" data-allow-track-loop=\"true\" data-shuffle=\"true\" data-shuffle-default=\"false\" data-allow-playback-rate=\"false\" data-timer-countdown=\"true\" data-skip-amount=\"28\" data-stop-on-finish=\"false\" data-remember-last=\"false\" data-player-buttons=\"[]\" ><\/div>\n\n\n\n<h2 class=\"wp-block-heading has-text-color\" id=\"e\" style=\"color:#f7b320\"><strong><em>Freiheit von Klang und Harmonie<\/em><\/strong> \u2013 15 St\u00fccke, 88 Minuten<\/h2>\n\n\n<div id=\"audioigniter-17222\" class=\"audioigniter-root\" data-player-type=\"full\" data-tracks-url=\"https:\/\/tonalibus.org\/de\/?audioigniter_playlist_id=17222\" data-display-track-no=\"false\" data-reverse-track-order=\"true\" data-display-tracklist-covers=\"true\" data-display-active-cover=\"true\" data-display-artist-names=\"true\" data-display-buy-buttons=\"true\" data-buy-buttons-target=\"true\" data-cycle-tracks=\"false\" data-display-credits=\"false\" data-display-tracklist=\"true\" data-allow-tracklist-toggle=\"true\" data-allow-tracklist-loop=\"true\" data-limit-tracklist-height=\"false\" data-volume=\"70\" data-tracklist-height=\"0\" data-allow-track-loop=\"true\" data-shuffle=\"true\" data-shuffle-default=\"false\" data-allow-playback-rate=\"false\" data-timer-countdown=\"true\" data-skip-amount=\"30\" data-tracks-delay=\"0\" data-stop-on-finish=\"false\" data-remember-last=\"false\" data-player-buttons=\"[]\" ><\/div>\n\n\n\n<h2 class=\"wp-block-heading has-text-color\" id=\"d\" style=\"color:#f7b320\"><em><strong>Hohe Berge in Flammen, Licht und Ton<\/strong><\/em> \u2013 12 St\u00fccke, 72 Min.<\/h2>\n\n\n<div id=\"audioigniter-15750\" class=\"audioigniter-root\" data-player-type=\"full\" data-tracks-url=\"https:\/\/tonalibus.org\/de\/?audioigniter_playlist_id=15750\" data-display-track-no=\"false\" data-reverse-track-order=\"false\" data-display-tracklist-covers=\"true\" data-display-active-cover=\"true\" data-display-artist-names=\"true\" data-display-buy-buttons=\"true\" data-buy-buttons-target=\"true\" data-cycle-tracks=\"false\" data-display-credits=\"false\" data-display-tracklist=\"true\" data-allow-tracklist-toggle=\"true\" data-allow-tracklist-loop=\"true\" data-limit-tracklist-height=\"false\" data-volume=\"70\" data-tracklist-height=\"0\" data-allow-track-loop=\"true\" data-shuffle=\"true\" data-shuffle-default=\"true\" data-allow-playback-rate=\"false\" data-timer-countdown=\"true\" data-skip-amount=\"30\" data-tracks-delay=\"0\" data-stop-on-finish=\"false\" data-remember-last=\"false\" data-player-buttons=\"[]\" ><\/div>\n\n\n\n<div style=\"height:50px\" aria-hidden=\"true\" class=\"wp-block-spacer\"><\/div>\n\n\n<div class=\"wp-block-image\">\n<figure class=\"aligncenter size-large is-resized\"><img loading=\"lazy\" decoding=\"async\" width=\"1024\" height=\"1024\" src=\"https:\/\/tonalibus.org\/wp-content\/uploads\/2022\/01\/20211203_071013970_iOS-xc-square-nod-1024x1024.jpg\" alt=\"Playlist D &amp; E\" class=\"wp-image-16493\" style=\"object-fit:contain;width:465px;height:465px\" srcset=\"https:\/\/tonalibus.org\/wp-content\/uploads\/2022\/01\/20211203_071013970_iOS-xc-square-nod-1024x1024.jpg 1024w, https:\/\/tonalibus.org\/wp-content\/uploads\/2022\/01\/20211203_071013970_iOS-xc-square-nod-300x300.jpg 300w, https:\/\/tonalibus.org\/wp-content\/uploads\/2022\/01\/20211203_071013970_iOS-xc-square-nod-150x150.jpg 150w, https:\/\/tonalibus.org\/wp-content\/uploads\/2022\/01\/20211203_071013970_iOS-xc-square-nod-768x769.jpg 768w, https:\/\/tonalibus.org\/wp-content\/uploads\/2022\/01\/20211203_071013970_iOS-xc-square-nod-12x12.jpg 12w, https:\/\/tonalibus.org\/wp-content\/uploads\/2022\/01\/20211203_071013970_iOS-xc-square-nod-100x100.jpg 100w, https:\/\/tonalibus.org\/wp-content\/uploads\/2022\/01\/20211203_071013970_iOS-xc-square-nod-560x560.jpg 560w, https:\/\/tonalibus.org\/wp-content\/uploads\/2022\/01\/20211203_071013970_iOS-xc-square-nod.jpg 1230w\" sizes=\"auto, (max-width: 706px) 89vw, (max-width: 767px) 82vw, 740px\" \/><\/figure>\n<\/div>","protected":false},"excerpt":{"rendered":"<p>Das Album Tonalibus D &amp; E wurde im Juni 2022 auf den wichtigsten globalen Musikplattformen ver\u00f6ffentlicht. Die Playlist \"Tonalibus D\" enth\u00e4lt Kl\u00e4nge von Ende 2021 und Anfang 2022, \"E\" vom Fr\u00fchjahr 2022. Tonalibus DE Sampler - Auswahl von 10 St\u00fccken, 69 Minuten Freedom of sound and harmony - 15 St\u00fccke, 88 Minuten High mountains on fire, ... <\/p>\n<p class=\"link-more\"><a href=\"https:\/\/tonalibus.org\/de\/shop\/playlists-2\/playlist-d-e\/\" class=\"more-link\"><span class=\"screen-reader-text\">\"Playlist D &amp; E\"<\/span> weiterlesen<\/a><\/p>","protected":false},"author":1,"featured_media":0,"parent":15628,"menu_order":12,"comment_status":"closed","ping_status":"closed","template":"","meta":{"footnotes":""},"class_list":["post-25685","page","type-page","status-publish","hentry"],"yoast_head":"<!-- This site is optimized with the Yoast SEO plugin v27.4 - https:\/\/yoast.com\/product\/yoast-seo-wordpress\/ -->\n<title>Playlist D &amp; E &#8211; TONALIBUS<\/title>\n<meta name=\"description\" content=\"Tonalibus D &amp; E was released in June 2022. Playlist &quot;Tonalibus D&quot; contains sounds from late 2021 and early 2022, &quot;E&quot; from spring 2022.\" \/>\n<meta name=\"robots\" content=\"index, follow, max-snippet:-1, max-image-preview:large, max-video-preview:-1\" \/>\n<link rel=\"canonical\" href=\"https:\/\/tonalibus.org\/de\/shop\/playlists-2\/playlist-d-e\/\" \/>\n<meta property=\"og:locale\" content=\"de_DE\" \/>\n<meta property=\"og:type\" content=\"article\" \/>\n<meta property=\"og:title\" content=\"Playlist D &amp; E &#8211; TONALIBUS\" \/>\n<meta property=\"og:description\" content=\"Tonalibus D &amp; E was released in June 2022. Playlist &quot;Tonalibus D&quot; contains sounds from late 2021 and early 2022, &quot;E&quot; from spring 2022.\" \/>\n<meta property=\"og:url\" content=\"https:\/\/tonalibus.org\/de\/shop\/playlists-2\/playlist-d-e\/\" \/>\n<meta property=\"og:site_name\" content=\"TONALIBUS\" \/>\n<meta property=\"article:modified_time\" content=\"2026-03-20T14:49:19+00:00\" \/>\n<meta property=\"og:image\" content=\"https:\/\/tonalibus.org\/wp-content\/uploads\/2022\/03\/xc-square-DE-NOC.jpg\" \/>\n\t<meta property=\"og:image:width\" content=\"1230\" \/>\n\t<meta property=\"og:image:height\" content=\"1231\" \/>\n\t<meta property=\"og:image:type\" content=\"image\/jpeg\" \/>\n<meta name=\"twitter:card\" content=\"summary_large_image\" \/>\n<meta name=\"twitter:label1\" content=\"Gesch\u00e4tzte Lesezeit\" \/>\n\t<meta name=\"twitter:data1\" content=\"2\u00a0Minuten\" \/>\n<script type=\"application\/ld+json\" class=\"yoast-schema-graph\">{\"@context\":\"https:\\\/\\\/schema.org\",\"@graph\":[{\"@type\":\"WebPage\",\"@id\":\"https:\\\/\\\/tonalibus.org\\\/shop\\\/playlists-2\\\/playlist-d-e\\\/\",\"url\":\"https:\\\/\\\/tonalibus.org\\\/shop\\\/playlists-2\\\/playlist-d-e\\\/\",\"name\":\"Playlist D & E &#8211; TONALIBUS\",\"isPartOf\":{\"@id\":\"https:\\\/\\\/tonalibus.org\\\/de\\\/#website\"},\"primaryImageOfPage\":{\"@id\":\"https:\\\/\\\/tonalibus.org\\\/shop\\\/playlists-2\\\/playlist-d-e\\\/#primaryimage\"},\"image\":{\"@id\":\"https:\\\/\\\/tonalibus.org\\\/shop\\\/playlists-2\\\/playlist-d-e\\\/#primaryimage\"},\"thumbnailUrl\":\"https:\\\/\\\/tonalibus.org\\\/wp-content\\\/uploads\\\/2022\\\/03\\\/xc-square-DE-NOC.jpg\",\"datePublished\":\"2023-06-16T13:23:16+00:00\",\"dateModified\":\"2026-03-20T14:49:19+00:00\",\"description\":\"Tonalibus D & E was released in June 2022. Playlist \\\"Tonalibus D\\\" contains sounds from late 2021 and early 2022, \\\"E\\\" from spring 2022.\",\"breadcrumb\":{\"@id\":\"https:\\\/\\\/tonalibus.org\\\/shop\\\/playlists-2\\\/playlist-d-e\\\/#breadcrumb\"},\"inLanguage\":\"de-CH\",\"potentialAction\":[{\"@type\":\"ReadAction\",\"target\":[\"https:\\\/\\\/tonalibus.org\\\/shop\\\/playlists-2\\\/playlist-d-e\\\/\"]}]},{\"@type\":\"ImageObject\",\"inLanguage\":\"de-CH\",\"@id\":\"https:\\\/\\\/tonalibus.org\\\/shop\\\/playlists-2\\\/playlist-d-e\\\/#primaryimage\",\"url\":\"https:\\\/\\\/tonalibus.org\\\/wp-content\\\/uploads\\\/2022\\\/03\\\/xc-square-DE-NOC.jpg\",\"contentUrl\":\"https:\\\/\\\/tonalibus.org\\\/wp-content\\\/uploads\\\/2022\\\/03\\\/xc-square-DE-NOC.jpg\"},{\"@type\":\"BreadcrumbList\",\"@id\":\"https:\\\/\\\/tonalibus.org\\\/shop\\\/playlists-2\\\/playlist-d-e\\\/#breadcrumb\",\"itemListElement\":[{\"@type\":\"ListItem\",\"position\":1,\"name\":\"Home\",\"item\":\"https:\\\/\\\/tonalibus.org\\\/\"},{\"@type\":\"ListItem\",\"position\":2,\"name\":\"Fidibus Shop\",\"item\":\"https:\\\/\\\/tonalibus.org\\\/shop\\\/\"},{\"@type\":\"ListItem\",\"position\":3,\"name\":\"Playlists\",\"item\":\"https:\\\/\\\/tonalibus.org\\\/shop\\\/playlists-2\\\/\"},{\"@type\":\"ListItem\",\"position\":4,\"name\":\"Playlist D &#038; E\"}]},{\"@type\":\"WebSite\",\"@id\":\"https:\\\/\\\/tonalibus.org\\\/de\\\/#website\",\"url\":\"https:\\\/\\\/tonalibus.org\\\/de\\\/\",\"name\":\"TONALIBUS\",\"description\":\"Anchored Harmony and Tonalities\",\"publisher\":{\"@id\":\"https:\\\/\\\/tonalibus.org\\\/de\\\/#\\\/schema\\\/person\\\/749261d7bc96d1f00127273f83ab96a4\"},\"potentialAction\":[{\"@type\":\"SearchAction\",\"target\":{\"@type\":\"EntryPoint\",\"urlTemplate\":\"https:\\\/\\\/tonalibus.org\\\/de\\\/?s={search_term_string}\"},\"query-input\":{\"@type\":\"PropertyValueSpecification\",\"valueRequired\":true,\"valueName\":\"search_term_string\"}}],\"inLanguage\":\"de-CH\"},{\"@type\":[\"Person\",\"Organization\"],\"@id\":\"https:\\\/\\\/tonalibus.org\\\/de\\\/#\\\/schema\\\/person\\\/749261d7bc96d1f00127273f83ab96a4\",\"name\":\"Ulrico\",\"image\":{\"@type\":\"ImageObject\",\"inLanguage\":\"de-CH\",\"@id\":\"https:\\\/\\\/tonalibus.org\\\/wp-content\\\/uploads\\\/2020\\\/06\\\/uli-pix.jpg\",\"url\":\"https:\\\/\\\/tonalibus.org\\\/wp-content\\\/uploads\\\/2020\\\/06\\\/uli-pix.jpg\",\"contentUrl\":\"https:\\\/\\\/tonalibus.org\\\/wp-content\\\/uploads\\\/2020\\\/06\\\/uli-pix.jpg\",\"width\":960,\"height\":720,\"caption\":\"Ulrico\"},\"logo\":{\"@id\":\"https:\\\/\\\/tonalibus.org\\\/wp-content\\\/uploads\\\/2020\\\/06\\\/uli-pix.jpg\"},\"sameAs\":[\"https:\\\/\\\/tonalibus.cyon.site\"]}]}<\/script>\n<!-- \/ Yoast SEO plugin. -->","yoast_head_json":{"title":"Wiedergabeliste D &amp; E - TONALIBUS","description":"Tonalibus D &amp; E wurde im Juni 2022 ver\u00f6ffentlicht. Die Playlist \"Tonalibus D\" enth\u00e4lt Sounds von Ende 2021 und Anfang 2022, \"E\" vom Fr\u00fchjahr 2022.","robots":{"index":"index","follow":"follow","max-snippet":"max-snippet:-1","max-image-preview":"max-image-preview:large","max-video-preview":"max-video-preview:-1"},"canonical":"https:\/\/tonalibus.org\/de\/shop\/playlists-2\/playlist-d-e\/","og_locale":"de_DE","og_type":"article","og_title":"Playlist D & E &#8211; TONALIBUS","og_description":"Tonalibus D & E was released in June 2022. Playlist \"Tonalibus D\" contains sounds from late 2021 and early 2022, \"E\" from spring 2022.","og_url":"https:\/\/tonalibus.org\/de\/shop\/playlists-2\/playlist-d-e\/","og_site_name":"TONALIBUS","article_modified_time":"2026-03-20T14:49:19+00:00","og_image":[{"width":1230,"height":1231,"url":"https:\/\/tonalibus.org\/wp-content\/uploads\/2022\/03\/xc-square-DE-NOC.jpg","type":"image\/jpeg"}],"twitter_card":"summary_large_image","twitter_misc":{"Gesch\u00e4tzte Lesezeit":"2\u00a0Minuten"},"schema":{"@context":"https:\/\/schema.org","@graph":[{"@type":"WebPage","@id":"https:\/\/tonalibus.org\/shop\/playlists-2\/playlist-d-e\/","url":"https:\/\/tonalibus.org\/shop\/playlists-2\/playlist-d-e\/","name":"Wiedergabeliste D &amp; E - TONALIBUS","isPartOf":{"@id":"https:\/\/tonalibus.org\/de\/#website"},"primaryImageOfPage":{"@id":"https:\/\/tonalibus.org\/shop\/playlists-2\/playlist-d-e\/#primaryimage"},"image":{"@id":"https:\/\/tonalibus.org\/shop\/playlists-2\/playlist-d-e\/#primaryimage"},"thumbnailUrl":"https:\/\/tonalibus.org\/wp-content\/uploads\/2022\/03\/xc-square-DE-NOC.jpg","datePublished":"2023-06-16T13:23:16+00:00","dateModified":"2026-03-20T14:49:19+00:00","description":"Tonalibus D &amp; E wurde im Juni 2022 ver\u00f6ffentlicht. Die Playlist \"Tonalibus D\" enth\u00e4lt Sounds von Ende 2021 und Anfang 2022, \"E\" vom Fr\u00fchjahr 2022.","breadcrumb":{"@id":"https:\/\/tonalibus.org\/shop\/playlists-2\/playlist-d-e\/#breadcrumb"},"inLanguage":"de-CH","potentialAction":[{"@type":"ReadAction","target":["https:\/\/tonalibus.org\/shop\/playlists-2\/playlist-d-e\/"]}]},{"@type":"ImageObject","inLanguage":"de-CH","@id":"https:\/\/tonalibus.org\/shop\/playlists-2\/playlist-d-e\/#primaryimage","url":"https:\/\/tonalibus.org\/wp-content\/uploads\/2022\/03\/xc-square-DE-NOC.jpg","contentUrl":"https:\/\/tonalibus.org\/wp-content\/uploads\/2022\/03\/xc-square-DE-NOC.jpg"},{"@type":"BreadcrumbList","@id":"https:\/\/tonalibus.org\/shop\/playlists-2\/playlist-d-e\/#breadcrumb","itemListElement":[{"@type":"ListItem","position":1,"name":"Home","item":"https:\/\/tonalibus.org\/"},{"@type":"ListItem","position":2,"name":"Fidibus Shop","item":"https:\/\/tonalibus.org\/shop\/"},{"@type":"ListItem","position":3,"name":"Playlists","item":"https:\/\/tonalibus.org\/shop\/playlists-2\/"},{"@type":"ListItem","position":4,"name":"Playlist D &#038; E"}]},{"@type":"WebSite","@id":"https:\/\/tonalibus.org\/de\/#website","url":"https:\/\/tonalibus.org\/de\/","name":"TONALIBUS","description":"Verankerte Harmonie und Tonalit\u00e4ten","publisher":{"@id":"https:\/\/tonalibus.org\/de\/#\/schema\/person\/749261d7bc96d1f00127273f83ab96a4"},"potentialAction":[{"@type":"SearchAction","target":{"@type":"EntryPoint","urlTemplate":"https:\/\/tonalibus.org\/de\/?s={search_term_string}"},"query-input":{"@type":"PropertyValueSpecification","valueRequired":true,"valueName":"search_term_string"}}],"inLanguage":"de-CH"},{"@type":["Person","Organization"],"@id":"https:\/\/tonalibus.org\/de\/#\/schema\/person\/749261d7bc96d1f00127273f83ab96a4","name":"Ulrico","image":{"@type":"ImageObject","inLanguage":"de-CH","@id":"https:\/\/tonalibus.org\/wp-content\/uploads\/2020\/06\/uli-pix.jpg","url":"https:\/\/tonalibus.org\/wp-content\/uploads\/2020\/06\/uli-pix.jpg","contentUrl":"https:\/\/tonalibus.org\/wp-content\/uploads\/2020\/06\/uli-pix.jpg","width":960,"height":720,"caption":"Ulrico"},"logo":{"@id":"https:\/\/tonalibus.org\/wp-content\/uploads\/2020\/06\/uli-pix.jpg"},"sameAs":["https:\/\/tonalibus.cyon.site"]}]}},"_links":{"self":[{"href":"https:\/\/tonalibus.org\/de\/wp-json\/wp\/v2\/pages\/25685","targetHints":{"allow":["GET"]}}],"collection":[{"href":"https:\/\/tonalibus.org\/de\/wp-json\/wp\/v2\/pages"}],"about":[{"href":"https:\/\/tonalibus.org\/de\/wp-json\/wp\/v2\/types\/page"}],"author":[{"embeddable":true,"href":"https:\/\/tonalibus.org\/de\/wp-json\/wp\/v2\/users\/1"}],"replies":[{"embeddable":true,"href":"https:\/\/tonalibus.org\/de\/wp-json\/wp\/v2\/comments?post=25685"}],"version-history":[{"count":1,"href":"https:\/\/tonalibus.org\/de\/wp-json\/wp\/v2\/pages\/25685\/revisions"}],"predecessor-version":[{"id":38706,"href":"https:\/\/tonalibus.org\/de\/wp-json\/wp\/v2\/pages\/25685\/revisions\/38706"}],"up":[{"embeddable":true,"href":"https:\/\/tonalibus.org\/de\/wp-json\/wp\/v2\/pages\/15628"}],"wp:attachment":[{"href":"https:\/\/tonalibus.org\/de\/wp-json\/wp\/v2\/media?parent=25685"}],"curies":[{"name":"wp","href":"https:\/\/api.w.org\/{rel}","templated":true}]}}