{"id":25697,"date":"2023-06-16T15:58:42","date_gmt":"2023-06-16T13:58:42","guid":{"rendered":"https:\/\/tonalibus.org\/?page_id=25697"},"modified":"2026-03-20T15:47:20","modified_gmt":"2026-03-20T14:47:20","slug":"playlist-f-g-h","status":"publish","type":"page","link":"https:\/\/tonalibus.org\/de\/shop\/playlists-2\/playlist-f-g-h\/","title":{"rendered":"Playlist F, G &amp; H"},"content":{"rendered":"<div class=\"wp-block-buttons is-content-justification-center is-layout-flex wp-container-core-buttons-is-layout-16018d1d wp-block-buttons-is-layout-flex\">\n<div class=\"wp-block-button is-style-outline is-style-outline--1\"><a class=\"wp-block-button__link wp-element-button\" href=\"#samp\"><sup>SAMPLER<\/sup><br><img loading=\"lazy\" decoding=\"async\" width=\"110\" height=\"110\" class=\"wp-image-22081\" style=\"width: 110px;\" src=\"https:\/\/tonalibus.org\/wp-content\/uploads\/2022\/12\/IMG_6294-cv-sqr-FGH.jpg\" alt=\"\" srcset=\"https:\/\/tonalibus.org\/wp-content\/uploads\/2022\/12\/IMG_6294-cv-sqr-FGH.jpg 1303w, https:\/\/tonalibus.org\/wp-content\/uploads\/2022\/12\/IMG_6294-cv-sqr-FGH-300x300.jpg 300w, https:\/\/tonalibus.org\/wp-content\/uploads\/2022\/12\/IMG_6294-cv-sqr-FGH-1024x1024.jpg 1024w, https:\/\/tonalibus.org\/wp-content\/uploads\/2022\/12\/IMG_6294-cv-sqr-FGH-150x150.jpg 150w, https:\/\/tonalibus.org\/wp-content\/uploads\/2022\/12\/IMG_6294-cv-sqr-FGH-768x768.jpg 768w, https:\/\/tonalibus.org\/wp-content\/uploads\/2022\/12\/IMG_6294-cv-sqr-FGH-12x12.jpg 12w, https:\/\/tonalibus.org\/wp-content\/uploads\/2022\/12\/IMG_6294-cv-sqr-FGH-100x100.jpg 100w, https:\/\/tonalibus.org\/wp-content\/uploads\/2022\/12\/IMG_6294-cv-sqr-FGH-560x560.jpg 560w\" sizes=\"auto, (max-width: 110px) 100vw, 110px\" \/><\/a><\/div>\n\n\n\n<div class=\"wp-block-button is-style-outline is-style-outline--2\"><a class=\"wp-block-button__link wp-element-button\" href=\"#h\"><sup>\u2013 'H' \u2013<\/sup><br><img loading=\"lazy\" decoding=\"async\" width=\"110\" height=\"110\" class=\"wp-image-22082\" style=\"width: 110px;\" src=\"https:\/\/tonalibus.org\/wp-content\/uploads\/2022\/12\/IMG_6294-cv-sqr-H.jpg\" alt=\"\" srcset=\"https:\/\/tonalibus.org\/wp-content\/uploads\/2022\/12\/IMG_6294-cv-sqr-H.jpg 1303w, https:\/\/tonalibus.org\/wp-content\/uploads\/2022\/12\/IMG_6294-cv-sqr-H-300x300.jpg 300w, https:\/\/tonalibus.org\/wp-content\/uploads\/2022\/12\/IMG_6294-cv-sqr-H-1024x1024.jpg 1024w, https:\/\/tonalibus.org\/wp-content\/uploads\/2022\/12\/IMG_6294-cv-sqr-H-150x150.jpg 150w, https:\/\/tonalibus.org\/wp-content\/uploads\/2022\/12\/IMG_6294-cv-sqr-H-768x768.jpg 768w, https:\/\/tonalibus.org\/wp-content\/uploads\/2022\/12\/IMG_6294-cv-sqr-H-12x12.jpg 12w, https:\/\/tonalibus.org\/wp-content\/uploads\/2022\/12\/IMG_6294-cv-sqr-H-100x100.jpg 100w, https:\/\/tonalibus.org\/wp-content\/uploads\/2022\/12\/IMG_6294-cv-sqr-H-560x560.jpg 560w\" sizes=\"auto, (max-width: 110px) 100vw, 110px\" \/><\/a><\/div>\n\n\n\n<div class=\"wp-block-button is-style-outline is-style-outline--3\"><a class=\"wp-block-button__link wp-element-button\" href=\"#g\"><sup>\u2013 'G' \u2013<\/sup><br><img loading=\"lazy\" decoding=\"async\" width=\"110\" height=\"110\" class=\"wp-image-20085\" style=\"width: 110px;\" src=\"https:\/\/tonalibus.org\/wp-content\/uploads\/2022\/08\/IMG_6294-cv-sqr-G.jpg\" alt=\"\" srcset=\"https:\/\/tonalibus.org\/wp-content\/uploads\/2022\/08\/IMG_6294-cv-sqr-G.jpg 1303w, https:\/\/tonalibus.org\/wp-content\/uploads\/2022\/08\/IMG_6294-cv-sqr-G-300x300.jpg 300w, https:\/\/tonalibus.org\/wp-content\/uploads\/2022\/08\/IMG_6294-cv-sqr-G-1024x1024.jpg 1024w, https:\/\/tonalibus.org\/wp-content\/uploads\/2022\/08\/IMG_6294-cv-sqr-G-150x150.jpg 150w, https:\/\/tonalibus.org\/wp-content\/uploads\/2022\/08\/IMG_6294-cv-sqr-G-768x768.jpg 768w, https:\/\/tonalibus.org\/wp-content\/uploads\/2022\/08\/IMG_6294-cv-sqr-G-12x12.jpg 12w, https:\/\/tonalibus.org\/wp-content\/uploads\/2022\/08\/IMG_6294-cv-sqr-G-100x100.jpg 100w, https:\/\/tonalibus.org\/wp-content\/uploads\/2022\/08\/IMG_6294-cv-sqr-G-560x560.jpg 560w\" sizes=\"auto, (max-width: 110px) 100vw, 110px\" \/><\/a><\/div>\n\n\n\n<div class=\"wp-block-button is-style-outline is-style-outline--4\"><a class=\"wp-block-button__link wp-element-button\" href=\"#f\"><sup>\u2013 'F' \u2013<\/sup><br><img loading=\"lazy\" decoding=\"async\" width=\"110\" height=\"110\" class=\"wp-image-18251\" style=\"width: 110px;\" src=\"https:\/\/tonalibus.org\/wp-content\/uploads\/2022\/03\/IMG_6294-cv-sqr-F-noc.jpg\" alt=\"\" srcset=\"https:\/\/tonalibus.org\/wp-content\/uploads\/2022\/03\/IMG_6294-cv-sqr-F-noc.jpg 1303w, https:\/\/tonalibus.org\/wp-content\/uploads\/2022\/03\/IMG_6294-cv-sqr-F-noc-300x300.jpg 300w, https:\/\/tonalibus.org\/wp-content\/uploads\/2022\/03\/IMG_6294-cv-sqr-F-noc-1024x1024.jpg 1024w, https:\/\/tonalibus.org\/wp-content\/uploads\/2022\/03\/IMG_6294-cv-sqr-F-noc-150x150.jpg 150w, https:\/\/tonalibus.org\/wp-content\/uploads\/2022\/03\/IMG_6294-cv-sqr-F-noc-768x768.jpg 768w, https:\/\/tonalibus.org\/wp-content\/uploads\/2022\/03\/IMG_6294-cv-sqr-F-noc-12x12.jpg 12w, https:\/\/tonalibus.org\/wp-content\/uploads\/2022\/03\/IMG_6294-cv-sqr-F-noc-100x100.jpg 100w, https:\/\/tonalibus.org\/wp-content\/uploads\/2022\/03\/IMG_6294-cv-sqr-F-noc-560x560.jpg 560w\" sizes=\"auto, (max-width: 110px) 100vw, 110px\" \/><\/a><\/div>\n<\/div>\n\n\n\n<div style=\"height:50px\" aria-hidden=\"true\" class=\"wp-block-spacer\"><\/div>\n\n\n\n<p class=\"has-text-color\" style=\"color:#f7b320\">Das Album <em><a href=\"https:\/\/tonalibus.org\/de\/shop\/tonalibus-f-g-h-album\/\"><mark style=\"background-color:rgba(0, 0, 0, 0);color:#f7b320\" class=\"has-inline-color\">Tonalibus F, G &amp; H<\/mark><\/a><\/em> wurde am 2. M\u00e4rz 2023 ver\u00f6ffentlicht. Die Playlist \u201cH\u201d pr\u00e4sentiert Kl\u00e4nge vom Herbst-Winter 2022, \u201cG\u201d vom Herbst 2022 und \u201cF\u201d vom Sommer 2022. <\/p>\n\n\n\n<h2 class=\"wp-block-heading has-text-color has-link-color wp-elements-c26c18ba69a2deefe0fc57e0fa0385e9\" id=\"samp\" style=\"color:#f7b320\"><strong><em>Tonalibus FGH Sampler<\/em><\/strong> \u2013 Auswahl von 10 St\u00fccken, 78 Min.<\/h2>\n\n\n<div id=\"audioigniter-32124\" class=\"audioigniter-root\" data-player-type=\"full\" data-tracks-url=\"https:\/\/tonalibus.org\/de\/?audioigniter_playlist_id=32124\" data-display-track-no=\"true\" data-reverse-track-order=\"false\" data-display-tracklist-covers=\"true\" data-display-active-cover=\"true\" data-display-artist-names=\"true\" data-display-buy-buttons=\"true\" data-buy-buttons-target=\"true\" data-cycle-tracks=\"false\" data-display-credits=\"false\" data-display-tracklist=\"true\" data-allow-tracklist-toggle=\"true\" data-allow-tracklist-loop=\"true\" data-limit-tracklist-height=\"false\" data-volume=\"70\" data-tracklist-height=\"0\" data-allow-track-loop=\"true\" data-shuffle=\"true\" data-shuffle-default=\"false\" data-allow-playback-rate=\"false\" data-timer-countdown=\"true\" data-skip-amount=\"30\" data-stop-on-finish=\"false\" data-remember-last=\"false\" data-player-buttons=\"[]\" ><\/div>\n\n\n\n<h2 class=\"wp-block-heading has-text-color\" id=\"h\" style=\"color:#f7b320\"><em><strong>Wurzeln, Anf\u00e4nge und Enden<\/strong><\/em> \u2013 11 St\u00fccke, 78\u00bd Minuten<\/h2>\n\n\n<div id=\"audioigniter-22089\" class=\"audioigniter-root\" data-player-type=\"full\" data-tracks-url=\"https:\/\/tonalibus.org\/de\/?audioigniter_playlist_id=22089\" data-display-track-no=\"false\" data-reverse-track-order=\"false\" data-display-tracklist-covers=\"true\" data-display-active-cover=\"true\" data-display-artist-names=\"true\" data-display-buy-buttons=\"true\" data-buy-buttons-target=\"true\" data-cycle-tracks=\"false\" data-display-credits=\"false\" data-display-tracklist=\"true\" data-allow-tracklist-toggle=\"true\" data-allow-tracklist-loop=\"true\" data-limit-tracklist-height=\"false\" data-volume=\"70\" data-tracklist-height=\"0\" data-allow-track-loop=\"true\" data-shuffle=\"true\" data-shuffle-default=\"false\" data-allow-playback-rate=\"false\" data-timer-countdown=\"true\" data-skip-amount=\"30\" data-tracks-delay=\"0\" data-stop-on-finish=\"false\" data-remember-last=\"false\" data-player-buttons=\"[]\" ><\/div>\n\n\n\n<h2 class=\"wp-block-heading has-text-color\" id=\"g\" style=\"color:#f7b320\"><strong><em>Weit Hinaus- und Hineinwagen<\/em><\/strong> \u2013 10 St\u00fccke, 81\u00bd Minuten<\/h2>\n\n\n<div id=\"audioigniter-20098\" class=\"audioigniter-root\" data-player-type=\"full\" data-tracks-url=\"https:\/\/tonalibus.org\/de\/?audioigniter_playlist_id=20098\" data-display-track-no=\"false\" data-reverse-track-order=\"false\" data-display-tracklist-covers=\"true\" data-display-active-cover=\"true\" data-display-artist-names=\"true\" data-display-buy-buttons=\"true\" data-buy-buttons-target=\"true\" data-cycle-tracks=\"false\" data-display-credits=\"false\" data-display-tracklist=\"true\" data-allow-tracklist-toggle=\"true\" data-allow-tracklist-loop=\"true\" data-limit-tracklist-height=\"false\" data-volume=\"70\" data-tracklist-height=\"0\" data-allow-track-loop=\"true\" data-shuffle=\"true\" data-shuffle-default=\"false\" data-allow-playback-rate=\"false\" data-timer-countdown=\"true\" data-skip-amount=\"30\" data-tracks-delay=\"0\" data-stop-on-finish=\"false\" data-remember-last=\"false\" data-player-buttons=\"[]\" ><\/div>\n\n\n\n<h2 class=\"wp-block-heading has-text-color\" id=\"f\" style=\"color:#f7b320\"><em><strong>So viele Farben der Realit\u00e4t<\/strong><\/em> \u2013 8 St\u00fccke, 81 Minuten<\/h2>\n\n\n<div id=\"audioigniter-18514\" class=\"audioigniter-root\" data-player-type=\"full\" data-tracks-url=\"https:\/\/tonalibus.org\/de\/?audioigniter_playlist_id=18514\" data-display-track-no=\"false\" data-reverse-track-order=\"false\" data-display-tracklist-covers=\"true\" data-display-active-cover=\"true\" data-display-artist-names=\"true\" data-display-buy-buttons=\"true\" data-buy-buttons-target=\"true\" data-cycle-tracks=\"false\" data-display-credits=\"false\" data-display-tracklist=\"true\" data-allow-tracklist-toggle=\"true\" data-allow-tracklist-loop=\"true\" data-limit-tracklist-height=\"false\" data-volume=\"70\" data-tracklist-height=\"0\" data-allow-track-loop=\"true\" data-shuffle=\"true\" data-shuffle-default=\"false\" data-allow-playback-rate=\"false\" data-timer-countdown=\"true\" data-skip-amount=\"30\" data-tracks-delay=\"0\" data-stop-on-finish=\"false\" data-remember-last=\"false\" data-player-buttons=\"[]\" ><\/div>\n\n\n\n<div style=\"height:50px\" aria-hidden=\"true\" class=\"wp-block-spacer\"><\/div>\n\n\n<div class=\"wp-block-image is-resized\">\n<figure class=\"aligncenter size-large\"><img loading=\"lazy\" decoding=\"async\" width=\"1024\" height=\"1024\" src=\"https:\/\/tonalibus.org\/wp-content\/uploads\/2022\/03\/IMG_6294-cv-sqr-nE-1024x1024.jpg\" alt=\"Playlist F, G &amp; H\" class=\"wp-image-18249\" style=\"width:465px\" srcset=\"https:\/\/tonalibus.org\/wp-content\/uploads\/2022\/03\/IMG_6294-cv-sqr-nE-1024x1024.jpg 1024w, https:\/\/tonalibus.org\/wp-content\/uploads\/2022\/03\/IMG_6294-cv-sqr-nE-300x300.jpg 300w, https:\/\/tonalibus.org\/wp-content\/uploads\/2022\/03\/IMG_6294-cv-sqr-nE-150x150.jpg 150w, https:\/\/tonalibus.org\/wp-content\/uploads\/2022\/03\/IMG_6294-cv-sqr-nE-768x768.jpg 768w, https:\/\/tonalibus.org\/wp-content\/uploads\/2022\/03\/IMG_6294-cv-sqr-nE-12x12.jpg 12w, https:\/\/tonalibus.org\/wp-content\/uploads\/2022\/03\/IMG_6294-cv-sqr-nE-100x100.jpg 100w, https:\/\/tonalibus.org\/wp-content\/uploads\/2022\/03\/IMG_6294-cv-sqr-nE-560x560.jpg 560w, https:\/\/tonalibus.org\/wp-content\/uploads\/2022\/03\/IMG_6294-cv-sqr-nE.jpg 1303w\" sizes=\"auto, (max-width: 706px) 89vw, (max-width: 767px) 82vw, 740px\" \/><\/figure>\n<\/div>","protected":false},"excerpt":{"rendered":"<p>Das Album Tonalibus F, G &amp; H wurde am 2. M\u00e4rz 2023 ver\u00f6ffentlicht. Die Playlist \"H\" pr\u00e4sentiert Kl\u00e4nge aus Herbst-Winter 2022, \"G\" aus Herbst 2022 und \"F\" aus Sommer 2022. Tonalibus FGH Sampler - Auswahl von 10 St\u00fccken, 78 Minuten Wurzeln, Anf\u00e4nge und Enden - 11 St\u00fccke, 78\u00bd Minuten Wage dich weit hinaus und hinein - 10 ... <\/p>\n<p class=\"link-more\"><a href=\"https:\/\/tonalibus.org\/de\/shop\/playlists-2\/playlist-f-g-h\/\" class=\"more-link\"><span class=\"screen-reader-text\">\"Playlist F, G &amp; H\"<\/span> weiterlesen<\/a><\/p>","protected":false},"author":1,"featured_media":0,"parent":15628,"menu_order":13,"comment_status":"closed","ping_status":"closed","template":"","meta":{"footnotes":""},"class_list":["post-25697","page","type-page","status-publish","hentry"],"yoast_head":"<!-- This site is optimized with the Yoast SEO plugin v27.4 - https:\/\/yoast.com\/product\/yoast-seo-wordpress\/ -->\n<title>Playlist F, G &amp; H &#8211; TONALIBUS<\/title>\n<meta name=\"description\" content=\"Tonalibus F, G &amp; H was released on March 2, 2023. Playlist &quot;H&quot; presents sounds from autumn-winter, &quot;G&quot; from autumn, &quot;F&quot; from summer 2022.\" \/>\n<meta name=\"robots\" content=\"index, follow, max-snippet:-1, max-image-preview:large, max-video-preview:-1\" \/>\n<link rel=\"canonical\" href=\"https:\/\/tonalibus.org\/de\/shop\/playlists-2\/playlist-f-g-h\/\" \/>\n<meta property=\"og:locale\" content=\"de_DE\" \/>\n<meta property=\"og:type\" content=\"article\" \/>\n<meta property=\"og:title\" content=\"Playlist F, G &amp; H &#8211; TONALIBUS\" \/>\n<meta property=\"og:description\" content=\"Tonalibus F, G &amp; H was released on March 2, 2023. Playlist &quot;H&quot; presents sounds from autumn-winter, &quot;G&quot; from autumn, &quot;F&quot; from summer 2022.\" \/>\n<meta property=\"og:url\" content=\"https:\/\/tonalibus.org\/de\/shop\/playlists-2\/playlist-f-g-h\/\" \/>\n<meta property=\"og:site_name\" content=\"TONALIBUS\" \/>\n<meta property=\"article:modified_time\" content=\"2026-03-20T14:47:20+00:00\" \/>\n<meta property=\"og:image\" content=\"https:\/\/tonalibus.org\/wp-content\/uploads\/2022\/12\/IMG_6294-cv-sqr-FGH.jpg\" \/>\n\t<meta property=\"og:image:width\" content=\"1303\" \/>\n\t<meta property=\"og:image:height\" content=\"1303\" \/>\n\t<meta property=\"og:image:type\" content=\"image\/jpeg\" \/>\n<meta name=\"twitter:card\" content=\"summary_large_image\" \/>\n<meta name=\"twitter:label1\" content=\"Gesch\u00e4tzte Lesezeit\" \/>\n\t<meta name=\"twitter:data1\" content=\"2\u00a0Minuten\" \/>\n<script type=\"application\/ld+json\" class=\"yoast-schema-graph\">{\"@context\":\"https:\\\/\\\/schema.org\",\"@graph\":[{\"@type\":\"WebPage\",\"@id\":\"https:\\\/\\\/tonalibus.org\\\/shop\\\/playlists-2\\\/playlist-f-g-h\\\/\",\"url\":\"https:\\\/\\\/tonalibus.org\\\/shop\\\/playlists-2\\\/playlist-f-g-h\\\/\",\"name\":\"Playlist F, G & H &#8211; TONALIBUS\",\"isPartOf\":{\"@id\":\"https:\\\/\\\/tonalibus.org\\\/de\\\/#website\"},\"primaryImageOfPage\":{\"@id\":\"https:\\\/\\\/tonalibus.org\\\/shop\\\/playlists-2\\\/playlist-f-g-h\\\/#primaryimage\"},\"image\":{\"@id\":\"https:\\\/\\\/tonalibus.org\\\/shop\\\/playlists-2\\\/playlist-f-g-h\\\/#primaryimage\"},\"thumbnailUrl\":\"https:\\\/\\\/tonalibus.org\\\/wp-content\\\/uploads\\\/2022\\\/12\\\/IMG_6294-cv-sqr-FGH.jpg\",\"datePublished\":\"2023-06-16T13:58:42+00:00\",\"dateModified\":\"2026-03-20T14:47:20+00:00\",\"description\":\"Tonalibus F, G & H was released on March 2, 2023. Playlist \\\"H\\\" presents sounds from autumn-winter, \\\"G\\\" from autumn, \\\"F\\\" from summer 2022.\",\"breadcrumb\":{\"@id\":\"https:\\\/\\\/tonalibus.org\\\/shop\\\/playlists-2\\\/playlist-f-g-h\\\/#breadcrumb\"},\"inLanguage\":\"de-CH\",\"potentialAction\":[{\"@type\":\"ReadAction\",\"target\":[\"https:\\\/\\\/tonalibus.org\\\/shop\\\/playlists-2\\\/playlist-f-g-h\\\/\"]}]},{\"@type\":\"ImageObject\",\"inLanguage\":\"de-CH\",\"@id\":\"https:\\\/\\\/tonalibus.org\\\/shop\\\/playlists-2\\\/playlist-f-g-h\\\/#primaryimage\",\"url\":\"https:\\\/\\\/tonalibus.org\\\/wp-content\\\/uploads\\\/2022\\\/12\\\/IMG_6294-cv-sqr-FGH.jpg\",\"contentUrl\":\"https:\\\/\\\/tonalibus.org\\\/wp-content\\\/uploads\\\/2022\\\/12\\\/IMG_6294-cv-sqr-FGH.jpg\"},{\"@type\":\"BreadcrumbList\",\"@id\":\"https:\\\/\\\/tonalibus.org\\\/shop\\\/playlists-2\\\/playlist-f-g-h\\\/#breadcrumb\",\"itemListElement\":[{\"@type\":\"ListItem\",\"position\":1,\"name\":\"Home\",\"item\":\"https:\\\/\\\/tonalibus.org\\\/\"},{\"@type\":\"ListItem\",\"position\":2,\"name\":\"Fidibus Shop\",\"item\":\"https:\\\/\\\/tonalibus.org\\\/shop\\\/\"},{\"@type\":\"ListItem\",\"position\":3,\"name\":\"Playlists\",\"item\":\"https:\\\/\\\/tonalibus.org\\\/shop\\\/playlists-2\\\/\"},{\"@type\":\"ListItem\",\"position\":4,\"name\":\"Playlist F, G &#038; H\"}]},{\"@type\":\"WebSite\",\"@id\":\"https:\\\/\\\/tonalibus.org\\\/de\\\/#website\",\"url\":\"https:\\\/\\\/tonalibus.org\\\/de\\\/\",\"name\":\"TONALIBUS\",\"description\":\"Anchored Harmony and Tonalities\",\"publisher\":{\"@id\":\"https:\\\/\\\/tonalibus.org\\\/de\\\/#\\\/schema\\\/person\\\/749261d7bc96d1f00127273f83ab96a4\"},\"potentialAction\":[{\"@type\":\"SearchAction\",\"target\":{\"@type\":\"EntryPoint\",\"urlTemplate\":\"https:\\\/\\\/tonalibus.org\\\/de\\\/?s={search_term_string}\"},\"query-input\":{\"@type\":\"PropertyValueSpecification\",\"valueRequired\":true,\"valueName\":\"search_term_string\"}}],\"inLanguage\":\"de-CH\"},{\"@type\":[\"Person\",\"Organization\"],\"@id\":\"https:\\\/\\\/tonalibus.org\\\/de\\\/#\\\/schema\\\/person\\\/749261d7bc96d1f00127273f83ab96a4\",\"name\":\"Ulrico\",\"image\":{\"@type\":\"ImageObject\",\"inLanguage\":\"de-CH\",\"@id\":\"https:\\\/\\\/tonalibus.org\\\/wp-content\\\/uploads\\\/2020\\\/06\\\/uli-pix.jpg\",\"url\":\"https:\\\/\\\/tonalibus.org\\\/wp-content\\\/uploads\\\/2020\\\/06\\\/uli-pix.jpg\",\"contentUrl\":\"https:\\\/\\\/tonalibus.org\\\/wp-content\\\/uploads\\\/2020\\\/06\\\/uli-pix.jpg\",\"width\":960,\"height\":720,\"caption\":\"Ulrico\"},\"logo\":{\"@id\":\"https:\\\/\\\/tonalibus.org\\\/wp-content\\\/uploads\\\/2020\\\/06\\\/uli-pix.jpg\"},\"sameAs\":[\"https:\\\/\\\/tonalibus.cyon.site\"]}]}<\/script>\n<!-- \/ Yoast SEO plugin. -->","yoast_head_json":{"title":"Wiedergabeliste F, G &amp; H - TONALIBUS","description":"Tonalibus F, G &amp; H wurde am 2. M\u00e4rz 2023 ver\u00f6ffentlicht. Playlist \"H\" pr\u00e4sentiert Kl\u00e4nge aus Herbst-Winter, \"G\" aus Herbst, \"F\" aus Sommer 2022.","robots":{"index":"index","follow":"follow","max-snippet":"max-snippet:-1","max-image-preview":"max-image-preview:large","max-video-preview":"max-video-preview:-1"},"canonical":"https:\/\/tonalibus.org\/de\/shop\/playlists-2\/playlist-f-g-h\/","og_locale":"de_DE","og_type":"article","og_title":"Playlist F, G & H &#8211; TONALIBUS","og_description":"Tonalibus F, G & H was released on March 2, 2023. Playlist \"H\" presents sounds from autumn-winter, \"G\" from autumn, \"F\" from summer 2022.","og_url":"https:\/\/tonalibus.org\/de\/shop\/playlists-2\/playlist-f-g-h\/","og_site_name":"TONALIBUS","article_modified_time":"2026-03-20T14:47:20+00:00","og_image":[{"width":1303,"height":1303,"url":"https:\/\/tonalibus.org\/wp-content\/uploads\/2022\/12\/IMG_6294-cv-sqr-FGH.jpg","type":"image\/jpeg"}],"twitter_card":"summary_large_image","twitter_misc":{"Gesch\u00e4tzte Lesezeit":"2\u00a0Minuten"},"schema":{"@context":"https:\/\/schema.org","@graph":[{"@type":"WebPage","@id":"https:\/\/tonalibus.org\/shop\/playlists-2\/playlist-f-g-h\/","url":"https:\/\/tonalibus.org\/shop\/playlists-2\/playlist-f-g-h\/","name":"Wiedergabeliste F, G &amp; H - TONALIBUS","isPartOf":{"@id":"https:\/\/tonalibus.org\/de\/#website"},"primaryImageOfPage":{"@id":"https:\/\/tonalibus.org\/shop\/playlists-2\/playlist-f-g-h\/#primaryimage"},"image":{"@id":"https:\/\/tonalibus.org\/shop\/playlists-2\/playlist-f-g-h\/#primaryimage"},"thumbnailUrl":"https:\/\/tonalibus.org\/wp-content\/uploads\/2022\/12\/IMG_6294-cv-sqr-FGH.jpg","datePublished":"2023-06-16T13:58:42+00:00","dateModified":"2026-03-20T14:47:20+00:00","description":"Tonalibus F, G &amp; H wurde am 2. M\u00e4rz 2023 ver\u00f6ffentlicht. Playlist \"H\" pr\u00e4sentiert Kl\u00e4nge aus Herbst-Winter, \"G\" aus Herbst, \"F\" aus Sommer 2022.","breadcrumb":{"@id":"https:\/\/tonalibus.org\/shop\/playlists-2\/playlist-f-g-h\/#breadcrumb"},"inLanguage":"de-CH","potentialAction":[{"@type":"ReadAction","target":["https:\/\/tonalibus.org\/shop\/playlists-2\/playlist-f-g-h\/"]}]},{"@type":"ImageObject","inLanguage":"de-CH","@id":"https:\/\/tonalibus.org\/shop\/playlists-2\/playlist-f-g-h\/#primaryimage","url":"https:\/\/tonalibus.org\/wp-content\/uploads\/2022\/12\/IMG_6294-cv-sqr-FGH.jpg","contentUrl":"https:\/\/tonalibus.org\/wp-content\/uploads\/2022\/12\/IMG_6294-cv-sqr-FGH.jpg"},{"@type":"BreadcrumbList","@id":"https:\/\/tonalibus.org\/shop\/playlists-2\/playlist-f-g-h\/#breadcrumb","itemListElement":[{"@type":"ListItem","position":1,"name":"Home","item":"https:\/\/tonalibus.org\/"},{"@type":"ListItem","position":2,"name":"Fidibus Shop","item":"https:\/\/tonalibus.org\/shop\/"},{"@type":"ListItem","position":3,"name":"Playlists","item":"https:\/\/tonalibus.org\/shop\/playlists-2\/"},{"@type":"ListItem","position":4,"name":"Playlist F, G &#038; H"}]},{"@type":"WebSite","@id":"https:\/\/tonalibus.org\/de\/#website","url":"https:\/\/tonalibus.org\/de\/","name":"TONALIBUS","description":"Verankerte Harmonie und Tonalit\u00e4ten","publisher":{"@id":"https:\/\/tonalibus.org\/de\/#\/schema\/person\/749261d7bc96d1f00127273f83ab96a4"},"potentialAction":[{"@type":"SearchAction","target":{"@type":"EntryPoint","urlTemplate":"https:\/\/tonalibus.org\/de\/?s={search_term_string}"},"query-input":{"@type":"PropertyValueSpecification","valueRequired":true,"valueName":"search_term_string"}}],"inLanguage":"de-CH"},{"@type":["Person","Organization"],"@id":"https:\/\/tonalibus.org\/de\/#\/schema\/person\/749261d7bc96d1f00127273f83ab96a4","name":"Ulrico","image":{"@type":"ImageObject","inLanguage":"de-CH","@id":"https:\/\/tonalibus.org\/wp-content\/uploads\/2020\/06\/uli-pix.jpg","url":"https:\/\/tonalibus.org\/wp-content\/uploads\/2020\/06\/uli-pix.jpg","contentUrl":"https:\/\/tonalibus.org\/wp-content\/uploads\/2020\/06\/uli-pix.jpg","width":960,"height":720,"caption":"Ulrico"},"logo":{"@id":"https:\/\/tonalibus.org\/wp-content\/uploads\/2020\/06\/uli-pix.jpg"},"sameAs":["https:\/\/tonalibus.cyon.site"]}]}},"_links":{"self":[{"href":"https:\/\/tonalibus.org\/de\/wp-json\/wp\/v2\/pages\/25697","targetHints":{"allow":["GET"]}}],"collection":[{"href":"https:\/\/tonalibus.org\/de\/wp-json\/wp\/v2\/pages"}],"about":[{"href":"https:\/\/tonalibus.org\/de\/wp-json\/wp\/v2\/types\/page"}],"author":[{"embeddable":true,"href":"https:\/\/tonalibus.org\/de\/wp-json\/wp\/v2\/users\/1"}],"replies":[{"embeddable":true,"href":"https:\/\/tonalibus.org\/de\/wp-json\/wp\/v2\/comments?post=25697"}],"version-history":[{"count":2,"href":"https:\/\/tonalibus.org\/de\/wp-json\/wp\/v2\/pages\/25697\/revisions"}],"predecessor-version":[{"id":38705,"href":"https:\/\/tonalibus.org\/de\/wp-json\/wp\/v2\/pages\/25697\/revisions\/38705"}],"up":[{"embeddable":true,"href":"https:\/\/tonalibus.org\/de\/wp-json\/wp\/v2\/pages\/15628"}],"wp:attachment":[{"href":"https:\/\/tonalibus.org\/de\/wp-json\/wp\/v2\/media?parent=25697"}],"curies":[{"name":"wp","href":"https:\/\/api.w.org\/{rel}","templated":true}]}}