{"id":26367,"date":"2023-07-22T11:21:28","date_gmt":"2023-07-22T09:21:28","guid":{"rendered":"https:\/\/tonalibus.org\/?page_id=26367"},"modified":"2025-12-27T10:52:02","modified_gmt":"2025-12-27T09:52:02","slug":"july-august-2023-sounds","status":"publish","type":"page","link":"https:\/\/tonalibus.org\/de\/sounds\/2023-sounds-and-images\/july-august-2023-sounds\/","title":{"rendered":"Juli-August 2023 Kl\u00e4nge"},"content":{"rendered":"<h2 class=\"wp-block-heading has-text-color\" style=\"color:#f7b320\">Pers\u00f6nliche und kooperative Kl\u00e4nge von Juli-August 2023<\/h2>\n\n\n\n<div class=\"wp-block-buttons is-content-justification-center is-layout-flex wp-container-core-buttons-is-layout-16018d1d wp-block-buttons-is-layout-flex\">\n<div class=\"wp-block-button is-style-outline is-style-outline--1\"><a class=\"wp-block-button__link wp-element-button\" href=\"#august\">August 2023<\/a><\/div>\n\n\n\n<div class=\"wp-block-button is-style-outline is-style-outline--2\"><a class=\"wp-block-button__link wp-element-button\" href=\"#july\">Juli 2023<\/a><\/div>\n<\/div>\n\n\n\n<div style=\"height:40px\" aria-hidden=\"true\" class=\"wp-block-spacer\"><\/div>\n\n\n\n<p class=\"has-text-color\" style=\"color:#f7b320\">Nachfolgend findst du pers\u00f6nliche und kooperative Kl\u00e4nge<em> <\/em>von Juli-August 2023.<em> <\/em>Dies sind spontane, originelle Improvisationen und Soundscapes von <a href=\"https:\/\/tonalibus.org\/de\/about-tonalibus\/ulrico\/\"><mark style=\"background-color:rgba(0, 0, 0, 0);color:#f7b320\" class=\"has-inline-color\">Ulrico<\/mark><\/a><mark style=\"background-color:rgba(0, 0, 0, 0)\" class=\"has-inline-color has-black-color\"> <\/mark>auf verschiedenen Instrumenten, mehrschichtig oder einspurig, sowie Kooperations-St\u00fccke mit anderen Musikern, wie angegeben.<\/p>\n\n\n\n<h2 class=\"wp-block-heading\" id=\"august\">Kl\u00e4nge vom August 2023<\/h2>\n\n\n\n<h3 class=\"wp-block-heading has-text-color\" id=\"kumbhaka\" style=\"color:#f7b320\">\u201c\u0915\u0941\u092e\u094d\u092d\u0915 <a href=\"https:\/\/en.wikipedia.org\/wiki\/Kumbhaka\" target=\"_blank\" rel=\"noreferrer noopener\"><mark style=\"background-color:rgba(0, 0, 0, 0);color:#f7b320\" class=\"has-inline-color\">Kumbhaka<\/mark><\/a>\u201d \u2013 zwischen ein und aus, aus und ein \u2013 f\u00fcr M-A<\/h3>\n\n\n\n<figure class=\"wp-block-audio\"><audio controls src=\"https:\/\/tonalibus.org\/wp-content\/uploads\/2023\/08\/2023-08-212-VITACONSLID.mp3\"><\/audio><figcaption class=\"wp-element-caption\"><a href=\"https:\/\/tonalibus.org\/de\/tonalities\/reach-or-harmonic-heptatonalities\/reachbal-dbl-h-gypsy-maj\/\"><mark style=\"background-color:rgba(0, 0, 0, 0);color:#f7b320\" class=\"has-inline-color\">ReachBal<\/mark><\/a><mark style=\"background-color:rgba(0, 0, 0, 0);color:#f7b320\" class=\"has-inline-color\"><em> (<\/em>doppelt harmonisch \/ Gypsy-Dur<em>)<\/em> on G# &#8212; frettedvichitra veena<em>,<\/em> Lap-Slide-Gitarre, Muschel, Tanpura \u2013 8:54<\/mark><\/figcaption><\/figure>\n\n\n\n<h3 class=\"wp-block-heading has-text-color\" id=\"breathe\" style=\"color:#f7b320\">\u201cCalmly breathe in, out, and in again\u201d \u2013 Kumbhaka-Basis<\/h3>\n\n\n\n<figure class=\"wp-block-audio\"><audio controls src=\"https:\/\/tonalibus.org\/wp-content\/uploads\/2023\/08\/2023-08-212-VITA-ReachBal.mp3\"><\/audio><figcaption class=\"wp-element-caption\"><a href=\"https:\/\/tonalibus.org\/de\/tonalities\/reach-or-harmonic-heptatonalities\/reachbal-dbl-h-gypsy-maj\/\"><mark style=\"background-color:rgba(0, 0, 0, 0);color:#f7b320\" class=\"has-inline-color\">ReachBal<\/mark><\/a><mark style=\"background-color:rgba(0, 0, 0, 0);color:#f7b320\" class=\"has-inline-color\"><em> (<\/em>doppelt harmonisch \/ Gypsy-Dur<em>)<\/em> on G# &#8212; frettedvichitra veenaand tanpura &#8212; 5:22<\/mark><\/figcaption><\/figure>\n\n\n\n<h3 class=\"wp-block-heading has-text-color\" id=\"pulse\" style=\"color:#f7b320\">\u201cPulsating through life\u201d \u2013 vorw\u00e4rts!<\/h3>\n\n\n\n<figure class=\"wp-block-audio\"><audio controls src=\"https:\/\/tonalibus.org\/wp-content\/uploads\/2023\/08\/2023-08-14-5GLSBACO.mp3\"><\/audio><figcaption class=\"wp-element-caption\"><a href=\"https:\/\/tonalibus.org\/de\/tonalities\/hexatonalities\/hexamin\/\"><mark style=\"background-color:rgba(0, 0, 0, 0);color:#f7b320\" class=\"has-inline-color\">HexaMin<\/mark><\/a><mark style=\"background-color:rgba(0, 0, 0, 0);color:#f7b320\" class=\"has-inline-color\"> auf G# mit einem Hauch \u00c4olisch \u2013 5-saitige Gitarre, Lap-Slide-Gitarre, Bass, Muschel \u2013 4:00<\/mark><\/figcaption><\/figure>\n\n\n\n<h3 class=\"wp-block-heading has-text-color\" id=\"go-with\" style=\"color:#f7b320\">\u201cGo with God\u201d \u2013 ein endg\u00fcltiger Segen \u2013 in Erinnerung an Stivensky<\/h3>\n\n\n\n<figure class=\"wp-block-audio\"><audio controls src=\"https:\/\/tonalibus.org\/wp-content\/uploads\/2023\/08\/2023-08-08-5GSETATING.mp3\" preload=\"metadata\"><\/audio><figcaption class=\"wp-element-caption\"><a href=\"https:\/\/tonalibus.org\/de\/tonalities\/reach-or-harmonic-heptatonalities\/loloreachmin\/\"><mark style=\"background-color:rgba(0, 0, 0, 0);color:#f7b320\" class=\"has-inline-color\">LoloReachMin<\/mark><\/a><mark style=\"background-color:rgba(0, 0, 0, 0);color:#f7b320\" class=\"has-inline-color\"> Ableitung mit 7+ auf D, Oktatonalit\u00e4t \u2013 5-saitige Gitarre, Selje-Fl\u00f6te, Tingsha-Zimbeln, Tanpura \u2013 7:23 <\/mark><\/figcaption><\/figure>\n\n\n\n<h3 class=\"wp-block-heading has-text-color\" id=\"up-down\" style=\"color:#f7b320\">\u201cBalancing up and down\u201d \u2013 umfangreiche Ruhe<\/h3>\n\n\n\n<figure class=\"wp-block-audio\"><audio controls src=\"https:\/\/tonalibus.org\/wp-content\/uploads\/2023\/08\/2023-08-08-8GTA-LOLOREACHMIN.mp3\" preload=\"metadata\"><\/audio><figcaption class=\"wp-element-caption\"><a href=\"https:\/\/tonalibus.org\/de\/tonalities\/reach-or-harmonic-heptatonalities\/loloreachmin\/\"><mark style=\"background-color:rgba(0, 0, 0, 0);color:#f7b320\" class=\"has-inline-color\">LoloReachMin<\/mark><\/a><mark style=\"background-color:rgba(0, 0, 0, 0);color:#f7b320\" class=\"has-inline-color\"> auf D \u2013 8-saitige Gitarre &amp; Tanpura \u2013 3:58 <\/mark><\/figcaption><\/figure>\n\n\n\n<h2 class=\"wp-block-heading\" id=\"july\">Kl\u00e4nge vom Juli 2023<\/h2>\n\n\n\n<h3 class=\"wp-block-heading has-text-color\" id=\"divine\" style=\"color:#f7b320\">\u201cCalling the divine\u201d \u2013 Herzen verbinden sich direkt<\/h3>\n\n\n\n<figure class=\"wp-block-audio\"><audio controls src=\"https:\/\/tonalibus.org\/wp-content\/uploads\/2023\/07\/2023-07-22-5GSEVO.mp3\" preload=\"metadata\"><\/audio><figcaption class=\"wp-element-caption\"><a href=\"https:\/\/tonalibus.org\/de\/tonalities\/pentatonalities\/tetrana\/\"><mark style=\"background-color:rgba(0, 0, 0, 0);color:#f7b320\" class=\"has-inline-color\">TetraNa<\/mark><\/a><mark style=\"background-color:rgba(0, 0, 0, 0);color:#f7b320\" class=\"has-inline-color\">, <\/mark><a href=\"https:\/\/tonalibus.org\/de\/tonalities\/reach-or-harmonic-heptatonalities\/loloreachmin\/\"><mark style=\"background-color:rgba(0, 0, 0, 0);color:#f7b320\" class=\"has-inline-color\">LoloReachMin<\/mark><\/a><mark style=\"background-color:rgba(0, 0, 0, 0);color:#f7b320\" class=\"has-inline-color\"> auf D \u2013 5-saitige Gitarre, Selje-Fl\u00f6te, Stimme \u2013 6:42<\/mark><\/figcaption><\/figure>\n\n\n\n<h3 class=\"wp-block-heading has-text-color\" style=\"color:#f7b320\">\u201cJuly 2023 Fideris sound journey\u201d \u2013 Live-Konzert-Aufnahmen<\/h3>\n\n\n\n<p class=\"has-text-color\" style=\"color:#f7b320\">mit Ursula Huggenberger, Karin Gs\u00f6llpointner und Ulrico \u2013 auf einer <a href=\"https:\/\/tonalibus.org\/de\/sounds\/2023-sounds-and-images\/july-2023-live-sounds\/\"><mark style=\"background-color:rgba(0, 0, 0, 0);color:#f7b320\" class=\"has-inline-color\">separaten Seite<\/mark><\/a><\/p>\n\n\n\n<div style=\"height:56px\" aria-hidden=\"true\" class=\"wp-block-spacer\"><\/div>\n\n\n\n<figure class=\"wp-block-image size-large\"><img loading=\"lazy\" decoding=\"async\" width=\"1024\" height=\"576\" src=\"https:\/\/tonalibus.org\/wp-content\/uploads\/2023\/07\/20230719_171406638_iOS-x-1024x576.jpg\" alt=\"July-August 2023 sounds\" class=\"wp-image-26361\" srcset=\"https:\/\/tonalibus.org\/wp-content\/uploads\/2023\/07\/20230719_171406638_iOS-x-1024x576.jpg 1024w, https:\/\/tonalibus.org\/wp-content\/uploads\/2023\/07\/20230719_171406638_iOS-x-300x169.jpg 300w, https:\/\/tonalibus.org\/wp-content\/uploads\/2023\/07\/20230719_171406638_iOS-x-768x432.jpg 768w, https:\/\/tonalibus.org\/wp-content\/uploads\/2023\/07\/20230719_171406638_iOS-x-1536x864.jpg 1536w, https:\/\/tonalibus.org\/wp-content\/uploads\/2023\/07\/20230719_171406638_iOS-x-2048x1152.jpg 2048w, https:\/\/tonalibus.org\/wp-content\/uploads\/2023\/07\/20230719_171406638_iOS-x-18x10.jpg 18w, https:\/\/tonalibus.org\/wp-content\/uploads\/2023\/07\/20230719_171406638_iOS-x-1320x743.jpg 1320w\" sizes=\"auto, (max-width: 706px) 89vw, (max-width: 767px) 82vw, 740px\" \/><figcaption class=\"wp-element-caption\">Sommerlicher Sonnen-Untergang mit Reflexionen hinter einem Weidenbaum \u2013 Juli 2023 \u2013 Ipsach, <a href=\"https:\/\/de.wikipedia.org\/wiki\/Bielersee\" target=\"_blank\" rel=\"noreferrer noopener\">Bielersee<\/a>, Schweiz<\/figcaption><\/figure>","protected":false},"excerpt":{"rendered":"<p>Pers\u00f6nliche und kooperative Sounds von Juli-August 2023 Unten findest du pers\u00f6nliche und kooperative Sounds von Juli-August 2023. Es handelt sich um spontane, originelle Improvisationen und Klanglandschaften von Ulrico auf verschiedenen Instrumenten, mehrschichtig oder einspurig, sowie Kooperationsst\u00fccke mit anderen Musikern, wie angegeben. Sounds von August 2023 \"\u0915\u0941\u092e\u094d\u092d\u0915 Kumbhaka\" - zwischen rein und raus, raus und rein ... <\/p>\n<p class=\"link-more\"><a href=\"https:\/\/tonalibus.org\/de\/sounds\/2023-sounds-and-images\/july-august-2023-sounds\/\" class=\"more-link\"><span class=\"screen-reader-text\">\"Juli-August 2023 klingt\"<\/span> weiterlesen<\/a><\/p>","protected":false},"author":1,"featured_media":0,"parent":22314,"menu_order":7,"comment_status":"closed","ping_status":"closed","template":"","meta":{"footnotes":""},"class_list":["post-26367","page","type-page","status-publish","hentry"],"yoast_head":"<!-- This site is optimized with the Yoast SEO plugin v27.4 - https:\/\/yoast.com\/product\/yoast-seo-wordpress\/ -->\n<title>July-August 2023 sounds &#8211; TONALIBUS Harmony and Tonalities<\/title>\n<meta name=\"description\" content=\"Here you find personal July-August 2023 sounds. They are spontaneous, original improvisations and soundscapes by Ulrico.\" \/>\n<meta name=\"robots\" content=\"index, follow, max-snippet:-1, max-image-preview:large, max-video-preview:-1\" \/>\n<link rel=\"canonical\" href=\"https:\/\/tonalibus.org\/de\/sounds\/2023-sounds-and-images\/july-august-2023-sounds\/\" \/>\n<meta property=\"og:locale\" content=\"de_DE\" \/>\n<meta property=\"og:type\" content=\"article\" \/>\n<meta property=\"og:title\" content=\"July-August 2023 sounds &#8211; TONALIBUS Harmony and Tonalities\" \/>\n<meta property=\"og:description\" content=\"Here you find personal July-August 2023 sounds. They are spontaneous, original improvisations and soundscapes by Ulrico.\" \/>\n<meta property=\"og:url\" content=\"https:\/\/tonalibus.org\/de\/sounds\/2023-sounds-and-images\/july-august-2023-sounds\/\" \/>\n<meta property=\"og:site_name\" content=\"TONALIBUS\" \/>\n<meta property=\"article:modified_time\" content=\"2025-12-27T09:52:02+00:00\" \/>\n<meta property=\"og:image\" content=\"https:\/\/tonalibus.org\/wp-content\/uploads\/2023\/07\/20230719_171406638_iOS-x-scaled.jpg\" \/>\n\t<meta property=\"og:image:width\" content=\"2560\" \/>\n\t<meta property=\"og:image:height\" content=\"1440\" \/>\n\t<meta property=\"og:image:type\" content=\"image\/jpeg\" \/>\n<meta name=\"twitter:card\" content=\"summary_large_image\" \/>\n<meta name=\"twitter:label1\" content=\"Gesch\u00e4tzte Lesezeit\" \/>\n\t<meta name=\"twitter:data1\" content=\"2\u00a0Minuten\" \/>\n<script type=\"application\/ld+json\" class=\"yoast-schema-graph\">{\"@context\":\"https:\\\/\\\/schema.org\",\"@graph\":[{\"@type\":\"WebPage\",\"@id\":\"https:\\\/\\\/tonalibus.org\\\/sounds\\\/2023-sounds-and-images\\\/july-august-2023-sounds\\\/\",\"url\":\"https:\\\/\\\/tonalibus.org\\\/sounds\\\/2023-sounds-and-images\\\/july-august-2023-sounds\\\/\",\"name\":\"July-August 2023 sounds &#8211; TONALIBUS Harmony and Tonalities\",\"isPartOf\":{\"@id\":\"https:\\\/\\\/tonalibus.org\\\/de\\\/#website\"},\"primaryImageOfPage\":{\"@id\":\"https:\\\/\\\/tonalibus.org\\\/sounds\\\/2023-sounds-and-images\\\/july-august-2023-sounds\\\/#primaryimage\"},\"image\":{\"@id\":\"https:\\\/\\\/tonalibus.org\\\/sounds\\\/2023-sounds-and-images\\\/july-august-2023-sounds\\\/#primaryimage\"},\"thumbnailUrl\":\"https:\\\/\\\/tonalibus.org\\\/wp-content\\\/uploads\\\/2023\\\/07\\\/20230719_171406638_iOS-x-1024x576.jpg\",\"datePublished\":\"2023-07-22T09:21:28+00:00\",\"dateModified\":\"2025-12-27T09:52:02+00:00\",\"description\":\"Here you find personal July-August 2023 sounds. They are spontaneous, original improvisations and soundscapes by Ulrico.\",\"breadcrumb\":{\"@id\":\"https:\\\/\\\/tonalibus.org\\\/sounds\\\/2023-sounds-and-images\\\/july-august-2023-sounds\\\/#breadcrumb\"},\"inLanguage\":\"de-CH\",\"potentialAction\":[{\"@type\":\"ReadAction\",\"target\":[\"https:\\\/\\\/tonalibus.org\\\/sounds\\\/2023-sounds-and-images\\\/july-august-2023-sounds\\\/\"]}]},{\"@type\":\"ImageObject\",\"inLanguage\":\"de-CH\",\"@id\":\"https:\\\/\\\/tonalibus.org\\\/sounds\\\/2023-sounds-and-images\\\/july-august-2023-sounds\\\/#primaryimage\",\"url\":\"https:\\\/\\\/tonalibus.org\\\/wp-content\\\/uploads\\\/2023\\\/07\\\/20230719_171406638_iOS-x-1024x576.jpg\",\"contentUrl\":\"https:\\\/\\\/tonalibus.org\\\/wp-content\\\/uploads\\\/2023\\\/07\\\/20230719_171406638_iOS-x-1024x576.jpg\"},{\"@type\":\"BreadcrumbList\",\"@id\":\"https:\\\/\\\/tonalibus.org\\\/sounds\\\/2023-sounds-and-images\\\/july-august-2023-sounds\\\/#breadcrumb\",\"itemListElement\":[{\"@type\":\"ListItem\",\"position\":1,\"name\":\"Home\",\"item\":\"https:\\\/\\\/tonalibus.org\\\/\"},{\"@type\":\"ListItem\",\"position\":2,\"name\":\"Sounds\",\"item\":\"https:\\\/\\\/tonalibus.org\\\/sounds\\\/\"},{\"@type\":\"ListItem\",\"position\":3,\"name\":\"2023 Sounds and Images\",\"item\":\"https:\\\/\\\/tonalibus.org\\\/sounds\\\/2023-sounds-and-images\\\/\"},{\"@type\":\"ListItem\",\"position\":4,\"name\":\"July-August 2023 sounds\"}]},{\"@type\":\"WebSite\",\"@id\":\"https:\\\/\\\/tonalibus.org\\\/de\\\/#website\",\"url\":\"https:\\\/\\\/tonalibus.org\\\/de\\\/\",\"name\":\"TONALIBUS\",\"description\":\"Anchored Harmony and Tonalities\",\"publisher\":{\"@id\":\"https:\\\/\\\/tonalibus.org\\\/de\\\/#\\\/schema\\\/person\\\/749261d7bc96d1f00127273f83ab96a4\"},\"potentialAction\":[{\"@type\":\"SearchAction\",\"target\":{\"@type\":\"EntryPoint\",\"urlTemplate\":\"https:\\\/\\\/tonalibus.org\\\/de\\\/?s={search_term_string}\"},\"query-input\":{\"@type\":\"PropertyValueSpecification\",\"valueRequired\":true,\"valueName\":\"search_term_string\"}}],\"inLanguage\":\"de-CH\"},{\"@type\":[\"Person\",\"Organization\"],\"@id\":\"https:\\\/\\\/tonalibus.org\\\/de\\\/#\\\/schema\\\/person\\\/749261d7bc96d1f00127273f83ab96a4\",\"name\":\"Ulrico\",\"image\":{\"@type\":\"ImageObject\",\"inLanguage\":\"de-CH\",\"@id\":\"https:\\\/\\\/tonalibus.org\\\/wp-content\\\/uploads\\\/2020\\\/06\\\/uli-pix.jpg\",\"url\":\"https:\\\/\\\/tonalibus.org\\\/wp-content\\\/uploads\\\/2020\\\/06\\\/uli-pix.jpg\",\"contentUrl\":\"https:\\\/\\\/tonalibus.org\\\/wp-content\\\/uploads\\\/2020\\\/06\\\/uli-pix.jpg\",\"width\":960,\"height\":720,\"caption\":\"Ulrico\"},\"logo\":{\"@id\":\"https:\\\/\\\/tonalibus.org\\\/wp-content\\\/uploads\\\/2020\\\/06\\\/uli-pix.jpg\"},\"sameAs\":[\"https:\\\/\\\/tonalibus.cyon.site\"]}]}<\/script>\n<!-- \/ Yoast SEO plugin. -->","yoast_head_json":{"title":"Juli-August 2023 Kl\u00e4nge - TONALIBUS Harmonie und Tonalit\u00e4ten","description":"Hier finden Sie pers\u00f6nliche Juli-August 2023 Sounds. Es sind spontane, originelle Improvisationen und Soundscapes von Ulrico.","robots":{"index":"index","follow":"follow","max-snippet":"max-snippet:-1","max-image-preview":"max-image-preview:large","max-video-preview":"max-video-preview:-1"},"canonical":"https:\/\/tonalibus.org\/de\/sounds\/2023-sounds-and-images\/july-august-2023-sounds\/","og_locale":"de_DE","og_type":"article","og_title":"July-August 2023 sounds &#8211; TONALIBUS Harmony and Tonalities","og_description":"Here you find personal July-August 2023 sounds. They are spontaneous, original improvisations and soundscapes by Ulrico.","og_url":"https:\/\/tonalibus.org\/de\/sounds\/2023-sounds-and-images\/july-august-2023-sounds\/","og_site_name":"TONALIBUS","article_modified_time":"2025-12-27T09:52:02+00:00","og_image":[{"width":2560,"height":1440,"url":"https:\/\/tonalibus.org\/wp-content\/uploads\/2023\/07\/20230719_171406638_iOS-x-scaled.jpg","type":"image\/jpeg"}],"twitter_card":"summary_large_image","twitter_misc":{"Gesch\u00e4tzte Lesezeit":"2\u00a0Minuten"},"schema":{"@context":"https:\/\/schema.org","@graph":[{"@type":"WebPage","@id":"https:\/\/tonalibus.org\/sounds\/2023-sounds-and-images\/july-august-2023-sounds\/","url":"https:\/\/tonalibus.org\/sounds\/2023-sounds-and-images\/july-august-2023-sounds\/","name":"Juli-August 2023 Kl\u00e4nge - TONALIBUS Harmonie und Tonalit\u00e4ten","isPartOf":{"@id":"https:\/\/tonalibus.org\/de\/#website"},"primaryImageOfPage":{"@id":"https:\/\/tonalibus.org\/sounds\/2023-sounds-and-images\/july-august-2023-sounds\/#primaryimage"},"image":{"@id":"https:\/\/tonalibus.org\/sounds\/2023-sounds-and-images\/july-august-2023-sounds\/#primaryimage"},"thumbnailUrl":"https:\/\/tonalibus.org\/wp-content\/uploads\/2023\/07\/20230719_171406638_iOS-x-1024x576.jpg","datePublished":"2023-07-22T09:21:28+00:00","dateModified":"2025-12-27T09:52:02+00:00","description":"Hier finden Sie pers\u00f6nliche Juli-August 2023 Sounds. Es sind spontane, originelle Improvisationen und Soundscapes von Ulrico.","breadcrumb":{"@id":"https:\/\/tonalibus.org\/sounds\/2023-sounds-and-images\/july-august-2023-sounds\/#breadcrumb"},"inLanguage":"de-CH","potentialAction":[{"@type":"ReadAction","target":["https:\/\/tonalibus.org\/sounds\/2023-sounds-and-images\/july-august-2023-sounds\/"]}]},{"@type":"ImageObject","inLanguage":"de-CH","@id":"https:\/\/tonalibus.org\/sounds\/2023-sounds-and-images\/july-august-2023-sounds\/#primaryimage","url":"https:\/\/tonalibus.org\/wp-content\/uploads\/2023\/07\/20230719_171406638_iOS-x-1024x576.jpg","contentUrl":"https:\/\/tonalibus.org\/wp-content\/uploads\/2023\/07\/20230719_171406638_iOS-x-1024x576.jpg"},{"@type":"BreadcrumbList","@id":"https:\/\/tonalibus.org\/sounds\/2023-sounds-and-images\/july-august-2023-sounds\/#breadcrumb","itemListElement":[{"@type":"ListItem","position":1,"name":"Home","item":"https:\/\/tonalibus.org\/"},{"@type":"ListItem","position":2,"name":"Sounds","item":"https:\/\/tonalibus.org\/sounds\/"},{"@type":"ListItem","position":3,"name":"2023 Sounds and Images","item":"https:\/\/tonalibus.org\/sounds\/2023-sounds-and-images\/"},{"@type":"ListItem","position":4,"name":"July-August 2023 sounds"}]},{"@type":"WebSite","@id":"https:\/\/tonalibus.org\/de\/#website","url":"https:\/\/tonalibus.org\/de\/","name":"TONALIBUS","description":"Verankerte Harmonie und Tonalit\u00e4ten","publisher":{"@id":"https:\/\/tonalibus.org\/de\/#\/schema\/person\/749261d7bc96d1f00127273f83ab96a4"},"potentialAction":[{"@type":"SearchAction","target":{"@type":"EntryPoint","urlTemplate":"https:\/\/tonalibus.org\/de\/?s={search_term_string}"},"query-input":{"@type":"PropertyValueSpecification","valueRequired":true,"valueName":"search_term_string"}}],"inLanguage":"de-CH"},{"@type":["Person","Organization"],"@id":"https:\/\/tonalibus.org\/de\/#\/schema\/person\/749261d7bc96d1f00127273f83ab96a4","name":"Ulrico","image":{"@type":"ImageObject","inLanguage":"de-CH","@id":"https:\/\/tonalibus.org\/wp-content\/uploads\/2020\/06\/uli-pix.jpg","url":"https:\/\/tonalibus.org\/wp-content\/uploads\/2020\/06\/uli-pix.jpg","contentUrl":"https:\/\/tonalibus.org\/wp-content\/uploads\/2020\/06\/uli-pix.jpg","width":960,"height":720,"caption":"Ulrico"},"logo":{"@id":"https:\/\/tonalibus.org\/wp-content\/uploads\/2020\/06\/uli-pix.jpg"},"sameAs":["https:\/\/tonalibus.cyon.site"]}]}},"_links":{"self":[{"href":"https:\/\/tonalibus.org\/de\/wp-json\/wp\/v2\/pages\/26367","targetHints":{"allow":["GET"]}}],"collection":[{"href":"https:\/\/tonalibus.org\/de\/wp-json\/wp\/v2\/pages"}],"about":[{"href":"https:\/\/tonalibus.org\/de\/wp-json\/wp\/v2\/types\/page"}],"author":[{"embeddable":true,"href":"https:\/\/tonalibus.org\/de\/wp-json\/wp\/v2\/users\/1"}],"replies":[{"embeddable":true,"href":"https:\/\/tonalibus.org\/de\/wp-json\/wp\/v2\/comments?post=26367"}],"version-history":[{"count":1,"href":"https:\/\/tonalibus.org\/de\/wp-json\/wp\/v2\/pages\/26367\/revisions"}],"predecessor-version":[{"id":38091,"href":"https:\/\/tonalibus.org\/de\/wp-json\/wp\/v2\/pages\/26367\/revisions\/38091"}],"up":[{"embeddable":true,"href":"https:\/\/tonalibus.org\/de\/wp-json\/wp\/v2\/pages\/22314"}],"wp:attachment":[{"href":"https:\/\/tonalibus.org\/de\/wp-json\/wp\/v2\/media?parent=26367"}],"curies":[{"name":"wp","href":"https:\/\/api.w.org\/{rel}","templated":true}]}}