{"id":26493,"date":"2023-08-01T15:41:00","date_gmt":"2023-08-01T13:41:00","guid":{"rendered":"https:\/\/tonalibus.org\/?page_id=26493"},"modified":"2023-12-24T12:31:58","modified_gmt":"2023-12-24T11:31:58","slug":"sound-as-mantra","status":"publish","type":"page","link":"https:\/\/tonalibus.org\/de\/shop\/sound-as-mantra\/","title":{"rendered":"Klang als Mantra"},"content":{"rendered":"<div class=\"wp-block-buttons is-content-justification-center is-layout-flex wp-container-core-buttons-is-layout-16018d1d wp-block-buttons-is-layout-flex\">\n<div class=\"wp-block-button is-style-outline is-style-outline--1\"><a class=\"wp-block-button__link wp-element-button\" href=\"#mantra\">Klang als Mantra<\/a><\/div>\n\n\n\n<div class=\"wp-block-button is-style-outline is-style-outline--2\"><a class=\"wp-block-button__link wp-element-button\" href=\"#pitch\">Fundamentale Tonh\u00f6he<\/a><\/div>\n\n\n\n<div class=\"wp-block-button is-style-outline is-style-outline--3\"><a class=\"wp-block-button__link wp-element-button\" href=\"https:\/\/tonalibus.org\/de\/shop\/tonality-in-action\/chromatic-pitches\/\">Chromatische Tonh\u00f6hen<\/a><\/div>\n\n\n\n<div class=\"wp-block-button is-style-outline is-style-outline--4\"><a class=\"wp-block-button__link wp-element-button\" href=\"https:\/\/tonalibus.org\/de\/shop\/tonalities-selection\/\">Tonalit\u00e4ten-Wahl<\/a><\/div>\n<\/div>\n\n\n\n<div style=\"height:50px\" aria-hidden=\"true\" class=\"wp-block-spacer\"><\/div>\n\n\n\n<h2 class=\"wp-block-heading has-text-color\" id=\"mantra\" style=\"color:#f7b320\">Klang als Mantra<\/h2>\n\n\n\n<p class=\"has-text-color\" style=\"color:#f7b320\">Du kannst Tonalit\u00e4t in Aktion erleben, z. B. mit Tonbeispiel- oder Tonalit\u00e4ten-Loops jeglicher Tonalit\u00e4t im Katalog der <a href=\"https:\/\/tonalibus.org\/de\/tonalities\/\"><mark style=\"background-color:rgba(0, 0, 0, 0);color:#f7b320\" class=\"has-inline-color\">verankerten Tonalit\u00e4ten<\/mark><\/a>, zum Anheben, L\u00e4utern und Fokussieren, zum Mitsummen, Chanten oder Singen, zur <a aria-label=\"undefiniert (\u00f6ffnet in einer neuen Registerkarte)\" href=\"https:\/\/de.wikipedia.org\/wiki\/Kontemplation\" target=\"_blank\" rel=\"noreferrer noopener\"><mark style=\"background-color:rgba(0, 0, 0, 0);color:#f7b320\" class=\"has-inline-color\">Kontemplation<\/mark><\/a> oder <a href=\"https:\/\/de.wikipedia.org\/wiki\/Meditation\" target=\"_blank\" rel=\"noreferrer noopener\"><mark style=\"background-color:rgba(0, 0, 0, 0);color:#f7b320\" class=\"has-inline-color\">Meditation<\/mark><\/a>, oder ganz einfach als beruhigenden Hintergrundton zur Entspannung und Regeneration, wann immer du das w\u00fcnschst. Nachfolgend findest du eine m\u00f6gliche Vorgehensweise, um deine Grundton-H\u00f6he zu finden, und einen Weg durch die vielen Tonalit\u00e4ten im Tonalibus-Katalog, der dir dabei helfen kann, die Tonalit\u00e4t oder Tonalit\u00e4ten zu bestimmen, die dir in einem bestimmten Moment zusagen.<\/p>\n\n\n\n<p class=\"has-text-color\" style=\"color:#f7b320\">Wenn du dann noch weiter gehen m\u00f6chtest, interessiert dich vielleicht, wie du ein individuell eingestimmtes Klang-Mantra erstellen kannst. Zwei Schl\u00fcssel f\u00fcr ein individuelles Klang-Mantra sind das Finden deiner fundamentalen Grundton-H\u00f6he und passender Tonalit\u00e4ten. Dies kannst du selbst tun. Nachfolgend wird eine bew\u00e4hrte Methode beschrieben, um die eigene <a href=\"#pitch\"><mark style=\"background-color:rgba(0, 0, 0, 0);color:#f7b320\" class=\"has-inline-color\">Grundton-H\u00f6he<\/mark><\/a> zu einem gegebenen Zeitpunkt zu finden. Zudem gibt es eine Methode, die dir bei der Bestimmung deiner Pr\u00e4ferenzen helfen kann, f\u00fcr die <a href=\"https:\/\/tonalibus.org\/de\/individual-tonalities\/\"><mark style=\"background-color:rgba(0, 0, 0, 0);color:#f7b320\" class=\"has-inline-color\">individuelle Tonalit\u00e4ten<\/mark><\/a>. Der n\u00e4chste Schritt w\u00e4re dann, deine Tonalit\u00e4t oder Tonalit\u00e4ten auf der Grundlage deiner fundamentalen Tonh\u00f6he anzuwenden. Wenn du musikalisch veranlagt bist, k\u00f6nntest du dies selbst tun, und so die individuelle Einstimmung \u00fcber Tonh\u00f6he und Tonalit\u00e4t hinaus sicherstellen. <\/p>\n\n\n\n<p class=\"has-text-color\" style=\"color:#f7b320\">Bei Bedarf und auf Wunsch kann Tonalibus dich auch dabei unterst\u00fctzen, deine Grundton-H\u00f6he und deine Pr\u00e4ferenzen der individuellen Tonalit\u00e4t zu finden. Es ist m\u00f6glich, eigene Erkenntnisse und Leistungen musikalisch zu unterst\u00fctzen und darauf aufzubauen, um ein individuelles Klang-Mantra zu kreieren. Deine fundamentale Tonh\u00f6he, deine Wahl von Tonalit\u00e4ten und ein m\u00f6gliches Mantra sind pers\u00f6nlich und rein individuell. Tonalibus k\u00f6nnte das, was du gefunden und f\u00fcr dich ausgew\u00e4hlt hast, lediglich zusammensetzen und nach Bedarf und M\u00f6glichkeit erweitern. Dies ist einer der Wege, wie ein individuelles Klang-Mantra zustande kommen kann. <\/p>\n\n\n\n<h2 class=\"wp-block-heading has-text-color\" id=\"pitch\" style=\"color:#f7b320\">Individuelle oder pers\u00f6nliche Grundton-H\u00f6he<\/h2>\n\n\n\n<div class=\"wp-block-buttons is-content-justification-center is-layout-flex wp-container-core-buttons-is-layout-16018d1d wp-block-buttons-is-layout-flex\">\n<div class=\"wp-block-button is-style-outline is-style-outline--5\"><a class=\"wp-block-button__link wp-element-button\" href=\"#exercise\">Fundamentale Tonh\u00f6he<br>\u00dcbung zur Bestimmung<\/a><\/div>\n\n\n\n<div class=\"wp-block-button is-style-outline is-style-outline--6\"><a class=\"wp-block-button__link wp-element-button\" href=\"#alternative\">Alternative \u00dcbungen<br>Bestimmung der Tonh\u00f6he<\/a><\/div>\n\n\n\n<div class=\"wp-block-button is-style-outline is-style-outline--7\"><a class=\"wp-block-button__link wp-element-button\" href=\"#check\">Pr\u00fcfen und Benennen<br>deiner Grundton-H\u00f6he<\/a><\/div>\n<\/div>\n\n\n\n<div style=\"height:45px\" aria-hidden=\"true\" class=\"wp-block-spacer\"><\/div>\n\n\n\n<p class=\"has-text-color\" style=\"color:#f7b320\">Die Ans\u00e4tze und Meinungen bez\u00fcglich pers\u00f6nlicher Grundt\u00f6ne k\u00f6nnen sehr unterschiedlich sein. Im Allgemeinen besteht Einigkeit dar\u00fcber, dass Ton oder Schwingung ein wesentliches Element der Existenz ist. Aber die Ansichten \u00fcber den Wert oder gar die Existenz individueller oder pers\u00f6nlicher Grundton-H\u00f6hen gehen weit auseinander, sei es f\u00fcr eine bestimmte Person, einen Ort, einen Planeten oder eine Ebene. <\/p>\n\n\n\n<p class=\"has-text-color\" style=\"color:#f7b320\">Tonalibus vertritt den pragmatischen Standpunkt, dass die Einigung auf einen gemeinsamen Grundton-Bezug notwendig ist, um gemeinsam mit anderen harmonische Musik erzeugen zu k\u00f6nnen. Die heutige Standard-Referenz, die Mitte 1900 festgelegt wurde, ist <a href=\"https:\/\/en.wikipedia.org\/wiki\/A440_(pitch_standard)\" target=\"_blank\" rel=\"noreferrer noopener\"><mark style=\"background-color:rgba(0, 0, 0, 0);color:#f7b320\" class=\"has-inline-color\">A = 440 Hz<\/mark><\/a>. Einige New-Age und meditative Musiker vertreten die Ansicht, dass Musik in Bezug auf A = 432 Hz resonanter und ber\u00fchrender sei. Tonalibus verwendet im Allgemeinen 438,2 Hz als Referenz (von Ulrico in seiner Jugend berechnet) und anerkennt auch den potenziell tiefgreifenden Wert, den die pers\u00f6nliche Grundton-H\u00f6he f\u00fcr einen Menschen haben kann, obschon eine solche individuelle Tonh\u00f6he als fliessend und ver\u00e4nderlich angesehen wird, die sich mit der Zeit ver\u00e4ndern kann.   <\/p>\n\n\n\n<h3 class=\"wp-block-heading has-text-color\" id=\"exercise\" style=\"color:#f7b320\">\u00dcbung zur Bestimmung der pers\u00f6nlichen Grundton-H\u00f6he<\/h3>\n\n\n\n<div class=\"wp-block-columns is-layout-flex wp-container-core-columns-is-layout-9d6595d7 wp-block-columns-is-layout-flex\">\n<div class=\"wp-block-column is-layout-flow wp-block-column-is-layout-flow\" style=\"flex-basis:33.33%\">\n<p class=\"has-text-color\" style=\"color:#f7b320\">1) H\u00f6re an einem ruhigen Ort und in einem stillen Moment auf den Ton in deinem Inneren. Nimm dir Zeit, genau das zu tun.<\/p>\n<\/div>\n\n\n\n<div class=\"wp-block-column is-layout-flow wp-block-column-is-layout-flow\" style=\"flex-basis:33.33%\">\n<p class=\"has-text-color\" style=\"color:#f7b320\">2) Beginne ganz behutsam, deinen inneren Ton zu erfassen, indem du ihn einfach atmest. Stimme zuerst und vor allem dein Ausatmen und dann m\u00f6glicherweise auch dein Einatmen auf den Ton ein, welchen du in dir h\u00f6rst.<\/p>\n<\/div>\n\n\n\n<div class=\"wp-block-column is-layout-flow wp-block-column-is-layout-flow\" style=\"flex-basis:33.33%\">\n<p class=\"has-text-color\" style=\"color:#f7b320\">3) Sobald deine Atmung in einer ausgeglichenen Tonh\u00f6he gut auf deinen inneren Ton eingestimmt ist, verwandle deine Ausatmung behutsam in ein sehr sanftes Summen dieser Tonh\u00f6he. Steigere dies dann allm\u00e4hlich zu einem entspannten, leichten Chant, solange du m\u00f6chtest oder bis die Tonh\u00f6he gut auf deinen inneren Ton eingestimmt ist.<\/p>\n<\/div>\n<\/div>\n\n\n\n<p class=\"has-text-color\" style=\"color:#f7b320\">Du kannst diese pers\u00f6nliche \u00dcbung zur Bestimmung deines Grundtons wiederholt durchf\u00fchren, verteilt \u00fcber Zeit, Tage oder Wochen. Ein guter Moment daf\u00fcr k\u00f6nnte gleich nach dem Aufwachen am Morgen sein, m\u00f6glicherweise gegen Ende einer ruhigen Pause w\u00e4hrend des Tages oder vor dem Einschlafen. Du k\u00f6nntest sie auch am Ende einer Kontemplation oder Meditation einf\u00fcgen und dabei vielleicht eine spirituell gepr\u00e4gte Silbe verwenden, wie <a href=\"https:\/\/de.wikipedia.org\/wiki\/Om\" target=\"_blank\" rel=\"noreferrer noopener\"><mark style=\"background-color:rgba(0, 0, 0, 0);color:#f7b320\" class=\"has-inline-color\"><em>\u014c\u1e43 \/ Aum<\/em><\/mark><\/a> \u0950 oder <em><a href=\"https:\/\/tonalibus.org\/de\/about-tonalibus\/hu-mantra-of-soul\/\"><mark style=\"background-color:rgba(0, 0, 0, 0);color:#f7b320\" class=\"has-inline-color\">HU<\/mark><\/a><\/em>, oder eine andere f\u00fcr dich stimmige Mantra-Silbe.<\/p>\n\n\n\n<h3 class=\"wp-block-heading has-text-color\" id=\"alternative\" style=\"color:#f7b320\">Alternative M\u00f6glichkeiten zur Bestimmung eines pers\u00f6nlichen Grundtons<\/h3>\n\n\n\n<p class=\"has-text-color\" style=\"color:#f7b320\">Wenn dir die obige \u00dcbung schwierig und ohne klares Ergebnis erscheint, findest du hier zwei weitere Methoden, um m\u00f6glicherweise deinen pers\u00f6nlichen Grundton zu finden. <\/p>\n\n\n\n<p class=\"has-text-color\" style=\"color:#f7b320\">Du k\u00f6nntest spontan und aufs Geratewohl Glissandi eine oder zwei Oktaven rauf und runter singen und das Glissando allm\u00e4hlich verringern, indem du dich mehr und mehr entspannst und losl\u00e4sst, um schliesslich auf einer Tonh\u00f6he zu landen, und diese als deine Grundton-H\u00f6he annimmst. <\/p>\n\n\n\n<p class=\"has-text-color\" style=\"color:#f7b320\">Oder du k\u00f6nntest einige Tonh\u00f6hen auf einem beliebigen Musik-Instrument oder auf der <a href=\"https:\/\/tonalibus.org\/de\/shop\/sound-as-mantra\/chromatic-pitches\/\"><mark style=\"background-color:rgba(0, 0, 0, 0);color:#f7b320\" class=\"has-inline-color\">Seite der chromatischen Tonh\u00f6hen<\/mark><\/a> ausprobieren, um diejenige zu finden, die dir am besten passt und am meisten in dir widerhallt. So kannst du deine Grundton-H\u00f6he im gegebenen Moment finden. Beachte auch, dass sich deine Tonh\u00f6he aufgrund dessen, was du h\u00f6rst, ver\u00e4ndern kann.<\/p>\n\n\n\n<h3 class=\"wp-block-heading has-text-color\" id=\"check\" style=\"color:#f7b320\">Pr\u00fcfen und Benennen deiner Grundton-H\u00f6he<\/h3>\n\n\n\n<p class=\"has-text-color\" style=\"color:#f7b320\">Wenn du ein stimmbares Saiten- oder anderes Instrument hast, kannst du deine fundamentale Tonh\u00f6he auf dieses \u00fcbertragen. <\/p>\n\n\n\n<p class=\"has-text-color\" style=\"color:#f7b320\">Du kannst deine Tonh\u00f6he mit einem Stimmger\u00e4t messen und herausfinden, wie sie heisst. Es gibt gute kostenlose Stimm-Apps f\u00fcr Mobilger\u00e4te, die den Hertz-Wert und den Namen der Tonh\u00f6he von Audio-Frequenzen anzeigen. Tonalibus verwendet den \u201cPiano Tuner Lite\u201d und \u201cPitched Tuner\u201d. <\/p>\n\n\n\n<p class=\"has-text-color\" style=\"color:#f7b320\">Du k\u00f6nntest die gefundene Gtundton-H\u00f6he auch aufzeichnen, z. B. als Sprachmemo auf deinem Mobilger\u00e4t.<em> <\/em>Falls du kein anderes Hilfsmittel (oder ein Instrument mit fester Stimmung wie z. B. ein Klavier) daf\u00fcr zur Verf\u00fcgung hast, kannst du dann die zw\u00f6lf Tonh\u00f6hen, die auf der <a href=\"https:\/\/tonalibus.org\/de\/shop\/sound-as-mantra\/chromatic-pitches\/\"><mark style=\"background-color:rgba(0, 0, 0, 0);color:#f7b320\" class=\"has-inline-color\">Seite der chromatischen Tonh\u00f6hen<\/mark><\/a> angeboten werden, ausprobieren und so diejenige bestimmen, welche deiner Tonh\u00f6he am n\u00e4chsten kommt. <\/p>\n\n\n\n<p class=\"has-text-color\" style=\"color:#f7b320\">Solche Schritte erm\u00f6glichen es dir, deine Grundton-H\u00f6he und deren Stabilit\u00e4t oder m\u00f6gliche Bewegung im Lauf der Zeit zu beobachten, oder m\u00f6glicherweise musikalische Unterst\u00fctzung zur Erstellung eines individuellen Klang-Mantras zu erhalten.<\/p>\n\n\n\n<div style=\"height:48px\" aria-hidden=\"true\" class=\"wp-block-spacer\"><\/div>\n\n\n<div class=\"wp-block-image\">\n<figure class=\"aligncenter size-full is-resized\"><img loading=\"lazy\" decoding=\"async\" width=\"720\" height=\"720\" src=\"https:\/\/tonalibus.org\/wp-content\/uploads\/2021\/12\/fat-logo-square.jpg\" alt=\"Sept-Oct 2023 Tonalibus update\" class=\"wp-image-15748\" style=\"width:300px\" srcset=\"https:\/\/tonalibus.org\/wp-content\/uploads\/2021\/12\/fat-logo-square.jpg 720w, https:\/\/tonalibus.org\/wp-content\/uploads\/2021\/12\/fat-logo-square-300x300.jpg 300w, https:\/\/tonalibus.org\/wp-content\/uploads\/2021\/12\/fat-logo-square-150x150.jpg 150w, https:\/\/tonalibus.org\/wp-content\/uploads\/2021\/12\/fat-logo-square-12x12.jpg 12w, https:\/\/tonalibus.org\/wp-content\/uploads\/2021\/12\/fat-logo-square-100x100.jpg 100w, https:\/\/tonalibus.org\/wp-content\/uploads\/2021\/12\/fat-logo-square-560x560.jpg 560w\" sizes=\"auto, (max-width: 720px) 100vw, 720px\" \/><figcaption class=\"wp-element-caption\">Die <a href=\"https:\/\/tonalibus.org\/de\/concepts\/concepts-highlights\/highlight-pivots\/\">harmonische Drehpunkt<\/a> \u2013 zwei gegenl\u00e4ufige Spiralen vereint<\/figcaption><\/figure>\n<\/div>","protected":false},"excerpt":{"rendered":"<p>Klang als Mantra Du kannst Tonalit\u00e4t in Aktion genie\u00dfen, z. B. die Klangbeispielschleifen einer beliebigen Tonalit\u00e4t aus dem Katalog der verankerten Tonalit\u00e4ten, zum Erheben, Entgiften und Fokussieren, zum Summen, Chanten oder Mitsingen, zur Kontemplation oder Meditation oder einfach zur Entspannung und Regeneration als beruhigende Hintergrundmusik, wann immer du willst. Im Folgenden findest du eine m\u00f6gliche ... <\/p>\n<p class=\"link-more\"><a href=\"https:\/\/tonalibus.org\/de\/shop\/sound-as-mantra\/\" class=\"more-link\"><span class=\"screen-reader-text\">\"Klang als Mantra\"<\/span> weiterlesen<\/a><\/p>","protected":false},"author":1,"featured_media":0,"parent":490,"menu_order":50,"comment_status":"closed","ping_status":"closed","template":"","meta":{"footnotes":""},"class_list":["post-26493","page","type-page","status-publish","hentry"],"yoast_head":"<!-- This site is optimized with the Yoast SEO plugin v27.5 - https:\/\/yoast.com\/product\/yoast-seo-wordpress\/ -->\n<title>Sound as mantra &#8211; TONALIBUS, Anchored Harmony and Tonalities<\/title>\n<meta name=\"description\" content=\"Sound as mantra, personal fundamental pitch and individual tonality preference determination - tonality in action!\" \/>\n<meta name=\"robots\" content=\"index, follow, max-snippet:-1, max-image-preview:large, max-video-preview:-1\" \/>\n<link rel=\"canonical\" href=\"https:\/\/tonalibus.org\/de\/shop\/sound-as-mantra\/\" \/>\n<meta property=\"og:locale\" content=\"de_DE\" \/>\n<meta property=\"og:type\" content=\"article\" \/>\n<meta property=\"og:title\" content=\"Sound as mantra &#8211; TONALIBUS, Anchored Harmony and Tonalities\" \/>\n<meta property=\"og:description\" content=\"Sound as mantra, personal fundamental pitch and individual tonality preference determination - tonality in action!\" \/>\n<meta property=\"og:url\" content=\"https:\/\/tonalibus.org\/de\/shop\/sound-as-mantra\/\" \/>\n<meta property=\"og:site_name\" content=\"TONALIBUS\" \/>\n<meta property=\"article:modified_time\" content=\"2023-12-24T11:31:58+00:00\" \/>\n<meta property=\"og:image\" content=\"https:\/\/tonalibus.org\/wp-content\/uploads\/2021\/12\/fat-logo-square.jpg\" \/>\n<meta name=\"twitter:card\" content=\"summary_large_image\" \/>\n<meta name=\"twitter:label1\" content=\"Gesch\u00e4tzte Lesezeit\" \/>\n\t<meta name=\"twitter:data1\" content=\"5\u00a0Minuten\" \/>\n<script type=\"application\/ld+json\" class=\"yoast-schema-graph\">{\"@context\":\"https:\\\/\\\/schema.org\",\"@graph\":[{\"@type\":\"WebPage\",\"@id\":\"https:\\\/\\\/tonalibus.org\\\/shop\\\/sound-as-mantra\\\/\",\"url\":\"https:\\\/\\\/tonalibus.org\\\/shop\\\/sound-as-mantra\\\/\",\"name\":\"Sound as mantra &#8211; TONALIBUS, Anchored Harmony and Tonalities\",\"isPartOf\":{\"@id\":\"https:\\\/\\\/tonalibus.org\\\/de\\\/#website\"},\"primaryImageOfPage\":{\"@id\":\"https:\\\/\\\/tonalibus.org\\\/shop\\\/sound-as-mantra\\\/#primaryimage\"},\"image\":{\"@id\":\"https:\\\/\\\/tonalibus.org\\\/shop\\\/sound-as-mantra\\\/#primaryimage\"},\"thumbnailUrl\":\"https:\\\/\\\/tonalibus.org\\\/wp-content\\\/uploads\\\/2021\\\/12\\\/fat-logo-square.jpg\",\"datePublished\":\"2023-08-01T13:41:00+00:00\",\"dateModified\":\"2023-12-24T11:31:58+00:00\",\"description\":\"Sound as mantra, personal fundamental pitch and individual tonality preference determination - tonality in action!\",\"breadcrumb\":{\"@id\":\"https:\\\/\\\/tonalibus.org\\\/shop\\\/sound-as-mantra\\\/#breadcrumb\"},\"inLanguage\":\"de-CH\",\"potentialAction\":[{\"@type\":\"ReadAction\",\"target\":[\"https:\\\/\\\/tonalibus.org\\\/shop\\\/sound-as-mantra\\\/\"]}]},{\"@type\":\"ImageObject\",\"inLanguage\":\"de-CH\",\"@id\":\"https:\\\/\\\/tonalibus.org\\\/shop\\\/sound-as-mantra\\\/#primaryimage\",\"url\":\"https:\\\/\\\/tonalibus.org\\\/wp-content\\\/uploads\\\/2021\\\/12\\\/fat-logo-square.jpg\",\"contentUrl\":\"https:\\\/\\\/tonalibus.org\\\/wp-content\\\/uploads\\\/2021\\\/12\\\/fat-logo-square.jpg\"},{\"@type\":\"BreadcrumbList\",\"@id\":\"https:\\\/\\\/tonalibus.org\\\/shop\\\/sound-as-mantra\\\/#breadcrumb\",\"itemListElement\":[{\"@type\":\"ListItem\",\"position\":1,\"name\":\"Home\",\"item\":\"https:\\\/\\\/tonalibus.org\\\/\"},{\"@type\":\"ListItem\",\"position\":2,\"name\":\"Fidibus Shop\",\"item\":\"https:\\\/\\\/tonalibus.org\\\/shop\\\/\"},{\"@type\":\"ListItem\",\"position\":3,\"name\":\"Sound as mantra\"}]},{\"@type\":\"WebSite\",\"@id\":\"https:\\\/\\\/tonalibus.org\\\/de\\\/#website\",\"url\":\"https:\\\/\\\/tonalibus.org\\\/de\\\/\",\"name\":\"TONALIBUS\",\"description\":\"Anchored Harmony and Tonalities\",\"publisher\":{\"@id\":\"https:\\\/\\\/tonalibus.org\\\/de\\\/#\\\/schema\\\/person\\\/749261d7bc96d1f00127273f83ab96a4\"},\"potentialAction\":[{\"@type\":\"SearchAction\",\"target\":{\"@type\":\"EntryPoint\",\"urlTemplate\":\"https:\\\/\\\/tonalibus.org\\\/de\\\/?s={search_term_string}\"},\"query-input\":{\"@type\":\"PropertyValueSpecification\",\"valueRequired\":true,\"valueName\":\"search_term_string\"}}],\"inLanguage\":\"de-CH\"},{\"@type\":[\"Person\",\"Organization\"],\"@id\":\"https:\\\/\\\/tonalibus.org\\\/de\\\/#\\\/schema\\\/person\\\/749261d7bc96d1f00127273f83ab96a4\",\"name\":\"Ulrico\",\"image\":{\"@type\":\"ImageObject\",\"inLanguage\":\"de-CH\",\"@id\":\"https:\\\/\\\/tonalibus.org\\\/wp-content\\\/uploads\\\/2020\\\/06\\\/uli-pix.jpg\",\"url\":\"https:\\\/\\\/tonalibus.org\\\/wp-content\\\/uploads\\\/2020\\\/06\\\/uli-pix.jpg\",\"contentUrl\":\"https:\\\/\\\/tonalibus.org\\\/wp-content\\\/uploads\\\/2020\\\/06\\\/uli-pix.jpg\",\"width\":960,\"height\":720,\"caption\":\"Ulrico\"},\"logo\":{\"@id\":\"https:\\\/\\\/tonalibus.org\\\/wp-content\\\/uploads\\\/2020\\\/06\\\/uli-pix.jpg\"},\"sameAs\":[\"https:\\\/\\\/tonalibus.cyon.site\"]}]}<\/script>\n<!-- \/ Yoast SEO plugin. -->","yoast_head_json":{"title":"Klang als Mantra - TONALIBUS, Verankerte Harmonie und Tonalit\u00e4ten","description":"Klang als Mantra, pers\u00f6nliche Grundtonh\u00f6he und individuelle Tonalit\u00e4tspr\u00e4ferenzbestimmung - Tonalit\u00e4t in Aktion!","robots":{"index":"index","follow":"follow","max-snippet":"max-snippet:-1","max-image-preview":"max-image-preview:large","max-video-preview":"max-video-preview:-1"},"canonical":"https:\/\/tonalibus.org\/de\/shop\/sound-as-mantra\/","og_locale":"de_DE","og_type":"article","og_title":"Sound as mantra &#8211; TONALIBUS, Anchored Harmony and Tonalities","og_description":"Sound as mantra, personal fundamental pitch and individual tonality preference determination - tonality in action!","og_url":"https:\/\/tonalibus.org\/de\/shop\/sound-as-mantra\/","og_site_name":"TONALIBUS","article_modified_time":"2023-12-24T11:31:58+00:00","og_image":[{"url":"https:\/\/tonalibus.org\/wp-content\/uploads\/2021\/12\/fat-logo-square.jpg","type":"","width":"","height":""}],"twitter_card":"summary_large_image","twitter_misc":{"Gesch\u00e4tzte Lesezeit":"5\u00a0Minuten"},"schema":{"@context":"https:\/\/schema.org","@graph":[{"@type":"WebPage","@id":"https:\/\/tonalibus.org\/shop\/sound-as-mantra\/","url":"https:\/\/tonalibus.org\/shop\/sound-as-mantra\/","name":"Klang als Mantra - TONALIBUS, Verankerte Harmonie und Tonalit\u00e4ten","isPartOf":{"@id":"https:\/\/tonalibus.org\/de\/#website"},"primaryImageOfPage":{"@id":"https:\/\/tonalibus.org\/shop\/sound-as-mantra\/#primaryimage"},"image":{"@id":"https:\/\/tonalibus.org\/shop\/sound-as-mantra\/#primaryimage"},"thumbnailUrl":"https:\/\/tonalibus.org\/wp-content\/uploads\/2021\/12\/fat-logo-square.jpg","datePublished":"2023-08-01T13:41:00+00:00","dateModified":"2023-12-24T11:31:58+00:00","description":"Klang als Mantra, pers\u00f6nliche Grundtonh\u00f6he und individuelle Tonalit\u00e4tspr\u00e4ferenzbestimmung - Tonalit\u00e4t in Aktion!","breadcrumb":{"@id":"https:\/\/tonalibus.org\/shop\/sound-as-mantra\/#breadcrumb"},"inLanguage":"de-CH","potentialAction":[{"@type":"ReadAction","target":["https:\/\/tonalibus.org\/shop\/sound-as-mantra\/"]}]},{"@type":"ImageObject","inLanguage":"de-CH","@id":"https:\/\/tonalibus.org\/shop\/sound-as-mantra\/#primaryimage","url":"https:\/\/tonalibus.org\/wp-content\/uploads\/2021\/12\/fat-logo-square.jpg","contentUrl":"https:\/\/tonalibus.org\/wp-content\/uploads\/2021\/12\/fat-logo-square.jpg"},{"@type":"BreadcrumbList","@id":"https:\/\/tonalibus.org\/shop\/sound-as-mantra\/#breadcrumb","itemListElement":[{"@type":"ListItem","position":1,"name":"Home","item":"https:\/\/tonalibus.org\/"},{"@type":"ListItem","position":2,"name":"Fidibus Shop","item":"https:\/\/tonalibus.org\/shop\/"},{"@type":"ListItem","position":3,"name":"Sound as mantra"}]},{"@type":"WebSite","@id":"https:\/\/tonalibus.org\/de\/#website","url":"https:\/\/tonalibus.org\/de\/","name":"TONALIBUS","description":"Verankerte Harmonie und Tonalit\u00e4ten","publisher":{"@id":"https:\/\/tonalibus.org\/de\/#\/schema\/person\/749261d7bc96d1f00127273f83ab96a4"},"potentialAction":[{"@type":"SearchAction","target":{"@type":"EntryPoint","urlTemplate":"https:\/\/tonalibus.org\/de\/?s={search_term_string}"},"query-input":{"@type":"PropertyValueSpecification","valueRequired":true,"valueName":"search_term_string"}}],"inLanguage":"de-CH"},{"@type":["Person","Organization"],"@id":"https:\/\/tonalibus.org\/de\/#\/schema\/person\/749261d7bc96d1f00127273f83ab96a4","name":"Ulrico","image":{"@type":"ImageObject","inLanguage":"de-CH","@id":"https:\/\/tonalibus.org\/wp-content\/uploads\/2020\/06\/uli-pix.jpg","url":"https:\/\/tonalibus.org\/wp-content\/uploads\/2020\/06\/uli-pix.jpg","contentUrl":"https:\/\/tonalibus.org\/wp-content\/uploads\/2020\/06\/uli-pix.jpg","width":960,"height":720,"caption":"Ulrico"},"logo":{"@id":"https:\/\/tonalibus.org\/wp-content\/uploads\/2020\/06\/uli-pix.jpg"},"sameAs":["https:\/\/tonalibus.cyon.site"]}]}},"_links":{"self":[{"href":"https:\/\/tonalibus.org\/de\/wp-json\/wp\/v2\/pages\/26493","targetHints":{"allow":["GET"]}}],"collection":[{"href":"https:\/\/tonalibus.org\/de\/wp-json\/wp\/v2\/pages"}],"about":[{"href":"https:\/\/tonalibus.org\/de\/wp-json\/wp\/v2\/types\/page"}],"author":[{"embeddable":true,"href":"https:\/\/tonalibus.org\/de\/wp-json\/wp\/v2\/users\/1"}],"replies":[{"embeddable":true,"href":"https:\/\/tonalibus.org\/de\/wp-json\/wp\/v2\/comments?post=26493"}],"version-history":[{"count":0,"href":"https:\/\/tonalibus.org\/de\/wp-json\/wp\/v2\/pages\/26493\/revisions"}],"up":[{"embeddable":true,"href":"https:\/\/tonalibus.org\/de\/wp-json\/wp\/v2\/pages\/490"}],"wp:attachment":[{"href":"https:\/\/tonalibus.org\/de\/wp-json\/wp\/v2\/media?parent=26493"}],"curies":[{"name":"wp","href":"https:\/\/api.w.org\/{rel}","templated":true}]}}