{"id":26701,"date":"2023-08-07T13:19:02","date_gmt":"2023-08-07T11:19:02","guid":{"rendered":"https:\/\/tonalibus.org\/?page_id=26701"},"modified":"2023-12-24T12:28:49","modified_gmt":"2023-12-24T11:28:49","slug":"chromatic-pitches","status":"publish","type":"page","link":"https:\/\/tonalibus.org\/de\/shop\/chromatic-pitches\/","title":{"rendered":"Chromatische Tonh\u00f6hen"},"content":{"rendered":"<p class=\"has-text-color\" style=\"color:#f7b320\">Hier kann jede der zw\u00f6lf chromatischen Tonh\u00f6hen einzeln als kurzes Tonbeispiel von sieben bis zehn Sekunden Dauer oder als Loop abgespielt werden, mit drei oder mehr reinen Oktaven auf 8-saitiger Gitarre und Tanpura.<\/p>\n\n\n\n<div class=\"wp-block-buttons is-content-justification-center is-layout-flex wp-container-core-buttons-is-layout-16018d1d wp-block-buttons-is-layout-flex\">\n<div class=\"wp-block-button is-style-outline is-style-outline--1\"><a class=\"wp-block-button__link wp-element-button\" href=\"#samples\">Tonbeispiele<br>der chromatischen Tonh\u00f6hen<\/a><\/div>\n<\/div>\n\n\n\n<div style=\"height:50px\" aria-hidden=\"true\" class=\"wp-block-spacer\"><\/div>\n\n\n\n<p class=\"has-text-color\" style=\"color:#f7b320\">Falls du daf\u00fcr kein anderes Hilfsmittel zur Verf\u00fcgung hast, kann diese Seite dazu dienen, jegliche gegenw\u00e4rtige Tonh\u00f6he zu \u00fcberpr\u00fcfen und zu benennen, sowie m\u00f6glicherweise auch um deine pers\u00f6nliche Grundton-H\u00f6he zu bestimmen. Indem du Tonh\u00f6hen der <a href=\"https:\/\/de.wikipedia.org\/wiki\/Chromatik#Chromatische_Tonleiter\" target=\"_blank\" rel=\"noreferrer noopener nofollow\"><mark style=\"background-color:rgba(0, 0, 0, 0);color:#f7b320\" class=\"has-inline-color\">chromatischen Tonleiter<\/mark><\/a> unten ausprobierst, kannst du herausfinden, welche von ihnen deiner Tonh\u00f6he entspricht oder ihr am n\u00e4chsten kommt. <\/p>\n\n\n\n<p class=\"has-text-color\" style=\"color:#f7b320\">Es ist m\u00f6glich, dass sich deine Tonh\u00f6he zwischen zwei benachbarten chromatischen Tonh\u00f6hen befindet. In diesem Fall kannst du diese beiden benachbarten Tonh\u00f6hen notieren und soweit m\u00f6glich bestimmen, welche der beiden n\u00e4her liegt. Die Tonbeispiele beziehen sich auf A = 438,2 Hz in pythagoreischer D\u1d47-Stimmung. Standard-Stimmung auf <a href=\"https:\/\/en.wikipedia.org\/wiki\/A440_(pitch_standard)\" target=\"_blank\" rel=\"noreferrer noopener\"><mark style=\"background-color:rgba(0, 0, 0, 0);color:#f7b320\" class=\"has-inline-color\">A = 440 Hz<\/mark><\/a> w\u00e4re minimal h\u00f6her und Stimmung auf A = 432 Hz geringf\u00fcgig, d. h. ein Achtel-Schritt, tiefer. <\/p>\n\n\n\n<p class=\"has-text-color\" style=\"color:#f7b320\">Wenn du deine <a href=\"https:\/\/tonalibus.org\/de\/shop\/sound-as-mantra\/\"><mark style=\"background-color:rgba(0, 0, 0, 0);color:#f7b320\" class=\"has-inline-color\">pers\u00f6nlichen Grundton-H\u00f6he<\/mark><\/a> in diesem Moment bestimmen m\u00f6chtest, k\u00f6nntest du Notizen dar\u00fcber machen, wie stark die einzelnen chromatischen Tonh\u00f6hen in dir widerhallen, z. B. auf einer Skala von eins bis zehn, um deine Wahl auf eine Tonh\u00f6he zu konzentrieren \u2013 deine pers\u00f6nliche Grundton-H\u00f6he.<\/p>\n\n\n\n<h2 class=\"wp-block-heading has-text-color\" id=\"samples\" style=\"color:#f7b320\">Tonbeispiele der zw\u00f6lf chromatischen Tonh\u00f6hen<\/h2>\n\n\n\n<p class=\"has-text-color\" style=\"color:#f7b320\">Ein Loop, einmal aktiviert, muss explizit gestoppt werden, bevor ein weiterer auf dieser Seite aktiviert wird; sonst erklingen mehrere Tonbeispiele gleichzeitig.<\/p>\n\n\n\n<div style=\"height:20px\" aria-hidden=\"true\" class=\"wp-block-spacer\"><\/div>\n\n\n\n<div class=\"wp-block-columns is-layout-flex wp-container-core-columns-is-layout-9d6595d7 wp-block-columns-is-layout-flex\">\n<div class=\"wp-block-column is-layout-flow wp-block-column-is-layout-flow\">\n<h3 class=\"wp-block-heading has-text-align-left has-text-color\" style=\"color:#f7b320\">7 bis 10 Sekunden Tonbeispiele<\/h3>\n\n\n\n<figure class=\"wp-block-audio\"><audio controls src=\"https:\/\/tonalibus.org\/wp-content\/uploads\/2023\/08\/2023-08-03-A.mp3\"><\/audio><figcaption class=\"wp-element-caption\"><mark style=\"background-color:rgba(0, 0, 0, 0);color:#f7b320\" class=\"has-inline-color\">A \u2013 7 Sekunden<\/mark><\/figcaption><\/figure>\n\n\n\n<figure class=\"wp-block-audio\"><audio controls src=\"https:\/\/tonalibus.org\/wp-content\/uploads\/2023\/08\/2023-08-03-Ais.mp3\"><\/audio><figcaption class=\"wp-element-caption\"><mark style=\"background-color:rgba(0, 0, 0, 0);color:#f7b320\" class=\"has-inline-color\">A# (B) \u2013 10 Sekunden<\/mark><\/figcaption><\/figure>\n\n\n\n<figure class=\"wp-block-audio\"><audio controls src=\"https:\/\/tonalibus.org\/wp-content\/uploads\/2023\/08\/2023-08-03-B.mp3\"><\/audio><figcaption class=\"wp-element-caption\"><mark style=\"background-color:rgba(0, 0, 0, 0);color:#f7b320\" class=\"has-inline-color\">H \u2013 8 Sekunden<\/mark><\/figcaption><\/figure>\n\n\n\n<figure class=\"wp-block-audio\"><audio controls src=\"https:\/\/tonalibus.org\/wp-content\/uploads\/2023\/08\/2023-08-03-C.mp3\"><\/audio><figcaption class=\"wp-element-caption\"><mark style=\"background-color:rgba(0, 0, 0, 0);color:#f7b320\" class=\"has-inline-color\">C \u2013 8 Sekunden<\/mark><\/figcaption><\/figure>\n\n\n\n<figure class=\"wp-block-audio\"><audio controls src=\"https:\/\/tonalibus.org\/wp-content\/uploads\/2023\/08\/2023-08-03-Cis.mp3\"><\/audio><figcaption class=\"wp-element-caption\"><mark style=\"background-color:rgba(0, 0, 0, 0);color:#f7b320\" class=\"has-inline-color\">C# \u2013 9 Sekunden<\/mark><\/figcaption><\/figure>\n\n\n\n<figure class=\"wp-block-audio\"><audio controls src=\"https:\/\/tonalibus.org\/wp-content\/uploads\/2023\/08\/2023-08-03-D.mp3\"><\/audio><figcaption class=\"wp-element-caption\"><mark style=\"background-color:rgba(0, 0, 0, 0);color:#f7b320\" class=\"has-inline-color\">D \u2013 7 Sekunden<\/mark><\/figcaption><\/figure>\n\n\n\n<figure class=\"wp-block-audio\"><audio controls src=\"https:\/\/tonalibus.org\/wp-content\/uploads\/2023\/08\/2023-08-03-Dis.mp3\"><\/audio><figcaption class=\"wp-element-caption\"><mark style=\"background-color:rgba(0, 0, 0, 0);color:#f7b320\" class=\"has-inline-color\">D# \u2013 9 Sekunden<\/mark><\/figcaption><\/figure>\n\n\n\n<figure class=\"wp-block-audio\"><audio controls src=\"https:\/\/tonalibus.org\/wp-content\/uploads\/2023\/08\/2023-08-03-E.mp3\"><\/audio><figcaption class=\"wp-element-caption\"><mark style=\"background-color:rgba(0, 0, 0, 0);color:#f7b320\" class=\"has-inline-color\">E \u2013 7 Sekunden<\/mark><\/figcaption><\/figure>\n\n\n\n<figure class=\"wp-block-audio\"><audio controls src=\"https:\/\/tonalibus.org\/wp-content\/uploads\/2023\/08\/2023-08-03-F.mp3\"><\/audio><figcaption class=\"wp-element-caption\"><mark style=\"background-color:rgba(0, 0, 0, 0);color:#f7b320\" class=\"has-inline-color\">F \u2013 8 Sekunden<\/mark><\/figcaption><\/figure>\n\n\n\n<figure class=\"wp-block-audio\"><audio controls src=\"https:\/\/tonalibus.org\/wp-content\/uploads\/2023\/08\/2023-08-03-Fis.mp3\"><\/audio><figcaption class=\"wp-element-caption\"><mark style=\"background-color:rgba(0, 0, 0, 0);color:#f7b320\" class=\"has-inline-color\">F# \u2013 8 Sekunden<\/mark><\/figcaption><\/figure>\n\n\n\n<figure class=\"wp-block-audio\"><audio controls src=\"https:\/\/tonalibus.org\/wp-content\/uploads\/2023\/08\/2023-08-03-G.mp3\"><\/audio><figcaption class=\"wp-element-caption\"><mark style=\"background-color:rgba(0, 0, 0, 0);color:#f7b320\" class=\"has-inline-color\">G \u2013 8 Sekunden<\/mark><\/figcaption><\/figure>\n\n\n\n<figure class=\"wp-block-audio\"><audio controls src=\"https:\/\/tonalibus.org\/wp-content\/uploads\/2023\/08\/2023-08-03-Gis.mp3\"><\/audio><figcaption class=\"wp-element-caption\"><mark style=\"background-color:rgba(0, 0, 0, 0);color:#f7b320\" class=\"has-inline-color\">G# \u2013 7 Sekunden<\/mark><\/figcaption><\/figure>\n<\/div>\n\n\n\n<div class=\"wp-block-column is-layout-flow wp-block-column-is-layout-flow\">\n<h3 class=\"wp-block-heading has-text-align-left has-text-color\" style=\"color:#f7b320\">Tonbeispiele als Loop<\/h3>\n\n\n\n<figure class=\"wp-block-audio\"><audio controls src=\"https:\/\/tonalibus.org\/wp-content\/uploads\/2023\/09\/2023-09-01-A-DRONE.mp3\" loop><\/audio><figcaption class=\"wp-element-caption\"><mark style=\"background-color:rgba(0, 0, 0, 0);color:#f7b320\" class=\"has-inline-color\">A \u2013 Drohne als Loop<\/mark><\/figcaption><\/figure>\n\n\n\n<figure class=\"wp-block-audio\"><audio controls src=\"https:\/\/tonalibus.org\/wp-content\/uploads\/2023\/09\/2023-09-01-Ais-DRONE.mp3\" loop><\/audio><figcaption class=\"wp-element-caption\"><mark style=\"background-color:rgba(0, 0, 0, 0);color:#f7b320\" class=\"has-inline-color\">A# (B) \u2013 Drohne als Loop<\/mark><\/figcaption><\/figure>\n\n\n\n<figure class=\"wp-block-audio\"><audio controls src=\"https:\/\/tonalibus.org\/wp-content\/uploads\/2023\/09\/2023-09-01-B-DRONE.mp3\" loop><\/audio><figcaption class=\"wp-element-caption\"><mark style=\"background-color:rgba(0, 0, 0, 0);color:#f7b320\" class=\"has-inline-color\">H (B) \u2013 Drohne als Loop<\/mark><\/figcaption><\/figure>\n\n\n\n<figure class=\"wp-block-audio\"><audio controls src=\"https:\/\/tonalibus.org\/wp-content\/uploads\/2023\/09\/2023-09-01-C-DRONE.mp3\" loop><\/audio><figcaption class=\"wp-element-caption\"><mark style=\"background-color:rgba(0, 0, 0, 0);color:#f7b320\" class=\"has-inline-color\">C \u2013 Drohne als Loop<\/mark><\/figcaption><\/figure>\n\n\n\n<figure class=\"wp-block-audio\"><audio controls src=\"https:\/\/tonalibus.org\/wp-content\/uploads\/2023\/09\/2023-09-01-Cis-DRONE.mp3\" loop><\/audio><figcaption class=\"wp-element-caption\"><mark style=\"background-color:rgba(0, 0, 0, 0);color:#f7b320\" class=\"has-inline-color\">C# \u2013 Drohne als Loop<\/mark><\/figcaption><\/figure>\n\n\n\n<figure class=\"wp-block-audio\"><audio controls src=\"https:\/\/tonalibus.org\/wp-content\/uploads\/2023\/09\/2023-09-01-D-DRONE.mp3\" loop><\/audio><figcaption class=\"wp-element-caption\"><mark style=\"background-color:rgba(0, 0, 0, 0);color:#f7b320\" class=\"has-inline-color\">D \u2013 Drohne als Loop<\/mark><\/figcaption><\/figure>\n\n\n\n<figure class=\"wp-block-audio\"><audio controls src=\"https:\/\/tonalibus.org\/wp-content\/uploads\/2023\/09\/2023-09-01-Dis-DRONE.mp3\" loop><\/audio><figcaption class=\"wp-element-caption\"><mark style=\"background-color:rgba(0, 0, 0, 0);color:#f7b320\" class=\"has-inline-color\">D# \u2013 Drohne als Loop<\/mark><\/figcaption><\/figure>\n\n\n\n<figure class=\"wp-block-audio\"><audio controls src=\"https:\/\/tonalibus.org\/wp-content\/uploads\/2023\/09\/2023-09-01-E-DRONE.mp3\" loop><\/audio><figcaption class=\"wp-element-caption\"><mark style=\"background-color:rgba(0, 0, 0, 0);color:#f7b320\" class=\"has-inline-color\">E \u2013 Drohne als Loop<\/mark><\/figcaption><\/figure>\n\n\n\n<figure class=\"wp-block-audio\"><audio controls src=\"https:\/\/tonalibus.org\/wp-content\/uploads\/2023\/09\/2023-09-01-F-DRONE.mp3\" loop><\/audio><figcaption class=\"wp-element-caption\"><mark style=\"background-color:rgba(0, 0, 0, 0);color:#f7b320\" class=\"has-inline-color\">F \u2013 Drohne als Loop<\/mark><\/figcaption><\/figure>\n\n\n\n<figure class=\"wp-block-audio\"><audio controls src=\"https:\/\/tonalibus.org\/wp-content\/uploads\/2023\/09\/2023-09-01-Fis-DRONE.mp3\" loop><\/audio><figcaption class=\"wp-element-caption\"><mark style=\"background-color:rgba(0, 0, 0, 0);color:#f7b320\" class=\"has-inline-color\">F# \u2013 Drohne als Loop<\/mark><\/figcaption><\/figure>\n\n\n\n<figure class=\"wp-block-audio\"><audio controls src=\"https:\/\/tonalibus.org\/wp-content\/uploads\/2023\/09\/2023-09-01-G-DRONE.mp3\" loop><\/audio><figcaption class=\"wp-element-caption\"><mark style=\"background-color:rgba(0, 0, 0, 0);color:#f7b320\" class=\"has-inline-color\">G \u2013 Drohne als Loop<\/mark><\/figcaption><\/figure>\n\n\n\n<figure class=\"wp-block-audio\"><audio controls src=\"https:\/\/tonalibus.org\/wp-content\/uploads\/2023\/09\/2023-09-01-Gis-DRONE.mp3\" loop><\/audio><figcaption class=\"wp-element-caption\"><mark style=\"background-color:rgba(0, 0, 0, 0);color:#f7b320\" class=\"has-inline-color\">G# \u2013 Drohne als Loop<\/mark><\/figcaption><\/figure>\n<\/div>\n<\/div>\n\n\n\n<div style=\"height:30px\" aria-hidden=\"true\" class=\"wp-block-spacer\"><\/div>\n\n\n<div class=\"wp-block-image\">\n<figure class=\"aligncenter size-full is-resized\"><img loading=\"lazy\" decoding=\"async\" width=\"543\" height=\"543\" src=\"https:\/\/tonalibus.org\/wp-content\/uploads\/2023\/12\/Tonalibus-1e-3-tonalities-2020-05-27-sqr.jpg\" alt=\"\" class=\"wp-image-30046\" style=\"width:300px\" srcset=\"https:\/\/tonalibus.org\/wp-content\/uploads\/2023\/12\/Tonalibus-1e-3-tonalities-2020-05-27-sqr.jpg 543w, https:\/\/tonalibus.org\/wp-content\/uploads\/2023\/12\/Tonalibus-1e-3-tonalities-2020-05-27-sqr-300x300.jpg 300w, https:\/\/tonalibus.org\/wp-content\/uploads\/2023\/12\/Tonalibus-1e-3-tonalities-2020-05-27-sqr-150x150.jpg 150w, https:\/\/tonalibus.org\/wp-content\/uploads\/2023\/12\/Tonalibus-1e-3-tonalities-2020-05-27-sqr-12x12.jpg 12w, https:\/\/tonalibus.org\/wp-content\/uploads\/2023\/12\/Tonalibus-1e-3-tonalities-2020-05-27-sqr-100x100.jpg 100w\" sizes=\"auto, (max-width: 543px) 100vw, 543px\" \/><figcaption class=\"wp-element-caption\">Palette von zw\u00f6lf Tonh\u00f6hen<\/figcaption><\/figure>\n<\/div>","protected":false},"excerpt":{"rendered":"<p>Hier kann jede der zw\u00f6lf chromatischen Tonh\u00f6hen einzeln als kurzes sieben- bis zehnsek\u00fcndiges Klangbeispiel oder als Loop abgerufen werden, mit drei oder mehr glatten Oktaven auf 8-saitiger Gitarre und Tanpura. Falls du kein anderes Werkzeug zur Verf\u00fcgung hast, kannst du diese Seite als Hilfe nutzen, um die Tonh\u00f6hen zu vergleichen und zu benennen ... <\/p>\n<p class=\"link-more\"><a href=\"https:\/\/tonalibus.org\/de\/shop\/chromatic-pitches\/\" class=\"more-link\"><span class=\"screen-reader-text\">\"Chromatische Tonh\u00f6hen\"<\/span> weiterlesen<\/a><\/p>","protected":false},"author":1,"featured_media":0,"parent":490,"menu_order":60,"comment_status":"closed","ping_status":"closed","template":"","meta":{"footnotes":""},"class_list":["post-26701","page","type-page","status-publish","hentry"],"yoast_head":"<!-- This site is optimized with the Yoast SEO plugin v27.5 - https:\/\/yoast.com\/product\/yoast-seo-wordpress\/ -->\n<title>Chromatic pitches &#8211; TONALIBUS Harmony and Tonalities<\/title>\n<meta name=\"description\" content=\"Here, each of the twelve chromatic pitches can be individually accessed as short seven to ten second sound sample or as loop.\" \/>\n<meta name=\"robots\" content=\"index, follow, max-snippet:-1, max-image-preview:large, max-video-preview:-1\" \/>\n<link rel=\"canonical\" href=\"https:\/\/tonalibus.org\/de\/shop\/chromatic-pitches\/\" \/>\n<meta property=\"og:locale\" content=\"de_DE\" \/>\n<meta property=\"og:type\" content=\"article\" \/>\n<meta property=\"og:title\" content=\"Chromatic pitches &#8211; TONALIBUS Harmony and Tonalities\" \/>\n<meta property=\"og:description\" content=\"Here, each of the twelve chromatic pitches can be individually accessed as short seven to ten second sound sample or as loop.\" \/>\n<meta property=\"og:url\" content=\"https:\/\/tonalibus.org\/de\/shop\/chromatic-pitches\/\" \/>\n<meta property=\"og:site_name\" content=\"TONALIBUS\" \/>\n<meta property=\"article:modified_time\" content=\"2023-12-24T11:28:49+00:00\" \/>\n<meta property=\"og:image\" content=\"https:\/\/tonalibus.org\/wp-content\/uploads\/2023\/12\/Tonalibus-1e-3-tonalities-2020-05-27-sqr.jpg\" \/>\n<meta name=\"twitter:card\" content=\"summary_large_image\" \/>\n<meta name=\"twitter:label1\" content=\"Gesch\u00e4tzte Lesezeit\" \/>\n\t<meta name=\"twitter:data1\" content=\"2\u00a0Minuten\" \/>\n<script type=\"application\/ld+json\" class=\"yoast-schema-graph\">{\"@context\":\"https:\\\/\\\/schema.org\",\"@graph\":[{\"@type\":\"WebPage\",\"@id\":\"https:\\\/\\\/tonalibus.org\\\/shop\\\/chromatic-pitches\\\/\",\"url\":\"https:\\\/\\\/tonalibus.org\\\/shop\\\/chromatic-pitches\\\/\",\"name\":\"Chromatic pitches &#8211; TONALIBUS Harmony and Tonalities\",\"isPartOf\":{\"@id\":\"https:\\\/\\\/tonalibus.org\\\/de\\\/#website\"},\"primaryImageOfPage\":{\"@id\":\"https:\\\/\\\/tonalibus.org\\\/shop\\\/chromatic-pitches\\\/#primaryimage\"},\"image\":{\"@id\":\"https:\\\/\\\/tonalibus.org\\\/shop\\\/chromatic-pitches\\\/#primaryimage\"},\"thumbnailUrl\":\"https:\\\/\\\/tonalibus.org\\\/wp-content\\\/uploads\\\/2023\\\/12\\\/Tonalibus-1e-3-tonalities-2020-05-27-sqr.jpg\",\"datePublished\":\"2023-08-07T11:19:02+00:00\",\"dateModified\":\"2023-12-24T11:28:49+00:00\",\"description\":\"Here, each of the twelve chromatic pitches can be individually accessed as short seven to ten second sound sample or as loop.\",\"breadcrumb\":{\"@id\":\"https:\\\/\\\/tonalibus.org\\\/shop\\\/chromatic-pitches\\\/#breadcrumb\"},\"inLanguage\":\"de-CH\",\"potentialAction\":[{\"@type\":\"ReadAction\",\"target\":[\"https:\\\/\\\/tonalibus.org\\\/shop\\\/chromatic-pitches\\\/\"]}]},{\"@type\":\"ImageObject\",\"inLanguage\":\"de-CH\",\"@id\":\"https:\\\/\\\/tonalibus.org\\\/shop\\\/chromatic-pitches\\\/#primaryimage\",\"url\":\"https:\\\/\\\/tonalibus.org\\\/wp-content\\\/uploads\\\/2023\\\/12\\\/Tonalibus-1e-3-tonalities-2020-05-27-sqr.jpg\",\"contentUrl\":\"https:\\\/\\\/tonalibus.org\\\/wp-content\\\/uploads\\\/2023\\\/12\\\/Tonalibus-1e-3-tonalities-2020-05-27-sqr.jpg\"},{\"@type\":\"BreadcrumbList\",\"@id\":\"https:\\\/\\\/tonalibus.org\\\/shop\\\/chromatic-pitches\\\/#breadcrumb\",\"itemListElement\":[{\"@type\":\"ListItem\",\"position\":1,\"name\":\"Home\",\"item\":\"https:\\\/\\\/tonalibus.org\\\/\"},{\"@type\":\"ListItem\",\"position\":2,\"name\":\"Fidibus Shop\",\"item\":\"https:\\\/\\\/tonalibus.org\\\/shop\\\/\"},{\"@type\":\"ListItem\",\"position\":3,\"name\":\"Chromatic pitches\"}]},{\"@type\":\"WebSite\",\"@id\":\"https:\\\/\\\/tonalibus.org\\\/de\\\/#website\",\"url\":\"https:\\\/\\\/tonalibus.org\\\/de\\\/\",\"name\":\"TONALIBUS\",\"description\":\"Anchored Harmony and Tonalities\",\"publisher\":{\"@id\":\"https:\\\/\\\/tonalibus.org\\\/de\\\/#\\\/schema\\\/person\\\/749261d7bc96d1f00127273f83ab96a4\"},\"potentialAction\":[{\"@type\":\"SearchAction\",\"target\":{\"@type\":\"EntryPoint\",\"urlTemplate\":\"https:\\\/\\\/tonalibus.org\\\/de\\\/?s={search_term_string}\"},\"query-input\":{\"@type\":\"PropertyValueSpecification\",\"valueRequired\":true,\"valueName\":\"search_term_string\"}}],\"inLanguage\":\"de-CH\"},{\"@type\":[\"Person\",\"Organization\"],\"@id\":\"https:\\\/\\\/tonalibus.org\\\/de\\\/#\\\/schema\\\/person\\\/749261d7bc96d1f00127273f83ab96a4\",\"name\":\"Ulrico\",\"image\":{\"@type\":\"ImageObject\",\"inLanguage\":\"de-CH\",\"@id\":\"https:\\\/\\\/tonalibus.org\\\/wp-content\\\/uploads\\\/2020\\\/06\\\/uli-pix.jpg\",\"url\":\"https:\\\/\\\/tonalibus.org\\\/wp-content\\\/uploads\\\/2020\\\/06\\\/uli-pix.jpg\",\"contentUrl\":\"https:\\\/\\\/tonalibus.org\\\/wp-content\\\/uploads\\\/2020\\\/06\\\/uli-pix.jpg\",\"width\":960,\"height\":720,\"caption\":\"Ulrico\"},\"logo\":{\"@id\":\"https:\\\/\\\/tonalibus.org\\\/wp-content\\\/uploads\\\/2020\\\/06\\\/uli-pix.jpg\"},\"sameAs\":[\"https:\\\/\\\/tonalibus.cyon.site\"]}]}<\/script>\n<!-- \/ Yoast SEO plugin. -->","yoast_head_json":{"title":"Chromatische Tonh\u00f6hen - TONALIBUS Harmonie und Tonarten","description":"Hier kann jede der zw\u00f6lf chromatischen Tonh\u00f6hen einzeln als kurzes sieben- bis zehnsek\u00fcndiges Klangsample oder als Loop abgerufen werden.","robots":{"index":"index","follow":"follow","max-snippet":"max-snippet:-1","max-image-preview":"max-image-preview:large","max-video-preview":"max-video-preview:-1"},"canonical":"https:\/\/tonalibus.org\/de\/shop\/chromatic-pitches\/","og_locale":"de_DE","og_type":"article","og_title":"Chromatic pitches &#8211; TONALIBUS Harmony and Tonalities","og_description":"Here, each of the twelve chromatic pitches can be individually accessed as short seven to ten second sound sample or as loop.","og_url":"https:\/\/tonalibus.org\/de\/shop\/chromatic-pitches\/","og_site_name":"TONALIBUS","article_modified_time":"2023-12-24T11:28:49+00:00","og_image":[{"url":"https:\/\/tonalibus.org\/wp-content\/uploads\/2023\/12\/Tonalibus-1e-3-tonalities-2020-05-27-sqr.jpg","type":"","width":"","height":""}],"twitter_card":"summary_large_image","twitter_misc":{"Gesch\u00e4tzte Lesezeit":"2\u00a0Minuten"},"schema":{"@context":"https:\/\/schema.org","@graph":[{"@type":"WebPage","@id":"https:\/\/tonalibus.org\/shop\/chromatic-pitches\/","url":"https:\/\/tonalibus.org\/shop\/chromatic-pitches\/","name":"Chromatische Tonh\u00f6hen - TONALIBUS Harmonie und Tonarten","isPartOf":{"@id":"https:\/\/tonalibus.org\/de\/#website"},"primaryImageOfPage":{"@id":"https:\/\/tonalibus.org\/shop\/chromatic-pitches\/#primaryimage"},"image":{"@id":"https:\/\/tonalibus.org\/shop\/chromatic-pitches\/#primaryimage"},"thumbnailUrl":"https:\/\/tonalibus.org\/wp-content\/uploads\/2023\/12\/Tonalibus-1e-3-tonalities-2020-05-27-sqr.jpg","datePublished":"2023-08-07T11:19:02+00:00","dateModified":"2023-12-24T11:28:49+00:00","description":"Hier kann jede der zw\u00f6lf chromatischen Tonh\u00f6hen einzeln als kurzes sieben- bis zehnsek\u00fcndiges Klangsample oder als Loop abgerufen werden.","breadcrumb":{"@id":"https:\/\/tonalibus.org\/shop\/chromatic-pitches\/#breadcrumb"},"inLanguage":"de-CH","potentialAction":[{"@type":"ReadAction","target":["https:\/\/tonalibus.org\/shop\/chromatic-pitches\/"]}]},{"@type":"ImageObject","inLanguage":"de-CH","@id":"https:\/\/tonalibus.org\/shop\/chromatic-pitches\/#primaryimage","url":"https:\/\/tonalibus.org\/wp-content\/uploads\/2023\/12\/Tonalibus-1e-3-tonalities-2020-05-27-sqr.jpg","contentUrl":"https:\/\/tonalibus.org\/wp-content\/uploads\/2023\/12\/Tonalibus-1e-3-tonalities-2020-05-27-sqr.jpg"},{"@type":"BreadcrumbList","@id":"https:\/\/tonalibus.org\/shop\/chromatic-pitches\/#breadcrumb","itemListElement":[{"@type":"ListItem","position":1,"name":"Home","item":"https:\/\/tonalibus.org\/"},{"@type":"ListItem","position":2,"name":"Fidibus Shop","item":"https:\/\/tonalibus.org\/shop\/"},{"@type":"ListItem","position":3,"name":"Chromatic pitches"}]},{"@type":"WebSite","@id":"https:\/\/tonalibus.org\/de\/#website","url":"https:\/\/tonalibus.org\/de\/","name":"TONALIBUS","description":"Verankerte Harmonie und Tonalit\u00e4ten","publisher":{"@id":"https:\/\/tonalibus.org\/de\/#\/schema\/person\/749261d7bc96d1f00127273f83ab96a4"},"potentialAction":[{"@type":"SearchAction","target":{"@type":"EntryPoint","urlTemplate":"https:\/\/tonalibus.org\/de\/?s={search_term_string}"},"query-input":{"@type":"PropertyValueSpecification","valueRequired":true,"valueName":"search_term_string"}}],"inLanguage":"de-CH"},{"@type":["Person","Organization"],"@id":"https:\/\/tonalibus.org\/de\/#\/schema\/person\/749261d7bc96d1f00127273f83ab96a4","name":"Ulrico","image":{"@type":"ImageObject","inLanguage":"de-CH","@id":"https:\/\/tonalibus.org\/wp-content\/uploads\/2020\/06\/uli-pix.jpg","url":"https:\/\/tonalibus.org\/wp-content\/uploads\/2020\/06\/uli-pix.jpg","contentUrl":"https:\/\/tonalibus.org\/wp-content\/uploads\/2020\/06\/uli-pix.jpg","width":960,"height":720,"caption":"Ulrico"},"logo":{"@id":"https:\/\/tonalibus.org\/wp-content\/uploads\/2020\/06\/uli-pix.jpg"},"sameAs":["https:\/\/tonalibus.cyon.site"]}]}},"_links":{"self":[{"href":"https:\/\/tonalibus.org\/de\/wp-json\/wp\/v2\/pages\/26701","targetHints":{"allow":["GET"]}}],"collection":[{"href":"https:\/\/tonalibus.org\/de\/wp-json\/wp\/v2\/pages"}],"about":[{"href":"https:\/\/tonalibus.org\/de\/wp-json\/wp\/v2\/types\/page"}],"author":[{"embeddable":true,"href":"https:\/\/tonalibus.org\/de\/wp-json\/wp\/v2\/users\/1"}],"replies":[{"embeddable":true,"href":"https:\/\/tonalibus.org\/de\/wp-json\/wp\/v2\/comments?post=26701"}],"version-history":[{"count":0,"href":"https:\/\/tonalibus.org\/de\/wp-json\/wp\/v2\/pages\/26701\/revisions"}],"up":[{"embeddable":true,"href":"https:\/\/tonalibus.org\/de\/wp-json\/wp\/v2\/pages\/490"}],"wp:attachment":[{"href":"https:\/\/tonalibus.org\/de\/wp-json\/wp\/v2\/media?parent=26701"}],"curies":[{"name":"wp","href":"https:\/\/api.w.org\/{rel}","templated":true}]}}