{"id":2718,"date":"2020-07-17T08:47:15","date_gmt":"2020-07-17T06:47:15","guid":{"rendered":"https:\/\/tonalibus.org\/?page_id=2718"},"modified":"2026-02-08T20:53:01","modified_gmt":"2026-02-08T19:53:01","slug":"sounds","status":"publish","type":"page","link":"https:\/\/tonalibus.org\/de\/sounds\/","title":{"rendered":"Kl\u00e4nge"},"content":{"rendered":"<h2 class=\"wp-block-heading\" id=\"personal-and-cooperation-sound-samples\"><mark style=\"background-color:rgba(0, 0, 0, 0);color:#f7b320\" class=\"has-inline-color\">Pers\u00f6nliche und kooperative Tonbeispiele und Bilder<\/mark> <\/h2>\n\n\n\n<div class=\"wp-block-buttons is-horizontal is-content-justification-center is-layout-flex wp-container-core-buttons-is-layout-499968f5 wp-block-buttons-is-layout-flex\">\n<div class=\"wp-block-button is-style-outline is-style-outline--1\"><a class=\"wp-block-button__link wp-element-button\" href=\"https:\/\/tonalibus.org\/de\/sounds\/sounds-index\/\">Kl\u00e4nge-Index<\/a><\/div>\n\n\n\n<div class=\"wp-block-button is-style-outline is-style-outline--2\"><a class=\"wp-block-button__link wp-element-button\" href=\"https:\/\/tonalibus.org\/de\/sounds\/2026-sounds-and-images\/\">2026 Kl\u00e4nge und Bilder<\/a><\/div>\n\n\n\n<div class=\"wp-block-button is-style-outline is-style-outline--3\"><a class=\"wp-block-button__link wp-element-button\" href=\"https:\/\/tonalibus.org\/de\/sounds\/2025-sounds-and-images\/\">2025 Kl\u00e4nge und Bilder<\/a><\/div>\n\n\n\n<div class=\"wp-block-button is-style-outline is-style-outline--4\"><a class=\"wp-block-button__link wp-element-button\" href=\"https:\/\/tonalibus.org\/de\/sounds\/2024-sounds-and-images\/\">2024 Kl\u00e4nge und Bilder<\/a><\/div>\n\n\n\n<div class=\"wp-block-button is-style-outline is-style-outline--5\"><a class=\"wp-block-button__link wp-element-button\" href=\"https:\/\/tonalibus.org\/de\/sounds\/2023-sounds-and-images\/\">2023 Kl\u00e4nge und Bilder<\/a><\/div>\n\n\n\n<div class=\"wp-block-button is-style-outline is-style-outline--6\"><a class=\"wp-block-button__link wp-element-button\" href=\"https:\/\/tonalibus.org\/de\/sounds\/2022-sounds-and-images\/\">2022 Kl\u00e4nge und Bilder<\/a><\/div>\n\n\n\n<div class=\"wp-block-button is-style-outline is-style-outline--7\"><a class=\"wp-block-button__link wp-element-button\" href=\"https:\/\/tonalibus.org\/de\/sounds\/2021-sound-and-images\/\">2021 Kl\u00e4nge und Bilder<\/a><\/div>\n\n\n\n<div class=\"wp-block-button is-style-outline is-style-outline--8\"><a class=\"wp-block-button__link wp-element-button\" href=\"https:\/\/tonalibus.org\/de\/sounds\/2020-sound-and-images\/\">2020 Kl\u00e4nge und Bilder<\/a><\/div>\n\n\n\n<div class=\"wp-block-button is-style-outline is-style-outline--9\"><a class=\"wp-block-button__link wp-element-button\" href=\"#feat\">Ein paar Tonbeispiele<\/a><\/div>\n<\/div>\n\n\n\n<div style=\"height:12px\" aria-hidden=\"true\" class=\"wp-block-spacer\"><\/div>\n\n\n\n<div class=\"wp-block-buttons is-horizontal is-content-justification-center is-layout-flex wp-container-core-buttons-is-layout-499968f5 wp-block-buttons-is-layout-flex\">\n<div class=\"wp-block-button is-style-outline is-style-outline--10\"><a class=\"wp-block-button__link wp-element-button\" href=\"https:\/\/tonalibus.org\/de\/about-tonalibus\/ulrico\/personal-sound-samples\/cooperation-2020\/\">Zusammenarbeit 2020-2021 <\/a><\/div>\n\n\n\n<div class=\"wp-block-button is-style-outline is-style-outline--11\"><a class=\"wp-block-button__link wp-element-button\" href=\"https:\/\/tonalibus.org\/de\/about-tonalibus\/ulrico\/personal-sound-samples\/2014-before-tonalibus\/\">2014 (vor Tonalibus) <\/a><\/div>\n<\/div>\n\n\n\n<div style=\"height:40px\" aria-hidden=\"true\" class=\"wp-block-spacer\"><\/div>\n\n\n\n<p class=\"has-text-color\" style=\"color:#f7b320\">Hier, in <em>Kl\u00e4nge<\/em>,<em> <\/em>findest du pers\u00f6nliche und kooperative Tonbeispiele \u2013 spontane, originelle, oft mehrschichtige Improvisationen von <a href=\"https:\/\/tonalibus.org\/de\/about-tonalibus\/ulrico\/\"><mark style=\"background-color:rgba(0, 0, 0, 0);color:#f7b320\" class=\"has-inline-color\">Ulrico<\/mark><\/a>. Bei Kooperations-St\u00fccken mit Freunden sind deren Namen vermerkt. Viele dieser Aufnahmen existieren in zwei leicht unterschiedlichen Versionen. Die Hauptversion ist zum einmaligen Anh\u00f6ren gedacht. Die andere, die Loop-Version, ist oft speziell f\u00fcr das kontinuierliche Abspielen als Loop gedacht.  Ein Loop wird so lange spielen, bis gestoppt, du auf eine andere Seite im aktuellen Tab wechselst oder via Rechtsklick-Option des Browsers, falls vorhanden, Stopp am Ende des St\u00fccks w\u00e4hlst. Du k\u00f6nntest einen Loop als Ton-Mantra zur <a aria-label=\"undefiniert (\u00f6ffnet in einer neuen Registerkarte)\" href=\"https:\/\/de.wikipedia.org\/wiki\/Meditation\" target=\"_blank\" rel=\"noreferrer noopener\"><mark style=\"background-color:rgba(0, 0, 0, 0);color:#f7b320\" class=\"has-inline-color\">Meditation<\/mark><\/a> oder <a aria-label=\"undefiniert (\u00f6ffnet in einer neuen Registerkarte)\" href=\"https:\/\/de.wikipedia.org\/wiki\/Kontemplation\" target=\"_blank\" rel=\"noreferrer noopener\"><mark style=\"background-color:rgba(0, 0, 0, 0);color:#f7b320\" class=\"has-inline-color\">Kontemplation<\/mark><\/a>, zum Anheben und Fokussieren geniessen, oder einfach als beruhigenden Hintergrundton zur Entspannung und Regeneration.<\/p>\n\n\n\n<h2 class=\"wp-block-heading has-text-color\" id=\"feat\" style=\"color:#f7b320\">Ein paar Tonbeispiele<\/h2>\n\n\n\n<h3 class=\"wp-block-heading has-text-color\" style=\"color:#f7b320\">\u201cPhrygian HU\u201d \u2013 ein meditativer Blues<\/h3>\n\n\n\n<figure class=\"wp-block-audio\"><audio controls src=\"https:\/\/tonalibus.org\/wp-content\/uploads\/2022\/05\/2022-05-23-GGGTVCRO-sing.mp3\"><\/audio><figcaption class=\"wp-element-caption\"><a href=\"https:\/\/tonalibus.org\/de\/tonalities\/diatonic-heptatonalities\/phrygian\/\"><mark style=\"background-color:rgba(0, 0, 0, 0);color:#f7b320\" class=\"has-inline-color\">Phrygisch<\/mark><\/a><mark style=\"background-color:rgba(0, 0, 0, 0);color:#f7b320\" class=\"has-inline-color\"> \u2013 mehrfach 8-saitige Gitarre, Stimme, Crotales, Tanpura \u2013 Mai 2022 \u2013 10:20 \u2013  <\/mark><a href=\"https:\/\/tonalibus.org\/de\/sounds\/spring-2022-loops\/#phryghu\" target=\"_blank\" rel=\"noreferrer noopener\"><mark style=\"background-color:rgba(0, 0, 0, 0);color:#f7b320\" class=\"has-inline-color\">als Loop<\/mark><\/a><mark style=\"background-color:rgba(0, 0, 0, 0);color:#f7b320\" class=\"has-inline-color\"> auf separatem Tab<\/mark><\/figcaption><\/figure>\n\n\n\n<h3 class=\"wp-block-heading\" id=\"over-and-under-tone-presents\"><mark style=\"background-color:rgba(0, 0, 0, 0);color:#f7b320\" class=\"has-inline-color\">\u201cOver- and Under-Tone Presents\u201d<\/mark><\/h3>\n\n\n\n<figure class=\"wp-block-audio\"><audio controls src=\"https:\/\/tonalibus.org\/wp-content\/uploads\/2021\/03\/2021-03-04-FFFT.mp3\"><\/audio><figcaption class=\"wp-element-caption\"><mark style=\"background-color:rgba(0, 0, 0, 0);color:#f7b320\" class=\"has-inline-color\">Dreifach <\/mark><a href=\"https:\/\/de.wikipedia.org\/wiki\/Fujara\" target=\"_blank\" rel=\"noreferrer noopener\"><mark style=\"background-color:rgba(0, 0, 0, 0);color:#f7b320\" class=\"has-inline-color\">Fujara<\/mark><\/a><mark style=\"background-color:rgba(0, 0, 0, 0);color:#f7b320\" class=\"has-inline-color\"> und Tenor-Blockfl\u00f6te \u2013 M\u00e4rz 2021 \u2013 2:31 \u2013 unter <\/mark><a href=\"https:\/\/tonalibus.org\/de\/sounds\/spring-2021-loops\/#2103-up2\"><mark style=\"background-color:rgba(0, 0, 0, 0);color:#f7b320\" class=\"has-inline-color\">Fr\u00fchling 2021<\/mark><\/a><mark style=\"background-color:rgba(0, 0, 0, 0);color:#f7b320\" class=\"has-inline-color\"><mark style=\"background-color:rgba(0, 0, 0, 0);color:#f7b320\" class=\"has-inline-color\"><\/mark> als Loop verf\u00fcgbar<\/mark><\/figcaption><\/figure>\n\n\n\n<h3 class=\"wp-block-heading\" id=\"bluemix-syntropy-blues-mix-in-bluemix-tonality\"><mark style=\"background-color:rgba(0, 0, 0, 0);color:#f7b320\" class=\"has-inline-color\">\"BlueMix Syntropy\" \u2013 Blues-Mix in BlueMix-Tonalit\u00e4t<\/mark><\/h3>\n\n\n\n<figure id=\"Extra\" class=\"wp-block-audio\"><audio controls src=\"https:\/\/tonalibus.org\/wp-content\/uploads\/2021\/01\/2021-01-16-G-4-BLUEMIX.mp3\"><\/audio><figcaption class=\"wp-element-caption\"><a href=\"https:\/\/tonalibus.org\/de\/tonalities\/tritone-or-blues-tonalities\/bluemix\/\"><span style=\"color:#f7b320\" class=\"has-inline-color\">BlueMix<\/span><\/a><span style=\"color:#f7b320\" class=\"has-inline-color\"> \u2013 mehrfach 8-saitige Gitarre \u2013 Januar 2021 \u2013 5:54 \u2013 unter <\/span><a href=\"https:\/\/tonalibus.org\/de\/sounds\/winter-2020-2021-loops\/#21w-5\"><span style=\"color:#f7b320\" class=\"has-inline-color\">Winter 2020-2021<\/span><\/a><span style=\"color:#f7b320\" class=\"has-inline-color\"> als Loop verf\u00fcgbar \u2013 zugeh\u00f6riger Spiritualibus-Blog-Beitrag \"<\/span><a href=\"https:\/\/tonalibus.org\/de\/2021\/01\/20\/for-good-and-soul\/\"><span style=\"color:#f7b320\" class=\"has-inline-color\">F\u00fcr gut und Seele<\/span><\/a><span style=\"color:#f7b320\" class=\"has-inline-color\">\u201d<\/span><\/figcaption><\/figure>\n\n\n\n<h3 class=\"wp-block-heading has-text-color\" id=\"dear-god\" style=\"color:#f7b320\">\u201cCourage it takes\u201d \u2013 ein sprachliches Audio-Medley<\/h3>\n\n\n\n<figure class=\"wp-block-audio\"><audio controls src=\"https:\/\/tonalibus.org\/wp-content\/uploads\/2022\/02\/2022-02-01-COURAGE-X.mp3\"><\/audio><figcaption class=\"wp-element-caption\"><mark><mark style=\"background-color:rgba(0, 0, 0, 0);color:#f7b320\" class=\"has-inline-color\">Vierfach kanonische Stimme, viersprachig Englisch, Deutsch, Franz\u00f6sisch, Italienisch \u2013 Februar 2022 \u2013 2:53 \u2013 Text im Spiritualibus-Blog-Post \u201c<\/mark><mark><a href=\"https:\/\/tonalibus.org\/de\/2022\/01\/12\/courage-it-takes\/\"><mark style=\"background-color:rgba(0, 0, 0, 0);color:#f7b320\" class=\"has-inline-color\">Es braucht Mut<\/mark><\/a><\/mark><mark style=\"background-color:rgba(0, 0, 0, 0);color:#f7b320\" class=\"has-inline-color\">\u201d (Sprachauswahl \u00fcber Flagge links unten)<\/mark><\/mark><\/figcaption><\/figure>\n\n\n\n<div style=\"height:81px\" aria-hidden=\"true\" class=\"wp-block-spacer\"><\/div>\n\n\n<div class=\"wp-block-image is-resized\">\n<figure class=\"aligncenter size-large\"><img loading=\"lazy\" decoding=\"async\" width=\"1024\" height=\"544\" src=\"https:\/\/tonalibus.org\/wp-content\/uploads\/2021\/03\/IMG_2850-xc-z-1024x544.jpg\" alt=\"IMG_2850 xc z - Sounds\" class=\"wp-image-10190\" srcset=\"https:\/\/tonalibus.org\/wp-content\/uploads\/2021\/03\/IMG_2850-xc-z-1024x544.jpg 1024w, https:\/\/tonalibus.org\/wp-content\/uploads\/2021\/03\/IMG_2850-xc-z-300x159.jpg 300w, https:\/\/tonalibus.org\/wp-content\/uploads\/2021\/03\/IMG_2850-xc-z-768x408.jpg 768w, https:\/\/tonalibus.org\/wp-content\/uploads\/2021\/03\/IMG_2850-xc-z-1536x816.jpg 1536w, https:\/\/tonalibus.org\/wp-content\/uploads\/2021\/03\/IMG_2850-xc-z-16x8.jpg 16w, https:\/\/tonalibus.org\/wp-content\/uploads\/2021\/03\/IMG_2850-xc-z-1320x701.jpg 1320w, https:\/\/tonalibus.org\/wp-content\/uploads\/2021\/03\/IMG_2850-xc-z.jpg 2015w\" sizes=\"auto, (max-width: 706px) 89vw, (max-width: 767px) 82vw, 740px\" \/><figcaption class=\"wp-element-caption\">Birke und dar\u00fcber hinaus, der Horizont der majest\u00e4tischen Alpen - bei Gr\u00e4chwil\/Meikirch, Schweiz - M\u00e4rz 2020<\/figcaption><\/figure>\n<\/div>","protected":false},"excerpt":{"rendered":"<p>Pers\u00f6nliche und kooperative Klangbeispiele und Bilder Hier, in Sounds, findest du pers\u00f6nliche und kooperative Klangbeispiele - spontane, originelle, oft vielschichtige Improvisationen von Ulrico. Bei Samples, die in Zusammenarbeit mit Freunden entstanden sind, sind deren Namen vermerkt. Viele dieser Aufnahmen gibt es in zwei leicht unterschiedlichen Versionen. Die eine ist f\u00fcr das H\u00f6ren in einem Durchgang gedacht. W\u00e4hrend die andere, ... <\/p>\n<p class=\"link-more\"><a href=\"https:\/\/tonalibus.org\/de\/sounds\/\" class=\"more-link\"><span class=\"screen-reader-text\">\"Ger\u00e4usche\"<\/span> weiterlesen<\/a><\/p>","protected":false},"author":1,"featured_media":0,"parent":0,"menu_order":5,"comment_status":"closed","ping_status":"closed","template":"","meta":{"footnotes":""},"class_list":["post-2718","page","type-page","status-publish","hentry"],"yoast_head":"<!-- This site is optimized with the Yoast SEO plugin v27.5 - https:\/\/yoast.com\/product\/yoast-seo-wordpress\/ -->\n<title>Sounds &#8211; TONALIBUS, Anchored Harmony and Tonalities<\/title>\n<meta name=\"description\" content=\"Sounds, personal sound samples \u2013 original, looping improvisations that may be used as sound mantra for meditation or contemplation.\" \/>\n<meta name=\"robots\" content=\"index, follow, max-snippet:-1, max-image-preview:large, max-video-preview:-1\" \/>\n<link rel=\"canonical\" href=\"https:\/\/tonalibus.org\/de\/sounds\/\" \/>\n<meta property=\"og:locale\" content=\"de_DE\" \/>\n<meta property=\"og:type\" content=\"article\" \/>\n<meta property=\"og:title\" content=\"Sounds &#8211; TONALIBUS, Anchored Harmony and Tonalities\" \/>\n<meta property=\"og:description\" content=\"Sounds, personal sound samples \u2013 original, looping improvisations that may be used as sound mantra for meditation or contemplation.\" \/>\n<meta property=\"og:url\" content=\"https:\/\/tonalibus.org\/de\/sounds\/\" \/>\n<meta property=\"og:site_name\" content=\"TONALIBUS\" \/>\n<meta property=\"article:modified_time\" content=\"2026-02-08T19:53:01+00:00\" \/>\n<meta property=\"og:image\" content=\"https:\/\/tonalibus.org\/wp-content\/uploads\/2021\/03\/IMG_2850-xc-z.jpg\" \/>\n\t<meta property=\"og:image:width\" content=\"2015\" \/>\n\t<meta property=\"og:image:height\" content=\"1070\" \/>\n\t<meta property=\"og:image:type\" content=\"image\/jpeg\" \/>\n<meta name=\"twitter:card\" content=\"summary_large_image\" \/>\n<script type=\"application\/ld+json\" class=\"yoast-schema-graph\">{\"@context\":\"https:\\\/\\\/schema.org\",\"@graph\":[{\"@type\":\"WebPage\",\"@id\":\"https:\\\/\\\/tonalibus.org\\\/sounds\\\/\",\"url\":\"https:\\\/\\\/tonalibus.org\\\/sounds\\\/\",\"name\":\"Sounds &#8211; TONALIBUS, Anchored Harmony and Tonalities\",\"isPartOf\":{\"@id\":\"https:\\\/\\\/tonalibus.org\\\/de\\\/#website\"},\"primaryImageOfPage\":{\"@id\":\"https:\\\/\\\/tonalibus.org\\\/sounds\\\/#primaryimage\"},\"image\":{\"@id\":\"https:\\\/\\\/tonalibus.org\\\/sounds\\\/#primaryimage\"},\"thumbnailUrl\":\"https:\\\/\\\/tonalibus.org\\\/wp-content\\\/uploads\\\/2021\\\/03\\\/IMG_2850-xc-z-1024x544.jpg\",\"datePublished\":\"2020-07-17T06:47:15+00:00\",\"dateModified\":\"2026-02-08T19:53:01+00:00\",\"description\":\"Sounds, personal sound samples \u2013 original, looping improvisations that may be used as sound mantra for meditation or contemplation.\",\"breadcrumb\":{\"@id\":\"https:\\\/\\\/tonalibus.org\\\/sounds\\\/#breadcrumb\"},\"inLanguage\":\"de-CH\",\"potentialAction\":[{\"@type\":\"ReadAction\",\"target\":[\"https:\\\/\\\/tonalibus.org\\\/sounds\\\/\"]}]},{\"@type\":\"ImageObject\",\"inLanguage\":\"de-CH\",\"@id\":\"https:\\\/\\\/tonalibus.org\\\/sounds\\\/#primaryimage\",\"url\":\"https:\\\/\\\/tonalibus.org\\\/wp-content\\\/uploads\\\/2021\\\/03\\\/IMG_2850-xc-z-1024x544.jpg\",\"contentUrl\":\"https:\\\/\\\/tonalibus.org\\\/wp-content\\\/uploads\\\/2021\\\/03\\\/IMG_2850-xc-z-1024x544.jpg\"},{\"@type\":\"BreadcrumbList\",\"@id\":\"https:\\\/\\\/tonalibus.org\\\/sounds\\\/#breadcrumb\",\"itemListElement\":[{\"@type\":\"ListItem\",\"position\":1,\"name\":\"Home\",\"item\":\"https:\\\/\\\/tonalibus.org\\\/\"},{\"@type\":\"ListItem\",\"position\":2,\"name\":\"Sounds\"}]},{\"@type\":\"WebSite\",\"@id\":\"https:\\\/\\\/tonalibus.org\\\/de\\\/#website\",\"url\":\"https:\\\/\\\/tonalibus.org\\\/de\\\/\",\"name\":\"TONALIBUS\",\"description\":\"Anchored Harmony and Tonalities\",\"publisher\":{\"@id\":\"https:\\\/\\\/tonalibus.org\\\/de\\\/#\\\/schema\\\/person\\\/749261d7bc96d1f00127273f83ab96a4\"},\"potentialAction\":[{\"@type\":\"SearchAction\",\"target\":{\"@type\":\"EntryPoint\",\"urlTemplate\":\"https:\\\/\\\/tonalibus.org\\\/de\\\/?s={search_term_string}\"},\"query-input\":{\"@type\":\"PropertyValueSpecification\",\"valueRequired\":true,\"valueName\":\"search_term_string\"}}],\"inLanguage\":\"de-CH\"},{\"@type\":[\"Person\",\"Organization\"],\"@id\":\"https:\\\/\\\/tonalibus.org\\\/de\\\/#\\\/schema\\\/person\\\/749261d7bc96d1f00127273f83ab96a4\",\"name\":\"Ulrico\",\"image\":{\"@type\":\"ImageObject\",\"inLanguage\":\"de-CH\",\"@id\":\"https:\\\/\\\/tonalibus.org\\\/wp-content\\\/uploads\\\/2020\\\/06\\\/uli-pix.jpg\",\"url\":\"https:\\\/\\\/tonalibus.org\\\/wp-content\\\/uploads\\\/2020\\\/06\\\/uli-pix.jpg\",\"contentUrl\":\"https:\\\/\\\/tonalibus.org\\\/wp-content\\\/uploads\\\/2020\\\/06\\\/uli-pix.jpg\",\"width\":960,\"height\":720,\"caption\":\"Ulrico\"},\"logo\":{\"@id\":\"https:\\\/\\\/tonalibus.org\\\/wp-content\\\/uploads\\\/2020\\\/06\\\/uli-pix.jpg\"},\"sameAs\":[\"https:\\\/\\\/tonalibus.cyon.site\"]}]}<\/script>\n<!-- \/ Yoast SEO plugin. -->","yoast_head_json":{"title":"Kl\u00e4nge - TONALIBUS, Verankerte Harmonie und Tonalit\u00e4ten","description":"Sounds, pers\u00f6nliche Klangbeispiele - originelle, geloopte Improvisationen, die als Klangmantra f\u00fcr Meditation oder Kontemplation verwendet werden k\u00f6nnen.","robots":{"index":"index","follow":"follow","max-snippet":"max-snippet:-1","max-image-preview":"max-image-preview:large","max-video-preview":"max-video-preview:-1"},"canonical":"https:\/\/tonalibus.org\/de\/sounds\/","og_locale":"de_DE","og_type":"article","og_title":"Sounds &#8211; TONALIBUS, Anchored Harmony and Tonalities","og_description":"Sounds, personal sound samples \u2013 original, looping improvisations that may be used as sound mantra for meditation or contemplation.","og_url":"https:\/\/tonalibus.org\/de\/sounds\/","og_site_name":"TONALIBUS","article_modified_time":"2026-02-08T19:53:01+00:00","og_image":[{"width":2015,"height":1070,"url":"https:\/\/tonalibus.org\/wp-content\/uploads\/2021\/03\/IMG_2850-xc-z.jpg","type":"image\/jpeg"}],"twitter_card":"summary_large_image","schema":{"@context":"https:\/\/schema.org","@graph":[{"@type":"WebPage","@id":"https:\/\/tonalibus.org\/sounds\/","url":"https:\/\/tonalibus.org\/sounds\/","name":"Kl\u00e4nge - TONALIBUS, Verankerte Harmonie und Tonalit\u00e4ten","isPartOf":{"@id":"https:\/\/tonalibus.org\/de\/#website"},"primaryImageOfPage":{"@id":"https:\/\/tonalibus.org\/sounds\/#primaryimage"},"image":{"@id":"https:\/\/tonalibus.org\/sounds\/#primaryimage"},"thumbnailUrl":"https:\/\/tonalibus.org\/wp-content\/uploads\/2021\/03\/IMG_2850-xc-z-1024x544.jpg","datePublished":"2020-07-17T06:47:15+00:00","dateModified":"2026-02-08T19:53:01+00:00","description":"Sounds, pers\u00f6nliche Klangbeispiele - originelle, geloopte Improvisationen, die als Klangmantra f\u00fcr Meditation oder Kontemplation verwendet werden k\u00f6nnen.","breadcrumb":{"@id":"https:\/\/tonalibus.org\/sounds\/#breadcrumb"},"inLanguage":"de-CH","potentialAction":[{"@type":"ReadAction","target":["https:\/\/tonalibus.org\/sounds\/"]}]},{"@type":"ImageObject","inLanguage":"de-CH","@id":"https:\/\/tonalibus.org\/sounds\/#primaryimage","url":"https:\/\/tonalibus.org\/wp-content\/uploads\/2021\/03\/IMG_2850-xc-z-1024x544.jpg","contentUrl":"https:\/\/tonalibus.org\/wp-content\/uploads\/2021\/03\/IMG_2850-xc-z-1024x544.jpg"},{"@type":"BreadcrumbList","@id":"https:\/\/tonalibus.org\/sounds\/#breadcrumb","itemListElement":[{"@type":"ListItem","position":1,"name":"Home","item":"https:\/\/tonalibus.org\/"},{"@type":"ListItem","position":2,"name":"Sounds"}]},{"@type":"WebSite","@id":"https:\/\/tonalibus.org\/de\/#website","url":"https:\/\/tonalibus.org\/de\/","name":"TONALIBUS","description":"Verankerte Harmonie und Tonalit\u00e4ten","publisher":{"@id":"https:\/\/tonalibus.org\/de\/#\/schema\/person\/749261d7bc96d1f00127273f83ab96a4"},"potentialAction":[{"@type":"SearchAction","target":{"@type":"EntryPoint","urlTemplate":"https:\/\/tonalibus.org\/de\/?s={search_term_string}"},"query-input":{"@type":"PropertyValueSpecification","valueRequired":true,"valueName":"search_term_string"}}],"inLanguage":"de-CH"},{"@type":["Person","Organization"],"@id":"https:\/\/tonalibus.org\/de\/#\/schema\/person\/749261d7bc96d1f00127273f83ab96a4","name":"Ulrico","image":{"@type":"ImageObject","inLanguage":"de-CH","@id":"https:\/\/tonalibus.org\/wp-content\/uploads\/2020\/06\/uli-pix.jpg","url":"https:\/\/tonalibus.org\/wp-content\/uploads\/2020\/06\/uli-pix.jpg","contentUrl":"https:\/\/tonalibus.org\/wp-content\/uploads\/2020\/06\/uli-pix.jpg","width":960,"height":720,"caption":"Ulrico"},"logo":{"@id":"https:\/\/tonalibus.org\/wp-content\/uploads\/2020\/06\/uli-pix.jpg"},"sameAs":["https:\/\/tonalibus.cyon.site"]}]}},"_links":{"self":[{"href":"https:\/\/tonalibus.org\/de\/wp-json\/wp\/v2\/pages\/2718","targetHints":{"allow":["GET"]}}],"collection":[{"href":"https:\/\/tonalibus.org\/de\/wp-json\/wp\/v2\/pages"}],"about":[{"href":"https:\/\/tonalibus.org\/de\/wp-json\/wp\/v2\/types\/page"}],"author":[{"embeddable":true,"href":"https:\/\/tonalibus.org\/de\/wp-json\/wp\/v2\/users\/1"}],"replies":[{"embeddable":true,"href":"https:\/\/tonalibus.org\/de\/wp-json\/wp\/v2\/comments?post=2718"}],"version-history":[{"count":2,"href":"https:\/\/tonalibus.org\/de\/wp-json\/wp\/v2\/pages\/2718\/revisions"}],"predecessor-version":[{"id":38375,"href":"https:\/\/tonalibus.org\/de\/wp-json\/wp\/v2\/pages\/2718\/revisions\/38375"}],"wp:attachment":[{"href":"https:\/\/tonalibus.org\/de\/wp-json\/wp\/v2\/media?parent=2718"}],"curies":[{"name":"wp","href":"https:\/\/api.w.org\/{rel}","templated":true}]}}