{"id":27291,"date":"2023-09-04T19:13:56","date_gmt":"2023-09-04T17:13:56","guid":{"rendered":"https:\/\/tonalibus.org\/?page_id=27291"},"modified":"2023-12-24T12:39:18","modified_gmt":"2023-12-24T11:39:18","slug":"tonalities-selection","status":"publish","type":"page","link":"https:\/\/tonalibus.org\/de\/shop\/tonalities-selection\/","title":{"rendered":"Tonalit\u00e4ten-Wahl"},"content":{"rendered":"<div class=\"wp-block-buttons is-content-justification-center is-layout-flex wp-container-core-buttons-is-layout-16018d1d wp-block-buttons-is-layout-flex\">\n<div class=\"wp-block-button is-style-outline is-style-outline--1\"><a class=\"wp-block-button__link wp-element-button\" href=\"#base\">Harmonische Basis<\/a><\/div>\n\n\n\n<div class=\"wp-block-button is-style-outline is-style-outline--2\"><a class=\"wp-block-button__link wp-element-button\" href=\"#penta\">Pentatonalit\u00e4ten-Wahl<\/a><\/div>\n\n\n\n<div class=\"wp-block-button is-style-outline is-style-outline--3\"><a class=\"wp-block-button__link wp-element-button\" href=\"#hepta\">Heptatonalit\u00e4ten-Wahl<\/a><\/div>\n<\/div>\n\n\n\n<div style=\"height:50px\" aria-hidden=\"true\" class=\"wp-block-spacer\"><\/div>\n\n\n\n<p class=\"has-text-color\" style=\"color:#f7b320\">Die verschiedenen Schritte zur Tonalit\u00e4ten-Wahl bauen sukzessive aufeinander auf. Auf Grund der von dir gew\u00e4hlten <a href=\"https:\/\/tonalibus.org\/de\/shop\/sound-as-mantra\/#pitch\"><mark style=\"background-color:rgba(0, 0, 0, 0);color:#f7b320\" class=\"has-inline-color\">pers\u00f6nlichen Grundton-H\u00f6he<\/mark><\/a>, kannst du die resultierende harmonische Basis \u00fcberpr\u00fcfen und dann individuelle Tonalit\u00e4ten formen, ausgerichtet auf Pentatonalit\u00e4ten und Heptatonalit\u00e4ten, harmonisch verankerte Tonalit\u00e4ten im <a href=\"https:\/\/tonalibus.org\/de\/tonalities\/\"><mark style=\"background-color:rgba(0, 0, 0, 0);color:#f7b320\" class=\"has-inline-color\">Tonalibus-Katalog<\/mark><\/a> \u2013 frei und unbefangen. <\/p>\n\n\n\n<h2 class=\"wp-block-heading has-text-color\" id=\"base\" style=\"color:#f7b320\">\u00dcberpr\u00fcfung der harmonischen Basis (vor Tonalit\u00e4ten-Wahl)<\/h2>\n\n\n\n<p class=\"has-text-color\" style=\"color:#f7b320\">Klicke auf deine Grundton-H\u00f6he zur \u00dcberpr\u00fcfung der entsprechenden harmonischen Basis.<\/p>\n\n\n\n<div class=\"wp-block-buttons is-content-justification-center is-layout-flex wp-container-core-buttons-is-layout-16018d1d wp-block-buttons-is-layout-flex\">\n<div class=\"wp-block-button is-style-outline is-style-outline--4\"><a class=\"wp-block-button__link wp-element-button\" href=\"https:\/\/tonalibus.org\/de\/cis-harmonic-base\/\">C#<\/a><\/div>\n\n\n\n<div class=\"wp-block-button is-style-outline is-style-outline--5\"><a class=\"wp-block-button__link wp-element-button\" href=\"https:\/\/tonalibus.org\/de\/shop\/sound-as-mantra\/individual-tonalities\/d-harmonic-base\/\">D<\/a><\/div>\n\n\n\n<div class=\"wp-block-button is-style-outline is-style-outline--6\"><a class=\"wp-block-button__link wp-element-button\" href=\"https:\/\/tonalibus.org\/de\/shop\/sound-as-mantra\/individual-tonalities\/dis-harmonic-base\/\">D#<\/a><\/div>\n\n\n\n<div class=\"wp-block-button is-style-outline is-style-outline--7\"><a class=\"wp-block-button__link wp-element-button\" href=\"https:\/\/tonalibus.org\/de\/shop\/sound-as-mantra\/individual-tonalities\/e-harmonic-base\/\">E<\/a><\/div>\n\n\n\n<div class=\"wp-block-button is-style-outline is-style-outline--8\"><a class=\"wp-block-button__link wp-element-button\" href=\"https:\/\/tonalibus.org\/de\/shop\/sound-as-mantra\/individual-tonalities\/f-harmonic-base\/\">F<\/a><\/div>\n\n\n\n<div class=\"wp-block-button is-style-outline is-style-outline--9\"><a class=\"wp-block-button__link wp-element-button\" href=\"https:\/\/tonalibus.org\/de\/shop\/sound-as-mantra\/individual-tonalities\/fis-harmonic-base\/\">F#<\/a><\/div>\n\n\n\n<div class=\"wp-block-button is-style-outline is-style-outline--10\"><a class=\"wp-block-button__link wp-element-button\" href=\"https:\/\/tonalibus.org\/de\/shop\/sound-as-mantra\/individual-tonalities\/g-harmonic-base\/\">G<\/a><\/div>\n\n\n\n<div class=\"wp-block-button is-style-outline is-style-outline--11\"><a class=\"wp-block-button__link wp-element-button\" href=\"https:\/\/tonalibus.org\/de\/shop\/sound-as-mantra\/individual-tonalities\/gis-harmonic-base\/\">G#<\/a><\/div>\n\n\n\n<div class=\"wp-block-button is-style-outline is-style-outline--12\"><a class=\"wp-block-button__link wp-element-button\" href=\"https:\/\/tonalibus.org\/de\/shop\/sound-as-mantra\/individual-tonalities\/a-harmonic-base\/\">A<\/a><\/div>\n\n\n\n<div class=\"wp-block-button is-style-outline is-style-outline--13\"><a class=\"wp-block-button__link wp-element-button\" href=\"https:\/\/tonalibus.org\/de\/shop\/sound-as-mantra\/individual-tonalities\/ais-harmonic-base\/\">A#<\/a><\/div>\n\n\n\n<div class=\"wp-block-button is-style-outline is-style-outline--14\"><a class=\"wp-block-button__link wp-element-button\" href=\"https:\/\/tonalibus.org\/de\/shop\/sound-as-mantra\/individual-tonalities\/b-harmonic-base\/\">H<\/a><\/div>\n\n\n\n<div class=\"wp-block-button is-style-outline is-style-outline--15\"><a class=\"wp-block-button__link wp-element-button\" href=\"https:\/\/tonalibus.org\/de\/shop\/sound-as-mantra\/individual-tonalities\/c-harmonic-base\/\">C<\/a><\/div>\n<\/div>\n\n\n\n<div style=\"height:45px\" aria-hidden=\"true\" class=\"wp-block-spacer\"><\/div>\n\n\n\n<p class=\"has-text-color\" style=\"color:#f7b320\">Die harmonische Basis einer Tonalit\u00e4t ist ihr Grundton zusammen mit ihrer Quinte, dem ersten Oberton, der nicht eine Oktave des Grundtons ist. Deine pers\u00f6nliche Grundton-H\u00f6he k\u00f6nnte durchaus der Grundton deiner individuellen Tonalit\u00e4ten sein. Wenn du jedoch bei der \u00dcberpr\u00fcfung deiner harmonischen Basis die Quarte der Quinte vorgezogen hast, dann wird die Quarte, durch das <a href=\"https:\/\/tonalibus.org\/de\/concepts\/glossary\/#miracle\"><mark style=\"background-color:rgba(0, 0, 0, 0);color:#f7b320\" class=\"has-inline-color\">Wunder der Natur<\/mark><\/a>, zum Grundton deiner individuellen Tonalit\u00e4ten, und deine pers\u00f6nliche Grundton-H\u00f6he wird zu deren Quinte. <\/p>\n\n\n\n<h2 class=\"wp-block-heading has-text-color\" id=\"penta\" style=\"color:#f7b320\">Individuelle Pentatonalit\u00e4ten-Wahl <\/h2>\n\n\n\n<p class=\"has-text-color\" style=\"color:#f7b320\">Klicke auf deine harmonische Basis zur Wahl entsprechender individueller Pentatonalit\u00e4ten.<\/p>\n\n\n\n<div class=\"wp-block-buttons is-content-justification-center is-layout-flex wp-container-core-buttons-is-layout-16018d1d wp-block-buttons-is-layout-flex\">\n<div class=\"wp-block-button is-style-outline is-style-outline--16\"><a class=\"wp-block-button__link wp-element-button\" href=\"https:\/\/tonalibus.org\/de\/shop\/tonalities-selection\/cis-gis-based-pentatonality\/\">C# \/ G#<\/a><\/div>\n\n\n\n<div class=\"wp-block-button is-style-outline is-style-outline--17\"><a class=\"wp-block-button__link wp-element-button\" href=\"https:\/\/tonalibus.org\/de\/shop\/tonalities-selection\/d-a-based-pentatonality\/\">D \/ A<\/a><\/div>\n\n\n\n<div class=\"wp-block-button is-style-outline is-style-outline--18\"><a class=\"wp-block-button__link wp-element-button\" href=\"https:\/\/tonalibus.org\/de\/shop\/tonalities-selection\/dis-ais-based-pentatonality\/\">D# \/ A#<\/a><\/div>\n\n\n\n<div class=\"wp-block-button is-style-outline is-style-outline--19\"><a class=\"wp-block-button__link wp-element-button\" href=\"https:\/\/tonalibus.org\/de\/shop\/tonalities-selection\/e-b-based-pentatonality\/\">E \/ H<\/a><\/div>\n\n\n\n<div class=\"wp-block-button is-style-outline is-style-outline--20\"><a class=\"wp-block-button__link wp-element-button\" href=\"https:\/\/tonalibus.org\/de\/shop\/tonalities-selection\/f-c-based-pentatonality\/\">F \/ C<\/a><\/div>\n\n\n\n<div class=\"wp-block-button is-style-outline is-style-outline--21\"><a class=\"wp-block-button__link wp-element-button\" href=\"https:\/\/tonalibus.org\/de\/shop\/tonalities-selection\/fis-cis-based-pentatonality\/\">F# \/ C#<\/a><\/div>\n\n\n\n<div class=\"wp-block-button is-style-outline is-style-outline--22\"><a class=\"wp-block-button__link wp-element-button\" href=\"https:\/\/tonalibus.org\/de\/shop\/tonalities-selection\/g-d-based-pentatonality\/\">G \/ D<\/a><\/div>\n\n\n\n<div class=\"wp-block-button is-style-outline is-style-outline--23\"><a class=\"wp-block-button__link wp-element-button\" href=\"https:\/\/tonalibus.org\/de\/shop\/tonalities-selection\/gis-dis-based-pentatonality\/\">G# \/ D#<\/a><\/div>\n\n\n\n<div class=\"wp-block-button is-style-outline is-style-outline--24\"><a class=\"wp-block-button__link wp-element-button\" href=\"https:\/\/tonalibus.org\/de\/shop\/tonalities-selection\/a-e-based-pentatonality\/\">A \/ E<\/a><\/div>\n\n\n\n<div class=\"wp-block-button is-style-outline is-style-outline--25\"><a class=\"wp-block-button__link wp-element-button\" href=\"https:\/\/tonalibus.org\/de\/shop\/tonalities-selection\/ais-f-based-pentatonality\/\">A# \/ F<\/a><\/div>\n\n\n\n<div class=\"wp-block-button is-style-outline is-style-outline--26\"><a class=\"wp-block-button__link wp-element-button\" href=\"https:\/\/tonalibus.org\/de\/shop\/tonalities-selection\/b-fis-based-pentatonality\/\">H \/ F#<\/a><\/div>\n\n\n\n<div class=\"wp-block-button is-style-outline is-style-outline--27\"><a class=\"wp-block-button__link wp-element-button\" href=\"https:\/\/tonalibus.org\/de\/shop\/tonalities-selection\/c-g-based-pentatonality\/\">C \/ G<\/a><\/div>\n<\/div>\n\n\n\n<div style=\"height:45px\" aria-hidden=\"true\" class=\"wp-block-spacer\"><\/div>\n\n\n\n<p class=\"has-text-color\" style=\"color:#f7b320\">Pentatonalit\u00e4ten haben f\u00fcnf Tonh\u00f6hen pro Oktave. Die <a href=\"#base\"><mark style=\"background-color:rgba(0, 0, 0, 0);color:#f7b320\" class=\"has-inline-color\">harmonische Basis<\/mark><\/a> besteht aus zwei Tonh\u00f6hen. Um eine individuelle Pentatonalit\u00e4t zu w\u00e4hlen, brauchst du also drei weitere Tonh\u00f6hen. Bei Basis-Pentatonalit\u00e4ten ist das eine im oberen und zwei im unteren Teil der Oktave. Und bei erweiterten Pentatonalit\u00e4ten sind es eine im unteren und zwei im oberen Teil der Oktave, mit einer Ausnahme. Wenn also zwei f\u00fcr einen Teil, dann nur eine f\u00fcr den anderen. <\/p>\n\n\n\n<h2 class=\"wp-block-heading has-text-color\" id=\"hepta\" style=\"color:#f7b320\">Individuelle Heptatonalit\u00e4ten-Wahl<\/h2>\n\n\n\n<p class=\"has-text-color has-link-color wp-elements-960bd2c0cf47f57ca62e1ed20c446180\" style=\"color:#f7b320\">Die Wahl erst einer individuellen Pentatonalit\u00e4t und dann deren Erweiterung zu einer individuellen Heptatonalit\u00e4t kann die Auswahl der Tonh\u00f6hen von Heptatonalit\u00e4ten erheblich vereinfachen.<\/p>\n\n\n\n<p class=\"has-text-color has-link-color wp-elements-89a09033264c94108eb3358ee216684c\" style=\"color:#f7b320\">Klicke auf deine harmonische Basis zur Wahl entsprechender individueller Heptatonalit\u00e4ten.<\/p>\n\n\n\n<div class=\"wp-block-buttons is-content-justification-center is-layout-flex wp-container-core-buttons-is-layout-16018d1d wp-block-buttons-is-layout-flex\">\n<div class=\"wp-block-button is-style-outline is-style-outline--28\"><a class=\"wp-block-button__link wp-element-button\" href=\"https:\/\/tonalibus.org\/de\/shop\/tonalities-selection\/cis-gis-based-heptatonalities\/\">C# \/ G#<\/a><\/div>\n\n\n\n<div class=\"wp-block-button is-style-outline is-style-outline--29\"><a class=\"wp-block-button__link wp-element-button\" href=\"https:\/\/tonalibus.org\/de\/shop\/tonalities-selection\/d-a-based-heptatonalities\/\">D \/ A<\/a><\/div>\n\n\n\n<div class=\"wp-block-button is-style-outline is-style-outline--30\"><a class=\"wp-block-button__link wp-element-button\" href=\"https:\/\/tonalibus.org\/de\/shop\/tonalities-selection\/dis-ais-based-heptatonalities\/\">D# \/ A#<\/a><\/div>\n\n\n\n<div class=\"wp-block-button is-style-outline is-style-outline--31\"><a class=\"wp-block-button__link wp-element-button\" href=\"https:\/\/tonalibus.org\/de\/shop\/tonalities-selection\/e-b-based-heptatonalities\/\">E \/ H<\/a><\/div>\n\n\n\n<div class=\"wp-block-button is-style-outline is-style-outline--32\"><a class=\"wp-block-button__link wp-element-button\" href=\"https:\/\/tonalibus.org\/de\/shop\/tonalities-selection\/f-c-based-heptatonalities\/\">F \/ C<\/a><\/div>\n\n\n\n<div class=\"wp-block-button is-style-outline is-style-outline--33\"><a class=\"wp-block-button__link wp-element-button\" href=\"https:\/\/tonalibus.org\/de\/shop\/tonalities-selection\/fis-cis-based-heptatonalities\/\">F# \/ C#<\/a><\/div>\n\n\n\n<div class=\"wp-block-button is-style-outline is-style-outline--34\"><a class=\"wp-block-button__link wp-element-button\" href=\"https:\/\/tonalibus.org\/de\/shop\/tonalities-selection\/g-d-based-heptatonalities\/\">G \/ D<\/a><\/div>\n\n\n\n<div class=\"wp-block-button is-style-outline is-style-outline--35\"><a class=\"wp-block-button__link wp-element-button\" href=\"https:\/\/tonalibus.org\/de\/shop\/tonalities-selection\/gis-dis-based-heptatonalities\/\">G# \/ D#<\/a><\/div>\n\n\n\n<div class=\"wp-block-button is-style-outline is-style-outline--36\"><a class=\"wp-block-button__link wp-element-button\" href=\"https:\/\/tonalibus.org\/de\/shop\/tonalities-selection\/a-e-based-heptatonalities\/\">A \/ E<\/a><\/div>\n\n\n\n<div class=\"wp-block-button is-style-outline is-style-outline--37\"><a class=\"wp-block-button__link wp-element-button\" href=\"https:\/\/tonalibus.org\/de\/shop\/tonalities-selection\/ais-f-based-heptatonalities\/\">A# \/ F<\/a><\/div>\n\n\n\n<div class=\"wp-block-button is-style-outline is-style-outline--38\"><a class=\"wp-block-button__link wp-element-button\" href=\"https:\/\/tonalibus.org\/de\/shop\/tonalities-selection\/b-fis-based-heptatonalities\/\">H \/ F#<\/a><\/div>\n\n\n\n<div class=\"wp-block-button is-style-outline is-style-outline--39\"><a class=\"wp-block-button__link wp-element-button\" href=\"https:\/\/tonalibus.org\/de\/shop\/tonalities-selection\/c-g-based-heptatonalities\/\">C \/ G<\/a><\/div>\n<\/div>\n\n\n\n<div style=\"height:45px\" aria-hidden=\"true\" class=\"wp-block-spacer\"><\/div>\n\n\n\n<p class=\"has-text-color has-link-color wp-elements-0c3e8236d71d1b8b7f70072b86466096\" style=\"color:#f7b320\">Heptatonalit\u00e4ten haben sieben Tonh\u00f6hen pro Oktave. Die harmonische Basis besteht aus zwei Tonh\u00f6hen. Um eine individuelle Heptatonalit\u00e4t zu bilden, braucht man also f\u00fcnf weitere Tonh\u00f6hen. Das sind zwei im oberen und drei im unteren Teil der Oktave. Diatonische und geb\u00fcndelte oder melodische Heptatonalit\u00e4ten bestehen aus Halb- und Ganztonschritten, w\u00e4hrend Reach oder harmonische und Tritonus- oder Blues-Heptatonalit\u00e4ten zudem auch ein oder zwei Reach-Schritte oder \u00fcberm\u00e4ssige Sekunden enthalten.<\/p>\n\n\n\n<div style=\"height:50px\" aria-hidden=\"true\" class=\"wp-block-spacer\"><\/div>\n\n\n<div class=\"wp-block-image\">\n<figure class=\"aligncenter size-full is-resized\"><img loading=\"lazy\" decoding=\"async\" width=\"542\" height=\"542\" src=\"https:\/\/tonalibus.org\/wp-content\/uploads\/2023\/12\/Tonalibus-1e-3-tonalities-2020-05-29-sqr.jpg\" alt=\"\" class=\"wp-image-30047\" style=\"width:300px\" srcset=\"https:\/\/tonalibus.org\/wp-content\/uploads\/2023\/12\/Tonalibus-1e-3-tonalities-2020-05-29-sqr.jpg 542w, https:\/\/tonalibus.org\/wp-content\/uploads\/2023\/12\/Tonalibus-1e-3-tonalities-2020-05-29-sqr-300x300.jpg 300w, https:\/\/tonalibus.org\/wp-content\/uploads\/2023\/12\/Tonalibus-1e-3-tonalities-2020-05-29-sqr-150x150.jpg 150w, https:\/\/tonalibus.org\/wp-content\/uploads\/2023\/12\/Tonalibus-1e-3-tonalities-2020-05-29-sqr-12x12.jpg 12w, https:\/\/tonalibus.org\/wp-content\/uploads\/2023\/12\/Tonalibus-1e-3-tonalities-2020-05-29-sqr-100x100.jpg 100w\" sizes=\"auto, (max-width: 542px) 100vw, 542px\" \/><figcaption class=\"wp-element-caption\">Sieben-Schritt Heptatonalit\u00e4ten-Matrix<\/figcaption><\/figure>\n<\/div>","protected":false},"excerpt":{"rendered":"<p>Die verschiedenen Schritte zur Auswahl von Tonalit\u00e4ten bauen nacheinander aufeinander auf. Ausgehend von deiner pers\u00f6nlichen Grundtonh\u00f6he kannst du die sich ergebende harmonische Basis \u00fcberpr\u00fcfen und dann einzelne Tonalit\u00e4ten bilden, die auf Pentatonalit\u00e4ten und Heptatonalit\u00e4ten abzielen, harmonisch verankerte Tonalit\u00e4ten, die im Tonalibus-Katalog vorhanden sind - frei und ohne Beschr\u00e4nkungen. \u00dcberpr\u00fcfung der harmonischen Basis (vor der Auswahl der Tonalit\u00e4ten) Klicke auf ... <\/p>\n<p class=\"link-more\"><a href=\"https:\/\/tonalibus.org\/de\/shop\/tonalities-selection\/\" class=\"more-link\"><span class=\"screen-reader-text\">\"Auswahl der Tonalit\u00e4ten\"<\/span> weiterlesen<\/a><\/p>","protected":false},"author":1,"featured_media":0,"parent":490,"menu_order":70,"comment_status":"closed","ping_status":"closed","template":"","meta":{"footnotes":""},"class_list":["post-27291","page","type-page","status-publish","hentry"],"yoast_head":"<!-- This site is optimized with the Yoast SEO plugin v27.4 - https:\/\/yoast.com\/product\/yoast-seo-wordpress\/ -->\n<title>Tonalities selection &#8211; TONALIBUS Harmony and Tonalities<\/title>\n<meta name=\"description\" content=\"Based on a personal fundamental pitch, verify the resulting harmonic base and then go on to individual tonalities selection. Have fun!\" \/>\n<meta name=\"robots\" content=\"index, follow, max-snippet:-1, max-image-preview:large, max-video-preview:-1\" \/>\n<link rel=\"canonical\" href=\"https:\/\/tonalibus.org\/de\/shop\/tonalities-selection\/\" \/>\n<meta property=\"og:locale\" content=\"de_DE\" \/>\n<meta property=\"og:type\" content=\"article\" \/>\n<meta property=\"og:title\" content=\"Tonalities selection &#8211; TONALIBUS Harmony and Tonalities\" \/>\n<meta property=\"og:description\" content=\"Based on a personal fundamental pitch, verify the resulting harmonic base and then go on to individual tonalities selection. Have fun!\" \/>\n<meta property=\"og:url\" content=\"https:\/\/tonalibus.org\/de\/shop\/tonalities-selection\/\" \/>\n<meta property=\"og:site_name\" content=\"TONALIBUS\" \/>\n<meta property=\"article:modified_time\" content=\"2023-12-24T11:39:18+00:00\" \/>\n<meta property=\"og:image\" content=\"https:\/\/tonalibus.org\/wp-content\/uploads\/2023\/12\/Tonalibus-1e-3-tonalities-2020-05-29-sqr.jpg\" \/>\n<meta name=\"twitter:card\" content=\"summary_large_image\" \/>\n<meta name=\"twitter:label1\" content=\"Gesch\u00e4tzte Lesezeit\" \/>\n\t<meta name=\"twitter:data1\" content=\"3\u00a0Minuten\" \/>\n<script type=\"application\/ld+json\" class=\"yoast-schema-graph\">{\"@context\":\"https:\\\/\\\/schema.org\",\"@graph\":[{\"@type\":\"WebPage\",\"@id\":\"https:\\\/\\\/tonalibus.org\\\/shop\\\/tonalities-selection\\\/\",\"url\":\"https:\\\/\\\/tonalibus.org\\\/shop\\\/tonalities-selection\\\/\",\"name\":\"Tonalities selection &#8211; TONALIBUS Harmony and Tonalities\",\"isPartOf\":{\"@id\":\"https:\\\/\\\/tonalibus.org\\\/de\\\/#website\"},\"primaryImageOfPage\":{\"@id\":\"https:\\\/\\\/tonalibus.org\\\/shop\\\/tonalities-selection\\\/#primaryimage\"},\"image\":{\"@id\":\"https:\\\/\\\/tonalibus.org\\\/shop\\\/tonalities-selection\\\/#primaryimage\"},\"thumbnailUrl\":\"https:\\\/\\\/tonalibus.org\\\/wp-content\\\/uploads\\\/2023\\\/12\\\/Tonalibus-1e-3-tonalities-2020-05-29-sqr.jpg\",\"datePublished\":\"2023-09-04T17:13:56+00:00\",\"dateModified\":\"2023-12-24T11:39:18+00:00\",\"description\":\"Based on a personal fundamental pitch, verify the resulting harmonic base and then go on to individual tonalities selection. Have fun!\",\"breadcrumb\":{\"@id\":\"https:\\\/\\\/tonalibus.org\\\/shop\\\/tonalities-selection\\\/#breadcrumb\"},\"inLanguage\":\"de-CH\",\"potentialAction\":[{\"@type\":\"ReadAction\",\"target\":[\"https:\\\/\\\/tonalibus.org\\\/shop\\\/tonalities-selection\\\/\"]}]},{\"@type\":\"ImageObject\",\"inLanguage\":\"de-CH\",\"@id\":\"https:\\\/\\\/tonalibus.org\\\/shop\\\/tonalities-selection\\\/#primaryimage\",\"url\":\"https:\\\/\\\/tonalibus.org\\\/wp-content\\\/uploads\\\/2023\\\/12\\\/Tonalibus-1e-3-tonalities-2020-05-29-sqr.jpg\",\"contentUrl\":\"https:\\\/\\\/tonalibus.org\\\/wp-content\\\/uploads\\\/2023\\\/12\\\/Tonalibus-1e-3-tonalities-2020-05-29-sqr.jpg\"},{\"@type\":\"BreadcrumbList\",\"@id\":\"https:\\\/\\\/tonalibus.org\\\/shop\\\/tonalities-selection\\\/#breadcrumb\",\"itemListElement\":[{\"@type\":\"ListItem\",\"position\":1,\"name\":\"Home\",\"item\":\"https:\\\/\\\/tonalibus.org\\\/\"},{\"@type\":\"ListItem\",\"position\":2,\"name\":\"Fidibus Shop\",\"item\":\"https:\\\/\\\/tonalibus.org\\\/shop\\\/\"},{\"@type\":\"ListItem\",\"position\":3,\"name\":\"Tonalities selection\"}]},{\"@type\":\"WebSite\",\"@id\":\"https:\\\/\\\/tonalibus.org\\\/de\\\/#website\",\"url\":\"https:\\\/\\\/tonalibus.org\\\/de\\\/\",\"name\":\"TONALIBUS\",\"description\":\"Anchored Harmony and Tonalities\",\"publisher\":{\"@id\":\"https:\\\/\\\/tonalibus.org\\\/de\\\/#\\\/schema\\\/person\\\/749261d7bc96d1f00127273f83ab96a4\"},\"potentialAction\":[{\"@type\":\"SearchAction\",\"target\":{\"@type\":\"EntryPoint\",\"urlTemplate\":\"https:\\\/\\\/tonalibus.org\\\/de\\\/?s={search_term_string}\"},\"query-input\":{\"@type\":\"PropertyValueSpecification\",\"valueRequired\":true,\"valueName\":\"search_term_string\"}}],\"inLanguage\":\"de-CH\"},{\"@type\":[\"Person\",\"Organization\"],\"@id\":\"https:\\\/\\\/tonalibus.org\\\/de\\\/#\\\/schema\\\/person\\\/749261d7bc96d1f00127273f83ab96a4\",\"name\":\"Ulrico\",\"image\":{\"@type\":\"ImageObject\",\"inLanguage\":\"de-CH\",\"@id\":\"https:\\\/\\\/tonalibus.org\\\/wp-content\\\/uploads\\\/2020\\\/06\\\/uli-pix.jpg\",\"url\":\"https:\\\/\\\/tonalibus.org\\\/wp-content\\\/uploads\\\/2020\\\/06\\\/uli-pix.jpg\",\"contentUrl\":\"https:\\\/\\\/tonalibus.org\\\/wp-content\\\/uploads\\\/2020\\\/06\\\/uli-pix.jpg\",\"width\":960,\"height\":720,\"caption\":\"Ulrico\"},\"logo\":{\"@id\":\"https:\\\/\\\/tonalibus.org\\\/wp-content\\\/uploads\\\/2020\\\/06\\\/uli-pix.jpg\"},\"sameAs\":[\"https:\\\/\\\/tonalibus.cyon.site\"]}]}<\/script>\n<!-- \/ Yoast SEO plugin. -->","yoast_head_json":{"title":"Auswahl der Tonarten - TONALIBUS Harmonie und Tonarten","description":"\u00dcberpr\u00fcfen Sie ausgehend von einer pers\u00f6nlichen Grundtonh\u00f6he die sich daraus ergebende harmonische Basis und gehen Sie dann zur Auswahl einzelner Tonalit\u00e4ten \u00fcber. Viel Spa\u00df dabei!","robots":{"index":"index","follow":"follow","max-snippet":"max-snippet:-1","max-image-preview":"max-image-preview:large","max-video-preview":"max-video-preview:-1"},"canonical":"https:\/\/tonalibus.org\/de\/shop\/tonalities-selection\/","og_locale":"de_DE","og_type":"article","og_title":"Tonalities selection &#8211; TONALIBUS Harmony and Tonalities","og_description":"Based on a personal fundamental pitch, verify the resulting harmonic base and then go on to individual tonalities selection. Have fun!","og_url":"https:\/\/tonalibus.org\/de\/shop\/tonalities-selection\/","og_site_name":"TONALIBUS","article_modified_time":"2023-12-24T11:39:18+00:00","og_image":[{"url":"https:\/\/tonalibus.org\/wp-content\/uploads\/2023\/12\/Tonalibus-1e-3-tonalities-2020-05-29-sqr.jpg","type":"","width":"","height":""}],"twitter_card":"summary_large_image","twitter_misc":{"Gesch\u00e4tzte Lesezeit":"3\u00a0Minuten"},"schema":{"@context":"https:\/\/schema.org","@graph":[{"@type":"WebPage","@id":"https:\/\/tonalibus.org\/shop\/tonalities-selection\/","url":"https:\/\/tonalibus.org\/shop\/tonalities-selection\/","name":"Auswahl der Tonarten - TONALIBUS Harmonie und Tonarten","isPartOf":{"@id":"https:\/\/tonalibus.org\/de\/#website"},"primaryImageOfPage":{"@id":"https:\/\/tonalibus.org\/shop\/tonalities-selection\/#primaryimage"},"image":{"@id":"https:\/\/tonalibus.org\/shop\/tonalities-selection\/#primaryimage"},"thumbnailUrl":"https:\/\/tonalibus.org\/wp-content\/uploads\/2023\/12\/Tonalibus-1e-3-tonalities-2020-05-29-sqr.jpg","datePublished":"2023-09-04T17:13:56+00:00","dateModified":"2023-12-24T11:39:18+00:00","description":"\u00dcberpr\u00fcfen Sie ausgehend von einer pers\u00f6nlichen Grundtonh\u00f6he die sich daraus ergebende harmonische Basis und gehen Sie dann zur Auswahl einzelner Tonalit\u00e4ten \u00fcber. Viel Spa\u00df dabei!","breadcrumb":{"@id":"https:\/\/tonalibus.org\/shop\/tonalities-selection\/#breadcrumb"},"inLanguage":"de-CH","potentialAction":[{"@type":"ReadAction","target":["https:\/\/tonalibus.org\/shop\/tonalities-selection\/"]}]},{"@type":"ImageObject","inLanguage":"de-CH","@id":"https:\/\/tonalibus.org\/shop\/tonalities-selection\/#primaryimage","url":"https:\/\/tonalibus.org\/wp-content\/uploads\/2023\/12\/Tonalibus-1e-3-tonalities-2020-05-29-sqr.jpg","contentUrl":"https:\/\/tonalibus.org\/wp-content\/uploads\/2023\/12\/Tonalibus-1e-3-tonalities-2020-05-29-sqr.jpg"},{"@type":"BreadcrumbList","@id":"https:\/\/tonalibus.org\/shop\/tonalities-selection\/#breadcrumb","itemListElement":[{"@type":"ListItem","position":1,"name":"Home","item":"https:\/\/tonalibus.org\/"},{"@type":"ListItem","position":2,"name":"Fidibus Shop","item":"https:\/\/tonalibus.org\/shop\/"},{"@type":"ListItem","position":3,"name":"Tonalities selection"}]},{"@type":"WebSite","@id":"https:\/\/tonalibus.org\/de\/#website","url":"https:\/\/tonalibus.org\/de\/","name":"TONALIBUS","description":"Verankerte Harmonie und Tonalit\u00e4ten","publisher":{"@id":"https:\/\/tonalibus.org\/de\/#\/schema\/person\/749261d7bc96d1f00127273f83ab96a4"},"potentialAction":[{"@type":"SearchAction","target":{"@type":"EntryPoint","urlTemplate":"https:\/\/tonalibus.org\/de\/?s={search_term_string}"},"query-input":{"@type":"PropertyValueSpecification","valueRequired":true,"valueName":"search_term_string"}}],"inLanguage":"de-CH"},{"@type":["Person","Organization"],"@id":"https:\/\/tonalibus.org\/de\/#\/schema\/person\/749261d7bc96d1f00127273f83ab96a4","name":"Ulrico","image":{"@type":"ImageObject","inLanguage":"de-CH","@id":"https:\/\/tonalibus.org\/wp-content\/uploads\/2020\/06\/uli-pix.jpg","url":"https:\/\/tonalibus.org\/wp-content\/uploads\/2020\/06\/uli-pix.jpg","contentUrl":"https:\/\/tonalibus.org\/wp-content\/uploads\/2020\/06\/uli-pix.jpg","width":960,"height":720,"caption":"Ulrico"},"logo":{"@id":"https:\/\/tonalibus.org\/wp-content\/uploads\/2020\/06\/uli-pix.jpg"},"sameAs":["https:\/\/tonalibus.cyon.site"]}]}},"_links":{"self":[{"href":"https:\/\/tonalibus.org\/de\/wp-json\/wp\/v2\/pages\/27291","targetHints":{"allow":["GET"]}}],"collection":[{"href":"https:\/\/tonalibus.org\/de\/wp-json\/wp\/v2\/pages"}],"about":[{"href":"https:\/\/tonalibus.org\/de\/wp-json\/wp\/v2\/types\/page"}],"author":[{"embeddable":true,"href":"https:\/\/tonalibus.org\/de\/wp-json\/wp\/v2\/users\/1"}],"replies":[{"embeddable":true,"href":"https:\/\/tonalibus.org\/de\/wp-json\/wp\/v2\/comments?post=27291"}],"version-history":[{"count":0,"href":"https:\/\/tonalibus.org\/de\/wp-json\/wp\/v2\/pages\/27291\/revisions"}],"up":[{"embeddable":true,"href":"https:\/\/tonalibus.org\/de\/wp-json\/wp\/v2\/pages\/490"}],"wp:attachment":[{"href":"https:\/\/tonalibus.org\/de\/wp-json\/wp\/v2\/media?parent=27291"}],"curies":[{"name":"wp","href":"https:\/\/api.w.org\/{rel}","templated":true}]}}