{"id":27564,"date":"2023-09-08T09:23:47","date_gmt":"2023-09-08T07:23:47","guid":{"rendered":"https:\/\/tonalibus.org\/?page_id=27564"},"modified":"2023-09-11T10:46:32","modified_gmt":"2023-09-11T08:46:32","slug":"a-harmonic-base","status":"publish","type":"page","link":"https:\/\/tonalibus.org\/de\/shop\/tonalities-selection\/a-harmonic-base\/","title":{"rendered":"A harmonische Basis"},"content":{"rendered":"<div class=\"wp-block-buttons is-content-justification-center is-layout-flex wp-container-core-buttons-is-layout-16018d1d wp-block-buttons-is-layout-flex\">\n<div class=\"wp-block-button is-style-outline is-style-outline--1\"><a class=\"wp-block-button__link wp-element-button\" href=\"#verification\">\u00dcberpr\u00fcfung<\/a><\/div>\n\n\n\n<div class=\"wp-block-button is-style-outline is-style-outline--2\"><a class=\"wp-block-button__link wp-element-button\" href=\"#references\">Referenzen<\/a><\/div>\n\n\n\n<div class=\"wp-block-button is-style-outline is-style-outline--3\"><a class=\"wp-block-button__link wp-element-button\" href=\"#explanation\">Erl\u00e4uterung<\/a><\/div>\n<\/div>\n\n\n\n<div style=\"height:40px\" aria-hidden=\"true\" class=\"wp-block-spacer\"><\/div>\n\n\n\n<h2 class=\"wp-block-heading has-text-color\" id=\"verification\" style=\"color:#f7b320\">\u00dcberpr\u00fcfung der harmonischen Basis<\/h2>\n\n\n\n<p class=\"has-text-color\" style=\"color:#f7b320\">Um deine harmonische Basis mit A, deiner pers\u00f6nlichen Grundton-H\u00f6he, zu \u00fcberpr\u00fcfen, schalte die A-Drohne als Loop ein. Nimm dir einen Moment Zeit, um dich einzustimmen.<\/p>\n\n\n\n<figure class=\"wp-block-audio\"><audio controls src=\"https:\/\/tonalibus.org\/wp-content\/uploads\/2023\/09\/2023-09-01-A-DRONE.mp3\" loop><\/audio><figcaption class=\"wp-element-caption\"><mark style=\"background-color:rgba(0, 0, 0, 0);color:#f7b320\" class=\"has-inline-color\">A \u2013 Drohne als Loop<\/mark><\/figcaption><\/figure>\n\n\n\n<div style=\"height:20px\" aria-hidden=\"true\" class=\"wp-block-spacer\"><\/div>\n\n\n\n<p class=\"has-text-color\" style=\"color:#f7b320\">Bei laufender A-Drohne, eine nach der anderen, und mit einem Moment dazwischen wo du nur der Grundton-Drohne lauschst, probiere die beiden folgenden Tonh\u00f6hen, so oft wie du m\u00f6chtest. Finde heraus, welche der beiden, D oder E, dir im Zusammenhang mit der A-Drohne besser passt. <\/p>\n\n\n\n<div class=\"wp-block-columns is-layout-flex wp-container-core-columns-is-layout-9d6595d7 wp-block-columns-is-layout-flex\">\n<div class=\"wp-block-column is-layout-flow wp-block-column-is-layout-flow\">\n<figure class=\"wp-block-audio\"><audio controls src=\"https:\/\/tonalibus.org\/wp-content\/uploads\/2023\/09\/2023-09-04-E-PITCH.mp3\"><\/audio><figcaption class=\"wp-element-caption\"><mark style=\"background-color:rgba(0, 0, 0, 0);color:#f7b320\" class=\"has-inline-color\">E  \u2013 Tonh\u00f6he 20 Sekunden<\/mark><\/figcaption><\/figure>\n<\/div>\n\n\n\n<div class=\"wp-block-column is-layout-flow wp-block-column-is-layout-flow\">\n<figure class=\"wp-block-audio\"><audio controls src=\"https:\/\/tonalibus.org\/wp-content\/uploads\/2023\/09\/2023-09-04-D-PITCH.mp3\"><\/audio><figcaption class=\"wp-element-caption\"><mark style=\"background-color:rgba(0, 0, 0, 0);color:#f7b320\" class=\"has-inline-color\">D \u2013 Tonh\u00f6he 20 Sekunden<\/mark><\/figcaption><\/figure>\n<\/div>\n<\/div>\n\n\n\n<p class=\"has-text-color\" style=\"color:#f7b320\">Indem du E und nicht D oder beide zusammen w\u00e4hlst, best\u00e4tigst du, dass A, deine pers\u00f6nliche Grundton-H\u00f6he, der Grundton f\u00fcr deine individuellen Tonalit\u00e4ten ist und deren harmonische Basis mit E als Quinte bildet. Wenn du dich jedoch eindeutig f\u00fcr D statt f\u00fcr E entschieden hast, kannst du mit D als Grundton f\u00fcr deine individuellen Tonalit\u00e4ten fortfahren und deren harmonische Basis mit A, deiner pers\u00f6nlichen Grundton-H\u00f6he, als deren Quinte bilden. <\/p>\n\n\n\n<h2 class=\"wp-block-heading has-text-color\" id=\"references\" style=\"color:#f7b320\">Loops als Referenz<\/h2>\n\n\n\n<p class=\"has-text-color\" style=\"color:#f7b320\">Schalte jeglichen laufenden Loop aus, bevor du einen neuen startest, sonst k\u00f6nnen sie gleichzeitig ert\u00f6nen.<\/p>\n\n\n\n<h3 class=\"wp-block-heading has-text-color\" style=\"color:#f7b320\">A mit E<\/h3>\n\n\n\n<figure class=\"wp-block-audio\"><audio controls src=\"https:\/\/tonalibus.org\/wp-content\/uploads\/2023\/09\/2023-09-04-A-SAPA.mp3\" loop><\/audio><figcaption class=\"wp-element-caption\"><mark style=\"background-color:rgba(0, 0, 0, 0);color:#f7b320\" class=\"has-inline-color\">Grundton A mit Quinte E \u2013 8-saitige Gitarre und Tanpura \u2013 Drohne als Loop<\/mark><\/figcaption><\/figure>\n\n\n\n<h3 class=\"wp-block-heading has-text-color\" style=\"color:#f7b320\">D mit A<\/h3>\n\n\n\n<figure class=\"wp-block-audio\"><audio controls src=\"https:\/\/tonalibus.org\/wp-content\/uploads\/2023\/09\/2023-09-04-D-SAPA.mp3\" loop><\/audio><figcaption class=\"wp-element-caption\"><mark style=\"background-color:rgba(0, 0, 0, 0);color:#f7b320\" class=\"has-inline-color\">Grundton D mit Quinte A \u2013 8-saitige Gitarre und Tanpura \u2013 Drohne als Loop<\/mark><\/figcaption><\/figure>\n\n\n\n<h2 class=\"wp-block-heading has-text-color\" id=\"explanation\" style=\"color:#f7b320\">Erl\u00e4uterung<\/h2>\n\n\n\n<p class=\"has-text-color\" style=\"color:#f7b320\">Die harmonische Basis einer Tonalit\u00e4t ist ihr Grundton zusammen mit ihrer Quinte, dem ersten Oberton, der nicht eine Oktave des Grundtons ist. A, die von dir gew\u00e4hlte Grundton-H\u00f6he, kann durchaus der Grundton deiner individuellen Tonalit\u00e4ten sein, zusammen mit E als Quinte. Wenn du jedoch bei der \u00dcberpr\u00fcfung deiner harmonischen Basis D dem E vorgezogen hast, dann wird D durch das <a href=\"https:\/\/tonalibus.org\/de\/concepts\/glossary\/#miracle\"><mark style=\"background-color:rgba(0, 0, 0, 0);color:#f7b320\" class=\"has-inline-color\">Wunder der Natur<\/mark><\/a>, zum Grundton deiner individuellen Tonalit\u00e4ten, und die von dir gew\u00e4hlte pers\u00f6nliche Grundton-H\u00f6he wird zu deren Quinte.<\/p>\n\n\n\n<div style=\"height:75px\" aria-hidden=\"true\" class=\"wp-block-spacer\"><\/div>\n\n\n<div class=\"wp-block-image\">\n<figure class=\"aligncenter size-full is-resized\"><img loading=\"lazy\" decoding=\"async\" src=\"https:\/\/tonalibus.org\/wp-content\/uploads\/2021\/12\/fat-logo-square.jpg\" alt=\"A harmonic base\" class=\"wp-image-15748\" style=\"object-fit:cover;width:450px;height:450px\" width=\"450\" height=\"450\" srcset=\"https:\/\/tonalibus.org\/wp-content\/uploads\/2021\/12\/fat-logo-square.jpg 720w, https:\/\/tonalibus.org\/wp-content\/uploads\/2021\/12\/fat-logo-square-300x300.jpg 300w, https:\/\/tonalibus.org\/wp-content\/uploads\/2021\/12\/fat-logo-square-150x150.jpg 150w, https:\/\/tonalibus.org\/wp-content\/uploads\/2021\/12\/fat-logo-square-12x12.jpg 12w, https:\/\/tonalibus.org\/wp-content\/uploads\/2021\/12\/fat-logo-square-100x100.jpg 100w, https:\/\/tonalibus.org\/wp-content\/uploads\/2021\/12\/fat-logo-square-560x560.jpg 560w\" sizes=\"auto, (max-width: 450px) 100vw, 450px\" \/><figcaption class=\"wp-element-caption\">Die <a href=\"https:\/\/tonalibus.org\/de\/concepts\/concepts-highlights\/highlight-pivots\/\">harmonische Drehpunkt<\/a> \u2013 zwei gegenl\u00e4ufige Spiralen zu einer vereint<\/figcaption><\/figure>\n<\/div>","protected":false},"excerpt":{"rendered":"<p>Harmonic base verification To verify your harmonic base with A, your personal fundamental pitch, turn on the A drone loop. Take a moment to tune in. With the A drone running, one at a time and with a moment of listening just to the fundamental drone in between, leisurely try out the two pitches below &hellip; <\/p>\n<p class=\"link-more\"><a href=\"https:\/\/tonalibus.org\/de\/shop\/tonalities-selection\/a-harmonic-base\/\" class=\"more-link\"><span class=\"screen-reader-text\">&#8220;A harmonic base&#8221;<\/span> weiterlesen<\/a><\/p>","protected":false},"author":1,"featured_media":0,"parent":27291,"menu_order":29,"comment_status":"closed","ping_status":"closed","template":"","meta":{"footnotes":""},"class_list":["post-27564","page","type-page","status-publish","hentry"],"yoast_head":"<!-- This site is optimized with the Yoast SEO plugin v27.4 - https:\/\/yoast.com\/product\/yoast-seo-wordpress\/ -->\n<title>A harmonic base &#8211; TONALIBUS Harmony and Tonalities<\/title>\n<meta name=\"description\" content=\"If A is your chosen fundamental pitch, the A harmonic base check allows you to verify the fundamental base for your personal tonalities.\" \/>\n<meta name=\"robots\" content=\"index, follow, max-snippet:-1, max-image-preview:large, max-video-preview:-1\" \/>\n<link rel=\"canonical\" href=\"https:\/\/tonalibus.org\/de\/shop\/tonalities-selection\/a-harmonic-base\/\" \/>\n<meta property=\"og:locale\" content=\"de_DE\" \/>\n<meta property=\"og:type\" content=\"article\" \/>\n<meta property=\"og:title\" content=\"A harmonic base &#8211; TONALIBUS Harmony and Tonalities\" \/>\n<meta property=\"og:description\" content=\"If A is your chosen fundamental pitch, the A harmonic base check allows you to verify the fundamental base for your personal tonalities.\" \/>\n<meta property=\"og:url\" content=\"https:\/\/tonalibus.org\/de\/shop\/tonalities-selection\/a-harmonic-base\/\" \/>\n<meta property=\"og:site_name\" content=\"TONALIBUS\" \/>\n<meta property=\"article:modified_time\" content=\"2023-09-11T08:46:32+00:00\" \/>\n<meta property=\"og:image\" content=\"https:\/\/tonalibus.org\/wp-content\/uploads\/2021\/12\/fat-logo-square.jpg\" \/>\n<meta name=\"twitter:card\" content=\"summary_large_image\" \/>\n<meta name=\"twitter:label1\" content=\"Gesch\u00e4tzte Lesezeit\" \/>\n\t<meta name=\"twitter:data1\" content=\"2\u00a0Minuten\" \/>\n<script type=\"application\/ld+json\" class=\"yoast-schema-graph\">{\"@context\":\"https:\\\/\\\/schema.org\",\"@graph\":[{\"@type\":\"WebPage\",\"@id\":\"https:\\\/\\\/tonalibus.org\\\/shop\\\/tonalities-selection\\\/a-harmonic-base\\\/\",\"url\":\"https:\\\/\\\/tonalibus.org\\\/shop\\\/tonalities-selection\\\/a-harmonic-base\\\/\",\"name\":\"A harmonic base &#8211; TONALIBUS Harmony and Tonalities\",\"isPartOf\":{\"@id\":\"https:\\\/\\\/tonalibus.org\\\/de\\\/#website\"},\"primaryImageOfPage\":{\"@id\":\"https:\\\/\\\/tonalibus.org\\\/shop\\\/tonalities-selection\\\/a-harmonic-base\\\/#primaryimage\"},\"image\":{\"@id\":\"https:\\\/\\\/tonalibus.org\\\/shop\\\/tonalities-selection\\\/a-harmonic-base\\\/#primaryimage\"},\"thumbnailUrl\":\"https:\\\/\\\/tonalibus.org\\\/wp-content\\\/uploads\\\/2021\\\/12\\\/fat-logo-square.jpg\",\"datePublished\":\"2023-09-08T07:23:47+00:00\",\"dateModified\":\"2023-09-11T08:46:32+00:00\",\"description\":\"If A is your chosen fundamental pitch, the A harmonic base check allows you to verify the fundamental base for your personal tonalities.\",\"breadcrumb\":{\"@id\":\"https:\\\/\\\/tonalibus.org\\\/shop\\\/tonalities-selection\\\/a-harmonic-base\\\/#breadcrumb\"},\"inLanguage\":\"de-CH\",\"potentialAction\":[{\"@type\":\"ReadAction\",\"target\":[\"https:\\\/\\\/tonalibus.org\\\/shop\\\/tonalities-selection\\\/a-harmonic-base\\\/\"]}]},{\"@type\":\"ImageObject\",\"inLanguage\":\"de-CH\",\"@id\":\"https:\\\/\\\/tonalibus.org\\\/shop\\\/tonalities-selection\\\/a-harmonic-base\\\/#primaryimage\",\"url\":\"https:\\\/\\\/tonalibus.org\\\/wp-content\\\/uploads\\\/2021\\\/12\\\/fat-logo-square.jpg\",\"contentUrl\":\"https:\\\/\\\/tonalibus.org\\\/wp-content\\\/uploads\\\/2021\\\/12\\\/fat-logo-square.jpg\"},{\"@type\":\"BreadcrumbList\",\"@id\":\"https:\\\/\\\/tonalibus.org\\\/shop\\\/tonalities-selection\\\/a-harmonic-base\\\/#breadcrumb\",\"itemListElement\":[{\"@type\":\"ListItem\",\"position\":1,\"name\":\"Home\",\"item\":\"https:\\\/\\\/tonalibus.org\\\/\"},{\"@type\":\"ListItem\",\"position\":2,\"name\":\"Fidibus Shop\",\"item\":\"https:\\\/\\\/tonalibus.org\\\/shop\\\/\"},{\"@type\":\"ListItem\",\"position\":3,\"name\":\"Tonalities selection\",\"item\":\"https:\\\/\\\/tonalibus.org\\\/shop\\\/tonalities-selection\\\/\"},{\"@type\":\"ListItem\",\"position\":4,\"name\":\"A harmonic base\"}]},{\"@type\":\"WebSite\",\"@id\":\"https:\\\/\\\/tonalibus.org\\\/de\\\/#website\",\"url\":\"https:\\\/\\\/tonalibus.org\\\/de\\\/\",\"name\":\"TONALIBUS\",\"description\":\"Anchored Harmony and Tonalities\",\"publisher\":{\"@id\":\"https:\\\/\\\/tonalibus.org\\\/de\\\/#\\\/schema\\\/person\\\/749261d7bc96d1f00127273f83ab96a4\"},\"potentialAction\":[{\"@type\":\"SearchAction\",\"target\":{\"@type\":\"EntryPoint\",\"urlTemplate\":\"https:\\\/\\\/tonalibus.org\\\/de\\\/?s={search_term_string}\"},\"query-input\":{\"@type\":\"PropertyValueSpecification\",\"valueRequired\":true,\"valueName\":\"search_term_string\"}}],\"inLanguage\":\"de-CH\"},{\"@type\":[\"Person\",\"Organization\"],\"@id\":\"https:\\\/\\\/tonalibus.org\\\/de\\\/#\\\/schema\\\/person\\\/749261d7bc96d1f00127273f83ab96a4\",\"name\":\"Ulrico\",\"image\":{\"@type\":\"ImageObject\",\"inLanguage\":\"de-CH\",\"@id\":\"https:\\\/\\\/tonalibus.org\\\/wp-content\\\/uploads\\\/2020\\\/06\\\/uli-pix.jpg\",\"url\":\"https:\\\/\\\/tonalibus.org\\\/wp-content\\\/uploads\\\/2020\\\/06\\\/uli-pix.jpg\",\"contentUrl\":\"https:\\\/\\\/tonalibus.org\\\/wp-content\\\/uploads\\\/2020\\\/06\\\/uli-pix.jpg\",\"width\":960,\"height\":720,\"caption\":\"Ulrico\"},\"logo\":{\"@id\":\"https:\\\/\\\/tonalibus.org\\\/wp-content\\\/uploads\\\/2020\\\/06\\\/uli-pix.jpg\"},\"sameAs\":[\"https:\\\/\\\/tonalibus.cyon.site\"]}]}<\/script>\n<!-- \/ Yoast SEO plugin. -->","yoast_head_json":{"title":"Eine harmonische Basis - TONALIBUS Harmonie und Tonalit\u00e4ten","description":"Wenn A der von Ihnen gew\u00e4hlte Grundton ist, k\u00f6nnen Sie mit der Pr\u00fcfung der harmonischen Basis von A die Basis f\u00fcr Ihre pers\u00f6nlichen Tonalit\u00e4ten \u00fcberpr\u00fcfen.","robots":{"index":"index","follow":"follow","max-snippet":"max-snippet:-1","max-image-preview":"max-image-preview:large","max-video-preview":"max-video-preview:-1"},"canonical":"https:\/\/tonalibus.org\/de\/shop\/tonalities-selection\/a-harmonic-base\/","og_locale":"de_DE","og_type":"article","og_title":"A harmonic base &#8211; TONALIBUS Harmony and Tonalities","og_description":"If A is your chosen fundamental pitch, the A harmonic base check allows you to verify the fundamental base for your personal tonalities.","og_url":"https:\/\/tonalibus.org\/de\/shop\/tonalities-selection\/a-harmonic-base\/","og_site_name":"TONALIBUS","article_modified_time":"2023-09-11T08:46:32+00:00","og_image":[{"url":"https:\/\/tonalibus.org\/wp-content\/uploads\/2021\/12\/fat-logo-square.jpg","type":"","width":"","height":""}],"twitter_card":"summary_large_image","twitter_misc":{"Gesch\u00e4tzte Lesezeit":"2\u00a0Minuten"},"schema":{"@context":"https:\/\/schema.org","@graph":[{"@type":"WebPage","@id":"https:\/\/tonalibus.org\/shop\/tonalities-selection\/a-harmonic-base\/","url":"https:\/\/tonalibus.org\/shop\/tonalities-selection\/a-harmonic-base\/","name":"Eine harmonische Basis - TONALIBUS Harmonie und Tonalit\u00e4ten","isPartOf":{"@id":"https:\/\/tonalibus.org\/de\/#website"},"primaryImageOfPage":{"@id":"https:\/\/tonalibus.org\/shop\/tonalities-selection\/a-harmonic-base\/#primaryimage"},"image":{"@id":"https:\/\/tonalibus.org\/shop\/tonalities-selection\/a-harmonic-base\/#primaryimage"},"thumbnailUrl":"https:\/\/tonalibus.org\/wp-content\/uploads\/2021\/12\/fat-logo-square.jpg","datePublished":"2023-09-08T07:23:47+00:00","dateModified":"2023-09-11T08:46:32+00:00","description":"Wenn A der von Ihnen gew\u00e4hlte Grundton ist, k\u00f6nnen Sie mit der Pr\u00fcfung der harmonischen Basis von A die Basis f\u00fcr Ihre pers\u00f6nlichen Tonalit\u00e4ten \u00fcberpr\u00fcfen.","breadcrumb":{"@id":"https:\/\/tonalibus.org\/shop\/tonalities-selection\/a-harmonic-base\/#breadcrumb"},"inLanguage":"de-CH","potentialAction":[{"@type":"ReadAction","target":["https:\/\/tonalibus.org\/shop\/tonalities-selection\/a-harmonic-base\/"]}]},{"@type":"ImageObject","inLanguage":"de-CH","@id":"https:\/\/tonalibus.org\/shop\/tonalities-selection\/a-harmonic-base\/#primaryimage","url":"https:\/\/tonalibus.org\/wp-content\/uploads\/2021\/12\/fat-logo-square.jpg","contentUrl":"https:\/\/tonalibus.org\/wp-content\/uploads\/2021\/12\/fat-logo-square.jpg"},{"@type":"BreadcrumbList","@id":"https:\/\/tonalibus.org\/shop\/tonalities-selection\/a-harmonic-base\/#breadcrumb","itemListElement":[{"@type":"ListItem","position":1,"name":"Home","item":"https:\/\/tonalibus.org\/"},{"@type":"ListItem","position":2,"name":"Fidibus Shop","item":"https:\/\/tonalibus.org\/shop\/"},{"@type":"ListItem","position":3,"name":"Tonalities selection","item":"https:\/\/tonalibus.org\/shop\/tonalities-selection\/"},{"@type":"ListItem","position":4,"name":"A harmonic base"}]},{"@type":"WebSite","@id":"https:\/\/tonalibus.org\/de\/#website","url":"https:\/\/tonalibus.org\/de\/","name":"TONALIBUS","description":"Verankerte Harmonie und Tonalit\u00e4ten","publisher":{"@id":"https:\/\/tonalibus.org\/de\/#\/schema\/person\/749261d7bc96d1f00127273f83ab96a4"},"potentialAction":[{"@type":"SearchAction","target":{"@type":"EntryPoint","urlTemplate":"https:\/\/tonalibus.org\/de\/?s={search_term_string}"},"query-input":{"@type":"PropertyValueSpecification","valueRequired":true,"valueName":"search_term_string"}}],"inLanguage":"de-CH"},{"@type":["Person","Organization"],"@id":"https:\/\/tonalibus.org\/de\/#\/schema\/person\/749261d7bc96d1f00127273f83ab96a4","name":"Ulrico","image":{"@type":"ImageObject","inLanguage":"de-CH","@id":"https:\/\/tonalibus.org\/wp-content\/uploads\/2020\/06\/uli-pix.jpg","url":"https:\/\/tonalibus.org\/wp-content\/uploads\/2020\/06\/uli-pix.jpg","contentUrl":"https:\/\/tonalibus.org\/wp-content\/uploads\/2020\/06\/uli-pix.jpg","width":960,"height":720,"caption":"Ulrico"},"logo":{"@id":"https:\/\/tonalibus.org\/wp-content\/uploads\/2020\/06\/uli-pix.jpg"},"sameAs":["https:\/\/tonalibus.cyon.site"]}]}},"_links":{"self":[{"href":"https:\/\/tonalibus.org\/de\/wp-json\/wp\/v2\/pages\/27564","targetHints":{"allow":["GET"]}}],"collection":[{"href":"https:\/\/tonalibus.org\/de\/wp-json\/wp\/v2\/pages"}],"about":[{"href":"https:\/\/tonalibus.org\/de\/wp-json\/wp\/v2\/types\/page"}],"author":[{"embeddable":true,"href":"https:\/\/tonalibus.org\/de\/wp-json\/wp\/v2\/users\/1"}],"replies":[{"embeddable":true,"href":"https:\/\/tonalibus.org\/de\/wp-json\/wp\/v2\/comments?post=27564"}],"version-history":[{"count":0,"href":"https:\/\/tonalibus.org\/de\/wp-json\/wp\/v2\/pages\/27564\/revisions"}],"up":[{"embeddable":true,"href":"https:\/\/tonalibus.org\/de\/wp-json\/wp\/v2\/pages\/27291"}],"wp:attachment":[{"href":"https:\/\/tonalibus.org\/de\/wp-json\/wp\/v2\/media?parent=27564"}],"curies":[{"name":"wp","href":"https:\/\/api.w.org\/{rel}","templated":true}]}}