{"id":2855,"date":"2020-07-23T16:46:50","date_gmt":"2020-07-23T14:46:50","guid":{"rendered":"https:\/\/tonalibus.org\/?page_id=2855"},"modified":"2025-12-16T14:24:34","modified_gmt":"2025-12-16T13:24:34","slug":"anchored-tonalities-matrix","status":"publish","type":"page","link":"https:\/\/tonalibus.org\/de\/harmony\/anchored-tonalities-matrix\/","title":{"rendered":"Verankerte Tonalit\u00e4ten-Matrix"},"content":{"rendered":"<div class=\"wp-block-buttons is-horizontal is-content-justification-center is-layout-flex wp-container-core-buttons-is-layout-499968f5 wp-block-buttons-is-layout-flex\">\n<div class=\"wp-block-button is-style-outline is-style-outline--1\"><a class=\"wp-block-button__link wp-element-button\" href=\"#visuals\">Verankerte Tonalit\u00e4ten-Matrix \u2013<br>eine Darstellung der visuellen Grundlagen der Harmonie <\/a><\/div>\n<\/div>\n\n\n\n<div style=\"height:48px\" aria-hidden=\"true\" class=\"wp-block-spacer\"><\/div>\n\n\n\n<p class=\"has-text-color has-link-color wp-elements-d5cb878eca9f34f522c288d11440a1ff\" style=\"color:#f7b320\">Die Matrix der verankerten Tonalit\u00e4ten wurde direkt von der urspr\u00fcnglichen Tonalibus-Vision abgeleitet, abgebildet unten auf der Seite <a href=\"https:\/\/tonalibus.org\/de\/about-tonalibus\/tonalibus\/\"><mark style=\"background-color:rgba(0, 0, 0, 0);color:#f7b320\" class=\"has-inline-color\">\u00dcber Tonalibus<\/mark><\/a>. Sie ist der Dreh- und Angelpunkt und dr\u00fcckt das grundlegende Konzept und Schritt-Muster verankerter Tonalit\u00e4ten aus. Mehr dazu findest du in <a href=\"https:\/\/tonalibus.org\/de\/fundamentals\/five-course-series\/basics-c\/\"><em><mark style=\"background-color:rgba(0, 0, 0, 0);color:#f7b320\" class=\"has-inline-color\">Zw\u00f6lfstufige Tonleiter und Tonalit\u00e4ten-Grundlagen<\/mark><\/em><\/a>, das dritte Modul der <a href=\"https:\/\/tonalibus.org\/de\/fundamentals\/five-course-series\/\"><mark style=\"background-color:rgba(0, 0, 0, 0);color:#f7b320\" class=\"has-inline-color\">Reihe der Kurs-Pr\u00e4sentationen<\/mark><\/a> <em>Grundlagen der Harmonie und Tonalit\u00e4ten<\/em>.<\/p>\n\n\n\n<h3 class=\"wp-block-heading has-text-color\" style=\"color:#f7b332\">Verankerte Tonalit\u00e4ten-Matrix \u2013 eine visuelle Darstellung<\/h3>\n\n\n\n<figure id=\"visuals\" class=\"wp-block-video aligncenter\"><video height=\"1080\" style=\"aspect-ratio: 1920 \/ 1080;\" width=\"1920\" controls loop muted poster=\"https:\/\/tonalibus.org\/wp-content\/uploads\/2020\/08\/Anchorsteps-2020-08-12w.jpg\" src=\"https:\/\/tonalibus.org\/wp-content\/uploads\/2020\/08\/Anchorsteps-2020-08.mp4\"><\/video><figcaption class=\"wp-element-caption\"><mark style=\"background-color:rgba(0, 0, 0, 0);color:#f7b320\" class=\"has-inline-color\">Video-Loop ohne Ton \u2013 Einmal gestartet, wiederholt sich das Video, bis du es stoppst oder auf eine anderen Seite wechselst. Du kannst auch den Punkt in der Video-Kontroll-Leiste manuell verschieben, um dich in deinem eigenen Tempo durch die Bilder zu bewegen. <\/mark><\/figcaption><\/figure>\n\n\n\n<p><\/p>","protected":false},"excerpt":{"rendered":"<p>Die Matrix der verankerten Tonalit\u00e4ten wurde direkt von der urspr\u00fcnglichen Tonalibus-Vision abgeleitet, die unten auf der Seite \u00dcber Tonalibus dargestellt ist. Sie ist der Dreh- und Angelpunkt und dr\u00fcckt das grundlegende Konzept der verankerten Select-Step-Tonalit\u00e4tsmuster aus. Mehr dazu findest du in Twelve-Step Scale and Tonality Fundamentals, dem dritten Modul der Kurspr\u00e4sentationsreihe ... <\/p>\n<p class=\"link-more\"><a href=\"https:\/\/tonalibus.org\/de\/harmony\/anchored-tonalities-matrix\/\" class=\"more-link\"><span class=\"screen-reader-text\">\"Verankerte Tonalit\u00e4ten Matrix\"<\/span> weiterlesen<\/a><\/p>","protected":false},"author":1,"featured_media":0,"parent":35638,"menu_order":14,"comment_status":"closed","ping_status":"closed","template":"","meta":{"footnotes":""},"class_list":["post-2855","page","type-page","status-publish","hentry"],"yoast_head":"<!-- This site is optimized with the Yoast SEO plugin v27.5 - https:\/\/yoast.com\/product\/yoast-seo-wordpress\/ -->\n<title>Anchored Tonalities Matrix &#8211; TONALIBUS, Harmony and Tonalities<\/title>\n<meta name=\"description\" content=\"A short visual progression presents the &quot;anchored tonalities matrix&quot; from the course presentation series Harmonic and Tonality Fundamentals.\" \/>\n<meta name=\"robots\" content=\"index, follow, max-snippet:-1, max-image-preview:large, max-video-preview:-1\" \/>\n<link rel=\"canonical\" href=\"https:\/\/tonalibus.org\/de\/harmony\/anchored-tonalities-matrix\/\" \/>\n<meta property=\"og:locale\" content=\"de_DE\" \/>\n<meta property=\"og:type\" content=\"article\" \/>\n<meta property=\"og:title\" content=\"Anchored Tonalities Matrix &#8211; TONALIBUS, Harmony and Tonalities\" \/>\n<meta property=\"og:description\" content=\"A short visual progression presents the &quot;anchored tonalities matrix&quot; from the course presentation series Harmonic and Tonality Fundamentals.\" \/>\n<meta property=\"og:url\" content=\"https:\/\/tonalibus.org\/de\/harmony\/anchored-tonalities-matrix\/\" \/>\n<meta property=\"og:site_name\" content=\"TONALIBUS\" \/>\n<meta property=\"article:modified_time\" content=\"2025-12-16T13:24:34+00:00\" \/>\n<meta name=\"twitter:card\" content=\"summary_large_image\" \/>\n<meta name=\"twitter:label1\" content=\"Gesch\u00e4tzte Lesezeit\" \/>\n\t<meta name=\"twitter:data1\" content=\"1\u00a0Minute\" \/>\n<script type=\"application\/ld+json\" class=\"yoast-schema-graph\">{\"@context\":\"https:\\\/\\\/schema.org\",\"@graph\":[{\"@type\":\"WebPage\",\"@id\":\"https:\\\/\\\/tonalibus.org\\\/harmony\\\/anchored-tonalities-matrix\\\/\",\"url\":\"https:\\\/\\\/tonalibus.org\\\/harmony\\\/anchored-tonalities-matrix\\\/\",\"name\":\"Anchored Tonalities Matrix &#8211; TONALIBUS, Harmony and Tonalities\",\"isPartOf\":{\"@id\":\"https:\\\/\\\/tonalibus.org\\\/de\\\/#website\"},\"datePublished\":\"2020-07-23T14:46:50+00:00\",\"dateModified\":\"2025-12-16T13:24:34+00:00\",\"description\":\"A short visual progression presents the \\\"anchored tonalities matrix\\\" from the course presentation series Harmonic and Tonality Fundamentals.\",\"breadcrumb\":{\"@id\":\"https:\\\/\\\/tonalibus.org\\\/harmony\\\/anchored-tonalities-matrix\\\/#breadcrumb\"},\"inLanguage\":\"de-CH\",\"potentialAction\":[{\"@type\":\"ReadAction\",\"target\":[\"https:\\\/\\\/tonalibus.org\\\/harmony\\\/anchored-tonalities-matrix\\\/\"]}]},{\"@type\":\"BreadcrumbList\",\"@id\":\"https:\\\/\\\/tonalibus.org\\\/harmony\\\/anchored-tonalities-matrix\\\/#breadcrumb\",\"itemListElement\":[{\"@type\":\"ListItem\",\"position\":1,\"name\":\"Home\",\"item\":\"https:\\\/\\\/tonalibus.org\\\/\"},{\"@type\":\"ListItem\",\"position\":2,\"name\":\"Harmony\",\"item\":\"https:\\\/\\\/tonalibus.org\\\/harmony\\\/\"},{\"@type\":\"ListItem\",\"position\":3,\"name\":\"Anchored Tonalities Matrix\"}]},{\"@type\":\"WebSite\",\"@id\":\"https:\\\/\\\/tonalibus.org\\\/de\\\/#website\",\"url\":\"https:\\\/\\\/tonalibus.org\\\/de\\\/\",\"name\":\"TONALIBUS\",\"description\":\"Anchored Harmony and Tonalities\",\"publisher\":{\"@id\":\"https:\\\/\\\/tonalibus.org\\\/de\\\/#\\\/schema\\\/person\\\/749261d7bc96d1f00127273f83ab96a4\"},\"potentialAction\":[{\"@type\":\"SearchAction\",\"target\":{\"@type\":\"EntryPoint\",\"urlTemplate\":\"https:\\\/\\\/tonalibus.org\\\/de\\\/?s={search_term_string}\"},\"query-input\":{\"@type\":\"PropertyValueSpecification\",\"valueRequired\":true,\"valueName\":\"search_term_string\"}}],\"inLanguage\":\"de-CH\"},{\"@type\":[\"Person\",\"Organization\"],\"@id\":\"https:\\\/\\\/tonalibus.org\\\/de\\\/#\\\/schema\\\/person\\\/749261d7bc96d1f00127273f83ab96a4\",\"name\":\"Ulrico\",\"image\":{\"@type\":\"ImageObject\",\"inLanguage\":\"de-CH\",\"@id\":\"https:\\\/\\\/tonalibus.org\\\/wp-content\\\/uploads\\\/2020\\\/06\\\/uli-pix.jpg\",\"url\":\"https:\\\/\\\/tonalibus.org\\\/wp-content\\\/uploads\\\/2020\\\/06\\\/uli-pix.jpg\",\"contentUrl\":\"https:\\\/\\\/tonalibus.org\\\/wp-content\\\/uploads\\\/2020\\\/06\\\/uli-pix.jpg\",\"width\":960,\"height\":720,\"caption\":\"Ulrico\"},\"logo\":{\"@id\":\"https:\\\/\\\/tonalibus.org\\\/wp-content\\\/uploads\\\/2020\\\/06\\\/uli-pix.jpg\"},\"sameAs\":[\"https:\\\/\\\/tonalibus.cyon.site\"]}]}<\/script>\n<!-- \/ Yoast SEO plugin. -->","yoast_head_json":{"title":"Verankerte Tonalit\u00e4tsmatrix - TONALIBUS, Harmonie und Tonalit\u00e4ten","description":"Eine kurze visuelle Progression stellt die \"verankerte Tonalit\u00e4tsmatrix\" aus der Kurspr\u00e4sentationsreihe Harmonische und tonale Grundlagen vor.","robots":{"index":"index","follow":"follow","max-snippet":"max-snippet:-1","max-image-preview":"max-image-preview:large","max-video-preview":"max-video-preview:-1"},"canonical":"https:\/\/tonalibus.org\/de\/harmony\/anchored-tonalities-matrix\/","og_locale":"de_DE","og_type":"article","og_title":"Anchored Tonalities Matrix &#8211; TONALIBUS, Harmony and Tonalities","og_description":"A short visual progression presents the \"anchored tonalities matrix\" from the course presentation series Harmonic and Tonality Fundamentals.","og_url":"https:\/\/tonalibus.org\/de\/harmony\/anchored-tonalities-matrix\/","og_site_name":"TONALIBUS","article_modified_time":"2025-12-16T13:24:34+00:00","twitter_card":"summary_large_image","twitter_misc":{"Gesch\u00e4tzte Lesezeit":"1\u00a0Minute"},"schema":{"@context":"https:\/\/schema.org","@graph":[{"@type":"WebPage","@id":"https:\/\/tonalibus.org\/harmony\/anchored-tonalities-matrix\/","url":"https:\/\/tonalibus.org\/harmony\/anchored-tonalities-matrix\/","name":"Verankerte Tonalit\u00e4tsmatrix - TONALIBUS, Harmonie und Tonalit\u00e4ten","isPartOf":{"@id":"https:\/\/tonalibus.org\/de\/#website"},"datePublished":"2020-07-23T14:46:50+00:00","dateModified":"2025-12-16T13:24:34+00:00","description":"Eine kurze visuelle Progression stellt die \"verankerte Tonalit\u00e4tsmatrix\" aus der Kurspr\u00e4sentationsreihe Harmonische und tonale Grundlagen vor.","breadcrumb":{"@id":"https:\/\/tonalibus.org\/harmony\/anchored-tonalities-matrix\/#breadcrumb"},"inLanguage":"de-CH","potentialAction":[{"@type":"ReadAction","target":["https:\/\/tonalibus.org\/harmony\/anchored-tonalities-matrix\/"]}]},{"@type":"BreadcrumbList","@id":"https:\/\/tonalibus.org\/harmony\/anchored-tonalities-matrix\/#breadcrumb","itemListElement":[{"@type":"ListItem","position":1,"name":"Home","item":"https:\/\/tonalibus.org\/"},{"@type":"ListItem","position":2,"name":"Harmony","item":"https:\/\/tonalibus.org\/harmony\/"},{"@type":"ListItem","position":3,"name":"Anchored Tonalities Matrix"}]},{"@type":"WebSite","@id":"https:\/\/tonalibus.org\/de\/#website","url":"https:\/\/tonalibus.org\/de\/","name":"TONALIBUS","description":"Verankerte Harmonie und Tonalit\u00e4ten","publisher":{"@id":"https:\/\/tonalibus.org\/de\/#\/schema\/person\/749261d7bc96d1f00127273f83ab96a4"},"potentialAction":[{"@type":"SearchAction","target":{"@type":"EntryPoint","urlTemplate":"https:\/\/tonalibus.org\/de\/?s={search_term_string}"},"query-input":{"@type":"PropertyValueSpecification","valueRequired":true,"valueName":"search_term_string"}}],"inLanguage":"de-CH"},{"@type":["Person","Organization"],"@id":"https:\/\/tonalibus.org\/de\/#\/schema\/person\/749261d7bc96d1f00127273f83ab96a4","name":"Ulrico","image":{"@type":"ImageObject","inLanguage":"de-CH","@id":"https:\/\/tonalibus.org\/wp-content\/uploads\/2020\/06\/uli-pix.jpg","url":"https:\/\/tonalibus.org\/wp-content\/uploads\/2020\/06\/uli-pix.jpg","contentUrl":"https:\/\/tonalibus.org\/wp-content\/uploads\/2020\/06\/uli-pix.jpg","width":960,"height":720,"caption":"Ulrico"},"logo":{"@id":"https:\/\/tonalibus.org\/wp-content\/uploads\/2020\/06\/uli-pix.jpg"},"sameAs":["https:\/\/tonalibus.cyon.site"]}]}},"_links":{"self":[{"href":"https:\/\/tonalibus.org\/de\/wp-json\/wp\/v2\/pages\/2855","targetHints":{"allow":["GET"]}}],"collection":[{"href":"https:\/\/tonalibus.org\/de\/wp-json\/wp\/v2\/pages"}],"about":[{"href":"https:\/\/tonalibus.org\/de\/wp-json\/wp\/v2\/types\/page"}],"author":[{"embeddable":true,"href":"https:\/\/tonalibus.org\/de\/wp-json\/wp\/v2\/users\/1"}],"replies":[{"embeddable":true,"href":"https:\/\/tonalibus.org\/de\/wp-json\/wp\/v2\/comments?post=2855"}],"version-history":[{"count":1,"href":"https:\/\/tonalibus.org\/de\/wp-json\/wp\/v2\/pages\/2855\/revisions"}],"predecessor-version":[{"id":37957,"href":"https:\/\/tonalibus.org\/de\/wp-json\/wp\/v2\/pages\/2855\/revisions\/37957"}],"up":[{"embeddable":true,"href":"https:\/\/tonalibus.org\/de\/wp-json\/wp\/v2\/pages\/35638"}],"wp:attachment":[{"href":"https:\/\/tonalibus.org\/de\/wp-json\/wp\/v2\/media?parent=2855"}],"curies":[{"name":"wp","href":"https:\/\/api.w.org\/{rel}","templated":true}]}}