{"id":28589,"date":"2023-11-05T23:00:31","date_gmt":"2023-11-05T22:00:31","guid":{"rendered":"https:\/\/tonalibus.org\/?page_id=28589"},"modified":"2023-12-31T09:35:22","modified_gmt":"2023-12-31T08:35:22","slug":"november-2023-sounds","status":"publish","type":"page","link":"https:\/\/tonalibus.org\/de\/sounds\/2023-sounds-and-images\/november-2023-sounds\/","title":{"rendered":"November 2023 Kl\u00e4nge"},"content":{"rendered":"<h2 class=\"wp-block-heading has-text-color\" style=\"color:#f7b320\">Pers\u00f6nliche und kooperative Kl\u00e4nge vom November 2023<\/h2>\n\n\n\n<p class=\"has-text-color\" style=\"color:#f7b320\">Nachfolgend findst du pers\u00f6nliche und kooperative Kl\u00e4nge<em> <\/em>vom November 2023.<em> <\/em>Dies sind spontane, originelle Improvisationen und Soundscapes von <a href=\"https:\/\/tonalibus.org\/de\/about-tonalibus\/ulrico\/\"><mark style=\"background-color:rgba(0, 0, 0, 0);color:#f7b320\" class=\"has-inline-color\">Ulrico<\/mark><\/a><mark style=\"background-color:rgba(0, 0, 0, 0)\" class=\"has-inline-color has-black-color\"> <\/mark>auf verschiedenen Instrumenten, mehrschichtig oder einspurig, sowie Kooperations-St\u00fccke mit anderen Musikern, wie angegeben.<\/p>\n\n\n\n<h3 class=\"wp-block-heading has-text-color has-link-color wp-elements-d1f3cc90fbf587cd71402755c3ac6a86\" id=\"river\" style=\"color:#f7b320\">\u201cThe river\u2019s current\u201d \u2013 Spontanit\u00e4t in freiem Fluss<\/h3>\n\n\n\n<figure class=\"wp-block-audio\"><audio controls src=\"https:\/\/tonalibus.org\/wp-content\/uploads\/2023\/11\/2023-11-22-CB-7G-BB.mp3\" preload=\"metadata\"><\/audio><figcaption class=\"wp-element-caption\"><a href=\"https:\/\/tonalibus.org\/de\/tonalities\/diatonic-heptatonalities\/phrygian\/\"><mark style=\"background-color:rgba(0, 0, 0, 0);color:#f7b320\" class=\"has-inline-color\">Phrygisch<\/mark><\/a><mark style=\"background-color:rgba(0, 0, 0, 0);color:#f7b320\" class=\"has-inline-color\"> basiert auf E (rel. 435 Hz) \u2013 Christina Braun: Stimme \u2013 Ulrico: 7-saitige Gitarre, Bass-Schale \u2013 6:40<\/mark><\/figcaption><\/figure>\n\n\n\n<h3 class=\"wp-block-heading has-text-color has-link-color wp-elements-36df2bc1fc674e44b781729e9e9dc691\" id=\"skies\" style=\"color:#f7b320\">\u201cSkies close by\u201d \u2013 blaue Reise als Seele<\/h3>\n\n\n\n<figure class=\"wp-block-audio\"><audio controls src=\"https:\/\/tonalibus.org\/wp-content\/uploads\/2023\/11\/2023-11-22-CB-VIO-BA-TA.mp3\" preload=\"metadata\"><\/audio><figcaption class=\"wp-element-caption\"><a href=\"https:\/\/tonalibus.org\/de\/tonalities\/pentatonalities\/pentamin-or-pentaeol-pentatonic-minor\/\"><mark style=\"background-color:rgba(0, 0, 0, 0);color:#f7b320\" class=\"has-inline-color\">PentaMin \/ Penta\u00c4ol<\/mark><\/a><mark style=\"background-color:rgba(0, 0, 0, 0);color:#f7b320\" class=\"has-inline-color\"> (pentatonisch Moll) basiert auf A (rel. 442 Hz) \u2013 Christina Braun: Violine \u2013 Ulrico: Bass, Tanpura \u2013 3:45<\/mark><\/figcaption><\/figure>\n\n\n\n<h3 class=\"wp-block-heading has-text-color has-link-color wp-elements-b7867f1e8976608a0c6367e79ed42c04\" id=\"layers\" style=\"color:#f7b320\">\u201cLayers\u201d \u2013 modulare Bausteine der Welt<\/h3>\n\n\n\n<figure class=\"wp-block-audio\"><audio controls src=\"https:\/\/tonalibus.org\/wp-content\/uploads\/2023\/11\/2023-11-22-CB-5G-SA-CRO.mp3\" preload=\"metadata\"><\/audio><figcaption class=\"wp-element-caption\"><a href=\"https:\/\/tonalibus.org\/de\/tonalities\/pentatonalities\/pentaprola-or-pentaion-pentatonic-major\/\"><mark style=\"background-color:rgba(0, 0, 0, 0);color:#f7b320\" class=\"has-inline-color\">PentaProLa \/ PentaIon<\/mark><\/a><mark style=\"background-color:rgba(0, 0, 0, 0);color:#f7b320\" class=\"has-inline-color\"> (pentatonisch Dur) basiert auf C# (rel. 438 Hz) \u2013 Christina Braun: Stimme \u2013 Ulrico: 5-saitige Gitarre, singende S\u00e4ge, Crotales \u2013 4:46<\/mark><\/figcaption><\/figure>\n\n\n\n<h3 class=\"wp-block-heading has-text-color has-link-color wp-elements-b60aeda0cca8e2df7e12d4688800f688\" id=\"universes\" style=\"color:#f7b320\">\u201cUniverses\u201d \u2013 Ecken der Klangtempel-Konstellation<\/h3>\n\n\n\n<figure class=\"wp-block-audio\"><audio controls src=\"https:\/\/tonalibus.org\/wp-content\/uploads\/2023\/11\/2023-11-22-CB-4GO.mp3\" preload=\"metadata\"><\/audio><figcaption class=\"wp-element-caption\"><a href=\"https:\/\/tonalibus.org\/de\/tonalities\/core-tonalities\/\"><mark style=\"background-color:rgba(0, 0, 0, 0);color:#f7b320\" class=\"has-inline-color\">Core-Tonalit\u00e4t<\/mark><\/a><mark style=\"background-color:rgba(0, 0, 0, 0);color:#f7b320\" class=\"has-inline-color\"> basiert auf C#, G, A#, E (rel. 438 Hz) \u2013 Christina Braun: Stimme \u2013 Ulrico: Gongs \u2013 5:20 <\/mark><\/figcaption><\/figure>\n\n\n\n<h3 class=\"wp-block-heading has-text-color has-link-color wp-elements-4b75c36e7e4f236aaedd071f07c8145e\" id=\"sardic\" style=\"color:#f7b320\">\u201cSardic spiral stairwell\u201d \u2013 f\u00fcr spirituell veranlagte Wesen<\/h3>\n\n\n\n<figure class=\"wp-block-audio\"><audio controls src=\"https:\/\/tonalibus.org\/wp-content\/uploads\/2023\/11\/2023-11-18-R07-0011-BB7G.mp3\" preload=\"metadata\"><\/audio><figcaption class=\"wp-element-caption\"><mark style=\"background-color:rgba(0, 0, 0, 0);color:#f7b320\" class=\"has-inline-color\">TetraNaLa, <\/mark><a href=\"https:\/\/tonalibus.org\/de\/tonalities\/pentatonalities\/pentaprola-or-pentaion-pentatonic-major\/\"><mark style=\"background-color:rgba(0, 0, 0, 0);color:#f7b320\" class=\"has-inline-color\">PentaProLa \/ PentaIon<\/mark><\/a><mark style=\"background-color:rgba(0, 0, 0, 0);color:#f7b320\" class=\"has-inline-color\"> (pentatonisch Dur), <\/mark><a href=\"https:\/\/tonalibus.org\/de\/tonalities\/hexatonalities\/hexabluna-or-hexalolo\/\"><mark style=\"background-color:rgba(0, 0, 0, 0);color:#f7b320\" class=\"has-inline-color\">HexaBluNa \/ HexaLolo<\/mark><\/a><mark style=\"background-color:rgba(0, 0, 0, 0);color:#f7b320\" class=\"has-inline-color\">, <\/mark><a href=\"https:\/\/tonalibus.org\/de\/tonalities\/pentatonalities\/tetrana\/\"><mark style=\"background-color:rgba(0, 0, 0, 0);color:#f7b320\" class=\"has-inline-color\">TetraNa<\/mark><\/a><mark style=\"background-color:rgba(0, 0, 0, 0);color:#f7b320\" class=\"has-inline-color\">, &amp; Ableitungen auf E (rel. 435 Hz) \u2013 Stimmen-Duett mit Karin Gs\u00f6llpointner, 7-saitige Gitarre, Bass-Schale, Tanpura \u2013 8:17<\/mark><\/figcaption><\/figure>\n\n\n\n<h3 class=\"wp-block-heading has-text-color\" id=\"chief\" style=\"color:#f7b320\">\u201cMischief or miss a chief\u201d \u2013 PentaBluNaLa mit Chant<\/h3>\n\n\n\n<figure class=\"wp-block-audio\"><audio controls src=\"https:\/\/tonalibus.org\/wp-content\/uploads\/2023\/11\/2023-11-06-PENTABLUNALA-8GTAVOVO.mp3\" preload=\"metadata\"><\/audio><figcaption class=\"wp-element-caption\"><a href=\"https:\/\/tonalibus.org\/de\/tonalities\/pentatonalities\/pentablunala\/\"><mark style=\"background-color:rgba(0, 0, 0, 0);color:#f7b320\" class=\"has-inline-color\">PentaBluNaLa<\/mark><\/a> <mark style=\"background-color:rgba(0, 0, 0, 0);color:#f7b320\" class=\"has-inline-color\">auf C# (rel. 438 Hz) \u2013 8-saitige Gitarre, zweifach Stimme, Tanpura \u2013 5:01<\/mark><\/figcaption><\/figure>\n\n\n\n<h3 class=\"wp-block-heading has-text-color\" id=\"meow\" style=\"color:#f7b320\">\u201cHappy cat\u2019s meow\u201d \u2013 Kopf und Herz<\/h3>\n\n\n\n<figure class=\"wp-block-audio\"><audio controls src=\"https:\/\/tonalibus.org\/wp-content\/uploads\/2023\/11\/2023-11-03-WABALS8GG.mp3\" preload=\"metadata\"><\/audio><figcaption class=\"wp-element-caption\"><a href=\"https:\/\/tonalibus.org\/de\/tonalities\/pentatonalities\/pentamin-or-pentaeol-pentatonic-minor\/\"><mark style=\"background-color:rgba(0, 0, 0, 0);color:#f7b320\" class=\"has-inline-color\">PentaMin \/ Penta\u00c4ol<\/mark><\/a><mark style=\"background-color:rgba(0, 0, 0, 0);color:#f7b320\" class=\"has-inline-color\"> (pentatonisch Moll) auf C# (rel. 438 Hz) \u2013 Bass, Lap-Slide-Gitarre, zweifach 8-saitige Gitarre \u2013 4:26<\/mark><\/figcaption><\/figure>\n\n\n\n<div style=\"height:56px\" aria-hidden=\"true\" class=\"wp-block-spacer\"><\/div>\n\n\n\n<figure class=\"wp-block-image size-large\"><img loading=\"lazy\" decoding=\"async\" width=\"1024\" height=\"576\" src=\"https:\/\/tonalibus.org\/wp-content\/uploads\/2023\/10\/IMG_4479-xc-wide-1024x576.jpg\" alt=\"November 2023 sounds\" class=\"wp-image-28513\" srcset=\"https:\/\/tonalibus.org\/wp-content\/uploads\/2023\/10\/IMG_4479-xc-wide-1024x576.jpg 1024w, https:\/\/tonalibus.org\/wp-content\/uploads\/2023\/10\/IMG_4479-xc-wide-300x169.jpg 300w, https:\/\/tonalibus.org\/wp-content\/uploads\/2023\/10\/IMG_4479-xc-wide-768x432.jpg 768w, https:\/\/tonalibus.org\/wp-content\/uploads\/2023\/10\/IMG_4479-xc-wide-1536x864.jpg 1536w, https:\/\/tonalibus.org\/wp-content\/uploads\/2023\/10\/IMG_4479-xc-wide-2048x1152.jpg 2048w, https:\/\/tonalibus.org\/wp-content\/uploads\/2023\/10\/IMG_4479-xc-wide-18x10.jpg 18w, https:\/\/tonalibus.org\/wp-content\/uploads\/2023\/10\/IMG_4479-xc-wide-1320x742.jpg 1320w\" sizes=\"auto, (max-width: 706px) 89vw, (max-width: 767px) 82vw, 740px\" \/><figcaption class=\"wp-element-caption\">Generationen lernen immer mehr im Licht zu stehen \u2013 Oktober 2023 \u2013 Lake Minnewashta, USA \u2013 Foto: L. Sacchet<\/figcaption><\/figure>","protected":false},"excerpt":{"rendered":"<p>Pers\u00f6nliche und kooperative Sounds vom November 2023 Unten findest du pers\u00f6nliche und kooperative Sounds vom November 2023. Es handelt sich um spontane, originelle Improvisationen und Klanglandschaften von Ulrico auf verschiedenen Instrumenten, mehrschichtig oder einspurig, sowie Kooperationsst\u00fccke mit anderen Musikern, wie angegeben. \"The river's current\" - free flow spontaneity \"Skies close by\" - traveling blue as ... <\/p>\n<p class=\"link-more\"><a href=\"https:\/\/tonalibus.org\/de\/sounds\/2023-sounds-and-images\/november-2023-sounds\/\" class=\"more-link\"><span class=\"screen-reader-text\">\"November 2023 klingt\"<\/span> weiterlesen<\/a><\/p>","protected":false},"author":1,"featured_media":0,"parent":22314,"menu_order":11,"comment_status":"closed","ping_status":"closed","template":"","meta":{"footnotes":""},"class_list":["post-28589","page","type-page","status-publish","hentry"],"yoast_head":"<!-- This site is optimized with the Yoast SEO plugin v27.5 - https:\/\/yoast.com\/product\/yoast-seo-wordpress\/ -->\n<title>November 2023 sounds &#8211; TONALIBUS Harmony and Tonalities<\/title>\n<meta name=\"description\" content=\"Here you find personal November 2023 sounds. They are spontaneous, original improvisations and soundscapes by Ulrico.\" \/>\n<meta name=\"robots\" content=\"index, follow, max-snippet:-1, max-image-preview:large, max-video-preview:-1\" \/>\n<link rel=\"canonical\" href=\"https:\/\/tonalibus.org\/de\/sounds\/2023-sounds-and-images\/november-2023-sounds\/\" \/>\n<meta property=\"og:locale\" content=\"de_DE\" \/>\n<meta property=\"og:type\" content=\"article\" \/>\n<meta property=\"og:title\" content=\"November 2023 sounds &#8211; TONALIBUS Harmony and Tonalities\" \/>\n<meta property=\"og:description\" content=\"Here you find personal November 2023 sounds. They are spontaneous, original improvisations and soundscapes by Ulrico.\" \/>\n<meta property=\"og:url\" content=\"https:\/\/tonalibus.org\/de\/sounds\/2023-sounds-and-images\/november-2023-sounds\/\" \/>\n<meta property=\"og:site_name\" content=\"TONALIBUS\" \/>\n<meta property=\"article:modified_time\" content=\"2023-12-31T08:35:22+00:00\" \/>\n<meta property=\"og:image\" content=\"https:\/\/tonalibus.org\/wp-content\/uploads\/2023\/10\/IMG_4479-xc-wide-1024x576.jpg\" \/>\n<meta name=\"twitter:card\" content=\"summary_large_image\" \/>\n<meta name=\"twitter:label1\" content=\"Gesch\u00e4tzte Lesezeit\" \/>\n\t<meta name=\"twitter:data1\" content=\"2\u00a0Minuten\" \/>\n<script type=\"application\/ld+json\" class=\"yoast-schema-graph\">{\"@context\":\"https:\\\/\\\/schema.org\",\"@graph\":[{\"@type\":\"WebPage\",\"@id\":\"https:\\\/\\\/tonalibus.org\\\/sounds\\\/2023-sounds-and-images\\\/november-2023-sounds\\\/\",\"url\":\"https:\\\/\\\/tonalibus.org\\\/sounds\\\/2023-sounds-and-images\\\/november-2023-sounds\\\/\",\"name\":\"November 2023 sounds &#8211; TONALIBUS Harmony and Tonalities\",\"isPartOf\":{\"@id\":\"https:\\\/\\\/tonalibus.org\\\/de\\\/#website\"},\"primaryImageOfPage\":{\"@id\":\"https:\\\/\\\/tonalibus.org\\\/sounds\\\/2023-sounds-and-images\\\/november-2023-sounds\\\/#primaryimage\"},\"image\":{\"@id\":\"https:\\\/\\\/tonalibus.org\\\/sounds\\\/2023-sounds-and-images\\\/november-2023-sounds\\\/#primaryimage\"},\"thumbnailUrl\":\"https:\\\/\\\/tonalibus.org\\\/wp-content\\\/uploads\\\/2023\\\/10\\\/IMG_4479-xc-wide-1024x576.jpg\",\"datePublished\":\"2023-11-05T22:00:31+00:00\",\"dateModified\":\"2023-12-31T08:35:22+00:00\",\"description\":\"Here you find personal November 2023 sounds. They are spontaneous, original improvisations and soundscapes by Ulrico.\",\"breadcrumb\":{\"@id\":\"https:\\\/\\\/tonalibus.org\\\/sounds\\\/2023-sounds-and-images\\\/november-2023-sounds\\\/#breadcrumb\"},\"inLanguage\":\"de-CH\",\"potentialAction\":[{\"@type\":\"ReadAction\",\"target\":[\"https:\\\/\\\/tonalibus.org\\\/sounds\\\/2023-sounds-and-images\\\/november-2023-sounds\\\/\"]}]},{\"@type\":\"ImageObject\",\"inLanguage\":\"de-CH\",\"@id\":\"https:\\\/\\\/tonalibus.org\\\/sounds\\\/2023-sounds-and-images\\\/november-2023-sounds\\\/#primaryimage\",\"url\":\"https:\\\/\\\/tonalibus.org\\\/wp-content\\\/uploads\\\/2023\\\/10\\\/IMG_4479-xc-wide-1024x576.jpg\",\"contentUrl\":\"https:\\\/\\\/tonalibus.org\\\/wp-content\\\/uploads\\\/2023\\\/10\\\/IMG_4479-xc-wide-1024x576.jpg\"},{\"@type\":\"BreadcrumbList\",\"@id\":\"https:\\\/\\\/tonalibus.org\\\/sounds\\\/2023-sounds-and-images\\\/november-2023-sounds\\\/#breadcrumb\",\"itemListElement\":[{\"@type\":\"ListItem\",\"position\":1,\"name\":\"Home\",\"item\":\"https:\\\/\\\/tonalibus.org\\\/\"},{\"@type\":\"ListItem\",\"position\":2,\"name\":\"Sounds\",\"item\":\"https:\\\/\\\/tonalibus.org\\\/sounds\\\/\"},{\"@type\":\"ListItem\",\"position\":3,\"name\":\"2023 Sounds and Images\",\"item\":\"https:\\\/\\\/tonalibus.org\\\/sounds\\\/2023-sounds-and-images\\\/\"},{\"@type\":\"ListItem\",\"position\":4,\"name\":\"November 2023 sounds\"}]},{\"@type\":\"WebSite\",\"@id\":\"https:\\\/\\\/tonalibus.org\\\/de\\\/#website\",\"url\":\"https:\\\/\\\/tonalibus.org\\\/de\\\/\",\"name\":\"TONALIBUS\",\"description\":\"Anchored Harmony and Tonalities\",\"publisher\":{\"@id\":\"https:\\\/\\\/tonalibus.org\\\/de\\\/#\\\/schema\\\/person\\\/749261d7bc96d1f00127273f83ab96a4\"},\"potentialAction\":[{\"@type\":\"SearchAction\",\"target\":{\"@type\":\"EntryPoint\",\"urlTemplate\":\"https:\\\/\\\/tonalibus.org\\\/de\\\/?s={search_term_string}\"},\"query-input\":{\"@type\":\"PropertyValueSpecification\",\"valueRequired\":true,\"valueName\":\"search_term_string\"}}],\"inLanguage\":\"de-CH\"},{\"@type\":[\"Person\",\"Organization\"],\"@id\":\"https:\\\/\\\/tonalibus.org\\\/de\\\/#\\\/schema\\\/person\\\/749261d7bc96d1f00127273f83ab96a4\",\"name\":\"Ulrico\",\"image\":{\"@type\":\"ImageObject\",\"inLanguage\":\"de-CH\",\"@id\":\"https:\\\/\\\/tonalibus.org\\\/wp-content\\\/uploads\\\/2020\\\/06\\\/uli-pix.jpg\",\"url\":\"https:\\\/\\\/tonalibus.org\\\/wp-content\\\/uploads\\\/2020\\\/06\\\/uli-pix.jpg\",\"contentUrl\":\"https:\\\/\\\/tonalibus.org\\\/wp-content\\\/uploads\\\/2020\\\/06\\\/uli-pix.jpg\",\"width\":960,\"height\":720,\"caption\":\"Ulrico\"},\"logo\":{\"@id\":\"https:\\\/\\\/tonalibus.org\\\/wp-content\\\/uploads\\\/2020\\\/06\\\/uli-pix.jpg\"},\"sameAs\":[\"https:\\\/\\\/tonalibus.cyon.site\"]}]}<\/script>\n<!-- \/ Yoast SEO plugin. -->","yoast_head_json":{"title":"November 2023 Kl\u00e4nge - TONALIBUS Harmonie und Tonalit\u00e4ten","description":"Hier finden Sie pers\u00f6nliche November 2023 Sounds. Es sind spontane, originelle Improvisationen und Soundscapes von Ulrico.","robots":{"index":"index","follow":"follow","max-snippet":"max-snippet:-1","max-image-preview":"max-image-preview:large","max-video-preview":"max-video-preview:-1"},"canonical":"https:\/\/tonalibus.org\/de\/sounds\/2023-sounds-and-images\/november-2023-sounds\/","og_locale":"de_DE","og_type":"article","og_title":"November 2023 sounds &#8211; TONALIBUS Harmony and Tonalities","og_description":"Here you find personal November 2023 sounds. They are spontaneous, original improvisations and soundscapes by Ulrico.","og_url":"https:\/\/tonalibus.org\/de\/sounds\/2023-sounds-and-images\/november-2023-sounds\/","og_site_name":"TONALIBUS","article_modified_time":"2023-12-31T08:35:22+00:00","og_image":[{"url":"https:\/\/tonalibus.org\/wp-content\/uploads\/2023\/10\/IMG_4479-xc-wide-1024x576.jpg","type":"","width":"","height":""}],"twitter_card":"summary_large_image","twitter_misc":{"Gesch\u00e4tzte Lesezeit":"2\u00a0Minuten"},"schema":{"@context":"https:\/\/schema.org","@graph":[{"@type":"WebPage","@id":"https:\/\/tonalibus.org\/sounds\/2023-sounds-and-images\/november-2023-sounds\/","url":"https:\/\/tonalibus.org\/sounds\/2023-sounds-and-images\/november-2023-sounds\/","name":"November 2023 Kl\u00e4nge - TONALIBUS Harmonie und Tonalit\u00e4ten","isPartOf":{"@id":"https:\/\/tonalibus.org\/de\/#website"},"primaryImageOfPage":{"@id":"https:\/\/tonalibus.org\/sounds\/2023-sounds-and-images\/november-2023-sounds\/#primaryimage"},"image":{"@id":"https:\/\/tonalibus.org\/sounds\/2023-sounds-and-images\/november-2023-sounds\/#primaryimage"},"thumbnailUrl":"https:\/\/tonalibus.org\/wp-content\/uploads\/2023\/10\/IMG_4479-xc-wide-1024x576.jpg","datePublished":"2023-11-05T22:00:31+00:00","dateModified":"2023-12-31T08:35:22+00:00","description":"Hier finden Sie pers\u00f6nliche November 2023 Sounds. Es sind spontane, originelle Improvisationen und Soundscapes von Ulrico.","breadcrumb":{"@id":"https:\/\/tonalibus.org\/sounds\/2023-sounds-and-images\/november-2023-sounds\/#breadcrumb"},"inLanguage":"de-CH","potentialAction":[{"@type":"ReadAction","target":["https:\/\/tonalibus.org\/sounds\/2023-sounds-and-images\/november-2023-sounds\/"]}]},{"@type":"ImageObject","inLanguage":"de-CH","@id":"https:\/\/tonalibus.org\/sounds\/2023-sounds-and-images\/november-2023-sounds\/#primaryimage","url":"https:\/\/tonalibus.org\/wp-content\/uploads\/2023\/10\/IMG_4479-xc-wide-1024x576.jpg","contentUrl":"https:\/\/tonalibus.org\/wp-content\/uploads\/2023\/10\/IMG_4479-xc-wide-1024x576.jpg"},{"@type":"BreadcrumbList","@id":"https:\/\/tonalibus.org\/sounds\/2023-sounds-and-images\/november-2023-sounds\/#breadcrumb","itemListElement":[{"@type":"ListItem","position":1,"name":"Home","item":"https:\/\/tonalibus.org\/"},{"@type":"ListItem","position":2,"name":"Sounds","item":"https:\/\/tonalibus.org\/sounds\/"},{"@type":"ListItem","position":3,"name":"2023 Sounds and Images","item":"https:\/\/tonalibus.org\/sounds\/2023-sounds-and-images\/"},{"@type":"ListItem","position":4,"name":"November 2023 sounds"}]},{"@type":"WebSite","@id":"https:\/\/tonalibus.org\/de\/#website","url":"https:\/\/tonalibus.org\/de\/","name":"TONALIBUS","description":"Verankerte Harmonie und Tonalit\u00e4ten","publisher":{"@id":"https:\/\/tonalibus.org\/de\/#\/schema\/person\/749261d7bc96d1f00127273f83ab96a4"},"potentialAction":[{"@type":"SearchAction","target":{"@type":"EntryPoint","urlTemplate":"https:\/\/tonalibus.org\/de\/?s={search_term_string}"},"query-input":{"@type":"PropertyValueSpecification","valueRequired":true,"valueName":"search_term_string"}}],"inLanguage":"de-CH"},{"@type":["Person","Organization"],"@id":"https:\/\/tonalibus.org\/de\/#\/schema\/person\/749261d7bc96d1f00127273f83ab96a4","name":"Ulrico","image":{"@type":"ImageObject","inLanguage":"de-CH","@id":"https:\/\/tonalibus.org\/wp-content\/uploads\/2020\/06\/uli-pix.jpg","url":"https:\/\/tonalibus.org\/wp-content\/uploads\/2020\/06\/uli-pix.jpg","contentUrl":"https:\/\/tonalibus.org\/wp-content\/uploads\/2020\/06\/uli-pix.jpg","width":960,"height":720,"caption":"Ulrico"},"logo":{"@id":"https:\/\/tonalibus.org\/wp-content\/uploads\/2020\/06\/uli-pix.jpg"},"sameAs":["https:\/\/tonalibus.cyon.site"]}]}},"_links":{"self":[{"href":"https:\/\/tonalibus.org\/de\/wp-json\/wp\/v2\/pages\/28589","targetHints":{"allow":["GET"]}}],"collection":[{"href":"https:\/\/tonalibus.org\/de\/wp-json\/wp\/v2\/pages"}],"about":[{"href":"https:\/\/tonalibus.org\/de\/wp-json\/wp\/v2\/types\/page"}],"author":[{"embeddable":true,"href":"https:\/\/tonalibus.org\/de\/wp-json\/wp\/v2\/users\/1"}],"replies":[{"embeddable":true,"href":"https:\/\/tonalibus.org\/de\/wp-json\/wp\/v2\/comments?post=28589"}],"version-history":[{"count":0,"href":"https:\/\/tonalibus.org\/de\/wp-json\/wp\/v2\/pages\/28589\/revisions"}],"up":[{"embeddable":true,"href":"https:\/\/tonalibus.org\/de\/wp-json\/wp\/v2\/pages\/22314"}],"wp:attachment":[{"href":"https:\/\/tonalibus.org\/de\/wp-json\/wp\/v2\/media?parent=28589"}],"curies":[{"name":"wp","href":"https:\/\/api.w.org\/{rel}","templated":true}]}}