{"id":2876,"date":"2020-07-23T19:18:58","date_gmt":"2020-07-23T17:18:58","guid":{"rendered":"https:\/\/tonalibus.org\/?page_id=2876"},"modified":"2025-12-16T14:26:38","modified_gmt":"2025-12-16T13:26:38","slug":"quint-cycle","status":"publish","type":"page","link":"https:\/\/tonalibus.org\/de\/harmony\/quint-cycle\/","title":{"rendered":"Der Quinten-Zyklus"},"content":{"rendered":"<div class=\"wp-block-buttons is-horizontal is-content-justification-center is-layout-flex wp-container-core-buttons-is-layout-499968f5 wp-block-buttons-is-layout-flex\">\n<div class=\"wp-block-button is-style-outline is-style-outline--1\"><a class=\"wp-block-button__link wp-element-button\" href=\"#visuals\">Der Quinten-Zyklus \u2013<br>eine Darstellung der visuellen Grundlagen der Harmonie<\/a><\/div>\n<\/div>\n\n\n\n<div style=\"height:48px\" aria-hidden=\"true\" class=\"wp-block-spacer\"><\/div>\n\n\n\n<p class=\"has-text-color has-link-color wp-elements-3894d9405a29f6900568dfce9e7ffe43\" style=\"color:#f7b320\">Der Quinten-Zyklus oder <a aria-label=\"undefiniert (\u00f6ffnet in einer neuen Registerkarte)\" href=\"https:\/\/de.wikipedia.org\/wiki\/Quintenzirkel\" target=\"_blank\" rel=\"noreferrer noopener\"><mark style=\"background-color:rgba(0, 0, 0, 0);color:#f7b320\" class=\"has-inline-color\">Quintenzirkel<\/mark><\/a> ist ein allgemein bekannter Eckpfeiler der Harmonie in der Musik. Er folgt dem Muster eines regelm\u00e4ssigen <a aria-label=\"undefiniert (\u00f6ffnet in einer neuen Registerkarte)\" href=\"https:\/\/en.wikipedia.org\/wiki\/Dodecagram\" target=\"_blank\" rel=\"noreferrer noopener\"><mark style=\"background-color:rgba(0, 0, 0, 0);color:#f7b320\" class=\"has-inline-color\">Dodekagramms<\/mark><\/a>. Vielleicht erkennst du dies als Ausdruck <a aria-label=\"undefiniert (\u00f6ffnet in einer neuen Registerkarte)\" href=\"https:\/\/en.wikipedia.org\/wiki\/Sacred_geometry\" target=\"_blank\" rel=\"noreferrer noopener\"><mark style=\"background-color:rgba(0, 0, 0, 0);color:#f7b320\" class=\"has-inline-color\">heiliger Geometrie<\/mark><\/a>. Die <a href=\"https:\/\/tonalibus.org\/de\/fundamentals\/five-course-series\/\"><mark style=\"background-color:rgba(0, 0, 0, 0);color:#f7b320\" class=\"has-inline-color\">Reihe der Kurs-Pr\u00e4sentationen<\/mark><\/a> <em>Grundlagen der Harmonie und Tonalit\u00e4ten<\/em> pr\u00e4sentiert dies und mehr in ihrem vierten Modul <a href=\"https:\/\/tonalibus.org\/de\/fundamentals\/five-course-series\/basics-d\/\"><em><mark style=\"background-color:rgba(0, 0, 0, 0);color:#f7b320\" class=\"has-inline-color\">Vier Harmonische Anker und der Quinten-Zyklus<\/mark><\/em><\/a>.<\/p>\n\n\n\n<h3 class=\"wp-block-heading has-text-color\" style=\"color:#f7b320\">Der Quinten-Zyklus \u2013 eine verankerte Darstellung<\/h3>\n\n\n\n<figure id=\"visuals\" class=\"wp-block-video aligncenter\"><video height=\"1080\" style=\"aspect-ratio: 1920 \/ 1080;\" width=\"1920\" controls loop muted poster=\"https:\/\/tonalibus.org\/wp-content\/uploads\/2020\/08\/QuintCycle-2020-08-01w.jpg\" src=\"https:\/\/tonalibus.org\/wp-content\/uploads\/2020\/08\/QuintCycle-2020-08.mp4\"><\/video><figcaption class=\"wp-element-caption\"><mark style=\"background-color:rgba(0, 0, 0, 0);color:#f7b320\" class=\"has-inline-color\">Video-Loop ohne Ton \u2013 Einmal gestartet, wiederholt sich das Video, bis du es stoppst oder auf eine anderen Seite wechselst. Du kannst auch den Punkt in der Video-Kontroll-Leiste manuell verschieben, um dich in deinem eigenen Tempo durch die Bilder zu bewegen. <\/mark><\/figcaption><\/figure>","protected":false},"excerpt":{"rendered":"<p>Der Quintzyklus oder Quintenzirkel ist ein bekannter Eckpfeiler der Harmonie in der Musik. Er folgt dem Muster eines regelm\u00e4\u00dfigen Dodekagramms. Man kann ihn als einen Ausdruck der heiligen Geometrie erkennen. Die Kurspr\u00e4sentationsreihe Harmonische und tonale Grundlagen stellt dies und mehr in ihrem vierten Modul Quad Harmonic Anchors and ... <\/p>\n<p class=\"link-more\"><a href=\"https:\/\/tonalibus.org\/de\/harmony\/quint-cycle\/\" class=\"more-link\"><span class=\"screen-reader-text\">\"Der Quint-Zyklus\"<\/span> weiterlesen<\/a><\/p>","protected":false},"author":1,"featured_media":0,"parent":35638,"menu_order":16,"comment_status":"closed","ping_status":"closed","template":"","meta":{"footnotes":""},"class_list":["post-2876","page","type-page","status-publish","hentry"],"yoast_head":"<!-- This site is optimized with the Yoast SEO plugin v27.5 - https:\/\/yoast.com\/product\/yoast-seo-wordpress\/ -->\n<title>The Quint Cycle &#8211; TONALIBUS, Anchored Harmony and Tonalities<\/title>\n<meta name=\"description\" content=\"A short visual progression presents the circle of fifths or &quot;quint cycle&quot; from the presentation series Harmonic and Tonality Fundamentals.\" \/>\n<meta name=\"robots\" content=\"index, follow, max-snippet:-1, max-image-preview:large, max-video-preview:-1\" \/>\n<link rel=\"canonical\" href=\"https:\/\/tonalibus.org\/de\/harmony\/quint-cycle\/\" \/>\n<meta property=\"og:locale\" content=\"de_DE\" \/>\n<meta property=\"og:type\" content=\"article\" \/>\n<meta property=\"og:title\" content=\"The Quint Cycle &#8211; TONALIBUS, Anchored Harmony and Tonalities\" \/>\n<meta property=\"og:description\" content=\"A short visual progression presents the circle of fifths or &quot;quint cycle&quot; from the presentation series Harmonic and Tonality Fundamentals.\" \/>\n<meta property=\"og:url\" content=\"https:\/\/tonalibus.org\/de\/harmony\/quint-cycle\/\" \/>\n<meta property=\"og:site_name\" content=\"TONALIBUS\" \/>\n<meta property=\"article:modified_time\" content=\"2025-12-16T13:26:38+00:00\" \/>\n<meta name=\"twitter:card\" content=\"summary_large_image\" \/>\n<meta name=\"twitter:label1\" content=\"Gesch\u00e4tzte Lesezeit\" \/>\n\t<meta name=\"twitter:data1\" content=\"1\u00a0Minute\" \/>\n<script type=\"application\/ld+json\" class=\"yoast-schema-graph\">{\"@context\":\"https:\\\/\\\/schema.org\",\"@graph\":[{\"@type\":\"WebPage\",\"@id\":\"https:\\\/\\\/tonalibus.org\\\/harmony\\\/quint-cycle\\\/\",\"url\":\"https:\\\/\\\/tonalibus.org\\\/harmony\\\/quint-cycle\\\/\",\"name\":\"The Quint Cycle &#8211; TONALIBUS, Anchored Harmony and Tonalities\",\"isPartOf\":{\"@id\":\"https:\\\/\\\/tonalibus.org\\\/de\\\/#website\"},\"datePublished\":\"2020-07-23T17:18:58+00:00\",\"dateModified\":\"2025-12-16T13:26:38+00:00\",\"description\":\"A short visual progression presents the circle of fifths or \\\"quint cycle\\\" from the presentation series Harmonic and Tonality Fundamentals.\",\"breadcrumb\":{\"@id\":\"https:\\\/\\\/tonalibus.org\\\/harmony\\\/quint-cycle\\\/#breadcrumb\"},\"inLanguage\":\"de-CH\",\"potentialAction\":[{\"@type\":\"ReadAction\",\"target\":[\"https:\\\/\\\/tonalibus.org\\\/harmony\\\/quint-cycle\\\/\"]}]},{\"@type\":\"BreadcrumbList\",\"@id\":\"https:\\\/\\\/tonalibus.org\\\/harmony\\\/quint-cycle\\\/#breadcrumb\",\"itemListElement\":[{\"@type\":\"ListItem\",\"position\":1,\"name\":\"Home\",\"item\":\"https:\\\/\\\/tonalibus.org\\\/\"},{\"@type\":\"ListItem\",\"position\":2,\"name\":\"Harmony\",\"item\":\"https:\\\/\\\/tonalibus.org\\\/harmony\\\/\"},{\"@type\":\"ListItem\",\"position\":3,\"name\":\"The Quint Cycle\"}]},{\"@type\":\"WebSite\",\"@id\":\"https:\\\/\\\/tonalibus.org\\\/de\\\/#website\",\"url\":\"https:\\\/\\\/tonalibus.org\\\/de\\\/\",\"name\":\"TONALIBUS\",\"description\":\"Anchored Harmony and Tonalities\",\"publisher\":{\"@id\":\"https:\\\/\\\/tonalibus.org\\\/de\\\/#\\\/schema\\\/person\\\/749261d7bc96d1f00127273f83ab96a4\"},\"potentialAction\":[{\"@type\":\"SearchAction\",\"target\":{\"@type\":\"EntryPoint\",\"urlTemplate\":\"https:\\\/\\\/tonalibus.org\\\/de\\\/?s={search_term_string}\"},\"query-input\":{\"@type\":\"PropertyValueSpecification\",\"valueRequired\":true,\"valueName\":\"search_term_string\"}}],\"inLanguage\":\"de-CH\"},{\"@type\":[\"Person\",\"Organization\"],\"@id\":\"https:\\\/\\\/tonalibus.org\\\/de\\\/#\\\/schema\\\/person\\\/749261d7bc96d1f00127273f83ab96a4\",\"name\":\"Ulrico\",\"image\":{\"@type\":\"ImageObject\",\"inLanguage\":\"de-CH\",\"@id\":\"https:\\\/\\\/tonalibus.org\\\/wp-content\\\/uploads\\\/2020\\\/06\\\/uli-pix.jpg\",\"url\":\"https:\\\/\\\/tonalibus.org\\\/wp-content\\\/uploads\\\/2020\\\/06\\\/uli-pix.jpg\",\"contentUrl\":\"https:\\\/\\\/tonalibus.org\\\/wp-content\\\/uploads\\\/2020\\\/06\\\/uli-pix.jpg\",\"width\":960,\"height\":720,\"caption\":\"Ulrico\"},\"logo\":{\"@id\":\"https:\\\/\\\/tonalibus.org\\\/wp-content\\\/uploads\\\/2020\\\/06\\\/uli-pix.jpg\"},\"sameAs\":[\"https:\\\/\\\/tonalibus.cyon.site\"]}]}<\/script>\n<!-- \/ Yoast SEO plugin. -->","yoast_head_json":{"title":"Der Quint-Zyklus - TONALIBUS, Verankerte Harmonie und Tonalit\u00e4ten","description":"Eine kurze visuelle Progression stellt den Quintenzirkel oder \"Quintzyklus\" aus der Vortragsreihe Harmonische und tonale Grundlagen vor.","robots":{"index":"index","follow":"follow","max-snippet":"max-snippet:-1","max-image-preview":"max-image-preview:large","max-video-preview":"max-video-preview:-1"},"canonical":"https:\/\/tonalibus.org\/de\/harmony\/quint-cycle\/","og_locale":"de_DE","og_type":"article","og_title":"The Quint Cycle &#8211; TONALIBUS, Anchored Harmony and Tonalities","og_description":"A short visual progression presents the circle of fifths or \"quint cycle\" from the presentation series Harmonic and Tonality Fundamentals.","og_url":"https:\/\/tonalibus.org\/de\/harmony\/quint-cycle\/","og_site_name":"TONALIBUS","article_modified_time":"2025-12-16T13:26:38+00:00","twitter_card":"summary_large_image","twitter_misc":{"Gesch\u00e4tzte Lesezeit":"1\u00a0Minute"},"schema":{"@context":"https:\/\/schema.org","@graph":[{"@type":"WebPage","@id":"https:\/\/tonalibus.org\/harmony\/quint-cycle\/","url":"https:\/\/tonalibus.org\/harmony\/quint-cycle\/","name":"Der Quint-Zyklus - TONALIBUS, Verankerte Harmonie und Tonalit\u00e4ten","isPartOf":{"@id":"https:\/\/tonalibus.org\/de\/#website"},"datePublished":"2020-07-23T17:18:58+00:00","dateModified":"2025-12-16T13:26:38+00:00","description":"Eine kurze visuelle Progression stellt den Quintenzirkel oder \"Quintzyklus\" aus der Vortragsreihe Harmonische und tonale Grundlagen vor.","breadcrumb":{"@id":"https:\/\/tonalibus.org\/harmony\/quint-cycle\/#breadcrumb"},"inLanguage":"de-CH","potentialAction":[{"@type":"ReadAction","target":["https:\/\/tonalibus.org\/harmony\/quint-cycle\/"]}]},{"@type":"BreadcrumbList","@id":"https:\/\/tonalibus.org\/harmony\/quint-cycle\/#breadcrumb","itemListElement":[{"@type":"ListItem","position":1,"name":"Home","item":"https:\/\/tonalibus.org\/"},{"@type":"ListItem","position":2,"name":"Harmony","item":"https:\/\/tonalibus.org\/harmony\/"},{"@type":"ListItem","position":3,"name":"The Quint Cycle"}]},{"@type":"WebSite","@id":"https:\/\/tonalibus.org\/de\/#website","url":"https:\/\/tonalibus.org\/de\/","name":"TONALIBUS","description":"Verankerte Harmonie und Tonalit\u00e4ten","publisher":{"@id":"https:\/\/tonalibus.org\/de\/#\/schema\/person\/749261d7bc96d1f00127273f83ab96a4"},"potentialAction":[{"@type":"SearchAction","target":{"@type":"EntryPoint","urlTemplate":"https:\/\/tonalibus.org\/de\/?s={search_term_string}"},"query-input":{"@type":"PropertyValueSpecification","valueRequired":true,"valueName":"search_term_string"}}],"inLanguage":"de-CH"},{"@type":["Person","Organization"],"@id":"https:\/\/tonalibus.org\/de\/#\/schema\/person\/749261d7bc96d1f00127273f83ab96a4","name":"Ulrico","image":{"@type":"ImageObject","inLanguage":"de-CH","@id":"https:\/\/tonalibus.org\/wp-content\/uploads\/2020\/06\/uli-pix.jpg","url":"https:\/\/tonalibus.org\/wp-content\/uploads\/2020\/06\/uli-pix.jpg","contentUrl":"https:\/\/tonalibus.org\/wp-content\/uploads\/2020\/06\/uli-pix.jpg","width":960,"height":720,"caption":"Ulrico"},"logo":{"@id":"https:\/\/tonalibus.org\/wp-content\/uploads\/2020\/06\/uli-pix.jpg"},"sameAs":["https:\/\/tonalibus.cyon.site"]}]}},"_links":{"self":[{"href":"https:\/\/tonalibus.org\/de\/wp-json\/wp\/v2\/pages\/2876","targetHints":{"allow":["GET"]}}],"collection":[{"href":"https:\/\/tonalibus.org\/de\/wp-json\/wp\/v2\/pages"}],"about":[{"href":"https:\/\/tonalibus.org\/de\/wp-json\/wp\/v2\/types\/page"}],"author":[{"embeddable":true,"href":"https:\/\/tonalibus.org\/de\/wp-json\/wp\/v2\/users\/1"}],"replies":[{"embeddable":true,"href":"https:\/\/tonalibus.org\/de\/wp-json\/wp\/v2\/comments?post=2876"}],"version-history":[{"count":1,"href":"https:\/\/tonalibus.org\/de\/wp-json\/wp\/v2\/pages\/2876\/revisions"}],"predecessor-version":[{"id":37960,"href":"https:\/\/tonalibus.org\/de\/wp-json\/wp\/v2\/pages\/2876\/revisions\/37960"}],"up":[{"embeddable":true,"href":"https:\/\/tonalibus.org\/de\/wp-json\/wp\/v2\/pages\/35638"}],"wp:attachment":[{"href":"https:\/\/tonalibus.org\/de\/wp-json\/wp\/v2\/media?parent=2876"}],"curies":[{"name":"wp","href":"https:\/\/api.w.org\/{rel}","templated":true}]}}