{"id":3,"date":"2020-05-19T09:02:44","date_gmt":"2020-05-19T09:02:44","guid":{"rendered":"https:\/\/tonalibus.cyon.site\/?page_id=3"},"modified":"2025-08-31T18:32:09","modified_gmt":"2025-08-31T16:32:09","slug":"privacy-policy","status":"publish","type":"page","link":"https:\/\/tonalibus.org\/de\/start\/privacy-policy\/","title":{"rendered":"Datenschutz-Erkl\u00e4rung"},"content":{"rendered":"<h2 class=\"wp-block-heading has-text-color\" id=\"who-we-are\" style=\"color:#f7b320\">Wer wir sind<\/h2>\n\n\n\n<p><mark style=\"background-color:rgba(0, 0, 0, 0);color:#f7b320\" class=\"has-inline-color\">Tonalibus ist eine Kreation von Ulrico Sacchet aus dem Jahr 2020, die sich st\u00e4ndig erweitert.<br>Kontakt-Informationen finden Sie auf der Seite <\/mark><a href=\"https:\/\/tonalibus.org\/de\/contact\/\"><mark style=\"background-color:rgba(0, 0, 0, 0);color:#f7b320\" class=\"has-inline-color\">Kontakt<\/mark><\/a><mark style=\"background-color:rgba(0, 0, 0, 0);color:#f7b320\" class=\"has-inline-color\"> Seite dieser Website<br>https:\/\/tonalibus.org \u2013 https:\/\/tonalibus.com \u2013 https:\/\/tonalibus.ch<\/mark><\/p>\n\n\n\n<h2 class=\"wp-block-heading has-text-color\" id=\"what-personal-data-we-collect-and-why\" style=\"color:#f7b320\">Welche pers\u00f6nlichen Daten wir sammeln und warum<\/h2>\n\n\n\n<p class=\"has-text-color\" style=\"color:#f7b320\">Diese Website basiert auf WordPress, das standardm\u00e4ssig keine pers\u00f6nlichen Daten \u00fcber Besucher sammelt. Wir sammeln nur pers\u00f6nliche Daten, die explizit von den Benutzern angegeben werden, z.B. bei einer Kontakt-Aufnahme, einer Bewerbung, einem Antrag, einer Anfrage oder einem Kommentar oder bei einem Newsletter-Abonnement. Einige Plugins k\u00f6nnen zus\u00e4tzliche Daten wie unten angegeben sammeln. <\/p>\n\n\n\n<h3 class=\"wp-block-heading has-text-color\" style=\"color:#f7b320\">Kommentar<\/h3>\n\n\n\n<p><mark style=\"background-color:rgba(0, 0, 0, 0);color:#f7b320\" class=\"has-inline-color\">Wenn die Kommentar-Funktion irgendwo auf dieser Website aktiviert ist und Besucher Kommentare hinterlassen, erfassen wir die im Kommentar-Formular angezeigten Daten, die IP-Adresse des Besuchers und die User-Agent-String des Browsers, um Spam zu erkennen.<\/mark><\/p>\n\n\n\n<p class=\"has-text-color\" style=\"color:#f7b320\">Eine anonymisierte Zeichenfolge, die von Ihrer E-Mail-Adresse erstellt wird (ein Hash), wird dann an den Gravatar-Dienst gesendet, um zu sehen, ob Sie diesen Dienst verwenden (siehe <a href=\"https:\/\/automattic.com\/privacy\/\" target=\"_blank\" rel=\"noreferrer noopener\"><mark style=\"background-color:rgba(0, 0, 0, 0);color:#f7b320\" class=\"has-inline-color\">Datenschutzerkl\u00e4rung des Gravatar-Dienstes<\/mark><\/a>). Nach Genehmigung Ihres Kommentars kann Ihr Profil-Bild zusammen mit Ihrem Kommentar f\u00fcr die \u00d6ffentlichkeit sichtbar sein.<\/p>\n\n\n\n<h3 class=\"wp-block-heading has-text-color\" id=\"media\" style=\"color:#f7b320\">Medien<\/h3>\n\n\n\n<p class=\"has-text-color\" style=\"color:#f7b320\">Beim Hochladen von Bildern auf die Website k\u00f6nnen Sie das Hochladen von Bildern mit eingebetteten Standortdaten (EXIF GPS) vermeiden. Benutzer k\u00f6nnen die Standortdaten von solchen Bildern herunterladen und extrahieren.<\/p>\n\n\n\n<h3 class=\"wp-block-heading has-text-color\" id=\"contact-application-request-and-inquiry-forms\" style=\"color:#f7b320\">Kontakt-, Bewerbungs-, Antrags- und Anfrageformulare<\/h3>\n\n\n\n<p class=\"has-text-color\" style=\"color:#f7b320\">In den Dateneingabe-Formularen auf dieser Website m\u00fcssen Sie ausdr\u00fccklich Ihr Einverst\u00e4ndnis mit der Verwendung der von Ihnen angegebenen pers\u00f6nlichen Daten durch Tonalibus zur Verfolgung und Bearbeitung Ihrer Anfrage(n) best\u00e4tigen. Wenn Sie ein Kontakt-, Bewerbungs-, Antrags- oder Anfrage-Formular ausf\u00fcllen, werden die von Ihnen angegebenen pers\u00f6nlichen Daten, z.B. Name und E-Mail-Adresse, gespeichert und zur Bearbeitung Ihrer Anfrage verwendet. Diese Informationen werden gel\u00f6scht, wenn sie nicht mehr ben\u00f6tigt werden, und werden nicht f\u00fcr andere Zwecke verwendet.<\/p>\n\n\n\n<h3 class=\"wp-block-heading has-text-color\" id=\"newsletter-subscriptions\" style=\"color:#f7b320\">Newsletter-Abonnements<\/h3>\n\n\n\n<p class=\"has-text-color\" style=\"color:#f7b320\">Im Anschluss an Ihr Newsletter-Abonnement auf unserer Website m\u00fcssen Sie Ihr Abonnement und Ihre E-Mail-Adresse best\u00e4tigen, indem Sie auf einen Link zu unserer Website klicken, den Tonalibus automatisch an die von Ihnen angegebene E-Mail-Adresse sendet. Diese Best\u00e4tigung aktiviert Ihr Tonalibus-Newsletter-Abonnement, das bis zu diesem Zeitpunkt inaktiv bleibt. Jeder Newsletter enth\u00e4lt unten einen Link zum Abbestellen, der angeklickt werden kann, um das Abonnement zu stornieren. MailPoet, das von Tonalibus verwendete Newsletter-Plugin, sammelt routinem\u00e4ssig Daten dar\u00fcber, ob ein Newsletter-E-Mail angeklickt, ge\u00f6ffnet usw. wird. Tonalibus verwendet solche Daten nur, um einen \u00dcberblick dar\u00fcber zu erhalten, wie gut eine Newsletter-Ausgabe empfangen wurde.  <\/p>\n\n\n\n<h3 class=\"wp-block-heading has-text-color\" id=\"user-authentication\" style=\"color:#f7b320\">Benutzer-Authentifizierung<\/h3>\n\n\n\n<p class=\"has-text-color\" style=\"color:#f7b320\">Zur \u00dcberpr\u00fcfung der Benutzer-Authentizit\u00e4t vor der Annahme von Benutzer-Eingaben, wie Newsletter-Abonnements oder auf Dateneingabe-Bildschirmen, verwendet diese Website eine einfache Version von Google reCAPTCHA. Siehe Google's <a href=\"https:\/\/www.google.com\/intl\/de\/policies\/privacy\/\" target=\"_blank\" rel=\"noreferrer noopener\"><mark style=\"background-color:rgba(0, 0, 0, 0);color:#f7b320\" class=\"has-inline-color\">Datenschutz-Erkl\u00e4rung<\/mark><\/a> und <a href=\"https:\/\/policies.google.com\/terms?hl=de\" target=\"_blank\" rel=\"noreferrer noopener\"><mark style=\"background-color:rgba(0, 0, 0, 0);color:#f7b320\" class=\"has-inline-color\">Nutzungs-Bedingungen<\/mark><\/a>.<\/p>\n\n\n\n<h3 class=\"wp-block-heading has-text-color\" id=\"cookies\" style=\"color:#f7b320\">Cookies<\/h3>\n\n\n\n<p class=\"has-text-color\" style=\"color:#f7b320\">Wenn Sie einen Kommentar auf dieser Website hinterlassen, k\u00f6nnen Sie sich daf\u00fcr entscheiden, Ihren Namen, Ihre E-Mail-Adresse und Ihre Website in Cookies zu speichern. Solche Cookies dienen Ihrer Bequemlichkeit, so dass Sie Ihre Angaben nicht erneut eingeben m\u00fcssen, wenn Sie einen weiteren Kommentar hinterlassen. Diese Cookies haben eine Lebensdauer von einem Jahr.<\/p>\n\n\n\n<p class=\"has-text-color\" style=\"color:#f7b323\">Wenn wir eine Anmelde-Seite auf dieser Website anbieten und Sie diese besuchen, setzen wir ein tempor\u00e4res Cookie, um festzustellen, ob Ihr Browser Cookies akzeptiert. Dieses Cookie enth\u00e4lt keine pers\u00f6nlichen Daten und wird verworfen, wenn Sie Ihren Browser schliessen. Wenn Sie sich einloggen, richten wir Cookies mit Ihrem Login und Ihren Bildschirm-Informationen ein. Login-Cookies dauern zwei Tage, Bildschirm-Optionen-Cookies ein Jahr. <\/p>\n\n\n\n<h3 class=\"wp-block-heading has-text-color\" id=\"caching\" style=\"color:#f7b320\">Caching<\/h3>\n\n\n\n<p class=\"has-text-color\" style=\"color:#f7b320\">Diese Website verwendet den LiteSpeed-Cache, um schnellere Antwortzeiten zu erm\u00f6glichen und die Benutzer-Freundlichkeit zu verbessern. Der Cache kann Kopien der auf dieser Website angezeigten Seiten speichern. Cache-Dateien sind tempor\u00e4r und werden nicht von Dritten eingesehen, es sei denn, dies ist notwendig, um technischen Support vom Hersteller des Cache-Plugins zu erhalten. Cache-Dateien laufen regelm\u00e4ssig ab.<\/p>\n\n\n\n<h3 class=\"wp-block-heading has-text-color\" id=\"embedded-content-from-other-websites\" style=\"color:#f7b320\">Eingebettete Inhalte von anderen Websites<\/h3>\n\n\n\n<p class=\"has-text-color\" style=\"color:#f7b320\">Artikel auf dieser Website k\u00f6nnen eingebettete Inhalte wie Videos, Bilder, Artikel usw. von anderen Websites enthalten. Solche Inhalte k\u00f6nnen sich genauso verhalten, wie wenn Sie die andere Website besuchen w\u00fcrden. Diese Websites k\u00f6nnen Daten \u00fcber Sie sammeln, Cookies verwenden, zus\u00e4tzliche Nachverfolgung durch Dritte einbetten und Ihre Interaktion mit diesem eingebetteten Inhalt \u00fcberwachen.<\/p>\n\n\n\n<h3 class=\"wp-block-heading has-text-color\" id=\"analytics\" style=\"color:#f7b320\">Analytik<\/h3>\n\n\n\n<p class=\"has-text-color\" style=\"color:#f7b320\">Der Hosting-Provider dieser Website, Cyon, verwendet AWStats, um anonyme Analyse-Daten von Besucher-Sitzungen zu sammeln, wie z.B. deren Zeit und Dauer, die verwendeten Browser und Systeme sowie die Herkunfts-IP-Adressen und Regionen \u00fcber die AWStats-Erweiterung geoipfree. Diese Daten werden zur Erstellung von Website-Nutzungs-Statistiken und zur Verbesserung der Website-Performance verwendet. <\/p>\n\n\n\n<h2 class=\"wp-block-heading has-text-color\" id=\"who-we-share-your-data-with\" style=\"color:#f7b320\">Mit wem wir Ihre Daten austauschen<\/h2>\n\n\n\n<p class=\"has-text-color\" style=\"color:#f7b320\">Wir geben Ihre pers\u00f6nlichen Daten an niemanden weiter, es sei denn, Sie bitten darum oder in dem zur Bearbeitung und Erf\u00fcllung Ihrer Anfragen erforderlichen Umfang.<\/p>\n\n\n\n<h2 class=\"wp-block-heading has-text-color\" id=\"how-long-we-retain-your-data\" style=\"color:#f7b320\">Wie lange wir Ihre Daten aufbewahren<\/h2>\n\n\n\n<p class=\"has-text-color\" style=\"color:#f7b320\">Wenn Sie einen Kommentar hinterlassen, bleiben der Kommentar und seine Meta-Daten auf unbestimmte Zeit erhalten \u2013 so k\u00f6nnen wir Folge-Kommentare automatisch erkennen und genehmigen, anstatt sie in einer Moderations-Warteschlange zu halten.<\/p>\n\n\n\n<p class=\"has-text-color\" style=\"color:#f7b320\">Pers\u00f6nliche Daten, die Sie in einem Kontakt- oder Anfrage-Formular angegenben haben, werden f\u00fcr etwa sechs Monate oder so lange, wie zur Erf\u00fcllung Ihrer Anfrage erforderlich, gespeichert. Analyse-Aufzeichnungen werden etwa ein Jahr lang aufbewahrt, w\u00e4hrend die Aufzeichnungen zu den Antrags-Formularen mindestens drei Jahre lang aufbewahrt werden, um eventuelle Verl\u00e4ngerungen zu erleichtern. Dienst- oder Spenden-Aufzeichnungen werden zehn Jahre lang aufbewahrt, um die gesetzlichen Anforderungen zu erf\u00fcllen. Danach werden sie gel\u00f6scht. Tonalibus wird die Daten abgemeldeter und inaktiver Benutzer regelm\u00e4ssig, mindestens zweimal pro Jahr, aus seiner Newsletter-Mailingliste l\u00f6schen.<\/p>\n\n\n\n<h2 class=\"wp-block-heading has-text-color\" id=\"what-rights-you-have-over-your-data\" style=\"color:#f7b320\">Welche Rechte Sie an Ihren Daten haben<\/h2>\n\n\n\n<p class=\"has-text-color\" style=\"color:#f7b320\">Wenn Sie einen Kommentar hinterlassen oder ein Kontakt-, Bewerbungs-, Anfrage- oder Auskunftsformular verwendet haben, k\u00f6nnen Sie beantragen, die pers\u00f6nlichen Daten zu erhalten, die wir \u00fcber Sie gespeichert haben und die Sie uns zur Verf\u00fcgung gestellt haben. Sie k\u00f6nnen auch verlangen, dass wir alle pers\u00f6nlichen Daten, die wir \u00fcber Sie gespeichert haben, l\u00f6schen. Dies schliesst jedoch keine Daten ein, die wir aus administrativen, rechtlichen oder Sicherheits-Gr\u00fcnden aufbewahren m\u00fcssen.<\/p>\n\n\n\n<h2 class=\"wp-block-heading has-text-color\" id=\"where-we-send-your-data\" style=\"color:#f7b320\">Wohin wir Ihre Daten senden<\/h2>\n\n\n\n<p class=\"has-text-color\" style=\"color:#f7b320\">Wie bereits erw\u00e4hnt, geben wir keine pers\u00f6nlichen Daten weiter, mit der Ausnahme, dass die Kommentare der Besucher m\u00f6glicherweise durch einen automatischen Spam-Erkennungsdienst \u00fcberpr\u00fcft werden.<\/p>\n\n\n\n<h3 class=\"wp-block-heading has-text-color\" id=\"how-we-protect-your-data\" style=\"color:#f7b320\">Wie wir Ihre Daten sch\u00fctzen<\/h3>\n\n\n\n<p class=\"has-text-color\" style=\"color:#f7b320\">Die Daten auf dieser Website sind durch starke Passw\u00f6rter gesch\u00fctzt.<\/p>\n\n\n\n<h2 class=\"wp-block-heading has-text-color\" id=\"our-contact-information\" style=\"color:#f7b320\">Unsere Kontaktinformationen<\/h2>\n\n\n\n<p class=\"has-text-color\" style=\"color:#f7b320\">Bitte richten Sie Fragen an Ulrico Sacchet unter <a href=\"mailto:ulrico@tonalibus.org\"><mark style=\"background-color:rgba(0, 0, 0, 0);color:#f7b320\" class=\"has-inline-color\">ulrico@tonalibus.org<\/mark><\/a><\/p>\n\n\n\n<div style=\"height:85px\" aria-hidden=\"true\" class=\"wp-block-spacer\"><\/div>\n\n\n\n<div class=\"wp-block-file alignleft\"><a id=\"wp-block-file--media-7974f90b-705f-48a6-8dd9-78e33ddd2c9a\" href=\"https:\/\/tonalibus.org\/wp-content\/uploads\/2020\/08\/Privacy-Policy-08-07-2020.pdf\" target=\"_blank\" rel=\"noreferrer noopener\"><mark style=\"background-color:rgba(0, 0, 0, 0);color:#f7b320\" class=\"has-inline-color\">Datenschutzerkl\u00e4rung 08-07-2020 auf Englisch<\/mark><\/a><a href=\"https:\/\/tonalibus.org\/wp-content\/uploads\/2020\/08\/Privacy-Policy-08-07-2020.pdf\" class=\"wp-block-file__button wp-element-button\" download aria-describedby=\"wp-block-file--media-7974f90b-705f-48a6-8dd9-78e33ddd2c9a\">Herunterladen<\/a><\/div>\n\n\n\n<p><\/p>","protected":false},"excerpt":{"rendered":"<p>Who we are Tonalibus is a 2020 creation of Ulrico Sacchet that continually keeps expanding.Contact information can be found on the contact page of this websitehttps:\/\/tonalibus.org &#8212; https:\/\/tonalibus.com &#8212; https:\/\/tonalibus.ch What personal data we collect and why This website is built on WordPress, which by default does not collect personal data about visitors. We collect &hellip; <\/p>\n<p class=\"link-more\"><a href=\"https:\/\/tonalibus.org\/de\/start\/privacy-policy\/\" class=\"more-link\"><span class=\"screen-reader-text\">\"Datenschutz\"<\/span> weiterlesen<\/a><\/p>","protected":false},"author":1,"featured_media":0,"parent":416,"menu_order":7,"comment_status":"closed","ping_status":"open","template":"","meta":{"footnotes":""},"class_list":["post-3","page","type-page","status-publish","hentry"],"yoast_head":"<!-- This site is optimized with the Yoast SEO plugin v27.3 - https:\/\/yoast.com\/product\/yoast-seo-wordpress\/ -->\n<title>Privacy Policy &#8211; TONALIBUS, Anchored Harmony and Tonalities<\/title>\n<meta name=\"description\" content=\"Privacy Policy of the Tonalibus website -- tonalibus.org -- tonalibus.com -- tonalibus.ch -- a 2020 creation of Ulrico Sacchet\" \/>\n<meta name=\"robots\" content=\"index, follow, max-snippet:-1, max-image-preview:large, max-video-preview:-1\" \/>\n<link rel=\"canonical\" href=\"https:\/\/tonalibus.org\/de\/start\/privacy-policy\/\" \/>\n<meta property=\"og:locale\" content=\"de_DE\" \/>\n<meta property=\"og:type\" content=\"article\" \/>\n<meta property=\"og:title\" content=\"Privacy Policy &#8211; TONALIBUS, Anchored Harmony and Tonalities\" \/>\n<meta property=\"og:description\" content=\"Privacy Policy of the Tonalibus website -- tonalibus.org -- tonalibus.com -- tonalibus.ch -- a 2020 creation of Ulrico Sacchet\" \/>\n<meta property=\"og:url\" content=\"https:\/\/tonalibus.org\/de\/start\/privacy-policy\/\" \/>\n<meta property=\"og:site_name\" content=\"TONALIBUS\" \/>\n<meta property=\"article:modified_time\" content=\"2025-08-31T16:32:09+00:00\" \/>\n<meta name=\"twitter:card\" content=\"summary_large_image\" \/>\n<meta name=\"twitter:label1\" content=\"Gesch\u00e4tzte Lesezeit\" \/>\n\t<meta name=\"twitter:data1\" content=\"5\u00a0Minuten\" \/>\n<script type=\"application\/ld+json\" class=\"yoast-schema-graph\">{\"@context\":\"https:\\\/\\\/schema.org\",\"@graph\":[{\"@type\":\"WebPage\",\"@id\":\"https:\\\/\\\/tonalibus.org\\\/start\\\/privacy-policy\\\/\",\"url\":\"https:\\\/\\\/tonalibus.org\\\/start\\\/privacy-policy\\\/\",\"name\":\"Privacy Policy &#8211; TONALIBUS, Anchored Harmony and Tonalities\",\"isPartOf\":{\"@id\":\"https:\\\/\\\/tonalibus.org\\\/de\\\/#website\"},\"datePublished\":\"2020-05-19T09:02:44+00:00\",\"dateModified\":\"2025-08-31T16:32:09+00:00\",\"description\":\"Privacy Policy of the Tonalibus website -- tonalibus.org -- tonalibus.com -- tonalibus.ch -- a 2020 creation of Ulrico Sacchet\",\"breadcrumb\":{\"@id\":\"https:\\\/\\\/tonalibus.org\\\/start\\\/privacy-policy\\\/#breadcrumb\"},\"inLanguage\":\"de-CH\",\"potentialAction\":[{\"@type\":\"ReadAction\",\"target\":[\"https:\\\/\\\/tonalibus.org\\\/start\\\/privacy-policy\\\/\"]}]},{\"@type\":\"BreadcrumbList\",\"@id\":\"https:\\\/\\\/tonalibus.org\\\/start\\\/privacy-policy\\\/#breadcrumb\",\"itemListElement\":[{\"@type\":\"ListItem\",\"position\":1,\"name\":\"Home\",\"item\":\"https:\\\/\\\/tonalibus.org\\\/\"},{\"@type\":\"ListItem\",\"position\":2,\"name\":\"Start\",\"item\":\"https:\\\/\\\/tonalibus.org\\\/\"},{\"@type\":\"ListItem\",\"position\":3,\"name\":\"Privacy Policy\"}]},{\"@type\":\"WebSite\",\"@id\":\"https:\\\/\\\/tonalibus.org\\\/de\\\/#website\",\"url\":\"https:\\\/\\\/tonalibus.org\\\/de\\\/\",\"name\":\"TONALIBUS\",\"description\":\"Anchored Harmony and Tonalities\",\"publisher\":{\"@id\":\"https:\\\/\\\/tonalibus.org\\\/de\\\/#\\\/schema\\\/person\\\/749261d7bc96d1f00127273f83ab96a4\"},\"potentialAction\":[{\"@type\":\"SearchAction\",\"target\":{\"@type\":\"EntryPoint\",\"urlTemplate\":\"https:\\\/\\\/tonalibus.org\\\/de\\\/?s={search_term_string}\"},\"query-input\":{\"@type\":\"PropertyValueSpecification\",\"valueRequired\":true,\"valueName\":\"search_term_string\"}}],\"inLanguage\":\"de-CH\"},{\"@type\":[\"Person\",\"Organization\"],\"@id\":\"https:\\\/\\\/tonalibus.org\\\/de\\\/#\\\/schema\\\/person\\\/749261d7bc96d1f00127273f83ab96a4\",\"name\":\"Ulrico\",\"image\":{\"@type\":\"ImageObject\",\"inLanguage\":\"de-CH\",\"@id\":\"https:\\\/\\\/tonalibus.org\\\/wp-content\\\/uploads\\\/2020\\\/06\\\/uli-pix.jpg\",\"url\":\"https:\\\/\\\/tonalibus.org\\\/wp-content\\\/uploads\\\/2020\\\/06\\\/uli-pix.jpg\",\"contentUrl\":\"https:\\\/\\\/tonalibus.org\\\/wp-content\\\/uploads\\\/2020\\\/06\\\/uli-pix.jpg\",\"width\":960,\"height\":720,\"caption\":\"Ulrico\"},\"logo\":{\"@id\":\"https:\\\/\\\/tonalibus.org\\\/wp-content\\\/uploads\\\/2020\\\/06\\\/uli-pix.jpg\"},\"sameAs\":[\"https:\\\/\\\/tonalibus.cyon.site\"]}]}<\/script>\n<!-- \/ Yoast SEO plugin. -->","yoast_head_json":{"title":"Datenschutzerkl\u00e4rung - TONALIBUS, Verankerte Harmonie und Tonalit\u00e4ten","description":"Datenschutzerkl\u00e4rung der Tonalibus-Website -- tonalibus.org -- tonalibus.com -- tonalibus.ch -- eine Sch\u00f6pfung von Ulrico Sacchet aus dem Jahr 2020","robots":{"index":"index","follow":"follow","max-snippet":"max-snippet:-1","max-image-preview":"max-image-preview:large","max-video-preview":"max-video-preview:-1"},"canonical":"https:\/\/tonalibus.org\/de\/start\/privacy-policy\/","og_locale":"de_DE","og_type":"article","og_title":"Privacy Policy &#8211; TONALIBUS, Anchored Harmony and Tonalities","og_description":"Privacy Policy of the Tonalibus website -- tonalibus.org -- tonalibus.com -- tonalibus.ch -- a 2020 creation of Ulrico Sacchet","og_url":"https:\/\/tonalibus.org\/de\/start\/privacy-policy\/","og_site_name":"TONALIBUS","article_modified_time":"2025-08-31T16:32:09+00:00","twitter_card":"summary_large_image","twitter_misc":{"Gesch\u00e4tzte Lesezeit":"5\u00a0Minuten"},"schema":{"@context":"https:\/\/schema.org","@graph":[{"@type":"WebPage","@id":"https:\/\/tonalibus.org\/start\/privacy-policy\/","url":"https:\/\/tonalibus.org\/start\/privacy-policy\/","name":"Datenschutzerkl\u00e4rung - TONALIBUS, Verankerte Harmonie und Tonalit\u00e4ten","isPartOf":{"@id":"https:\/\/tonalibus.org\/de\/#website"},"datePublished":"2020-05-19T09:02:44+00:00","dateModified":"2025-08-31T16:32:09+00:00","description":"Datenschutzerkl\u00e4rung der Tonalibus-Website -- tonalibus.org -- tonalibus.com -- tonalibus.ch -- eine Sch\u00f6pfung von Ulrico Sacchet aus dem Jahr 2020","breadcrumb":{"@id":"https:\/\/tonalibus.org\/start\/privacy-policy\/#breadcrumb"},"inLanguage":"de-CH","potentialAction":[{"@type":"ReadAction","target":["https:\/\/tonalibus.org\/start\/privacy-policy\/"]}]},{"@type":"BreadcrumbList","@id":"https:\/\/tonalibus.org\/start\/privacy-policy\/#breadcrumb","itemListElement":[{"@type":"ListItem","position":1,"name":"Home","item":"https:\/\/tonalibus.org\/"},{"@type":"ListItem","position":2,"name":"Start","item":"https:\/\/tonalibus.org\/"},{"@type":"ListItem","position":3,"name":"Privacy Policy"}]},{"@type":"WebSite","@id":"https:\/\/tonalibus.org\/de\/#website","url":"https:\/\/tonalibus.org\/de\/","name":"TONALIBUS","description":"Verankerte Harmonie und Tonalit\u00e4ten","publisher":{"@id":"https:\/\/tonalibus.org\/de\/#\/schema\/person\/749261d7bc96d1f00127273f83ab96a4"},"potentialAction":[{"@type":"SearchAction","target":{"@type":"EntryPoint","urlTemplate":"https:\/\/tonalibus.org\/de\/?s={search_term_string}"},"query-input":{"@type":"PropertyValueSpecification","valueRequired":true,"valueName":"search_term_string"}}],"inLanguage":"de-CH"},{"@type":["Person","Organization"],"@id":"https:\/\/tonalibus.org\/de\/#\/schema\/person\/749261d7bc96d1f00127273f83ab96a4","name":"Ulrico","image":{"@type":"ImageObject","inLanguage":"de-CH","@id":"https:\/\/tonalibus.org\/wp-content\/uploads\/2020\/06\/uli-pix.jpg","url":"https:\/\/tonalibus.org\/wp-content\/uploads\/2020\/06\/uli-pix.jpg","contentUrl":"https:\/\/tonalibus.org\/wp-content\/uploads\/2020\/06\/uli-pix.jpg","width":960,"height":720,"caption":"Ulrico"},"logo":{"@id":"https:\/\/tonalibus.org\/wp-content\/uploads\/2020\/06\/uli-pix.jpg"},"sameAs":["https:\/\/tonalibus.cyon.site"]}]}},"_links":{"self":[{"href":"https:\/\/tonalibus.org\/de\/wp-json\/wp\/v2\/pages\/3","targetHints":{"allow":["GET"]}}],"collection":[{"href":"https:\/\/tonalibus.org\/de\/wp-json\/wp\/v2\/pages"}],"about":[{"href":"https:\/\/tonalibus.org\/de\/wp-json\/wp\/v2\/types\/page"}],"author":[{"embeddable":true,"href":"https:\/\/tonalibus.org\/de\/wp-json\/wp\/v2\/users\/1"}],"replies":[{"embeddable":true,"href":"https:\/\/tonalibus.org\/de\/wp-json\/wp\/v2\/comments?post=3"}],"version-history":[{"count":1,"href":"https:\/\/tonalibus.org\/de\/wp-json\/wp\/v2\/pages\/3\/revisions"}],"predecessor-version":[{"id":37058,"href":"https:\/\/tonalibus.org\/de\/wp-json\/wp\/v2\/pages\/3\/revisions\/37058"}],"up":[{"embeddable":true,"href":"https:\/\/tonalibus.org\/de\/wp-json\/wp\/v2\/pages\/416"}],"wp:attachment":[{"href":"https:\/\/tonalibus.org\/de\/wp-json\/wp\/v2\/media?parent=3"}],"curies":[{"name":"wp","href":"https:\/\/api.w.org\/{rel}","templated":true}]}}