{"id":311,"date":"2020-06-14T15:45:12","date_gmt":"2020-06-14T16:45:12","guid":{"rendered":"https:\/\/tonalibus.org\/?page_id=311"},"modified":"2025-03-19T11:18:04","modified_gmt":"2025-03-19T10:18:04","slug":"harmony-tonalities-and-tonalibus","status":"publish","type":"page","link":"https:\/\/tonalibus.org\/de\/start\/harmony-tonalities-and-tonalibus\/","title":{"rendered":"Harmonie, Tonalit\u00e4ten und Tonalibus"},"content":{"rendered":"<p><\/p>\n\n\n\n<p><\/p>\n\n\n\n<p class=\"has-text-color\" style=\"color:#f7b320\">Harmonie, f\u00fcr mich <a href=\"https:\/\/tonalibus.org\/de\/about-tonalibus\/ulrico\/\"><mark style=\"background-color:rgba(0, 0, 0, 0);color:#f7b320\" class=\"has-inline-color\">Ulrico<\/mark><\/a>, ist, wie gut etwas das Unaussprechliche ausdr\u00fcckt und das Herz ber\u00fchren und anheben kann. Tonalit\u00e4ten sehe ich als Gruppen von gegenseitig verbundenen  Schwingungen.  Das Ergebnis meiner Erforschung solcher Aspekte nenne ich <a href=\"https:\/\/tonalibus.org\/de\/about-tonalibus\/tonalibus\/\"><mark style=\"background-color:rgba(0, 0, 0, 0);color:#f7b320\" class=\"has-inline-color\">Tonalibus<\/mark><\/a>. Die Tonalibus-Website pr\u00e4sentiert einige wesentlichen <a href=\"https:\/\/tonalibus.org\/de\/harmony\/\"><mark style=\"background-color:rgba(0, 0, 0, 0);color:#f7b320\" class=\"has-inline-color\">Grundlagen<\/mark><\/a> von Harmonie und Tonalit\u00e4ten, einen umfangreichen Katalog von <a href=\"https:\/\/tonalibus.org\/de\/tonalities\/\"><mark style=\"background-color:rgba(0, 0, 0, 0);color:#f7b320\" class=\"has-inline-color\">verankerten Tonalit\u00e4ten<\/mark><\/a>, die Sammlung <a href=\"https:\/\/tonalibus.org\/de\/sounds\/\"><mark style=\"background-color:rgba(0, 0, 0, 0);color:#f7b320\" class=\"has-inline-color\">Kl\u00e4nge<\/mark><\/a>, sowie den <a href=\"https:\/\/tonalibus.org\/de\/spiritualibus-blog\/\"><mark style=\"background-color:rgba(0, 0, 0, 0);color:#f7b320\" class=\"has-inline-color\">Spiritualibus-Blog<\/mark><\/a> und der <a href=\"https:\/\/tonalibus.org\/de\/shop\/\"><mark style=\"background-color:rgba(0, 0, 0, 0);color:#f7b320\" class=\"has-inline-color\">Fidibus-Shop<\/mark><\/a>.<\/p>","protected":false},"excerpt":{"rendered":"<p>F\u00fcr mich, Ulrico, bedeutet Harmonie, wie gut etwas das Unaussprechliche ausdr\u00fcckt und das Herz ber\u00fchren und erheben kann. Tonalit\u00e4ten sehe ich als eine Reihe von korrelierten Schwingungen. Die Ergebnisse meiner Forschung in diesem Zusammenhang nenne ich Tonalibus. Auf der Tonalibus-Website findest du einige Grundlagen zu Harmonie und Tonalit\u00e4ten, einen umfangreichen Katalog verankerter Tonalit\u00e4ten, eine ... <\/p>\n<p class=\"link-more\"><a href=\"https:\/\/tonalibus.org\/de\/start\/harmony-tonalities-and-tonalibus\/\" class=\"more-link\"><span class=\"screen-reader-text\">\"Harmonie, Tonalit\u00e4ten und Tonalibus\"<\/span> weiterlesen<\/a><\/p>","protected":false},"author":1,"featured_media":360,"parent":416,"menu_order":3,"comment_status":"closed","ping_status":"closed","template":"","meta":{"footnotes":""},"class_list":["post-311","page","type-page","status-publish","has-post-thumbnail","hentry"],"yoast_head":"<!-- This site is optimized with the Yoast SEO plugin v27.5 - https:\/\/yoast.com\/product\/yoast-seo-wordpress\/ -->\n<title>Harmony, Tonalities, and Tonalibus &#8211; TONALIBUS overview<\/title>\n<meta name=\"description\" content=\"For Tonalibus, harmony is how well something expresses the inexpressible and can touch and uplift the heart; tonalities are sets of correlated vibrations.\" \/>\n<meta name=\"robots\" content=\"index, follow, max-snippet:-1, max-image-preview:large, max-video-preview:-1\" \/>\n<link rel=\"canonical\" href=\"https:\/\/tonalibus.org\/de\/start\/harmony-tonalities-and-tonalibus\/\" \/>\n<meta property=\"og:locale\" content=\"de_DE\" \/>\n<meta property=\"og:type\" content=\"article\" \/>\n<meta property=\"og:title\" content=\"Harmony, Tonalities, and Tonalibus &#8211; TONALIBUS overview\" \/>\n<meta property=\"og:description\" content=\"For Tonalibus, harmony is how well something expresses the inexpressible and can touch and uplift the heart; tonalities are sets of correlated vibrations.\" \/>\n<meta property=\"og:url\" content=\"https:\/\/tonalibus.org\/de\/start\/harmony-tonalities-and-tonalibus\/\" \/>\n<meta property=\"og:site_name\" content=\"TONALIBUS\" \/>\n<meta property=\"article:modified_time\" content=\"2025-03-19T10:18:04+00:00\" \/>\n<meta property=\"og:image\" content=\"https:\/\/tonalibus.org\/wp-content\/uploads\/2020\/06\/pix-pivot-7e.jpg\" \/>\n\t<meta property=\"og:image:width\" content=\"1280\" \/>\n\t<meta property=\"og:image:height\" content=\"720\" \/>\n\t<meta property=\"og:image:type\" content=\"image\/jpeg\" \/>\n<meta name=\"twitter:card\" content=\"summary_large_image\" \/>\n<meta name=\"twitter:label1\" content=\"Gesch\u00e4tzte Lesezeit\" \/>\n\t<meta name=\"twitter:data1\" content=\"1\u00a0Minute\" \/>\n<script type=\"application\/ld+json\" class=\"yoast-schema-graph\">{\"@context\":\"https:\\\/\\\/schema.org\",\"@graph\":[{\"@type\":\"WebPage\",\"@id\":\"https:\\\/\\\/tonalibus.org\\\/start\\\/harmony-tonalities-and-tonalibus\\\/\",\"url\":\"https:\\\/\\\/tonalibus.org\\\/start\\\/harmony-tonalities-and-tonalibus\\\/\",\"name\":\"Harmony, Tonalities, and Tonalibus &#8211; TONALIBUS overview\",\"isPartOf\":{\"@id\":\"https:\\\/\\\/tonalibus.org\\\/de\\\/#website\"},\"primaryImageOfPage\":{\"@id\":\"https:\\\/\\\/tonalibus.org\\\/start\\\/harmony-tonalities-and-tonalibus\\\/#primaryimage\"},\"image\":{\"@id\":\"https:\\\/\\\/tonalibus.org\\\/start\\\/harmony-tonalities-and-tonalibus\\\/#primaryimage\"},\"thumbnailUrl\":\"https:\\\/\\\/tonalibus.org\\\/wp-content\\\/uploads\\\/2020\\\/06\\\/pix-pivot-7e.jpg\",\"datePublished\":\"2020-06-14T16:45:12+00:00\",\"dateModified\":\"2025-03-19T10:18:04+00:00\",\"description\":\"For Tonalibus, harmony is how well something expresses the inexpressible and can touch and uplift the heart; tonalities are sets of correlated vibrations.\",\"breadcrumb\":{\"@id\":\"https:\\\/\\\/tonalibus.org\\\/start\\\/harmony-tonalities-and-tonalibus\\\/#breadcrumb\"},\"inLanguage\":\"de-CH\",\"potentialAction\":[{\"@type\":\"ReadAction\",\"target\":[\"https:\\\/\\\/tonalibus.org\\\/start\\\/harmony-tonalities-and-tonalibus\\\/\"]}]},{\"@type\":\"ImageObject\",\"inLanguage\":\"de-CH\",\"@id\":\"https:\\\/\\\/tonalibus.org\\\/start\\\/harmony-tonalities-and-tonalibus\\\/#primaryimage\",\"url\":\"https:\\\/\\\/tonalibus.org\\\/wp-content\\\/uploads\\\/2020\\\/06\\\/pix-pivot-7e.jpg\",\"contentUrl\":\"https:\\\/\\\/tonalibus.org\\\/wp-content\\\/uploads\\\/2020\\\/06\\\/pix-pivot-7e.jpg\",\"width\":1280,\"height\":720,\"caption\":\"Harmony and Tonalities\"},{\"@type\":\"BreadcrumbList\",\"@id\":\"https:\\\/\\\/tonalibus.org\\\/start\\\/harmony-tonalities-and-tonalibus\\\/#breadcrumb\",\"itemListElement\":[{\"@type\":\"ListItem\",\"position\":1,\"name\":\"Home\",\"item\":\"https:\\\/\\\/tonalibus.org\\\/\"},{\"@type\":\"ListItem\",\"position\":2,\"name\":\"Start\",\"item\":\"https:\\\/\\\/tonalibus.org\\\/\"},{\"@type\":\"ListItem\",\"position\":3,\"name\":\"Harmony, Tonalities, and Tonalibus\"}]},{\"@type\":\"WebSite\",\"@id\":\"https:\\\/\\\/tonalibus.org\\\/de\\\/#website\",\"url\":\"https:\\\/\\\/tonalibus.org\\\/de\\\/\",\"name\":\"TONALIBUS\",\"description\":\"Anchored Harmony and Tonalities\",\"publisher\":{\"@id\":\"https:\\\/\\\/tonalibus.org\\\/de\\\/#\\\/schema\\\/person\\\/749261d7bc96d1f00127273f83ab96a4\"},\"potentialAction\":[{\"@type\":\"SearchAction\",\"target\":{\"@type\":\"EntryPoint\",\"urlTemplate\":\"https:\\\/\\\/tonalibus.org\\\/de\\\/?s={search_term_string}\"},\"query-input\":{\"@type\":\"PropertyValueSpecification\",\"valueRequired\":true,\"valueName\":\"search_term_string\"}}],\"inLanguage\":\"de-CH\"},{\"@type\":[\"Person\",\"Organization\"],\"@id\":\"https:\\\/\\\/tonalibus.org\\\/de\\\/#\\\/schema\\\/person\\\/749261d7bc96d1f00127273f83ab96a4\",\"name\":\"Ulrico\",\"image\":{\"@type\":\"ImageObject\",\"inLanguage\":\"de-CH\",\"@id\":\"https:\\\/\\\/tonalibus.org\\\/wp-content\\\/uploads\\\/2020\\\/06\\\/uli-pix.jpg\",\"url\":\"https:\\\/\\\/tonalibus.org\\\/wp-content\\\/uploads\\\/2020\\\/06\\\/uli-pix.jpg\",\"contentUrl\":\"https:\\\/\\\/tonalibus.org\\\/wp-content\\\/uploads\\\/2020\\\/06\\\/uli-pix.jpg\",\"width\":960,\"height\":720,\"caption\":\"Ulrico\"},\"logo\":{\"@id\":\"https:\\\/\\\/tonalibus.org\\\/wp-content\\\/uploads\\\/2020\\\/06\\\/uli-pix.jpg\"},\"sameAs\":[\"https:\\\/\\\/tonalibus.cyon.site\"]}]}<\/script>\n<!-- \/ Yoast SEO plugin. -->","yoast_head_json":{"title":"Harmonie, Tonalit\u00e4ten und Tonalibus - TONALIBUS \u00dcberblick","description":"F\u00fcr Tonalibus bedeutet Harmonie, wie gut etwas das Unaussprechliche ausdr\u00fcckt und das Herz ber\u00fchren und erheben kann; Tonalit\u00e4ten sind Mengen von korrelierten Schwingungen.","robots":{"index":"index","follow":"follow","max-snippet":"max-snippet:-1","max-image-preview":"max-image-preview:large","max-video-preview":"max-video-preview:-1"},"canonical":"https:\/\/tonalibus.org\/de\/start\/harmony-tonalities-and-tonalibus\/","og_locale":"de_DE","og_type":"article","og_title":"Harmony, Tonalities, and Tonalibus &#8211; TONALIBUS overview","og_description":"For Tonalibus, harmony is how well something expresses the inexpressible and can touch and uplift the heart; tonalities are sets of correlated vibrations.","og_url":"https:\/\/tonalibus.org\/de\/start\/harmony-tonalities-and-tonalibus\/","og_site_name":"TONALIBUS","article_modified_time":"2025-03-19T10:18:04+00:00","og_image":[{"width":1280,"height":720,"url":"https:\/\/tonalibus.org\/wp-content\/uploads\/2020\/06\/pix-pivot-7e.jpg","type":"image\/jpeg"}],"twitter_card":"summary_large_image","twitter_misc":{"Gesch\u00e4tzte Lesezeit":"1\u00a0Minute"},"schema":{"@context":"https:\/\/schema.org","@graph":[{"@type":"WebPage","@id":"https:\/\/tonalibus.org\/start\/harmony-tonalities-and-tonalibus\/","url":"https:\/\/tonalibus.org\/start\/harmony-tonalities-and-tonalibus\/","name":"Harmonie, Tonalit\u00e4ten und Tonalibus - TONALIBUS \u00dcberblick","isPartOf":{"@id":"https:\/\/tonalibus.org\/de\/#website"},"primaryImageOfPage":{"@id":"https:\/\/tonalibus.org\/start\/harmony-tonalities-and-tonalibus\/#primaryimage"},"image":{"@id":"https:\/\/tonalibus.org\/start\/harmony-tonalities-and-tonalibus\/#primaryimage"},"thumbnailUrl":"https:\/\/tonalibus.org\/wp-content\/uploads\/2020\/06\/pix-pivot-7e.jpg","datePublished":"2020-06-14T16:45:12+00:00","dateModified":"2025-03-19T10:18:04+00:00","description":"F\u00fcr Tonalibus bedeutet Harmonie, wie gut etwas das Unaussprechliche ausdr\u00fcckt und das Herz ber\u00fchren und erheben kann; Tonalit\u00e4ten sind Mengen von korrelierten Schwingungen.","breadcrumb":{"@id":"https:\/\/tonalibus.org\/start\/harmony-tonalities-and-tonalibus\/#breadcrumb"},"inLanguage":"de-CH","potentialAction":[{"@type":"ReadAction","target":["https:\/\/tonalibus.org\/start\/harmony-tonalities-and-tonalibus\/"]}]},{"@type":"ImageObject","inLanguage":"de-CH","@id":"https:\/\/tonalibus.org\/start\/harmony-tonalities-and-tonalibus\/#primaryimage","url":"https:\/\/tonalibus.org\/wp-content\/uploads\/2020\/06\/pix-pivot-7e.jpg","contentUrl":"https:\/\/tonalibus.org\/wp-content\/uploads\/2020\/06\/pix-pivot-7e.jpg","width":1280,"height":720,"caption":"Harmony and Tonalities"},{"@type":"BreadcrumbList","@id":"https:\/\/tonalibus.org\/start\/harmony-tonalities-and-tonalibus\/#breadcrumb","itemListElement":[{"@type":"ListItem","position":1,"name":"Home","item":"https:\/\/tonalibus.org\/"},{"@type":"ListItem","position":2,"name":"Start","item":"https:\/\/tonalibus.org\/"},{"@type":"ListItem","position":3,"name":"Harmony, Tonalities, and Tonalibus"}]},{"@type":"WebSite","@id":"https:\/\/tonalibus.org\/de\/#website","url":"https:\/\/tonalibus.org\/de\/","name":"TONALIBUS","description":"Verankerte Harmonie und Tonalit\u00e4ten","publisher":{"@id":"https:\/\/tonalibus.org\/de\/#\/schema\/person\/749261d7bc96d1f00127273f83ab96a4"},"potentialAction":[{"@type":"SearchAction","target":{"@type":"EntryPoint","urlTemplate":"https:\/\/tonalibus.org\/de\/?s={search_term_string}"},"query-input":{"@type":"PropertyValueSpecification","valueRequired":true,"valueName":"search_term_string"}}],"inLanguage":"de-CH"},{"@type":["Person","Organization"],"@id":"https:\/\/tonalibus.org\/de\/#\/schema\/person\/749261d7bc96d1f00127273f83ab96a4","name":"Ulrico","image":{"@type":"ImageObject","inLanguage":"de-CH","@id":"https:\/\/tonalibus.org\/wp-content\/uploads\/2020\/06\/uli-pix.jpg","url":"https:\/\/tonalibus.org\/wp-content\/uploads\/2020\/06\/uli-pix.jpg","contentUrl":"https:\/\/tonalibus.org\/wp-content\/uploads\/2020\/06\/uli-pix.jpg","width":960,"height":720,"caption":"Ulrico"},"logo":{"@id":"https:\/\/tonalibus.org\/wp-content\/uploads\/2020\/06\/uli-pix.jpg"},"sameAs":["https:\/\/tonalibus.cyon.site"]}]}},"_links":{"self":[{"href":"https:\/\/tonalibus.org\/de\/wp-json\/wp\/v2\/pages\/311","targetHints":{"allow":["GET"]}}],"collection":[{"href":"https:\/\/tonalibus.org\/de\/wp-json\/wp\/v2\/pages"}],"about":[{"href":"https:\/\/tonalibus.org\/de\/wp-json\/wp\/v2\/types\/page"}],"author":[{"embeddable":true,"href":"https:\/\/tonalibus.org\/de\/wp-json\/wp\/v2\/users\/1"}],"replies":[{"embeddable":true,"href":"https:\/\/tonalibus.org\/de\/wp-json\/wp\/v2\/comments?post=311"}],"version-history":[{"count":0,"href":"https:\/\/tonalibus.org\/de\/wp-json\/wp\/v2\/pages\/311\/revisions"}],"up":[{"embeddable":true,"href":"https:\/\/tonalibus.org\/de\/wp-json\/wp\/v2\/pages\/416"}],"wp:featuredmedia":[{"embeddable":true,"href":"https:\/\/tonalibus.org\/de\/wp-json\/wp\/v2\/media\/360"}],"wp:attachment":[{"href":"https:\/\/tonalibus.org\/de\/wp-json\/wp\/v2\/media?parent=311"}],"curies":[{"name":"wp","href":"https:\/\/api.w.org\/{rel}","templated":true}]}}