{"id":32069,"date":"2024-04-02T15:14:33","date_gmt":"2024-04-02T13:14:33","guid":{"rendered":"https:\/\/tonalibus.org\/?page_id=32069"},"modified":"2024-05-07T11:43:15","modified_gmt":"2024-05-07T09:43:15","slug":"april-2024-sounds","status":"publish","type":"page","link":"https:\/\/tonalibus.org\/de\/sounds\/2024-sounds-and-images\/april-2024-sounds\/","title":{"rendered":"April 2024 Kl\u00e4nge"},"content":{"rendered":"<h2 class=\"wp-block-heading has-text-color has-link-color wp-elements-e3f3f7b874fd484050130da48b041b56\" style=\"color:#f7b320\">Pers\u00f6nliche und kooperative Kl\u00e4nge vom April 2024<\/h2>\n\n\n\n<p class=\"has-text-color has-link-color wp-elements-5ac231459373b1557696cb9678f192bf\" style=\"color:#f7b320\">Nachfolgend findst du pers\u00f6nliche und kooperative Kl\u00e4nge<em> <\/em>von April 2024.<em> <\/em>Dies sind spontane, originelle Improvisationen und Soundscapes von <a href=\"https:\/\/tonalibus.org\/de\/about-tonalibus\/ulrico\/\"><mark style=\"background-color:rgba(0, 0, 0, 0);color:#f7b320\" class=\"has-inline-color\">Ulrico<\/mark><\/a><mark style=\"background-color:rgba(0, 0, 0, 0)\" class=\"has-inline-color has-black-color\"> <\/mark>auf verschiedenen Instrumenten, mehrschichtig oder einspurig, sowie Kooperations-St\u00fccke mit anderen Musikern, wie angegeben.<\/p>\n\n\n\n<h3 class=\"wp-block-heading has-text-color has-link-color wp-elements-e78a118d558125376f0a003c32cdb7fa\" id=\"quer\" style=\"color:#f7b320\">\u201cQuerencia\u201d \u2013 der Ort, aus dem man seine Kraft sch\u00f6pft<\/h3>\n\n\n\n<figure class=\"wp-block-audio\"><audio controls src=\"https:\/\/tonalibus.org\/wp-content\/uploads\/2024\/04\/2024-04-26-LYDIAN.mp3\" preload=\"metadata\"><\/audio><figcaption class=\"wp-element-caption\"><a href=\"https:\/\/tonalibus.org\/de\/tonalities\/diatonic-heptatonalities\/lydian\/\"><mark style=\"background-color:rgba(0, 0, 0, 0);color:#f7b320\" class=\"has-inline-color\">Lydisch<\/mark><\/a><mark style=\"background-color:rgba(0, 0, 0, 0);color:#f7b320\" class=\"has-inline-color\"> auf C# (276 Hz) \u2013 8-saitige Gitarre, grosser Gong, Tanpura \u2013 7:05<\/mark><\/figcaption><\/figure>\n\n\n\n<h3 class=\"wp-block-heading has-text-color has-link-color wp-elements-66b45f452c881f99d7abc17bc5a97ff5\" id=\"ever\" style=\"color:#f7b320\">\u201cEver forward into the open\u201d \u2013 blaues Ziel<\/h3>\n\n\n\n<figure class=\"wp-block-audio\"><audio controls src=\"https:\/\/tonalibus.org\/wp-content\/uploads\/2024\/04\/2024-04-16-CB-EVER-FORWARD-INTO-THE-OPEN.mp3\" preload=\"metadata\"><\/audio><figcaption class=\"wp-element-caption\"><br><a href=\"https:\/\/tonalibus.org\/de\/tonalities\/pentatonalities\/pentamin-or-pentaeol-pentatonic-minor\/\"><mark style=\"background-color:rgba(0, 0, 0, 0);color:#f7b320\" class=\"has-inline-color\">PentaMin\/Penta\u00c4ol<\/mark><\/a><mark style=\"background-color:rgba(0, 0, 0, 0);color:#f7b320\" class=\"has-inline-color\"> basiert auf D# \u2013 Christina Braun: Stimme \u2013 Ulrico: singende S\u00e4ge, Bass, 6-saitige Gitarre \u2013 4:15<\/mark><\/figcaption><\/figure>\n\n\n\n<h3 class=\"wp-block-heading has-text-color has-link-color wp-elements-9068be12bf8c58cc3a1fc36dc87536c5\" id=\"cherry\" style=\"color:#f7b320\">\u201cCherry blossom dragon\u201d \u2013 Fr\u00fchlings-Erwachen<\/h3>\n\n\n\n<figure class=\"wp-block-audio\"><audio controls src=\"https:\/\/tonalibus.org\/wp-content\/uploads\/2024\/04\/2024-04-16-CB-CHERRY-BLOSSOM-DRAGON.mp3\" preload=\"metadata\"><\/audio><figcaption class=\"wp-element-caption\"><mark style=\"background-color:rgba(0, 0, 0, 0);color:#f7b320\" class=\"has-inline-color\">basiert auf E, G und C# \u2013 Christina Braun: Stimme \u2013 Ulrico: Crotales, Schalen, Gongs \u2013 4:17 <\/mark><\/figcaption><\/figure>\n\n\n\n<h3 class=\"wp-block-heading has-text-color has-link-color wp-elements-8a352c2fe4b4c7f584c545ce3514b38e\" id=\"pebbles\" style=\"color:#f7b320\">\u201cPebbles in the pond\u201d \u2013 ein Hauch von einem Raga<\/h3>\n\n\n\n<figure class=\"wp-block-audio\"><audio controls src=\"https:\/\/tonalibus.org\/wp-content\/uploads\/2024\/04\/2024-04-16-CB-PEBBLES-IN-THE-POND.mp3\" preload=\"metadata\"><\/audio><figcaption class=\"wp-element-caption\"><mark style=\"background-color:rgba(0, 0, 0, 0);color:#f7b320\" class=\"has-inline-color\">Bairagi Bhairav Raag basiert auf C# \u2013 Christina Braun: Stimme \u2013 Ulrico: 8-saitige Gitarre \u2013 5:38 <\/mark><\/figcaption><\/figure>\n\n\n\n<h3 class=\"wp-block-heading has-text-color has-link-color wp-elements-40266b9f12469d9277909be13be153cb\" id=\"straight\" style=\"color:#f7b320\">\u201cStraight forward\u201d \u2013 wage es, geradewegs hineinzuspringen<\/h3>\n\n\n\n<figure class=\"wp-block-audio\"><audio controls src=\"https:\/\/tonalibus.org\/wp-content\/uploads\/2024\/04\/2024-04-16-CB-STRAIGHT-FORWARD.mp3\" preload=\"metadata\"><\/audio><figcaption class=\"wp-element-caption\"><a href=\"https:\/\/tonalibus.org\/de\/tonalities\/pentatonalities\/pentamin-or-pentaeol-pentatonic-minor\/\"><mark style=\"background-color:rgba(0, 0, 0, 0);color:#f7b320\" class=\"has-inline-color\">PentaMin\/Penta\u00c4ol<\/mark><\/a><mark style=\"background-color:rgba(0, 0, 0, 0);color:#f7b320\" class=\"has-inline-color\"> mit einem Hauch <\/mark><a href=\"https:\/\/tonalibus.org\/de\/tonalities\/diatonic-heptatonalities\/aeolian-natural-minor\/\"><mark style=\"background-color:rgba(0, 0, 0, 0);color:#f7b320\" class=\"has-inline-color\">\u00c4olisch<\/mark><\/a><mark style=\"background-color:rgba(0, 0, 0, 0);color:#f7b320\" class=\"has-inline-color\"> auf C# \u2013 Christina Braun: Stimme \u2013 Ulrico: 8-saitige Gitarre \u2013 6:45 <\/mark><\/figcaption><\/figure>\n\n\n\n<div style=\"height:55px\" aria-hidden=\"true\" class=\"wp-block-spacer\"><\/div>\n\n\n<div class=\"wp-block-image\">\n<figure class=\"aligncenter size-large\"><img loading=\"lazy\" decoding=\"async\" width=\"1024\" height=\"576\" src=\"https:\/\/tonalibus.org\/wp-content\/uploads\/2022\/12\/20221127_114206650_iOS-1024x576.jpg\" alt=\"April 2024 sounds\" class=\"wp-image-21897\" srcset=\"https:\/\/tonalibus.org\/wp-content\/uploads\/2022\/12\/20221127_114206650_iOS-1024x576.jpg 1024w, https:\/\/tonalibus.org\/wp-content\/uploads\/2022\/12\/20221127_114206650_iOS-300x169.jpg 300w, https:\/\/tonalibus.org\/wp-content\/uploads\/2022\/12\/20221127_114206650_iOS-768x432.jpg 768w, https:\/\/tonalibus.org\/wp-content\/uploads\/2022\/12\/20221127_114206650_iOS-1536x864.jpg 1536w, https:\/\/tonalibus.org\/wp-content\/uploads\/2022\/12\/20221127_114206650_iOS-2048x1152.jpg 2048w, https:\/\/tonalibus.org\/wp-content\/uploads\/2022\/12\/20221127_114206650_iOS-18x10.jpg 18w, https:\/\/tonalibus.org\/wp-content\/uploads\/2022\/12\/20221127_114206650_iOS-1320x743.jpg 1320w\" sizes=\"auto, (max-width: 706px) 89vw, (max-width: 767px) 82vw, 740px\" \/><figcaption class=\"wp-element-caption\">Unver\u00e4nderte Originalfarben vor Sonnenaufgang \u2013 November 2022 \u2013 Lake Winnisquam, Sanbornton, New Hampshire<\/figcaption><\/figure>\n<\/div>","protected":false},"excerpt":{"rendered":"<p>Pers\u00f6nliche und kooperative Sounds vom April 2024 Unten findest du pers\u00f6nliche und kooperative Sounds vom April 2024. Es handelt sich um spontane, originelle Improvisationen und Klanglandschaften von Ulrico auf verschiedenen Instrumenten, mehrschichtig oder einspurig, sowie Kooperationsst\u00fccke mit anderen Musikern, wie angegeben. \"Querencia\" - der Ort, aus dem man seine Kraft sch\u00f6pft \"Immer weiter ins ... <\/p>\n<p class=\"link-more\"><a href=\"https:\/\/tonalibus.org\/de\/sounds\/2024-sounds-and-images\/april-2024-sounds\/\" class=\"more-link\"><span class=\"screen-reader-text\">\"April 2024 klingt\"<\/span> weiterlesen<\/a><\/p>","protected":false},"author":1,"featured_media":0,"parent":30125,"menu_order":4,"comment_status":"closed","ping_status":"closed","template":"","meta":{"footnotes":""},"class_list":["post-32069","page","type-page","status-publish","hentry"],"yoast_head":"<!-- This site is optimized with the Yoast SEO plugin v27.6 - https:\/\/yoast.com\/product\/yoast-seo-wordpress\/ -->\n<title>April 2024 sounds &#8211; TONALIBUS Harmony and Tonalities<\/title>\n<meta name=\"description\" content=\"Here you find personal April 2024 sounds. They are spontaneous, original improvisations and soundscapes by Ulrico (and friends).\" \/>\n<meta name=\"robots\" content=\"index, follow, max-snippet:-1, max-image-preview:large, max-video-preview:-1\" \/>\n<link rel=\"canonical\" href=\"https:\/\/tonalibus.org\/de\/sounds\/2024-sounds-and-images\/april-2024-sounds\/\" \/>\n<meta property=\"og:locale\" content=\"de_DE\" \/>\n<meta property=\"og:type\" content=\"article\" \/>\n<meta property=\"og:title\" content=\"April 2024 sounds &#8211; TONALIBUS Harmony and Tonalities\" \/>\n<meta property=\"og:description\" content=\"Here you find personal April 2024 sounds. They are spontaneous, original improvisations and soundscapes by Ulrico (and friends).\" \/>\n<meta property=\"og:url\" content=\"https:\/\/tonalibus.org\/de\/sounds\/2024-sounds-and-images\/april-2024-sounds\/\" \/>\n<meta property=\"og:site_name\" content=\"TONALIBUS\" \/>\n<meta property=\"article:modified_time\" content=\"2024-05-07T09:43:15+00:00\" \/>\n<meta property=\"og:image\" content=\"https:\/\/tonalibus.org\/wp-content\/uploads\/2022\/12\/20221127_114206650_iOS-1024x576.jpg\" \/>\n<meta name=\"twitter:card\" content=\"summary_large_image\" \/>\n<meta name=\"twitter:label1\" content=\"Gesch\u00e4tzte Lesezeit\" \/>\n\t<meta name=\"twitter:data1\" content=\"1\u00a0Minute\" \/>\n<script type=\"application\/ld+json\" class=\"yoast-schema-graph\">{\"@context\":\"https:\\\/\\\/schema.org\",\"@graph\":[{\"@type\":\"WebPage\",\"@id\":\"https:\\\/\\\/tonalibus.org\\\/sounds\\\/2024-sounds-and-images\\\/april-2024-sounds\\\/\",\"url\":\"https:\\\/\\\/tonalibus.org\\\/sounds\\\/2024-sounds-and-images\\\/april-2024-sounds\\\/\",\"name\":\"April 2024 sounds &#8211; TONALIBUS Harmony and Tonalities\",\"isPartOf\":{\"@id\":\"https:\\\/\\\/tonalibus.org\\\/de\\\/#website\"},\"primaryImageOfPage\":{\"@id\":\"https:\\\/\\\/tonalibus.org\\\/sounds\\\/2024-sounds-and-images\\\/april-2024-sounds\\\/#primaryimage\"},\"image\":{\"@id\":\"https:\\\/\\\/tonalibus.org\\\/sounds\\\/2024-sounds-and-images\\\/april-2024-sounds\\\/#primaryimage\"},\"thumbnailUrl\":\"https:\\\/\\\/tonalibus.org\\\/wp-content\\\/uploads\\\/2022\\\/12\\\/20221127_114206650_iOS-1024x576.jpg\",\"datePublished\":\"2024-04-02T13:14:33+00:00\",\"dateModified\":\"2024-05-07T09:43:15+00:00\",\"description\":\"Here you find personal April 2024 sounds. They are spontaneous, original improvisations and soundscapes by Ulrico (and friends).\",\"breadcrumb\":{\"@id\":\"https:\\\/\\\/tonalibus.org\\\/sounds\\\/2024-sounds-and-images\\\/april-2024-sounds\\\/#breadcrumb\"},\"inLanguage\":\"de-CH\",\"potentialAction\":[{\"@type\":\"ReadAction\",\"target\":[\"https:\\\/\\\/tonalibus.org\\\/sounds\\\/2024-sounds-and-images\\\/april-2024-sounds\\\/\"]}]},{\"@type\":\"ImageObject\",\"inLanguage\":\"de-CH\",\"@id\":\"https:\\\/\\\/tonalibus.org\\\/sounds\\\/2024-sounds-and-images\\\/april-2024-sounds\\\/#primaryimage\",\"url\":\"https:\\\/\\\/tonalibus.org\\\/wp-content\\\/uploads\\\/2022\\\/12\\\/20221127_114206650_iOS-1024x576.jpg\",\"contentUrl\":\"https:\\\/\\\/tonalibus.org\\\/wp-content\\\/uploads\\\/2022\\\/12\\\/20221127_114206650_iOS-1024x576.jpg\"},{\"@type\":\"BreadcrumbList\",\"@id\":\"https:\\\/\\\/tonalibus.org\\\/sounds\\\/2024-sounds-and-images\\\/april-2024-sounds\\\/#breadcrumb\",\"itemListElement\":[{\"@type\":\"ListItem\",\"position\":1,\"name\":\"Home\",\"item\":\"https:\\\/\\\/tonalibus.org\\\/\"},{\"@type\":\"ListItem\",\"position\":2,\"name\":\"Sounds\",\"item\":\"https:\\\/\\\/tonalibus.org\\\/sounds\\\/\"},{\"@type\":\"ListItem\",\"position\":3,\"name\":\"2024 Sounds and Images\",\"item\":\"https:\\\/\\\/tonalibus.org\\\/sounds\\\/2024-sounds-and-images\\\/\"},{\"@type\":\"ListItem\",\"position\":4,\"name\":\"April 2024 sounds\"}]},{\"@type\":\"WebSite\",\"@id\":\"https:\\\/\\\/tonalibus.org\\\/de\\\/#website\",\"url\":\"https:\\\/\\\/tonalibus.org\\\/de\\\/\",\"name\":\"TONALIBUS\",\"description\":\"Anchored Harmony and Tonalities\",\"publisher\":{\"@id\":\"https:\\\/\\\/tonalibus.org\\\/de\\\/#\\\/schema\\\/person\\\/749261d7bc96d1f00127273f83ab96a4\"},\"potentialAction\":[{\"@type\":\"SearchAction\",\"target\":{\"@type\":\"EntryPoint\",\"urlTemplate\":\"https:\\\/\\\/tonalibus.org\\\/de\\\/?s={search_term_string}\"},\"query-input\":{\"@type\":\"PropertyValueSpecification\",\"valueRequired\":true,\"valueName\":\"search_term_string\"}}],\"inLanguage\":\"de-CH\"},{\"@type\":[\"Person\",\"Organization\"],\"@id\":\"https:\\\/\\\/tonalibus.org\\\/de\\\/#\\\/schema\\\/person\\\/749261d7bc96d1f00127273f83ab96a4\",\"name\":\"Ulrico\",\"image\":{\"@type\":\"ImageObject\",\"inLanguage\":\"de-CH\",\"@id\":\"https:\\\/\\\/tonalibus.org\\\/wp-content\\\/uploads\\\/2020\\\/06\\\/uli-pix.jpg\",\"url\":\"https:\\\/\\\/tonalibus.org\\\/wp-content\\\/uploads\\\/2020\\\/06\\\/uli-pix.jpg\",\"contentUrl\":\"https:\\\/\\\/tonalibus.org\\\/wp-content\\\/uploads\\\/2020\\\/06\\\/uli-pix.jpg\",\"width\":960,\"height\":720,\"caption\":\"Ulrico\"},\"logo\":{\"@id\":\"https:\\\/\\\/tonalibus.org\\\/wp-content\\\/uploads\\\/2020\\\/06\\\/uli-pix.jpg\"},\"sameAs\":[\"https:\\\/\\\/tonalibus.cyon.site\"]}]}<\/script>\n<!-- \/ Yoast SEO plugin. -->","yoast_head_json":{"title":"April 2024 Kl\u00e4nge - TONALIBUS Harmonie und Tonalit\u00e4ten","description":"Hier finden Sie pers\u00f6nliche April 2024 Sounds. Es sind spontane, originelle Improvisationen und Soundscapes von Ulrico (und Freunden).","robots":{"index":"index","follow":"follow","max-snippet":"max-snippet:-1","max-image-preview":"max-image-preview:large","max-video-preview":"max-video-preview:-1"},"canonical":"https:\/\/tonalibus.org\/de\/sounds\/2024-sounds-and-images\/april-2024-sounds\/","og_locale":"de_DE","og_type":"article","og_title":"April 2024 sounds &#8211; TONALIBUS Harmony and Tonalities","og_description":"Here you find personal April 2024 sounds. They are spontaneous, original improvisations and soundscapes by Ulrico (and friends).","og_url":"https:\/\/tonalibus.org\/de\/sounds\/2024-sounds-and-images\/april-2024-sounds\/","og_site_name":"TONALIBUS","article_modified_time":"2024-05-07T09:43:15+00:00","og_image":[{"url":"https:\/\/tonalibus.org\/wp-content\/uploads\/2022\/12\/20221127_114206650_iOS-1024x576.jpg","type":"","width":"","height":""}],"twitter_card":"summary_large_image","twitter_misc":{"Gesch\u00e4tzte Lesezeit":"1\u00a0Minute"},"schema":{"@context":"https:\/\/schema.org","@graph":[{"@type":"WebPage","@id":"https:\/\/tonalibus.org\/sounds\/2024-sounds-and-images\/april-2024-sounds\/","url":"https:\/\/tonalibus.org\/sounds\/2024-sounds-and-images\/april-2024-sounds\/","name":"April 2024 Kl\u00e4nge - TONALIBUS Harmonie und Tonalit\u00e4ten","isPartOf":{"@id":"https:\/\/tonalibus.org\/de\/#website"},"primaryImageOfPage":{"@id":"https:\/\/tonalibus.org\/sounds\/2024-sounds-and-images\/april-2024-sounds\/#primaryimage"},"image":{"@id":"https:\/\/tonalibus.org\/sounds\/2024-sounds-and-images\/april-2024-sounds\/#primaryimage"},"thumbnailUrl":"https:\/\/tonalibus.org\/wp-content\/uploads\/2022\/12\/20221127_114206650_iOS-1024x576.jpg","datePublished":"2024-04-02T13:14:33+00:00","dateModified":"2024-05-07T09:43:15+00:00","description":"Hier finden Sie pers\u00f6nliche April 2024 Sounds. Es sind spontane, originelle Improvisationen und Soundscapes von Ulrico (und Freunden).","breadcrumb":{"@id":"https:\/\/tonalibus.org\/sounds\/2024-sounds-and-images\/april-2024-sounds\/#breadcrumb"},"inLanguage":"de-CH","potentialAction":[{"@type":"ReadAction","target":["https:\/\/tonalibus.org\/sounds\/2024-sounds-and-images\/april-2024-sounds\/"]}]},{"@type":"ImageObject","inLanguage":"de-CH","@id":"https:\/\/tonalibus.org\/sounds\/2024-sounds-and-images\/april-2024-sounds\/#primaryimage","url":"https:\/\/tonalibus.org\/wp-content\/uploads\/2022\/12\/20221127_114206650_iOS-1024x576.jpg","contentUrl":"https:\/\/tonalibus.org\/wp-content\/uploads\/2022\/12\/20221127_114206650_iOS-1024x576.jpg"},{"@type":"BreadcrumbList","@id":"https:\/\/tonalibus.org\/sounds\/2024-sounds-and-images\/april-2024-sounds\/#breadcrumb","itemListElement":[{"@type":"ListItem","position":1,"name":"Home","item":"https:\/\/tonalibus.org\/"},{"@type":"ListItem","position":2,"name":"Sounds","item":"https:\/\/tonalibus.org\/sounds\/"},{"@type":"ListItem","position":3,"name":"2024 Sounds and Images","item":"https:\/\/tonalibus.org\/sounds\/2024-sounds-and-images\/"},{"@type":"ListItem","position":4,"name":"April 2024 sounds"}]},{"@type":"WebSite","@id":"https:\/\/tonalibus.org\/de\/#website","url":"https:\/\/tonalibus.org\/de\/","name":"TONALIBUS","description":"Verankerte Harmonie und Tonalit\u00e4ten","publisher":{"@id":"https:\/\/tonalibus.org\/de\/#\/schema\/person\/749261d7bc96d1f00127273f83ab96a4"},"potentialAction":[{"@type":"SearchAction","target":{"@type":"EntryPoint","urlTemplate":"https:\/\/tonalibus.org\/de\/?s={search_term_string}"},"query-input":{"@type":"PropertyValueSpecification","valueRequired":true,"valueName":"search_term_string"}}],"inLanguage":"de-CH"},{"@type":["Person","Organization"],"@id":"https:\/\/tonalibus.org\/de\/#\/schema\/person\/749261d7bc96d1f00127273f83ab96a4","name":"Ulrico","image":{"@type":"ImageObject","inLanguage":"de-CH","@id":"https:\/\/tonalibus.org\/wp-content\/uploads\/2020\/06\/uli-pix.jpg","url":"https:\/\/tonalibus.org\/wp-content\/uploads\/2020\/06\/uli-pix.jpg","contentUrl":"https:\/\/tonalibus.org\/wp-content\/uploads\/2020\/06\/uli-pix.jpg","width":960,"height":720,"caption":"Ulrico"},"logo":{"@id":"https:\/\/tonalibus.org\/wp-content\/uploads\/2020\/06\/uli-pix.jpg"},"sameAs":["https:\/\/tonalibus.cyon.site"]}]}},"_links":{"self":[{"href":"https:\/\/tonalibus.org\/de\/wp-json\/wp\/v2\/pages\/32069","targetHints":{"allow":["GET"]}}],"collection":[{"href":"https:\/\/tonalibus.org\/de\/wp-json\/wp\/v2\/pages"}],"about":[{"href":"https:\/\/tonalibus.org\/de\/wp-json\/wp\/v2\/types\/page"}],"author":[{"embeddable":true,"href":"https:\/\/tonalibus.org\/de\/wp-json\/wp\/v2\/users\/1"}],"replies":[{"embeddable":true,"href":"https:\/\/tonalibus.org\/de\/wp-json\/wp\/v2\/comments?post=32069"}],"version-history":[{"count":0,"href":"https:\/\/tonalibus.org\/de\/wp-json\/wp\/v2\/pages\/32069\/revisions"}],"up":[{"embeddable":true,"href":"https:\/\/tonalibus.org\/de\/wp-json\/wp\/v2\/pages\/30125"}],"wp:attachment":[{"href":"https:\/\/tonalibus.org\/de\/wp-json\/wp\/v2\/media?parent=32069"}],"curies":[{"name":"wp","href":"https:\/\/api.w.org\/{rel}","templated":true}]}}