{"id":32564,"date":"2024-05-04T14:49:11","date_gmt":"2024-05-04T12:49:11","guid":{"rendered":"https:\/\/tonalibus.org\/?page_id=32564"},"modified":"2024-07-15T16:35:03","modified_gmt":"2024-07-15T14:35:03","slug":"may-june-2024-sounds","status":"publish","type":"page","link":"https:\/\/tonalibus.org\/de\/sounds\/2024-sounds-and-images\/may-june-2024-sounds\/","title":{"rendered":"Mai-Juni 2024 Kl\u00e4nge"},"content":{"rendered":"<h2 class=\"wp-block-heading has-text-color has-link-color wp-elements-2b3f4fcf4965b12a44e1615f5728ef80\" style=\"color:#f7b320\">Pers\u00f6nliche und kooperative Kl\u00e4nge von Mai-Juni 2024<\/h2>\n\n\n\n<div class=\"wp-block-buttons is-content-justification-center is-layout-flex wp-container-core-buttons-is-layout-16018d1d wp-block-buttons-is-layout-flex\">\n<div class=\"wp-block-button is-style-outline is-style-outline--1\"><a class=\"wp-block-button__link wp-element-button\" href=\"#june\">Juni 2024<\/a><\/div>\n\n\n\n<div class=\"wp-block-button is-style-outline is-style-outline--2\"><a class=\"wp-block-button__link wp-element-button\" href=\"#may\">Mai 2024<\/a><\/div>\n<\/div>\n\n\n\n<div style=\"height:40px\" aria-hidden=\"true\" class=\"wp-block-spacer\"><\/div>\n\n\n\n<p class=\"has-text-color has-link-color wp-elements-89238fe96835066a67f9ce3c5d8bfe0d\" style=\"color:#f7b320\">Nachfolgend findst du pers\u00f6nliche und kooperative Kl\u00e4nge<em> <\/em>von Mai-Juni 2024.<em> <\/em>Dies sind spontane, originelle Improvisationen und Soundscapes von <a href=\"https:\/\/tonalibus.org\/de\/about-tonalibus\/ulrico\/\"><mark style=\"background-color:rgba(0, 0, 0, 0);color:#f7b320\" class=\"has-inline-color\">Ulrico<\/mark><\/a><mark style=\"background-color:rgba(0, 0, 0, 0)\" class=\"has-inline-color has-black-color\"> <\/mark>auf verschiedenen Instrumenten, mehrschichtig oder einspurig, sowie Kooperations-St\u00fccke mit anderen Musikern, wie angegeben.<\/p>\n\n\n\n<h2 class=\"wp-block-heading\" id=\"june\">Kl\u00e4nge vom Juni 2024<\/h2>\n\n\n\n<h2 class=\"wp-block-heading has-text-color has-link-color wp-elements-c7506f758dee074613635de2ead3f9d5\" id=\"kiln\" style=\"color:#f7b320\">\u201cVanishing appearance\u201d \u2013 bundlos schwebender Brennofen<\/h2>\n\n\n\n<figure class=\"wp-block-audio\"><audio controls src=\"https:\/\/tonalibus.org\/wp-content\/uploads\/2024\/06\/2024-06-29-HARSAMGO.mp3\" preload=\"metadata\"><\/audio><figcaption class=\"wp-element-caption\"><a href=\"https:\/\/tonalibus.org\/de\/tonalities\/diatonic-heptatonalities\/aeolian-natural-minor\/\"><mark style=\"background-color:rgba(0, 0, 0, 0);color:#f7b320\" class=\"has-inline-color\">\u00c4olisch<\/mark><\/a><mark style=\"background-color:rgba(0, 0, 0, 0);color:#f7b320\" class=\"has-inline-color\"> \/ nat\u00fcrlich Moll, <\/mark><a href=\"https:\/\/tonalibus.org\/de\/tonalities\/reach-or-harmonic-heptatonalities\/reachupmin-hung-gypsy\/\"><mark style=\"background-color:rgba(0, 0, 0, 0);color:#f7b320\" class=\"has-inline-color\">ReachUpMin<\/mark><\/a><mark style=\"background-color:rgba(0, 0, 0, 0);color:#f7b320\" class=\"has-inline-color\"> \/ ungarisch Gypsy-Moll auf E \u2013 Harmonium, Shamisen, kleiner Gong \u2013 6:16<\/mark><\/figcaption><\/figure>\n\n\n\n<h3 class=\"wp-block-heading has-text-color has-link-color wp-elements-467b3aa98e4d57da81c2d4af000040d6\" id=\"between\" style=\"color:#f7b320\">\u201cBetween light and sound\u201d \u2013 ungarischer Zigeuner-Gleichmut<\/h3>\n\n\n\n<figure class=\"wp-block-audio\"><audio controls src=\"https:\/\/tonalibus.org\/wp-content\/uploads\/2024\/06\/2024-06-29-7GVIBO-REACHUPMIN.mp3\" preload=\"metadata\"><\/audio><figcaption class=\"wp-element-caption\"><a href=\"https:\/\/tonalibus.org\/de\/tonalities\/reach-or-harmonic-heptatonalities\/reachupmin-hung-gypsy\/\"><mark style=\"background-color:rgba(0, 0, 0, 0);color:#f7b320\" class=\"has-inline-color\">ReachUpMin \/ ungarisch Gypsy-Moll<\/mark><\/a><mark style=\"background-color:rgba(0, 0, 0, 0);color:#f7b320\" class=\"has-inline-color\"> auf scharfem E (rel. A 448 Hz) \u2013 7-saitige Gitarre, 3\/4 Violine, Klang-Schale \u2013 8:48<\/mark><\/figcaption><\/figure>\n\n\n\n<h3 class=\"wp-block-heading has-text-color has-link-color wp-elements-44c3396026766f1ef28571845aee76f4\" id=\"nat\" style=\"color:#f7b320\">\u201c\u0928\u091f \u0938\u0930\u0938 Nat Saras\u201d \u2013 Mondtanz an einem Teich<\/h3>\n\n\n\n<figure class=\"wp-block-audio\"><audio controls src=\"https:\/\/tonalibus.org\/wp-content\/uploads\/2024\/06\/2024-06-22-MAJREACH-xG.mp3\" preload=\"metadata\"><\/audio><figcaption class=\"wp-element-caption\"><a href=\"https:\/\/tonalibus.org\/de\/tonalities\/reach-or-harmonic-heptatonalities\/majreach-harmonic-major\/\"><mark style=\"background-color:rgba(0, 0, 0, 0);color:#f7b320\" class=\"has-inline-color\">MajReach \/ harmonisch Dur<\/mark><\/a><mark style=\"background-color:rgba(0, 0, 0, 0);color:#f7b320\" class=\"has-inline-color\"> auf C# (276 Hz) \u2013 8-saitige Gitarre, Lap-Slide-Gitarre, Gong, Tanpura \u2013 7:32<\/mark><\/figcaption><\/figure>\n\n\n\n<h2 class=\"wp-block-heading\" id=\"may\">Kl\u00e4nge vom Mai 2024<\/h2>\n\n\n\n<h3 class=\"wp-block-heading has-text-color has-link-color wp-elements-dd3f592113aa04206ead44c7c6e898f7\" id=\"imastun\" style=\"color:#f7b320\">\u201c<a href=\"https:\/\/en.wiktionary.org\/wiki\/\u056b\u0574\u0561\u057d\u057f\u0578\u0582\u0576\" target=\"_blank\" rel=\"noreferrer noopener\"><mark style=\"background-color:rgba(0, 0, 0, 0);color:#f7b320\" class=\"has-inline-color\">\u056b\u0574\u0561\u057d\u057f\u0578\u0582\u0576 Imastun<\/mark><\/a> survivors\u201d \u2013 Aufruf zu Schweigen<\/h3>\n\n\n\n<figure class=\"wp-block-audio\"><audio controls src=\"https:\/\/tonalibus.org\/wp-content\/uploads\/2024\/05\/2024-05-10-8GITAVOCON.mp3\" preload=\"metadata\"><\/audio><figcaption class=\"wp-element-caption\"><mark style=\"background-color:rgba(0, 0, 0, 0);color:#f7b320\" class=\"has-inline-color\">PentaMinMix \/ Penta\u00c4olDor (Ableitung) auf F# (184 Hz) \u2013 8-saitige Gitarre, Muschel, Stimme, Tanpura \u2013 6:28<\/mark><\/figcaption><\/figure>\n\n\n\n<h3 class=\"wp-block-heading has-text-color has-link-color wp-elements-3e959c83c07b55c460bfdda9833002a8\" id=\"maitri\" style=\"color:#f7b320\">\u201c<a href=\"https:\/\/de.wikipedia.org\/wiki\/Metta\" target=\"_blank\" rel=\"noreferrer noopener\"><mark style=\"background-color:rgba(0, 0, 0, 0);color:#f7b320\" class=\"has-inline-color\">\u092e\u0948\u0924\u094d\u0930\u0940 Maitr\u012b<\/mark><\/a> base\u201d \u2013 das Privileg des Atems<\/h3>\n\n\n\n<figure class=\"wp-block-audio\"><audio controls src=\"https:\/\/tonalibus.org\/wp-content\/uploads\/2024\/05\/2024-05-04-TETRAMIN-PENTARAAG.mp3\" preload=\"metadata\"><\/audio><figcaption class=\"wp-element-caption\"><a href=\"https:\/\/tonalibus.org\/de\/tonalities\/pentatonalities\/tetratonalities-relations-and-the-miracle-of-nature\/\"><mark style=\"background-color:rgba(0, 0, 0, 0);color:#f7b320\" class=\"has-inline-color\">TetraMin<\/mark><\/a><mark style=\"background-color:rgba(0, 0, 0, 0);color:#f7b320\" class=\"has-inline-color\">, PentaMinMix\/Penta\u00c4olDor (Ableitungen) auf C# (276 Hz) \u2013 8-saitige Gitarre, Tanpura \u2013 6:55<\/mark><\/figcaption><\/figure>\n\n\n\n<div style=\"height:55px\" aria-hidden=\"true\" class=\"wp-block-spacer\"><\/div>\n\n\n\n<figure class=\"wp-block-image size-large\"><img loading=\"lazy\" decoding=\"async\" width=\"1024\" height=\"576\" src=\"https:\/\/tonalibus.org\/wp-content\/uploads\/2024\/04\/20240414_113043768_iOS-x-1024x576.jpg\" alt=\"May-June 2024 sounds\" class=\"wp-image-32490\" srcset=\"https:\/\/tonalibus.org\/wp-content\/uploads\/2024\/04\/20240414_113043768_iOS-x-1024x576.jpg 1024w, https:\/\/tonalibus.org\/wp-content\/uploads\/2024\/04\/20240414_113043768_iOS-x-300x169.jpg 300w, https:\/\/tonalibus.org\/wp-content\/uploads\/2024\/04\/20240414_113043768_iOS-x-768x432.jpg 768w, https:\/\/tonalibus.org\/wp-content\/uploads\/2024\/04\/20240414_113043768_iOS-x-1536x864.jpg 1536w, https:\/\/tonalibus.org\/wp-content\/uploads\/2024\/04\/20240414_113043768_iOS-x-2048x1152.jpg 2048w, https:\/\/tonalibus.org\/wp-content\/uploads\/2024\/04\/20240414_113043768_iOS-x-18x10.jpg 18w, https:\/\/tonalibus.org\/wp-content\/uploads\/2024\/04\/20240414_113043768_iOS-x-1320x743.jpg 1320w\" sizes=\"auto, (max-width: 706px) 89vw, (max-width: 767px) 82vw, 740px\" \/><figcaption class=\"wp-element-caption\">Grosse Kr\u00f6te geniesst die W\u00e4rme der fr\u00fchen Fr\u00fchlingssonne zwischen den Fr\u00f6sten \u2013 April 2024 \u2013 Kiental, Schweiz<\/figcaption><\/figure>","protected":false},"excerpt":{"rendered":"<p>Pers\u00f6nliche und kooperative Sounds von Mai-Juni 2024 Unten findest du pers\u00f6nliche und kooperative Sounds von Mai-Juni 2024. Es handelt sich um spontane, originelle Improvisationen und Klanglandschaften von Ulrico auf verschiedenen Instrumenten, mehrschichtig oder einspurig, sowie Kooperationsst\u00fccke mit anderen Musikern, wie angegeben. Kl\u00e4nge vom Juni 2024 \"Verschwindende Erscheinung\" - bundlos schwebender Ofen \"Zwischen Licht und Klang\" ... <\/p>\n<p class=\"link-more\"><a href=\"https:\/\/tonalibus.org\/de\/sounds\/2024-sounds-and-images\/may-june-2024-sounds\/\" class=\"more-link\"><span class=\"screen-reader-text\">\"Mai-Juni 2024 klingt\"<\/span> weiterlesen<\/a><\/p>","protected":false},"author":1,"featured_media":0,"parent":30125,"menu_order":5,"comment_status":"closed","ping_status":"closed","template":"","meta":{"footnotes":""},"class_list":["post-32564","page","type-page","status-publish","hentry"],"yoast_head":"<!-- This site is optimized with the Yoast SEO plugin v27.5 - https:\/\/yoast.com\/product\/yoast-seo-wordpress\/ -->\n<title>May-June 2024 sounds &#8211; TONALIBUS Harmony and Toanlities<\/title>\n<meta name=\"description\" content=\"Here you find personal May-June 2024 sounds. They are spontaneous, original improvisations and soundscapes by Ulrico (and friends).\" \/>\n<meta name=\"robots\" content=\"index, follow, max-snippet:-1, max-image-preview:large, max-video-preview:-1\" \/>\n<link rel=\"canonical\" href=\"https:\/\/tonalibus.org\/de\/sounds\/2024-sounds-and-images\/may-june-2024-sounds\/\" \/>\n<meta property=\"og:locale\" content=\"de_DE\" \/>\n<meta property=\"og:type\" content=\"article\" \/>\n<meta property=\"og:title\" content=\"May-June 2024 sounds &#8211; TONALIBUS Harmony and Toanlities\" \/>\n<meta property=\"og:description\" content=\"Here you find personal May-June 2024 sounds. They are spontaneous, original improvisations and soundscapes by Ulrico (and friends).\" \/>\n<meta property=\"og:url\" content=\"https:\/\/tonalibus.org\/de\/sounds\/2024-sounds-and-images\/may-june-2024-sounds\/\" \/>\n<meta property=\"og:site_name\" content=\"TONALIBUS\" \/>\n<meta property=\"article:modified_time\" content=\"2024-07-15T14:35:03+00:00\" \/>\n<meta property=\"og:image\" content=\"https:\/\/tonalibus.org\/wp-content\/uploads\/2024\/04\/20240414_113043768_iOS-x-1024x576.jpg\" \/>\n<meta name=\"twitter:card\" content=\"summary_large_image\" \/>\n<meta name=\"twitter:label1\" content=\"Gesch\u00e4tzte Lesezeit\" \/>\n\t<meta name=\"twitter:data1\" content=\"1\u00a0Minute\" \/>\n<script type=\"application\/ld+json\" class=\"yoast-schema-graph\">{\"@context\":\"https:\\\/\\\/schema.org\",\"@graph\":[{\"@type\":\"WebPage\",\"@id\":\"https:\\\/\\\/tonalibus.org\\\/sounds\\\/2024-sounds-and-images\\\/may-june-2024-sounds\\\/\",\"url\":\"https:\\\/\\\/tonalibus.org\\\/sounds\\\/2024-sounds-and-images\\\/may-june-2024-sounds\\\/\",\"name\":\"May-June 2024 sounds &#8211; TONALIBUS Harmony and Toanlities\",\"isPartOf\":{\"@id\":\"https:\\\/\\\/tonalibus.org\\\/de\\\/#website\"},\"primaryImageOfPage\":{\"@id\":\"https:\\\/\\\/tonalibus.org\\\/sounds\\\/2024-sounds-and-images\\\/may-june-2024-sounds\\\/#primaryimage\"},\"image\":{\"@id\":\"https:\\\/\\\/tonalibus.org\\\/sounds\\\/2024-sounds-and-images\\\/may-june-2024-sounds\\\/#primaryimage\"},\"thumbnailUrl\":\"https:\\\/\\\/tonalibus.org\\\/wp-content\\\/uploads\\\/2024\\\/04\\\/20240414_113043768_iOS-x-1024x576.jpg\",\"datePublished\":\"2024-05-04T12:49:11+00:00\",\"dateModified\":\"2024-07-15T14:35:03+00:00\",\"description\":\"Here you find personal May-June 2024 sounds. They are spontaneous, original improvisations and soundscapes by Ulrico (and friends).\",\"breadcrumb\":{\"@id\":\"https:\\\/\\\/tonalibus.org\\\/sounds\\\/2024-sounds-and-images\\\/may-june-2024-sounds\\\/#breadcrumb\"},\"inLanguage\":\"de-CH\",\"potentialAction\":[{\"@type\":\"ReadAction\",\"target\":[\"https:\\\/\\\/tonalibus.org\\\/sounds\\\/2024-sounds-and-images\\\/may-june-2024-sounds\\\/\"]}]},{\"@type\":\"ImageObject\",\"inLanguage\":\"de-CH\",\"@id\":\"https:\\\/\\\/tonalibus.org\\\/sounds\\\/2024-sounds-and-images\\\/may-june-2024-sounds\\\/#primaryimage\",\"url\":\"https:\\\/\\\/tonalibus.org\\\/wp-content\\\/uploads\\\/2024\\\/04\\\/20240414_113043768_iOS-x-1024x576.jpg\",\"contentUrl\":\"https:\\\/\\\/tonalibus.org\\\/wp-content\\\/uploads\\\/2024\\\/04\\\/20240414_113043768_iOS-x-1024x576.jpg\"},{\"@type\":\"BreadcrumbList\",\"@id\":\"https:\\\/\\\/tonalibus.org\\\/sounds\\\/2024-sounds-and-images\\\/may-june-2024-sounds\\\/#breadcrumb\",\"itemListElement\":[{\"@type\":\"ListItem\",\"position\":1,\"name\":\"Home\",\"item\":\"https:\\\/\\\/tonalibus.org\\\/\"},{\"@type\":\"ListItem\",\"position\":2,\"name\":\"Sounds\",\"item\":\"https:\\\/\\\/tonalibus.org\\\/sounds\\\/\"},{\"@type\":\"ListItem\",\"position\":3,\"name\":\"2024 Sounds and Images\",\"item\":\"https:\\\/\\\/tonalibus.org\\\/sounds\\\/2024-sounds-and-images\\\/\"},{\"@type\":\"ListItem\",\"position\":4,\"name\":\"May-June 2024 sounds\"}]},{\"@type\":\"WebSite\",\"@id\":\"https:\\\/\\\/tonalibus.org\\\/de\\\/#website\",\"url\":\"https:\\\/\\\/tonalibus.org\\\/de\\\/\",\"name\":\"TONALIBUS\",\"description\":\"Anchored Harmony and Tonalities\",\"publisher\":{\"@id\":\"https:\\\/\\\/tonalibus.org\\\/de\\\/#\\\/schema\\\/person\\\/749261d7bc96d1f00127273f83ab96a4\"},\"potentialAction\":[{\"@type\":\"SearchAction\",\"target\":{\"@type\":\"EntryPoint\",\"urlTemplate\":\"https:\\\/\\\/tonalibus.org\\\/de\\\/?s={search_term_string}\"},\"query-input\":{\"@type\":\"PropertyValueSpecification\",\"valueRequired\":true,\"valueName\":\"search_term_string\"}}],\"inLanguage\":\"de-CH\"},{\"@type\":[\"Person\",\"Organization\"],\"@id\":\"https:\\\/\\\/tonalibus.org\\\/de\\\/#\\\/schema\\\/person\\\/749261d7bc96d1f00127273f83ab96a4\",\"name\":\"Ulrico\",\"image\":{\"@type\":\"ImageObject\",\"inLanguage\":\"de-CH\",\"@id\":\"https:\\\/\\\/tonalibus.org\\\/wp-content\\\/uploads\\\/2020\\\/06\\\/uli-pix.jpg\",\"url\":\"https:\\\/\\\/tonalibus.org\\\/wp-content\\\/uploads\\\/2020\\\/06\\\/uli-pix.jpg\",\"contentUrl\":\"https:\\\/\\\/tonalibus.org\\\/wp-content\\\/uploads\\\/2020\\\/06\\\/uli-pix.jpg\",\"width\":960,\"height\":720,\"caption\":\"Ulrico\"},\"logo\":{\"@id\":\"https:\\\/\\\/tonalibus.org\\\/wp-content\\\/uploads\\\/2020\\\/06\\\/uli-pix.jpg\"},\"sameAs\":[\"https:\\\/\\\/tonalibus.cyon.site\"]}]}<\/script>\n<!-- \/ Yoast SEO plugin. -->","yoast_head_json":{"title":"Mai-Juni 2024 Kl\u00e4nge - TONALIBUS Harmony and Toanlities","description":"Hier findest du pers\u00f6nliche Mai-Juni 2024 Sounds. Es sind spontane, originelle Improvisationen und Soundscapes von Ulrico (und Freunden).","robots":{"index":"index","follow":"follow","max-snippet":"max-snippet:-1","max-image-preview":"max-image-preview:large","max-video-preview":"max-video-preview:-1"},"canonical":"https:\/\/tonalibus.org\/de\/sounds\/2024-sounds-and-images\/may-june-2024-sounds\/","og_locale":"de_DE","og_type":"article","og_title":"May-June 2024 sounds &#8211; TONALIBUS Harmony and Toanlities","og_description":"Here you find personal May-June 2024 sounds. They are spontaneous, original improvisations and soundscapes by Ulrico (and friends).","og_url":"https:\/\/tonalibus.org\/de\/sounds\/2024-sounds-and-images\/may-june-2024-sounds\/","og_site_name":"TONALIBUS","article_modified_time":"2024-07-15T14:35:03+00:00","og_image":[{"url":"https:\/\/tonalibus.org\/wp-content\/uploads\/2024\/04\/20240414_113043768_iOS-x-1024x576.jpg","type":"","width":"","height":""}],"twitter_card":"summary_large_image","twitter_misc":{"Gesch\u00e4tzte Lesezeit":"1\u00a0Minute"},"schema":{"@context":"https:\/\/schema.org","@graph":[{"@type":"WebPage","@id":"https:\/\/tonalibus.org\/sounds\/2024-sounds-and-images\/may-june-2024-sounds\/","url":"https:\/\/tonalibus.org\/sounds\/2024-sounds-and-images\/may-june-2024-sounds\/","name":"Mai-Juni 2024 Kl\u00e4nge - TONALIBUS Harmony and Toanlities","isPartOf":{"@id":"https:\/\/tonalibus.org\/de\/#website"},"primaryImageOfPage":{"@id":"https:\/\/tonalibus.org\/sounds\/2024-sounds-and-images\/may-june-2024-sounds\/#primaryimage"},"image":{"@id":"https:\/\/tonalibus.org\/sounds\/2024-sounds-and-images\/may-june-2024-sounds\/#primaryimage"},"thumbnailUrl":"https:\/\/tonalibus.org\/wp-content\/uploads\/2024\/04\/20240414_113043768_iOS-x-1024x576.jpg","datePublished":"2024-05-04T12:49:11+00:00","dateModified":"2024-07-15T14:35:03+00:00","description":"Hier findest du pers\u00f6nliche Mai-Juni 2024 Sounds. Es sind spontane, originelle Improvisationen und Soundscapes von Ulrico (und Freunden).","breadcrumb":{"@id":"https:\/\/tonalibus.org\/sounds\/2024-sounds-and-images\/may-june-2024-sounds\/#breadcrumb"},"inLanguage":"de-CH","potentialAction":[{"@type":"ReadAction","target":["https:\/\/tonalibus.org\/sounds\/2024-sounds-and-images\/may-june-2024-sounds\/"]}]},{"@type":"ImageObject","inLanguage":"de-CH","@id":"https:\/\/tonalibus.org\/sounds\/2024-sounds-and-images\/may-june-2024-sounds\/#primaryimage","url":"https:\/\/tonalibus.org\/wp-content\/uploads\/2024\/04\/20240414_113043768_iOS-x-1024x576.jpg","contentUrl":"https:\/\/tonalibus.org\/wp-content\/uploads\/2024\/04\/20240414_113043768_iOS-x-1024x576.jpg"},{"@type":"BreadcrumbList","@id":"https:\/\/tonalibus.org\/sounds\/2024-sounds-and-images\/may-june-2024-sounds\/#breadcrumb","itemListElement":[{"@type":"ListItem","position":1,"name":"Home","item":"https:\/\/tonalibus.org\/"},{"@type":"ListItem","position":2,"name":"Sounds","item":"https:\/\/tonalibus.org\/sounds\/"},{"@type":"ListItem","position":3,"name":"2024 Sounds and Images","item":"https:\/\/tonalibus.org\/sounds\/2024-sounds-and-images\/"},{"@type":"ListItem","position":4,"name":"May-June 2024 sounds"}]},{"@type":"WebSite","@id":"https:\/\/tonalibus.org\/de\/#website","url":"https:\/\/tonalibus.org\/de\/","name":"TONALIBUS","description":"Verankerte Harmonie und Tonalit\u00e4ten","publisher":{"@id":"https:\/\/tonalibus.org\/de\/#\/schema\/person\/749261d7bc96d1f00127273f83ab96a4"},"potentialAction":[{"@type":"SearchAction","target":{"@type":"EntryPoint","urlTemplate":"https:\/\/tonalibus.org\/de\/?s={search_term_string}"},"query-input":{"@type":"PropertyValueSpecification","valueRequired":true,"valueName":"search_term_string"}}],"inLanguage":"de-CH"},{"@type":["Person","Organization"],"@id":"https:\/\/tonalibus.org\/de\/#\/schema\/person\/749261d7bc96d1f00127273f83ab96a4","name":"Ulrico","image":{"@type":"ImageObject","inLanguage":"de-CH","@id":"https:\/\/tonalibus.org\/wp-content\/uploads\/2020\/06\/uli-pix.jpg","url":"https:\/\/tonalibus.org\/wp-content\/uploads\/2020\/06\/uli-pix.jpg","contentUrl":"https:\/\/tonalibus.org\/wp-content\/uploads\/2020\/06\/uli-pix.jpg","width":960,"height":720,"caption":"Ulrico"},"logo":{"@id":"https:\/\/tonalibus.org\/wp-content\/uploads\/2020\/06\/uli-pix.jpg"},"sameAs":["https:\/\/tonalibus.cyon.site"]}]}},"_links":{"self":[{"href":"https:\/\/tonalibus.org\/de\/wp-json\/wp\/v2\/pages\/32564","targetHints":{"allow":["GET"]}}],"collection":[{"href":"https:\/\/tonalibus.org\/de\/wp-json\/wp\/v2\/pages"}],"about":[{"href":"https:\/\/tonalibus.org\/de\/wp-json\/wp\/v2\/types\/page"}],"author":[{"embeddable":true,"href":"https:\/\/tonalibus.org\/de\/wp-json\/wp\/v2\/users\/1"}],"replies":[{"embeddable":true,"href":"https:\/\/tonalibus.org\/de\/wp-json\/wp\/v2\/comments?post=32564"}],"version-history":[{"count":0,"href":"https:\/\/tonalibus.org\/de\/wp-json\/wp\/v2\/pages\/32564\/revisions"}],"up":[{"embeddable":true,"href":"https:\/\/tonalibus.org\/de\/wp-json\/wp\/v2\/pages\/30125"}],"wp:attachment":[{"href":"https:\/\/tonalibus.org\/de\/wp-json\/wp\/v2\/media?parent=32564"}],"curies":[{"name":"wp","href":"https:\/\/api.w.org\/{rel}","templated":true}]}}