{"id":33409,"date":"2024-07-10T23:43:28","date_gmt":"2024-07-10T21:43:28","guid":{"rendered":"https:\/\/tonalibus.org\/?page_id=33409"},"modified":"2024-08-30T13:28:03","modified_gmt":"2024-08-30T11:28:03","slug":"july-august-2024-sounds","status":"publish","type":"page","link":"https:\/\/tonalibus.org\/de\/sounds\/2024-sounds-and-images\/july-august-2024-sounds\/","title":{"rendered":"Juli-August 2024 Kl\u00e4nge"},"content":{"rendered":"<h2 class=\"wp-block-heading has-text-color has-link-color wp-elements-ead31f2619254f1485af1dbbd6f61044\" style=\"color:#f7b320\">Pers\u00f6nliche und kooperative Kl\u00e4nge von Juli-August 2024<\/h2>\n\n\n\n<div class=\"wp-block-buttons is-content-justification-center is-layout-flex wp-container-core-buttons-is-layout-16018d1d wp-block-buttons-is-layout-flex\">\n<div class=\"wp-block-button is-style-outline is-style-outline--1\"><a class=\"wp-block-button__link wp-element-button\" href=\"#august\">August 2024<\/a><\/div>\n\n\n\n<div class=\"wp-block-button is-style-outline is-style-outline--2\"><a class=\"wp-block-button__link wp-element-button\" href=\"#july\">Juli 2024<\/a><\/div>\n<\/div>\n\n\n\n<div style=\"height:40px\" aria-hidden=\"true\" class=\"wp-block-spacer\"><\/div>\n\n\n\n<p class=\"has-text-color has-link-color wp-elements-f50de457c4a25e2f48960c6ab5ffc630\" style=\"color:#f7b320\">Nachfolgend findst du pers\u00f6nliche und kooperative Kl\u00e4nge<em> <\/em>von Juli-August 2024.<em> <\/em>Dies sind spontane, originelle Improvisationen und Soundscapes von <a href=\"https:\/\/tonalibus.org\/de\/about-tonalibus\/ulrico\/\"><mark style=\"background-color:rgba(0, 0, 0, 0);color:#f7b320\" class=\"has-inline-color\">Ulrico<\/mark><\/a><mark style=\"background-color:rgba(0, 0, 0, 0)\" class=\"has-inline-color has-black-color\"> <\/mark>auf verschiedenen Instrumenten, mehrschichtig oder einspurig, sowie Kooperations-St\u00fccke mit anderen Musikern, wie angegeben.<\/p>\n\n\n\n<h2 class=\"wp-block-heading\" id=\"august\">Kl\u00e4nge vom August 2024<\/h2>\n\n\n\n<h3 class=\"wp-block-heading has-text-color has-link-color wp-elements-f127f90d8bb68a9949c43d257e0c1c2f\" id=\"it-is\" style=\"color:#f7b320\">\u201cIt is that it is\u201d \u2013 und das ist eine gute Nachricht!<\/h3>\n\n\n\n<figure class=\"wp-block-audio\"><audio controls src=\"https:\/\/tonalibus.org\/wp-content\/uploads\/2024\/08\/2024-08-30-SAM8GICON.mp3\" preload=\"metadata\"><\/audio><figcaption class=\"wp-element-caption\"><a href=\"https:\/\/tonalibus.org\/de\/tonalities\/pentatonalities\/tetratonalities-relations-and-the-miracle-of-nature\/\"><mark style=\"background-color:rgba(0, 0, 0, 0);color:#f7b320\" class=\"has-inline-color\">TetraMin<\/mark><\/a><mark style=\"background-color:rgba(0, 0, 0, 0);color:#f7b320\" class=\"has-inline-color\">, eine Tetra-Ableitung auf scharfem G# (418 Hz, rel. A 444 Hz) \u2013 Shamisen, Muschel, 8-saitige Gitarre \u2013 5:15<\/mark><\/figcaption><\/figure>\n\n\n\n<h3 class=\"wp-block-heading has-text-color has-link-color wp-elements-b317a2d39847bc68bec7d9a871cb4e10\" id=\"beaten\" style=\"color:#f7b320\">\u201cBeatenberg Buddha bounce\u201d \u2013 zur\u00fcck in die &amp; aus der Stille<\/h3>\n\n\n\n<figure class=\"wp-block-audio\"><audio controls src=\"https:\/\/tonalibus.org\/wp-content\/uploads\/2024\/08\/2024-08-20-TUKFEA.mp3\" preload=\"metadata\"><\/audio><figcaption class=\"wp-element-caption\"><a href=\"https:\/\/tonalibus.org\/de\/tonalities\/pentatonalities\/pentaprola-or-pentaion-pentatonic-major\/\"><mark style=\"background-color:rgba(0, 0, 0, 0);color:#f7b320\" class=\"has-inline-color\">PentaProLa \/ PentaIon<\/mark><\/a><mark style=\"background-color:rgba(0, 0, 0, 0);color:#f7b320\" class=\"has-inline-color\"> (pentatonisch Dur) auf flachem A (432 Hz) \u2013 Tenor-Ukulele, Fead\u00f3g (irische Blechfl\u00f6te) \u2013 3:54<\/mark><\/figcaption><\/figure>\n\n\n\n<h2 class=\"wp-block-heading\" id=\"july\">Kl\u00e4nge vom Juli 2024<\/h2>\n\n\n\n<h3 class=\"wp-block-heading has-text-color has-link-color wp-elements-338dcb348703e04bb988346eaed80a3f\" id=\"red-white\" style=\"color:#f7b320\">\u201cFrom red line to white plane\u201d \u2013 ein ruhiger \u00dcbergang<\/h3>\n\n\n\n<figure class=\"wp-block-audio\"><audio controls src=\"https:\/\/tonalibus.org\/wp-content\/uploads\/2024\/07\/2024-07-28-7GTUTA.mp3\" preload=\"metadata\"><\/audio><figcaption class=\"wp-element-caption\"><a href=\"https:\/\/tonalibus.org\/de\/tonalities\/hexatonalities\/hexalocorreach\/\"><mark style=\"background-color:rgba(0, 0, 0, 0);color:#f7b320\" class=\"has-inline-color\">HexaLocorReach<\/mark><\/a><mark style=\"background-color:rgba(0, 0, 0, 0);color:#f7b320\" class=\"has-inline-color\"> auf scharfem A (448 Hz) \u2013 inspiriert vom Raaga Multani \u2013 7-saitige Gitarre, Tenor-Ukulele, Tanpura \u2013 8:29<\/mark><\/figcaption><\/figure>\n\n\n\n<h3 class=\"wp-block-heading has-text-color has-link-color wp-elements-b1f89bc78308c38c98adde5a88d4c7c8\" id=\"prince\" style=\"color:#f7b320\">\u201cPrince on a pea\u201d \u2013 kannst du es finden?<\/h3>\n\n\n\n<figure class=\"wp-block-audio\"><audio controls src=\"https:\/\/tonalibus.org\/wp-content\/uploads\/2024\/07\/2024-07-10-7GVIBA.mp3\" preload=\"metadata\"><\/audio><figcaption class=\"wp-element-caption\"><a href=\"https:\/\/tonalibus.org\/de\/tonalities\/reach-or-harmonic-heptatonalities\/loreachup\/\"><mark style=\"background-color:rgba(0, 0, 0, 0);color:#f7b320\" class=\"has-inline-color\">LoReachUp<\/mark><\/a><mark style=\"background-color:rgba(0, 0, 0, 0);color:#f7b320\" class=\"has-inline-color\"> auf scharfem E (rel. A 448 Hz \u2013 plus ein einzelnes D) \u2013 7-saitige Gitarre, Bass, Violine \u2013 8:05<\/mark><\/figcaption><\/figure>\n\n\n\n<div style=\"height:55px\" aria-hidden=\"true\" class=\"wp-block-spacer\"><\/div>\n\n\n\n<figure class=\"wp-block-image size-large\"><img loading=\"lazy\" decoding=\"async\" width=\"1024\" height=\"474\" src=\"https:\/\/tonalibus.org\/wp-content\/uploads\/2024\/05\/20240518_182328790_iOS-xc-1024x474.jpg\" alt=\"July-August 2024 sounds\" class=\"wp-image-32931\" srcset=\"https:\/\/tonalibus.org\/wp-content\/uploads\/2024\/05\/20240518_182328790_iOS-xc-1024x474.jpg 1024w, https:\/\/tonalibus.org\/wp-content\/uploads\/2024\/05\/20240518_182328790_iOS-xc-300x139.jpg 300w, https:\/\/tonalibus.org\/wp-content\/uploads\/2024\/05\/20240518_182328790_iOS-xc-768x356.jpg 768w, https:\/\/tonalibus.org\/wp-content\/uploads\/2024\/05\/20240518_182328790_iOS-xc-1536x712.jpg 1536w, https:\/\/tonalibus.org\/wp-content\/uploads\/2024\/05\/20240518_182328790_iOS-xc-2048x949.jpg 2048w, https:\/\/tonalibus.org\/wp-content\/uploads\/2024\/05\/20240518_182328790_iOS-xc-18x8.jpg 18w, https:\/\/tonalibus.org\/wp-content\/uploads\/2024\/05\/20240518_182328790_iOS-xc-1320x612.jpg 1320w\" sizes=\"auto, (max-width: 706px) 89vw, (max-width: 767px) 82vw, 740px\" \/><figcaption class=\"wp-element-caption\">Begegnung von K\u00f6rper, Herz und Spirit mit dem G\u00f6ttlichen \u2013 Blick vom Tonalibus-Balkon \u2013 Mai 2024 \u2013 Schweiz<\/figcaption><\/figure>","protected":false},"excerpt":{"rendered":"<p>Pers\u00f6nliche und kooperative Sounds von Juli bis August 2024 Unten findest du pers\u00f6nliche und kooperative Sounds von Juli bis August 2024. Es handelt sich um spontane, originelle Improvisationen und Klanglandschaften von Ulrico auf verschiedenen Instrumenten, mehrschichtig oder einspurig, sowie Kooperationsst\u00fccke mit anderen Musikern, wie angegeben. Sounds of August 2024 \"Es ist, wie es ist\" - und das ist eine gute Nachricht! ... <\/p>\n<p class=\"link-more\"><a href=\"https:\/\/tonalibus.org\/de\/sounds\/2024-sounds-and-images\/july-august-2024-sounds\/\" class=\"more-link\"><span class=\"screen-reader-text\">\"Juli-August 2024 klingt\"<\/span> weiterlesen<\/a><\/p>","protected":false},"author":1,"featured_media":0,"parent":30125,"menu_order":7,"comment_status":"closed","ping_status":"closed","template":"","meta":{"footnotes":""},"class_list":["post-33409","page","type-page","status-publish","hentry"],"yoast_head":"<!-- This site is optimized with the Yoast SEO plugin v27.6 - https:\/\/yoast.com\/product\/yoast-seo-wordpress\/ -->\n<title>July-August 2024 sounds &#8211; TONALIBUS Harmony and Tonalities<\/title>\n<meta name=\"description\" content=\"Here you find personal July-August 2024 sounds. They are spontaneous, original improvisations and soundscapes by Ulrico (and friends).\" \/>\n<meta name=\"robots\" content=\"index, follow, max-snippet:-1, max-image-preview:large, max-video-preview:-1\" \/>\n<link rel=\"canonical\" href=\"https:\/\/tonalibus.org\/de\/sounds\/2024-sounds-and-images\/july-august-2024-sounds\/\" \/>\n<meta property=\"og:locale\" content=\"de_DE\" \/>\n<meta property=\"og:type\" content=\"article\" \/>\n<meta property=\"og:title\" content=\"July-August 2024 sounds &#8211; TONALIBUS Harmony and Tonalities\" \/>\n<meta property=\"og:description\" content=\"Here you find personal July-August 2024 sounds. They are spontaneous, original improvisations and soundscapes by Ulrico (and friends).\" \/>\n<meta property=\"og:url\" content=\"https:\/\/tonalibus.org\/de\/sounds\/2024-sounds-and-images\/july-august-2024-sounds\/\" \/>\n<meta property=\"og:site_name\" content=\"TONALIBUS\" \/>\n<meta property=\"article:modified_time\" content=\"2024-08-30T11:28:03+00:00\" \/>\n<meta property=\"og:image\" content=\"https:\/\/tonalibus.org\/wp-content\/uploads\/2024\/05\/20240518_182328790_iOS-xc-1024x474.jpg\" \/>\n<meta name=\"twitter:card\" content=\"summary_large_image\" \/>\n<meta name=\"twitter:label1\" content=\"Gesch\u00e4tzte Lesezeit\" \/>\n\t<meta name=\"twitter:data1\" content=\"1\u00a0Minute\" \/>\n<script type=\"application\/ld+json\" class=\"yoast-schema-graph\">{\"@context\":\"https:\\\/\\\/schema.org\",\"@graph\":[{\"@type\":\"WebPage\",\"@id\":\"https:\\\/\\\/tonalibus.org\\\/sounds\\\/2024-sounds-and-images\\\/july-august-2024-sounds\\\/\",\"url\":\"https:\\\/\\\/tonalibus.org\\\/sounds\\\/2024-sounds-and-images\\\/july-august-2024-sounds\\\/\",\"name\":\"July-August 2024 sounds &#8211; TONALIBUS Harmony and Tonalities\",\"isPartOf\":{\"@id\":\"https:\\\/\\\/tonalibus.org\\\/de\\\/#website\"},\"primaryImageOfPage\":{\"@id\":\"https:\\\/\\\/tonalibus.org\\\/sounds\\\/2024-sounds-and-images\\\/july-august-2024-sounds\\\/#primaryimage\"},\"image\":{\"@id\":\"https:\\\/\\\/tonalibus.org\\\/sounds\\\/2024-sounds-and-images\\\/july-august-2024-sounds\\\/#primaryimage\"},\"thumbnailUrl\":\"https:\\\/\\\/tonalibus.org\\\/wp-content\\\/uploads\\\/2024\\\/05\\\/20240518_182328790_iOS-xc-1024x474.jpg\",\"datePublished\":\"2024-07-10T21:43:28+00:00\",\"dateModified\":\"2024-08-30T11:28:03+00:00\",\"description\":\"Here you find personal July-August 2024 sounds. They are spontaneous, original improvisations and soundscapes by Ulrico (and friends).\",\"breadcrumb\":{\"@id\":\"https:\\\/\\\/tonalibus.org\\\/sounds\\\/2024-sounds-and-images\\\/july-august-2024-sounds\\\/#breadcrumb\"},\"inLanguage\":\"de-CH\",\"potentialAction\":[{\"@type\":\"ReadAction\",\"target\":[\"https:\\\/\\\/tonalibus.org\\\/sounds\\\/2024-sounds-and-images\\\/july-august-2024-sounds\\\/\"]}]},{\"@type\":\"ImageObject\",\"inLanguage\":\"de-CH\",\"@id\":\"https:\\\/\\\/tonalibus.org\\\/sounds\\\/2024-sounds-and-images\\\/july-august-2024-sounds\\\/#primaryimage\",\"url\":\"https:\\\/\\\/tonalibus.org\\\/wp-content\\\/uploads\\\/2024\\\/05\\\/20240518_182328790_iOS-xc-1024x474.jpg\",\"contentUrl\":\"https:\\\/\\\/tonalibus.org\\\/wp-content\\\/uploads\\\/2024\\\/05\\\/20240518_182328790_iOS-xc-1024x474.jpg\"},{\"@type\":\"BreadcrumbList\",\"@id\":\"https:\\\/\\\/tonalibus.org\\\/sounds\\\/2024-sounds-and-images\\\/july-august-2024-sounds\\\/#breadcrumb\",\"itemListElement\":[{\"@type\":\"ListItem\",\"position\":1,\"name\":\"Home\",\"item\":\"https:\\\/\\\/tonalibus.org\\\/\"},{\"@type\":\"ListItem\",\"position\":2,\"name\":\"Sounds\",\"item\":\"https:\\\/\\\/tonalibus.org\\\/sounds\\\/\"},{\"@type\":\"ListItem\",\"position\":3,\"name\":\"2024 Sounds and Images\",\"item\":\"https:\\\/\\\/tonalibus.org\\\/sounds\\\/2024-sounds-and-images\\\/\"},{\"@type\":\"ListItem\",\"position\":4,\"name\":\"July-August 2024 sounds\"}]},{\"@type\":\"WebSite\",\"@id\":\"https:\\\/\\\/tonalibus.org\\\/de\\\/#website\",\"url\":\"https:\\\/\\\/tonalibus.org\\\/de\\\/\",\"name\":\"TONALIBUS\",\"description\":\"Anchored Harmony and Tonalities\",\"publisher\":{\"@id\":\"https:\\\/\\\/tonalibus.org\\\/de\\\/#\\\/schema\\\/person\\\/749261d7bc96d1f00127273f83ab96a4\"},\"potentialAction\":[{\"@type\":\"SearchAction\",\"target\":{\"@type\":\"EntryPoint\",\"urlTemplate\":\"https:\\\/\\\/tonalibus.org\\\/de\\\/?s={search_term_string}\"},\"query-input\":{\"@type\":\"PropertyValueSpecification\",\"valueRequired\":true,\"valueName\":\"search_term_string\"}}],\"inLanguage\":\"de-CH\"},{\"@type\":[\"Person\",\"Organization\"],\"@id\":\"https:\\\/\\\/tonalibus.org\\\/de\\\/#\\\/schema\\\/person\\\/749261d7bc96d1f00127273f83ab96a4\",\"name\":\"Ulrico\",\"image\":{\"@type\":\"ImageObject\",\"inLanguage\":\"de-CH\",\"@id\":\"https:\\\/\\\/tonalibus.org\\\/wp-content\\\/uploads\\\/2020\\\/06\\\/uli-pix.jpg\",\"url\":\"https:\\\/\\\/tonalibus.org\\\/wp-content\\\/uploads\\\/2020\\\/06\\\/uli-pix.jpg\",\"contentUrl\":\"https:\\\/\\\/tonalibus.org\\\/wp-content\\\/uploads\\\/2020\\\/06\\\/uli-pix.jpg\",\"width\":960,\"height\":720,\"caption\":\"Ulrico\"},\"logo\":{\"@id\":\"https:\\\/\\\/tonalibus.org\\\/wp-content\\\/uploads\\\/2020\\\/06\\\/uli-pix.jpg\"},\"sameAs\":[\"https:\\\/\\\/tonalibus.cyon.site\"]}]}<\/script>\n<!-- \/ Yoast SEO plugin. -->","yoast_head_json":{"title":"Juli-August 2024 Kl\u00e4nge - TONALIBUS Harmonie und Tonalit\u00e4ten","description":"Hier findest du pers\u00f6nliche Juli-August 2024 Sounds. Es sind spontane, originelle Improvisationen und Soundscapes von Ulrico (und Freunden).","robots":{"index":"index","follow":"follow","max-snippet":"max-snippet:-1","max-image-preview":"max-image-preview:large","max-video-preview":"max-video-preview:-1"},"canonical":"https:\/\/tonalibus.org\/de\/sounds\/2024-sounds-and-images\/july-august-2024-sounds\/","og_locale":"de_DE","og_type":"article","og_title":"July-August 2024 sounds &#8211; TONALIBUS Harmony and Tonalities","og_description":"Here you find personal July-August 2024 sounds. They are spontaneous, original improvisations and soundscapes by Ulrico (and friends).","og_url":"https:\/\/tonalibus.org\/de\/sounds\/2024-sounds-and-images\/july-august-2024-sounds\/","og_site_name":"TONALIBUS","article_modified_time":"2024-08-30T11:28:03+00:00","og_image":[{"url":"https:\/\/tonalibus.org\/wp-content\/uploads\/2024\/05\/20240518_182328790_iOS-xc-1024x474.jpg","type":"","width":"","height":""}],"twitter_card":"summary_large_image","twitter_misc":{"Gesch\u00e4tzte Lesezeit":"1\u00a0Minute"},"schema":{"@context":"https:\/\/schema.org","@graph":[{"@type":"WebPage","@id":"https:\/\/tonalibus.org\/sounds\/2024-sounds-and-images\/july-august-2024-sounds\/","url":"https:\/\/tonalibus.org\/sounds\/2024-sounds-and-images\/july-august-2024-sounds\/","name":"Juli-August 2024 Kl\u00e4nge - TONALIBUS Harmonie und Tonalit\u00e4ten","isPartOf":{"@id":"https:\/\/tonalibus.org\/de\/#website"},"primaryImageOfPage":{"@id":"https:\/\/tonalibus.org\/sounds\/2024-sounds-and-images\/july-august-2024-sounds\/#primaryimage"},"image":{"@id":"https:\/\/tonalibus.org\/sounds\/2024-sounds-and-images\/july-august-2024-sounds\/#primaryimage"},"thumbnailUrl":"https:\/\/tonalibus.org\/wp-content\/uploads\/2024\/05\/20240518_182328790_iOS-xc-1024x474.jpg","datePublished":"2024-07-10T21:43:28+00:00","dateModified":"2024-08-30T11:28:03+00:00","description":"Hier findest du pers\u00f6nliche Juli-August 2024 Sounds. Es sind spontane, originelle Improvisationen und Soundscapes von Ulrico (und Freunden).","breadcrumb":{"@id":"https:\/\/tonalibus.org\/sounds\/2024-sounds-and-images\/july-august-2024-sounds\/#breadcrumb"},"inLanguage":"de-CH","potentialAction":[{"@type":"ReadAction","target":["https:\/\/tonalibus.org\/sounds\/2024-sounds-and-images\/july-august-2024-sounds\/"]}]},{"@type":"ImageObject","inLanguage":"de-CH","@id":"https:\/\/tonalibus.org\/sounds\/2024-sounds-and-images\/july-august-2024-sounds\/#primaryimage","url":"https:\/\/tonalibus.org\/wp-content\/uploads\/2024\/05\/20240518_182328790_iOS-xc-1024x474.jpg","contentUrl":"https:\/\/tonalibus.org\/wp-content\/uploads\/2024\/05\/20240518_182328790_iOS-xc-1024x474.jpg"},{"@type":"BreadcrumbList","@id":"https:\/\/tonalibus.org\/sounds\/2024-sounds-and-images\/july-august-2024-sounds\/#breadcrumb","itemListElement":[{"@type":"ListItem","position":1,"name":"Home","item":"https:\/\/tonalibus.org\/"},{"@type":"ListItem","position":2,"name":"Sounds","item":"https:\/\/tonalibus.org\/sounds\/"},{"@type":"ListItem","position":3,"name":"2024 Sounds and Images","item":"https:\/\/tonalibus.org\/sounds\/2024-sounds-and-images\/"},{"@type":"ListItem","position":4,"name":"July-August 2024 sounds"}]},{"@type":"WebSite","@id":"https:\/\/tonalibus.org\/de\/#website","url":"https:\/\/tonalibus.org\/de\/","name":"TONALIBUS","description":"Verankerte Harmonie und Tonalit\u00e4ten","publisher":{"@id":"https:\/\/tonalibus.org\/de\/#\/schema\/person\/749261d7bc96d1f00127273f83ab96a4"},"potentialAction":[{"@type":"SearchAction","target":{"@type":"EntryPoint","urlTemplate":"https:\/\/tonalibus.org\/de\/?s={search_term_string}"},"query-input":{"@type":"PropertyValueSpecification","valueRequired":true,"valueName":"search_term_string"}}],"inLanguage":"de-CH"},{"@type":["Person","Organization"],"@id":"https:\/\/tonalibus.org\/de\/#\/schema\/person\/749261d7bc96d1f00127273f83ab96a4","name":"Ulrico","image":{"@type":"ImageObject","inLanguage":"de-CH","@id":"https:\/\/tonalibus.org\/wp-content\/uploads\/2020\/06\/uli-pix.jpg","url":"https:\/\/tonalibus.org\/wp-content\/uploads\/2020\/06\/uli-pix.jpg","contentUrl":"https:\/\/tonalibus.org\/wp-content\/uploads\/2020\/06\/uli-pix.jpg","width":960,"height":720,"caption":"Ulrico"},"logo":{"@id":"https:\/\/tonalibus.org\/wp-content\/uploads\/2020\/06\/uli-pix.jpg"},"sameAs":["https:\/\/tonalibus.cyon.site"]}]}},"_links":{"self":[{"href":"https:\/\/tonalibus.org\/de\/wp-json\/wp\/v2\/pages\/33409","targetHints":{"allow":["GET"]}}],"collection":[{"href":"https:\/\/tonalibus.org\/de\/wp-json\/wp\/v2\/pages"}],"about":[{"href":"https:\/\/tonalibus.org\/de\/wp-json\/wp\/v2\/types\/page"}],"author":[{"embeddable":true,"href":"https:\/\/tonalibus.org\/de\/wp-json\/wp\/v2\/users\/1"}],"replies":[{"embeddable":true,"href":"https:\/\/tonalibus.org\/de\/wp-json\/wp\/v2\/comments?post=33409"}],"version-history":[{"count":0,"href":"https:\/\/tonalibus.org\/de\/wp-json\/wp\/v2\/pages\/33409\/revisions"}],"up":[{"embeddable":true,"href":"https:\/\/tonalibus.org\/de\/wp-json\/wp\/v2\/pages\/30125"}],"wp:attachment":[{"href":"https:\/\/tonalibus.org\/de\/wp-json\/wp\/v2\/media?parent=33409"}],"curies":[{"name":"wp","href":"https:\/\/api.w.org\/{rel}","templated":true}]}}