{"id":33982,"date":"2024-09-06T23:43:25","date_gmt":"2024-09-06T21:43:25","guid":{"rendered":"https:\/\/tonalibus.org\/?page_id=33982"},"modified":"2024-11-29T14:24:48","modified_gmt":"2024-11-29T13:24:48","slug":"sept-oct-2024-sounds","status":"publish","type":"page","link":"https:\/\/tonalibus.org\/de\/sounds\/2024-sounds-and-images\/sept-oct-2024-sounds\/","title":{"rendered":"Sept-Okt 2024 Kl\u00e4nge"},"content":{"rendered":"<h2 class=\"wp-block-heading has-text-color has-link-color wp-elements-7fef3cf548992fce7ac3d9ba5b777ae5\" style=\"color:#f7b320\">Pers\u00f6nliche und kooperative Kl\u00e4nge von Sept-Okt 2024<\/h2>\n\n\n\n<div class=\"wp-block-buttons is-content-justification-center is-layout-flex wp-container-core-buttons-is-layout-16018d1d wp-block-buttons-is-layout-flex\">\n<div class=\"wp-block-button is-style-outline is-style-outline--1\"><a class=\"wp-block-button__link wp-element-button\" href=\"#oct\">Oktober 2024<\/a><\/div>\n\n\n\n<div class=\"wp-block-button is-style-outline is-style-outline--2\"><a class=\"wp-block-button__link wp-element-button\" href=\"#sept\">September 2024<\/a><\/div>\n<\/div>\n\n\n\n<div style=\"height:40px\" aria-hidden=\"true\" class=\"wp-block-spacer\"><\/div>\n\n\n\n<p class=\"has-text-color has-link-color wp-elements-353ad1d9c086c943a95acd340f4b4a18\" style=\"color:#f7b320\">Nachfolgend findst du pers\u00f6nliche und kooperative Kl\u00e4nge<em> <\/em>von Sept-Okt 2024.<em> <\/em>Dies sind spontane, originelle Improvisationen und Soundscapes von <a href=\"https:\/\/tonalibus.org\/de\/about-tonalibus\/ulrico\/\"><mark style=\"background-color:rgba(0, 0, 0, 0);color:#f7b320\" class=\"has-inline-color\">Ulrico<\/mark><\/a><mark style=\"background-color:rgba(0, 0, 0, 0)\" class=\"has-inline-color has-black-color\"> <\/mark>auf verschiedenen Instrumenten, mehrschichtig oder einspurig, sowie Kooperations-St\u00fccke mit anderen Musikern, wie angegeben.<\/p>\n\n\n\n<h2 class=\"wp-block-heading\" id=\"oct\">Kl\u00e4nge vom Oktober 2024<\/h2>\n\n\n\n<h3 class=\"wp-block-heading has-text-color has-link-color wp-elements-dad5e380e6555ba15d5910cdda99d321\" id=\"dumble\" style=\"color:#f7b320\">\u201cHumble bumble dumble\u201d \u2013 Homecomig-Blues<\/h3>\n\n\n\n<figure class=\"wp-block-audio\"><audio controls src=\"https:\/\/tonalibus.org\/wp-content\/uploads\/2024\/10\/2024-10-26-7GGGTBLS.mp3\" preload=\"metadata\"><\/audio><figcaption class=\"wp-element-caption\"><a href=\"https:\/\/tonalibus.org\/de\/tonalities\/pentatonalities\/pentablumix\/\"><mark style=\"background-color:rgba(0, 0, 0, 0);color:#f7b320\" class=\"has-inline-color\">PentaBluMix<\/mark><\/a><mark style=\"background-color:rgba(0, 0, 0, 0);color:#f7b320\" class=\"has-inline-color\"> auf C (rel. A 438 Hz) \u2013 7-saitige Gitarre, Lap-Slide-Gitarre, zwei Gongs, Posaune \u2013 9:13<\/mark><\/figcaption><\/figure>\n\n\n\n<h2 class=\"wp-block-heading\" id=\"sept\">Kl\u00e4nge vom September 2024<\/h2>\n\n\n\n<h3 class=\"wp-block-heading has-text-color has-link-color wp-elements-066268c4ec0b6f8674741ce7afabf8c1\" id=\"hum\" style=\"color:#f7b320\">\u201c\u0f00\u0f0b\u0f68\u0f71\u0f7f\u0f0b\u0f67\u0f71\u0f74\u0f83 \u2013 \u014c\u1e43 \u0101\u1e25 h\u016b\u1e43\u201d \u2014 aufl\u00f6sende Suche und sanfte Landung<\/h3>\n\n\n\n<figure class=\"wp-block-audio\"><audio controls src=\"https:\/\/tonalibus.org\/wp-content\/uploads\/2024\/09\/2024-09-27-GO4SHA8GIVOCON.mp3\" preload=\"metadata\"><\/audio><figcaption class=\"wp-element-caption\"><a href=\"https:\/\/tonalibus.org\/de\/tonalities\/pentatonalities\/pentacor\/\"><mark style=\"background-color:rgba(0, 0, 0, 0);color:#f7b320\" class=\"has-inline-color\">PentaCor<\/mark><\/a><mark style=\"background-color:rgba(0, 0, 0, 0);color:#f7b320\" class=\"has-inline-color\"> auf C# (rel. A 438 Hz) \u2013 Gongs (4 Ecken des Klangtempels), Shamisen, 8-saitige Gitarre, Stimme, Muschel \u2013 10:30<\/mark><\/figcaption><\/figure>\n\n\n\n<h3 class=\"wp-block-heading has-text-color has-link-color wp-elements-159f2af4aa333406825131f282b70081\" id=\"th\u00f6\" style=\"color:#f7b320\">\u201cTh\u00f6-g\u00e4l\u201d \u2013 sofortige Ankunft<\/h3>\n\n\n\n<figure class=\"wp-block-audio\"><audio controls src=\"https:\/\/tonalibus.org\/wp-content\/uploads\/2024\/09\/2024-09-19-TA7GLSTR.mp3\" preload=\"metadata\"><\/audio><figcaption class=\"wp-element-caption\"><a href=\"https:\/\/tonalibus.org\/de\/tonalities\/pentatonalities\/pentapro-or-pentana\/\"><mark style=\"background-color:rgba(0, 0, 0, 0);color:#f7b320\" class=\"has-inline-color\">PentaPro \/ PentaNa<\/mark><\/a><mark style=\"background-color:rgba(0, 0, 0, 0);color:#f7b320\" class=\"has-inline-color\"> auf flachem C (257 Hz, rel. A 432 Hz) \u2013 7-saitige Gitarre, Lap-Slide-Gitarre, Tenor-Blockfl\u00f6te, Tanpura \u2013 11:56<\/mark><\/figcaption><\/figure>\n\n\n\n<h3 class=\"wp-block-heading has-text-color has-link-color wp-elements-6adfb8836d063f58cecfad38718462e0\" id=\"rinpoche\" style=\"color:#f7b320\">\u201cRinpoche d\u00e9j\u00e0-vu chant\u201d \u2013 f\u00fcr Anerkennung und Befreiung<\/h3>\n\n\n\n<figure class=\"wp-block-audio\"><audio controls src=\"https:\/\/tonalibus.org\/wp-content\/uploads\/2024\/09\/2024-09-17-8GGOTAVVVV.mp3\" preload=\"metadata\"><\/audio><figcaption class=\"wp-element-caption\"><a href=\"https:\/\/tonalibus.org\/de\/tonalities\/reach-or-harmonic-heptatonalities\/reachup-dbl-h-gypsy-min\/\"><mark style=\"background-color:rgba(0, 0, 0, 0);color:#f7b320\" class=\"has-inline-color\">ReachUp<\/mark><\/a><mark style=\"background-color:rgba(0, 0, 0, 0);color:#f7b320\" class=\"has-inline-color\"> oder doppelt harmonisch\/Gypsy-\/ungarisch Moll auf C# (138 Hz) \u2013 Stimmen, 8-saitige Gitarre, Gong, Tanpura \u2013 5:52<\/mark><\/figcaption><\/figure>\n\n\n\n<h3 class=\"wp-block-heading has-text-color has-link-color wp-elements-16d367fb235ed0a6e8afd9de508a8a91\" id=\"garuda\" style=\"color:#f7b320\">\u201c\u0917\u0930\u0941\u0921\u093c Garu\u1e0da\u201d \u2013 Puja f\u00fcr den himmlischen Falken<\/h3>\n\n\n\n<figure class=\"wp-block-audio\"><audio controls src=\"https:\/\/tonalibus.org\/wp-content\/uploads\/2024\/09\/2024-09-12-HAGOFULS.mp3\" preload=\"metadata\"><\/audio><figcaption class=\"wp-element-caption\"><a href=\"https:\/\/tonalibus.org\/de\/tonalities\/diatonic-heptatonalities\/mixolydian\/\"><mark style=\"background-color:rgba(0, 0, 0, 0);color:#f7b320\" class=\"has-inline-color\">Mixolydisch<\/mark><\/a><mark style=\"background-color:rgba(0, 0, 0, 0);color:#f7b320\" class=\"has-inline-color\"> auf G 390 Hz (rel. A 438 Hz) \u2013 Harmonium, Gong, Fujara, Lap-Slide-Gitarre \u2013 10:01<\/mark><\/figcaption><\/figure>\n\n\n\n<h3 class=\"wp-block-heading has-text-color has-link-color wp-elements-80f12b742a44577582d7f6ab8289da05\" id=\"vajra\" style=\"color:#f7b320\">\u201cVajra bridge buzz\u201d \u2013 Regenbogen-Lichtk\u00f6rper-Karma<\/h3>\n\n\n\n<figure class=\"wp-block-audio\"><audio controls src=\"https:\/\/tonalibus.org\/wp-content\/uploads\/2024\/09\/2024-09-06-7GUKGO.mp3\" preload=\"metadata\"><\/audio><figcaption class=\"wp-element-caption\"><a href=\"https:\/\/tonalibus.org\/de\/tonalities\/reach-or-harmonic-heptatonalities\/reachbal-dbl-h-gypsy-maj\/\"><mark style=\"background-color:rgba(0, 0, 0, 0);color:#f7b320\" class=\"has-inline-color\">ReachBal<\/mark><\/a><mark style=\"background-color:rgba(0, 0, 0, 0);color:#f7b320\" class=\"has-inline-color\"> oder doppelt harmonisch\/Gypsy-Dur auf flachem A# (225 Hz) \u2013 7-saitige Gitarre, Ukulele (mit Echo), Gong \u2013 6:31<\/mark><\/figcaption><\/figure>\n\n\n\n<div style=\"height:55px\" aria-hidden=\"true\" class=\"wp-block-spacer\"><\/div>\n\n\n\n<figure class=\"wp-block-image size-large\"><img loading=\"lazy\" decoding=\"async\" width=\"1024\" height=\"683\" src=\"https:\/\/tonalibus.org\/wp-content\/uploads\/2024\/07\/20240624_202143000_iOS-1-xc-1024x683.jpg\" alt=\"Sept-Oct 2024 sounds\" class=\"wp-image-33226\" srcset=\"https:\/\/tonalibus.org\/wp-content\/uploads\/2024\/07\/20240624_202143000_iOS-1-xc-1024x683.jpg 1024w, https:\/\/tonalibus.org\/wp-content\/uploads\/2024\/07\/20240624_202143000_iOS-1-xc-300x200.jpg 300w, https:\/\/tonalibus.org\/wp-content\/uploads\/2024\/07\/20240624_202143000_iOS-1-xc-768x512.jpg 768w, https:\/\/tonalibus.org\/wp-content\/uploads\/2024\/07\/20240624_202143000_iOS-1-xc-1536x1024.jpg 1536w, https:\/\/tonalibus.org\/wp-content\/uploads\/2024\/07\/20240624_202143000_iOS-1-xc-18x12.jpg 18w, https:\/\/tonalibus.org\/wp-content\/uploads\/2024\/07\/20240624_202143000_iOS-1-xc-1320x880.jpg 1320w, https:\/\/tonalibus.org\/wp-content\/uploads\/2024\/07\/20240624_202143000_iOS-1-xc.jpg 1600w\" sizes=\"auto, (max-width: 706px) 89vw, (max-width: 767px) 82vw, 740px\" \/><figcaption class=\"wp-element-caption\">Dem Himmel so nah \u2013 Juni 2024 \u2013 <a href=\"https:\/\/de.wikipedia.org\/wiki\/Niesen_(Berg)\" target=\"_blank\" rel=\"noreferrer noopener\">Niesen<\/a> Gipfel, Schweiz \u2013 Foto: Karin Gs\u00f6llpointner<\/figcaption><\/figure>","protected":false},"excerpt":{"rendered":"<p>Pers\u00f6nliche und kooperative Sounds von Sept-Okt 2024 Unten findest du pers\u00f6nliche und kooperative Sounds von Sept-Okt 2024. Es handelt sich um spontane, originelle Improvisationen und Klanglandschaften von Ulrico auf verschiedenen Instrumenten, mehrschichtig oder einspurig, sowie Kooperationsst\u00fccke mit anderen Musikern, wie angegeben. Sounds of October 2024 \"Humble bumble dumble\" - homecoming blues Sounds of September 2024 ... <\/p>\n<p class=\"link-more\"><a href=\"https:\/\/tonalibus.org\/de\/sounds\/2024-sounds-and-images\/sept-oct-2024-sounds\/\" class=\"more-link\"><span class=\"screen-reader-text\">\"Sept-Okt 2024 klingt\"<\/span> weiterlesen<\/a><\/p>","protected":false},"author":1,"featured_media":0,"parent":30125,"menu_order":9,"comment_status":"closed","ping_status":"closed","template":"","meta":{"footnotes":""},"class_list":["post-33982","page","type-page","status-publish","hentry"],"yoast_head":"<!-- This site is optimized with the Yoast SEO plugin v27.5 - https:\/\/yoast.com\/product\/yoast-seo-wordpress\/ -->\n<title>Sept-Oct 2024 sounds &#8211; TONALIBUS Harmony and Tonalities<\/title>\n<meta name=\"description\" content=\"Here you find personal Sept-Oct 2024 sounds. They are spontaneous, original improvisations and soundscapes by Ulrico (and friends).\" \/>\n<meta name=\"robots\" content=\"index, follow, max-snippet:-1, max-image-preview:large, max-video-preview:-1\" \/>\n<link rel=\"canonical\" href=\"https:\/\/tonalibus.org\/de\/sounds\/2024-sounds-and-images\/sept-oct-2024-sounds\/\" \/>\n<meta property=\"og:locale\" content=\"de_DE\" \/>\n<meta property=\"og:type\" content=\"article\" \/>\n<meta property=\"og:title\" content=\"Sept-Oct 2024 sounds &#8211; TONALIBUS Harmony and Tonalities\" \/>\n<meta property=\"og:description\" content=\"Here you find personal Sept-Oct 2024 sounds. They are spontaneous, original improvisations and soundscapes by Ulrico (and friends).\" \/>\n<meta property=\"og:url\" content=\"https:\/\/tonalibus.org\/de\/sounds\/2024-sounds-and-images\/sept-oct-2024-sounds\/\" \/>\n<meta property=\"og:site_name\" content=\"TONALIBUS\" \/>\n<meta property=\"article:modified_time\" content=\"2024-11-29T13:24:48+00:00\" \/>\n<meta property=\"og:image\" content=\"https:\/\/tonalibus.org\/wp-content\/uploads\/2024\/07\/20240624_202143000_iOS-1-xc-1024x683.jpg\" \/>\n<meta name=\"twitter:card\" content=\"summary_large_image\" \/>\n<meta name=\"twitter:label1\" content=\"Gesch\u00e4tzte Lesezeit\" \/>\n\t<meta name=\"twitter:data1\" content=\"2\u00a0Minuten\" \/>\n<script type=\"application\/ld+json\" class=\"yoast-schema-graph\">{\"@context\":\"https:\\\/\\\/schema.org\",\"@graph\":[{\"@type\":\"WebPage\",\"@id\":\"https:\\\/\\\/tonalibus.org\\\/sounds\\\/2024-sounds-and-images\\\/sept-oct-2024-sounds\\\/\",\"url\":\"https:\\\/\\\/tonalibus.org\\\/sounds\\\/2024-sounds-and-images\\\/sept-oct-2024-sounds\\\/\",\"name\":\"Sept-Oct 2024 sounds &#8211; TONALIBUS Harmony and Tonalities\",\"isPartOf\":{\"@id\":\"https:\\\/\\\/tonalibus.org\\\/de\\\/#website\"},\"primaryImageOfPage\":{\"@id\":\"https:\\\/\\\/tonalibus.org\\\/sounds\\\/2024-sounds-and-images\\\/sept-oct-2024-sounds\\\/#primaryimage\"},\"image\":{\"@id\":\"https:\\\/\\\/tonalibus.org\\\/sounds\\\/2024-sounds-and-images\\\/sept-oct-2024-sounds\\\/#primaryimage\"},\"thumbnailUrl\":\"https:\\\/\\\/tonalibus.org\\\/wp-content\\\/uploads\\\/2024\\\/07\\\/20240624_202143000_iOS-1-xc-1024x683.jpg\",\"datePublished\":\"2024-09-06T21:43:25+00:00\",\"dateModified\":\"2024-11-29T13:24:48+00:00\",\"description\":\"Here you find personal Sept-Oct 2024 sounds. They are spontaneous, original improvisations and soundscapes by Ulrico (and friends).\",\"breadcrumb\":{\"@id\":\"https:\\\/\\\/tonalibus.org\\\/sounds\\\/2024-sounds-and-images\\\/sept-oct-2024-sounds\\\/#breadcrumb\"},\"inLanguage\":\"de-CH\",\"potentialAction\":[{\"@type\":\"ReadAction\",\"target\":[\"https:\\\/\\\/tonalibus.org\\\/sounds\\\/2024-sounds-and-images\\\/sept-oct-2024-sounds\\\/\"]}]},{\"@type\":\"ImageObject\",\"inLanguage\":\"de-CH\",\"@id\":\"https:\\\/\\\/tonalibus.org\\\/sounds\\\/2024-sounds-and-images\\\/sept-oct-2024-sounds\\\/#primaryimage\",\"url\":\"https:\\\/\\\/tonalibus.org\\\/wp-content\\\/uploads\\\/2024\\\/07\\\/20240624_202143000_iOS-1-xc-1024x683.jpg\",\"contentUrl\":\"https:\\\/\\\/tonalibus.org\\\/wp-content\\\/uploads\\\/2024\\\/07\\\/20240624_202143000_iOS-1-xc-1024x683.jpg\"},{\"@type\":\"BreadcrumbList\",\"@id\":\"https:\\\/\\\/tonalibus.org\\\/sounds\\\/2024-sounds-and-images\\\/sept-oct-2024-sounds\\\/#breadcrumb\",\"itemListElement\":[{\"@type\":\"ListItem\",\"position\":1,\"name\":\"Home\",\"item\":\"https:\\\/\\\/tonalibus.org\\\/\"},{\"@type\":\"ListItem\",\"position\":2,\"name\":\"Sounds\",\"item\":\"https:\\\/\\\/tonalibus.org\\\/sounds\\\/\"},{\"@type\":\"ListItem\",\"position\":3,\"name\":\"2024 Sounds and Images\",\"item\":\"https:\\\/\\\/tonalibus.org\\\/sounds\\\/2024-sounds-and-images\\\/\"},{\"@type\":\"ListItem\",\"position\":4,\"name\":\"Sept-Oct 2024 sounds\"}]},{\"@type\":\"WebSite\",\"@id\":\"https:\\\/\\\/tonalibus.org\\\/de\\\/#website\",\"url\":\"https:\\\/\\\/tonalibus.org\\\/de\\\/\",\"name\":\"TONALIBUS\",\"description\":\"Anchored Harmony and Tonalities\",\"publisher\":{\"@id\":\"https:\\\/\\\/tonalibus.org\\\/de\\\/#\\\/schema\\\/person\\\/749261d7bc96d1f00127273f83ab96a4\"},\"potentialAction\":[{\"@type\":\"SearchAction\",\"target\":{\"@type\":\"EntryPoint\",\"urlTemplate\":\"https:\\\/\\\/tonalibus.org\\\/de\\\/?s={search_term_string}\"},\"query-input\":{\"@type\":\"PropertyValueSpecification\",\"valueRequired\":true,\"valueName\":\"search_term_string\"}}],\"inLanguage\":\"de-CH\"},{\"@type\":[\"Person\",\"Organization\"],\"@id\":\"https:\\\/\\\/tonalibus.org\\\/de\\\/#\\\/schema\\\/person\\\/749261d7bc96d1f00127273f83ab96a4\",\"name\":\"Ulrico\",\"image\":{\"@type\":\"ImageObject\",\"inLanguage\":\"de-CH\",\"@id\":\"https:\\\/\\\/tonalibus.org\\\/wp-content\\\/uploads\\\/2020\\\/06\\\/uli-pix.jpg\",\"url\":\"https:\\\/\\\/tonalibus.org\\\/wp-content\\\/uploads\\\/2020\\\/06\\\/uli-pix.jpg\",\"contentUrl\":\"https:\\\/\\\/tonalibus.org\\\/wp-content\\\/uploads\\\/2020\\\/06\\\/uli-pix.jpg\",\"width\":960,\"height\":720,\"caption\":\"Ulrico\"},\"logo\":{\"@id\":\"https:\\\/\\\/tonalibus.org\\\/wp-content\\\/uploads\\\/2020\\\/06\\\/uli-pix.jpg\"},\"sameAs\":[\"https:\\\/\\\/tonalibus.cyon.site\"]}]}<\/script>\n<!-- \/ Yoast SEO plugin. -->","yoast_head_json":{"title":"Sept-Okt 2024 Kl\u00e4nge - TONALIBUS Harmonie und Tonalit\u00e4ten","description":"Hier findest du pers\u00f6nliche Sept-Okt 2024 Sounds. Es sind spontane, originelle Improvisationen und Soundscapes von Ulrico (und Freunden).","robots":{"index":"index","follow":"follow","max-snippet":"max-snippet:-1","max-image-preview":"max-image-preview:large","max-video-preview":"max-video-preview:-1"},"canonical":"https:\/\/tonalibus.org\/de\/sounds\/2024-sounds-and-images\/sept-oct-2024-sounds\/","og_locale":"de_DE","og_type":"article","og_title":"Sept-Oct 2024 sounds &#8211; TONALIBUS Harmony and Tonalities","og_description":"Here you find personal Sept-Oct 2024 sounds. They are spontaneous, original improvisations and soundscapes by Ulrico (and friends).","og_url":"https:\/\/tonalibus.org\/de\/sounds\/2024-sounds-and-images\/sept-oct-2024-sounds\/","og_site_name":"TONALIBUS","article_modified_time":"2024-11-29T13:24:48+00:00","og_image":[{"url":"https:\/\/tonalibus.org\/wp-content\/uploads\/2024\/07\/20240624_202143000_iOS-1-xc-1024x683.jpg","type":"","width":"","height":""}],"twitter_card":"summary_large_image","twitter_misc":{"Gesch\u00e4tzte Lesezeit":"2\u00a0Minuten"},"schema":{"@context":"https:\/\/schema.org","@graph":[{"@type":"WebPage","@id":"https:\/\/tonalibus.org\/sounds\/2024-sounds-and-images\/sept-oct-2024-sounds\/","url":"https:\/\/tonalibus.org\/sounds\/2024-sounds-and-images\/sept-oct-2024-sounds\/","name":"Sept-Okt 2024 Kl\u00e4nge - TONALIBUS Harmonie und Tonalit\u00e4ten","isPartOf":{"@id":"https:\/\/tonalibus.org\/de\/#website"},"primaryImageOfPage":{"@id":"https:\/\/tonalibus.org\/sounds\/2024-sounds-and-images\/sept-oct-2024-sounds\/#primaryimage"},"image":{"@id":"https:\/\/tonalibus.org\/sounds\/2024-sounds-and-images\/sept-oct-2024-sounds\/#primaryimage"},"thumbnailUrl":"https:\/\/tonalibus.org\/wp-content\/uploads\/2024\/07\/20240624_202143000_iOS-1-xc-1024x683.jpg","datePublished":"2024-09-06T21:43:25+00:00","dateModified":"2024-11-29T13:24:48+00:00","description":"Hier findest du pers\u00f6nliche Sept-Okt 2024 Sounds. Es sind spontane, originelle Improvisationen und Soundscapes von Ulrico (und Freunden).","breadcrumb":{"@id":"https:\/\/tonalibus.org\/sounds\/2024-sounds-and-images\/sept-oct-2024-sounds\/#breadcrumb"},"inLanguage":"de-CH","potentialAction":[{"@type":"ReadAction","target":["https:\/\/tonalibus.org\/sounds\/2024-sounds-and-images\/sept-oct-2024-sounds\/"]}]},{"@type":"ImageObject","inLanguage":"de-CH","@id":"https:\/\/tonalibus.org\/sounds\/2024-sounds-and-images\/sept-oct-2024-sounds\/#primaryimage","url":"https:\/\/tonalibus.org\/wp-content\/uploads\/2024\/07\/20240624_202143000_iOS-1-xc-1024x683.jpg","contentUrl":"https:\/\/tonalibus.org\/wp-content\/uploads\/2024\/07\/20240624_202143000_iOS-1-xc-1024x683.jpg"},{"@type":"BreadcrumbList","@id":"https:\/\/tonalibus.org\/sounds\/2024-sounds-and-images\/sept-oct-2024-sounds\/#breadcrumb","itemListElement":[{"@type":"ListItem","position":1,"name":"Home","item":"https:\/\/tonalibus.org\/"},{"@type":"ListItem","position":2,"name":"Sounds","item":"https:\/\/tonalibus.org\/sounds\/"},{"@type":"ListItem","position":3,"name":"2024 Sounds and Images","item":"https:\/\/tonalibus.org\/sounds\/2024-sounds-and-images\/"},{"@type":"ListItem","position":4,"name":"Sept-Oct 2024 sounds"}]},{"@type":"WebSite","@id":"https:\/\/tonalibus.org\/de\/#website","url":"https:\/\/tonalibus.org\/de\/","name":"TONALIBUS","description":"Verankerte Harmonie und Tonalit\u00e4ten","publisher":{"@id":"https:\/\/tonalibus.org\/de\/#\/schema\/person\/749261d7bc96d1f00127273f83ab96a4"},"potentialAction":[{"@type":"SearchAction","target":{"@type":"EntryPoint","urlTemplate":"https:\/\/tonalibus.org\/de\/?s={search_term_string}"},"query-input":{"@type":"PropertyValueSpecification","valueRequired":true,"valueName":"search_term_string"}}],"inLanguage":"de-CH"},{"@type":["Person","Organization"],"@id":"https:\/\/tonalibus.org\/de\/#\/schema\/person\/749261d7bc96d1f00127273f83ab96a4","name":"Ulrico","image":{"@type":"ImageObject","inLanguage":"de-CH","@id":"https:\/\/tonalibus.org\/wp-content\/uploads\/2020\/06\/uli-pix.jpg","url":"https:\/\/tonalibus.org\/wp-content\/uploads\/2020\/06\/uli-pix.jpg","contentUrl":"https:\/\/tonalibus.org\/wp-content\/uploads\/2020\/06\/uli-pix.jpg","width":960,"height":720,"caption":"Ulrico"},"logo":{"@id":"https:\/\/tonalibus.org\/wp-content\/uploads\/2020\/06\/uli-pix.jpg"},"sameAs":["https:\/\/tonalibus.cyon.site"]}]}},"_links":{"self":[{"href":"https:\/\/tonalibus.org\/de\/wp-json\/wp\/v2\/pages\/33982","targetHints":{"allow":["GET"]}}],"collection":[{"href":"https:\/\/tonalibus.org\/de\/wp-json\/wp\/v2\/pages"}],"about":[{"href":"https:\/\/tonalibus.org\/de\/wp-json\/wp\/v2\/types\/page"}],"author":[{"embeddable":true,"href":"https:\/\/tonalibus.org\/de\/wp-json\/wp\/v2\/users\/1"}],"replies":[{"embeddable":true,"href":"https:\/\/tonalibus.org\/de\/wp-json\/wp\/v2\/comments?post=33982"}],"version-history":[{"count":0,"href":"https:\/\/tonalibus.org\/de\/wp-json\/wp\/v2\/pages\/33982\/revisions"}],"up":[{"embeddable":true,"href":"https:\/\/tonalibus.org\/de\/wp-json\/wp\/v2\/pages\/30125"}],"wp:attachment":[{"href":"https:\/\/tonalibus.org\/de\/wp-json\/wp\/v2\/media?parent=33982"}],"curies":[{"name":"wp","href":"https:\/\/api.w.org\/{rel}","templated":true}]}}