{"id":36913,"date":"2025-08-12T12:42:23","date_gmt":"2025-08-12T10:42:23","guid":{"rendered":"https:\/\/tonalibus.org\/?page_id=36913"},"modified":"2025-11-18T12:05:45","modified_gmt":"2025-11-18T11:05:45","slug":"autumn-2025-sounds","status":"publish","type":"page","link":"https:\/\/tonalibus.org\/de\/sounds\/2025-sounds-and-images\/autumn-2025-sounds\/","title":{"rendered":"Herbst 2025 Kl\u00e4nge"},"content":{"rendered":"<h2 class=\"wp-block-heading has-text-color has-link-color wp-elements-82896a6508963686743da0d50db854a7\" style=\"color:#f7b320\">Pers\u00f6nliche und kooperative Kl\u00e4nge vom Herbst 2025<\/h2>\n\n\n\n<div class=\"wp-block-buttons is-content-justification-center is-layout-flex wp-container-core-buttons-is-layout-16018d1d wp-block-buttons-is-layout-flex\">\n<div class=\"wp-block-button is-style-outline is-style-outline--1\"><a class=\"wp-block-button__link wp-element-button\" href=\"#october\">Oktober 2025<\/a><\/div>\n\n\n\n<div class=\"wp-block-button is-style-outline is-style-outline--2\"><a class=\"wp-block-button__link wp-element-button\" href=\"#september\">September 2025<\/a><\/div>\n\n\n\n<div class=\"wp-block-button is-style-outline is-style-outline--3\"><a class=\"wp-block-button__link wp-element-button\" href=\"#august\">August 2025<\/a><\/div>\n<\/div>\n\n\n\n<div style=\"height:40px\" aria-hidden=\"true\" class=\"wp-block-spacer\"><\/div>\n\n\n\n<p class=\"has-text-color has-link-color wp-elements-7a7b2108c58839f59c83de70d837633b\" style=\"color:#f7b320\">Nachfolgend findst du pers\u00f6nliche und kooperative Kl\u00e4nge<em> <\/em>vom Herbst 2025.<em> <\/em>Dies sind spontane, originelle Improvisationen und Soundscapes von <a href=\"https:\/\/tonalibus.org\/de\/about-tonalibus\/ulrico\/\"><mark style=\"background-color:rgba(0, 0, 0, 0);color:#f7b320\" class=\"has-inline-color\">Ulrico<\/mark><\/a><mark style=\"background-color:rgba(0, 0, 0, 0)\" class=\"has-inline-color has-black-color\"> <\/mark>auf verschiedenen Instrumenten, mehrschichtig oder einspurig, sowie Kooperations-St\u00fccke mit anderen Musikern, wie angegeben.<\/p>\n\n\n\n<h2 class=\"wp-block-heading\" id=\"october\">Kl\u00e4nge vom Oktober 2025<\/h2>\n\n\n\n<h3 class=\"wp-block-heading has-text-color has-link-color wp-elements-6328fd39c166266c94e220835dbd2520\" id=\"hearts\" style=\"color:#f7b320\">\u201cHearts dance and remember\u201d \u2013 alles in einem in allem<\/h3>\n\n\n\n<figure class=\"wp-block-audio\"><audio controls src=\"https:\/\/tonalibus.org\/wp-content\/uploads\/2025\/10\/2025-10-0304-8G-REACHMIN.mp3\" preload=\"metadata\"><\/audio><figcaption class=\"wp-element-caption\"><a href=\"https:\/\/tonalibus.org\/de\/tonalities\/reach-or-harmonic-heptatonalities\/reachmin-phryg-dominant\/\"><mark style=\"background-color:rgba(0, 0, 0, 0);color:#f7b320\" class=\"has-inline-color\">ReachMin<\/mark><\/a><mark style=\"background-color:rgba(0, 0, 0, 0);color:#f7b320\" class=\"has-inline-color\"> oder Phrygisch dominant auf C# (138 Hz; rel. A 438 Hz) \u2013 8-saitige Gitarre \u2013 12:41<\/mark><\/figcaption><\/figure>\n\n\n\n<h2 class=\"wp-block-heading\" id=\"september\">Kl\u00e4nge vom September 2025<\/h2>\n\n\n\n<h3 class=\"wp-block-heading has-text-color has-link-color wp-elements-970dbc870fd193da0197ca66f7936db3\" id=\"flashes\" style=\"color:#f7b320\">\u201cFlashes of radiant cognizance\u201d \u2013 im leeren Raum <\/h3>\n\n\n\n<figure class=\"wp-block-audio\"><audio controls src=\"https:\/\/tonalibus.org\/wp-content\/uploads\/2025\/09\/2025-09-26-8G-PENTACOR.mp3\" preload=\"metadata\"><\/audio><figcaption class=\"wp-element-caption\"><a href=\"https:\/\/tonalibus.org\/de\/tonalities\/pentatonalities\/pentacor\/\"><mark style=\"background-color:rgba(0, 0, 0, 0);color:#f7b320\" class=\"has-inline-color\">PentaCor<\/mark><\/a><mark style=\"background-color:rgba(0, 0, 0, 0);color:#f7b320\" class=\"has-inline-color\"> auf F (171 Hz; rel. A 432 Hz) \u2013 8-saitige Gitarre \u2013 10:42<\/mark><\/figcaption><\/figure>\n\n\n\n<h3 class=\"wp-block-heading has-text-color has-link-color wp-elements-e9d0b32ab436601d1a14e862f46bc0bc\" id=\"now\" style=\"color:#f7b320\">\u201cFuture memory past now\u201d \u2013 weder Moll noch Dur<\/h3>\n\n\n\n<figure class=\"wp-block-audio\"><audio controls src=\"https:\/\/tonalibus.org\/wp-content\/uploads\/2025\/09\/2025-09-11-8G-HEXAREMIX.mp3\" preload=\"metadata\"><\/audio><figcaption class=\"wp-element-caption\"><a href=\"https:\/\/tonalibus.org\/de\/tonalities\/hexatonalities\/#visuals\"><mark style=\"background-color:rgba(0, 0, 0, 0);color:#f7b320\" class=\"has-inline-color\">HexaReMix<\/mark><\/a><mark style=\"background-color:rgba(0, 0, 0, 0);color:#f7b320\" class=\"has-inline-color\">, eine Ableitung ohne Terz, auf D# (rel. A 432 Hz) \u2013 8-saitige Gitarre, nepalesische Zymbel \u2013 5:37<\/mark><\/figcaption><\/figure>\n\n\n\n<h3 class=\"wp-block-heading has-text-color has-link-color wp-elements-54439dace8ed73fb4269e1ee200342ff\" id=\"equilibrium\" style=\"color:#f7b320\">\u201cA dimension of equilibrium\u201d \u2013 Dur-Moll oder Moll-Dur<\/h3>\n\n\n\n<figure class=\"wp-block-audio\"><audio controls src=\"https:\/\/tonalibus.org\/wp-content\/uploads\/2025\/09\/2025-09-01-HEXABLUNAREACH.mp3\" preload=\"metadata\"><\/audio><figcaption class=\"wp-element-caption\"><a href=\"https:\/\/tonalibus.org\/de\/tonalities\/hexatonalities\/hexablunareach\/\"><mark style=\"background-color:rgba(0, 0, 0, 0);color:#f7b320\" class=\"has-inline-color\">HexaBluNaReach<\/mark><\/a><mark style=\"background-color:rgba(0, 0, 0, 0);color:#f7b320\" class=\"has-inline-color\"> auf C# (rel. A 438,2 Hz) \u2013 8-saitige Gitarre \u2013 4:54<\/mark><\/figcaption><\/figure>\n\n\n\n<h2 class=\"wp-block-heading\" id=\"august\">Kl\u00e4nge vom August 2025<\/h2>\n\n\n\n<h3 class=\"wp-block-heading has-text-color has-link-color wp-elements-9519a7d480fe02a1bcd97cefb4f5b066\" id=\"elves\" style=\"color:#f7b320\">\u201cHappy gnomes and elves\u201d \u2013 ein M\u00e4rchen-Tanz<\/h3>\n\n\n\n<figure class=\"wp-block-audio\"><audio controls src=\"https:\/\/tonalibus.org\/wp-content\/uploads\/2025\/08\/2025-08-28-8GBO.mp3\" preload=\"metadata\"><\/audio><figcaption class=\"wp-element-caption\"><a href=\"https:\/\/tonalibus.org\/de\/tonalities\/pentatonalities\/pentaprola-or-pentaion-pentatonic-major\/\"><mark style=\"background-color:rgba(0, 0, 0, 0);color:#f7b320\" class=\"has-inline-color\">PentaProLa \/ PentaIon<\/mark><\/a><mark style=\"background-color:rgba(0, 0, 0, 0);color:#f7b320\" class=\"has-inline-color\"> (mit einem Hauch <\/mark><a href=\"https:\/\/tonalibus.org\/de\/tonalities\/hexatonalities\/hexamixla\/\"><mark style=\"background-color:rgba(0, 0, 0, 0);color:#f7b320\" class=\"has-inline-color\">HexaMixLa<\/mark><\/a><mark style=\"background-color:rgba(0, 0, 0, 0);color:#f7b320\" class=\"has-inline-color\">) auf E (rel. A 432 Hz) \u2013 8-saitige Gitarre, Bass-Schale \u2013 6:23<\/mark><\/figcaption><\/figure>\n\n\n\n<h3 class=\"wp-block-heading has-text-color has-link-color wp-elements-2d707f035935bcb24534efe9e3e57d9b\" id=\"gl\u00f6ggli\" style=\"color:#f7b320\">\u201cIech k\u00f6renes Gl\u00f6ggli\u201d \u2013 ich h\u00f6re ein Gl\u00f6ckchen<\/h3>\n\n\n\n<figure class=\"wp-block-audio\"><audio controls src=\"https:\/\/tonalibus.org\/wp-content\/uploads\/2025\/08\/2025-08-22-SOPRANINO-CROTVO-z.mp3\" preload=\"metadata\"><\/audio><figcaption class=\"wp-element-caption\"><a href=\"https:\/\/tonalibus.org\/de\/tonalities\/pentatonalities\/pentaprola-or-pentaion-pentatonic-major\/\"><mark style=\"background-color:rgba(0, 0, 0, 0);color:#f7b320\" class=\"has-inline-color\">PentaIon \/ PentaProLa<\/mark><\/a><mark style=\"background-color:rgba(0, 0, 0, 0);color:#f7b320\" class=\"has-inline-color\"> (pentatonisch Dur) auf F und <\/mark><a href=\"https:\/\/tonalibus.org\/de\/tonalities\/hexatonalities\/hexamixla\/\"><mark style=\"background-color:rgba(0, 0, 0, 0);color:#f7b320\" class=\"has-inline-color\">HexaMixLa<\/mark><\/a><mark style=\"background-color:rgba(0, 0, 0, 0);color:#f7b320\" class=\"has-inline-color\"> auf G# (rel. A 438,2 Hz) \u2013 Sopranino-Blockfl\u00f6te, Crotales, Stimme \u2013 7:26<\/mark><\/figcaption><\/figure>\n\n\n\n<h3 class=\"wp-block-heading has-text-color has-link-color wp-elements-f9345e690d6414a19dd86861d03d317f\" id=\"octahedron\" style=\"color:#f7b320\">\u201cOctahedron moment\u201d \u2013 sogar davor und auch danach<\/h3>\n\n\n\n<figure class=\"wp-block-audio\"><audio controls src=\"https:\/\/tonalibus.org\/wp-content\/uploads\/2025\/08\/2025-08-21-7GTARESLS.mp3\" preload=\"metadata\"><\/audio><figcaption class=\"wp-element-caption\"><mark style=\"background-color:rgba(0, 0, 0, 0);color:#f7b320\" class=\"has-inline-color\">oktatonale <\/mark><a href=\"https:\/\/tonalibus.org\/de\/tonalities\/reach-or-harmonic-heptatonalities\/reachnabal\/\"><mark style=\"background-color:rgba(0, 0, 0, 0);color:#f7b320\" class=\"has-inline-color\">ReachNaBal<\/mark><\/a><mark style=\"background-color:rgba(0, 0, 0, 0);color:#f7b320\" class=\"has-inline-color\"> Ableitung mit kleiner (und grosser) Terz auf E+ 333 Hz (rel. A 444 Hz) \u2013 7-saitige Gitarre, Lap-Slide-Guitarre, Soprano-Blockfl\u00f6te, Tanpura \u2013 6:14<\/mark><\/figcaption><\/figure>\n\n\n\n<h3 class=\"wp-block-heading has-text-color has-link-color wp-elements-d038c505976075e912cf8981ce511d50\" id=\"angels\" style=\"color:#f7b320\">\u201c\u0926\u0947\u0935\u0926\u0942\u0924 Devad\u016btas, angels here and now\u201d \u2013 wo bist du?<\/h3>\n\n\n\n<figure class=\"wp-block-audio\"><audio controls src=\"https:\/\/tonalibus.org\/wp-content\/uploads\/2025\/08\/2025-08-10x2023-04-22-HASHAxWO-BISCHT.mp3\" preload=\"metadata\"><\/audio><figcaption class=\"wp-element-caption\"><a href=\"https:\/\/tonalibus.org\/de\/tonalities\/pentatonalities\/pentamin-or-pentaeol-pentatonic-minor\/\"><mark style=\"background-color:rgba(0, 0, 0, 0);color:#f7b320\" class=\"has-inline-color\">PentaMin \/ Penta\u00c4ol<\/mark><\/a><mark style=\"background-color:rgba(0, 0, 0, 0);color:#f7b320\" class=\"has-inline-color\"> oder pentatonisch Moll auf C# \u2013 Shamisen, Harmonium, und Spoken-Word (Schweizerdeutsch, Englisch, Franz\u00f6sisch, Italienisch, Deutsch) \u2013 August 2025 \u2013 6:50 \u2013 Text (Schweizerdeutsch &amp; Englisch) und reine Spoken-Word-Version im Blog-Beitrag \u201c<\/mark><a href=\"https:\/\/tonalibus.org\/de\/2023\/05\/04\/wo-bischt\/\"><mark style=\"background-color:rgba(0, 0, 0, 0);color:#f7b320\" class=\"has-inline-color\">Wo bischt<\/mark><\/a><mark style=\"background-color:rgba(0, 0, 0, 0);color:#f7b320\" class=\"has-inline-color\">\u201d vom Mai 2023<\/mark><\/figcaption><\/figure>\n\n\n\n<div style=\"height:55px\" aria-hidden=\"true\" class=\"wp-block-spacer\"><\/div>\n\n\n\n<figure class=\"wp-block-image size-large\"><img loading=\"lazy\" decoding=\"async\" width=\"1024\" height=\"576\" src=\"https:\/\/tonalibus.org\/wp-content\/uploads\/2025\/07\/20250720_141014000_iOS-v-1024x576.jpg\" alt=\"Autumn 2025 sounds\" class=\"wp-image-36602\" srcset=\"https:\/\/tonalibus.org\/wp-content\/uploads\/2025\/07\/20250720_141014000_iOS-v-1024x576.jpg 1024w, https:\/\/tonalibus.org\/wp-content\/uploads\/2025\/07\/20250720_141014000_iOS-v-300x169.jpg 300w, https:\/\/tonalibus.org\/wp-content\/uploads\/2025\/07\/20250720_141014000_iOS-v-768x432.jpg 768w, https:\/\/tonalibus.org\/wp-content\/uploads\/2025\/07\/20250720_141014000_iOS-v-1536x864.jpg 1536w, https:\/\/tonalibus.org\/wp-content\/uploads\/2025\/07\/20250720_141014000_iOS-v-18x10.jpg 18w, https:\/\/tonalibus.org\/wp-content\/uploads\/2025\/07\/20250720_141014000_iOS-v-1320x743.jpg 1320w, https:\/\/tonalibus.org\/wp-content\/uploads\/2025\/07\/20250720_141014000_iOS-v.jpg 1600w\" sizes=\"auto, (max-width: 706px) 89vw, (max-width: 767px) 82vw, 740px\" \/><figcaption class=\"wp-element-caption\">Ulrico beim Kanufahren im Nebel der aufgehenden Sonne \u2013 Juli 2025 \u2013 <a href=\"https:\/\/en.wikipedia.org\/wiki\/Boundary_Waters_Canoe_Area_Wilderness\" target=\"_blank\" rel=\"noreferrer noopener\">BWCAW<\/a>, MN, USA \u2013 Foto: Karin Gs\u00f6llpointner<\/figcaption><\/figure>","protected":false},"excerpt":{"rendered":"<p>Personal and cooperation sounds from autumn 2025 Below you find personal and cooperation sounds from autumn 2025. They are spontaneous, original improvisations and soundscapes by Ulrico on various instruments, multi-layered or single track, plus cooperation pieces with other musicians as noted. Sounds of October 2025 &#8220;Hearts dance and remember&#8221; &#8212; all in one in all &hellip; <\/p>\n<p class=\"link-more\"><a href=\"https:\/\/tonalibus.org\/de\/sounds\/2025-sounds-and-images\/autumn-2025-sounds\/\" class=\"more-link\"><span class=\"screen-reader-text\">&#8220;Autumn 2025 sounds&#8221;<\/span> weiterlesen<\/a><\/p>","protected":false},"author":1,"featured_media":0,"parent":34997,"menu_order":3,"comment_status":"closed","ping_status":"closed","template":"","meta":{"footnotes":""},"class_list":["post-36913","page","type-page","status-publish","hentry"],"yoast_head":"<!-- This site is optimized with the Yoast SEO plugin v27.4 - https:\/\/yoast.com\/product\/yoast-seo-wordpress\/ -->\n<title>Autumn 2025 sounds &#8211; TONALIBUS Harmony and Tonalities<\/title>\n<meta name=\"description\" content=\"Here you find personal Autumn 2025 sounds. They are spontaneous, original improvisations and soundscapes by Ulrico (and friends).\" \/>\n<meta name=\"robots\" content=\"index, follow, max-snippet:-1, max-image-preview:large, max-video-preview:-1\" \/>\n<link rel=\"canonical\" href=\"https:\/\/tonalibus.org\/de\/sounds\/2025-sounds-and-images\/autumn-2025-sounds\/\" \/>\n<meta property=\"og:locale\" content=\"de_DE\" \/>\n<meta property=\"og:type\" content=\"article\" \/>\n<meta property=\"og:title\" content=\"Autumn 2025 sounds &#8211; TONALIBUS Harmony and Tonalities\" \/>\n<meta property=\"og:description\" content=\"Here you find personal Autumn 2025 sounds. They are spontaneous, original improvisations and soundscapes by Ulrico (and friends).\" \/>\n<meta property=\"og:url\" content=\"https:\/\/tonalibus.org\/de\/sounds\/2025-sounds-and-images\/autumn-2025-sounds\/\" \/>\n<meta property=\"og:site_name\" content=\"TONALIBUS\" \/>\n<meta property=\"article:modified_time\" content=\"2025-11-18T11:05:45+00:00\" \/>\n<meta property=\"og:image\" content=\"https:\/\/tonalibus.org\/wp-content\/uploads\/2025\/07\/20250720_141014000_iOS-v.jpg\" \/>\n\t<meta property=\"og:image:width\" content=\"1600\" \/>\n\t<meta property=\"og:image:height\" content=\"900\" \/>\n\t<meta property=\"og:image:type\" content=\"image\/jpeg\" \/>\n<meta name=\"twitter:card\" content=\"summary_large_image\" \/>\n<meta name=\"twitter:label1\" content=\"Gesch\u00e4tzte Lesezeit\" \/>\n\t<meta name=\"twitter:data1\" content=\"2\u00a0Minuten\" \/>\n<script type=\"application\/ld+json\" class=\"yoast-schema-graph\">{\"@context\":\"https:\\\/\\\/schema.org\",\"@graph\":[{\"@type\":\"WebPage\",\"@id\":\"https:\\\/\\\/tonalibus.org\\\/sounds\\\/2025-sounds-and-images\\\/autumn-2025-sounds\\\/\",\"url\":\"https:\\\/\\\/tonalibus.org\\\/sounds\\\/2025-sounds-and-images\\\/autumn-2025-sounds\\\/\",\"name\":\"Autumn 2025 sounds &#8211; TONALIBUS Harmony and Tonalities\",\"isPartOf\":{\"@id\":\"https:\\\/\\\/tonalibus.org\\\/de\\\/#website\"},\"primaryImageOfPage\":{\"@id\":\"https:\\\/\\\/tonalibus.org\\\/sounds\\\/2025-sounds-and-images\\\/autumn-2025-sounds\\\/#primaryimage\"},\"image\":{\"@id\":\"https:\\\/\\\/tonalibus.org\\\/sounds\\\/2025-sounds-and-images\\\/autumn-2025-sounds\\\/#primaryimage\"},\"thumbnailUrl\":\"https:\\\/\\\/tonalibus.org\\\/wp-content\\\/uploads\\\/2025\\\/07\\\/20250720_141014000_iOS-v-1024x576.jpg\",\"datePublished\":\"2025-08-12T10:42:23+00:00\",\"dateModified\":\"2025-11-18T11:05:45+00:00\",\"description\":\"Here you find personal Autumn 2025 sounds. They are spontaneous, original improvisations and soundscapes by Ulrico (and friends).\",\"breadcrumb\":{\"@id\":\"https:\\\/\\\/tonalibus.org\\\/sounds\\\/2025-sounds-and-images\\\/autumn-2025-sounds\\\/#breadcrumb\"},\"inLanguage\":\"de-CH\",\"potentialAction\":[{\"@type\":\"ReadAction\",\"target\":[\"https:\\\/\\\/tonalibus.org\\\/sounds\\\/2025-sounds-and-images\\\/autumn-2025-sounds\\\/\"]}]},{\"@type\":\"ImageObject\",\"inLanguage\":\"de-CH\",\"@id\":\"https:\\\/\\\/tonalibus.org\\\/sounds\\\/2025-sounds-and-images\\\/autumn-2025-sounds\\\/#primaryimage\",\"url\":\"https:\\\/\\\/tonalibus.org\\\/wp-content\\\/uploads\\\/2025\\\/07\\\/20250720_141014000_iOS-v-1024x576.jpg\",\"contentUrl\":\"https:\\\/\\\/tonalibus.org\\\/wp-content\\\/uploads\\\/2025\\\/07\\\/20250720_141014000_iOS-v-1024x576.jpg\"},{\"@type\":\"BreadcrumbList\",\"@id\":\"https:\\\/\\\/tonalibus.org\\\/sounds\\\/2025-sounds-and-images\\\/autumn-2025-sounds\\\/#breadcrumb\",\"itemListElement\":[{\"@type\":\"ListItem\",\"position\":1,\"name\":\"Home\",\"item\":\"https:\\\/\\\/tonalibus.org\\\/\"},{\"@type\":\"ListItem\",\"position\":2,\"name\":\"Sounds\",\"item\":\"https:\\\/\\\/tonalibus.org\\\/sounds\\\/\"},{\"@type\":\"ListItem\",\"position\":3,\"name\":\"2025 Sounds and Images\",\"item\":\"https:\\\/\\\/tonalibus.org\\\/sounds\\\/2025-sounds-and-images\\\/\"},{\"@type\":\"ListItem\",\"position\":4,\"name\":\"Autumn 2025 sounds\"}]},{\"@type\":\"WebSite\",\"@id\":\"https:\\\/\\\/tonalibus.org\\\/de\\\/#website\",\"url\":\"https:\\\/\\\/tonalibus.org\\\/de\\\/\",\"name\":\"TONALIBUS\",\"description\":\"Anchored Harmony and Tonalities\",\"publisher\":{\"@id\":\"https:\\\/\\\/tonalibus.org\\\/de\\\/#\\\/schema\\\/person\\\/749261d7bc96d1f00127273f83ab96a4\"},\"potentialAction\":[{\"@type\":\"SearchAction\",\"target\":{\"@type\":\"EntryPoint\",\"urlTemplate\":\"https:\\\/\\\/tonalibus.org\\\/de\\\/?s={search_term_string}\"},\"query-input\":{\"@type\":\"PropertyValueSpecification\",\"valueRequired\":true,\"valueName\":\"search_term_string\"}}],\"inLanguage\":\"de-CH\"},{\"@type\":[\"Person\",\"Organization\"],\"@id\":\"https:\\\/\\\/tonalibus.org\\\/de\\\/#\\\/schema\\\/person\\\/749261d7bc96d1f00127273f83ab96a4\",\"name\":\"Ulrico\",\"image\":{\"@type\":\"ImageObject\",\"inLanguage\":\"de-CH\",\"@id\":\"https:\\\/\\\/tonalibus.org\\\/wp-content\\\/uploads\\\/2020\\\/06\\\/uli-pix.jpg\",\"url\":\"https:\\\/\\\/tonalibus.org\\\/wp-content\\\/uploads\\\/2020\\\/06\\\/uli-pix.jpg\",\"contentUrl\":\"https:\\\/\\\/tonalibus.org\\\/wp-content\\\/uploads\\\/2020\\\/06\\\/uli-pix.jpg\",\"width\":960,\"height\":720,\"caption\":\"Ulrico\"},\"logo\":{\"@id\":\"https:\\\/\\\/tonalibus.org\\\/wp-content\\\/uploads\\\/2020\\\/06\\\/uli-pix.jpg\"},\"sameAs\":[\"https:\\\/\\\/tonalibus.cyon.site\"]}]}<\/script>\n<!-- \/ Yoast SEO plugin. -->","yoast_head_json":{"title":"Herbst 2025 Kl\u00e4nge - TONALIBUS Harmonie und Tonalit\u00e4ten","description":"Hier findest du pers\u00f6nliche Autumn 2025 Sounds. Es sind spontane, originelle Improvisationen und Soundscapes von Ulrico (und Freunden).","robots":{"index":"index","follow":"follow","max-snippet":"max-snippet:-1","max-image-preview":"max-image-preview:large","max-video-preview":"max-video-preview:-1"},"canonical":"https:\/\/tonalibus.org\/de\/sounds\/2025-sounds-and-images\/autumn-2025-sounds\/","og_locale":"de_DE","og_type":"article","og_title":"Autumn 2025 sounds &#8211; TONALIBUS Harmony and Tonalities","og_description":"Here you find personal Autumn 2025 sounds. They are spontaneous, original improvisations and soundscapes by Ulrico (and friends).","og_url":"https:\/\/tonalibus.org\/de\/sounds\/2025-sounds-and-images\/autumn-2025-sounds\/","og_site_name":"TONALIBUS","article_modified_time":"2025-11-18T11:05:45+00:00","og_image":[{"width":1600,"height":900,"url":"https:\/\/tonalibus.org\/wp-content\/uploads\/2025\/07\/20250720_141014000_iOS-v.jpg","type":"image\/jpeg"}],"twitter_card":"summary_large_image","twitter_misc":{"Gesch\u00e4tzte Lesezeit":"2\u00a0Minuten"},"schema":{"@context":"https:\/\/schema.org","@graph":[{"@type":"WebPage","@id":"https:\/\/tonalibus.org\/sounds\/2025-sounds-and-images\/autumn-2025-sounds\/","url":"https:\/\/tonalibus.org\/sounds\/2025-sounds-and-images\/autumn-2025-sounds\/","name":"Herbst 2025 Kl\u00e4nge - TONALIBUS Harmonie und Tonalit\u00e4ten","isPartOf":{"@id":"https:\/\/tonalibus.org\/de\/#website"},"primaryImageOfPage":{"@id":"https:\/\/tonalibus.org\/sounds\/2025-sounds-and-images\/autumn-2025-sounds\/#primaryimage"},"image":{"@id":"https:\/\/tonalibus.org\/sounds\/2025-sounds-and-images\/autumn-2025-sounds\/#primaryimage"},"thumbnailUrl":"https:\/\/tonalibus.org\/wp-content\/uploads\/2025\/07\/20250720_141014000_iOS-v-1024x576.jpg","datePublished":"2025-08-12T10:42:23+00:00","dateModified":"2025-11-18T11:05:45+00:00","description":"Hier findest du pers\u00f6nliche Autumn 2025 Sounds. Es sind spontane, originelle Improvisationen und Soundscapes von Ulrico (und Freunden).","breadcrumb":{"@id":"https:\/\/tonalibus.org\/sounds\/2025-sounds-and-images\/autumn-2025-sounds\/#breadcrumb"},"inLanguage":"de-CH","potentialAction":[{"@type":"ReadAction","target":["https:\/\/tonalibus.org\/sounds\/2025-sounds-and-images\/autumn-2025-sounds\/"]}]},{"@type":"ImageObject","inLanguage":"de-CH","@id":"https:\/\/tonalibus.org\/sounds\/2025-sounds-and-images\/autumn-2025-sounds\/#primaryimage","url":"https:\/\/tonalibus.org\/wp-content\/uploads\/2025\/07\/20250720_141014000_iOS-v-1024x576.jpg","contentUrl":"https:\/\/tonalibus.org\/wp-content\/uploads\/2025\/07\/20250720_141014000_iOS-v-1024x576.jpg"},{"@type":"BreadcrumbList","@id":"https:\/\/tonalibus.org\/sounds\/2025-sounds-and-images\/autumn-2025-sounds\/#breadcrumb","itemListElement":[{"@type":"ListItem","position":1,"name":"Home","item":"https:\/\/tonalibus.org\/"},{"@type":"ListItem","position":2,"name":"Sounds","item":"https:\/\/tonalibus.org\/sounds\/"},{"@type":"ListItem","position":3,"name":"2025 Sounds and Images","item":"https:\/\/tonalibus.org\/sounds\/2025-sounds-and-images\/"},{"@type":"ListItem","position":4,"name":"Autumn 2025 sounds"}]},{"@type":"WebSite","@id":"https:\/\/tonalibus.org\/de\/#website","url":"https:\/\/tonalibus.org\/de\/","name":"TONALIBUS","description":"Verankerte Harmonie und Tonalit\u00e4ten","publisher":{"@id":"https:\/\/tonalibus.org\/de\/#\/schema\/person\/749261d7bc96d1f00127273f83ab96a4"},"potentialAction":[{"@type":"SearchAction","target":{"@type":"EntryPoint","urlTemplate":"https:\/\/tonalibus.org\/de\/?s={search_term_string}"},"query-input":{"@type":"PropertyValueSpecification","valueRequired":true,"valueName":"search_term_string"}}],"inLanguage":"de-CH"},{"@type":["Person","Organization"],"@id":"https:\/\/tonalibus.org\/de\/#\/schema\/person\/749261d7bc96d1f00127273f83ab96a4","name":"Ulrico","image":{"@type":"ImageObject","inLanguage":"de-CH","@id":"https:\/\/tonalibus.org\/wp-content\/uploads\/2020\/06\/uli-pix.jpg","url":"https:\/\/tonalibus.org\/wp-content\/uploads\/2020\/06\/uli-pix.jpg","contentUrl":"https:\/\/tonalibus.org\/wp-content\/uploads\/2020\/06\/uli-pix.jpg","width":960,"height":720,"caption":"Ulrico"},"logo":{"@id":"https:\/\/tonalibus.org\/wp-content\/uploads\/2020\/06\/uli-pix.jpg"},"sameAs":["https:\/\/tonalibus.cyon.site"]}]}},"_links":{"self":[{"href":"https:\/\/tonalibus.org\/de\/wp-json\/wp\/v2\/pages\/36913","targetHints":{"allow":["GET"]}}],"collection":[{"href":"https:\/\/tonalibus.org\/de\/wp-json\/wp\/v2\/pages"}],"about":[{"href":"https:\/\/tonalibus.org\/de\/wp-json\/wp\/v2\/types\/page"}],"author":[{"embeddable":true,"href":"https:\/\/tonalibus.org\/de\/wp-json\/wp\/v2\/users\/1"}],"replies":[{"embeddable":true,"href":"https:\/\/tonalibus.org\/de\/wp-json\/wp\/v2\/comments?post=36913"}],"version-history":[{"count":17,"href":"https:\/\/tonalibus.org\/de\/wp-json\/wp\/v2\/pages\/36913\/revisions"}],"predecessor-version":[{"id":37338,"href":"https:\/\/tonalibus.org\/de\/wp-json\/wp\/v2\/pages\/36913\/revisions\/37338"}],"up":[{"embeddable":true,"href":"https:\/\/tonalibus.org\/de\/wp-json\/wp\/v2\/pages\/34997"}],"wp:attachment":[{"href":"https:\/\/tonalibus.org\/de\/wp-json\/wp\/v2\/media?parent=36913"}],"curies":[{"name":"wp","href":"https:\/\/api.w.org\/{rel}","templated":true}]}}