{"id":4366,"date":"2020-08-13T20:51:25","date_gmt":"2020-08-13T18:51:25","guid":{"rendered":"https:\/\/tonalibus.org\/?page_id=4366"},"modified":"2022-06-22T12:06:47","modified_gmt":"2022-06-22T10:06:47","slug":"pentamix-or-pentador-egyptian-scale-loops","status":"publish","type":"page","link":"https:\/\/tonalibus.org\/de\/tonalities\/pentatonalities\/pentamix-or-pentador-egyptian-scale\/pentamix-or-pentador-egyptian-scale-loops\/","title":{"rendered":"PentaMix oder PentaDor (\u00e4gyptische Tonart) Loops"},"content":{"rendered":"<h2 class=\"wp-block-heading\" id=\"sound-sample-loops-of-pentamix-pentador-egyptian-scale-a-pentatonality\"><mark style=\"background-color:rgba(0, 0, 0, 0);color:#f7b320\" class=\"has-inline-color\">Tonbeispiel-Loops von <\/mark><a href=\"https:\/\/tonalibus.org\/de\/tonalities\/pentatonalities\/pentamix-or-pentador-egyptian-scale\/\"><mark style=\"background-color:rgba(0, 0, 0, 0);color:#f7b320\" class=\"has-inline-color\">PentaMix \/ PentaDor<\/mark><\/a><mark style=\"background-color:rgba(0, 0, 0, 0);color:#f7b320\" class=\"has-inline-color\"> (\u00e4gyptische Tonart), eine <\/mark><a href=\"https:\/\/tonalibus.org\/de\/tonalities\/pentatonalities\/\"><mark style=\"background-color:rgba(0, 0, 0, 0);color:#f7b320\" class=\"has-inline-color\">Pentatonalit\u00e4t<\/mark><\/a><\/h2>\n\n\n\n<div style=\"height:15px\" aria-hidden=\"true\" class=\"wp-block-spacer\"><\/div>\n\n\n\n<figure class=\"wp-block-audio\"><audio controls src=\"https:\/\/tonalibus.org\/wp-content\/uploads\/2021\/07\/2021-07-03-PentaDor-blues.mp3\" loop><\/audio><figcaption><mark style=\"background-color:rgba(0, 0, 0, 0);color:#f7b320\" class=\"has-inline-color\">2) PentaMix \/ PentaDor \u2013 Tonbeispiel, Blues \u2013 zweifach 7-saitige Gitarre \u2013 Juli 2021 \u2013 1:56 Loop<\/mark><\/figcaption><\/figure>\n\n\n\n<figure class=\"wp-block-audio\"><audio controls src=\"https:\/\/tonalibus.org\/wp-content\/uploads\/2020\/06\/PentaDor2.wav\" loop><\/audio><figcaption><mark style=\"background-color:rgba(0, 0, 0, 0);color:#f7b320\" class=\"has-inline-color\">1) PentaMix \/ PentaDor \u2013 kurzes Tonbeispiel \u2013 0:52 Loop \u2013 spielt bis du es stoppst oder auf diesem Tab eine andere Seite aufrufst.<\/mark><\/figcaption><\/figure>\n\n\n\n<div style=\"height:36px\" aria-hidden=\"true\" class=\"wp-block-spacer\"><\/div>\n\n\n\n<p class=\"has-text-color\" style=\"color:#f7b320\"><mark style=\"background-color:rgba(0, 0, 0, 0);color:#f7b320\" class=\"has-inline-color\"><mark style=\"background-color:rgba(0, 0, 0, 0);color:#f7b320\" class=\"has-inline-color\">Du kannst einen Tonbeispiel- oder Tonalit\u00e4ten-Loop als Ton-Mantra verwenden, zur <\/mark><a href=\"https:\/\/de.wikipedia.org\/wiki\/Kontemplation\" target=\"_blank\" rel=\"noreferrer noopener\"><mark style=\"background-color:rgba(0, 0, 0, 0);color:#f7b320\" class=\"has-inline-color\">Kontemplation<\/mark><\/a><mark style=\"background-color:rgba(0, 0, 0, 0);color:#f7b320\" class=\"has-inline-color\"> oder <\/mark><a href=\"https:\/\/de.wikipedia.org\/wiki\/Meditation\" target=\"_blank\" rel=\"noreferrer noopener\"><mark style=\"background-color:rgba(0, 0, 0, 0);color:#f7b320\" class=\"has-inline-color\">Meditation<\/mark><\/a><mark style=\"background-color:rgba(0, 0, 0, 0);color:#f7b320\" class=\"has-inline-color\">. Dies kann zum Anheben, L\u00e4utern und Fokussieren behilflich sein. Oder du kannst es einfach als beruhigenden Hintergrundton zur Entspannung und Regeneration benutzen. Wenn du mitsummen, chanten oder singen m\u00f6chtest, k\u00f6nntest du dazu z.B. eine spirituell gepr\u00e4gte Silbe verwenden, wie <\/mark><em><a href=\"https:\/\/tonalibus.org\/de\/about-tonalibus\/ulrico\/hu-mantra-of-soul\/\"><mark style=\"background-color:rgba(0, 0, 0, 0);color:#f7b320\" class=\"has-inline-color\">HU<\/mark><\/a><\/em><mark style=\"background-color:rgba(0, 0, 0, 0);color:#f7b320\" class=\"has-inline-color\"> oder <\/mark><a href=\"https:\/\/de.wikipedia.org\/wiki\/Om\" target=\"_blank\" rel=\"noreferrer noopener\"><em><mark style=\"background-color:rgba(0, 0, 0, 0);color:#f7b320\" class=\"has-inline-color\">\u014c\u1e41 \/ Aum<\/mark><\/em><\/a><mark style=\"background-color:rgba(0, 0, 0, 0);color:#f7b320\" class=\"has-inline-color\"> \u0950,<\/mark> oder eine andere f\u00fcr dich stimmige Mantra-Silbe.<\/mark><\/p>","protected":false},"excerpt":{"rendered":"<p>Klangbeispiele von PentaMix \/ PentaDor (\u00e4gyptische Tonleiter), einer Pentatonik Sie k\u00f6nnen ein Klangbeispiel oder eine Tonalit\u00e4tsschleife als Klangmantra f\u00fcr Kontemplation oder Meditation nutzen. Dies kann bei der Erhebung, Reinigung und Fokussierung helfen. Oder Sie k\u00f6nnen es einfach als beruhigende Hintergrundmusik zur Entspannung und Regeneration verwenden. Wenn Sie summen, singen, ... <\/p>\n<p class=\"link-more\"><a href=\"https:\/\/tonalibus.org\/de\/tonalities\/pentatonalities\/pentamix-or-pentador-egyptian-scale\/pentamix-or-pentador-egyptian-scale-loops\/\" class=\"more-link\"><span class=\"screen-reader-text\">\"PentaMix oder PentaDor (\u00e4gyptische Skala) Schleifen\"<\/span> weiterlesen<\/a><\/p>","protected":false},"author":1,"featured_media":0,"parent":660,"menu_order":0,"comment_status":"closed","ping_status":"closed","template":"","meta":{"footnotes":""},"class_list":["post-4366","page","type-page","status-publish","hentry"],"yoast_head":"<!-- This site is optimized with the Yoast SEO plugin v27.5 - https:\/\/yoast.com\/product\/yoast-seo-wordpress\/ -->\n<title>PentaMix or PentaDor (Egyptian scale) loops &#8211; TONALIBUS<\/title>\n<meta name=\"description\" content=\"This page features PentaMix or PentaDor (Egyptian scale) sound sample loops. You may enjoy a tonality loop as sound mantra for attunement.\" \/>\n<meta name=\"robots\" content=\"index, follow, max-snippet:-1, max-image-preview:large, max-video-preview:-1\" \/>\n<link rel=\"canonical\" href=\"https:\/\/tonalibus.org\/de\/tonalities\/pentatonalities\/pentamix-or-pentador-egyptian-scale\/pentamix-or-pentador-egyptian-scale-loops\/\" \/>\n<meta property=\"og:locale\" content=\"de_DE\" \/>\n<meta property=\"og:type\" content=\"article\" \/>\n<meta property=\"og:title\" content=\"PentaMix or PentaDor (Egyptian scale) loops &#8211; TONALIBUS\" \/>\n<meta property=\"og:description\" content=\"This page features PentaMix or PentaDor (Egyptian scale) sound sample loops. You may enjoy a tonality loop as sound mantra for attunement.\" \/>\n<meta property=\"og:url\" content=\"https:\/\/tonalibus.org\/de\/tonalities\/pentatonalities\/pentamix-or-pentador-egyptian-scale\/pentamix-or-pentador-egyptian-scale-loops\/\" \/>\n<meta property=\"og:site_name\" content=\"TONALIBUS\" \/>\n<meta property=\"article:modified_time\" content=\"2022-06-22T10:06:47+00:00\" \/>\n<meta name=\"twitter:card\" content=\"summary_large_image\" \/>\n<meta name=\"twitter:label1\" content=\"Gesch\u00e4tzte Lesezeit\" \/>\n\t<meta name=\"twitter:data1\" content=\"1\u00a0Minute\" \/>\n<script type=\"application\/ld+json\" class=\"yoast-schema-graph\">{\"@context\":\"https:\\\/\\\/schema.org\",\"@graph\":[{\"@type\":\"WebPage\",\"@id\":\"https:\\\/\\\/tonalibus.org\\\/tonalities\\\/pentatonalities\\\/pentamix-or-pentador-egyptian-scale\\\/pentamix-or-pentador-egyptian-scale-loops\\\/\",\"url\":\"https:\\\/\\\/tonalibus.org\\\/tonalities\\\/pentatonalities\\\/pentamix-or-pentador-egyptian-scale\\\/pentamix-or-pentador-egyptian-scale-loops\\\/\",\"name\":\"PentaMix or PentaDor (Egyptian scale) loops &#8211; TONALIBUS\",\"isPartOf\":{\"@id\":\"https:\\\/\\\/tonalibus.org\\\/de\\\/#website\"},\"datePublished\":\"2020-08-13T18:51:25+00:00\",\"dateModified\":\"2022-06-22T10:06:47+00:00\",\"description\":\"This page features PentaMix or PentaDor (Egyptian scale) sound sample loops. You may enjoy a tonality loop as sound mantra for attunement.\",\"breadcrumb\":{\"@id\":\"https:\\\/\\\/tonalibus.org\\\/tonalities\\\/pentatonalities\\\/pentamix-or-pentador-egyptian-scale\\\/pentamix-or-pentador-egyptian-scale-loops\\\/#breadcrumb\"},\"inLanguage\":\"de-CH\",\"potentialAction\":[{\"@type\":\"ReadAction\",\"target\":[\"https:\\\/\\\/tonalibus.org\\\/tonalities\\\/pentatonalities\\\/pentamix-or-pentador-egyptian-scale\\\/pentamix-or-pentador-egyptian-scale-loops\\\/\"]}]},{\"@type\":\"BreadcrumbList\",\"@id\":\"https:\\\/\\\/tonalibus.org\\\/tonalities\\\/pentatonalities\\\/pentamix-or-pentador-egyptian-scale\\\/pentamix-or-pentador-egyptian-scale-loops\\\/#breadcrumb\",\"itemListElement\":[{\"@type\":\"ListItem\",\"position\":1,\"name\":\"Home\",\"item\":\"https:\\\/\\\/tonalibus.org\\\/\"},{\"@type\":\"ListItem\",\"position\":2,\"name\":\"Tonalities\",\"item\":\"https:\\\/\\\/tonalibus.org\\\/tonalities\\\/\"},{\"@type\":\"ListItem\",\"position\":3,\"name\":\"Pentatonalities and Tetratonality\",\"item\":\"https:\\\/\\\/tonalibus.org\\\/tonalities\\\/pentatonalities\\\/\"},{\"@type\":\"ListItem\",\"position\":4,\"name\":\"PentaMix or PentaDor (Egyptian scale)\",\"item\":\"https:\\\/\\\/tonalibus.org\\\/tonalities\\\/pentatonalities\\\/pentamix-or-pentador-egyptian-scale\\\/\"},{\"@type\":\"ListItem\",\"position\":5,\"name\":\"PentaMix or PentaDor (Egyptian scale) loops\"}]},{\"@type\":\"WebSite\",\"@id\":\"https:\\\/\\\/tonalibus.org\\\/de\\\/#website\",\"url\":\"https:\\\/\\\/tonalibus.org\\\/de\\\/\",\"name\":\"TONALIBUS\",\"description\":\"Anchored Harmony and Tonalities\",\"publisher\":{\"@id\":\"https:\\\/\\\/tonalibus.org\\\/de\\\/#\\\/schema\\\/person\\\/749261d7bc96d1f00127273f83ab96a4\"},\"potentialAction\":[{\"@type\":\"SearchAction\",\"target\":{\"@type\":\"EntryPoint\",\"urlTemplate\":\"https:\\\/\\\/tonalibus.org\\\/de\\\/?s={search_term_string}\"},\"query-input\":{\"@type\":\"PropertyValueSpecification\",\"valueRequired\":true,\"valueName\":\"search_term_string\"}}],\"inLanguage\":\"de-CH\"},{\"@type\":[\"Person\",\"Organization\"],\"@id\":\"https:\\\/\\\/tonalibus.org\\\/de\\\/#\\\/schema\\\/person\\\/749261d7bc96d1f00127273f83ab96a4\",\"name\":\"Ulrico\",\"image\":{\"@type\":\"ImageObject\",\"inLanguage\":\"de-CH\",\"@id\":\"https:\\\/\\\/tonalibus.org\\\/wp-content\\\/uploads\\\/2020\\\/06\\\/uli-pix.jpg\",\"url\":\"https:\\\/\\\/tonalibus.org\\\/wp-content\\\/uploads\\\/2020\\\/06\\\/uli-pix.jpg\",\"contentUrl\":\"https:\\\/\\\/tonalibus.org\\\/wp-content\\\/uploads\\\/2020\\\/06\\\/uli-pix.jpg\",\"width\":960,\"height\":720,\"caption\":\"Ulrico\"},\"logo\":{\"@id\":\"https:\\\/\\\/tonalibus.org\\\/wp-content\\\/uploads\\\/2020\\\/06\\\/uli-pix.jpg\"},\"sameAs\":[\"https:\\\/\\\/tonalibus.cyon.site\"]}]}<\/script>\n<!-- \/ Yoast SEO plugin. -->","yoast_head_json":{"title":"PentaMix oder PentaDor (\u00e4gyptische Skala) Schleifen - TONALIBUS","description":"Auf dieser Seite finden Sie PentaMix oder PentaDor (\u00e4gyptische Skala) Klangschleifen. Sie k\u00f6nnen eine Tonality-Loop als Klang-Mantra zur Einstimmung genie\u00dfen.","robots":{"index":"index","follow":"follow","max-snippet":"max-snippet:-1","max-image-preview":"max-image-preview:large","max-video-preview":"max-video-preview:-1"},"canonical":"https:\/\/tonalibus.org\/de\/tonalities\/pentatonalities\/pentamix-or-pentador-egyptian-scale\/pentamix-or-pentador-egyptian-scale-loops\/","og_locale":"de_DE","og_type":"article","og_title":"PentaMix or PentaDor (Egyptian scale) loops &#8211; TONALIBUS","og_description":"This page features PentaMix or PentaDor (Egyptian scale) sound sample loops. You may enjoy a tonality loop as sound mantra for attunement.","og_url":"https:\/\/tonalibus.org\/de\/tonalities\/pentatonalities\/pentamix-or-pentador-egyptian-scale\/pentamix-or-pentador-egyptian-scale-loops\/","og_site_name":"TONALIBUS","article_modified_time":"2022-06-22T10:06:47+00:00","twitter_card":"summary_large_image","twitter_misc":{"Gesch\u00e4tzte Lesezeit":"1\u00a0Minute"},"schema":{"@context":"https:\/\/schema.org","@graph":[{"@type":"WebPage","@id":"https:\/\/tonalibus.org\/tonalities\/pentatonalities\/pentamix-or-pentador-egyptian-scale\/pentamix-or-pentador-egyptian-scale-loops\/","url":"https:\/\/tonalibus.org\/tonalities\/pentatonalities\/pentamix-or-pentador-egyptian-scale\/pentamix-or-pentador-egyptian-scale-loops\/","name":"PentaMix oder PentaDor (\u00e4gyptische Skala) Schleifen - TONALIBUS","isPartOf":{"@id":"https:\/\/tonalibus.org\/de\/#website"},"datePublished":"2020-08-13T18:51:25+00:00","dateModified":"2022-06-22T10:06:47+00:00","description":"Auf dieser Seite finden Sie PentaMix oder PentaDor (\u00e4gyptische Skala) Klangschleifen. Sie k\u00f6nnen eine Tonality-Loop als Klang-Mantra zur Einstimmung genie\u00dfen.","breadcrumb":{"@id":"https:\/\/tonalibus.org\/tonalities\/pentatonalities\/pentamix-or-pentador-egyptian-scale\/pentamix-or-pentador-egyptian-scale-loops\/#breadcrumb"},"inLanguage":"de-CH","potentialAction":[{"@type":"ReadAction","target":["https:\/\/tonalibus.org\/tonalities\/pentatonalities\/pentamix-or-pentador-egyptian-scale\/pentamix-or-pentador-egyptian-scale-loops\/"]}]},{"@type":"BreadcrumbList","@id":"https:\/\/tonalibus.org\/tonalities\/pentatonalities\/pentamix-or-pentador-egyptian-scale\/pentamix-or-pentador-egyptian-scale-loops\/#breadcrumb","itemListElement":[{"@type":"ListItem","position":1,"name":"Home","item":"https:\/\/tonalibus.org\/"},{"@type":"ListItem","position":2,"name":"Tonalities","item":"https:\/\/tonalibus.org\/tonalities\/"},{"@type":"ListItem","position":3,"name":"Pentatonalities and Tetratonality","item":"https:\/\/tonalibus.org\/tonalities\/pentatonalities\/"},{"@type":"ListItem","position":4,"name":"PentaMix or PentaDor (Egyptian scale)","item":"https:\/\/tonalibus.org\/tonalities\/pentatonalities\/pentamix-or-pentador-egyptian-scale\/"},{"@type":"ListItem","position":5,"name":"PentaMix or PentaDor (Egyptian scale) loops"}]},{"@type":"WebSite","@id":"https:\/\/tonalibus.org\/de\/#website","url":"https:\/\/tonalibus.org\/de\/","name":"TONALIBUS","description":"Verankerte Harmonie und Tonalit\u00e4ten","publisher":{"@id":"https:\/\/tonalibus.org\/de\/#\/schema\/person\/749261d7bc96d1f00127273f83ab96a4"},"potentialAction":[{"@type":"SearchAction","target":{"@type":"EntryPoint","urlTemplate":"https:\/\/tonalibus.org\/de\/?s={search_term_string}"},"query-input":{"@type":"PropertyValueSpecification","valueRequired":true,"valueName":"search_term_string"}}],"inLanguage":"de-CH"},{"@type":["Person","Organization"],"@id":"https:\/\/tonalibus.org\/de\/#\/schema\/person\/749261d7bc96d1f00127273f83ab96a4","name":"Ulrico","image":{"@type":"ImageObject","inLanguage":"de-CH","@id":"https:\/\/tonalibus.org\/wp-content\/uploads\/2020\/06\/uli-pix.jpg","url":"https:\/\/tonalibus.org\/wp-content\/uploads\/2020\/06\/uli-pix.jpg","contentUrl":"https:\/\/tonalibus.org\/wp-content\/uploads\/2020\/06\/uli-pix.jpg","width":960,"height":720,"caption":"Ulrico"},"logo":{"@id":"https:\/\/tonalibus.org\/wp-content\/uploads\/2020\/06\/uli-pix.jpg"},"sameAs":["https:\/\/tonalibus.cyon.site"]}]}},"_links":{"self":[{"href":"https:\/\/tonalibus.org\/de\/wp-json\/wp\/v2\/pages\/4366","targetHints":{"allow":["GET"]}}],"collection":[{"href":"https:\/\/tonalibus.org\/de\/wp-json\/wp\/v2\/pages"}],"about":[{"href":"https:\/\/tonalibus.org\/de\/wp-json\/wp\/v2\/types\/page"}],"author":[{"embeddable":true,"href":"https:\/\/tonalibus.org\/de\/wp-json\/wp\/v2\/users\/1"}],"replies":[{"embeddable":true,"href":"https:\/\/tonalibus.org\/de\/wp-json\/wp\/v2\/comments?post=4366"}],"version-history":[{"count":0,"href":"https:\/\/tonalibus.org\/de\/wp-json\/wp\/v2\/pages\/4366\/revisions"}],"up":[{"embeddable":true,"href":"https:\/\/tonalibus.org\/de\/wp-json\/wp\/v2\/pages\/660"}],"wp:attachment":[{"href":"https:\/\/tonalibus.org\/de\/wp-json\/wp\/v2\/media?parent=4366"}],"curies":[{"name":"wp","href":"https:\/\/api.w.org\/{rel}","templated":true}]}}