{"id":4381,"date":"2020-08-13T21:39:25","date_gmt":"2020-08-13T19:39:25","guid":{"rendered":"https:\/\/tonalibus.org\/?page_id=4381"},"modified":"2026-02-08T20:19:25","modified_gmt":"2026-02-08T19:19:25","slug":"minreach-harmonic-minor-loops","status":"publish","type":"page","link":"https:\/\/tonalibus.org\/de\/tonalities\/reach-or-harmonic-heptatonalities\/minreach-harmonic-minor\/minreach-harmonic-minor-loops\/","title":{"rendered":"MinReach (harmonisch Moll) Loops"},"content":{"rendered":"<h2 class=\"wp-block-heading\" id=\"sound-sample-loops-of-minreach-or-harmonic-minor-a-reach-heptatonality\"><mark style=\"background-color:rgba(0, 0, 0, 0);color:#f7b320\" class=\"has-inline-color\">Tonbeispiel-Loops von <\/mark><a href=\"https:\/\/tonalibus.org\/de\/tonalities\/reach-heptatonalities\/minreach\/\"><mark style=\"background-color:rgba(0, 0, 0, 0);color:#f7b320\" class=\"has-inline-color\">MinReach<\/mark><\/a><mark style=\"background-color:rgba(0, 0, 0, 0);color:#f7b320\" class=\"has-inline-color\"> oder harmonisch Moll, eine <\/mark><a href=\"https:\/\/tonalibus.org\/de\/tonalities\/reach-or-harmonic-heptatonalities\/\"><mark style=\"background-color:rgba(0, 0, 0, 0);color:#f7b320\" class=\"has-inline-color\">Reach-Heptatonalit\u00e4t<\/mark><\/a><\/h2>\n\n\n\n<div style=\"height:15px\" aria-hidden=\"true\" class=\"wp-block-spacer\"><\/div>\n\n\n\n<figure class=\"wp-block-audio\"><audio controls src=\"https:\/\/tonalibus.org\/wp-content\/uploads\/2021\/01\/2021-01-24-GBCG-Minreach-loop.mp3\" loop><\/audio><figcaption class=\"wp-element-caption\"><mark style=\"background-color:rgba(0, 0, 0, 0);color:#f7b329\" class=\"has-inline-color\">3) MinReach \u2013 ruhiges Tonbeispiel, erweitert \u2013 enth\u00e4lt die Guggisberg-Melodie (mehr Infos unten) \u2013 zweifach 8-saitige Gitarre, Bass und Crotales \u2013 Januar 2021 \u2013 9:24 Loop<\/mark><\/figcaption><\/figure>\n\n\n\n<figure class=\"wp-block-audio\"><audio controls src=\"https:\/\/tonalibus.org\/wp-content\/uploads\/2021\/01\/2021-01-24-G-Minreach.mp3\" loop><\/audio><figcaption class=\"wp-element-caption\"><mark style=\"background-color:rgba(0, 0, 0, 0);color:#f7b320\" class=\"has-inline-color\">2) MinReach \u2013 ruhiges Tonbeispiel \u2013 Januar 2021 \u2013 1:40 Loop<\/mark><\/figcaption><\/figure>\n\n\n\n<figure class=\"wp-block-audio\"><audio controls src=\"https:\/\/tonalibus.org\/wp-content\/uploads\/2020\/06\/MinReach2.wav\" loop><\/audio><figcaption class=\"wp-element-caption\"><mark style=\"background-color:rgba(0, 0, 0, 0);color:#f7b320\" class=\"has-inline-color\">1) MinReach \u2013 rhythmisches Tonbeispiel \u2013 0:31 Loop \u2013 spielt bis du es stoppst oder auf diesem Tab eine andere Seite aufrufst.<\/mark><\/figcaption><\/figure>\n\n\n\n<div style=\"height:28px\" aria-hidden=\"true\" class=\"wp-block-spacer\"><\/div>\n\n\n\n<p><mark style=\"background-color:rgba(0, 0, 0, 0);color:#f7b320\" class=\"has-inline-color\">MinReach, auch harmonisch Moll genannt, k\u00f6nnen wir in der Melodie des \"<\/mark><a href=\"https:\/\/de.wikipedia.org\/wiki\/Guggisberglied\" target=\"_blank\" rel=\"noreferrer noopener\"><mark style=\"background-color:rgba(0, 0, 0, 0);color:#f7b320\" class=\"has-inline-color\">Guggisberg-Lieds<\/mark><\/a><mark style=\"background-color:rgba(0, 0, 0, 0);color:#f7b320\" class=\"has-inline-color\">\" oder \"s'Vreneli ab em Guggisberg\" erkennen. Dies ist eines der ergreifendsten und bekanntesten Schweizer Volkslieder. Es erregte so starke Emotionen, dass es historisch in den Berner Regimentern der Fremdenlegion bei Todesstrafe verboten war. Denn es veleitete Schweizer Soldaten dazu, zu desertieren und nach Hause zu gehen.  <\/mark><\/p>\n\n\n\n<div style=\"height:24px\" aria-hidden=\"true\" class=\"wp-block-spacer\"><\/div>\n\n\n\n<p class=\"has-text-color\" style=\"color:#f7b320\"><mark style=\"background-color:rgba(0, 0, 0, 0);color:#f7b320\" class=\"has-inline-color\"><mark style=\"background-color:rgba(0, 0, 0, 0);color:#f7b320\" class=\"has-inline-color\">Du kannst einen Tonbeispiel- oder Tonalit\u00e4ten-Loop als Ton-Mantra verwenden, zur <\/mark><a href=\"https:\/\/de.wikipedia.org\/wiki\/Kontemplation\" target=\"_blank\" rel=\"noreferrer noopener\"><mark style=\"background-color:rgba(0, 0, 0, 0);color:#f7b320\" class=\"has-inline-color\">Kontemplation<\/mark><\/a><mark style=\"background-color:rgba(0, 0, 0, 0);color:#f7b320\" class=\"has-inline-color\"> oder <\/mark><a href=\"https:\/\/de.wikipedia.org\/wiki\/Meditation\" target=\"_blank\" rel=\"noreferrer noopener\"><mark style=\"background-color:rgba(0, 0, 0, 0);color:#f7b320\" class=\"has-inline-color\">Meditation<\/mark><\/a><mark style=\"background-color:rgba(0, 0, 0, 0);color:#f7b320\" class=\"has-inline-color\">. Dies kann zum Anheben, L\u00e4utern und Fokussieren behilflich sein. Oder du kannst es einfach als beruhigenden Hintergrundton zur Entspannung und Regeneration benutzen. Wenn du mitsummen, chanten oder singen m\u00f6chtest, k\u00f6nntest du dazu z.B. eine spirituell gepr\u00e4gte Silbe verwenden, wie <\/mark><em><a href=\"https:\/\/tonalibus.org\/de\/about-tonalibus\/ulrico\/hu-mantra-of-soul\/\"><mark style=\"background-color:rgba(0, 0, 0, 0);color:#f7b320\" class=\"has-inline-color\">HU<\/mark><\/a><\/em><mark style=\"background-color:rgba(0, 0, 0, 0);color:#f7b320\" class=\"has-inline-color\"> oder <\/mark><a href=\"https:\/\/de.wikipedia.org\/wiki\/Om\" target=\"_blank\" rel=\"noreferrer noopener\"><em><mark style=\"background-color:rgba(0, 0, 0, 0);color:#f7b320\" class=\"has-inline-color\">\u014c\u1e41 \/ Aum<\/mark><\/em><\/a><mark style=\"background-color:rgba(0, 0, 0, 0);color:#f7b320\" class=\"has-inline-color\"> \u0950,<\/mark> oder eine andere f\u00fcr dich stimmige Mantra-Silbe.<\/mark><\/p>\n\n\n\n<div style=\"height:48px\" aria-hidden=\"true\" class=\"wp-block-spacer\"><\/div>\n\n\n<div class=\"wp-block-image is-resized\">\n<figure class=\"aligncenter size-large\"><img loading=\"lazy\" decoding=\"async\" width=\"1024\" height=\"1024\" src=\"https:\/\/tonalibus.org\/wp-content\/uploads\/2021\/01\/DSC01378-cx-comprd-1024x1024.jpg\" alt=\"DSC01378 cx-comprd - Guggisgerg - Minreach (harmonic minor) loops\" class=\"wp-image-8445\" style=\"object-fit:contain\" srcset=\"https:\/\/tonalibus.org\/wp-content\/uploads\/2021\/01\/DSC01378-cx-comprd-1024x1024.jpg 1024w, https:\/\/tonalibus.org\/wp-content\/uploads\/2021\/01\/DSC01378-cx-comprd-300x300.jpg 300w, https:\/\/tonalibus.org\/wp-content\/uploads\/2021\/01\/DSC01378-cx-comprd-150x150.jpg 150w, https:\/\/tonalibus.org\/wp-content\/uploads\/2021\/01\/DSC01378-cx-comprd-768x768.jpg 768w, https:\/\/tonalibus.org\/wp-content\/uploads\/2021\/01\/DSC01378-cx-comprd-1536x1536.jpg 1536w, https:\/\/tonalibus.org\/wp-content\/uploads\/2021\/01\/DSC01378-cx-comprd-2048x2048.jpg 2048w, https:\/\/tonalibus.org\/wp-content\/uploads\/2021\/01\/DSC01378-cx-comprd-12x12.jpg 12w, https:\/\/tonalibus.org\/wp-content\/uploads\/2021\/01\/DSC01378-cx-comprd-100x100.jpg 100w, https:\/\/tonalibus.org\/wp-content\/uploads\/2021\/01\/DSC01378-cx-comprd-1320x1320.jpg 1320w\" sizes=\"auto, (max-width: 706px) 89vw, (max-width: 767px) 82vw, 740px\" \/><figcaption class=\"wp-element-caption\">Den Himmel hochhalten auf dem Guggersh\u00f6rnli - Sept. 2014 - Foto: Sabina Haas<\/figcaption><\/figure>\n<\/div>\n\n<div class=\"wp-block-image is-resized\">\n<figure class=\"aligncenter size-large\"><img loading=\"lazy\" decoding=\"async\" width=\"1024\" height=\"1024\" src=\"https:\/\/tonalibus.org\/wp-content\/uploads\/2021\/01\/DSC01368-cx-comprd-1024x1024.jpg\" alt=\"DSC01368 cx-comprd - Guggersh\u00f6rnli\" class=\"wp-image-8463\" style=\"object-fit:contain\" srcset=\"https:\/\/tonalibus.org\/wp-content\/uploads\/2021\/01\/DSC01368-cx-comprd-1024x1024.jpg 1024w, https:\/\/tonalibus.org\/wp-content\/uploads\/2021\/01\/DSC01368-cx-comprd-300x300.jpg 300w, https:\/\/tonalibus.org\/wp-content\/uploads\/2021\/01\/DSC01368-cx-comprd-150x150.jpg 150w, https:\/\/tonalibus.org\/wp-content\/uploads\/2021\/01\/DSC01368-cx-comprd-768x768.jpg 768w, https:\/\/tonalibus.org\/wp-content\/uploads\/2021\/01\/DSC01368-cx-comprd-1536x1536.jpg 1536w, https:\/\/tonalibus.org\/wp-content\/uploads\/2021\/01\/DSC01368-cx-comprd-2048x2048.jpg 2048w, https:\/\/tonalibus.org\/wp-content\/uploads\/2021\/01\/DSC01368-cx-comprd-12x12.jpg 12w, https:\/\/tonalibus.org\/wp-content\/uploads\/2021\/01\/DSC01368-cx-comprd-100x100.jpg 100w, https:\/\/tonalibus.org\/wp-content\/uploads\/2021\/01\/DSC01368-cx-comprd-1320x1320.jpg 1320w\" sizes=\"auto, (max-width: 706px) 89vw, (max-width: 767px) 82vw, 740px\" \/><figcaption class=\"wp-element-caption\">Treppe ins Licht - Weg auf das Guggersh\u00f6rnli, Schweiz - Sept. 2014<\/figcaption><\/figure>\n<\/div>","protected":false},"excerpt":{"rendered":"<p>Klangbeispiele von MinReach oder harmonischem Moll, einer Reach-Heptatonalit\u00e4t Wir k\u00f6nnen MinReach, auch bekannt als harmonisches Moll, in der Melodie des \"Guggisberg-Liedes\" oder \"s'Vreneli ab em Guggisberg\" erkennen. Es ist eines der eindringlichsten und bekanntesten Lieder der Schweizer Volksmusik. Es hat so viele Emotionen geweckt, dass es in der Vergangenheit von den ... <\/p>\n<p class=\"link-more\"><a href=\"https:\/\/tonalibus.org\/de\/tonalities\/reach-or-harmonic-heptatonalities\/minreach-harmonic-minor\/minreach-harmonic-minor-loops\/\" class=\"more-link\"><span class=\"screen-reader-text\">\"MinReach (harmonisches Moll) Schleifen\"<\/span> weiterlesen<\/a><\/p>","protected":false},"author":1,"featured_media":0,"parent":578,"menu_order":0,"comment_status":"closed","ping_status":"closed","template":"","meta":{"footnotes":""},"class_list":["post-4381","page","type-page","status-publish","hentry"],"yoast_head":"<!-- This site is optimized with the Yoast SEO plugin v27.6 - https:\/\/yoast.com\/product\/yoast-seo-wordpress\/ -->\n<title>MinReach (harmonic minor) loops &#8211; TONALIBUS Harmony<\/title>\n<meta name=\"description\" content=\"This page features sound sample loops of MinReach or harmonic minor. You may enjoy a tonality loop as sound mantra \u2013 for attunement.\" \/>\n<meta name=\"robots\" content=\"index, follow, max-snippet:-1, max-image-preview:large, max-video-preview:-1\" \/>\n<link rel=\"canonical\" href=\"https:\/\/tonalibus.org\/de\/tonalities\/reach-or-harmonic-heptatonalities\/minreach-harmonic-minor\/minreach-harmonic-minor-loops\/\" \/>\n<meta property=\"og:locale\" content=\"de_DE\" \/>\n<meta property=\"og:type\" content=\"article\" \/>\n<meta property=\"og:title\" content=\"MinReach (harmonic minor) loops &#8211; TONALIBUS Harmony\" \/>\n<meta property=\"og:description\" content=\"This page features sound sample loops of MinReach or harmonic minor. You may enjoy a tonality loop as sound mantra \u2013 for attunement.\" \/>\n<meta property=\"og:url\" content=\"https:\/\/tonalibus.org\/de\/tonalities\/reach-or-harmonic-heptatonalities\/minreach-harmonic-minor\/minreach-harmonic-minor-loops\/\" \/>\n<meta property=\"og:site_name\" content=\"TONALIBUS\" \/>\n<meta property=\"article:modified_time\" content=\"2026-02-08T19:19:25+00:00\" \/>\n<meta property=\"og:image\" content=\"https:\/\/tonalibus.org\/wp-content\/uploads\/2021\/01\/DSC01378-cx-comprd-scaled.jpg\" \/>\n\t<meta property=\"og:image:width\" content=\"2560\" \/>\n\t<meta property=\"og:image:height\" content=\"2560\" \/>\n\t<meta property=\"og:image:type\" content=\"image\/jpeg\" \/>\n<meta name=\"twitter:card\" content=\"summary_large_image\" \/>\n<meta name=\"twitter:label1\" content=\"Gesch\u00e4tzte Lesezeit\" \/>\n\t<meta name=\"twitter:data1\" content=\"2\u00a0Minuten\" \/>\n<script type=\"application\/ld+json\" class=\"yoast-schema-graph\">{\"@context\":\"https:\\\/\\\/schema.org\",\"@graph\":[{\"@type\":\"WebPage\",\"@id\":\"https:\\\/\\\/tonalibus.org\\\/tonalities\\\/reach-or-harmonic-heptatonalities\\\/minreach-harmonic-minor\\\/minreach-harmonic-minor-loops\\\/\",\"url\":\"https:\\\/\\\/tonalibus.org\\\/tonalities\\\/reach-or-harmonic-heptatonalities\\\/minreach-harmonic-minor\\\/minreach-harmonic-minor-loops\\\/\",\"name\":\"MinReach (harmonic minor) loops &#8211; TONALIBUS Harmony\",\"isPartOf\":{\"@id\":\"https:\\\/\\\/tonalibus.org\\\/de\\\/#website\"},\"primaryImageOfPage\":{\"@id\":\"https:\\\/\\\/tonalibus.org\\\/tonalities\\\/reach-or-harmonic-heptatonalities\\\/minreach-harmonic-minor\\\/minreach-harmonic-minor-loops\\\/#primaryimage\"},\"image\":{\"@id\":\"https:\\\/\\\/tonalibus.org\\\/tonalities\\\/reach-or-harmonic-heptatonalities\\\/minreach-harmonic-minor\\\/minreach-harmonic-minor-loops\\\/#primaryimage\"},\"thumbnailUrl\":\"https:\\\/\\\/tonalibus.org\\\/wp-content\\\/uploads\\\/2021\\\/01\\\/DSC01378-cx-comprd-1024x1024.jpg\",\"datePublished\":\"2020-08-13T19:39:25+00:00\",\"dateModified\":\"2026-02-08T19:19:25+00:00\",\"description\":\"This page features sound sample loops of MinReach or harmonic minor. You may enjoy a tonality loop as sound mantra \u2013 for attunement.\",\"breadcrumb\":{\"@id\":\"https:\\\/\\\/tonalibus.org\\\/tonalities\\\/reach-or-harmonic-heptatonalities\\\/minreach-harmonic-minor\\\/minreach-harmonic-minor-loops\\\/#breadcrumb\"},\"inLanguage\":\"de-CH\",\"potentialAction\":[{\"@type\":\"ReadAction\",\"target\":[\"https:\\\/\\\/tonalibus.org\\\/tonalities\\\/reach-or-harmonic-heptatonalities\\\/minreach-harmonic-minor\\\/minreach-harmonic-minor-loops\\\/\"]}]},{\"@type\":\"ImageObject\",\"inLanguage\":\"de-CH\",\"@id\":\"https:\\\/\\\/tonalibus.org\\\/tonalities\\\/reach-or-harmonic-heptatonalities\\\/minreach-harmonic-minor\\\/minreach-harmonic-minor-loops\\\/#primaryimage\",\"url\":\"https:\\\/\\\/tonalibus.org\\\/wp-content\\\/uploads\\\/2021\\\/01\\\/DSC01378-cx-comprd-1024x1024.jpg\",\"contentUrl\":\"https:\\\/\\\/tonalibus.org\\\/wp-content\\\/uploads\\\/2021\\\/01\\\/DSC01378-cx-comprd-1024x1024.jpg\"},{\"@type\":\"BreadcrumbList\",\"@id\":\"https:\\\/\\\/tonalibus.org\\\/tonalities\\\/reach-or-harmonic-heptatonalities\\\/minreach-harmonic-minor\\\/minreach-harmonic-minor-loops\\\/#breadcrumb\",\"itemListElement\":[{\"@type\":\"ListItem\",\"position\":1,\"name\":\"Home\",\"item\":\"https:\\\/\\\/tonalibus.org\\\/\"},{\"@type\":\"ListItem\",\"position\":2,\"name\":\"Tonalities\",\"item\":\"https:\\\/\\\/tonalibus.org\\\/tonalities\\\/\"},{\"@type\":\"ListItem\",\"position\":3,\"name\":\"Reach (or Harmonic) Heptatonalities\",\"item\":\"https:\\\/\\\/tonalibus.org\\\/tonalities\\\/reach-or-harmonic-heptatonalities\\\/\"},{\"@type\":\"ListItem\",\"position\":4,\"name\":\"MinReach (harmonic minor)\",\"item\":\"https:\\\/\\\/tonalibus.org\\\/tonalities\\\/reach-or-harmonic-heptatonalities\\\/minreach-harmonic-minor\\\/\"},{\"@type\":\"ListItem\",\"position\":5,\"name\":\"MinReach (harmonic minor) loops\"}]},{\"@type\":\"WebSite\",\"@id\":\"https:\\\/\\\/tonalibus.org\\\/de\\\/#website\",\"url\":\"https:\\\/\\\/tonalibus.org\\\/de\\\/\",\"name\":\"TONALIBUS\",\"description\":\"Anchored Harmony and Tonalities\",\"publisher\":{\"@id\":\"https:\\\/\\\/tonalibus.org\\\/de\\\/#\\\/schema\\\/person\\\/749261d7bc96d1f00127273f83ab96a4\"},\"potentialAction\":[{\"@type\":\"SearchAction\",\"target\":{\"@type\":\"EntryPoint\",\"urlTemplate\":\"https:\\\/\\\/tonalibus.org\\\/de\\\/?s={search_term_string}\"},\"query-input\":{\"@type\":\"PropertyValueSpecification\",\"valueRequired\":true,\"valueName\":\"search_term_string\"}}],\"inLanguage\":\"de-CH\"},{\"@type\":[\"Person\",\"Organization\"],\"@id\":\"https:\\\/\\\/tonalibus.org\\\/de\\\/#\\\/schema\\\/person\\\/749261d7bc96d1f00127273f83ab96a4\",\"name\":\"Ulrico\",\"image\":{\"@type\":\"ImageObject\",\"inLanguage\":\"de-CH\",\"@id\":\"https:\\\/\\\/tonalibus.org\\\/wp-content\\\/uploads\\\/2020\\\/06\\\/uli-pix.jpg\",\"url\":\"https:\\\/\\\/tonalibus.org\\\/wp-content\\\/uploads\\\/2020\\\/06\\\/uli-pix.jpg\",\"contentUrl\":\"https:\\\/\\\/tonalibus.org\\\/wp-content\\\/uploads\\\/2020\\\/06\\\/uli-pix.jpg\",\"width\":960,\"height\":720,\"caption\":\"Ulrico\"},\"logo\":{\"@id\":\"https:\\\/\\\/tonalibus.org\\\/wp-content\\\/uploads\\\/2020\\\/06\\\/uli-pix.jpg\"},\"sameAs\":[\"https:\\\/\\\/tonalibus.cyon.site\"]}]}<\/script>\n<!-- \/ Yoast SEO plugin. -->","yoast_head_json":{"title":"MinReach (Harmonisch Moll) Schleifen - TONALIBUS Harmony","description":"Auf dieser Seite finden Sie Klangbeispiel-Loops von MinReach oder harmonisch Moll. Sie k\u00f6nnen eine Tonality-Loop als Klang-Mantra genie\u00dfen - zur Einstimmung.","robots":{"index":"index","follow":"follow","max-snippet":"max-snippet:-1","max-image-preview":"max-image-preview:large","max-video-preview":"max-video-preview:-1"},"canonical":"https:\/\/tonalibus.org\/de\/tonalities\/reach-or-harmonic-heptatonalities\/minreach-harmonic-minor\/minreach-harmonic-minor-loops\/","og_locale":"de_DE","og_type":"article","og_title":"MinReach (harmonic minor) loops &#8211; TONALIBUS Harmony","og_description":"This page features sound sample loops of MinReach or harmonic minor. You may enjoy a tonality loop as sound mantra \u2013 for attunement.","og_url":"https:\/\/tonalibus.org\/de\/tonalities\/reach-or-harmonic-heptatonalities\/minreach-harmonic-minor\/minreach-harmonic-minor-loops\/","og_site_name":"TONALIBUS","article_modified_time":"2026-02-08T19:19:25+00:00","og_image":[{"width":2560,"height":2560,"url":"https:\/\/tonalibus.org\/wp-content\/uploads\/2021\/01\/DSC01378-cx-comprd-scaled.jpg","type":"image\/jpeg"}],"twitter_card":"summary_large_image","twitter_misc":{"Gesch\u00e4tzte Lesezeit":"2\u00a0Minuten"},"schema":{"@context":"https:\/\/schema.org","@graph":[{"@type":"WebPage","@id":"https:\/\/tonalibus.org\/tonalities\/reach-or-harmonic-heptatonalities\/minreach-harmonic-minor\/minreach-harmonic-minor-loops\/","url":"https:\/\/tonalibus.org\/tonalities\/reach-or-harmonic-heptatonalities\/minreach-harmonic-minor\/minreach-harmonic-minor-loops\/","name":"MinReach (Harmonisch Moll) Schleifen - TONALIBUS Harmony","isPartOf":{"@id":"https:\/\/tonalibus.org\/de\/#website"},"primaryImageOfPage":{"@id":"https:\/\/tonalibus.org\/tonalities\/reach-or-harmonic-heptatonalities\/minreach-harmonic-minor\/minreach-harmonic-minor-loops\/#primaryimage"},"image":{"@id":"https:\/\/tonalibus.org\/tonalities\/reach-or-harmonic-heptatonalities\/minreach-harmonic-minor\/minreach-harmonic-minor-loops\/#primaryimage"},"thumbnailUrl":"https:\/\/tonalibus.org\/wp-content\/uploads\/2021\/01\/DSC01378-cx-comprd-1024x1024.jpg","datePublished":"2020-08-13T19:39:25+00:00","dateModified":"2026-02-08T19:19:25+00:00","description":"Auf dieser Seite finden Sie Klangbeispiel-Loops von MinReach oder harmonisch Moll. Sie k\u00f6nnen eine Tonality-Loop als Klang-Mantra genie\u00dfen - zur Einstimmung.","breadcrumb":{"@id":"https:\/\/tonalibus.org\/tonalities\/reach-or-harmonic-heptatonalities\/minreach-harmonic-minor\/minreach-harmonic-minor-loops\/#breadcrumb"},"inLanguage":"de-CH","potentialAction":[{"@type":"ReadAction","target":["https:\/\/tonalibus.org\/tonalities\/reach-or-harmonic-heptatonalities\/minreach-harmonic-minor\/minreach-harmonic-minor-loops\/"]}]},{"@type":"ImageObject","inLanguage":"de-CH","@id":"https:\/\/tonalibus.org\/tonalities\/reach-or-harmonic-heptatonalities\/minreach-harmonic-minor\/minreach-harmonic-minor-loops\/#primaryimage","url":"https:\/\/tonalibus.org\/wp-content\/uploads\/2021\/01\/DSC01378-cx-comprd-1024x1024.jpg","contentUrl":"https:\/\/tonalibus.org\/wp-content\/uploads\/2021\/01\/DSC01378-cx-comprd-1024x1024.jpg"},{"@type":"BreadcrumbList","@id":"https:\/\/tonalibus.org\/tonalities\/reach-or-harmonic-heptatonalities\/minreach-harmonic-minor\/minreach-harmonic-minor-loops\/#breadcrumb","itemListElement":[{"@type":"ListItem","position":1,"name":"Home","item":"https:\/\/tonalibus.org\/"},{"@type":"ListItem","position":2,"name":"Tonalities","item":"https:\/\/tonalibus.org\/tonalities\/"},{"@type":"ListItem","position":3,"name":"Reach (or Harmonic) Heptatonalities","item":"https:\/\/tonalibus.org\/tonalities\/reach-or-harmonic-heptatonalities\/"},{"@type":"ListItem","position":4,"name":"MinReach (harmonic minor)","item":"https:\/\/tonalibus.org\/tonalities\/reach-or-harmonic-heptatonalities\/minreach-harmonic-minor\/"},{"@type":"ListItem","position":5,"name":"MinReach (harmonic minor) loops"}]},{"@type":"WebSite","@id":"https:\/\/tonalibus.org\/de\/#website","url":"https:\/\/tonalibus.org\/de\/","name":"TONALIBUS","description":"Verankerte Harmonie und Tonalit\u00e4ten","publisher":{"@id":"https:\/\/tonalibus.org\/de\/#\/schema\/person\/749261d7bc96d1f00127273f83ab96a4"},"potentialAction":[{"@type":"SearchAction","target":{"@type":"EntryPoint","urlTemplate":"https:\/\/tonalibus.org\/de\/?s={search_term_string}"},"query-input":{"@type":"PropertyValueSpecification","valueRequired":true,"valueName":"search_term_string"}}],"inLanguage":"de-CH"},{"@type":["Person","Organization"],"@id":"https:\/\/tonalibus.org\/de\/#\/schema\/person\/749261d7bc96d1f00127273f83ab96a4","name":"Ulrico","image":{"@type":"ImageObject","inLanguage":"de-CH","@id":"https:\/\/tonalibus.org\/wp-content\/uploads\/2020\/06\/uli-pix.jpg","url":"https:\/\/tonalibus.org\/wp-content\/uploads\/2020\/06\/uli-pix.jpg","contentUrl":"https:\/\/tonalibus.org\/wp-content\/uploads\/2020\/06\/uli-pix.jpg","width":960,"height":720,"caption":"Ulrico"},"logo":{"@id":"https:\/\/tonalibus.org\/wp-content\/uploads\/2020\/06\/uli-pix.jpg"},"sameAs":["https:\/\/tonalibus.cyon.site"]}]}},"_links":{"self":[{"href":"https:\/\/tonalibus.org\/de\/wp-json\/wp\/v2\/pages\/4381","targetHints":{"allow":["GET"]}}],"collection":[{"href":"https:\/\/tonalibus.org\/de\/wp-json\/wp\/v2\/pages"}],"about":[{"href":"https:\/\/tonalibus.org\/de\/wp-json\/wp\/v2\/types\/page"}],"author":[{"embeddable":true,"href":"https:\/\/tonalibus.org\/de\/wp-json\/wp\/v2\/users\/1"}],"replies":[{"embeddable":true,"href":"https:\/\/tonalibus.org\/de\/wp-json\/wp\/v2\/comments?post=4381"}],"version-history":[{"count":2,"href":"https:\/\/tonalibus.org\/de\/wp-json\/wp\/v2\/pages\/4381\/revisions"}],"predecessor-version":[{"id":38366,"href":"https:\/\/tonalibus.org\/de\/wp-json\/wp\/v2\/pages\/4381\/revisions\/38366"}],"up":[{"embeddable":true,"href":"https:\/\/tonalibus.org\/de\/wp-json\/wp\/v2\/pages\/578"}],"wp:attachment":[{"href":"https:\/\/tonalibus.org\/de\/wp-json\/wp\/v2\/media?parent=4381"}],"curies":[{"name":"wp","href":"https:\/\/api.w.org\/{rel}","templated":true}]}}