{"id":4387,"date":"2020-08-13T22:00:50","date_gmt":"2020-08-13T20:00:50","guid":{"rendered":"https:\/\/tonalibus.org\/?page_id=4387"},"modified":"2026-02-08T19:31:07","modified_gmt":"2026-02-08T18:31:07","slug":"reachmix-loops","status":"publish","type":"page","link":"https:\/\/tonalibus.org\/de\/tonalities\/reach-or-harmonic-heptatonalities\/reachmix\/reachmix-loops\/","title":{"rendered":"ReachMix Loops"},"content":{"rendered":"<h2 class=\"wp-block-heading\" id=\"sound-sample-loops-of-reachmix-a-reach-heptatonality\"><mark style=\"background-color:rgba(0, 0, 0, 0);color:#f7b320\" class=\"has-inline-color\">Tonbeispiel-Loops von <\/mark><a href=\"https:\/\/tonalibus.org\/de\/tonalities\/reach-heptatonalities\/reachmix\/\"><mark style=\"background-color:rgba(0, 0, 0, 0);color:#f7b320\" class=\"has-inline-color\">ReachMix<\/mark><\/a><mark style=\"background-color:rgba(0, 0, 0, 0);color:#f7b320\" class=\"has-inline-color\">, eine <\/mark><a href=\"https:\/\/tonalibus.org\/de\/tonalities\/reach-or-harmonic-heptatonalities\/\"><mark style=\"background-color:rgba(0, 0, 0, 0);color:#f7b320\" class=\"has-inline-color\">Reach-Heptatonalit\u00e4t<\/mark><\/a><\/h2>\n\n\n\n<div style=\"height:15px\" aria-hidden=\"true\" class=\"wp-block-spacer\"><\/div>\n\n\n\n<figure class=\"wp-block-audio\"><audio controls src=\"https:\/\/tonalibus.org\/wp-content\/uploads\/2024\/03\/2024-03-08-REACHMIX-016_1.mp3\" loop><\/audio><figcaption class=\"wp-element-caption\"><mark style=\"background-color:rgba(0, 0, 0, 0);color:#f7b320\" class=\"has-inline-color\">5) ReachMix auf F# (184 Hz) \u2013 ausgearbeitetes einfaches Tonbeispiel \u2013 <mark style=\"background-color:rgba(0, 0, 0, 0);color:#f7b320\" class=\"has-inline-color\">8-saitige Gitarre<\/mark> \u2013 M\u00e4rz 2024 \u2013 5:15 Loop<\/mark><\/figcaption><\/figure>\n\n\n\n<figure class=\"wp-block-audio\"><audio controls src=\"https:\/\/tonalibus.org\/wp-content\/uploads\/2023\/02\/2023-02-23-REACHMIX-GITAGOTI.mp3\" loop><\/audio><figcaption class=\"wp-element-caption\"><mark style=\"background-color:rgba(0, 0, 0, 0);color:#f7b320\" class=\"has-inline-color\">4) ReachMix \u2013 umfangreiches Tonbeispiel, ruhig \u2013 <mark style=\"background-color:rgba(0, 0, 0, 0);color:#f7b320\" class=\"has-inline-color\">136 Hz 8-saitige Gitarre, grosser Gong, Tingsha-Zimbeln, Tanpura<\/mark> \u2013 Februar 2023 \u2013 4:19 Loop<\/mark><\/figcaption><\/figure>\n\n\n\n<figure class=\"wp-block-audio\"><audio controls src=\"https:\/\/tonalibus.org\/wp-content\/uploads\/2023\/02\/2023-02-23-REACHMIX-GITA.mp3\" loop><\/audio><figcaption class=\"wp-element-caption\"><mark style=\"background-color:rgba(0, 0, 0, 0);color:#f7b320\" class=\"has-inline-color\">3) ReachMix \u2013 umfangreiches Tonbeispiel, ruhig \u2013 <mark style=\"background-color:rgba(0, 0, 0, 0);color:#f7b320\" class=\"has-inline-color\">136 Hz 8-saitige Gitarre, Tanpura \u2013 <\/mark>Februar 2023 \u2013 4:19 Loop<\/mark><\/figcaption><\/figure>\n\n\n\n<figure class=\"wp-block-audio\"><audio controls src=\"https:\/\/tonalibus.org\/wp-content\/uploads\/2020\/12\/ReachMix3.mp3\" loop><\/audio><figcaption class=\"wp-element-caption\"><mark style=\"background-color:rgba(0, 0, 0, 0);color:#f7b320\" class=\"has-inline-color\">2) ReachMix \u2013 ruhiges Tonbeispiel \u2013 Dezember 2020 \u2013 1:24 Loop<\/mark><\/figcaption><\/figure>\n\n\n\n<figure class=\"wp-block-audio\"><audio controls src=\"https:\/\/tonalibus.org\/wp-content\/uploads\/2020\/06\/ReachMix2.wav\" loop><\/audio><figcaption class=\"wp-element-caption\"><mark style=\"background-color:rgba(0, 0, 0, 0);color:#f7b320\" class=\"has-inline-color\">1) ReachMix \u2013 rhythmisches Tonbeispiel \u2013 1:08 Loop \u2013 spielt bis du es stoppst oder auf diesem Tab eine andere Seite aufrufst.<\/mark><\/figcaption><\/figure>\n\n\n\n<div style=\"height:37px\" aria-hidden=\"true\" class=\"wp-block-spacer\"><\/div>\n\n\n\n<p class=\"has-text-color\" style=\"color:#f7b320\"><mark style=\"background-color:rgba(0, 0, 0, 0);color:#f7b320\" class=\"has-inline-color\"><mark style=\"background-color:rgba(0, 0, 0, 0);color:#f7b320\" class=\"has-inline-color\">Du kannst einen Tonbeispiel- oder Tonalit\u00e4ten-Loop als Ton-Mantra verwenden, zur <\/mark><a href=\"https:\/\/de.wikipedia.org\/wiki\/Kontemplation\" target=\"_blank\" rel=\"noreferrer noopener\"><mark style=\"background-color:rgba(0, 0, 0, 0);color:#f7b320\" class=\"has-inline-color\">Kontemplation<\/mark><\/a><mark style=\"background-color:rgba(0, 0, 0, 0);color:#f7b320\" class=\"has-inline-color\"> oder <\/mark><a href=\"https:\/\/de.wikipedia.org\/wiki\/Meditation\" target=\"_blank\" rel=\"noreferrer noopener\"><mark style=\"background-color:rgba(0, 0, 0, 0);color:#f7b320\" class=\"has-inline-color\">Meditation<\/mark><\/a><mark style=\"background-color:rgba(0, 0, 0, 0);color:#f7b320\" class=\"has-inline-color\">. Dies kann zum Anheben, L\u00e4utern und Fokussieren behilflich sein. Oder du kannst es einfach als beruhigenden Hintergrundton zur Entspannung und Regeneration benutzen. Wenn du mitsummen, chanten oder singen m\u00f6chtest, k\u00f6nntest du dazu z.B. eine spirituell gepr\u00e4gte Silbe verwenden, wie <\/mark><em><a href=\"https:\/\/tonalibus.org\/de\/about-tonalibus\/ulrico\/hu-mantra-of-soul\/\"><mark style=\"background-color:rgba(0, 0, 0, 0);color:#f7b320\" class=\"has-inline-color\">HU<\/mark><\/a><\/em><mark style=\"background-color:rgba(0, 0, 0, 0);color:#f7b320\" class=\"has-inline-color\"> oder <\/mark><a href=\"https:\/\/de.wikipedia.org\/wiki\/Om\" target=\"_blank\" rel=\"noreferrer noopener\"><em><mark style=\"background-color:rgba(0, 0, 0, 0);color:#f7b320\" class=\"has-inline-color\">\u014c\u1e41 \/ Aum<\/mark><\/em><\/a><mark style=\"background-color:rgba(0, 0, 0, 0);color:#f7b320\" class=\"has-inline-color\"> \u0950,<\/mark> oder eine andere f\u00fcr dich stimmige Mantra-Silbe.<\/mark><\/p>\n\n\n\n<div style=\"height:56px\" aria-hidden=\"true\" class=\"wp-block-spacer\"><\/div>\n\n\n<div class=\"wp-block-image\">\n<figure class=\"aligncenter size-large is-resized\"><img loading=\"lazy\" decoding=\"async\" width=\"1024\" height=\"500\" src=\"https:\/\/tonalibus.org\/wp-content\/uploads\/2021\/01\/IMG_3892-cx-1024x500.jpg\" alt=\"IMG_3892 cx - Reachmix loops\" class=\"wp-image-8378\" style=\"object-fit:contain;width:560px;height:273px\" srcset=\"https:\/\/tonalibus.org\/wp-content\/uploads\/2021\/01\/IMG_3892-cx-1024x500.jpg 1024w, https:\/\/tonalibus.org\/wp-content\/uploads\/2021\/01\/IMG_3892-cx-300x147.jpg 300w, https:\/\/tonalibus.org\/wp-content\/uploads\/2021\/01\/IMG_3892-cx-768x375.jpg 768w, https:\/\/tonalibus.org\/wp-content\/uploads\/2021\/01\/IMG_3892-cx-1536x750.jpg 1536w, https:\/\/tonalibus.org\/wp-content\/uploads\/2021\/01\/IMG_3892-cx-16x8.jpg 16w, https:\/\/tonalibus.org\/wp-content\/uploads\/2021\/01\/IMG_3892-cx-1320x645.jpg 1320w, https:\/\/tonalibus.org\/wp-content\/uploads\/2021\/01\/IMG_3892-cx.jpg 1990w\" sizes=\"auto, (max-width: 706px) 89vw, (max-width: 767px) 82vw, 740px\" \/><figcaption class=\"wp-element-caption\">Unendliche Faszination mit Tages-Anbruch und Sonnen-Aufgang \u2013 Januar 2021 \u2013 Gr\u00e4chwil, Schweiz<\/figcaption><\/figure>\n<\/div>","protected":false},"excerpt":{"rendered":"<p>Klangmusterschleifen von ReachMix, einer Reach-Heptatonalit\u00e4t Sie k\u00f6nnen ein Klangmuster oder eine Tonalit\u00e4tsschleife als Klangmantra f\u00fcr Kontemplation oder Meditation genie\u00dfen. Dies kann bei der Erhebung, Reinigung und Fokussierung helfen. Oder Sie k\u00f6nnen es einfach als beruhigende Hintergrundmusik zur Entspannung und Regeneration verwenden. Wenn Sie mitsummen, skandieren oder mitsingen m\u00f6chten, ... <\/p>\n<p class=\"link-more\"><a href=\"https:\/\/tonalibus.org\/de\/tonalities\/reach-or-harmonic-heptatonalities\/reachmix\/reachmix-loops\/\" class=\"more-link\"><span class=\"screen-reader-text\">\"ReachMix-Schleifen\"<\/span> weiterlesen<\/a><\/p>","protected":false},"author":1,"featured_media":0,"parent":570,"menu_order":0,"comment_status":"closed","ping_status":"closed","template":"","meta":{"footnotes":""},"class_list":["post-4387","page","type-page","status-publish","hentry"],"yoast_head":"<!-- This site is optimized with the Yoast SEO plugin v27.4 - https:\/\/yoast.com\/product\/yoast-seo-wordpress\/ -->\n<title>ReachMix loops &#8211; TONALIBUS, Harmony and Tonalities<\/title>\n<meta name=\"description\" content=\"This page features sound sample loops of ReachMix, a Reach heptatonality. You may enjoy a tonality loop as sound mantra \u2013 for attunement.\" \/>\n<meta name=\"robots\" content=\"index, follow, max-snippet:-1, max-image-preview:large, max-video-preview:-1\" \/>\n<link rel=\"canonical\" href=\"https:\/\/tonalibus.org\/de\/tonalities\/reach-or-harmonic-heptatonalities\/reachmix\/reachmix-loops\/\" \/>\n<meta property=\"og:locale\" content=\"de_DE\" \/>\n<meta property=\"og:type\" content=\"article\" \/>\n<meta property=\"og:title\" content=\"ReachMix loops &#8211; TONALIBUS, Harmony and Tonalities\" \/>\n<meta property=\"og:description\" content=\"This page features sound sample loops of ReachMix, a Reach heptatonality. You may enjoy a tonality loop as sound mantra \u2013 for attunement.\" \/>\n<meta property=\"og:url\" content=\"https:\/\/tonalibus.org\/de\/tonalities\/reach-or-harmonic-heptatonalities\/reachmix\/reachmix-loops\/\" \/>\n<meta property=\"og:site_name\" content=\"TONALIBUS\" \/>\n<meta property=\"article:modified_time\" content=\"2026-02-08T18:31:07+00:00\" \/>\n<meta property=\"og:image\" content=\"https:\/\/tonalibus.org\/wp-content\/uploads\/2021\/01\/IMG_3892-cx.jpg\" \/>\n\t<meta property=\"og:image:width\" content=\"1990\" \/>\n\t<meta property=\"og:image:height\" content=\"972\" \/>\n\t<meta property=\"og:image:type\" content=\"image\/jpeg\" \/>\n<meta name=\"twitter:card\" content=\"summary_large_image\" \/>\n<meta name=\"twitter:label1\" content=\"Gesch\u00e4tzte Lesezeit\" \/>\n\t<meta name=\"twitter:data1\" content=\"1\u00a0Minute\" \/>\n<script type=\"application\/ld+json\" class=\"yoast-schema-graph\">{\"@context\":\"https:\\\/\\\/schema.org\",\"@graph\":[{\"@type\":\"WebPage\",\"@id\":\"https:\\\/\\\/tonalibus.org\\\/tonalities\\\/reach-or-harmonic-heptatonalities\\\/reachmix\\\/reachmix-loops\\\/\",\"url\":\"https:\\\/\\\/tonalibus.org\\\/tonalities\\\/reach-or-harmonic-heptatonalities\\\/reachmix\\\/reachmix-loops\\\/\",\"name\":\"ReachMix loops &#8211; TONALIBUS, Harmony and Tonalities\",\"isPartOf\":{\"@id\":\"https:\\\/\\\/tonalibus.org\\\/de\\\/#website\"},\"primaryImageOfPage\":{\"@id\":\"https:\\\/\\\/tonalibus.org\\\/tonalities\\\/reach-or-harmonic-heptatonalities\\\/reachmix\\\/reachmix-loops\\\/#primaryimage\"},\"image\":{\"@id\":\"https:\\\/\\\/tonalibus.org\\\/tonalities\\\/reach-or-harmonic-heptatonalities\\\/reachmix\\\/reachmix-loops\\\/#primaryimage\"},\"thumbnailUrl\":\"https:\\\/\\\/tonalibus.org\\\/wp-content\\\/uploads\\\/2021\\\/01\\\/IMG_3892-cx-1024x500.jpg\",\"datePublished\":\"2020-08-13T20:00:50+00:00\",\"dateModified\":\"2026-02-08T18:31:07+00:00\",\"description\":\"This page features sound sample loops of ReachMix, a Reach heptatonality. You may enjoy a tonality loop as sound mantra \u2013 for attunement.\",\"breadcrumb\":{\"@id\":\"https:\\\/\\\/tonalibus.org\\\/tonalities\\\/reach-or-harmonic-heptatonalities\\\/reachmix\\\/reachmix-loops\\\/#breadcrumb\"},\"inLanguage\":\"de-CH\",\"potentialAction\":[{\"@type\":\"ReadAction\",\"target\":[\"https:\\\/\\\/tonalibus.org\\\/tonalities\\\/reach-or-harmonic-heptatonalities\\\/reachmix\\\/reachmix-loops\\\/\"]}]},{\"@type\":\"ImageObject\",\"inLanguage\":\"de-CH\",\"@id\":\"https:\\\/\\\/tonalibus.org\\\/tonalities\\\/reach-or-harmonic-heptatonalities\\\/reachmix\\\/reachmix-loops\\\/#primaryimage\",\"url\":\"https:\\\/\\\/tonalibus.org\\\/wp-content\\\/uploads\\\/2021\\\/01\\\/IMG_3892-cx-1024x500.jpg\",\"contentUrl\":\"https:\\\/\\\/tonalibus.org\\\/wp-content\\\/uploads\\\/2021\\\/01\\\/IMG_3892-cx-1024x500.jpg\"},{\"@type\":\"BreadcrumbList\",\"@id\":\"https:\\\/\\\/tonalibus.org\\\/tonalities\\\/reach-or-harmonic-heptatonalities\\\/reachmix\\\/reachmix-loops\\\/#breadcrumb\",\"itemListElement\":[{\"@type\":\"ListItem\",\"position\":1,\"name\":\"Home\",\"item\":\"https:\\\/\\\/tonalibus.org\\\/\"},{\"@type\":\"ListItem\",\"position\":2,\"name\":\"Tonalities\",\"item\":\"https:\\\/\\\/tonalibus.org\\\/tonalities\\\/\"},{\"@type\":\"ListItem\",\"position\":3,\"name\":\"Reach (or Harmonic) Heptatonalities\",\"item\":\"https:\\\/\\\/tonalibus.org\\\/tonalities\\\/reach-or-harmonic-heptatonalities\\\/\"},{\"@type\":\"ListItem\",\"position\":4,\"name\":\"ReachMix\",\"item\":\"https:\\\/\\\/tonalibus.org\\\/tonalities\\\/reach-or-harmonic-heptatonalities\\\/reachmix\\\/\"},{\"@type\":\"ListItem\",\"position\":5,\"name\":\"ReachMix loops\"}]},{\"@type\":\"WebSite\",\"@id\":\"https:\\\/\\\/tonalibus.org\\\/de\\\/#website\",\"url\":\"https:\\\/\\\/tonalibus.org\\\/de\\\/\",\"name\":\"TONALIBUS\",\"description\":\"Anchored Harmony and Tonalities\",\"publisher\":{\"@id\":\"https:\\\/\\\/tonalibus.org\\\/de\\\/#\\\/schema\\\/person\\\/749261d7bc96d1f00127273f83ab96a4\"},\"potentialAction\":[{\"@type\":\"SearchAction\",\"target\":{\"@type\":\"EntryPoint\",\"urlTemplate\":\"https:\\\/\\\/tonalibus.org\\\/de\\\/?s={search_term_string}\"},\"query-input\":{\"@type\":\"PropertyValueSpecification\",\"valueRequired\":true,\"valueName\":\"search_term_string\"}}],\"inLanguage\":\"de-CH\"},{\"@type\":[\"Person\",\"Organization\"],\"@id\":\"https:\\\/\\\/tonalibus.org\\\/de\\\/#\\\/schema\\\/person\\\/749261d7bc96d1f00127273f83ab96a4\",\"name\":\"Ulrico\",\"image\":{\"@type\":\"ImageObject\",\"inLanguage\":\"de-CH\",\"@id\":\"https:\\\/\\\/tonalibus.org\\\/wp-content\\\/uploads\\\/2020\\\/06\\\/uli-pix.jpg\",\"url\":\"https:\\\/\\\/tonalibus.org\\\/wp-content\\\/uploads\\\/2020\\\/06\\\/uli-pix.jpg\",\"contentUrl\":\"https:\\\/\\\/tonalibus.org\\\/wp-content\\\/uploads\\\/2020\\\/06\\\/uli-pix.jpg\",\"width\":960,\"height\":720,\"caption\":\"Ulrico\"},\"logo\":{\"@id\":\"https:\\\/\\\/tonalibus.org\\\/wp-content\\\/uploads\\\/2020\\\/06\\\/uli-pix.jpg\"},\"sameAs\":[\"https:\\\/\\\/tonalibus.cyon.site\"]}]}<\/script>\n<!-- \/ Yoast SEO plugin. -->","yoast_head_json":{"title":"ReachMix-Schleifen - TONALIBUS, Harmonie und Klangfarben","description":"Auf dieser Seite finden Sie Klangbeispiel-Loops von ReachMix, einer Reach-Heptatonalit\u00e4t. Sie k\u00f6nnen eine Tonality-Schleife als Klang-Mantra genie\u00dfen - zur Einstimmung.","robots":{"index":"index","follow":"follow","max-snippet":"max-snippet:-1","max-image-preview":"max-image-preview:large","max-video-preview":"max-video-preview:-1"},"canonical":"https:\/\/tonalibus.org\/de\/tonalities\/reach-or-harmonic-heptatonalities\/reachmix\/reachmix-loops\/","og_locale":"de_DE","og_type":"article","og_title":"ReachMix loops &#8211; TONALIBUS, Harmony and Tonalities","og_description":"This page features sound sample loops of ReachMix, a Reach heptatonality. You may enjoy a tonality loop as sound mantra \u2013 for attunement.","og_url":"https:\/\/tonalibus.org\/de\/tonalities\/reach-or-harmonic-heptatonalities\/reachmix\/reachmix-loops\/","og_site_name":"TONALIBUS","article_modified_time":"2026-02-08T18:31:07+00:00","og_image":[{"width":1990,"height":972,"url":"https:\/\/tonalibus.org\/wp-content\/uploads\/2021\/01\/IMG_3892-cx.jpg","type":"image\/jpeg"}],"twitter_card":"summary_large_image","twitter_misc":{"Gesch\u00e4tzte Lesezeit":"1\u00a0Minute"},"schema":{"@context":"https:\/\/schema.org","@graph":[{"@type":"WebPage","@id":"https:\/\/tonalibus.org\/tonalities\/reach-or-harmonic-heptatonalities\/reachmix\/reachmix-loops\/","url":"https:\/\/tonalibus.org\/tonalities\/reach-or-harmonic-heptatonalities\/reachmix\/reachmix-loops\/","name":"ReachMix-Schleifen - TONALIBUS, Harmonie und Klangfarben","isPartOf":{"@id":"https:\/\/tonalibus.org\/de\/#website"},"primaryImageOfPage":{"@id":"https:\/\/tonalibus.org\/tonalities\/reach-or-harmonic-heptatonalities\/reachmix\/reachmix-loops\/#primaryimage"},"image":{"@id":"https:\/\/tonalibus.org\/tonalities\/reach-or-harmonic-heptatonalities\/reachmix\/reachmix-loops\/#primaryimage"},"thumbnailUrl":"https:\/\/tonalibus.org\/wp-content\/uploads\/2021\/01\/IMG_3892-cx-1024x500.jpg","datePublished":"2020-08-13T20:00:50+00:00","dateModified":"2026-02-08T18:31:07+00:00","description":"Auf dieser Seite finden Sie Klangbeispiel-Loops von ReachMix, einer Reach-Heptatonalit\u00e4t. Sie k\u00f6nnen eine Tonality-Schleife als Klang-Mantra genie\u00dfen - zur Einstimmung.","breadcrumb":{"@id":"https:\/\/tonalibus.org\/tonalities\/reach-or-harmonic-heptatonalities\/reachmix\/reachmix-loops\/#breadcrumb"},"inLanguage":"de-CH","potentialAction":[{"@type":"ReadAction","target":["https:\/\/tonalibus.org\/tonalities\/reach-or-harmonic-heptatonalities\/reachmix\/reachmix-loops\/"]}]},{"@type":"ImageObject","inLanguage":"de-CH","@id":"https:\/\/tonalibus.org\/tonalities\/reach-or-harmonic-heptatonalities\/reachmix\/reachmix-loops\/#primaryimage","url":"https:\/\/tonalibus.org\/wp-content\/uploads\/2021\/01\/IMG_3892-cx-1024x500.jpg","contentUrl":"https:\/\/tonalibus.org\/wp-content\/uploads\/2021\/01\/IMG_3892-cx-1024x500.jpg"},{"@type":"BreadcrumbList","@id":"https:\/\/tonalibus.org\/tonalities\/reach-or-harmonic-heptatonalities\/reachmix\/reachmix-loops\/#breadcrumb","itemListElement":[{"@type":"ListItem","position":1,"name":"Home","item":"https:\/\/tonalibus.org\/"},{"@type":"ListItem","position":2,"name":"Tonalities","item":"https:\/\/tonalibus.org\/tonalities\/"},{"@type":"ListItem","position":3,"name":"Reach (or Harmonic) Heptatonalities","item":"https:\/\/tonalibus.org\/tonalities\/reach-or-harmonic-heptatonalities\/"},{"@type":"ListItem","position":4,"name":"ReachMix","item":"https:\/\/tonalibus.org\/tonalities\/reach-or-harmonic-heptatonalities\/reachmix\/"},{"@type":"ListItem","position":5,"name":"ReachMix loops"}]},{"@type":"WebSite","@id":"https:\/\/tonalibus.org\/de\/#website","url":"https:\/\/tonalibus.org\/de\/","name":"TONALIBUS","description":"Verankerte Harmonie und Tonalit\u00e4ten","publisher":{"@id":"https:\/\/tonalibus.org\/de\/#\/schema\/person\/749261d7bc96d1f00127273f83ab96a4"},"potentialAction":[{"@type":"SearchAction","target":{"@type":"EntryPoint","urlTemplate":"https:\/\/tonalibus.org\/de\/?s={search_term_string}"},"query-input":{"@type":"PropertyValueSpecification","valueRequired":true,"valueName":"search_term_string"}}],"inLanguage":"de-CH"},{"@type":["Person","Organization"],"@id":"https:\/\/tonalibus.org\/de\/#\/schema\/person\/749261d7bc96d1f00127273f83ab96a4","name":"Ulrico","image":{"@type":"ImageObject","inLanguage":"de-CH","@id":"https:\/\/tonalibus.org\/wp-content\/uploads\/2020\/06\/uli-pix.jpg","url":"https:\/\/tonalibus.org\/wp-content\/uploads\/2020\/06\/uli-pix.jpg","contentUrl":"https:\/\/tonalibus.org\/wp-content\/uploads\/2020\/06\/uli-pix.jpg","width":960,"height":720,"caption":"Ulrico"},"logo":{"@id":"https:\/\/tonalibus.org\/wp-content\/uploads\/2020\/06\/uli-pix.jpg"},"sameAs":["https:\/\/tonalibus.cyon.site"]}]}},"_links":{"self":[{"href":"https:\/\/tonalibus.org\/de\/wp-json\/wp\/v2\/pages\/4387","targetHints":{"allow":["GET"]}}],"collection":[{"href":"https:\/\/tonalibus.org\/de\/wp-json\/wp\/v2\/pages"}],"about":[{"href":"https:\/\/tonalibus.org\/de\/wp-json\/wp\/v2\/types\/page"}],"author":[{"embeddable":true,"href":"https:\/\/tonalibus.org\/de\/wp-json\/wp\/v2\/users\/1"}],"replies":[{"embeddable":true,"href":"https:\/\/tonalibus.org\/de\/wp-json\/wp\/v2\/comments?post=4387"}],"version-history":[{"count":1,"href":"https:\/\/tonalibus.org\/de\/wp-json\/wp\/v2\/pages\/4387\/revisions"}],"predecessor-version":[{"id":38360,"href":"https:\/\/tonalibus.org\/de\/wp-json\/wp\/v2\/pages\/4387\/revisions\/38360"}],"up":[{"embeddable":true,"href":"https:\/\/tonalibus.org\/de\/wp-json\/wp\/v2\/pages\/570"}],"wp:attachment":[{"href":"https:\/\/tonalibus.org\/de\/wp-json\/wp\/v2\/media?parent=4387"}],"curies":[{"name":"wp","href":"https:\/\/api.w.org\/{rel}","templated":true}]}}