{"id":4408,"date":"2020-08-13T22:53:31","date_gmt":"2020-08-13T20:53:31","guid":{"rendered":"https:\/\/tonalibus.org\/?page_id=4408"},"modified":"2022-06-22T12:43:52","modified_gmt":"2022-06-22T10:43:52","slug":"phrygblue-loops","status":"publish","type":"page","link":"https:\/\/tonalibus.org\/de\/tonalities\/tritone-or-blues-tonalities\/phrygblue\/phrygblue-loops\/","title":{"rendered":"PhrygBlue Loops"},"content":{"rendered":"<h2 class=\"wp-block-heading\" id=\"sound-sample-loops-of-phrygblue-a-tritone-or-blues-tonality\"><mark style=\"background-color:rgba(0, 0, 0, 0);color:#f7b320\" class=\"has-inline-color\">Tonbeispiel-Loops von <\/mark><a href=\"https:\/\/tonalibus.org\/de\/tonalities\/tritone-or-blues-tonalities\/phrygblue\/\"><mark style=\"background-color:rgba(0, 0, 0, 0);color:#f7b320\" class=\"has-inline-color\">PhrygBlue<\/mark><\/a><mark style=\"background-color:rgba(0, 0, 0, 0);color:#f7b320\" class=\"has-inline-color\">, eine <\/mark><a href=\"https:\/\/tonalibus.org\/de\/tonalities\/tritone-or-blues-tonalities\/\"><mark style=\"background-color:rgba(0, 0, 0, 0);color:#f7b320\" class=\"has-inline-color\">Tritonus- oder Blues-Tonalit\u00e4t<\/mark><\/a><\/h2>\n\n\n\n<div style=\"height:15px\" aria-hidden=\"true\" class=\"wp-block-spacer\"><\/div>\n\n\n\n<figure class=\"wp-block-audio\"><audio controls src=\"https:\/\/tonalibus.org\/wp-content\/uploads\/2020\/06\/PhrygBlue2.wav\" loop><\/audio><figcaption><mark style=\"background-color:rgba(0, 0, 0, 0);color:#f7b320\" class=\"has-inline-color\">PhrygBlue \u2013 kurzes Tonbeispiel \u2013 1:01 Loop \u2013 spielt bis du es stoppst oder auf diesem Tab eine andere Seite aufrufst.<\/mark><\/figcaption><\/figure>\n\n\n\n<div style=\"height:36px\" aria-hidden=\"true\" class=\"wp-block-spacer\"><\/div>\n\n\n\n<p class=\"has-text-color\" style=\"color:#f7b320\"><mark style=\"background-color:rgba(0, 0, 0, 0);color:#f7b320\" class=\"has-inline-color\"><mark style=\"background-color:rgba(0, 0, 0, 0);color:#f7b320\" class=\"has-inline-color\">Du kannst einen Tonbeispiel- oder Tonalit\u00e4ten-Loop als Ton-Mantra verwenden, zur <\/mark><a href=\"https:\/\/de.wikipedia.org\/wiki\/Kontemplation\" target=\"_blank\" rel=\"noreferrer noopener\"><mark style=\"background-color:rgba(0, 0, 0, 0);color:#f7b320\" class=\"has-inline-color\">Kontemplation<\/mark><\/a><mark style=\"background-color:rgba(0, 0, 0, 0);color:#f7b320\" class=\"has-inline-color\"> oder <\/mark><a href=\"https:\/\/de.wikipedia.org\/wiki\/Meditation\" target=\"_blank\" rel=\"noreferrer noopener\"><mark style=\"background-color:rgba(0, 0, 0, 0);color:#f7b320\" class=\"has-inline-color\">Meditation<\/mark><\/a><mark style=\"background-color:rgba(0, 0, 0, 0);color:#f7b320\" class=\"has-inline-color\">. Dies kann zum Anheben, L\u00e4utern und Fokussieren behilflich sein. Oder du kannst es einfach als beruhigenden Hintergrundton zur Entspannung und Regeneration benutzen. Wenn du mitsummen, chanten oder singen m\u00f6chtest, k\u00f6nntest du dazu z.B. eine spirituell gepr\u00e4gte Silbe verwenden, wie <\/mark><em><a href=\"https:\/\/tonalibus.org\/de\/about-tonalibus\/ulrico\/hu-mantra-of-soul\/\"><mark style=\"background-color:rgba(0, 0, 0, 0);color:#f7b320\" class=\"has-inline-color\">HU<\/mark><\/a><\/em><mark style=\"background-color:rgba(0, 0, 0, 0);color:#f7b320\" class=\"has-inline-color\"> oder <\/mark><a href=\"https:\/\/de.wikipedia.org\/wiki\/Om\" target=\"_blank\" rel=\"noreferrer noopener\"><em><mark style=\"background-color:rgba(0, 0, 0, 0);color:#f7b320\" class=\"has-inline-color\">\u014c\u1e41 \/ Aum<\/mark><\/em><\/a><mark style=\"background-color:rgba(0, 0, 0, 0);color:#f7b320\" class=\"has-inline-color\"> \u0950,<\/mark> oder eine andere f\u00fcr dich stimmige Mantra-Silbe.<\/mark><\/p>","protected":false},"excerpt":{"rendered":"<p>Klangbeispiele von PhrygBlue, einem Tritonus oder einer Blues-Tonalit\u00e4t Sie k\u00f6nnen ein Klangbeispiel oder eine Tonalit\u00e4tsschleife als Klangmantra f\u00fcr Kontemplation oder Meditation nutzen. Dies kann bei der Erhebung, Reinigung und Fokussierung helfen. Oder Sie k\u00f6nnen es einfach als beruhigende Hintergrundmusik zur Entspannung und Regeneration verwenden. Wenn Sie summen, singen oder ... <\/p>\n<p class=\"link-more\"><a href=\"https:\/\/tonalibus.org\/de\/tonalities\/tritone-or-blues-tonalities\/phrygblue\/phrygblue-loops\/\" class=\"more-link\"><span class=\"screen-reader-text\">\"PhrygBlue Loops\"<\/span> weiterlesen<\/a><\/p>","protected":false},"author":1,"featured_media":0,"parent":614,"menu_order":0,"comment_status":"closed","ping_status":"closed","template":"","meta":{"footnotes":""},"class_list":["post-4408","page","type-page","status-publish","hentry"],"yoast_head":"<!-- This site is optimized with the Yoast SEO plugin v27.5 - https:\/\/yoast.com\/product\/yoast-seo-wordpress\/ -->\n<title>PhrygBlue loops &#8211; TONALIBUS, Anchored Harmony and Tonalities<\/title>\n<meta name=\"description\" content=\"This page features PhrygBlue sound sample loops. You may enjoy a tonality loop as sound mantra for contemplation or meditation.\" \/>\n<meta name=\"robots\" content=\"index, follow, max-snippet:-1, max-image-preview:large, max-video-preview:-1\" \/>\n<link rel=\"canonical\" href=\"https:\/\/tonalibus.org\/de\/tonalities\/tritone-or-blues-tonalities\/phrygblue\/phrygblue-loops\/\" \/>\n<meta property=\"og:locale\" content=\"de_DE\" \/>\n<meta property=\"og:type\" content=\"article\" \/>\n<meta property=\"og:title\" content=\"PhrygBlue loops &#8211; TONALIBUS, Anchored Harmony and Tonalities\" \/>\n<meta property=\"og:description\" content=\"This page features PhrygBlue sound sample loops. You may enjoy a tonality loop as sound mantra for contemplation or meditation.\" \/>\n<meta property=\"og:url\" content=\"https:\/\/tonalibus.org\/de\/tonalities\/tritone-or-blues-tonalities\/phrygblue\/phrygblue-loops\/\" \/>\n<meta property=\"og:site_name\" content=\"TONALIBUS\" \/>\n<meta property=\"article:modified_time\" content=\"2022-06-22T10:43:52+00:00\" \/>\n<meta name=\"twitter:card\" content=\"summary_large_image\" \/>\n<meta name=\"twitter:label1\" content=\"Gesch\u00e4tzte Lesezeit\" \/>\n\t<meta name=\"twitter:data1\" content=\"1\u00a0Minute\" \/>\n<script type=\"application\/ld+json\" class=\"yoast-schema-graph\">{\"@context\":\"https:\\\/\\\/schema.org\",\"@graph\":[{\"@type\":\"WebPage\",\"@id\":\"https:\\\/\\\/tonalibus.org\\\/tonalities\\\/tritone-or-blues-tonalities\\\/phrygblue\\\/phrygblue-loops\\\/\",\"url\":\"https:\\\/\\\/tonalibus.org\\\/tonalities\\\/tritone-or-blues-tonalities\\\/phrygblue\\\/phrygblue-loops\\\/\",\"name\":\"PhrygBlue loops &#8211; TONALIBUS, Anchored Harmony and Tonalities\",\"isPartOf\":{\"@id\":\"https:\\\/\\\/tonalibus.org\\\/de\\\/#website\"},\"datePublished\":\"2020-08-13T20:53:31+00:00\",\"dateModified\":\"2022-06-22T10:43:52+00:00\",\"description\":\"This page features PhrygBlue sound sample loops. You may enjoy a tonality loop as sound mantra for contemplation or meditation.\",\"breadcrumb\":{\"@id\":\"https:\\\/\\\/tonalibus.org\\\/tonalities\\\/tritone-or-blues-tonalities\\\/phrygblue\\\/phrygblue-loops\\\/#breadcrumb\"},\"inLanguage\":\"de-CH\",\"potentialAction\":[{\"@type\":\"ReadAction\",\"target\":[\"https:\\\/\\\/tonalibus.org\\\/tonalities\\\/tritone-or-blues-tonalities\\\/phrygblue\\\/phrygblue-loops\\\/\"]}]},{\"@type\":\"BreadcrumbList\",\"@id\":\"https:\\\/\\\/tonalibus.org\\\/tonalities\\\/tritone-or-blues-tonalities\\\/phrygblue\\\/phrygblue-loops\\\/#breadcrumb\",\"itemListElement\":[{\"@type\":\"ListItem\",\"position\":1,\"name\":\"Home\",\"item\":\"https:\\\/\\\/tonalibus.org\\\/\"},{\"@type\":\"ListItem\",\"position\":2,\"name\":\"Tonalities\",\"item\":\"https:\\\/\\\/tonalibus.org\\\/tonalities\\\/\"},{\"@type\":\"ListItem\",\"position\":3,\"name\":\"Tritone or Blues Tonalities\",\"item\":\"https:\\\/\\\/tonalibus.org\\\/tonalities\\\/tritone-or-blues-tonalities\\\/\"},{\"@type\":\"ListItem\",\"position\":4,\"name\":\"PhrygBlue\",\"item\":\"https:\\\/\\\/tonalibus.org\\\/tonalities\\\/tritone-or-blues-tonalities\\\/phrygblue\\\/\"},{\"@type\":\"ListItem\",\"position\":5,\"name\":\"PhrygBlue loops\"}]},{\"@type\":\"WebSite\",\"@id\":\"https:\\\/\\\/tonalibus.org\\\/de\\\/#website\",\"url\":\"https:\\\/\\\/tonalibus.org\\\/de\\\/\",\"name\":\"TONALIBUS\",\"description\":\"Anchored Harmony and Tonalities\",\"publisher\":{\"@id\":\"https:\\\/\\\/tonalibus.org\\\/de\\\/#\\\/schema\\\/person\\\/749261d7bc96d1f00127273f83ab96a4\"},\"potentialAction\":[{\"@type\":\"SearchAction\",\"target\":{\"@type\":\"EntryPoint\",\"urlTemplate\":\"https:\\\/\\\/tonalibus.org\\\/de\\\/?s={search_term_string}\"},\"query-input\":{\"@type\":\"PropertyValueSpecification\",\"valueRequired\":true,\"valueName\":\"search_term_string\"}}],\"inLanguage\":\"de-CH\"},{\"@type\":[\"Person\",\"Organization\"],\"@id\":\"https:\\\/\\\/tonalibus.org\\\/de\\\/#\\\/schema\\\/person\\\/749261d7bc96d1f00127273f83ab96a4\",\"name\":\"Ulrico\",\"image\":{\"@type\":\"ImageObject\",\"inLanguage\":\"de-CH\",\"@id\":\"https:\\\/\\\/tonalibus.org\\\/wp-content\\\/uploads\\\/2020\\\/06\\\/uli-pix.jpg\",\"url\":\"https:\\\/\\\/tonalibus.org\\\/wp-content\\\/uploads\\\/2020\\\/06\\\/uli-pix.jpg\",\"contentUrl\":\"https:\\\/\\\/tonalibus.org\\\/wp-content\\\/uploads\\\/2020\\\/06\\\/uli-pix.jpg\",\"width\":960,\"height\":720,\"caption\":\"Ulrico\"},\"logo\":{\"@id\":\"https:\\\/\\\/tonalibus.org\\\/wp-content\\\/uploads\\\/2020\\\/06\\\/uli-pix.jpg\"},\"sameAs\":[\"https:\\\/\\\/tonalibus.cyon.site\"]}]}<\/script>\n<!-- \/ Yoast SEO plugin. -->","yoast_head_json":{"title":"PhrygBlue loops - TONALIBUS, Verankerte Harmonie und Tonalit\u00e4ten","description":"Auf dieser Seite finden Sie PhrygBlue-Klangbeispiel-Loops. Sie k\u00f6nnen eine Tonality-Loop als Klang-Mantra f\u00fcr Kontemplation oder Meditation genie\u00dfen.","robots":{"index":"index","follow":"follow","max-snippet":"max-snippet:-1","max-image-preview":"max-image-preview:large","max-video-preview":"max-video-preview:-1"},"canonical":"https:\/\/tonalibus.org\/de\/tonalities\/tritone-or-blues-tonalities\/phrygblue\/phrygblue-loops\/","og_locale":"de_DE","og_type":"article","og_title":"PhrygBlue loops &#8211; TONALIBUS, Anchored Harmony and Tonalities","og_description":"This page features PhrygBlue sound sample loops. You may enjoy a tonality loop as sound mantra for contemplation or meditation.","og_url":"https:\/\/tonalibus.org\/de\/tonalities\/tritone-or-blues-tonalities\/phrygblue\/phrygblue-loops\/","og_site_name":"TONALIBUS","article_modified_time":"2022-06-22T10:43:52+00:00","twitter_card":"summary_large_image","twitter_misc":{"Gesch\u00e4tzte Lesezeit":"1\u00a0Minute"},"schema":{"@context":"https:\/\/schema.org","@graph":[{"@type":"WebPage","@id":"https:\/\/tonalibus.org\/tonalities\/tritone-or-blues-tonalities\/phrygblue\/phrygblue-loops\/","url":"https:\/\/tonalibus.org\/tonalities\/tritone-or-blues-tonalities\/phrygblue\/phrygblue-loops\/","name":"PhrygBlue loops - TONALIBUS, Verankerte Harmonie und Tonalit\u00e4ten","isPartOf":{"@id":"https:\/\/tonalibus.org\/de\/#website"},"datePublished":"2020-08-13T20:53:31+00:00","dateModified":"2022-06-22T10:43:52+00:00","description":"Auf dieser Seite finden Sie PhrygBlue-Klangbeispiel-Loops. Sie k\u00f6nnen eine Tonality-Loop als Klang-Mantra f\u00fcr Kontemplation oder Meditation genie\u00dfen.","breadcrumb":{"@id":"https:\/\/tonalibus.org\/tonalities\/tritone-or-blues-tonalities\/phrygblue\/phrygblue-loops\/#breadcrumb"},"inLanguage":"de-CH","potentialAction":[{"@type":"ReadAction","target":["https:\/\/tonalibus.org\/tonalities\/tritone-or-blues-tonalities\/phrygblue\/phrygblue-loops\/"]}]},{"@type":"BreadcrumbList","@id":"https:\/\/tonalibus.org\/tonalities\/tritone-or-blues-tonalities\/phrygblue\/phrygblue-loops\/#breadcrumb","itemListElement":[{"@type":"ListItem","position":1,"name":"Home","item":"https:\/\/tonalibus.org\/"},{"@type":"ListItem","position":2,"name":"Tonalities","item":"https:\/\/tonalibus.org\/tonalities\/"},{"@type":"ListItem","position":3,"name":"Tritone or Blues Tonalities","item":"https:\/\/tonalibus.org\/tonalities\/tritone-or-blues-tonalities\/"},{"@type":"ListItem","position":4,"name":"PhrygBlue","item":"https:\/\/tonalibus.org\/tonalities\/tritone-or-blues-tonalities\/phrygblue\/"},{"@type":"ListItem","position":5,"name":"PhrygBlue loops"}]},{"@type":"WebSite","@id":"https:\/\/tonalibus.org\/de\/#website","url":"https:\/\/tonalibus.org\/de\/","name":"TONALIBUS","description":"Verankerte Harmonie und Tonalit\u00e4ten","publisher":{"@id":"https:\/\/tonalibus.org\/de\/#\/schema\/person\/749261d7bc96d1f00127273f83ab96a4"},"potentialAction":[{"@type":"SearchAction","target":{"@type":"EntryPoint","urlTemplate":"https:\/\/tonalibus.org\/de\/?s={search_term_string}"},"query-input":{"@type":"PropertyValueSpecification","valueRequired":true,"valueName":"search_term_string"}}],"inLanguage":"de-CH"},{"@type":["Person","Organization"],"@id":"https:\/\/tonalibus.org\/de\/#\/schema\/person\/749261d7bc96d1f00127273f83ab96a4","name":"Ulrico","image":{"@type":"ImageObject","inLanguage":"de-CH","@id":"https:\/\/tonalibus.org\/wp-content\/uploads\/2020\/06\/uli-pix.jpg","url":"https:\/\/tonalibus.org\/wp-content\/uploads\/2020\/06\/uli-pix.jpg","contentUrl":"https:\/\/tonalibus.org\/wp-content\/uploads\/2020\/06\/uli-pix.jpg","width":960,"height":720,"caption":"Ulrico"},"logo":{"@id":"https:\/\/tonalibus.org\/wp-content\/uploads\/2020\/06\/uli-pix.jpg"},"sameAs":["https:\/\/tonalibus.cyon.site"]}]}},"_links":{"self":[{"href":"https:\/\/tonalibus.org\/de\/wp-json\/wp\/v2\/pages\/4408","targetHints":{"allow":["GET"]}}],"collection":[{"href":"https:\/\/tonalibus.org\/de\/wp-json\/wp\/v2\/pages"}],"about":[{"href":"https:\/\/tonalibus.org\/de\/wp-json\/wp\/v2\/types\/page"}],"author":[{"embeddable":true,"href":"https:\/\/tonalibus.org\/de\/wp-json\/wp\/v2\/users\/1"}],"replies":[{"embeddable":true,"href":"https:\/\/tonalibus.org\/de\/wp-json\/wp\/v2\/comments?post=4408"}],"version-history":[{"count":0,"href":"https:\/\/tonalibus.org\/de\/wp-json\/wp\/v2\/pages\/4408\/revisions"}],"up":[{"embeddable":true,"href":"https:\/\/tonalibus.org\/de\/wp-json\/wp\/v2\/pages\/614"}],"wp:attachment":[{"href":"https:\/\/tonalibus.org\/de\/wp-json\/wp\/v2\/media?parent=4408"}],"curies":[{"name":"wp","href":"https:\/\/api.w.org\/{rel}","templated":true}]}}