{"id":458,"date":"2020-06-17T11:57:37","date_gmt":"2020-06-17T09:57:37","guid":{"rendered":"https:\/\/tonalibus.org\/?page_id=458"},"modified":"2025-03-24T09:17:33","modified_gmt":"2025-03-24T08:17:33","slug":"concepts","status":"publish","type":"page","link":"https:\/\/tonalibus.org\/de\/inner-circle\/repository\/concepts\/","title":{"rendered":"Konzepte"},"content":{"rendered":"<div class=\"wp-block-buttons is-horizontal is-content-justification-center is-layout-flex wp-container-core-buttons-is-layout-499968f5 wp-block-buttons-is-layout-flex\">\n<div class=\"wp-block-button is-style-outline is-style-outline--1\"><a class=\"wp-block-button__link wp-element-button\" href=\"https:\/\/tonalibus.org\/de\/concepts\/glossary\/\">Glossar<\/a><\/div>\n\n\n\n<div class=\"wp-block-button is-style-outline is-style-outline--2\"><a class=\"wp-block-button__link wp-element-button\" href=\"#presos\">Konzept-Pr\u00e4sentationen<\/a><\/div>\n\n\n\n<div class=\"wp-block-button is-style-outline is-style-outline--3\"><a class=\"wp-block-button__link wp-element-button\" href=\"https:\/\/tonalibus.org\/de\/concepts\/concepts-highlights\/\">Highlights Konzepte<\/a><\/div>\n\n\n\n<div class=\"wp-block-button is-style-outline is-style-outline--4\"><a class=\"wp-block-button__link wp-element-button\" href=\"https:\/\/tonalibus.org\/de\/tonalities\/chromaticism-and-modulation\/\">Chromatik &amp; Modulation<\/a><\/div>\n<\/div>\n\n\n\n<div style=\"height:56px\" aria-hidden=\"true\" class=\"wp-block-spacer\"><\/div>\n\n\n\n<p class=\"has-text-color\" id=\"presos\" style=\"color:#f7b320\">Das Motto von Tonalibus hebt dessen Kern hervor: <em>Verankerte Harmonie und Tonalit\u00e4ten<\/em>. Der theoretische Teil davon besteht aus den unten aufgef\u00fchrten, meist bildlich oder grafisch erfassten Harmonie-Konzepten. Die praktische Seite, einschliesslich mehrerer Audioclips f\u00fcr jede Tonalit\u00e4t, findest du im Katalog verankerter <a href=\"https:\/\/tonalibus.org\/de\/tonalities\/\"><mark style=\"background-color:rgba(0, 0, 0, 0);color:#f7b320\" class=\"has-inline-color\">Tonalit\u00e4ten<\/mark><\/a>. Tonalibus pr\u00e4sentiert seine Konzepte in der f\u00fcnfteiligen <a href=\"https:\/\/tonalibus.org\/de\/concepts\/five-course-series\/\"><mark style=\"background-color:rgba(0, 0, 0, 0);color:#f7b320\" class=\"has-inline-color\">Kurs-Serie<\/mark><\/a> <em>Grundlagen der Harmonie und Tonalit\u00e4ten<\/em>. Zudem gibt es die sehr komprimierte, <a href=\"https:\/\/tonalibus.org\/de\/concepts\/concepts-brief\/\"><mark style=\"background-color:rgba(0, 0, 0, 0);color:#f7b320\" class=\"has-inline-color\">kurze Einf\u00fchrung Konzepte<\/mark><\/a>, die einleitende <a href=\"https:\/\/tonalibus.org\/de\/concepts\/concepts-preview\/\"><mark style=\"background-color:rgba(0, 0, 0, 0);color:#f7b320\" class=\"has-inline-color\">Vorschau Konzepte<\/mark><\/a>, eine <a href=\"https:\/\/tonalibus.org\/de\/concepts\/concepts-review\/\"><mark style=\"background-color:rgba(0, 0, 0, 0);color:#f7b320\" class=\"has-inline-color\">R\u00fcckblick Konzepte<\/mark><\/a>, und eine Auswahl der <a href=\"https:\/\/tonalibus.org\/de\/concepts\/concepts-highlights\/\"><mark style=\"background-color:rgba(0, 0, 0, 0);color:#f7b320\" class=\"has-inline-color\">Highlights Konzepte<\/mark><\/a>. Diese Konzept-Pr\u00e4sentationen bestehen haupts\u00e4chlich aus Bildern, Grafiken und Tabellen \u2013 mit sehr wenig Text.<\/p>\n\n\n\n<div class=\"wp-block-buttons is-horizontal is-content-justification-center is-layout-flex wp-container-core-buttons-is-layout-499968f5 wp-block-buttons-is-layout-flex\">\n<div class=\"wp-block-button is-style-outline is-style-outline--5\"><a class=\"wp-block-button__link wp-element-button\" href=\"https:\/\/tonalibus.org\/de\/fundamentals\/five-course-series\/\">F\u00fcnfteilige Kurs-Serie<br><em>Grundlagen der Harmonie und Tonalit\u00e4ten<\/em><\/a><\/div>\n<\/div>\n\n\n\n<div class=\"wp-block-buttons is-horizontal is-content-justification-center is-layout-flex wp-container-core-buttons-is-layout-499968f5 wp-block-buttons-is-layout-flex\">\n<div class=\"wp-block-button is-style-outline is-style-outline--6\"><a class=\"wp-block-button__link wp-element-button\" href=\"https:\/\/tonalibus.org\/de\/concepts\/concepts-brief\/\">Kurze Einf\u00fchrung Konzepte<\/a><\/div>\n\n\n\n<div class=\"wp-block-button is-style-outline is-style-outline--7\"><a class=\"wp-block-button__link wp-element-button\" href=\"https:\/\/tonalibus.org\/de\/concepts\/concepts-preview\/\">Vorschau Konzepte<\/a><\/div>\n\n\n\n<div class=\"wp-block-button is-style-outline is-style-outline--8\"><a class=\"wp-block-button__link wp-element-button\" href=\"https:\/\/tonalibus.org\/de\/concepts\/concepts-review\/\">R\u00fcckblick Konzepte<\/a><\/div>\n<\/div>\n\n\n\n<h2 class=\"wp-block-heading has-text-color\" id=\"overview-of-tonalibus-concepts-presentations\" style=\"color:#f7b320\">\u00dcberblick \u00fcber die Pr\u00e4sentationen der Tonalibus-Konzepte<\/h2>\n\n\n\n<p><a href=\"https:\/\/tonalibus.org\/de\/concepts\/concepts-brief\/\"><span style=\"color:#f7b320\" class=\"has-inline-color\">Die kurze Einf\u00fchrung Konzepte<\/span><\/a><span style=\"color:#f7b320\" class=\"has-inline-color\"> bietet eine komprimierte, erste Kostprobe von Tonalibus, dem Katalog verankerter Tonalit\u00e4ten und der f\u00fcnfteiligen Kurs-Serie. Sie zeigt ein Beispiel aus dem Katalog der Tonalit\u00e4ten und streift ein grundlegendes Tonalibus-Konzept \u2013 den harmonischen oder tonalen Anker. <\/span><\/p>\n\n\n\n<p class=\"has-text-color\" style=\"color:#f7b320\"><a href=\"https:\/\/tonalibus.org\/de\/concepts\/concepts-preview\/\"><mark style=\"background-color:rgba(0, 0, 0, 0);color:#f7b320\" class=\"has-inline-color\">Die Vorschau Konzepte<\/mark><\/a><mark style=\"background-color:rgba(0, 0, 0, 0);color:#f7b320\" class=\"has-inline-color\"> pr\u00e4sentiert einen einleitenden \u00dcberblick \u00fcber den Tonalibus-Katalog verankerter Tonalit\u00e4ten und die f\u00fcnfteilige Kurs-Serie. Sie stellt drei Tonalit\u00e4ten aus dem Katalog vor und streift einige grundlegende Konzepte im Zusammenhang mit dem harmonischen oder tonalen Anker.<\/mark><\/p>\n\n\n\n<p><a href=\"https:\/\/tonalibus.org\/de\/concepts\/five-course-series\/\"><span style=\"color:#f7b320\" class=\"has-inline-color\">Die f\u00fcnfteilige Kurs-Serie<\/span><\/a><span style=\"color:#f7b320\" class=\"has-inline-color\"> <em>Grundlagen der Harmonie und Tonalit\u00e4ten<\/em> legt die Konzepte und Erkenntnisse von Tonalibus im Detail dar \u2013 meist in Form von Bildern, Grafiken oder Tabellen, und bisher ohne viel Text. Zusammen mit dem Katalog der verankerten <\/span><a href=\"https:\/\/tonalibus.org\/de\/tonalities\/\"><span style=\"color:#f7b320\" class=\"has-inline-color\">Tonalit\u00e4ten<\/span><\/a><span style=\"color:#f7b320\" class=\"has-inline-color\">, ist die f\u00fcnfteilige Kurs-Serie das Herzst\u00fcck von Tonalibus. <\/span><\/p>\n\n\n\n<p><a href=\"https:\/\/tonalibus.org\/de\/concepts\/concepts-review\/\"><span style=\"color:#f7b320\" class=\"has-inline-color\">Der R\u00fcckblick Konzepte<\/span><\/a><span style=\"color:#f7b320\" class=\"has-inline-color\"> pr\u00e4sentiert eine komprimierte \u00dcbersicht und Zusammenfassung wichtiger Tonalibus-Konzepte in der Reihenfolge der f\u00fcnfteiligen Kurs-Serie. Sie ber\u00fchrt eine Vielzahl von Tonalibus-Grundkonzepten. Zudem enth\u00e4lt sie drei Beispiele aus dem Katalog verankerter Tonalit\u00e4ten. <\/span><\/p>\n\n\n\n<p><mark style=\"background-color:rgba(0, 0, 0, 0);color:#f7b320\" class=\"has-inline-color\">Um dein Interesse zu wecken oder um sich an mehr zu erinnern, gibt es eine Auswahl der Tonalibus <\/mark><a href=\"https:\/\/tonalibus.org\/de\/concepts\/concepts-highlights\/\"><mark style=\"background-color:rgba(0, 0, 0, 0);color:#f7b320\" class=\"has-inline-color\">Highlights Konzepte<\/mark><\/a><mark style=\"background-color:rgba(0, 0, 0, 0);color:#f7b320\" class=\"has-inline-color\">. Diese bestehen aus kurzen Video-Loops, visuellen Darstellungen grundlegender, zyklischer Konzepte von Tonalibus. Schliesslich beruht doch ein Grossteil von Verst\u00e4ndnis und Einsicht des Menschen auf <\/mark><a aria-label=\"undefiniert (\u00f6ffnet in einer neuen Registerkarte)\" href=\"https:\/\/de.wikipedia.org\/wiki\/Mustererkennung\" target=\"_blank\" rel=\"noreferrer noopener\"><mark style=\"background-color:rgba(0, 0, 0, 0);color:#f7b320\" class=\"has-inline-color\">Muster-Erkennung<\/mark><\/a><mark style=\"background-color:rgba(0, 0, 0, 0);color:#f7b320\" class=\"has-inline-color\">. <\/mark><\/p>\n\n\n\n<p class=\"has-text-color\" style=\"color:#f7b320\">Zudem gibt es ein Modul \u00fcber <a href=\"https:\/\/tonalibus.org\/de\/tonalities\/chromaticism-and-modulation\/\"><mark style=\"background-color:rgba(0, 0, 0, 0);color:#f7b320\" class=\"has-inline-color\">Chromatik und Modulation<\/mark><\/a> mit einem Modulations-Rahmen und zyklischen Modulations-Beispielen.<\/p>\n\n\n\n<div style=\"height:59px\" aria-hidden=\"true\" class=\"wp-block-spacer\"><\/div>\n\n\n<div class=\"wp-block-image\">\n<figure class=\"aligncenter size-large is-resized\"><img loading=\"lazy\" decoding=\"async\" src=\"https:\/\/tonalibus.org\/wp-content\/uploads\/2020\/06\/Tonalibus-1d-2-anchors-2020-05-16.jpg\" alt=\"1d-2-16\" class=\"wp-image-816\" width=\"404\" height=\"302\" srcset=\"https:\/\/tonalibus.org\/wp-content\/uploads\/2020\/06\/Tonalibus-1d-2-anchors-2020-05-16.jpg 960w, https:\/\/tonalibus.org\/wp-content\/uploads\/2020\/06\/Tonalibus-1d-2-anchors-2020-05-16-300x225.jpg 300w, https:\/\/tonalibus.org\/wp-content\/uploads\/2020\/06\/Tonalibus-1d-2-anchors-2020-05-16-768x576.jpg 768w\" sizes=\"auto, (max-width: 404px) 100vw, 404px\" \/><figcaption class=\"wp-element-caption\">Harmonischer oder tonaler Anker auf der Drehpunkt-Doppelspirale<\/figcaption><\/figure>\n<\/div>","protected":false},"excerpt":{"rendered":"<p>Der Slogan von Tonalibus unterstreicht seinen Kern: Verankerte Harmonie und Tonalit\u00e4ten. Der theoretische Teil ist in der gr\u00f6\u00dftenteils visuellen Zusammenstellung von Harmoniekonzepten enthalten, die weiter unten vorgestellt werden. Die praktische Seite, einschlie\u00dflich mehrerer Audio-Clips f\u00fcr jede Tonalit\u00e4t, finden Sie im Katalog der verankerten Tonalit\u00e4ten. Tonalibus pr\u00e4sentiert seine Konzepte in der f\u00fcnfteiligen Kursreihe Harmonielehre ... <\/p>\n<p class=\"link-more\"><a href=\"https:\/\/tonalibus.org\/de\/inner-circle\/repository\/concepts\/\" class=\"more-link\"><span class=\"screen-reader-text\">\"Konzepte\"<\/span> weiterlesen<\/a><\/p>","protected":false},"author":1,"featured_media":0,"parent":2136,"menu_order":0,"comment_status":"closed","ping_status":"closed","template":"","meta":{"footnotes":""},"class_list":["post-458","page","type-page","status-publish","hentry"],"yoast_head":"<!-- This site is optimized with the Yoast SEO plugin v27.4 - https:\/\/yoast.com\/product\/yoast-seo-wordpress\/ -->\n<title>Concepts &#8211; TONALIBUS, Anchored Harmony and Tonalities<\/title>\n<meta name=\"description\" content=\"Tonalibus concepts are presented in the five-course series Harmonic and Tonality Fundamentals, plus in a brief, a preview, a review, and some highlights.\" \/>\n<meta name=\"robots\" content=\"index, follow, max-snippet:-1, max-image-preview:large, max-video-preview:-1\" \/>\n<link rel=\"canonical\" href=\"https:\/\/tonalibus.org\/de\/inner-circle\/repository\/concepts\/\" \/>\n<meta property=\"og:locale\" content=\"de_DE\" \/>\n<meta property=\"og:type\" content=\"article\" \/>\n<meta property=\"og:title\" content=\"Concepts &#8211; TONALIBUS, Anchored Harmony and Tonalities\" \/>\n<meta property=\"og:description\" content=\"Tonalibus concepts are presented in the five-course series Harmonic and Tonality Fundamentals, plus in a brief, a preview, a review, and some highlights.\" \/>\n<meta property=\"og:url\" content=\"https:\/\/tonalibus.org\/de\/inner-circle\/repository\/concepts\/\" \/>\n<meta property=\"og:site_name\" content=\"TONALIBUS\" \/>\n<meta property=\"article:modified_time\" content=\"2025-03-24T08:17:33+00:00\" \/>\n<meta property=\"og:image\" content=\"https:\/\/tonalibus.org\/wp-content\/uploads\/2020\/06\/Tonalibus-1d-2-anchors-2020-05-16.jpg\" \/>\n<meta name=\"twitter:card\" content=\"summary_large_image\" \/>\n<meta name=\"twitter:label1\" content=\"Gesch\u00e4tzte Lesezeit\" \/>\n\t<meta name=\"twitter:data1\" content=\"2\u00a0Minuten\" \/>\n<script type=\"application\/ld+json\" class=\"yoast-schema-graph\">{\"@context\":\"https:\\\/\\\/schema.org\",\"@graph\":[{\"@type\":\"WebPage\",\"@id\":\"https:\\\/\\\/tonalibus.org\\\/de\\\/inner-circle\\\/repository\\\/concepts\\\/\",\"url\":\"https:\\\/\\\/tonalibus.org\\\/de\\\/inner-circle\\\/repository\\\/concepts\\\/\",\"name\":\"Concepts &#8211; TONALIBUS, Anchored Harmony and Tonalities\",\"isPartOf\":{\"@id\":\"https:\\\/\\\/tonalibus.org\\\/de\\\/#website\"},\"primaryImageOfPage\":{\"@id\":\"https:\\\/\\\/tonalibus.org\\\/de\\\/inner-circle\\\/repository\\\/concepts\\\/#primaryimage\"},\"image\":{\"@id\":\"https:\\\/\\\/tonalibus.org\\\/de\\\/inner-circle\\\/repository\\\/concepts\\\/#primaryimage\"},\"thumbnailUrl\":\"https:\\\/\\\/tonalibus.org\\\/wp-content\\\/uploads\\\/2020\\\/06\\\/Tonalibus-1d-2-anchors-2020-05-16.jpg\",\"datePublished\":\"2020-06-17T09:57:37+00:00\",\"dateModified\":\"2025-03-24T08:17:33+00:00\",\"description\":\"Tonalibus concepts are presented in the five-course series Harmonic and Tonality Fundamentals, plus in a brief, a preview, a review, and some highlights.\",\"breadcrumb\":{\"@id\":\"https:\\\/\\\/tonalibus.org\\\/de\\\/inner-circle\\\/repository\\\/concepts\\\/#breadcrumb\"},\"inLanguage\":\"de-CH\",\"potentialAction\":[{\"@type\":\"ReadAction\",\"target\":[\"https:\\\/\\\/tonalibus.org\\\/de\\\/inner-circle\\\/repository\\\/concepts\\\/\"]}]},{\"@type\":\"ImageObject\",\"inLanguage\":\"de-CH\",\"@id\":\"https:\\\/\\\/tonalibus.org\\\/de\\\/inner-circle\\\/repository\\\/concepts\\\/#primaryimage\",\"url\":\"https:\\\/\\\/tonalibus.org\\\/wp-content\\\/uploads\\\/2020\\\/06\\\/Tonalibus-1d-2-anchors-2020-05-16.jpg\",\"contentUrl\":\"https:\\\/\\\/tonalibus.org\\\/wp-content\\\/uploads\\\/2020\\\/06\\\/Tonalibus-1d-2-anchors-2020-05-16.jpg\"},{\"@type\":\"BreadcrumbList\",\"@id\":\"https:\\\/\\\/tonalibus.org\\\/de\\\/inner-circle\\\/repository\\\/concepts\\\/#breadcrumb\",\"itemListElement\":[{\"@type\":\"ListItem\",\"position\":1,\"name\":\"Home\",\"item\":\"https:\\\/\\\/tonalibus.org\\\/\"},{\"@type\":\"ListItem\",\"position\":2,\"name\":\"Protected: Inner Circle\",\"item\":\"https:\\\/\\\/tonalibus.org\\\/en\\\/inner-circle\\\/\"},{\"@type\":\"ListItem\",\"position\":3,\"name\":\"Gesch\u00fctzt: Repository\",\"item\":\"https:\\\/\\\/tonalibus.org\\\/de\\\/inner-circle\\\/repository\\\/\"},{\"@type\":\"ListItem\",\"position\":4,\"name\":\"Concepts\"}]},{\"@type\":\"WebSite\",\"@id\":\"https:\\\/\\\/tonalibus.org\\\/de\\\/#website\",\"url\":\"https:\\\/\\\/tonalibus.org\\\/de\\\/\",\"name\":\"TONALIBUS\",\"description\":\"Anchored Harmony and Tonalities\",\"publisher\":{\"@id\":\"https:\\\/\\\/tonalibus.org\\\/de\\\/#\\\/schema\\\/person\\\/749261d7bc96d1f00127273f83ab96a4\"},\"potentialAction\":[{\"@type\":\"SearchAction\",\"target\":{\"@type\":\"EntryPoint\",\"urlTemplate\":\"https:\\\/\\\/tonalibus.org\\\/de\\\/?s={search_term_string}\"},\"query-input\":{\"@type\":\"PropertyValueSpecification\",\"valueRequired\":true,\"valueName\":\"search_term_string\"}}],\"inLanguage\":\"de-CH\"},{\"@type\":[\"Person\",\"Organization\"],\"@id\":\"https:\\\/\\\/tonalibus.org\\\/de\\\/#\\\/schema\\\/person\\\/749261d7bc96d1f00127273f83ab96a4\",\"name\":\"Ulrico\",\"image\":{\"@type\":\"ImageObject\",\"inLanguage\":\"de-CH\",\"@id\":\"https:\\\/\\\/tonalibus.org\\\/wp-content\\\/uploads\\\/2020\\\/06\\\/uli-pix.jpg\",\"url\":\"https:\\\/\\\/tonalibus.org\\\/wp-content\\\/uploads\\\/2020\\\/06\\\/uli-pix.jpg\",\"contentUrl\":\"https:\\\/\\\/tonalibus.org\\\/wp-content\\\/uploads\\\/2020\\\/06\\\/uli-pix.jpg\",\"width\":960,\"height\":720,\"caption\":\"Ulrico\"},\"logo\":{\"@id\":\"https:\\\/\\\/tonalibus.org\\\/wp-content\\\/uploads\\\/2020\\\/06\\\/uli-pix.jpg\"},\"sameAs\":[\"https:\\\/\\\/tonalibus.cyon.site\"]}]}<\/script>\n<!-- \/ Yoast SEO plugin. -->","yoast_head_json":{"title":"Konzepte - TONALIBUS, Verankerte Harmonie und Tonalit\u00e4ten","description":"Tonalibus-Konzepte werden in der f\u00fcnfteiligen Reihe Harmonic and Tonality Fundamentals (Harmonische und Tonalit\u00e4tsgrundlagen) sowie in einer Kurzfassung, einer Vorschau, einem R\u00fcckblick und einigen H\u00f6hepunkten vorgestellt.","robots":{"index":"index","follow":"follow","max-snippet":"max-snippet:-1","max-image-preview":"max-image-preview:large","max-video-preview":"max-video-preview:-1"},"canonical":"https:\/\/tonalibus.org\/de\/inner-circle\/repository\/concepts\/","og_locale":"de_DE","og_type":"article","og_title":"Concepts &#8211; TONALIBUS, Anchored Harmony and Tonalities","og_description":"Tonalibus concepts are presented in the five-course series Harmonic and Tonality Fundamentals, plus in a brief, a preview, a review, and some highlights.","og_url":"https:\/\/tonalibus.org\/de\/inner-circle\/repository\/concepts\/","og_site_name":"TONALIBUS","article_modified_time":"2025-03-24T08:17:33+00:00","og_image":[{"url":"https:\/\/tonalibus.org\/wp-content\/uploads\/2020\/06\/Tonalibus-1d-2-anchors-2020-05-16.jpg","type":"","width":"","height":""}],"twitter_card":"summary_large_image","twitter_misc":{"Gesch\u00e4tzte Lesezeit":"2\u00a0Minuten"},"schema":{"@context":"https:\/\/schema.org","@graph":[{"@type":"WebPage","@id":"https:\/\/tonalibus.org\/de\/inner-circle\/repository\/concepts\/","url":"https:\/\/tonalibus.org\/de\/inner-circle\/repository\/concepts\/","name":"Konzepte - TONALIBUS, Verankerte Harmonie und Tonalit\u00e4ten","isPartOf":{"@id":"https:\/\/tonalibus.org\/de\/#website"},"primaryImageOfPage":{"@id":"https:\/\/tonalibus.org\/de\/inner-circle\/repository\/concepts\/#primaryimage"},"image":{"@id":"https:\/\/tonalibus.org\/de\/inner-circle\/repository\/concepts\/#primaryimage"},"thumbnailUrl":"https:\/\/tonalibus.org\/wp-content\/uploads\/2020\/06\/Tonalibus-1d-2-anchors-2020-05-16.jpg","datePublished":"2020-06-17T09:57:37+00:00","dateModified":"2025-03-24T08:17:33+00:00","description":"Tonalibus-Konzepte werden in der f\u00fcnfteiligen Reihe Harmonic and Tonality Fundamentals (Harmonische und Tonalit\u00e4tsgrundlagen) sowie in einer Kurzfassung, einer Vorschau, einem R\u00fcckblick und einigen H\u00f6hepunkten vorgestellt.","breadcrumb":{"@id":"https:\/\/tonalibus.org\/de\/inner-circle\/repository\/concepts\/#breadcrumb"},"inLanguage":"de-CH","potentialAction":[{"@type":"ReadAction","target":["https:\/\/tonalibus.org\/de\/inner-circle\/repository\/concepts\/"]}]},{"@type":"ImageObject","inLanguage":"de-CH","@id":"https:\/\/tonalibus.org\/de\/inner-circle\/repository\/concepts\/#primaryimage","url":"https:\/\/tonalibus.org\/wp-content\/uploads\/2020\/06\/Tonalibus-1d-2-anchors-2020-05-16.jpg","contentUrl":"https:\/\/tonalibus.org\/wp-content\/uploads\/2020\/06\/Tonalibus-1d-2-anchors-2020-05-16.jpg"},{"@type":"BreadcrumbList","@id":"https:\/\/tonalibus.org\/de\/inner-circle\/repository\/concepts\/#breadcrumb","itemListElement":[{"@type":"ListItem","position":1,"name":"Home","item":"https:\/\/tonalibus.org\/"},{"@type":"ListItem","position":2,"name":"Protected: Inner Circle","item":"https:\/\/tonalibus.org\/en\/inner-circle\/"},{"@type":"ListItem","position":3,"name":"Gesch\u00fctzt: Repository","item":"https:\/\/tonalibus.org\/de\/inner-circle\/repository\/"},{"@type":"ListItem","position":4,"name":"Concepts"}]},{"@type":"WebSite","@id":"https:\/\/tonalibus.org\/de\/#website","url":"https:\/\/tonalibus.org\/de\/","name":"TONALIBUS","description":"Verankerte Harmonie und Tonalit\u00e4ten","publisher":{"@id":"https:\/\/tonalibus.org\/de\/#\/schema\/person\/749261d7bc96d1f00127273f83ab96a4"},"potentialAction":[{"@type":"SearchAction","target":{"@type":"EntryPoint","urlTemplate":"https:\/\/tonalibus.org\/de\/?s={search_term_string}"},"query-input":{"@type":"PropertyValueSpecification","valueRequired":true,"valueName":"search_term_string"}}],"inLanguage":"de-CH"},{"@type":["Person","Organization"],"@id":"https:\/\/tonalibus.org\/de\/#\/schema\/person\/749261d7bc96d1f00127273f83ab96a4","name":"Ulrico","image":{"@type":"ImageObject","inLanguage":"de-CH","@id":"https:\/\/tonalibus.org\/wp-content\/uploads\/2020\/06\/uli-pix.jpg","url":"https:\/\/tonalibus.org\/wp-content\/uploads\/2020\/06\/uli-pix.jpg","contentUrl":"https:\/\/tonalibus.org\/wp-content\/uploads\/2020\/06\/uli-pix.jpg","width":960,"height":720,"caption":"Ulrico"},"logo":{"@id":"https:\/\/tonalibus.org\/wp-content\/uploads\/2020\/06\/uli-pix.jpg"},"sameAs":["https:\/\/tonalibus.cyon.site"]}]}},"_links":{"self":[{"href":"https:\/\/tonalibus.org\/de\/wp-json\/wp\/v2\/pages\/458","targetHints":{"allow":["GET"]}}],"collection":[{"href":"https:\/\/tonalibus.org\/de\/wp-json\/wp\/v2\/pages"}],"about":[{"href":"https:\/\/tonalibus.org\/de\/wp-json\/wp\/v2\/types\/page"}],"author":[{"embeddable":true,"href":"https:\/\/tonalibus.org\/de\/wp-json\/wp\/v2\/users\/1"}],"replies":[{"embeddable":true,"href":"https:\/\/tonalibus.org\/de\/wp-json\/wp\/v2\/comments?post=458"}],"version-history":[{"count":0,"href":"https:\/\/tonalibus.org\/de\/wp-json\/wp\/v2\/pages\/458\/revisions"}],"up":[{"embeddable":true,"href":"https:\/\/tonalibus.org\/de\/wp-json\/wp\/v2\/pages\/2136"}],"wp:attachment":[{"href":"https:\/\/tonalibus.org\/de\/wp-json\/wp\/v2\/media?parent=458"}],"curies":[{"name":"wp","href":"https:\/\/api.w.org\/{rel}","templated":true}]}}