{"id":4744,"date":"2020-08-17T11:21:57","date_gmt":"2020-08-17T09:21:57","guid":{"rendered":"https:\/\/tonalibus.org\/?page_id=4744"},"modified":"2026-03-12T16:59:28","modified_gmt":"2026-03-12T15:59:28","slug":"hu-mantra-of-soul","status":"publish","type":"page","link":"https:\/\/tonalibus.org\/de\/about-tonalibus\/hu-mantra-of-soul\/","title":{"rendered":"Mantras der Seele"},"content":{"rendered":"<h2 class=\"wp-block-heading has-text-color has-link-color wp-elements-808d99f0b4b0a9ccad12558b756ea71c\" id=\"hu-ancient-name-for-god-mantra-of-soul\" style=\"color:#f7b320\">Mantras der Seele \u2013 heilige Kernsilben<\/h2>\n\n\n\n<p class=\"has-text-color has-link-color wp-elements-33a5e14ba0ee399719cbddf8330cdc34\" style=\"color:#f7b320\">Weit verbreitet als Mantra der Seele und zentral im Hinduismus, Jainismus, Buddhismus, Sikhismus usw. ist die heilige Silbe <a href=\"https:\/\/de.wikipedia.org\/wiki\/Om\" target=\"_blank\" rel=\"noreferrer noopener\"><em><mark style=\"background-color:rgba(0, 0, 0, 0);color:#f7b320\" class=\"has-inline-color\">\u014c\u1e43 \/ Aum<\/mark><\/em><\/a> \u0950. Als heiliger Klang, Silbe, Mantra oder Anrufung steht Om f\u00fcr die Essenz des Bewusstseins oder der kosmischen Welt. Als klangliche Darstellung des G\u00f6ttlichen ist es ein grundlegendes Werkzeug f\u00fcr die Meditation auf dem yogischen Weg zur Befreiung. Als heilige spirituelle Beschw\u00f6rungsformel findet man es oft vor und w\u00e4hrend der Rezitation spiritueller Texte, w\u00e4hrend Pujas und privaten Gebeten. Es ist Teil der Ikonografie in Manuskripten, Tempeln, Kl\u00f6stern und spirituellen R\u00fcckzugsorten aus der Antike und dem Mittelalter im Hinduismus, Buddhismus, Jainismus und Sikhismus. Als heilige Silbe kann es von Praktizierenden spiritueller Pfade unabh\u00e4ngig, vor einer Rezitation oder w\u00e4hrend der Meditation gesungen werden.<\/p>\n\n\n\n<p class=\"has-text-color has-link-color wp-elements-877e971b1cc936396f815b6a4794ccb0\" style=\"color:#f7b320\">Weniger verbreitet ist die heilige Kernsilbe <em>H\u016b<\/em> (eine Kurzversion der bekannteren Schutz-Mantra-Silbe <em>Hum\/Hung<\/em>, anglisiert ausgesprochen \u201chjuuu\u201d wie das englische Wort \u201chue\u201d). Dies findet man auch in verschiedenen Religionen und spirituellen Traditionen. Ein Paradebeispiel daf\u00fcr ist das bekannte Mantra aus der buddhistischen Tradition <em><a href=\"https:\/\/de.wikipedia.org\/wiki\/Om_mani_padme_hum\" target=\"_blank\" rel=\"noreferrer noopener\"><mark style=\"background-color:rgba(0, 0, 0, 0);color:#f7b320\" class=\"has-inline-color\">Au\u1e43\/\u014c\u1e43 ma\u1e47i padme h\u016b\u1e43\/hung<\/mark><\/a><\/em>.<\/p>\n\n\n\n<p class=\"has-text-color has-link-color wp-elements-490d3a51690847d5861f08f9e5413155\" style=\"color:#f7b320\">Als Mantra der Seele, <em>\u014c\u1e43 \/ Aum <\/em>und <em><em>H\u016b<\/em><\/em> zu h\u00f6ren, zu singen und <a href=\"https:\/\/tonalibus.org\/de\/about-tonalibus\/ulrico\/#mylife\"><mark style=\"background-color:rgba(0, 0, 0, 0);color:#f7b320\" class=\"has-inline-color\">mein Leben<\/mark><\/a> lang immer wieder zu chanten, hat mir enorm viel gebracht. Es hat mir \u00fcber unz\u00e4hlige H\u00fcrden hinweg geholfen. Es hat meine Augen und Ohren f\u00fcr den Fluss und die Harmonie des Lebens ge\u00f6ffnet und \u00f6ffnet sie immer wieder \u2013 f\u00fcr den Ton, das Licht und die Liebe Gottes, die jeden und alles erh\u00e4lt.<\/p>\n\n\n\n<p class=\"has-text-color has-link-color wp-elements-4d88f0969f6da20709af7ae590f525df\" style=\"color:#f7b320\">Was den Wert eines Mantras bestimmt, ist die pers\u00f6nliche Erfahrung, die man damit macht. Durch meine eigene Erfahrung habe ich festgestellt, dass man durch das Chanten von <em>\u014c\u1e43 \/ Aum <\/em>und <em><em>H\u016b<\/em><\/em> \u2013 zusammen mit anderen, pers\u00f6nlichen Mantras \u2013 in der <a href=\"https:\/\/de.wikipedia.org\/wiki\/Meditation\" target=\"_blank\" rel=\"noreferrer noopener\"><mark style=\"background-color:rgba(0, 0, 0, 0);color:#f7b320\" class=\"has-inline-color\">Meditation<\/mark><\/a> oder <a href=\"https:\/\/de.wikipedia.org\/wiki\/Kontemplation\" target=\"_blank\" rel=\"noreferrer noopener\"><mark style=\"background-color:rgba(0, 0, 0, 0);color:#f7b320\" class=\"has-inline-color\">Kontemplation<\/mark><\/a> Ein- oder zweimal am Tag f\u00fcr etwa zehn bis \u00fcber dreissig Minuten kann man tats\u00e4chlich individuelle spirituelle Freiheit erreichen. Wir m\u00fcssen mit dem zurechtkommen, was wir haben. Alles spielt sich im gegenw\u00e4rtigen Moment ab. Dort sind wir, wer wir sind. Mantras der Seele helfen mir jeden Tag, mich darauf zu konzentrieren: Wir sind und existieren aufgrund der g\u00f6ttlichen Liebe. Wir sind spirituell ewig, immer im Hier und Jetzt. Und wir k\u00f6nnen Zuflucht im G\u00f6ttlichen, in der Harmonie des Lebens und in unserer Herzensgemeinschaft finden. Das Chanten von Mantras hat Balance und Harmonie in mein Leben gebracht und tut dies auch weiterhin. <em>\u014c\u1e43 \/ Aum <\/em>und <em><em>H\u016b<\/em> <\/em>helfen meinem Herz, meinen Ohren und meinen Augen, offen zu bleiben f\u00fcr die g\u00f6ttliche Liebe in allen und allem.<\/p>\n\n\n\n<h3 class=\"wp-block-heading has-text-color has-link-color wp-elements-432d2a9cb2ac20f049f3236e99f65210\" style=\"color:#f7b320\"><br>\u201cA blessing of<em> <\/em>\u014c\u1e43 \/ Aum<em> <\/em>\u0950\u201d \u2013 mit Liebe f\u00fcr alle f\u00fchlenden Wesen<\/h3>\n\n\n\n<figure class=\"wp-block-audio\"><audio controls src=\"https:\/\/tonalibus.org\/wp-content\/uploads\/2024\/11\/2024-11-29-VVVV-12.mp3\" preload=\"metadata\"><\/audio><figcaption class=\"wp-element-caption\"><mark style=\"background-color:rgba(0, 0, 0, 0);color:#f7b320\" class=\"has-inline-color\">Ann\u00e4hern, Stimmen und Einschwingen auf C# (69 Hz) \u2013 chantende Bass-Stimmen \u2013 5:22<\/mark><\/figcaption><\/figure>\n\n\n\n<h3 class=\"wp-block-heading has-text-color has-link-color wp-elements-7196e0c02abccc837ba01ef3bdfad767\" id=\"soul\" style=\"color:#f7b320\">\u201cTears of joy\u201d \u2013 Mantra der Seele<\/h3>\n\n\n\n<figure class=\"wp-block-audio\"><audio controls src=\"https:\/\/tonalibus.org\/wp-content\/uploads\/2024\/04\/2024-03-31-VOX-4-Moon-x.mp3\" preload=\"metadata\"><\/audio><figcaption class=\"wp-element-caption\"><mark style=\"background-color:rgba(0, 0, 0, 0);color:#f7b320\" class=\"has-inline-color\">mehroktaviger G#-Chant (Ziel relativ zu 207 Hz) \u2013 mit einer Verschmelzung von spirituell aufgeladenen Mantra-Silben wie <\/mark><em><mark style=\"background-color:rgba(0, 0, 0, 0);color:#f7b320\" class=\"has-inline-color\">\u014c\u1e43 \/ Aum<\/mark><\/em><mark style=\"background-color:rgba(0, 0, 0, 0);color:#f7b320\" class=\"has-inline-color\">\u0950, und <em><em>H\u016b<\/em><\/em>, die einen grossen Teil der spirituellen Grundlage von Tonalibus vereinigen \u2013 13:22<\/mark><\/figcaption><\/figure>\n\n\n\n<h3 class=\"wp-block-heading has-text-color has-link-color wp-elements-af37048628f2d4a75b62023c39668460\" id=\"refuge\" style=\"color:#f7b320\">\u201cSaranam gacchami\u201d \u2013 Zuflucht der drei Juwelen<\/h3>\n\n\n\n<figure class=\"wp-block-audio\"><audio controls src=\"https:\/\/tonalibus.org\/wp-content\/uploads\/2026\/01\/2026-01-26-VVVVTRTA.mp3\" preload=\"metadata\"><\/audio><figcaption class=\"wp-element-caption\"><a href=\"https:\/\/tonalibus.org\/de\/tonalities\/diatonic-heptatonalities\/mixolydian\/\" type=\"page\" id=\"555\"><mark style=\"background-color:rgba(0, 0, 0, 0);color:#f7b320\" class=\"has-inline-color\">Mixolyd<\/mark><\/a><mark style=\"background-color:rgba(0, 0, 0, 0);color:#f7b320\" class=\"has-inline-color\">-<\/mark><a href=\"https:\/\/tonalibus.org\/de\/tonalities\/diatonic-heptatonalities\/ionian-diatonic-major\/\" type=\"page\" id=\"557\"><mark style=\"background-color:rgba(0, 0, 0, 0);color:#f7b320\" class=\"has-inline-color\">Ionisch<\/mark><\/a><mark style=\"background-color:rgba(0, 0, 0, 0);color:#f7b320\" class=\"has-inline-color\"> (reduziert) auf F 172 Hz (rel. A 432 Hz) \u2013 chantende Stimmen, Tenor-Blockfl\u00f6te, Tanpura \u2013 7:11 <\/mark><\/figcaption><\/figure>\n\n\n\n<h3 class=\"wp-block-heading has-text-color has-link-color wp-elements-b474387fce05214e65089114d81b063a\" style=\"color:#f7b320\">\u201cMahamrityunjaya Mantra\u201d \u2013 ein Vers aus dem Rigveda<\/h3>\n\n\n\n<p class=\"has-text-color has-link-color wp-elements-267fbdfddf9fe7fbb07bc4445d8fc47a\" style=\"color:#f7b320\"><a href=\"https:\/\/de.wikipedia.org\/wiki\/Mahamrityunjaya_Mantra\" target=\"_blank\" rel=\"noreferrer noopener\"><mark style=\"background-color:rgba(0, 0, 0, 0);color:#f7b320\" class=\"has-inline-color\">Mahamrityunjaya Mantra<\/mark><\/a> \u092e\u0939\u093e\u092e\u0943\u0924\u094d\u092f\u0941\u0902\u091c\u092f\u092e\u0902\u0924\u094d\u0930 \u2013 angeblich vom Dalai Lama gechantet \u2013 <a href=\"https:\/\/soundcloud.com\/mantramrityunjaya\/dalai-lama-chanting\" target=\"_blank\" rel=\"noreferrer noopener\"><mark style=\"background-color:rgba(0, 0, 0, 0);color:#f7b320\" class=\"has-inline-color\">SoundCloud<\/mark><\/a><\/p>\n\n\n\n<div style=\"height:64px\" aria-hidden=\"true\" class=\"wp-block-spacer\"><\/div>\n\n\n<div class=\"wp-block-image is-resized\">\n<figure class=\"aligncenter size-large\"><img loading=\"lazy\" decoding=\"async\" width=\"640\" height=\"640\" src=\"https:\/\/tonalibus.org\/wp-content\/uploads\/2020\/10\/IMG_3268-rotated.jpg\" alt=\"HU -- Mantra of Soul\" class=\"wp-image-6172\" srcset=\"https:\/\/tonalibus.org\/wp-content\/uploads\/2020\/10\/IMG_3268-rotated.jpg 640w, https:\/\/tonalibus.org\/wp-content\/uploads\/2020\/10\/IMG_3268-300x300.jpg 300w, https:\/\/tonalibus.org\/wp-content\/uploads\/2020\/10\/IMG_3268-150x150.jpg 150w, https:\/\/tonalibus.org\/wp-content\/uploads\/2020\/10\/IMG_3268-12x12.jpg 12w, https:\/\/tonalibus.org\/wp-content\/uploads\/2020\/10\/IMG_3268-100x100.jpg 100w\" sizes=\"auto, (max-width: 640px) 100vw, 640px\" \/><figcaption class=\"wp-element-caption\">Sonne scheint durch herbstliches Ahornlaub \u2013 Chanhassen, MN \u2013 Oktober 2020<\/figcaption><\/figure>\n<\/div>","protected":false},"excerpt":{"rendered":"<p>Mantras of soul &#8212; sacred seed syllables Widely known as mantra of soul and central to Hinduism, Jainism, Buddhism, Sikhism, etc. is the sacred syllable \u014c\u1e43 \/ Aum \u0950.As sacred sound, syllable, mantra, or invocation, Om represents the essence of consciousness or of the cosmic world. As sonic representation of the divine, it is a &hellip; <\/p>\n<p class=\"link-more\"><a href=\"https:\/\/tonalibus.org\/de\/about-tonalibus\/hu-mantra-of-soul\/\" class=\"more-link\"><span class=\"screen-reader-text\">\u201cMantras der Seele\u201d<\/span> weiterlesen<\/a><\/p>","protected":false},"author":1,"featured_media":0,"parent":2,"menu_order":6,"comment_status":"closed","ping_status":"closed","template":"","meta":{"footnotes":""},"class_list":["post-4744","page","type-page","status-publish","hentry"],"yoast_head":"<!-- This site is optimized with the Yoast SEO plugin v27.4 - https:\/\/yoast.com\/product\/yoast-seo-wordpress\/ -->\n<title>Mantras of soul &#8211; TONALIBUS, Harmony and Tonalities<\/title>\n<meta name=\"description\" content=\"Om \/ Aum \/ HU are mantras of soul. You may chant them in contemplation, meditation, or prayer as love song to God.\" \/>\n<meta name=\"robots\" content=\"index, follow, max-snippet:-1, max-image-preview:large, max-video-preview:-1\" \/>\n<link rel=\"canonical\" href=\"https:\/\/tonalibus.org\/de\/about-tonalibus\/hu-mantra-of-soul\/\" \/>\n<meta property=\"og:locale\" content=\"de_DE\" \/>\n<meta property=\"og:type\" content=\"article\" \/>\n<meta property=\"og:title\" content=\"Mantras of soul &#8211; TONALIBUS, Harmony and Tonalities\" \/>\n<meta property=\"og:description\" content=\"Om \/ Aum \/ HU are mantras of soul. You may chant them in contemplation, meditation, or prayer as love song to God.\" \/>\n<meta property=\"og:url\" content=\"https:\/\/tonalibus.org\/de\/about-tonalibus\/hu-mantra-of-soul\/\" \/>\n<meta property=\"og:site_name\" content=\"TONALIBUS\" \/>\n<meta property=\"article:modified_time\" content=\"2026-03-12T15:59:28+00:00\" \/>\n<meta property=\"og:image\" content=\"https:\/\/tonalibus.org\/wp-content\/uploads\/2020\/10\/IMG_3268-rotated.jpg\" \/>\n\t<meta property=\"og:image:width\" content=\"640\" \/>\n\t<meta property=\"og:image:height\" content=\"640\" \/>\n\t<meta property=\"og:image:type\" content=\"image\/jpeg\" \/>\n<meta name=\"twitter:card\" content=\"summary_large_image\" \/>\n<meta name=\"twitter:label1\" content=\"Gesch\u00e4tzte Lesezeit\" \/>\n\t<meta name=\"twitter:data1\" content=\"3\u00a0Minuten\" \/>\n<script type=\"application\/ld+json\" class=\"yoast-schema-graph\">{\"@context\":\"https:\\\/\\\/schema.org\",\"@graph\":[{\"@type\":\"WebPage\",\"@id\":\"https:\\\/\\\/tonalibus.org\\\/about-tonalibus\\\/hu-mantra-of-soul\\\/\",\"url\":\"https:\\\/\\\/tonalibus.org\\\/about-tonalibus\\\/hu-mantra-of-soul\\\/\",\"name\":\"Mantras of soul &#8211; TONALIBUS, Harmony and Tonalities\",\"isPartOf\":{\"@id\":\"https:\\\/\\\/tonalibus.org\\\/de\\\/#website\"},\"primaryImageOfPage\":{\"@id\":\"https:\\\/\\\/tonalibus.org\\\/about-tonalibus\\\/hu-mantra-of-soul\\\/#primaryimage\"},\"image\":{\"@id\":\"https:\\\/\\\/tonalibus.org\\\/about-tonalibus\\\/hu-mantra-of-soul\\\/#primaryimage\"},\"thumbnailUrl\":\"https:\\\/\\\/tonalibus.org\\\/wp-content\\\/uploads\\\/2020\\\/10\\\/IMG_3268-rotated.jpg\",\"datePublished\":\"2020-08-17T09:21:57+00:00\",\"dateModified\":\"2026-03-12T15:59:28+00:00\",\"description\":\"Om \\\/ Aum \\\/ HU are mantras of soul. You may chant them in contemplation, meditation, or prayer as love song to God.\",\"breadcrumb\":{\"@id\":\"https:\\\/\\\/tonalibus.org\\\/about-tonalibus\\\/hu-mantra-of-soul\\\/#breadcrumb\"},\"inLanguage\":\"de-CH\",\"potentialAction\":[{\"@type\":\"ReadAction\",\"target\":[\"https:\\\/\\\/tonalibus.org\\\/about-tonalibus\\\/hu-mantra-of-soul\\\/\"]}]},{\"@type\":\"ImageObject\",\"inLanguage\":\"de-CH\",\"@id\":\"https:\\\/\\\/tonalibus.org\\\/about-tonalibus\\\/hu-mantra-of-soul\\\/#primaryimage\",\"url\":\"https:\\\/\\\/tonalibus.org\\\/wp-content\\\/uploads\\\/2020\\\/10\\\/IMG_3268-rotated.jpg\",\"contentUrl\":\"https:\\\/\\\/tonalibus.org\\\/wp-content\\\/uploads\\\/2020\\\/10\\\/IMG_3268-rotated.jpg\"},{\"@type\":\"BreadcrumbList\",\"@id\":\"https:\\\/\\\/tonalibus.org\\\/about-tonalibus\\\/hu-mantra-of-soul\\\/#breadcrumb\",\"itemListElement\":[{\"@type\":\"ListItem\",\"position\":1,\"name\":\"Home\",\"item\":\"https:\\\/\\\/tonalibus.org\\\/\"},{\"@type\":\"ListItem\",\"position\":2,\"name\":\"About\",\"item\":\"https:\\\/\\\/tonalibus.org\\\/about-tonalibus\\\/\"},{\"@type\":\"ListItem\",\"position\":3,\"name\":\"Mantras of soul\"}]},{\"@type\":\"WebSite\",\"@id\":\"https:\\\/\\\/tonalibus.org\\\/de\\\/#website\",\"url\":\"https:\\\/\\\/tonalibus.org\\\/de\\\/\",\"name\":\"TONALIBUS\",\"description\":\"Anchored Harmony and Tonalities\",\"publisher\":{\"@id\":\"https:\\\/\\\/tonalibus.org\\\/de\\\/#\\\/schema\\\/person\\\/749261d7bc96d1f00127273f83ab96a4\"},\"potentialAction\":[{\"@type\":\"SearchAction\",\"target\":{\"@type\":\"EntryPoint\",\"urlTemplate\":\"https:\\\/\\\/tonalibus.org\\\/de\\\/?s={search_term_string}\"},\"query-input\":{\"@type\":\"PropertyValueSpecification\",\"valueRequired\":true,\"valueName\":\"search_term_string\"}}],\"inLanguage\":\"de-CH\"},{\"@type\":[\"Person\",\"Organization\"],\"@id\":\"https:\\\/\\\/tonalibus.org\\\/de\\\/#\\\/schema\\\/person\\\/749261d7bc96d1f00127273f83ab96a4\",\"name\":\"Ulrico\",\"image\":{\"@type\":\"ImageObject\",\"inLanguage\":\"de-CH\",\"@id\":\"https:\\\/\\\/tonalibus.org\\\/wp-content\\\/uploads\\\/2020\\\/06\\\/uli-pix.jpg\",\"url\":\"https:\\\/\\\/tonalibus.org\\\/wp-content\\\/uploads\\\/2020\\\/06\\\/uli-pix.jpg\",\"contentUrl\":\"https:\\\/\\\/tonalibus.org\\\/wp-content\\\/uploads\\\/2020\\\/06\\\/uli-pix.jpg\",\"width\":960,\"height\":720,\"caption\":\"Ulrico\"},\"logo\":{\"@id\":\"https:\\\/\\\/tonalibus.org\\\/wp-content\\\/uploads\\\/2020\\\/06\\\/uli-pix.jpg\"},\"sameAs\":[\"https:\\\/\\\/tonalibus.cyon.site\"]}]}<\/script>\n<!-- \/ Yoast SEO plugin. -->","yoast_head_json":{"title":"Mantras der Seele - TONALIBUS, Harmonie und Tonalit\u00e4ten","description":"Om \/ Aum \/ HU sind Mantras der Seele. Du kannst sie in Kontemplation, Meditation oder Gebet als Liebeslied an Gott rezitieren.","robots":{"index":"index","follow":"follow","max-snippet":"max-snippet:-1","max-image-preview":"max-image-preview:large","max-video-preview":"max-video-preview:-1"},"canonical":"https:\/\/tonalibus.org\/de\/about-tonalibus\/hu-mantra-of-soul\/","og_locale":"de_DE","og_type":"article","og_title":"Mantras of soul &#8211; TONALIBUS, Harmony and Tonalities","og_description":"Om \/ Aum \/ HU are mantras of soul. You may chant them in contemplation, meditation, or prayer as love song to God.","og_url":"https:\/\/tonalibus.org\/de\/about-tonalibus\/hu-mantra-of-soul\/","og_site_name":"TONALIBUS","article_modified_time":"2026-03-12T15:59:28+00:00","og_image":[{"width":640,"height":640,"url":"https:\/\/tonalibus.org\/wp-content\/uploads\/2020\/10\/IMG_3268-rotated.jpg","type":"image\/jpeg"}],"twitter_card":"summary_large_image","twitter_misc":{"Gesch\u00e4tzte Lesezeit":"3\u00a0Minuten"},"schema":{"@context":"https:\/\/schema.org","@graph":[{"@type":"WebPage","@id":"https:\/\/tonalibus.org\/about-tonalibus\/hu-mantra-of-soul\/","url":"https:\/\/tonalibus.org\/about-tonalibus\/hu-mantra-of-soul\/","name":"Mantras der Seele - TONALIBUS, Harmonie und Tonalit\u00e4ten","isPartOf":{"@id":"https:\/\/tonalibus.org\/de\/#website"},"primaryImageOfPage":{"@id":"https:\/\/tonalibus.org\/about-tonalibus\/hu-mantra-of-soul\/#primaryimage"},"image":{"@id":"https:\/\/tonalibus.org\/about-tonalibus\/hu-mantra-of-soul\/#primaryimage"},"thumbnailUrl":"https:\/\/tonalibus.org\/wp-content\/uploads\/2020\/10\/IMG_3268-rotated.jpg","datePublished":"2020-08-17T09:21:57+00:00","dateModified":"2026-03-12T15:59:28+00:00","description":"Om \/ Aum \/ HU sind Mantras der Seele. Du kannst sie in Kontemplation, Meditation oder Gebet als Liebeslied an Gott rezitieren.","breadcrumb":{"@id":"https:\/\/tonalibus.org\/about-tonalibus\/hu-mantra-of-soul\/#breadcrumb"},"inLanguage":"de-CH","potentialAction":[{"@type":"ReadAction","target":["https:\/\/tonalibus.org\/about-tonalibus\/hu-mantra-of-soul\/"]}]},{"@type":"ImageObject","inLanguage":"de-CH","@id":"https:\/\/tonalibus.org\/about-tonalibus\/hu-mantra-of-soul\/#primaryimage","url":"https:\/\/tonalibus.org\/wp-content\/uploads\/2020\/10\/IMG_3268-rotated.jpg","contentUrl":"https:\/\/tonalibus.org\/wp-content\/uploads\/2020\/10\/IMG_3268-rotated.jpg"},{"@type":"BreadcrumbList","@id":"https:\/\/tonalibus.org\/about-tonalibus\/hu-mantra-of-soul\/#breadcrumb","itemListElement":[{"@type":"ListItem","position":1,"name":"Home","item":"https:\/\/tonalibus.org\/"},{"@type":"ListItem","position":2,"name":"About","item":"https:\/\/tonalibus.org\/about-tonalibus\/"},{"@type":"ListItem","position":3,"name":"Mantras of soul"}]},{"@type":"WebSite","@id":"https:\/\/tonalibus.org\/de\/#website","url":"https:\/\/tonalibus.org\/de\/","name":"TONALIBUS","description":"Verankerte Harmonie und Tonalit\u00e4ten","publisher":{"@id":"https:\/\/tonalibus.org\/de\/#\/schema\/person\/749261d7bc96d1f00127273f83ab96a4"},"potentialAction":[{"@type":"SearchAction","target":{"@type":"EntryPoint","urlTemplate":"https:\/\/tonalibus.org\/de\/?s={search_term_string}"},"query-input":{"@type":"PropertyValueSpecification","valueRequired":true,"valueName":"search_term_string"}}],"inLanguage":"de-CH"},{"@type":["Person","Organization"],"@id":"https:\/\/tonalibus.org\/de\/#\/schema\/person\/749261d7bc96d1f00127273f83ab96a4","name":"Ulrico","image":{"@type":"ImageObject","inLanguage":"de-CH","@id":"https:\/\/tonalibus.org\/wp-content\/uploads\/2020\/06\/uli-pix.jpg","url":"https:\/\/tonalibus.org\/wp-content\/uploads\/2020\/06\/uli-pix.jpg","contentUrl":"https:\/\/tonalibus.org\/wp-content\/uploads\/2020\/06\/uli-pix.jpg","width":960,"height":720,"caption":"Ulrico"},"logo":{"@id":"https:\/\/tonalibus.org\/wp-content\/uploads\/2020\/06\/uli-pix.jpg"},"sameAs":["https:\/\/tonalibus.cyon.site"]}]}},"_links":{"self":[{"href":"https:\/\/tonalibus.org\/de\/wp-json\/wp\/v2\/pages\/4744","targetHints":{"allow":["GET"]}}],"collection":[{"href":"https:\/\/tonalibus.org\/de\/wp-json\/wp\/v2\/pages"}],"about":[{"href":"https:\/\/tonalibus.org\/de\/wp-json\/wp\/v2\/types\/page"}],"author":[{"embeddable":true,"href":"https:\/\/tonalibus.org\/de\/wp-json\/wp\/v2\/users\/1"}],"replies":[{"embeddable":true,"href":"https:\/\/tonalibus.org\/de\/wp-json\/wp\/v2\/comments?post=4744"}],"version-history":[{"count":11,"href":"https:\/\/tonalibus.org\/de\/wp-json\/wp\/v2\/pages\/4744\/revisions"}],"predecessor-version":[{"id":38648,"href":"https:\/\/tonalibus.org\/de\/wp-json\/wp\/v2\/pages\/4744\/revisions\/38648"}],"up":[{"embeddable":true,"href":"https:\/\/tonalibus.org\/de\/wp-json\/wp\/v2\/pages\/2"}],"wp:attachment":[{"href":"https:\/\/tonalibus.org\/de\/wp-json\/wp\/v2\/media?parent=4744"}],"curies":[{"name":"wp","href":"https:\/\/api.w.org\/{rel}","templated":true}]}}