{"id":5671,"date":"2020-09-25T15:39:54","date_gmt":"2020-09-25T13:39:54","guid":{"rendered":"https:\/\/tonalibus.org\/?page_id=5671"},"modified":"2023-02-09T08:07:41","modified_gmt":"2023-02-09T07:07:41","slug":"spring-summer-2020","status":"publish","type":"page","link":"https:\/\/tonalibus.org\/de\/sounds\/2020-sound-and-images\/spring-summer-2020\/","title":{"rendered":"Fr\u00fchling-Sommer 2020 Loops"},"content":{"rendered":"<h2 class=\"wp-block-heading\"><mark style=\"background-color:rgba(0, 0, 0, 0);color:#f7b320\" class=\"has-inline-color\">Pers\u00f6nliche Tonbeispiel-Loops vom Fr\u00fchling-Sommer 2020<\/mark><\/h2>\n\n\n\n<p><mark style=\"background-color:rgba(0, 0, 0, 0);color:#f7b320\" class=\"has-inline-color\">Hier findest du pers\u00f6nliche Tonbeispiele vom Fr\u00fchling-Sommer 2020 \u2013 spontane, meist vielschichtige, originelle Improvisationen als Loop von <\/mark><a href=\"https:\/\/tonalibus.org\/de\/about-tonalibus\/ulrico\/\"><mark style=\"background-color:rgba(0, 0, 0, 0);color:#f7b320\" class=\"has-inline-color\">Ulrico<\/mark><\/a><mark style=\"background-color:rgba(0, 0, 0, 0);color:#f7b320\" class=\"has-inline-color\"> auf verschiedenen Instrumenten.<\/mark><\/p>\n\n\n\n<h3 class=\"wp-block-heading\" id=\"change\"><mark style=\"background-color:rgba(0, 0, 0, 0);color:#f7b320\" class=\"has-inline-color\">\u201cChange of Season\u201d \u2013 ein perkussiver Geburtstags-Blues \u2013 f\u00fcr Michi<\/mark><\/h3>\n\n\n\n<figure class=\"wp-block-audio\"><audio controls src=\"https:\/\/tonalibus.org\/wp-content\/uploads\/2020\/08\/2020-08-29-HB2.mp3\" loop><\/audio><figcaption class=\"wp-element-caption\"><mark style=\"background-color:rgba(0, 0, 0, 0);color:#f7b320\" class=\"has-inline-color\">Zweifach und einfach <\/mark><a href=\"https:\/\/de.wikipedia.org\/wiki\/Hang_(Musikinstrument)\" target=\"_blank\" rel=\"noreferrer noopener\"><mark style=\"background-color:rgba(0, 0, 0, 0);color:#f7b320\" class=\"has-inline-color\">Hang<\/mark><\/a><mark style=\"background-color:rgba(0, 0, 0, 0);color:#f7b320\" class=\"has-inline-color\"> Bal \u2013 August 2020 \u2013 2:16 Loop \u2013 abzuspielen auf einem System, das Basst\u00f6ne erzeugen kann.<\/mark><\/figcaption><\/figure>\n\n\n\n<h3 class=\"wp-block-heading\" id=\"grace\"><mark style=\"background-color:rgba(0, 0, 0, 0);color:#f7b320\" class=\"has-inline-color\">\u201cCourtesy of Grace\u201d<\/mark><\/h3>\n\n\n\n<figure class=\"wp-block-audio\"><audio controls src=\"https:\/\/tonalibus.org\/wp-content\/uploads\/2020\/08\/2020-08-04-Hangbal.mp3\" loop><\/audio><figcaption class=\"wp-element-caption\"><a href=\"https:\/\/de.wikipedia.org\/wiki\/Hang_(Musikinstrument)\" target=\"_blank\" rel=\"noreferrer noopener\"><span style=\"color:#f7b320\" class=\"has-inline-color\">Hang<\/span><\/a><span style=\"color:#f7b320\" class=\"has-inline-color\"> \u2013 August 2020 \u2013 2:29 Loop<\/span><\/figcaption><\/figure>\n\n\n\n<h3 class=\"wp-block-heading\" id=\"eagle\"><mark style=\"background-color:rgba(0, 0, 0, 0);color:#f7b320\" class=\"has-inline-color\">\u201cOn Eagels\u2019 Wings\u201d<\/mark><\/h3>\n\n\n\n<figure id=\"asgod\" class=\"wp-block-audio\"><audio controls src=\"https:\/\/tonalibus.org\/wp-content\/uploads\/2020\/07\/2020-07-03-Fuj3.mp3\" loop><\/audio><figcaption class=\"wp-element-caption\"><mark style=\"background-color:rgba(0, 0, 0, 0);color:#f7b320\" class=\"has-inline-color\">Dreifach <\/mark><a href=\"https:\/\/de.wikipedia.org\/wiki\/Fujara\" target=\"_blank\" rel=\"noreferrer noopener\"><mark style=\"background-color:rgba(0, 0, 0, 0);color:#f7b320\" class=\"has-inline-color\">Fujara<\/mark><\/a><mark style=\"background-color:rgba(0, 0, 0, 0);color:#f7b320\" class=\"has-inline-color\"> \u2013 Juli 2020 \u2013 1:58 Loop<\/mark><\/figcaption><\/figure>\n\n\n\n<h3 class=\"wp-block-heading\" id=\"billy\"><mark style=\"background-color:rgba(0, 0, 0, 0);color:#f7b320\" class=\"has-inline-color\">\u201cAs God Realizes the Moment\u201d \u2013 in Erinnerung an Billy<\/mark><\/h3>\n\n\n\n<figure class=\"wp-block-audio\"><audio controls src=\"https:\/\/tonalibus.org\/wp-content\/uploads\/2020\/07\/2020-05-30-FRGV-1.mp3\" loop><\/audio><figcaption class=\"wp-element-caption\"><mark style=\"background-color:rgba(0, 0, 0, 0);color:#f7b320\" class=\"has-inline-color\">8-saitige Gitarre, mehrfach <\/mark><a href=\"https:\/\/de.wikipedia.org\/wiki\/Fujara\" target=\"_blank\" rel=\"noreferrer noopener\"><mark style=\"background-color:rgba(0, 0, 0, 0);color:#f7b320\" class=\"has-inline-color\">Fujara<\/mark><\/a><mark style=\"background-color:rgba(0, 0, 0, 0);color:#f7b320\" class=\"has-inline-color\">, Tenor-Blockfl\u00f6te und Stimme \u2013 Mai 2020 \u2013 2:33 Loop<\/mark><\/figcaption><\/figure>\n\n\n\n<h3 class=\"wp-block-heading\" id=\"dancing\"><mark style=\"background-color:rgba(0, 0, 0, 0);color:#f7b320\" class=\"has-inline-color\">\u201cDancing above the Clouds\u201d<\/mark><\/h3>\n\n\n\n<figure class=\"wp-block-audio\"><audio controls src=\"https:\/\/tonalibus.org\/wp-content\/uploads\/2020\/07\/2020-04-19-GG.mp3\" loop><\/audio><figcaption class=\"wp-element-caption\"><mark style=\"background-color:rgba(0, 0, 0, 0);color:#f7b320\" class=\"has-inline-color\">Zweifach 8-saitige Gitarre \u2013 April 2020 \u2013 0:40 Loop<\/mark><\/figcaption><\/figure>\n\n\n\n<div style=\"height:64px\" aria-hidden=\"true\" class=\"wp-block-spacer\"><\/div>\n\n\n<div class=\"wp-block-image\">\n<figure class=\"aligncenter size-large is-resized\"><img loading=\"lazy\" decoding=\"async\" src=\"https:\/\/tonalibus.org\/wp-content\/uploads\/2020\/09\/IMG_3198-cv.jpg\" alt=\"IMG_3198 cv - spring-summer 2020\" class=\"wp-image-5595\" width=\"470\" height=\"353\" srcset=\"https:\/\/tonalibus.org\/wp-content\/uploads\/2020\/09\/IMG_3198-cv.jpg 601w, https:\/\/tonalibus.org\/wp-content\/uploads\/2020\/09\/IMG_3198-cv-300x225.jpg 300w\" sizes=\"auto, (max-width: 470px) 100vw, 470px\" \/><figcaption class=\"wp-element-caption\">Reflexionen in der Areuse nahe der Schlucht \u2013 August 2020<\/figcaption><\/figure>\n<\/div>","protected":false},"excerpt":{"rendered":"<p>Pers\u00f6nliche Klangbeispiele aus Fr\u00fchjahr-Sommer 2020 Hier finden Sie pers\u00f6nliche Klangbeispiele aus Fr\u00fchjahr-Sommer 2020, spontane, meist vielschichtige, originelle Improvisationsloops von Ulrico auf verschiedenen Instrumenten. \"Change of Season\" - ein perkussiver Geburtstagsblues - f\u00fcr Michi \"Courtesy of Grace\" \"On Eagels' Wings\" \"As God Realizes the Moment\" - in Erinnerung an Billy \"Dancing ... <\/p>\n<p class=\"link-more\"><a href=\"https:\/\/tonalibus.org\/de\/sounds\/2020-sound-and-images\/spring-summer-2020\/\" class=\"more-link\"><span class=\"screen-reader-text\">\"Fr\u00fchjahr-Sommer 2020 Schleifen\"<\/span> weiterlesen<\/a><\/p>","protected":false},"author":1,"featured_media":0,"parent":20420,"menu_order":6,"comment_status":"closed","ping_status":"closed","template":"","meta":{"footnotes":""},"class_list":["post-5671","page","type-page","status-publish","hentry"],"yoast_head":"<!-- This site is optimized with the Yoast SEO plugin v27.4 - https:\/\/yoast.com\/product\/yoast-seo-wordpress\/ -->\n<title>Spring-Summer 2020 loops &#8211; TONALIBUS, Harmony and Tonalities<\/title>\n<meta name=\"description\" content=\"Personal sound samples from spring-summer 2020: Spontaneous, multi-layered, original improvisations by Ulrico on various instruments.\" \/>\n<meta name=\"robots\" content=\"index, follow, max-snippet:-1, max-image-preview:large, max-video-preview:-1\" \/>\n<link rel=\"canonical\" href=\"https:\/\/tonalibus.org\/de\/sounds\/2020-sound-and-images\/spring-summer-2020\/\" \/>\n<meta property=\"og:locale\" content=\"de_DE\" \/>\n<meta property=\"og:type\" content=\"article\" \/>\n<meta property=\"og:title\" content=\"Spring-Summer 2020 loops &#8211; TONALIBUS, Harmony and Tonalities\" \/>\n<meta property=\"og:description\" content=\"Personal sound samples from spring-summer 2020: Spontaneous, multi-layered, original improvisations by Ulrico on various instruments.\" \/>\n<meta property=\"og:url\" content=\"https:\/\/tonalibus.org\/de\/sounds\/2020-sound-and-images\/spring-summer-2020\/\" \/>\n<meta property=\"og:site_name\" content=\"TONALIBUS\" \/>\n<meta property=\"article:modified_time\" content=\"2023-02-09T07:07:41+00:00\" \/>\n<meta property=\"og:image\" content=\"https:\/\/tonalibus.org\/wp-content\/uploads\/2020\/09\/IMG_3198-cv.jpg\" \/>\n<meta name=\"twitter:card\" content=\"summary_large_image\" \/>\n<meta name=\"twitter:label1\" content=\"Gesch\u00e4tzte Lesezeit\" \/>\n\t<meta name=\"twitter:data1\" content=\"1\u00a0Minute\" \/>\n<script type=\"application\/ld+json\" class=\"yoast-schema-graph\">{\"@context\":\"https:\\\/\\\/schema.org\",\"@graph\":[{\"@type\":\"WebPage\",\"@id\":\"https:\\\/\\\/tonalibus.org\\\/sounds\\\/2020-sound-and-images\\\/spring-summer-2020\\\/\",\"url\":\"https:\\\/\\\/tonalibus.org\\\/sounds\\\/2020-sound-and-images\\\/spring-summer-2020\\\/\",\"name\":\"Spring-Summer 2020 loops &#8211; TONALIBUS, Harmony and Tonalities\",\"isPartOf\":{\"@id\":\"https:\\\/\\\/tonalibus.org\\\/de\\\/#website\"},\"primaryImageOfPage\":{\"@id\":\"https:\\\/\\\/tonalibus.org\\\/sounds\\\/2020-sound-and-images\\\/spring-summer-2020\\\/#primaryimage\"},\"image\":{\"@id\":\"https:\\\/\\\/tonalibus.org\\\/sounds\\\/2020-sound-and-images\\\/spring-summer-2020\\\/#primaryimage\"},\"thumbnailUrl\":\"https:\\\/\\\/tonalibus.org\\\/wp-content\\\/uploads\\\/2020\\\/09\\\/IMG_3198-cv.jpg\",\"datePublished\":\"2020-09-25T13:39:54+00:00\",\"dateModified\":\"2023-02-09T07:07:41+00:00\",\"description\":\"Personal sound samples from spring-summer 2020: Spontaneous, multi-layered, original improvisations by Ulrico on various instruments.\",\"breadcrumb\":{\"@id\":\"https:\\\/\\\/tonalibus.org\\\/sounds\\\/2020-sound-and-images\\\/spring-summer-2020\\\/#breadcrumb\"},\"inLanguage\":\"de-CH\",\"potentialAction\":[{\"@type\":\"ReadAction\",\"target\":[\"https:\\\/\\\/tonalibus.org\\\/sounds\\\/2020-sound-and-images\\\/spring-summer-2020\\\/\"]}]},{\"@type\":\"ImageObject\",\"inLanguage\":\"de-CH\",\"@id\":\"https:\\\/\\\/tonalibus.org\\\/sounds\\\/2020-sound-and-images\\\/spring-summer-2020\\\/#primaryimage\",\"url\":\"https:\\\/\\\/tonalibus.org\\\/wp-content\\\/uploads\\\/2020\\\/09\\\/IMG_3198-cv.jpg\",\"contentUrl\":\"https:\\\/\\\/tonalibus.org\\\/wp-content\\\/uploads\\\/2020\\\/09\\\/IMG_3198-cv.jpg\"},{\"@type\":\"BreadcrumbList\",\"@id\":\"https:\\\/\\\/tonalibus.org\\\/sounds\\\/2020-sound-and-images\\\/spring-summer-2020\\\/#breadcrumb\",\"itemListElement\":[{\"@type\":\"ListItem\",\"position\":1,\"name\":\"Home\",\"item\":\"https:\\\/\\\/tonalibus.org\\\/\"},{\"@type\":\"ListItem\",\"position\":2,\"name\":\"Sounds\",\"item\":\"https:\\\/\\\/tonalibus.org\\\/sounds\\\/\"},{\"@type\":\"ListItem\",\"position\":3,\"name\":\"2020 Sounds and Images\",\"item\":\"https:\\\/\\\/tonalibus.org\\\/sounds\\\/2020-sound-and-images\\\/\"},{\"@type\":\"ListItem\",\"position\":4,\"name\":\"Spring-Summer 2020 loops\"}]},{\"@type\":\"WebSite\",\"@id\":\"https:\\\/\\\/tonalibus.org\\\/de\\\/#website\",\"url\":\"https:\\\/\\\/tonalibus.org\\\/de\\\/\",\"name\":\"TONALIBUS\",\"description\":\"Anchored Harmony and Tonalities\",\"publisher\":{\"@id\":\"https:\\\/\\\/tonalibus.org\\\/de\\\/#\\\/schema\\\/person\\\/749261d7bc96d1f00127273f83ab96a4\"},\"potentialAction\":[{\"@type\":\"SearchAction\",\"target\":{\"@type\":\"EntryPoint\",\"urlTemplate\":\"https:\\\/\\\/tonalibus.org\\\/de\\\/?s={search_term_string}\"},\"query-input\":{\"@type\":\"PropertyValueSpecification\",\"valueRequired\":true,\"valueName\":\"search_term_string\"}}],\"inLanguage\":\"de-CH\"},{\"@type\":[\"Person\",\"Organization\"],\"@id\":\"https:\\\/\\\/tonalibus.org\\\/de\\\/#\\\/schema\\\/person\\\/749261d7bc96d1f00127273f83ab96a4\",\"name\":\"Ulrico\",\"image\":{\"@type\":\"ImageObject\",\"inLanguage\":\"de-CH\",\"@id\":\"https:\\\/\\\/tonalibus.org\\\/wp-content\\\/uploads\\\/2020\\\/06\\\/uli-pix.jpg\",\"url\":\"https:\\\/\\\/tonalibus.org\\\/wp-content\\\/uploads\\\/2020\\\/06\\\/uli-pix.jpg\",\"contentUrl\":\"https:\\\/\\\/tonalibus.org\\\/wp-content\\\/uploads\\\/2020\\\/06\\\/uli-pix.jpg\",\"width\":960,\"height\":720,\"caption\":\"Ulrico\"},\"logo\":{\"@id\":\"https:\\\/\\\/tonalibus.org\\\/wp-content\\\/uploads\\\/2020\\\/06\\\/uli-pix.jpg\"},\"sameAs\":[\"https:\\\/\\\/tonalibus.cyon.site\"]}]}<\/script>\n<!-- \/ Yoast SEO plugin. -->","yoast_head_json":{"title":"Fr\u00fchjahr-Sommer 2020 Schleifen - TONALIBUS, Harmonie und Tonalit\u00e4ten","description":"Pers\u00f6nliche Klangbeispiele vom Fr\u00fchling-Sommer 2020: Spontane, vielschichtige, originelle Improvisationen von Ulrico auf verschiedenen Instrumenten.","robots":{"index":"index","follow":"follow","max-snippet":"max-snippet:-1","max-image-preview":"max-image-preview:large","max-video-preview":"max-video-preview:-1"},"canonical":"https:\/\/tonalibus.org\/de\/sounds\/2020-sound-and-images\/spring-summer-2020\/","og_locale":"de_DE","og_type":"article","og_title":"Spring-Summer 2020 loops &#8211; TONALIBUS, Harmony and Tonalities","og_description":"Personal sound samples from spring-summer 2020: Spontaneous, multi-layered, original improvisations by Ulrico on various instruments.","og_url":"https:\/\/tonalibus.org\/de\/sounds\/2020-sound-and-images\/spring-summer-2020\/","og_site_name":"TONALIBUS","article_modified_time":"2023-02-09T07:07:41+00:00","og_image":[{"url":"https:\/\/tonalibus.org\/wp-content\/uploads\/2020\/09\/IMG_3198-cv.jpg","type":"","width":"","height":""}],"twitter_card":"summary_large_image","twitter_misc":{"Gesch\u00e4tzte Lesezeit":"1\u00a0Minute"},"schema":{"@context":"https:\/\/schema.org","@graph":[{"@type":"WebPage","@id":"https:\/\/tonalibus.org\/sounds\/2020-sound-and-images\/spring-summer-2020\/","url":"https:\/\/tonalibus.org\/sounds\/2020-sound-and-images\/spring-summer-2020\/","name":"Fr\u00fchjahr-Sommer 2020 Schleifen - TONALIBUS, Harmonie und Tonalit\u00e4ten","isPartOf":{"@id":"https:\/\/tonalibus.org\/de\/#website"},"primaryImageOfPage":{"@id":"https:\/\/tonalibus.org\/sounds\/2020-sound-and-images\/spring-summer-2020\/#primaryimage"},"image":{"@id":"https:\/\/tonalibus.org\/sounds\/2020-sound-and-images\/spring-summer-2020\/#primaryimage"},"thumbnailUrl":"https:\/\/tonalibus.org\/wp-content\/uploads\/2020\/09\/IMG_3198-cv.jpg","datePublished":"2020-09-25T13:39:54+00:00","dateModified":"2023-02-09T07:07:41+00:00","description":"Pers\u00f6nliche Klangbeispiele vom Fr\u00fchling-Sommer 2020: Spontane, vielschichtige, originelle Improvisationen von Ulrico auf verschiedenen Instrumenten.","breadcrumb":{"@id":"https:\/\/tonalibus.org\/sounds\/2020-sound-and-images\/spring-summer-2020\/#breadcrumb"},"inLanguage":"de-CH","potentialAction":[{"@type":"ReadAction","target":["https:\/\/tonalibus.org\/sounds\/2020-sound-and-images\/spring-summer-2020\/"]}]},{"@type":"ImageObject","inLanguage":"de-CH","@id":"https:\/\/tonalibus.org\/sounds\/2020-sound-and-images\/spring-summer-2020\/#primaryimage","url":"https:\/\/tonalibus.org\/wp-content\/uploads\/2020\/09\/IMG_3198-cv.jpg","contentUrl":"https:\/\/tonalibus.org\/wp-content\/uploads\/2020\/09\/IMG_3198-cv.jpg"},{"@type":"BreadcrumbList","@id":"https:\/\/tonalibus.org\/sounds\/2020-sound-and-images\/spring-summer-2020\/#breadcrumb","itemListElement":[{"@type":"ListItem","position":1,"name":"Home","item":"https:\/\/tonalibus.org\/"},{"@type":"ListItem","position":2,"name":"Sounds","item":"https:\/\/tonalibus.org\/sounds\/"},{"@type":"ListItem","position":3,"name":"2020 Sounds and Images","item":"https:\/\/tonalibus.org\/sounds\/2020-sound-and-images\/"},{"@type":"ListItem","position":4,"name":"Spring-Summer 2020 loops"}]},{"@type":"WebSite","@id":"https:\/\/tonalibus.org\/de\/#website","url":"https:\/\/tonalibus.org\/de\/","name":"TONALIBUS","description":"Verankerte Harmonie und Tonalit\u00e4ten","publisher":{"@id":"https:\/\/tonalibus.org\/de\/#\/schema\/person\/749261d7bc96d1f00127273f83ab96a4"},"potentialAction":[{"@type":"SearchAction","target":{"@type":"EntryPoint","urlTemplate":"https:\/\/tonalibus.org\/de\/?s={search_term_string}"},"query-input":{"@type":"PropertyValueSpecification","valueRequired":true,"valueName":"search_term_string"}}],"inLanguage":"de-CH"},{"@type":["Person","Organization"],"@id":"https:\/\/tonalibus.org\/de\/#\/schema\/person\/749261d7bc96d1f00127273f83ab96a4","name":"Ulrico","image":{"@type":"ImageObject","inLanguage":"de-CH","@id":"https:\/\/tonalibus.org\/wp-content\/uploads\/2020\/06\/uli-pix.jpg","url":"https:\/\/tonalibus.org\/wp-content\/uploads\/2020\/06\/uli-pix.jpg","contentUrl":"https:\/\/tonalibus.org\/wp-content\/uploads\/2020\/06\/uli-pix.jpg","width":960,"height":720,"caption":"Ulrico"},"logo":{"@id":"https:\/\/tonalibus.org\/wp-content\/uploads\/2020\/06\/uli-pix.jpg"},"sameAs":["https:\/\/tonalibus.cyon.site"]}]}},"_links":{"self":[{"href":"https:\/\/tonalibus.org\/de\/wp-json\/wp\/v2\/pages\/5671","targetHints":{"allow":["GET"]}}],"collection":[{"href":"https:\/\/tonalibus.org\/de\/wp-json\/wp\/v2\/pages"}],"about":[{"href":"https:\/\/tonalibus.org\/de\/wp-json\/wp\/v2\/types\/page"}],"author":[{"embeddable":true,"href":"https:\/\/tonalibus.org\/de\/wp-json\/wp\/v2\/users\/1"}],"replies":[{"embeddable":true,"href":"https:\/\/tonalibus.org\/de\/wp-json\/wp\/v2\/comments?post=5671"}],"version-history":[{"count":0,"href":"https:\/\/tonalibus.org\/de\/wp-json\/wp\/v2\/pages\/5671\/revisions"}],"up":[{"embeddable":true,"href":"https:\/\/tonalibus.org\/de\/wp-json\/wp\/v2\/pages\/20420"}],"wp:attachment":[{"href":"https:\/\/tonalibus.org\/de\/wp-json\/wp\/v2\/media?parent=5671"}],"curies":[{"name":"wp","href":"https:\/\/api.w.org\/{rel}","templated":true}]}}