{"id":6855,"date":"2020-12-01T16:48:20","date_gmt":"2020-12-01T15:48:20","guid":{"rendered":"https:\/\/tonalibus.org\/?page_id=6855"},"modified":"2024-08-25T17:46:48","modified_gmt":"2024-08-25T15:46:48","slug":"recent-posts","status":"publish","type":"page","link":"https:\/\/tonalibus.org\/de\/spiritualibus-blog\/recent-posts\/","title":{"rendered":"Neueste Blog-Beitr\u00e4ge"},"content":{"rendered":"<h2 class=\"wp-block-heading has-text-align-center has-text-color has-link-color wp-elements-65f5990ac668f7250ffee8a54c81d87d\" style=\"color:#f7b320\"><mark style=\"background-color:rgba(0, 0, 0, 0);color:#f7b320\" class=\"has-inline-color\">Neueste Spiritualibus-Blog-Beitr\u00e4ge (alle Kategorien)<\/mark><\/h2>\n\n\n\n<p class=\"has-text-align-center has-text-color has-link-color wp-elements-ff7969a7d601f9b0a30388970f00c341\" style=\"color:#f7b320\">(klicke auf den Titel, um den ganzen Beitrag zu sehen)<\/p>\n\n\n\n<div style=\"height:20px\" aria-hidden=\"true\" class=\"wp-block-spacer\"><\/div>\n\n\n<ul class=\"wp-block-latest-posts__list has-dates aligncenter wp-block-latest-posts\"><li><a class=\"wp-block-latest-posts__post-title\" href=\"https:\/\/tonalibus.org\/de\/2026\/05\/06\/tonality-of-the-moment-hexaremix\/\">Tonalit\u00e4t des Moments: HexaReMix<\/a><time datetime=\"2026-05-06T21:11:19+02:00\" class=\"wp-block-latest-posts__post-date\">6. Mai 2026<\/time><div class=\"wp-block-latest-posts__post-excerpt\">Die Tonalit\u00e4t des Moments f\u00fcr den sp\u00e4ten Fr\u00fchling \/ Fr\u00fchsommer 2026 ist HexaReMix, eine abgeleitete Hexatonalit\u00e4t...<\/div><\/li>\n<li><a class=\"wp-block-latest-posts__post-title\" href=\"https:\/\/tonalibus.org\/de\/2026\/05\/03\/happy-about-impermanence\/\">Gl\u00fccklich \u00fcber Verg\u00e4nglichkeit<\/a><time datetime=\"2026-05-03T17:23:05+02:00\" class=\"wp-block-latest-posts__post-date\">3. Mai 2026<\/time><div class=\"wp-block-latest-posts__post-excerpt\">Gl\u00fccklich \u00fcber Verg\u00e4nglichkeit, \nwarum leiden statt loszulassen, \ndas ist nicht meins, bin ich nicht, \nist nicht mein Selbst...<\/div><\/li>\n<li><a class=\"wp-block-latest-posts__post-title\" href=\"https:\/\/tonalibus.org\/de\/2026\/04\/29\/tonalibus-r-s-t-the-album\/\">Tonalibus R, S &amp; T \u2013 das Album<\/a><time datetime=\"2026-04-29T07:32:57+02:00\" class=\"wp-block-latest-posts__post-date\">29. April 2026<\/time><div class=\"wp-block-latest-posts__post-excerpt\">Das Triple-Album \u201cTonalibus R, S &amp; T\u201d erscheint weltweit auf vielen Musik-Plattformen am 1. Mai 2026 mit 27 meditative Improvisationen von Ulrico... <\/div><\/li>\n<li><a class=\"wp-block-latest-posts__post-title\" href=\"https:\/\/tonalibus.org\/de\/2026\/04\/19\/directly-knowing\/\">Direkt erkennen<\/a><time datetime=\"2026-04-19T10:08:57+02:00\" class=\"wp-block-latest-posts__post-date\">19. April 2026<\/time><div class=\"wp-block-latest-posts__post-excerpt\">Direkt erkennen\nsehen und h\u00f6ren\naus Mitgef\u00fchl\nweitergeben \n. . .<\/div><\/li>\n<li><a class=\"wp-block-latest-posts__post-title\" href=\"https:\/\/tonalibus.org\/de\/2026\/03\/20\/once-upon-a-time\/\">Es war einmal<\/a><time datetime=\"2026-03-20T13:04:18+01:00\" class=\"wp-block-latest-posts__post-date\">20. M\u00e4rz 2026<\/time><div class=\"wp-block-latest-posts__post-excerpt\">Es war einmal\nhabe ich geh\u00f6rt\nbei der Gelegenheit\nmit Leben besch\u00e4ftigt \n. . .<\/div><\/li>\n<li><a class=\"wp-block-latest-posts__post-title\" href=\"https:\/\/tonalibus.org\/de\/2026\/03\/13\/winter-spring-2026-tonalibus-update\/\">Winter-Fr\u00fchling 2026 Tonalibus-Update<\/a><time datetime=\"2026-03-13T17:51:13+01:00\" class=\"wp-block-latest-posts__post-date\">13. M\u00e4rz 2026<\/time><div class=\"wp-block-latest-posts__post-excerpt\">Dieses Tonalibus-Update vom Winter-Fr\u00fchling 2026 verk\u00fcndet den kommenden Release des neuen Dreifach-Albums \u201cTonalibus R, S &amp; T\u201d am 1. Mai. Dann betont es neue Tonalibus-Aufnahmen und mehr...<\/div><\/li>\n<li><a class=\"wp-block-latest-posts__post-title\" href=\"https:\/\/tonalibus.org\/de\/2026\/02\/23\/a-burning-platform\/\">Brennende Plattform<\/a><time datetime=\"2026-02-23T11:58:22+01:00\" class=\"wp-block-latest-posts__post-date\">23. Februar 2026<\/time><div class=\"wp-block-latest-posts__post-excerpt\">Brennende Plattform\ndiese Welt in Flammen\ngut mit Feuer umzugehen\neine ultimative Herausforderung \n. . .<\/div><\/li>\n<li><a class=\"wp-block-latest-posts__post-title\" href=\"https:\/\/tonalibus.org\/de\/2026\/02\/16\/tonality-of-the-moment-hexablunamix\/\">Tonalit\u00e4t des Moments: HexaBluNaMix<\/a><time datetime=\"2026-02-16T18:53:33+01:00\" class=\"wp-block-latest-posts__post-date\">16. Februar 2026<\/time><div class=\"wp-block-latest-posts__post-excerpt\">Die Tonalit\u00e4t des Moments f\u00fcr den Fr\u00fchling 2026 ist HexaBluNaMix, eine BluNa \/ (Lo)Mid Hexatonalit\u00e4t mit einem einzigartigen inneren Gleichgewicht...<\/div><\/li>\n<li><a class=\"wp-block-latest-posts__post-title\" href=\"https:\/\/tonalibus.org\/de\/2026\/02\/09\/refuge\/\">Zuflucht<\/a><time datetime=\"2026-02-09T15:24:36+01:00\" class=\"wp-block-latest-posts__post-date\">9. Februar 2026<\/time><div class=\"wp-block-latest-posts__post-excerpt\">Zuflucht\nso ein Name\neinmal gew\u00e4hlt\nv\u00f6llig unabh\u00e4ngig\nselbst vor langer Zeit \n. . .<\/div><\/li>\n<li><a class=\"wp-block-latest-posts__post-title\" href=\"https:\/\/tonalibus.org\/de\/2026\/01\/27\/looking-beyond-duality\/\">\u00dcber die Dualit\u00e4t hinausblicken<\/a><time datetime=\"2026-01-27T14:47:16+01:00\" class=\"wp-block-latest-posts__post-date\">27. Januar 2026<\/time><div class=\"wp-block-latest-posts__post-excerpt\">\u00dcber die Dualit\u00e4t hinausblicken\nbeendet die Entpersonifizierung\nals abgeschlossenes Experiment\nmit der klar gegebenen Erkenntnis\nder Personifizierung in allen Dingen\n. . .<\/div><\/li>\n<li><a class=\"wp-block-latest-posts__post-title\" href=\"https:\/\/tonalibus.org\/de\/2026\/01\/04\/together-in-the-harmony-of-life\/\">Zusammen in der Harmonie des Lebens<\/a><time datetime=\"2026-01-04T11:16:10+01:00\" class=\"wp-block-latest-posts__post-date\">4. Januar 2026<\/time><div class=\"wp-block-latest-posts__post-excerpt\">\u201cZusammen in der Harmonie des Lebens\u201d \nim Haus der Religionen in Bern \u2013 \nMeditation, Stille, Klang und Wort \n...<\/div><\/li>\n<li><a class=\"wp-block-latest-posts__post-title\" href=\"https:\/\/tonalibus.org\/de\/2025\/12\/31\/awake-here-now\/\">Wach jetzt hier<\/a><time datetime=\"2025-12-31T17:23:31+01:00\" class=\"wp-block-latest-posts__post-date\">25. Dezember 2025<\/time><div class=\"wp-block-latest-posts__post-excerpt\">Wach jetzt hier\nnach dem Schlaf\nnun erwacht \n . . .<\/div><\/li>\n<li><a class=\"wp-block-latest-posts__post-title\" href=\"https:\/\/tonalibus.org\/de\/2025\/12\/25\/spiritual-openness\/\">Spirituelle Offenheit<\/a><time datetime=\"2025-12-25T18:34:17+01:00\" class=\"wp-block-latest-posts__post-date\">25. Dezember 2025<\/time><div class=\"wp-block-latest-posts__post-excerpt\">Spirituelle Offenheit \nohne jegliche religi\u00f6se \ndogmatische Fixierung \nist so schwer zu finden \n. . .<\/div><\/li>\n<li><a class=\"wp-block-latest-posts__post-title\" href=\"https:\/\/tonalibus.org\/de\/2025\/12\/16\/flashes-of-radiant-cognizance-the-single\/\">Flashes of radiant cognizance \u2013 die Single<\/a><time datetime=\"2025-12-16T11:19:14+01:00\" class=\"wp-block-latest-posts__post-date\">16. Dezember 2025<\/time><div class=\"wp-block-latest-posts__post-excerpt\">\u201cFlashes of radiant cognizance\u201d \u2013 im leeren Raum \u2014 eine melodische Meditation \u2013 erscheint weltweit als neue Tonalibus-Single am 22. Dezember 2025. . .<\/div><\/li>\n<li><a class=\"wp-block-latest-posts__post-title\" href=\"https:\/\/tonalibus.org\/de\/2025\/12\/11\/a-dream-of-life\/\">Ein Traum des Lebens<\/a><time datetime=\"2025-12-11T11:55:55+01:00\" class=\"wp-block-latest-posts__post-date\">11. Dezember 2025<\/time><div class=\"wp-block-latest-posts__post-excerpt\">Ein Traum des Lebens\nf\u00e4ngt an zu erkennen\nendlich das Einhorn\nmit blossem Auge \n...<\/div><\/li>\n<li><a class=\"wp-block-latest-posts__post-title\" href=\"https:\/\/tonalibus.org\/de\/2025\/12\/01\/reality-is-what-one-believes\/\">Realit\u00e4t ist das, was man glaubt<\/a><time datetime=\"2025-12-01T11:36:06+01:00\" class=\"wp-block-latest-posts__post-date\">1. Dezember 2025<\/time><div class=\"wp-block-latest-posts__post-excerpt\">Realit\u00e4t ist das, was man glaubt \nalso h\u00f6r auf zu glauben, um zu sehen \nRealit\u00e4t ist das, was man glaubt \n...<\/div><\/li>\n<li><a class=\"wp-block-latest-posts__post-title\" href=\"https:\/\/tonalibus.org\/de\/2025\/11\/11\/tathagata-or-buddha\/\">Tath\u0101gata oder Buddha<\/a><time datetime=\"2025-11-11T15:56:42+01:00\" class=\"wp-block-latest-posts__post-date\">11. November 2025<\/time><div class=\"wp-block-latest-posts__post-excerpt\">Tath\u0101gata oder Buddha, \nVielfalt statt Uniformit\u00e4t, \nVerst\u00e4ndnis statt Ablehnung, \nBewusstsein statt Unwissenheit,\n...<\/div><\/li>\n<li><a class=\"wp-block-latest-posts__post-title\" href=\"https:\/\/tonalibus.org\/de\/2025\/11\/05\/tonality-of-the-moment-pentacor\/\">Tonalit\u00e4t des Moments: PentaCor<\/a><time datetime=\"2025-11-05T12:41:28+01:00\" class=\"wp-block-latest-posts__post-date\">5. November 2025<\/time><div class=\"wp-block-latest-posts__post-excerpt\">Die Tonalit\u00e4t des Moments f\u00fcr den Winter 2025-2026 ist PentaCor, eine Core-Tonalit\u00e4t und eine teilweise verankerte Basis-Pentatonalit\u00e4t...<\/div><\/li>\n<li><a class=\"wp-block-latest-posts__post-title\" href=\"https:\/\/tonalibus.org\/de\/2025\/11\/01\/i-remember-you\/\">Ich erinnere mich an dich<\/a><time datetime=\"2025-11-01T11:40:17+01:00\" class=\"wp-block-latest-posts__post-date\">1. November 2025<\/time><div class=\"wp-block-latest-posts__post-excerpt\">Ich erinnere mich an dich\nim gegenw\u00e4rtigen Moment\nobwohl doch sehr weit weg\nbist du hier in meinem Herz \n...<\/div><\/li>\n<li><a class=\"wp-block-latest-posts__post-title\" href=\"https:\/\/tonalibus.org\/de\/2025\/10\/25\/autumn-2025-tonalibus-update\/\">Herbst 2025 Tonalibus-Update<\/a><time datetime=\"2025-10-25T23:57:13+02:00\" class=\"wp-block-latest-posts__post-date\">25. Oktober 2025<\/time><div class=\"wp-block-latest-posts__post-excerpt\">In diesem Tonalibus-Update geht es um den bevorstehenden Release der neuen Single \u201cFlashes of radiant cognizance\u201d am 22. Dezember, die j\u00fcngste Single \u201cSwami Uodalric puja\u201d, neue Tonalibus-Aufnahmen in Playlists und Kl\u00e4nge, eine neue abgeleitete Hexatonalit\u00e4t, etc.<\/div><\/li>\n<\/ul>\n\n\n<div style=\"height:7px\" aria-hidden=\"true\" class=\"wp-block-spacer\"><\/div>\n\n\n\n<p class=\"has-text-align-center\"><mark style=\"background-color:rgba(0, 0, 0, 0);color:#f7b320\" class=\"has-inline-color\">Du kannst auf \u00e4ltere Blog-Beitr\u00e4ge zugreifen <\/mark><a href=\"https:\/\/tonalibus.org\/de\/spiritualibus-blog\/#category\"><mark style=\"background-color:rgba(0, 0, 0, 0);color:#f7b320\" class=\"has-inline-color\">nach Kategorie oder nach Monat<\/mark><\/a><mark style=\"background-color:rgba(0, 0, 0, 0);color:#f7b320\" class=\"has-inline-color\">.<\/mark><\/p>\n\n\n\n<div style=\"height:44px\" aria-hidden=\"true\" class=\"wp-block-spacer\"><\/div>\n\n\n<div class=\"wp-block-image\">\n<figure class=\"aligncenter size-large\"><img loading=\"lazy\" decoding=\"async\" width=\"1024\" height=\"293\" src=\"https:\/\/tonalibus.org\/wp-content\/uploads\/2020\/12\/IMG_3085-cxv-1024x293.jpg\" alt=\"Recent Blog Posts\" class=\"wp-image-6936\" srcset=\"https:\/\/tonalibus.org\/wp-content\/uploads\/2020\/12\/IMG_3085-cxv-1024x293.jpg 1024w, https:\/\/tonalibus.org\/wp-content\/uploads\/2020\/12\/IMG_3085-cxv-300x86.jpg 300w, https:\/\/tonalibus.org\/wp-content\/uploads\/2020\/12\/IMG_3085-cxv-768x219.jpg 768w, https:\/\/tonalibus.org\/wp-content\/uploads\/2020\/12\/IMG_3085-cxv-1536x439.jpg 1536w, https:\/\/tonalibus.org\/wp-content\/uploads\/2020\/12\/IMG_3085-cxv-2048x585.jpg 2048w, https:\/\/tonalibus.org\/wp-content\/uploads\/2020\/12\/IMG_3085-cxv-16x5.jpg 16w, https:\/\/tonalibus.org\/wp-content\/uploads\/2020\/12\/IMG_3085-cxv-1320x377.jpg 1320w\" sizes=\"auto, (max-width: 706px) 89vw, (max-width: 767px) 82vw, 740px\" \/><figcaption class=\"wp-element-caption\">Die Sonne geht unter, um an einem anderen Tag wieder aufzugehen \u2013 Eriz, Schweiz \u2013 Juni 2020<\/figcaption><\/figure>\n<\/div>","protected":false},"excerpt":{"rendered":"<p>J\u00fcngste Spiritualibus-Blogbeitr\u00e4ge (alle Kategorien) (klicke auf den Titel des Beitrags, um den ganzen Beitrag zu sehen) Du kannst \u00e4ltere Blogbeitr\u00e4ge nach Kategorie oder nach Monat aufrufen.<\/p>","protected":false},"author":1,"featured_media":0,"parent":3857,"menu_order":1,"comment_status":"closed","ping_status":"closed","template":"","meta":{"footnotes":""},"class_list":["post-6855","page","type-page","status-publish","hentry"],"yoast_head":"<!-- This site is optimized with the Yoast SEO plugin v27.5 - https:\/\/yoast.com\/product\/yoast-seo-wordpress\/ -->\n<title>Recent Blog Posts &#8211; TONALIBUS, Harmony and Tonalities<\/title>\n<meta name=\"description\" content=\"Recent Blog Posts \u2013 This Tonalibus webpage features a list of most recent Spiritualibus blog posts of all categories.\" \/>\n<meta name=\"robots\" content=\"index, follow, max-snippet:-1, max-image-preview:large, max-video-preview:-1\" \/>\n<link rel=\"canonical\" href=\"https:\/\/tonalibus.org\/de\/spiritualibus-blog\/recent-posts\/\" \/>\n<meta property=\"og:locale\" content=\"de_DE\" \/>\n<meta property=\"og:type\" content=\"article\" \/>\n<meta property=\"og:title\" content=\"Recent Blog Posts &#8211; TONALIBUS, Harmony and Tonalities\" \/>\n<meta property=\"og:description\" content=\"Recent Blog Posts \u2013 This Tonalibus webpage features a list of most recent Spiritualibus blog posts of all categories.\" \/>\n<meta property=\"og:url\" content=\"https:\/\/tonalibus.org\/de\/spiritualibus-blog\/recent-posts\/\" \/>\n<meta property=\"og:site_name\" content=\"TONALIBUS\" \/>\n<meta property=\"article:modified_time\" content=\"2024-08-25T15:46:48+00:00\" \/>\n<meta property=\"og:image\" content=\"https:\/\/tonalibus.org\/wp-content\/uploads\/2020\/12\/IMG_3085-cxv-1024x293.jpg\" \/>\n<meta name=\"twitter:card\" content=\"summary_large_image\" \/>\n<meta name=\"twitter:label1\" content=\"Gesch\u00e4tzte Lesezeit\" \/>\n\t<meta name=\"twitter:data1\" content=\"1\u00a0Minute\" \/>\n<script type=\"application\/ld+json\" class=\"yoast-schema-graph\">{\"@context\":\"https:\\\/\\\/schema.org\",\"@graph\":[{\"@type\":\"WebPage\",\"@id\":\"https:\\\/\\\/tonalibus.org\\\/spiritualibus-blog\\\/recent-posts\\\/\",\"url\":\"https:\\\/\\\/tonalibus.org\\\/spiritualibus-blog\\\/recent-posts\\\/\",\"name\":\"Recent Blog Posts &#8211; TONALIBUS, Harmony and Tonalities\",\"isPartOf\":{\"@id\":\"https:\\\/\\\/tonalibus.org\\\/de\\\/#website\"},\"primaryImageOfPage\":{\"@id\":\"https:\\\/\\\/tonalibus.org\\\/spiritualibus-blog\\\/recent-posts\\\/#primaryimage\"},\"image\":{\"@id\":\"https:\\\/\\\/tonalibus.org\\\/spiritualibus-blog\\\/recent-posts\\\/#primaryimage\"},\"thumbnailUrl\":\"https:\\\/\\\/tonalibus.org\\\/wp-content\\\/uploads\\\/2020\\\/12\\\/IMG_3085-cxv-1024x293.jpg\",\"datePublished\":\"2020-12-01T15:48:20+00:00\",\"dateModified\":\"2024-08-25T15:46:48+00:00\",\"description\":\"Recent Blog Posts \u2013 This Tonalibus webpage features a list of most recent Spiritualibus blog posts of all categories.\",\"breadcrumb\":{\"@id\":\"https:\\\/\\\/tonalibus.org\\\/spiritualibus-blog\\\/recent-posts\\\/#breadcrumb\"},\"inLanguage\":\"de-CH\",\"potentialAction\":[{\"@type\":\"ReadAction\",\"target\":[\"https:\\\/\\\/tonalibus.org\\\/spiritualibus-blog\\\/recent-posts\\\/\"]}]},{\"@type\":\"ImageObject\",\"inLanguage\":\"de-CH\",\"@id\":\"https:\\\/\\\/tonalibus.org\\\/spiritualibus-blog\\\/recent-posts\\\/#primaryimage\",\"url\":\"https:\\\/\\\/tonalibus.org\\\/wp-content\\\/uploads\\\/2020\\\/12\\\/IMG_3085-cxv-1024x293.jpg\",\"contentUrl\":\"https:\\\/\\\/tonalibus.org\\\/wp-content\\\/uploads\\\/2020\\\/12\\\/IMG_3085-cxv-1024x293.jpg\"},{\"@type\":\"BreadcrumbList\",\"@id\":\"https:\\\/\\\/tonalibus.org\\\/spiritualibus-blog\\\/recent-posts\\\/#breadcrumb\",\"itemListElement\":[{\"@type\":\"ListItem\",\"position\":1,\"name\":\"Home\",\"item\":\"https:\\\/\\\/tonalibus.org\\\/\"},{\"@type\":\"ListItem\",\"position\":2,\"name\":\"Spiritualibus Blog\",\"item\":\"https:\\\/\\\/tonalibus.org\\\/spiritualibus-blog\\\/\"},{\"@type\":\"ListItem\",\"position\":3,\"name\":\"Recent Blog Posts\"}]},{\"@type\":\"WebSite\",\"@id\":\"https:\\\/\\\/tonalibus.org\\\/de\\\/#website\",\"url\":\"https:\\\/\\\/tonalibus.org\\\/de\\\/\",\"name\":\"TONALIBUS\",\"description\":\"Anchored Harmony and Tonalities\",\"publisher\":{\"@id\":\"https:\\\/\\\/tonalibus.org\\\/de\\\/#\\\/schema\\\/person\\\/749261d7bc96d1f00127273f83ab96a4\"},\"potentialAction\":[{\"@type\":\"SearchAction\",\"target\":{\"@type\":\"EntryPoint\",\"urlTemplate\":\"https:\\\/\\\/tonalibus.org\\\/de\\\/?s={search_term_string}\"},\"query-input\":{\"@type\":\"PropertyValueSpecification\",\"valueRequired\":true,\"valueName\":\"search_term_string\"}}],\"inLanguage\":\"de-CH\"},{\"@type\":[\"Person\",\"Organization\"],\"@id\":\"https:\\\/\\\/tonalibus.org\\\/de\\\/#\\\/schema\\\/person\\\/749261d7bc96d1f00127273f83ab96a4\",\"name\":\"Ulrico\",\"image\":{\"@type\":\"ImageObject\",\"inLanguage\":\"de-CH\",\"@id\":\"https:\\\/\\\/tonalibus.org\\\/wp-content\\\/uploads\\\/2020\\\/06\\\/uli-pix.jpg\",\"url\":\"https:\\\/\\\/tonalibus.org\\\/wp-content\\\/uploads\\\/2020\\\/06\\\/uli-pix.jpg\",\"contentUrl\":\"https:\\\/\\\/tonalibus.org\\\/wp-content\\\/uploads\\\/2020\\\/06\\\/uli-pix.jpg\",\"width\":960,\"height\":720,\"caption\":\"Ulrico\"},\"logo\":{\"@id\":\"https:\\\/\\\/tonalibus.org\\\/wp-content\\\/uploads\\\/2020\\\/06\\\/uli-pix.jpg\"},\"sameAs\":[\"https:\\\/\\\/tonalibus.cyon.site\"]}]}<\/script>\n<!-- \/ Yoast SEO plugin. -->","yoast_head_json":{"title":"Aktuelle Blogbeitr\u00e4ge - TONALIBUS, Harmonie und Tonalit\u00e4ten","description":"Neueste Blogbeitr\u00e4ge - Diese Tonalibus-Webseite enth\u00e4lt eine Liste der neuesten Spiritualibus-Blogbeitr\u00e4ge aller Kategorien.","robots":{"index":"index","follow":"follow","max-snippet":"max-snippet:-1","max-image-preview":"max-image-preview:large","max-video-preview":"max-video-preview:-1"},"canonical":"https:\/\/tonalibus.org\/de\/spiritualibus-blog\/recent-posts\/","og_locale":"de_DE","og_type":"article","og_title":"Recent Blog Posts &#8211; TONALIBUS, Harmony and Tonalities","og_description":"Recent Blog Posts \u2013 This Tonalibus webpage features a list of most recent Spiritualibus blog posts of all categories.","og_url":"https:\/\/tonalibus.org\/de\/spiritualibus-blog\/recent-posts\/","og_site_name":"TONALIBUS","article_modified_time":"2024-08-25T15:46:48+00:00","og_image":[{"url":"https:\/\/tonalibus.org\/wp-content\/uploads\/2020\/12\/IMG_3085-cxv-1024x293.jpg","type":"","width":"","height":""}],"twitter_card":"summary_large_image","twitter_misc":{"Gesch\u00e4tzte Lesezeit":"1\u00a0Minute"},"schema":{"@context":"https:\/\/schema.org","@graph":[{"@type":"WebPage","@id":"https:\/\/tonalibus.org\/spiritualibus-blog\/recent-posts\/","url":"https:\/\/tonalibus.org\/spiritualibus-blog\/recent-posts\/","name":"Aktuelle Blogbeitr\u00e4ge - TONALIBUS, Harmonie und Tonalit\u00e4ten","isPartOf":{"@id":"https:\/\/tonalibus.org\/de\/#website"},"primaryImageOfPage":{"@id":"https:\/\/tonalibus.org\/spiritualibus-blog\/recent-posts\/#primaryimage"},"image":{"@id":"https:\/\/tonalibus.org\/spiritualibus-blog\/recent-posts\/#primaryimage"},"thumbnailUrl":"https:\/\/tonalibus.org\/wp-content\/uploads\/2020\/12\/IMG_3085-cxv-1024x293.jpg","datePublished":"2020-12-01T15:48:20+00:00","dateModified":"2024-08-25T15:46:48+00:00","description":"Neueste Blogbeitr\u00e4ge - Diese Tonalibus-Webseite enth\u00e4lt eine Liste der neuesten Spiritualibus-Blogbeitr\u00e4ge aller Kategorien.","breadcrumb":{"@id":"https:\/\/tonalibus.org\/spiritualibus-blog\/recent-posts\/#breadcrumb"},"inLanguage":"de-CH","potentialAction":[{"@type":"ReadAction","target":["https:\/\/tonalibus.org\/spiritualibus-blog\/recent-posts\/"]}]},{"@type":"ImageObject","inLanguage":"de-CH","@id":"https:\/\/tonalibus.org\/spiritualibus-blog\/recent-posts\/#primaryimage","url":"https:\/\/tonalibus.org\/wp-content\/uploads\/2020\/12\/IMG_3085-cxv-1024x293.jpg","contentUrl":"https:\/\/tonalibus.org\/wp-content\/uploads\/2020\/12\/IMG_3085-cxv-1024x293.jpg"},{"@type":"BreadcrumbList","@id":"https:\/\/tonalibus.org\/spiritualibus-blog\/recent-posts\/#breadcrumb","itemListElement":[{"@type":"ListItem","position":1,"name":"Home","item":"https:\/\/tonalibus.org\/"},{"@type":"ListItem","position":2,"name":"Spiritualibus Blog","item":"https:\/\/tonalibus.org\/spiritualibus-blog\/"},{"@type":"ListItem","position":3,"name":"Recent Blog Posts"}]},{"@type":"WebSite","@id":"https:\/\/tonalibus.org\/de\/#website","url":"https:\/\/tonalibus.org\/de\/","name":"TONALIBUS","description":"Verankerte Harmonie und Tonalit\u00e4ten","publisher":{"@id":"https:\/\/tonalibus.org\/de\/#\/schema\/person\/749261d7bc96d1f00127273f83ab96a4"},"potentialAction":[{"@type":"SearchAction","target":{"@type":"EntryPoint","urlTemplate":"https:\/\/tonalibus.org\/de\/?s={search_term_string}"},"query-input":{"@type":"PropertyValueSpecification","valueRequired":true,"valueName":"search_term_string"}}],"inLanguage":"de-CH"},{"@type":["Person","Organization"],"@id":"https:\/\/tonalibus.org\/de\/#\/schema\/person\/749261d7bc96d1f00127273f83ab96a4","name":"Ulrico","image":{"@type":"ImageObject","inLanguage":"de-CH","@id":"https:\/\/tonalibus.org\/wp-content\/uploads\/2020\/06\/uli-pix.jpg","url":"https:\/\/tonalibus.org\/wp-content\/uploads\/2020\/06\/uli-pix.jpg","contentUrl":"https:\/\/tonalibus.org\/wp-content\/uploads\/2020\/06\/uli-pix.jpg","width":960,"height":720,"caption":"Ulrico"},"logo":{"@id":"https:\/\/tonalibus.org\/wp-content\/uploads\/2020\/06\/uli-pix.jpg"},"sameAs":["https:\/\/tonalibus.cyon.site"]}]}},"_links":{"self":[{"href":"https:\/\/tonalibus.org\/de\/wp-json\/wp\/v2\/pages\/6855","targetHints":{"allow":["GET"]}}],"collection":[{"href":"https:\/\/tonalibus.org\/de\/wp-json\/wp\/v2\/pages"}],"about":[{"href":"https:\/\/tonalibus.org\/de\/wp-json\/wp\/v2\/types\/page"}],"author":[{"embeddable":true,"href":"https:\/\/tonalibus.org\/de\/wp-json\/wp\/v2\/users\/1"}],"replies":[{"embeddable":true,"href":"https:\/\/tonalibus.org\/de\/wp-json\/wp\/v2\/comments?post=6855"}],"version-history":[{"count":0,"href":"https:\/\/tonalibus.org\/de\/wp-json\/wp\/v2\/pages\/6855\/revisions"}],"up":[{"embeddable":true,"href":"https:\/\/tonalibus.org\/de\/wp-json\/wp\/v2\/pages\/3857"}],"wp:attachment":[{"href":"https:\/\/tonalibus.org\/de\/wp-json\/wp\/v2\/media?parent=6855"}],"curies":[{"name":"wp","href":"https:\/\/api.w.org\/{rel}","templated":true}]}}