{"id":6865,"date":"2020-12-01T18:27:24","date_gmt":"2020-12-01T17:27:24","guid":{"rendered":"https:\/\/tonalibus.org\/?page_id=6865"},"modified":"2022-03-03T22:57:31","modified_gmt":"2022-03-03T21:57:31","slug":"sbp-repository","status":"publish","type":"page","link":"https:\/\/tonalibus.org\/de\/inner-circle\/sbp-repository\/","title":{"rendered":"SBP-Depot"},"content":{"rendered":"","protected":true},"excerpt":{"rendered":"","protected":true},"author":1,"featured_media":0,"parent":347,"menu_order":1,"comment_status":"closed","ping_status":"closed","template":"","meta":{"footnotes":""},"class_list":["post-6865","page","type-page","status-publish","post-password-required","hentry"],"yoast_head":"<!-- This site is optimized with the Yoast SEO plugin v27.5 - https:\/\/yoast.com\/product\/yoast-seo-wordpress\/ -->\n<title>SBP Repository &#8211; TONALIBUS, Harmony and Tonalities<\/title>\n<meta name=\"description\" content=\"List of Spiritualibus Blog Posts \u2013 This Tonalibus webpage features a more or less complete list of Spiritualibus blog posts of allcategories\" \/>\n<meta name=\"robots\" content=\"noindex, nofollow\" \/>\n<meta property=\"og:locale\" content=\"de_DE\" \/>\n<meta property=\"og:type\" content=\"article\" \/>\n<meta property=\"og:title\" content=\"SBP Repository &#8211; TONALIBUS, Harmony and Tonalities\" \/>\n<meta property=\"og:description\" content=\"List of Spiritualibus Blog Posts \u2013 This Tonalibus webpage features a more or less complete list of Spiritualibus blog posts of allcategories\" \/>\n<meta property=\"og:url\" content=\"https:\/\/tonalibus.org\/de\/inner-circle\/sbp-repository\/\" \/>\n<meta property=\"og:site_name\" content=\"TONALIBUS\" \/>\n<meta property=\"article:modified_time\" content=\"2022-03-03T21:57:31+00:00\" \/>\n<meta name=\"twitter:card\" content=\"summary_large_image\" \/>\n<meta name=\"twitter:label1\" content=\"Gesch\u00e4tzte Lesezeit\" \/>\n\t<meta name=\"twitter:data1\" content=\"1\u00a0Minute\" \/>\n<script type=\"application\/ld+json\" class=\"yoast-schema-graph\">{\"@context\":\"https:\\\/\\\/schema.org\",\"@graph\":[{\"@type\":\"WebPage\",\"@id\":\"https:\\\/\\\/tonalibus.org\\\/en\\\/inner-circle\\\/sbp-repository\\\/\",\"url\":\"https:\\\/\\\/tonalibus.org\\\/en\\\/inner-circle\\\/sbp-repository\\\/\",\"name\":\"SBP Repository &#8211; TONALIBUS, Harmony and Tonalities\",\"isPartOf\":{\"@id\":\"https:\\\/\\\/tonalibus.org\\\/de\\\/#website\"},\"datePublished\":\"2020-12-01T17:27:24+00:00\",\"dateModified\":\"2022-03-03T21:57:31+00:00\",\"breadcrumb\":{\"@id\":\"https:\\\/\\\/tonalibus.org\\\/en\\\/inner-circle\\\/sbp-repository\\\/#breadcrumb\"},\"inLanguage\":\"de-CH\"},{\"@type\":\"WebSite\",\"@id\":\"https:\\\/\\\/tonalibus.org\\\/de\\\/#website\",\"url\":\"https:\\\/\\\/tonalibus.org\\\/de\\\/\",\"name\":\"TONALIBUS\",\"description\":\"Anchored Harmony and Tonalities\",\"publisher\":{\"@id\":\"https:\\\/\\\/tonalibus.org\\\/de\\\/#\\\/schema\\\/person\\\/749261d7bc96d1f00127273f83ab96a4\"},\"potentialAction\":[{\"@type\":\"SearchAction\",\"target\":{\"@type\":\"EntryPoint\",\"urlTemplate\":\"https:\\\/\\\/tonalibus.org\\\/de\\\/?s={search_term_string}\"},\"query-input\":{\"@type\":\"PropertyValueSpecification\",\"valueRequired\":true,\"valueName\":\"search_term_string\"}}],\"inLanguage\":\"de-CH\"}]}<\/script>\n<!-- \/ Yoast SEO plugin. -->","yoast_head_json":{"title":"SBP Repository - TONALIBUS, Harmonie und Tonalit\u00e4ten","description":"Liste der Spiritualibus-Blog-Posts - Diese Tonalibus-Webseite enth\u00e4lt eine mehr oder weniger vollst\u00e4ndige Liste von Spiritualibus-Blog-Posts aller Kategorien","robots":{"index":"noindex","follow":"nofollow"},"og_locale":"de_DE","og_type":"article","og_title":"SBP Repository &#8211; TONALIBUS, Harmony and Tonalities","og_description":"List of Spiritualibus Blog Posts \u2013 This Tonalibus webpage features a more or less complete list of Spiritualibus blog posts of allcategories","og_url":"https:\/\/tonalibus.org\/de\/inner-circle\/sbp-repository\/","og_site_name":"TONALIBUS","article_modified_time":"2022-03-03T21:57:31+00:00","twitter_card":"summary_large_image","twitter_misc":{"Gesch\u00e4tzte Lesezeit":"1\u00a0Minute"},"schema":{"@context":"https:\/\/schema.org","@graph":[{"@type":"WebPage","@id":"https:\/\/tonalibus.org\/en\/inner-circle\/sbp-repository\/","url":"https:\/\/tonalibus.org\/en\/inner-circle\/sbp-repository\/","name":"SBP Repository - TONALIBUS, Harmonie und Tonalit\u00e4ten","isPartOf":{"@id":"https:\/\/tonalibus.org\/de\/#website"},"datePublished":"2020-12-01T17:27:24+00:00","dateModified":"2022-03-03T21:57:31+00:00","breadcrumb":{"@id":"https:\/\/tonalibus.org\/en\/inner-circle\/sbp-repository\/#breadcrumb"},"inLanguage":"de-CH"},{"@type":"WebSite","@id":"https:\/\/tonalibus.org\/de\/#website","url":"https:\/\/tonalibus.org\/de\/","name":"TONALIBUS","description":"Verankerte Harmonie und Tonalit\u00e4ten","publisher":{"@id":"https:\/\/tonalibus.org\/de\/#\/schema\/person\/749261d7bc96d1f00127273f83ab96a4"},"potentialAction":[{"@type":"SearchAction","target":{"@type":"EntryPoint","urlTemplate":"https:\/\/tonalibus.org\/de\/?s={search_term_string}"},"query-input":{"@type":"PropertyValueSpecification","valueRequired":true,"valueName":"search_term_string"}}],"inLanguage":"de-CH"}]}},"_links":{"self":[{"href":"https:\/\/tonalibus.org\/de\/wp-json\/wp\/v2\/pages\/6865","targetHints":{"allow":["GET"]}}],"collection":[{"href":"https:\/\/tonalibus.org\/de\/wp-json\/wp\/v2\/pages"}],"about":[{"href":"https:\/\/tonalibus.org\/de\/wp-json\/wp\/v2\/types\/page"}],"author":[{"embeddable":true,"href":"https:\/\/tonalibus.org\/de\/wp-json\/wp\/v2\/users\/1"}],"replies":[{"embeddable":true,"href":"https:\/\/tonalibus.org\/de\/wp-json\/wp\/v2\/comments?post=6865"}],"version-history":[{"count":0,"href":"https:\/\/tonalibus.org\/de\/wp-json\/wp\/v2\/pages\/6865\/revisions"}],"up":[{"embeddable":true,"href":"https:\/\/tonalibus.org\/de\/wp-json\/wp\/v2\/pages\/347"}],"wp:attachment":[{"href":"https:\/\/tonalibus.org\/de\/wp-json\/wp\/v2\/media?parent=6865"}],"curies":[{"name":"wp","href":"https:\/\/api.w.org\/{rel}","templated":true}]}}