{"id":11901,"date":"2021-06-15T12:08:22","date_gmt":"2021-06-15T10:08:22","guid":{"rendered":"https:\/\/tonalibus.org\/?page_id=11901"},"modified":"2023-11-10T11:19:00","modified_gmt":"2023-11-10T10:19:00","slug":"omnibus-posts","status":"publish","type":"page","link":"https:\/\/tonalibus.org\/fr\/spiritualibus-blog\/omnibus-posts\/","title":{"rendered":"Messages Omnibus"},"content":{"rendered":"<h2 class=\"wp-block-heading has-text-align-center\"><mark style=\"background-color:rgba(0, 0, 0, 0);color:#f7b320\" class=\"has-inline-color\">Messages du blog Spiritualibus de la cat\u00e9gorie Omnibus<\/mark><\/h2>\n\n\n\n<p class=\"has-text-align-center\"><mark style=\"background-color:rgba(0, 0, 0, 0);color:#f7b320\" class=\"has-inline-color\">Les messages de la cat\u00e9gorie Omnibus sont des messages en vedette de toutes les cat\u00e9gories.<\/mark><\/p>\n\n\n\n<div style=\"height:20px\" aria-hidden=\"true\" class=\"wp-block-spacer\"><\/div>\n\n\n<ul class=\"wp-block-latest-posts__list has-dates aligncenter wp-block-latest-posts\"><li><a class=\"wp-block-latest-posts__post-title\" href=\"https:\/\/tonalibus.org\/fr\/2026\/01\/27\/looking-beyond-duality\/\">Regarder au-del\u00e0 de la dualit\u00e9<\/a><time datetime=\"2026-01-27T14:47:16+01:00\" class=\"wp-block-latest-posts__post-date\">27 janvier 2026<\/time><div class=\"wp-block-latest-posts__post-excerpt\">Regarder au-del\u00e0 de la dualit\u00e9\nmet fin \u00e0 la d\u00e9personnalisation\nune exp\u00e9rimentation qui s'ach\u00e8ve\navec la prise de conscience nette\nde la personnification en tout\n. . .<\/div><\/li>\n<li><a class=\"wp-block-latest-posts__post-title\" href=\"https:\/\/tonalibus.org\/fr\/2025\/10\/14\/reality-theater\/\">Th\u00e9\u00e2tre de la r\u00e9alit\u00e9<\/a><time datetime=\"2025-10-14T22:39:10+02:00\" class=\"wp-block-latest-posts__post-date\">14 octobre 2025<\/time><div class=\"wp-block-latest-posts__post-excerpt\">Th\u00e9\u00e2tre de la r\u00e9alit\u00e9\nou la r\u00e9alit\u00e9 du th\u00e9\u00e2tre\nquelle est la diff\u00e9rence\ny a-t-il une diff\u00e9rence \n...<\/div><\/li>\n<li><a class=\"wp-block-latest-posts__post-title\" href=\"https:\/\/tonalibus.org\/fr\/2025\/08\/26\/a-small-child\/\">Un petit enfant<\/a><time datetime=\"2025-08-26T17:27:02+02:00\" class=\"wp-block-latest-posts__post-date\">26 ao\u00fbt 2025<\/time><div class=\"wp-block-latest-posts__post-excerpt\">Un petit enfant\nse cache dans mon c\u0153ur\net croit tr\u00e8s fermement\naux f\u00e9es et gnomes\nau bien des gens \n...<\/div><\/li>\n<li><a class=\"wp-block-latest-posts__post-title\" href=\"https:\/\/tonalibus.org\/fr\/2025\/03\/27\/sound-of-silence\/\">Le son du silence<\/a><time datetime=\"2025-03-27T10:36:29+01:00\" class=\"wp-block-latest-posts__post-date\">27 mars 2025<\/time><div class=\"wp-block-latest-posts__post-excerpt\">Le son du silence\n\u00e0 \u00eatre entendu et per\u00e7u\nun pour tous et tous pour un \n...<\/div><\/li>\n<li><a class=\"wp-block-latest-posts__post-title\" href=\"https:\/\/tonalibus.org\/fr\/2025\/02\/24\/the-good-of-religions\/\">Le bien des religions<\/a><time datetime=\"2025-02-24T06:50:37+01:00\" class=\"wp-block-latest-posts__post-date\">24 f\u00e9vrier 2025<\/time><div class=\"wp-block-latest-posts__post-excerpt\">Le bien des religions et de la foi\nLe bien de Mahomet et de Mo\u00efse\nLe bien de J\u00e9sus et de Bouddha\nLe bien de Brahma et du Tao\nLe bien de Dieu et de tout...<\/div><\/li>\n<li><a class=\"wp-block-latest-posts__post-title\" href=\"https:\/\/tonalibus.org\/fr\/2024\/06\/19\/a-lions-roar\/\">Le rugissement d'un lion<\/a><time datetime=\"2024-06-19T18:10:40+02:00\" class=\"wp-block-latest-posts__post-date\">19 juin 2024<\/time><div class=\"wp-block-latest-posts__post-excerpt\">Que tout est comme tu es\nQue tout est toi\nQue tu es\nTu es tout\nTu es comme tout est\nCeci est quelque chose qui est\n...<\/div><\/li>\n<li><a class=\"wp-block-latest-posts__post-title\" href=\"https:\/\/tonalibus.org\/fr\/2024\/05\/13\/life-love-and-the-divine\/\">La vie, l'amour et le divin<\/a><time datetime=\"2024-05-13T09:50:11+02:00\" class=\"wp-block-latest-posts__post-date\">13 mai 2024<\/time><div class=\"wp-block-latest-posts__post-excerpt\">La vie, l'amour et le divin\nMa lign\u00e9e d'enseignants\nIl est possible d'\u00eatre libre\nDe tels liens personnalis\u00e9s \n...<\/div><\/li>\n<li><a class=\"wp-block-latest-posts__post-title\" href=\"https:\/\/tonalibus.org\/fr\/2023\/07\/20\/total-honesty\/\">Honn\u00eatet\u00e9 totale<\/a><time datetime=\"2023-07-20T12:00:17+02:00\" class=\"wp-block-latest-posts__post-date\">20 juillet 2023<\/time><div class=\"wp-block-latest-posts__post-excerpt\">Honn\u00eatet\u00e9 totale\nDedans et dehors\nDevient invincible\nDans la mesure\nDe la r\u00e9alisation\n...<\/div><\/li>\n<li><a class=\"wp-block-latest-posts__post-title\" href=\"https:\/\/tonalibus.org\/fr\/2022\/04\/17\/tathagata\/\">Tathagata<\/a><time datetime=\"2022-04-17T14:32:20+02:00\" class=\"wp-block-latest-posts__post-date\">17 avril 2022<\/time><div class=\"wp-block-latest-posts__post-excerpt\">Tathagata\nquoi et qui\nquelque chose\nrien du tout\nchaque chose\n...\n<\/div><\/li>\n<li><a class=\"wp-block-latest-posts__post-title\" href=\"https:\/\/tonalibus.org\/fr\/2021\/05\/15\/ones-own-way\/\">Sa propre voie<\/a><time datetime=\"2021-05-15T04:08:46+02:00\" class=\"wp-block-latest-posts__post-date\">15 mai 2021<\/time><div class=\"wp-block-latest-posts__post-excerpt\">Oui, je vais sur mon chemin !\nEst-ce que vous suivez votre voie ?\nA moins que vous ne le faites, en effet\nVous n'allez pas dans votre sens.\nEst-ce que quelqu'un peut jamais\nSuivre la voie de quelqu'un d'autre ...<\/div><\/li>\n<li><a class=\"wp-block-latest-posts__post-title\" href=\"https:\/\/tonalibus.org\/fr\/2020\/12\/10\/dear-god-dear-love\/\">Cher Dieu<\/a><time datetime=\"2020-12-10T10:12:38+01:00\" class=\"wp-block-latest-posts__post-date\">10 d\u00e9cembre 2020<\/time><div class=\"wp-block-latest-posts__post-excerpt\">Cher Dieu, cher amour, j'aime avec tout mon c\u0153ur, conscient, tu aimes aussi moi avec tout ton c\u0153ur. C'est tout. Ton c\u0153ur avec tout, aussi moi, tu aimes, conscient mon c\u0153ur avec tout, j'aime, cher amour.\n...<\/div><\/li>\n<li><a class=\"wp-block-latest-posts__post-title\" href=\"https:\/\/tonalibus.org\/fr\/2020\/06\/21\/have-i-ever-told-you\/\">Te l'ai-je d\u00e9j\u00e0 dit ?<\/a><time datetime=\"2020-06-21T11:59:37+02:00\" class=\"wp-block-latest-posts__post-date\">21 juin 2020<\/time><div class=\"wp-block-latest-posts__post-excerpt\">Te l'ai-je d\u00e9j\u00e0 dit\n\u00e0 quel point tu es belle,\n\u00e0 quel point merveilleuse et sp\u00e9ciale ?\nEt que je t'aime ?\n...<\/div><\/li>\n<\/ul>\n\n\n<div class=\"wp-block-buttons is-content-justification-center is-layout-flex wp-container-core-buttons-is-layout-16018d1d wp-block-buttons-is-layout-flex\">\n<div class=\"wp-block-button is-style-outline is-style-outline--1\"><a class=\"wp-block-button__link wp-element-button\" href=\"https:\/\/tonalibus.org\/fr\/category\/omnibus\/\">Vue compl\u00e8te <br>de tous les messages Omnibus<\/a><\/div>\n<\/div>\n\n\n\n<div style=\"height:64px\" aria-hidden=\"true\" class=\"wp-block-spacer\"><\/div>\n\n\n\n<figure class=\"wp-block-image size-large\"><img loading=\"lazy\" decoding=\"async\" width=\"1024\" height=\"293\" src=\"https:\/\/tonalibus.org\/wp-content\/uploads\/2020\/12\/IMG_3085-cxv-1024x293.jpg\" alt=\"IMG_3085 cxv - Omnibus Posts\" class=\"wp-image-6936\" srcset=\"https:\/\/tonalibus.org\/wp-content\/uploads\/2020\/12\/IMG_3085-cxv-1024x293.jpg 1024w, https:\/\/tonalibus.org\/wp-content\/uploads\/2020\/12\/IMG_3085-cxv-300x86.jpg 300w, https:\/\/tonalibus.org\/wp-content\/uploads\/2020\/12\/IMG_3085-cxv-768x219.jpg 768w, https:\/\/tonalibus.org\/wp-content\/uploads\/2020\/12\/IMG_3085-cxv-1536x439.jpg 1536w, https:\/\/tonalibus.org\/wp-content\/uploads\/2020\/12\/IMG_3085-cxv-2048x585.jpg 2048w, https:\/\/tonalibus.org\/wp-content\/uploads\/2020\/12\/IMG_3085-cxv-16x5.jpg 16w, https:\/\/tonalibus.org\/wp-content\/uploads\/2020\/12\/IMG_3085-cxv-1320x377.jpg 1320w\" sizes=\"auto, (max-width: 706px) 89vw, (max-width: 767px) 82vw, 740px\" \/><figcaption class=\"wp-element-caption\">Le soleil se couche, pour se relever un autre jour \u2013 Eriz, Suisse \u2013 juin 2020<\/figcaption><\/figure>","protected":false},"excerpt":{"rendered":"<p>Spiritualibus blog posts of the category Omnibus Les posts de la cat\u00e9gorie Omnibus sont des points forts de toutes les cat\u00e9gories.<\/p>","protected":false},"author":1,"featured_media":0,"parent":3857,"menu_order":8,"comment_status":"closed","ping_status":"closed","template":"","meta":{"footnotes":""},"class_list":["post-11901","page","type-page","status-publish","hentry"],"yoast_head":"<!-- This site is optimized with the Yoast SEO plugin v27.3 - https:\/\/yoast.com\/product\/yoast-seo-wordpress\/ -->\n<title>Omnibus Posts &#8211; TONALIBUS, Anchored Harmony and Tonalities<\/title>\n<meta name=\"description\" content=\"Omnibus Posts \u2013 This Tonalibus webpage features a list of Spiritualibus blog posts that are of the category &quot;Omnibus&quot;, i.e. highlight posts.\" \/>\n<meta name=\"robots\" content=\"index, follow, max-snippet:-1, max-image-preview:large, max-video-preview:-1\" \/>\n<link rel=\"canonical\" href=\"https:\/\/tonalibus.org\/fr\/spiritualibus-blog\/omnibus-posts\/\" \/>\n<meta property=\"og:locale\" content=\"fr_FR\" \/>\n<meta property=\"og:type\" content=\"article\" \/>\n<meta property=\"og:title\" content=\"Omnibus Posts &#8211; TONALIBUS, Anchored Harmony and Tonalities\" \/>\n<meta property=\"og:description\" content=\"Omnibus Posts \u2013 This Tonalibus webpage features a list of Spiritualibus blog posts that are of the category &quot;Omnibus&quot;, i.e. highlight posts.\" \/>\n<meta property=\"og:url\" content=\"https:\/\/tonalibus.org\/fr\/spiritualibus-blog\/omnibus-posts\/\" \/>\n<meta property=\"og:site_name\" content=\"TONALIBUS\" \/>\n<meta property=\"article:modified_time\" content=\"2023-11-10T10:19:00+00:00\" \/>\n<meta property=\"og:image\" content=\"https:\/\/tonalibus.org\/wp-content\/uploads\/2020\/12\/IMG_3085-cxv-1024x293.jpg\" \/>\n<meta name=\"twitter:card\" content=\"summary_large_image\" \/>\n<meta name=\"twitter:label1\" content=\"Dur\u00e9e de lecture estim\u00e9e\" \/>\n\t<meta name=\"twitter:data1\" content=\"1 minute\" \/>\n<script type=\"application\/ld+json\" class=\"yoast-schema-graph\">{\"@context\":\"https:\\\/\\\/schema.org\",\"@graph\":[{\"@type\":\"WebPage\",\"@id\":\"https:\\\/\\\/tonalibus.org\\\/spiritualibus-blog\\\/omnibus-posts\\\/\",\"url\":\"https:\\\/\\\/tonalibus.org\\\/spiritualibus-blog\\\/omnibus-posts\\\/\",\"name\":\"Omnibus Posts &#8211; TONALIBUS, Anchored Harmony and Tonalities\",\"isPartOf\":{\"@id\":\"https:\\\/\\\/tonalibus.org\\\/de\\\/#website\"},\"primaryImageOfPage\":{\"@id\":\"https:\\\/\\\/tonalibus.org\\\/spiritualibus-blog\\\/omnibus-posts\\\/#primaryimage\"},\"image\":{\"@id\":\"https:\\\/\\\/tonalibus.org\\\/spiritualibus-blog\\\/omnibus-posts\\\/#primaryimage\"},\"thumbnailUrl\":\"https:\\\/\\\/tonalibus.org\\\/wp-content\\\/uploads\\\/2020\\\/12\\\/IMG_3085-cxv-1024x293.jpg\",\"datePublished\":\"2021-06-15T10:08:22+00:00\",\"dateModified\":\"2023-11-10T10:19:00+00:00\",\"description\":\"Omnibus Posts \u2013 This Tonalibus webpage features a list of Spiritualibus blog posts that are of the category \\\"Omnibus\\\", i.e. highlight posts.\",\"breadcrumb\":{\"@id\":\"https:\\\/\\\/tonalibus.org\\\/spiritualibus-blog\\\/omnibus-posts\\\/#breadcrumb\"},\"inLanguage\":\"fr-FR\",\"potentialAction\":[{\"@type\":\"ReadAction\",\"target\":[\"https:\\\/\\\/tonalibus.org\\\/spiritualibus-blog\\\/omnibus-posts\\\/\"]}]},{\"@type\":\"ImageObject\",\"inLanguage\":\"fr-FR\",\"@id\":\"https:\\\/\\\/tonalibus.org\\\/spiritualibus-blog\\\/omnibus-posts\\\/#primaryimage\",\"url\":\"https:\\\/\\\/tonalibus.org\\\/wp-content\\\/uploads\\\/2020\\\/12\\\/IMG_3085-cxv-1024x293.jpg\",\"contentUrl\":\"https:\\\/\\\/tonalibus.org\\\/wp-content\\\/uploads\\\/2020\\\/12\\\/IMG_3085-cxv-1024x293.jpg\"},{\"@type\":\"BreadcrumbList\",\"@id\":\"https:\\\/\\\/tonalibus.org\\\/spiritualibus-blog\\\/omnibus-posts\\\/#breadcrumb\",\"itemListElement\":[{\"@type\":\"ListItem\",\"position\":1,\"name\":\"Home\",\"item\":\"https:\\\/\\\/tonalibus.org\\\/\"},{\"@type\":\"ListItem\",\"position\":2,\"name\":\"Spiritualibus Blog\",\"item\":\"https:\\\/\\\/tonalibus.org\\\/spiritualibus-blog\\\/\"},{\"@type\":\"ListItem\",\"position\":3,\"name\":\"Omnibus Posts\"}]},{\"@type\":\"WebSite\",\"@id\":\"https:\\\/\\\/tonalibus.org\\\/de\\\/#website\",\"url\":\"https:\\\/\\\/tonalibus.org\\\/de\\\/\",\"name\":\"TONALIBUS\",\"description\":\"Anchored Harmony and Tonalities\",\"publisher\":{\"@id\":\"https:\\\/\\\/tonalibus.org\\\/de\\\/#\\\/schema\\\/person\\\/749261d7bc96d1f00127273f83ab96a4\"},\"potentialAction\":[{\"@type\":\"SearchAction\",\"target\":{\"@type\":\"EntryPoint\",\"urlTemplate\":\"https:\\\/\\\/tonalibus.org\\\/de\\\/?s={search_term_string}\"},\"query-input\":{\"@type\":\"PropertyValueSpecification\",\"valueRequired\":true,\"valueName\":\"search_term_string\"}}],\"inLanguage\":\"fr-FR\"},{\"@type\":[\"Person\",\"Organization\"],\"@id\":\"https:\\\/\\\/tonalibus.org\\\/de\\\/#\\\/schema\\\/person\\\/749261d7bc96d1f00127273f83ab96a4\",\"name\":\"Ulrico\",\"image\":{\"@type\":\"ImageObject\",\"inLanguage\":\"fr-FR\",\"@id\":\"https:\\\/\\\/tonalibus.org\\\/wp-content\\\/uploads\\\/2020\\\/06\\\/uli-pix.jpg\",\"url\":\"https:\\\/\\\/tonalibus.org\\\/wp-content\\\/uploads\\\/2020\\\/06\\\/uli-pix.jpg\",\"contentUrl\":\"https:\\\/\\\/tonalibus.org\\\/wp-content\\\/uploads\\\/2020\\\/06\\\/uli-pix.jpg\",\"width\":960,\"height\":720,\"caption\":\"Ulrico\"},\"logo\":{\"@id\":\"https:\\\/\\\/tonalibus.org\\\/wp-content\\\/uploads\\\/2020\\\/06\\\/uli-pix.jpg\"},\"sameAs\":[\"https:\\\/\\\/tonalibus.cyon.site\"]}]}<\/script>\n<!-- \/ Yoast SEO plugin. -->","yoast_head_json":{"title":"Omnibus Posts - TONALIBUS, Anchored Harmony and Tonalities","description":"Postes Omnibus - Cette page web Tonalibus pr\u00e9sente une liste de postes de blog Spiritualibus de la cat\u00e9gorie \"Omnibus\", c'est-\u00e0-dire des postes de premier plan.","robots":{"index":"index","follow":"follow","max-snippet":"max-snippet:-1","max-image-preview":"max-image-preview:large","max-video-preview":"max-video-preview:-1"},"canonical":"https:\/\/tonalibus.org\/fr\/spiritualibus-blog\/omnibus-posts\/","og_locale":"fr_FR","og_type":"article","og_title":"Omnibus Posts &#8211; TONALIBUS, Anchored Harmony and Tonalities","og_description":"Omnibus Posts \u2013 This Tonalibus webpage features a list of Spiritualibus blog posts that are of the category \"Omnibus\", i.e. highlight posts.","og_url":"https:\/\/tonalibus.org\/fr\/spiritualibus-blog\/omnibus-posts\/","og_site_name":"TONALIBUS","article_modified_time":"2023-11-10T10:19:00+00:00","og_image":[{"url":"https:\/\/tonalibus.org\/wp-content\/uploads\/2020\/12\/IMG_3085-cxv-1024x293.jpg","type":"","width":"","height":""}],"twitter_card":"summary_large_image","twitter_misc":{"Dur\u00e9e de lecture estim\u00e9e":"1 minute"},"schema":{"@context":"https:\/\/schema.org","@graph":[{"@type":"WebPage","@id":"https:\/\/tonalibus.org\/spiritualibus-blog\/omnibus-posts\/","url":"https:\/\/tonalibus.org\/spiritualibus-blog\/omnibus-posts\/","name":"Omnibus Posts - TONALIBUS, Anchored Harmony and Tonalities","isPartOf":{"@id":"https:\/\/tonalibus.org\/de\/#website"},"primaryImageOfPage":{"@id":"https:\/\/tonalibus.org\/spiritualibus-blog\/omnibus-posts\/#primaryimage"},"image":{"@id":"https:\/\/tonalibus.org\/spiritualibus-blog\/omnibus-posts\/#primaryimage"},"thumbnailUrl":"https:\/\/tonalibus.org\/wp-content\/uploads\/2020\/12\/IMG_3085-cxv-1024x293.jpg","datePublished":"2021-06-15T10:08:22+00:00","dateModified":"2023-11-10T10:19:00+00:00","description":"Postes Omnibus - Cette page web Tonalibus pr\u00e9sente une liste de postes de blog Spiritualibus de la cat\u00e9gorie \"Omnibus\", c'est-\u00e0-dire des postes de premier plan.","breadcrumb":{"@id":"https:\/\/tonalibus.org\/spiritualibus-blog\/omnibus-posts\/#breadcrumb"},"inLanguage":"fr-FR","potentialAction":[{"@type":"ReadAction","target":["https:\/\/tonalibus.org\/spiritualibus-blog\/omnibus-posts\/"]}]},{"@type":"ImageObject","inLanguage":"fr-FR","@id":"https:\/\/tonalibus.org\/spiritualibus-blog\/omnibus-posts\/#primaryimage","url":"https:\/\/tonalibus.org\/wp-content\/uploads\/2020\/12\/IMG_3085-cxv-1024x293.jpg","contentUrl":"https:\/\/tonalibus.org\/wp-content\/uploads\/2020\/12\/IMG_3085-cxv-1024x293.jpg"},{"@type":"BreadcrumbList","@id":"https:\/\/tonalibus.org\/spiritualibus-blog\/omnibus-posts\/#breadcrumb","itemListElement":[{"@type":"ListItem","position":1,"name":"Home","item":"https:\/\/tonalibus.org\/"},{"@type":"ListItem","position":2,"name":"Spiritualibus Blog","item":"https:\/\/tonalibus.org\/spiritualibus-blog\/"},{"@type":"ListItem","position":3,"name":"Omnibus Posts"}]},{"@type":"WebSite","@id":"https:\/\/tonalibus.org\/de\/#website","url":"https:\/\/tonalibus.org\/de\/","name":"TONALIBUS","description":"Harmonie et tonalit\u00e9s ancr\u00e9es","publisher":{"@id":"https:\/\/tonalibus.org\/de\/#\/schema\/person\/749261d7bc96d1f00127273f83ab96a4"},"potentialAction":[{"@type":"SearchAction","target":{"@type":"EntryPoint","urlTemplate":"https:\/\/tonalibus.org\/de\/?s={search_term_string}"},"query-input":{"@type":"PropertyValueSpecification","valueRequired":true,"valueName":"search_term_string"}}],"inLanguage":"fr-FR"},{"@type":["Person","Organization"],"@id":"https:\/\/tonalibus.org\/de\/#\/schema\/person\/749261d7bc96d1f00127273f83ab96a4","name":"Ulrico","image":{"@type":"ImageObject","inLanguage":"fr-FR","@id":"https:\/\/tonalibus.org\/wp-content\/uploads\/2020\/06\/uli-pix.jpg","url":"https:\/\/tonalibus.org\/wp-content\/uploads\/2020\/06\/uli-pix.jpg","contentUrl":"https:\/\/tonalibus.org\/wp-content\/uploads\/2020\/06\/uli-pix.jpg","width":960,"height":720,"caption":"Ulrico"},"logo":{"@id":"https:\/\/tonalibus.org\/wp-content\/uploads\/2020\/06\/uli-pix.jpg"},"sameAs":["https:\/\/tonalibus.cyon.site"]}]}},"_links":{"self":[{"href":"https:\/\/tonalibus.org\/fr\/wp-json\/wp\/v2\/pages\/11901","targetHints":{"allow":["GET"]}}],"collection":[{"href":"https:\/\/tonalibus.org\/fr\/wp-json\/wp\/v2\/pages"}],"about":[{"href":"https:\/\/tonalibus.org\/fr\/wp-json\/wp\/v2\/types\/page"}],"author":[{"embeddable":true,"href":"https:\/\/tonalibus.org\/fr\/wp-json\/wp\/v2\/users\/1"}],"replies":[{"embeddable":true,"href":"https:\/\/tonalibus.org\/fr\/wp-json\/wp\/v2\/comments?post=11901"}],"version-history":[{"count":0,"href":"https:\/\/tonalibus.org\/fr\/wp-json\/wp\/v2\/pages\/11901\/revisions"}],"up":[{"embeddable":true,"href":"https:\/\/tonalibus.org\/fr\/wp-json\/wp\/v2\/pages\/3857"}],"wp:attachment":[{"href":"https:\/\/tonalibus.org\/fr\/wp-json\/wp\/v2\/media?parent=11901"}],"curies":[{"name":"wp","href":"https:\/\/api.w.org\/{rel}","templated":true}]}}