{"id":1283,"date":"2020-06-24T23:28:38","date_gmt":"2020-06-24T21:28:38","guid":{"rendered":"https:\/\/tonalibus.org\/?page_id=1283"},"modified":"2025-12-16T14:20:59","modified_gmt":"2025-12-16T13:20:59","slug":"highlight-pivots","status":"publish","type":"page","link":"https:\/\/tonalibus.org\/fr\/harmony\/highlight-pivots\/","title":{"rendered":"Pivots harmoniques"},"content":{"rendered":"<div class=\"wp-block-buttons is-horizontal is-content-justification-center is-layout-flex wp-container-core-buttons-is-layout-499968f5 wp-block-buttons-is-layout-flex\">\n<div class=\"wp-block-button is-style-outline is-style-outline--1\"><a class=\"wp-block-button__link wp-element-button\" href=\"#visual\"><em>Les pivots harmoniques<\/em> \u2014<br>une repr\u00e9sentation des bases visuelles de l'harmonie<\/a><\/div>\n<\/div>\n\n\n\n<div style=\"height:48px\" aria-hidden=\"true\" class=\"wp-block-spacer\"><\/div>\n\n\n\n<p class=\"has-text-color has-link-color wp-elements-9933e91656cd1f4dee1edc09ff45b556\" style=\"color:#f7b320\">Nous pouvons r\u00e9aliser des pivots harmoniques, comme d\u00e9montr\u00e9 dans <a href=\"https:\/\/tonalibus.org\/fr\/fundamentals\/five-course-series\/basics-a\/\"><em><mark style=\"background-color:rgba(0, 0, 0, 0);color:#f7b320\" class=\"has-inline-color\">Le pivot harmonique et des tons d'ancrage<\/mark><\/em><\/a>, le premier module de la <a href=\"https:\/\/tonalibus.org\/fr\/fundamentals\/five-course-series\/\"><mark style=\"background-color:rgba(0, 0, 0, 0);color:#f7b320\" class=\"has-inline-color\">s\u00e9rie de pr\u00e9sentations du cours<\/mark><\/a> <em>Fondements de l'harmonie et des tonalit\u00e9s<\/em>, quand les choses apparaissent ou que nous les voyons en plein alignement. Nous pouvons alors reconna\u00eetre l'harmonie universelle, ou ce que certains appellent le son du silence ou la <a href=\"https:\/\/fr.wikipedia.org\/wiki\/Harmonie_des_sph\u00e8res\" target=\"_blank\" rel=\"noreferrer noopener\"><mark style=\"background-color:rgba(0, 0, 0, 0);color:#f7b320\" class=\"has-inline-color\">musique des sph\u00e8res<\/mark><\/a>, dans des r\u00e9alisations plus ou moins conscientes de nos exp\u00e9riences individuelles et collectives.<\/p>\n\n\n\n<h3 class=\"wp-block-heading has-text-color\" style=\"color:#f7b320\">Pivots harmoniques \u2013 une repr\u00e9sentation visuelle<\/h3>\n\n\n\n<figure id=\"visual\" class=\"wp-block-video\"><video height=\"1080\" style=\"aspect-ratio: 1920 \/ 1080;\" width=\"1920\" controls loop muted poster=\"https:\/\/tonalibus.org\/wp-content\/uploads\/2020\/08\/Pivot-2020-08-14w.jpg\" src=\"https:\/\/tonalibus.org\/wp-content\/uploads\/2020\/08\/Pivot-2020-08.mp4\"><\/video><figcaption class=\"wp-element-caption\"><mark style=\"background-color:rgba(0, 0, 0, 0);color:#f7b320\" class=\"has-inline-color\">Boucle (loop) vid\u00e9o silencieuse \u2013 une fois d\u00e9marr\u00e9e, elle est diffus\u00e9e jusqu'\u00e0 ce qu'elle soit arr\u00eat\u00e9e ou que vous passez \u00e0 une autre page sur cet onglet. Vous pouvez \u00e9galement vous d\u00e9placer manuellement dans les images vid\u00e9o \u00e0 votre propre rythme en faisant glisser horizontalement le point de contr\u00f4le vid\u00e9o. <\/mark><\/figcaption><\/figure>\n\n\n\n<p><\/p>","protected":false},"excerpt":{"rendered":"<p>Nous pouvons r\u00e9aliser des pivots harmoniques, comme indiqu\u00e9 dans Le pivot harmonique et les tonalit\u00e9s d'ancrage, le premier module de la s\u00e9rie de pr\u00e9sentations du cours Fondamentaux de l'harmonie et de la tonalit\u00e9, lorsque les choses apparaissent ou que nous les voyons en plein alignement. Nous pouvons alors reconna\u00eetre l'harmonie universelle, ou ce que certains appellent le son du silence ou la musique du ... <\/p>\n<p class=\"link-more\"><a href=\"https:\/\/tonalibus.org\/fr\/harmony\/highlight-pivots\/\" class=\"more-link\">Continuer la lecture<span class=\"screen-reader-text\"> de \" Pivots harmoniques \"<\/span><\/a><\/p>","protected":false},"author":1,"featured_media":0,"parent":35638,"menu_order":11,"comment_status":"closed","ping_status":"closed","template":"","meta":{"footnotes":""},"class_list":["post-1283","page","type-page","status-publish","hentry"],"yoast_head":"<!-- This site is optimized with the Yoast SEO plugin v27.5 - https:\/\/yoast.com\/product\/yoast-seo-wordpress\/ -->\n<title>Harmonic Pivots &#8211; TONALIBUS, Anchored Harmony and Tonalities<\/title>\n<meta name=\"description\" content=\"A short visual progression presents a view of &quot;harmonic pivots&quot; from the course presentations series Harmonic and Tonality Fundamentals.\" \/>\n<meta name=\"robots\" content=\"index, follow, max-snippet:-1, max-image-preview:large, max-video-preview:-1\" \/>\n<link rel=\"canonical\" href=\"https:\/\/tonalibus.org\/fr\/harmony\/highlight-pivots\/\" \/>\n<meta property=\"og:locale\" content=\"fr_FR\" \/>\n<meta property=\"og:type\" content=\"article\" \/>\n<meta property=\"og:title\" content=\"Harmonic Pivots &#8211; TONALIBUS, Anchored Harmony and Tonalities\" \/>\n<meta property=\"og:description\" content=\"A short visual progression presents a view of &quot;harmonic pivots&quot; from the course presentations series Harmonic and Tonality Fundamentals.\" \/>\n<meta property=\"og:url\" content=\"https:\/\/tonalibus.org\/fr\/harmony\/highlight-pivots\/\" \/>\n<meta property=\"og:site_name\" content=\"TONALIBUS\" \/>\n<meta property=\"article:modified_time\" content=\"2025-12-16T13:20:59+00:00\" \/>\n<meta name=\"twitter:card\" content=\"summary_large_image\" \/>\n<meta name=\"twitter:label1\" content=\"Dur\u00e9e de lecture estim\u00e9e\" \/>\n\t<meta name=\"twitter:data1\" content=\"1 minute\" \/>\n<script type=\"application\/ld+json\" class=\"yoast-schema-graph\">{\"@context\":\"https:\\\/\\\/schema.org\",\"@graph\":[{\"@type\":\"WebPage\",\"@id\":\"https:\\\/\\\/tonalibus.org\\\/harmony\\\/highlight-pivots\\\/\",\"url\":\"https:\\\/\\\/tonalibus.org\\\/harmony\\\/highlight-pivots\\\/\",\"name\":\"Harmonic Pivots &#8211; TONALIBUS, Anchored Harmony and Tonalities\",\"isPartOf\":{\"@id\":\"https:\\\/\\\/tonalibus.org\\\/de\\\/#website\"},\"datePublished\":\"2020-06-24T21:28:38+00:00\",\"dateModified\":\"2025-12-16T13:20:59+00:00\",\"description\":\"A short visual progression presents a view of \\\"harmonic pivots\\\" from the course presentations series Harmonic and Tonality Fundamentals.\",\"breadcrumb\":{\"@id\":\"https:\\\/\\\/tonalibus.org\\\/harmony\\\/highlight-pivots\\\/#breadcrumb\"},\"inLanguage\":\"fr-FR\",\"potentialAction\":[{\"@type\":\"ReadAction\",\"target\":[\"https:\\\/\\\/tonalibus.org\\\/harmony\\\/highlight-pivots\\\/\"]}]},{\"@type\":\"BreadcrumbList\",\"@id\":\"https:\\\/\\\/tonalibus.org\\\/harmony\\\/highlight-pivots\\\/#breadcrumb\",\"itemListElement\":[{\"@type\":\"ListItem\",\"position\":1,\"name\":\"Home\",\"item\":\"https:\\\/\\\/tonalibus.org\\\/\"},{\"@type\":\"ListItem\",\"position\":2,\"name\":\"Harmony\",\"item\":\"https:\\\/\\\/tonalibus.org\\\/harmony\\\/\"},{\"@type\":\"ListItem\",\"position\":3,\"name\":\"Harmonic Pivots\"}]},{\"@type\":\"WebSite\",\"@id\":\"https:\\\/\\\/tonalibus.org\\\/de\\\/#website\",\"url\":\"https:\\\/\\\/tonalibus.org\\\/de\\\/\",\"name\":\"TONALIBUS\",\"description\":\"Anchored Harmony and Tonalities\",\"publisher\":{\"@id\":\"https:\\\/\\\/tonalibus.org\\\/de\\\/#\\\/schema\\\/person\\\/749261d7bc96d1f00127273f83ab96a4\"},\"potentialAction\":[{\"@type\":\"SearchAction\",\"target\":{\"@type\":\"EntryPoint\",\"urlTemplate\":\"https:\\\/\\\/tonalibus.org\\\/de\\\/?s={search_term_string}\"},\"query-input\":{\"@type\":\"PropertyValueSpecification\",\"valueRequired\":true,\"valueName\":\"search_term_string\"}}],\"inLanguage\":\"fr-FR\"},{\"@type\":[\"Person\",\"Organization\"],\"@id\":\"https:\\\/\\\/tonalibus.org\\\/de\\\/#\\\/schema\\\/person\\\/749261d7bc96d1f00127273f83ab96a4\",\"name\":\"Ulrico\",\"image\":{\"@type\":\"ImageObject\",\"inLanguage\":\"fr-FR\",\"@id\":\"https:\\\/\\\/tonalibus.org\\\/wp-content\\\/uploads\\\/2020\\\/06\\\/uli-pix.jpg\",\"url\":\"https:\\\/\\\/tonalibus.org\\\/wp-content\\\/uploads\\\/2020\\\/06\\\/uli-pix.jpg\",\"contentUrl\":\"https:\\\/\\\/tonalibus.org\\\/wp-content\\\/uploads\\\/2020\\\/06\\\/uli-pix.jpg\",\"width\":960,\"height\":720,\"caption\":\"Ulrico\"},\"logo\":{\"@id\":\"https:\\\/\\\/tonalibus.org\\\/wp-content\\\/uploads\\\/2020\\\/06\\\/uli-pix.jpg\"},\"sameAs\":[\"https:\\\/\\\/tonalibus.cyon.site\"]}]}<\/script>\n<!-- \/ Yoast SEO plugin. -->","yoast_head_json":{"title":"Pivots harmoniques - TONALIBUS, Harmonie ancr\u00e9e et tonalit\u00e9s","description":"Une courte progression visuelle pr\u00e9sente une vue des \"pivots harmoniques\" \u00e0 partir de la s\u00e9rie de pr\u00e9sentations de cours Fondamentaux de l'harmonie et de la tonalit\u00e9.","robots":{"index":"index","follow":"follow","max-snippet":"max-snippet:-1","max-image-preview":"max-image-preview:large","max-video-preview":"max-video-preview:-1"},"canonical":"https:\/\/tonalibus.org\/fr\/harmony\/highlight-pivots\/","og_locale":"fr_FR","og_type":"article","og_title":"Harmonic Pivots &#8211; TONALIBUS, Anchored Harmony and Tonalities","og_description":"A short visual progression presents a view of \"harmonic pivots\" from the course presentations series Harmonic and Tonality Fundamentals.","og_url":"https:\/\/tonalibus.org\/fr\/harmony\/highlight-pivots\/","og_site_name":"TONALIBUS","article_modified_time":"2025-12-16T13:20:59+00:00","twitter_card":"summary_large_image","twitter_misc":{"Dur\u00e9e de lecture estim\u00e9e":"1 minute"},"schema":{"@context":"https:\/\/schema.org","@graph":[{"@type":"WebPage","@id":"https:\/\/tonalibus.org\/harmony\/highlight-pivots\/","url":"https:\/\/tonalibus.org\/harmony\/highlight-pivots\/","name":"Pivots harmoniques - TONALIBUS, Harmonie ancr\u00e9e et tonalit\u00e9s","isPartOf":{"@id":"https:\/\/tonalibus.org\/de\/#website"},"datePublished":"2020-06-24T21:28:38+00:00","dateModified":"2025-12-16T13:20:59+00:00","description":"Une courte progression visuelle pr\u00e9sente une vue des \"pivots harmoniques\" \u00e0 partir de la s\u00e9rie de pr\u00e9sentations de cours Fondamentaux de l'harmonie et de la tonalit\u00e9.","breadcrumb":{"@id":"https:\/\/tonalibus.org\/harmony\/highlight-pivots\/#breadcrumb"},"inLanguage":"fr-FR","potentialAction":[{"@type":"ReadAction","target":["https:\/\/tonalibus.org\/harmony\/highlight-pivots\/"]}]},{"@type":"BreadcrumbList","@id":"https:\/\/tonalibus.org\/harmony\/highlight-pivots\/#breadcrumb","itemListElement":[{"@type":"ListItem","position":1,"name":"Home","item":"https:\/\/tonalibus.org\/"},{"@type":"ListItem","position":2,"name":"Harmony","item":"https:\/\/tonalibus.org\/harmony\/"},{"@type":"ListItem","position":3,"name":"Harmonic Pivots"}]},{"@type":"WebSite","@id":"https:\/\/tonalibus.org\/de\/#website","url":"https:\/\/tonalibus.org\/de\/","name":"TONALIBUS","description":"Harmonie et tonalit\u00e9s ancr\u00e9es","publisher":{"@id":"https:\/\/tonalibus.org\/de\/#\/schema\/person\/749261d7bc96d1f00127273f83ab96a4"},"potentialAction":[{"@type":"SearchAction","target":{"@type":"EntryPoint","urlTemplate":"https:\/\/tonalibus.org\/de\/?s={search_term_string}"},"query-input":{"@type":"PropertyValueSpecification","valueRequired":true,"valueName":"search_term_string"}}],"inLanguage":"fr-FR"},{"@type":["Person","Organization"],"@id":"https:\/\/tonalibus.org\/de\/#\/schema\/person\/749261d7bc96d1f00127273f83ab96a4","name":"Ulrico","image":{"@type":"ImageObject","inLanguage":"fr-FR","@id":"https:\/\/tonalibus.org\/wp-content\/uploads\/2020\/06\/uli-pix.jpg","url":"https:\/\/tonalibus.org\/wp-content\/uploads\/2020\/06\/uli-pix.jpg","contentUrl":"https:\/\/tonalibus.org\/wp-content\/uploads\/2020\/06\/uli-pix.jpg","width":960,"height":720,"caption":"Ulrico"},"logo":{"@id":"https:\/\/tonalibus.org\/wp-content\/uploads\/2020\/06\/uli-pix.jpg"},"sameAs":["https:\/\/tonalibus.cyon.site"]}]}},"_links":{"self":[{"href":"https:\/\/tonalibus.org\/fr\/wp-json\/wp\/v2\/pages\/1283","targetHints":{"allow":["GET"]}}],"collection":[{"href":"https:\/\/tonalibus.org\/fr\/wp-json\/wp\/v2\/pages"}],"about":[{"href":"https:\/\/tonalibus.org\/fr\/wp-json\/wp\/v2\/types\/page"}],"author":[{"embeddable":true,"href":"https:\/\/tonalibus.org\/fr\/wp-json\/wp\/v2\/users\/1"}],"replies":[{"embeddable":true,"href":"https:\/\/tonalibus.org\/fr\/wp-json\/wp\/v2\/comments?post=1283"}],"version-history":[{"count":1,"href":"https:\/\/tonalibus.org\/fr\/wp-json\/wp\/v2\/pages\/1283\/revisions"}],"predecessor-version":[{"id":37953,"href":"https:\/\/tonalibus.org\/fr\/wp-json\/wp\/v2\/pages\/1283\/revisions\/37953"}],"up":[{"embeddable":true,"href":"https:\/\/tonalibus.org\/fr\/wp-json\/wp\/v2\/pages\/35638"}],"wp:attachment":[{"href":"https:\/\/tonalibus.org\/fr\/wp-json\/wp\/v2\/media?parent=1283"}],"curies":[{"name":"wp","href":"https:\/\/api.w.org\/{rel}","templated":true}]}}