{"id":17276,"date":"2022-02-27T09:47:58","date_gmt":"2022-02-27T08:47:58","guid":{"rendered":"https:\/\/tonalibus.org\/?page_id=17276"},"modified":"2024-09-06T10:16:31","modified_gmt":"2024-09-06T08:16:31","slug":"cooperation-a-album","status":"publish","type":"page","link":"https:\/\/tonalibus.org\/fr\/shop\/cooperation-a-album\/","title":{"rendered":"Cooperation A \u2013 album"},"content":{"rendered":"<p class=\"has-text-color\" style=\"color:#f7b320\">L'album Tonalibus <em>Cooperation A<\/em> est d\u00e9sormais disponible dans le monde entier sur de nombreuses plateformes musicales. Il comporte quatorze improvisations spontan\u00e9es de <a href=\"https:\/\/bewegung-tanz-stimme.ch\/\" target=\"_blank\" rel=\"noreferrer noopener\"><mark style=\"background-color:rgba(0, 0, 0, 0);color:#f7b320\" class=\"has-inline-color\">Christina Braun<\/mark><\/a>, voix, et <a href=\"https:\/\/tonalibus.org\/fr\/about-tonalibus\/ulrico\/\"><mark style=\"background-color:rgba(0, 0, 0, 0);color:#f7b320\" class=\"has-inline-color\">Ulrico<\/mark><\/a> sur divers instruments. Ces pi\u00e8ces repr\u00e9sentent pr\u00e8s d'une heure et quart de musique du monde originale et vari\u00e9e.<\/p>\n\n\n\n<div class=\"wp-block-buttons is-content-justification-center is-layout-flex wp-container-core-buttons-is-layout-16018d1d wp-block-buttons-is-layout-flex\">\n<div class=\"wp-block-button is-style-outline is-style-outline--1\"><a class=\"wp-block-button__link wp-element-button\" href=\"#pforms\">Les plateformes musicales<\/a><\/div>\n\n\n\n<div class=\"wp-block-button is-style-outline is-style-outline--2\"><a class=\"wp-block-button__link wp-element-button\" href=\"#tracks\">Les pistes de l'album<\/a><\/div>\n\n\n\n<div class=\"wp-block-button is-style-outline is-style-outline--3\"><a class=\"wp-block-button__link wp-element-button\" href=\"#cover\">La couverture de l'album<\/a><\/div>\n\n\n\n<div class=\"wp-block-button is-style-outline is-style-outline--4\"><a class=\"wp-block-button__link wp-element-button\" href=\"https:\/\/tonalibus.org\/fr\/shop\/playlists-2\/playlist-coops\/#coopA\">Playlist Cooperation A<\/a><\/div>\n<\/div>\n\n\n\n<div style=\"height:44px\" aria-hidden=\"true\" class=\"wp-block-spacer\"><\/div>\n\n\n\n<p class=\"has-text-color\" id=\"pforms\" style=\"color:#f7b320\">Tonalibus a sorti l'album <em>Cooperation A<\/em> le 22 f\u00e9vrier 2022. Ainsi, cet album est mis \u00e0 disposition sur les plateformes indiqu\u00e9es ci-dessous. Toutefois, certains services musicaux sont limit\u00e9s \u00e0 des r\u00e9gions ou pays particuliers ou peuvent fournir de la musique internationale uniquement sur leur territoire. Les liens propos\u00e9s ci-dessous m\u00e8nent aux sorties disponibles de Tonalibus. Les commentaires associ\u00e9s refl\u00e8tent leur situation en f\u00e9vrier 2022.<\/p>\n\n\n\n<h2 class=\"wp-block-heading\"><mark style=\"background-color:rgba(0, 0, 0, 0);color:#f7b320\" class=\"has-inline-color\">Les plateformes de distribution musicale utilis\u00e9es<\/mark><\/h2>\n\n\n\n<ul class=\"wp-block-list\">\n<li><a href=\"https:\/\/open.spotify.com\/artist\/3JiD2vdPrQKW5cQ1kzVUfR?si=lxVEt0QvSbGfaokgnVPlhw&amp;dl_branch=1\" target=\"_blank\" rel=\"noreferrer noopener\"><mark style=\"background-color:rgba(0, 0, 0, 0);color:#f7b320\" class=\"has-inline-color\">Spotify<\/mark><\/a><mark style=\"background-color:rgba(0, 0, 0, 0);color:#f7b320\" class=\"has-inline-color\"> \u2013 inscription gratuite pour l'\u00e9coute en ligne, pour paiement sans publicit\u00e9 et t\u00e9l\u00e9charger<\/mark><\/li>\n\n\n\n<li><a href=\"https:\/\/music.youtube.com\/channel\/UCihsJzyNwheaIF6_KHl7iPg?feature=share\" target=\"_blank\" rel=\"noreferrer noopener\"><mark style=\"background-color:rgba(0, 0, 0, 0);color:#f7b320\" class=\"has-inline-color\">YouTube Music<\/mark><\/a><mark style=\"background-color:rgba(0, 0, 0, 0);color:#f7b320\" class=\"has-inline-color\"> \u2013 inscription gratuite pour l'\u00e9coute en ligne, pour paiement sans publicit\u00e9<\/mark><\/li>\n\n\n\n<li><a href=\"https:\/\/music.apple.com\/us\/artist\/ulrico\/1572759764\" target=\"_blank\" rel=\"noreferrer noopener\"><mark style=\"background-color:rgba(0, 0, 0, 0);color:#f7b320\" class=\"has-inline-color\"><\/mark><mark style=\"background-color:rgba(0, 0, 0, 0);color:#f7b320\" class=\"has-inline-color\"><\/mark><\/a><a href=\"https:\/\/www.amazon.com\/s?k=Ulrico&amp;i=digital-music&amp;search-type=ss&amp;ref=ntt_srch_drd_B097D6BL1S\" target=\"_blank\" rel=\"noreferrer noopener\"><mark style=\"background-color:rgba(0, 0, 0, 0);color:#f7b320\" class=\"has-inline-color\"><\/mark><\/a><a href=\"https:\/\/www.deezer.com\/en\/artist\/136505382\" target=\"_blank\" rel=\"noreferrer noopener\"><mark style=\"background-color:rgba(0, 0, 0, 0);color:#f7b320\" class=\"has-inline-color\">Deezer<\/mark><\/a><mark style=\"background-color:rgba(0, 0, 0, 0);color:#f7b320\" class=\"has-inline-color\"> \u2013 inscription gratuite pour l'\u00e9coute en ligne, pour paiement sans publicit\u00e9 et t\u00e9l\u00e9charger<\/mark><\/li>\n\n\n\n<li><a href=\"https:\/\/music.apple.com\/us\/artist\/ulrico\/1572759764\" target=\"_blank\" rel=\"noreferrer noopener\"><mark style=\"background-color:rgba(0, 0, 0, 0);color:#f7b320\" class=\"has-inline-color\">Apple Music \/ iTunes<\/mark><\/a><mark style=\"background-color:rgba(0, 0, 0, 0);color:#f7b320\" class=\"has-inline-color\"> \u2013 des \u00e9chantillons sonores de 90 secondes, pour paiement \u00e9coute en ligne ou \u00e0 t\u00e9l\u00e9charger<\/mark><\/li>\n\n\n\n<li><a href=\"https:\/\/www.amazon.com\/s?k=tonalibus+music\" target=\"_blank\" rel=\"noreferrer noopener\"><mark style=\"background-color:rgba(0, 0, 0, 0);color:#f7b320\" class=\"has-inline-color\">Amazon<\/mark><\/a><mark style=\"background-color:rgba(0, 0, 0, 0);color:#f7b320\" class=\"has-inline-color\"> \u2013 pour paiement \u00e9coute en ligne et t\u00e9l\u00e9charger<\/mark><\/li>\n\n\n\n<li><a href=\"https:\/\/listen.tidal.com\/artist\/26118548\" target=\"_blank\" rel=\"noreferrer noopener\"><mark style=\"background-color:rgba(0, 0, 0, 0);color:#f7b320\" class=\"has-inline-color\">Tidal<\/mark><\/a><mark style=\"background-color:rgba(0, 0, 0, 0);color:#f7b320\" class=\"has-inline-color\"> \u2013 \u00e9chantillons sonores de 30 secondes limit\u00e9s, plus avec inscription, HiFi<\/mark><\/li>\n\n\n\n<li><a href=\"https:\/\/www.kkbox.com\/sg\/sc\/artist\/HFnzgcp4zhE1k0F01oKRF08L-index-1.html\" target=\"_blank\" rel=\"noreferrer noopener\"><mark style=\"background-color:rgba(0, 0, 0, 0);color:#f7b320\" class=\"has-inline-color\">KKBox<\/mark><\/a><mark style=\"background-color:rgba(0, 0, 0, 0);color:#f7b320\" class=\"has-inline-color\"> \u2013 \u00c9chantillons sonores de 30 secondes, plus avec l'inscription<\/mark><\/li>\n\n\n\n<li><a href=\"https:\/\/music.163.com\/#\/album?id=130158288\" target=\"_blank\" rel=\"noreferrer noopener\"><mark style=\"background-color:rgba(0, 0, 0, 0);color:#f7b320\" class=\"has-inline-color\">NetEase<\/mark><\/a>, <a href=\"https:\/\/y.qq.com\/n\/ryqq\/singer\/003m5rJP3c7eLM\" target=\"_blank\" rel=\"noreferrer noopener\"><mark style=\"background-color:rgba(0, 0, 0, 0);color:#f7b320\" class=\"has-inline-color\">QQ Music<\/mark><\/a><mark style=\"background-color:rgba(0, 0, 0, 0);color:#f7b320\" class=\"has-inline-color\"> \/ Tencent, et <\/mark><a href=\"https:\/\/music.yandex.com\/artist\/12238825\" target=\"_blank\" rel=\"noreferrer noopener\"><mark style=\"background-color:rgba(0, 0, 0, 0);color:#f7b320\" class=\"has-inline-color\">Yandex Music<\/mark><\/a><mark style=\"background-color:rgba(0, 0, 0, 0);color:#f7b320\" class=\"has-inline-color\"> \u2013 l'inscription est requise<\/mark><\/li>\n\n\n\n<li><mark style=\"background-color:rgba(0, 0, 0, 0);color:#f7b320\" class=\"has-inline-color\">En plus : Anghami, Boomplay, Instagram \/ Facebook, iHeartRadio, ClaroMusica, Joox, Qobuz, Pandora, Saavn, TikTok \/ Resso, Triller, Soundtrack by Twitch, MediaNet, ainsi que des fournisseurs plus petits<\/mark><\/li>\n<\/ul>\n\n\n\n<h2 class=\"wp-block-heading\" id=\"tracks\"><mark style=\"background-color:rgba(0, 0, 0, 0);color:#f7b320\" class=\"has-inline-color\"><em>Cooperation A<\/em> \u2013 les pistes de l'album<\/mark><\/h2>\n\n\n\n<ol class=\"wp-block-list\">\n<li><mark style=\"background-color:rgba(0, 0, 0, 0);color:#f7b320\" class=\"has-inline-color\">Tale of Words and Sounds \u2013 2:32 \u2013 voix et guitare \u00e0 8 cordes<\/mark><\/li>\n\n\n\n<li><mark style=\"background-color:rgba(0, 0, 0, 0);color:#f7b320\" class=\"has-inline-color\">Whiff of Wings \u2013 3:13 \u2013 voix et fujara<\/mark><\/li>\n\n\n\n<li><mark style=\"background-color:rgba(0, 0, 0, 0);color:#f7b320\" class=\"has-inline-color\">Blue Wrap Rap \u2013 2:50 \u2013 voix et basse \u2013 PentaMin \/ Penta\u00c9ol<\/mark><\/li>\n\n\n\n<li><mark style=\"background-color:rgba(0, 0, 0, 0);color:#f7b320\" class=\"has-inline-color\">Stroll along Soul's River Bank \u2013 8:53 \u2013 voix ; cymbales, bols, crotales et gongs<\/mark><\/li>\n\n\n\n<li><mark style=\"background-color:rgba(0, 0, 0, 0);color:#f7b320\" class=\"has-inline-color\">Reach et Mix, Carried by the Wind \u2013 6:30 \u2013 voix et guitare \u00e0 8 cordes \u2013 ReachMix<\/mark><\/li>\n\n\n\n<li><mark style=\"background-color:rgba(0, 0, 0, 0);color:#f7b320\" class=\"has-inline-color\">Roots Reaching for Heaven \u2013 5:54 \u2013 voix et guitare \u00e0 8 cordes \u2013 HexaProMix<\/mark><\/li>\n\n\n\n<li><mark style=\"background-color:rgba(0, 0, 0, 0);color:#f7b320\" class=\"has-inline-color\">Wild Thing \u2013 3:48 \u2013 voix et guitare \u00e0 8 cordes \u2013 ReachUp (mineur Gypsy)<\/mark><\/li>\n\n\n\n<li><mark style=\"background-color:rgba(0, 0, 0, 0);color:#f7b320\" class=\"has-inline-color\">Christina's Theme, a work in progress \u2013 8:49 \u2013 voix ; guitare 6 et 8 cordes \u2013 \u00c9olien<\/mark><\/li>\n\n\n\n<li><mark style=\"background-color:rgba(0, 0, 0, 0);color:#f7b320\" class=\"has-inline-color\">Go Be \u2013 6:34 \u2013 voix ; grand gong et crotales<\/mark><\/li>\n\n\n\n<li><mark style=\"background-color:rgba(0, 0, 0, 0);color:#f7b320\" class=\"has-inline-color\">Gentle Echoes of a Wild Thing \u2013 6:59 \u2013 voix et guitare \u00e0 8 cordes<\/mark><\/li>\n\n\n\n<li><mark style=\"background-color:rgba(0, 0, 0, 0);color:#f7b320\" class=\"has-inline-color\">Christina's Theme \u2013 5:57 \u2013 voix et guitare \u00e0 6 cordes \u2013 \u00c9olien (mineur naturel)<\/mark><\/li>\n\n\n\n<li><mark style=\"background-color:rgba(0, 0, 0, 0);color:#f7b320\" class=\"has-inline-color\">Cheerful Hey, Hey! \u2013 une danse joyeuse \u2013 5:18 \u2013 voix et guitare \u00e0 8 cordes \u2013 Mixolydien<\/mark><\/li>\n\n\n\n<li><mark style=\"background-color:rgba(0, 0, 0, 0);color:#f7b320\" class=\"has-inline-color\">Heart in Misty Forest \u2013 3:30 \u2013 voix ; fujara, gong, et crotales<\/mark><\/li>\n\n\n\n<li><mark style=\"background-color:rgba(0, 0, 0, 0);color:#f7b320\" class=\"has-inline-color\">Starry Sky \u2013 3:49 \u2013 voix ; cymbales n\u00e9palaises et tib\u00e9taines (tingsha), crotales<\/mark><\/li>\n<\/ol>\n\n\n\n<p class=\"has-text-color\" style=\"color:#f7b320\">Ces pistes sont une s\u00e9lection des improvisations spontan\u00e9es disponibles sous <a href=\"https:\/\/tonalibus.org\/fr\/sounds\/cooperation-2020-2021\/\"><mark style=\"background-color:rgba(0, 0, 0, 0);color:#f7b320\" class=\"has-inline-color\">Sons \/ Coop\u00e9ration 2020-2021<\/mark><\/a>. Il s'agit de cr\u00e9ations de coop\u00e9ration libre de Christina Braun et Ulrico enregistr\u00e9es entre juillet 2020 et f\u00e9vrier 2022, principalement en 2021.<\/p>\n\n\n\n<h2 class=\"wp-block-heading\"><mark style=\"background-color:rgba(0, 0, 0, 0);color:#f7b320\" class=\"has-inline-color\"><em>Cooperation A<\/em> \u2013 la couverture de l'album<\/mark><\/h2>\n\n\n\n<div style=\"height:16px\" aria-hidden=\"true\" id=\"cover\" class=\"wp-block-spacer cover\"><\/div>\n\n\n<div class=\"wp-block-image\">\n<figure class=\"aligncenter size-full is-resized\"><img loading=\"lazy\" decoding=\"async\" width=\"479\" height=\"479\" src=\"https:\/\/tonalibus.org\/wp-content\/uploads\/2022\/01\/IMG_3194-v-square.jpg\" alt=\"Tonalibus Cooperation A \u2013 Album\" class=\"wp-image-16398\" style=\"width:479px;height:479px\" srcset=\"https:\/\/tonalibus.org\/wp-content\/uploads\/2022\/01\/IMG_3194-v-square.jpg 479w, https:\/\/tonalibus.org\/wp-content\/uploads\/2022\/01\/IMG_3194-v-square-300x300.jpg 300w, https:\/\/tonalibus.org\/wp-content\/uploads\/2022\/01\/IMG_3194-v-square-150x150.jpg 150w, https:\/\/tonalibus.org\/wp-content\/uploads\/2022\/01\/IMG_3194-v-square-12x12.jpg 12w, https:\/\/tonalibus.org\/wp-content\/uploads\/2022\/01\/IMG_3194-v-square-100x100.jpg 100w\" sizes=\"auto, (max-width: 479px) 100vw, 479px\" \/><figcaption class=\"wp-element-caption\">Pont historique en pierre sur la rivi\u00e8re Areuse \u2013 gorges de l'Areuse, Suisse<\/figcaption><\/figure>\n<\/div>","protected":false},"excerpt":{"rendered":"<p>L'album Cooperation A de Tonalibus est d\u00e9sormais disponible dans le monde entier sur de nombreuses plateformes musicales. Il comprend quatorze improvisations spontan\u00e9es de Christina Braun, voix, et Ulrico sur divers instruments. Ces pi\u00e8ces couvrent pr\u00e8s d'une heure et quart de musique du monde originale et diversifi\u00e9e. Tonalibus a publi\u00e9 l'album Cooperation A le 22 f\u00e9vrier 2022. Ainsi, cet album ... <\/p>\n<p class=\"link-more\"><a href=\"https:\/\/tonalibus.org\/fr\/shop\/cooperation-a-album\/\" class=\"more-link\">Continuer la lecture<span class=\"screen-reader-text\"> de \" Coop\u00e9ration A - Album \"<\/span><\/a><\/p>","protected":false},"author":1,"featured_media":0,"parent":490,"menu_order":42,"comment_status":"closed","ping_status":"closed","template":"","meta":{"footnotes":""},"class_list":["post-17276","page","type-page","status-publish","hentry"],"yoast_head":"<!-- This site is optimized with the Yoast SEO plugin v27.6 - https:\/\/yoast.com\/product\/yoast-seo-wordpress\/ -->\n<title>Cooperation A \u2013 Album &#8211; TONALIBUS Harmony and Tonalities<\/title>\n<meta name=\"description\" content=\"The Tonalibus album &quot;Cooperation A&quot; is now available globally on many music platforms. It features fourteen spontaneous improvisations.\" \/>\n<meta name=\"robots\" content=\"index, follow, max-snippet:-1, max-image-preview:large, max-video-preview:-1\" \/>\n<link rel=\"canonical\" href=\"https:\/\/tonalibus.org\/fr\/shop\/cooperation-a-album\/\" \/>\n<meta property=\"og:locale\" content=\"fr_FR\" \/>\n<meta property=\"og:type\" content=\"article\" \/>\n<meta property=\"og:title\" content=\"Cooperation A \u2013 Album &#8211; TONALIBUS Harmony and Tonalities\" \/>\n<meta property=\"og:description\" content=\"The Tonalibus album &quot;Cooperation A&quot; is now available globally on many music platforms. It features fourteen spontaneous improvisations.\" \/>\n<meta property=\"og:url\" content=\"https:\/\/tonalibus.org\/fr\/shop\/cooperation-a-album\/\" \/>\n<meta property=\"og:site_name\" content=\"TONALIBUS\" \/>\n<meta property=\"article:modified_time\" content=\"2024-09-06T08:16:31+00:00\" \/>\n<meta property=\"og:image\" content=\"https:\/\/tonalibus.org\/wp-content\/uploads\/2022\/01\/IMG_3194-v-square.jpg\" \/>\n<meta name=\"twitter:card\" content=\"summary_large_image\" \/>\n<meta name=\"twitter:label1\" content=\"Dur\u00e9e de lecture estim\u00e9e\" \/>\n\t<meta name=\"twitter:data1\" content=\"3 minutes\" \/>\n<script type=\"application\/ld+json\" class=\"yoast-schema-graph\">{\"@context\":\"https:\\\/\\\/schema.org\",\"@graph\":[{\"@type\":\"WebPage\",\"@id\":\"https:\\\/\\\/tonalibus.org\\\/shop\\\/cooperation-a-album\\\/\",\"url\":\"https:\\\/\\\/tonalibus.org\\\/shop\\\/cooperation-a-album\\\/\",\"name\":\"Cooperation A \u2013 Album &#8211; TONALIBUS Harmony and Tonalities\",\"isPartOf\":{\"@id\":\"https:\\\/\\\/tonalibus.org\\\/de\\\/#website\"},\"primaryImageOfPage\":{\"@id\":\"https:\\\/\\\/tonalibus.org\\\/shop\\\/cooperation-a-album\\\/#primaryimage\"},\"image\":{\"@id\":\"https:\\\/\\\/tonalibus.org\\\/shop\\\/cooperation-a-album\\\/#primaryimage\"},\"thumbnailUrl\":\"https:\\\/\\\/tonalibus.org\\\/wp-content\\\/uploads\\\/2022\\\/01\\\/IMG_3194-v-square.jpg\",\"datePublished\":\"2022-02-27T08:47:58+00:00\",\"dateModified\":\"2024-09-06T08:16:31+00:00\",\"description\":\"The Tonalibus album \\\"Cooperation A\\\" is now available globally on many music platforms. It features fourteen spontaneous improvisations.\",\"breadcrumb\":{\"@id\":\"https:\\\/\\\/tonalibus.org\\\/shop\\\/cooperation-a-album\\\/#breadcrumb\"},\"inLanguage\":\"fr-FR\",\"potentialAction\":[{\"@type\":\"ReadAction\",\"target\":[\"https:\\\/\\\/tonalibus.org\\\/shop\\\/cooperation-a-album\\\/\"]}]},{\"@type\":\"ImageObject\",\"inLanguage\":\"fr-FR\",\"@id\":\"https:\\\/\\\/tonalibus.org\\\/shop\\\/cooperation-a-album\\\/#primaryimage\",\"url\":\"https:\\\/\\\/tonalibus.org\\\/wp-content\\\/uploads\\\/2022\\\/01\\\/IMG_3194-v-square.jpg\",\"contentUrl\":\"https:\\\/\\\/tonalibus.org\\\/wp-content\\\/uploads\\\/2022\\\/01\\\/IMG_3194-v-square.jpg\"},{\"@type\":\"BreadcrumbList\",\"@id\":\"https:\\\/\\\/tonalibus.org\\\/shop\\\/cooperation-a-album\\\/#breadcrumb\",\"itemListElement\":[{\"@type\":\"ListItem\",\"position\":1,\"name\":\"Home\",\"item\":\"https:\\\/\\\/tonalibus.org\\\/\"},{\"@type\":\"ListItem\",\"position\":2,\"name\":\"Fidibus Shop\",\"item\":\"https:\\\/\\\/tonalibus.org\\\/shop\\\/\"},{\"@type\":\"ListItem\",\"position\":3,\"name\":\"Cooperation A \u2013 Album\"}]},{\"@type\":\"WebSite\",\"@id\":\"https:\\\/\\\/tonalibus.org\\\/de\\\/#website\",\"url\":\"https:\\\/\\\/tonalibus.org\\\/de\\\/\",\"name\":\"TONALIBUS\",\"description\":\"Anchored Harmony and Tonalities\",\"publisher\":{\"@id\":\"https:\\\/\\\/tonalibus.org\\\/de\\\/#\\\/schema\\\/person\\\/749261d7bc96d1f00127273f83ab96a4\"},\"potentialAction\":[{\"@type\":\"SearchAction\",\"target\":{\"@type\":\"EntryPoint\",\"urlTemplate\":\"https:\\\/\\\/tonalibus.org\\\/de\\\/?s={search_term_string}\"},\"query-input\":{\"@type\":\"PropertyValueSpecification\",\"valueRequired\":true,\"valueName\":\"search_term_string\"}}],\"inLanguage\":\"fr-FR\"},{\"@type\":[\"Person\",\"Organization\"],\"@id\":\"https:\\\/\\\/tonalibus.org\\\/de\\\/#\\\/schema\\\/person\\\/749261d7bc96d1f00127273f83ab96a4\",\"name\":\"Ulrico\",\"image\":{\"@type\":\"ImageObject\",\"inLanguage\":\"fr-FR\",\"@id\":\"https:\\\/\\\/tonalibus.org\\\/wp-content\\\/uploads\\\/2020\\\/06\\\/uli-pix.jpg\",\"url\":\"https:\\\/\\\/tonalibus.org\\\/wp-content\\\/uploads\\\/2020\\\/06\\\/uli-pix.jpg\",\"contentUrl\":\"https:\\\/\\\/tonalibus.org\\\/wp-content\\\/uploads\\\/2020\\\/06\\\/uli-pix.jpg\",\"width\":960,\"height\":720,\"caption\":\"Ulrico\"},\"logo\":{\"@id\":\"https:\\\/\\\/tonalibus.org\\\/wp-content\\\/uploads\\\/2020\\\/06\\\/uli-pix.jpg\"},\"sameAs\":[\"https:\\\/\\\/tonalibus.cyon.site\"]}]}<\/script>\n<!-- \/ Yoast SEO plugin. -->","yoast_head_json":{"title":"Coop\u00e9ration A - Album - TONALIBUS Harmonie et tonalit\u00e9s","description":"L'album \"Cooperation A\" de Tonalibus est d\u00e9sormais disponible dans le monde entier sur de nombreuses plateformes musicales. Il comprend quatorze improvisations spontan\u00e9es.","robots":{"index":"index","follow":"follow","max-snippet":"max-snippet:-1","max-image-preview":"max-image-preview:large","max-video-preview":"max-video-preview:-1"},"canonical":"https:\/\/tonalibus.org\/fr\/shop\/cooperation-a-album\/","og_locale":"fr_FR","og_type":"article","og_title":"Cooperation A \u2013 Album &#8211; TONALIBUS Harmony and Tonalities","og_description":"The Tonalibus album \"Cooperation A\" is now available globally on many music platforms. It features fourteen spontaneous improvisations.","og_url":"https:\/\/tonalibus.org\/fr\/shop\/cooperation-a-album\/","og_site_name":"TONALIBUS","article_modified_time":"2024-09-06T08:16:31+00:00","og_image":[{"url":"https:\/\/tonalibus.org\/wp-content\/uploads\/2022\/01\/IMG_3194-v-square.jpg","type":"","width":"","height":""}],"twitter_card":"summary_large_image","twitter_misc":{"Dur\u00e9e de lecture estim\u00e9e":"3 minutes"},"schema":{"@context":"https:\/\/schema.org","@graph":[{"@type":"WebPage","@id":"https:\/\/tonalibus.org\/shop\/cooperation-a-album\/","url":"https:\/\/tonalibus.org\/shop\/cooperation-a-album\/","name":"Coop\u00e9ration A - Album - TONALIBUS Harmonie et tonalit\u00e9s","isPartOf":{"@id":"https:\/\/tonalibus.org\/de\/#website"},"primaryImageOfPage":{"@id":"https:\/\/tonalibus.org\/shop\/cooperation-a-album\/#primaryimage"},"image":{"@id":"https:\/\/tonalibus.org\/shop\/cooperation-a-album\/#primaryimage"},"thumbnailUrl":"https:\/\/tonalibus.org\/wp-content\/uploads\/2022\/01\/IMG_3194-v-square.jpg","datePublished":"2022-02-27T08:47:58+00:00","dateModified":"2024-09-06T08:16:31+00:00","description":"L'album \"Cooperation A\" de Tonalibus est d\u00e9sormais disponible dans le monde entier sur de nombreuses plateformes musicales. Il comprend quatorze improvisations spontan\u00e9es.","breadcrumb":{"@id":"https:\/\/tonalibus.org\/shop\/cooperation-a-album\/#breadcrumb"},"inLanguage":"fr-FR","potentialAction":[{"@type":"ReadAction","target":["https:\/\/tonalibus.org\/shop\/cooperation-a-album\/"]}]},{"@type":"ImageObject","inLanguage":"fr-FR","@id":"https:\/\/tonalibus.org\/shop\/cooperation-a-album\/#primaryimage","url":"https:\/\/tonalibus.org\/wp-content\/uploads\/2022\/01\/IMG_3194-v-square.jpg","contentUrl":"https:\/\/tonalibus.org\/wp-content\/uploads\/2022\/01\/IMG_3194-v-square.jpg"},{"@type":"BreadcrumbList","@id":"https:\/\/tonalibus.org\/shop\/cooperation-a-album\/#breadcrumb","itemListElement":[{"@type":"ListItem","position":1,"name":"Home","item":"https:\/\/tonalibus.org\/"},{"@type":"ListItem","position":2,"name":"Fidibus Shop","item":"https:\/\/tonalibus.org\/shop\/"},{"@type":"ListItem","position":3,"name":"Cooperation A \u2013 Album"}]},{"@type":"WebSite","@id":"https:\/\/tonalibus.org\/de\/#website","url":"https:\/\/tonalibus.org\/de\/","name":"TONALIBUS","description":"Harmonie et tonalit\u00e9s ancr\u00e9es","publisher":{"@id":"https:\/\/tonalibus.org\/de\/#\/schema\/person\/749261d7bc96d1f00127273f83ab96a4"},"potentialAction":[{"@type":"SearchAction","target":{"@type":"EntryPoint","urlTemplate":"https:\/\/tonalibus.org\/de\/?s={search_term_string}"},"query-input":{"@type":"PropertyValueSpecification","valueRequired":true,"valueName":"search_term_string"}}],"inLanguage":"fr-FR"},{"@type":["Person","Organization"],"@id":"https:\/\/tonalibus.org\/de\/#\/schema\/person\/749261d7bc96d1f00127273f83ab96a4","name":"Ulrico","image":{"@type":"ImageObject","inLanguage":"fr-FR","@id":"https:\/\/tonalibus.org\/wp-content\/uploads\/2020\/06\/uli-pix.jpg","url":"https:\/\/tonalibus.org\/wp-content\/uploads\/2020\/06\/uli-pix.jpg","contentUrl":"https:\/\/tonalibus.org\/wp-content\/uploads\/2020\/06\/uli-pix.jpg","width":960,"height":720,"caption":"Ulrico"},"logo":{"@id":"https:\/\/tonalibus.org\/wp-content\/uploads\/2020\/06\/uli-pix.jpg"},"sameAs":["https:\/\/tonalibus.cyon.site"]}]}},"_links":{"self":[{"href":"https:\/\/tonalibus.org\/fr\/wp-json\/wp\/v2\/pages\/17276","targetHints":{"allow":["GET"]}}],"collection":[{"href":"https:\/\/tonalibus.org\/fr\/wp-json\/wp\/v2\/pages"}],"about":[{"href":"https:\/\/tonalibus.org\/fr\/wp-json\/wp\/v2\/types\/page"}],"author":[{"embeddable":true,"href":"https:\/\/tonalibus.org\/fr\/wp-json\/wp\/v2\/users\/1"}],"replies":[{"embeddable":true,"href":"https:\/\/tonalibus.org\/fr\/wp-json\/wp\/v2\/comments?post=17276"}],"version-history":[{"count":0,"href":"https:\/\/tonalibus.org\/fr\/wp-json\/wp\/v2\/pages\/17276\/revisions"}],"up":[{"embeddable":true,"href":"https:\/\/tonalibus.org\/fr\/wp-json\/wp\/v2\/pages\/490"}],"wp:attachment":[{"href":"https:\/\/tonalibus.org\/fr\/wp-json\/wp\/v2\/media?parent=17276"}],"curies":[{"name":"wp","href":"https:\/\/api.w.org\/{rel}","templated":true}]}}